{"id":484,"date":"2021-03-01T11:35:15","date_gmt":"2021-03-01T04:35:15","guid":{"rendered":"https:\/\/www.tattja.com\/?page_id=484"},"modified":"2025-12-04T09:50:43","modified_gmt":"2025-12-04T08:50:43","slug":"coming-soon","status":"publish","type":"page","link":"https:\/\/www.tattja.com\/cs\/coming-soon\/","title":{"rendered":"Coming Soon"},"content":{"rendered":"<div data-elementor-type=\"wp-page\" data-elementor-id=\"484\" class=\"elementor elementor-484\" data-elementor-post-type=\"page\">\n\t\t\t\t\t\t<section class=\"elementor-section elementor-top-section elementor-element elementor-element-b327d74 elementor-section-height-full elementor-section-stretched elementor-section-boxed elementor-section-height-default elementor-section-items-middle\" data-id=\"b327d74\" data-element_type=\"section\" data-e-type=\"section\" data-settings=\"{&quot;stretch_section&quot;:&quot;section-stretched&quot;,&quot;background_background&quot;:&quot;classic&quot;}\">\n\t\t\t\t\t\t<div class=\"elementor-container elementor-column-gap-default\">\n\t\t\t\t\t<div class=\"elementor-column elementor-col-100 elementor-top-column elementor-element elementor-element-a893118\" data-id=\"a893118\" data-element_type=\"column\" data-e-type=\"column\">\n\t\t\t<div class=\"elementor-widget-wrap elementor-element-populated\">\n\t\t\t\t\t\t<div class=\"elementor-element elementor-element-60b745b elementor-widget elementor-widget-text-editor\" data-id=\"60b745b\" data-element_type=\"widget\" data-e-type=\"widget\" data-widget_type=\"text-editor.default\">\n\t\t\t\t<div class=\"elementor-widget-container\">\n\t\t\t\t\t\t\t\t\t<p><a href=\"https:\/\/www.tattja.com\/cs\/\"><img decoding=\"async\" class=\"size-full wp-image-991 aligncenter\" src=\"https:\/\/www.tattja.com\/wp-content\/uploads\/2021\/04\/logo-white2.png\" alt=\"\" width=\"150\" height=\"40\" \/><\/a><\/p>\t\t\t\t\t\t\t\t<\/div>\n\t\t\t\t<\/div>\n\t\t\t\t<div class=\"elementor-element elementor-element-0c244ca elementor-widget elementor-widget-image\" data-id=\"0c244ca\" data-element_type=\"widget\" data-e-type=\"widget\" data-widget_type=\"image.default\">\n\t\t\t\t<div class=\"elementor-widget-container\">\n\t\t\t\t\t\t\t\t\t\t\t\t<figure class=\"wp-caption\">\n\t\t\t\t\t\t\t\t\t\t<img decoding=\"async\" src=\"https:\/\/www.tattja.com\/wp-content\/uploads\/2025\/10\/tattja-pleteniny-lifestyle-48-scaled.png\" title=\"\" alt=\"Tri \u017eeny v pleten\u00fdch doplnkoch TATTJA z merino vlny v odtie\u0148och \u010dervenej, modrej a kr\u00e9movej\" loading=\"lazy\" \/>\t\t\t\t\t\t\t\t\t\t\t<figcaption class=\"widget-image-caption wp-caption-text\"><\/figcaption>\n\t\t\t\t\t\t\t\t\t\t<\/figure>\n\t\t\t\t\t\t\t\t\t<\/div>\n\t\t\t\t<\/div>\n\t\t\t\t<div class=\"elementor-element elementor-element-e3e7bc4 elementor-widget elementor-widget-ts-countdown\" data-id=\"e3e7bc4\" data-element_type=\"widget\" data-e-type=\"widget\" data-widget_type=\"ts-countdown.default\">\n\t\t\t\t<div class=\"elementor-widget-container\">\n\t\t\t\t\t\t\t<div class=\"ts-countdown text-default text-center\">\n\t\t\t<div class=\"counter-wrapper days-3\">\n\t\t\t\t<div class=\"days\">\n\t\t\t\t\t<div class=\"number-wrapper\">\n\t\t\t\t\t\t<span class=\"number\">546<\/span>\n\t\t\t\t\t<\/div>\n\t\t\t\t\t<div class=\"ref-wrapper\">\n\t\t\t\t\t\tD\t\t\t\t\t<\/div>\n\t\t\t\t<\/div>\n\t\t\t\t\n\t\t\t\t\t\t\t\t<span class=\"dot\">.<\/span>\n\t\t\t\t\t\t\t\t\n\t\t\t\t<div class=\"hours\">\n\t\t\t\t\t<div class=\"number-wrapper\">\n\t\t\t\t\t\t<span class=\"number\">07<\/span>\n\t\t\t\t\t<\/div>\n\t\t\t\t\t<div class=\"ref-wrapper\">\n\t\t\t\t\t\tH\t\t\t\t\t<\/div>\n\t\t\t\t<\/div>\n\t\t\t\t\n\t\t\t\t<span class=\"dot\">.<\/span>\n\t\t\t\t\n\t\t\t\t<div class=\"minutes\">\n\t\t\t\t\t<div class=\"number-wrapper\">\n\t\t\t\t\t\t<span class=\"number\">22<\/span>\n\t\t\t\t\t<\/div>\n\t\t\t\t\t<div class=\"ref-wrapper\">\n\t\t\t\t\t\tM\t\t\t\t\t<\/div>\n\t\t\t\t<\/div>\n\t\t\t\t\n\t\t\t\t<span class=\"dot\">.<\/span>\n\t\t\t\t\n\t\t\t\t<div class=\"seconds\">\n\t\t\t\t\t<div class=\"number-wrapper\">\n\t\t\t\t\t\t<span class=\"number\">37<\/span>\n\t\t\t\t\t<\/div>\n\t\t\t\t\t<div class=\"ref-wrapper\">\n\t\t\t\t\t\tS\t\t\t\t\t<\/div>\n\t\t\t\t<\/div>\n\t\t\t<\/div>\n\t\t<\/div>\n\t\t\t\t\t\t<\/div>\n\t\t\t\t<\/div>\n\t\t\t\t<div class=\"elementor-element elementor-element-906f749 elementor-widget elementor-widget-heading\" data-id=\"906f749\" data-element_type=\"widget\" data-e-type=\"widget\" data-widget_type=\"heading.default\">\n\t\t\t\t<div class=\"elementor-widget-container\">\n\t\t\t\t\t<h2 class=\"elementor-heading-title elementor-size-default\">U\u017e \u010doskoro\n<\/h2>\t\t\t\t<\/div>\n\t\t\t\t<\/div>\n\t\t\t\t<div class=\"elementor-element elementor-element-3f9f7d3 elementor-widget elementor-widget-text-editor\" data-id=\"3f9f7d3\" data-element_type=\"widget\" data-e-type=\"widget\" data-widget_type=\"text-editor.default\">\n\t\t\t\t<div class=\"elementor-widget-container\">\n\t\t\t\t\t\t\t\t\t<p>Opening Soon!<\/p>\t\t\t\t\t\t\t\t<\/div>\n\t\t\t\t<\/div>\n\t\t\t\t<div class=\"elementor-element elementor-element-8c9fea2 elementor-widget elementor-widget-spacer\" data-id=\"8c9fea2\" data-element_type=\"widget\" data-e-type=\"widget\" data-widget_type=\"spacer.default\">\n\t\t\t\t<div class=\"elementor-widget-container\">\n\t\t\t\t\t\t\t<div class=\"elementor-spacer\">\n\t\t\t<div class=\"elementor-spacer-inner\"><\/div>\n\t\t<\/div>\n\t\t\t\t\t\t<\/div>\n\t\t\t\t<\/div>\n\t\t\t\t\t<\/div>\n\t\t<\/div>\n\t\t\t\t\t<\/div>\n\t\t<\/section>\n\t\t<div class=\"elementor-element elementor-element-2736ce2 e-flex e-con-boxed e-con e-parent\" data-id=\"2736ce2\" data-element_type=\"container\" data-e-type=\"container\">\n\t\t\t\t\t<div class=\"e-con-inner\">\n\t\t\t\t<div class=\"elementor-element elementor-element-e5d43f2 elementor-widget elementor-widget-heading\" data-id=\"e5d43f2\" data-element_type=\"widget\" data-e-type=\"widget\" data-widget_type=\"heading.default\">\n\t\t\t\t<div class=\"elementor-widget-container\">\n\t\t\t\t\t<h2 class=\"elementor-heading-title elementor-size-default\">TATTJA - u\u017e \u010doskoro<\/h2>\t\t\t\t<\/div>\n\t\t\t\t<\/div>\n\t\t\t\t<div class=\"elementor-element elementor-element-6997842 elementor-widget elementor-widget-text-editor\" data-id=\"6997842\" data-element_type=\"widget\" data-e-type=\"widget\" data-widget_type=\"text-editor.default\">\n\t\t\t\t<div class=\"elementor-widget-container\">\n\t\t\t\t\t\t\t\t\t<p>Na\u0161a zna\u010dka <strong data-start=\"975\" data-end=\"985\">TATTJA<\/strong> prich\u00e1dza s kolekciou <strong data-start=\"1008\" data-end=\"1054\">pleten\u00fdch doplnkov z kvalitnej merino vlny<\/strong>, ktor\u00e9 sp\u00e1jaj\u00fa <strong data-start=\"1070\" data-end=\"1104\">hrejivos\u0165, variabilitu a luxus<\/strong>.<br data-start=\"1105\" data-end=\"1108\" \/>Priprav sa na \u0161t\u00fdlov\u00e9 k\u00fasky, ktor\u00e9 menia outfit jedin\u00fdm detailom \u2013 n\u00e1kr\u010dn\u00edky, driekovn\u00edky, ruk\u00e1vniky a \u010diapky so \u0161iltom, ktor\u00e9 sa daj\u00fa kombinova\u0165 a\u017e do <strong data-start=\"1260\" data-end=\"1280\">15 r\u00f4znych setov<\/strong>.<\/p>\t\t\t\t\t\t\t\t<\/div>\n\t\t\t\t<\/div>\n\t\t\t\t<div class=\"elementor-element elementor-element-4c7d1f2 elementor-widget elementor-widget-text-editor\" data-id=\"4c7d1f2\" data-element_type=\"widget\" data-e-type=\"widget\" data-widget_type=\"text-editor.default\">\n\t\t\t\t<div class=\"elementor-widget-container\">\n\t\t\t\t\t\t\t\t\t<p>Ka\u017ed\u00fd doplnok TATTJA vznikol s d\u00f4razom na pohodlie, \u017eenskos\u0165 a nad\u010dasov\u00fd dizajn.<br data-start=\"1365\" data-end=\"1368\" \/>Zna\u010dka TATTJA je viac ne\u017e m\u00f3da \u2013 je to pocit sebavedomia, originality a tepla, ktor\u00e9 si m\u00f4\u017ee\u0161 dopria\u0165 ka\u017ed\u00fd de\u0148.<\/p>\t\t\t\t\t\t\t\t<\/div>\n\t\t\t\t<\/div>\n\t\t\t\t<div class=\"elementor-element elementor-element-f8063be elementor-widget elementor-widget-heading\" data-id=\"f8063be\" data-element_type=\"widget\" data-e-type=\"widget\" data-widget_type=\"heading.default\">\n\t\t\t\t<div class=\"elementor-widget-container\">\n\t\t\t\t\t<h2 class=\"elementor-heading-title elementor-size-default\">Pre\u010do sa te\u0161i\u0165 na TATTJA<\/h2>\t\t\t\t<\/div>\n\t\t\t\t<\/div>\n\t\t\t\t<div class=\"elementor-element elementor-element-6c26ef3 elementor-widget elementor-widget-text-editor\" data-id=\"6c26ef3\" data-element_type=\"widget\" data-e-type=\"widget\" data-widget_type=\"text-editor.default\">\n\t\t\t\t<div class=\"elementor-widget-container\">\n\t\t\t\t\t\t\t\t\t<ul data-start=\"1522\" data-end=\"1787\"><li data-start=\"1522\" data-end=\"1575\"><p data-start=\"1524\" data-end=\"1575\">luxusn\u00e9 pleten\u00e9 doplnky z jemnej <strong data-start=\"1557\" data-end=\"1572\">merino vlna<\/strong>,<\/p><\/li><li data-start=\"1576\" data-end=\"1633\"><p data-start=\"1578\" data-end=\"1633\"><strong data-start=\"1578\" data-end=\"1604\">13 origin\u00e1lnych farieb<\/strong> \u2013 pre ka\u017ed\u00fd \u0161t\u00fdl a n\u00e1ladu,<\/p><\/li><li data-start=\"1634\" data-end=\"1692\"><p data-start=\"1636\" data-end=\"1692\">modul\u00e1rne kombin\u00e1cie \u2013 <strong data-start=\"1659\" data-end=\"1689\">dv\u011b st\u011b, t\u0159i sta, \u010dty\u0159i sta<\/strong>,<\/p><\/li><li data-start=\"1693\" data-end=\"1731\"><p data-start=\"1695\" data-end=\"1731\">ru\u010dn\u00e1 kvalita, udr\u017eate\u013en\u00fd pr\u00edstup,<\/p><\/li><li data-start=\"1732\" data-end=\"1787\"><p data-start=\"1734\" data-end=\"1787\"><strong data-start=\"1734\" data-end=\"1754\">slovensk\u00e1 zna\u010dka<\/strong> vytvoren\u00e1 s v\u00e1\u0161\u0148ou pre detail.<\/p><\/li><\/ul>\t\t\t\t\t\t\t\t<\/div>\n\t\t\t\t<\/div>\n\t\t\t\t<div class=\"elementor-element elementor-element-826281a elementor-widget elementor-widget-heading\" data-id=\"826281a\" data-element_type=\"widget\" data-e-type=\"widget\" data-widget_type=\"heading.default\">\n\t\t\t\t<div class=\"elementor-widget-container\">\n\t\t\t\t\t<h2 class=\"elementor-heading-title elementor-size-default\">Zosta\u0148 v kontakte<\/h2>\t\t\t\t<\/div>\n\t\t\t\t<\/div>\n\t\t\t\t<div class=\"elementor-element elementor-element-1f2e18e elementor-widget elementor-widget-text-editor\" data-id=\"1f2e18e\" data-element_type=\"widget\" data-e-type=\"widget\" data-widget_type=\"text-editor.default\">\n\t\t\t\t<div class=\"elementor-widget-container\">\n\t\t\t\t\t\t\t\t\t<p>Zanechaj n\u00e1m svoj e-mail a bu\u010f medzi prv\u00fdmi, ktor\u00ed sa dozvedia o spusten\u00ed e-shopu, \u0161peci\u00e1lnych akci\u00e1ch a o tom, ako kombinova\u0165 doplnky TATTJA do svojho \u0161t\u00fdlu.<br data-start=\"1981\" data-end=\"1984\" \/>\ud83d\udc49 <em data-start=\"1987\" data-end=\"2064\">Zaregistruj sa na odber noviniek a nechaj sa in\u0161pirova\u0165 hrejivos\u0165ou TATTJA.<\/em><\/p>\t\t\t\t\t\t\t\t<\/div>\n\t\t\t\t<\/div>\n\t\t\t\t<div class=\"elementor-element elementor-element-ee3a7f3 elementor-widget elementor-widget-heading\" data-id=\"ee3a7f3\" data-element_type=\"widget\" data-e-type=\"widget\" data-widget_type=\"heading.default\">\n\t\t\t\t<div class=\"elementor-widget-container\">\n\t\t\t\t\t<h2 class=\"elementor-heading-title elementor-size-default\">TATTJA \u2013 hrejivos\u0165, variabilita, luxus<\/h2>\t\t\t\t<\/div>\n\t\t\t\t<\/div>\n\t\t\t\t<div class=\"elementor-element elementor-element-df92b57 elementor-widget elementor-widget-text-editor\" data-id=\"df92b57\" data-element_type=\"widget\" data-e-type=\"widget\" data-widget_type=\"text-editor.default\">\n\t\t\t\t<div class=\"elementor-widget-container\">\n\t\t\t\t\t\t\t\t\t<p data-start=\"2121\" data-end=\"2309\">Ka\u017ed\u00fd k\u00fasok, ktor\u00fd pripravujeme, m\u00e1 svoj pr\u00edbeh \u2013 tkan\u00fd z farieb, pocitov a detailov.<br data-start=\"2206\" data-end=\"2209\" \/>U\u017e \u010doskoro otvor\u00edme dvere do sveta, kde <strong data-start=\"2249\" data-end=\"2309\">doplnok nie je len s\u00fa\u010das\u0165 outfitu, ale prejav osobnosti.<\/strong><\/p>\t\t\t\t\t\t\t\t<\/div>\n\t\t\t\t<\/div>\n\t\t\t\t\t<\/div>\n\t\t\t\t<\/div>\n\t\t\t\t<\/div>","protected":false},"excerpt":{"rendered":"<p>724 D . 03 H . 22 M . 49 S U\u017e \u010doskoro Opening Soon! TATTJA &#8211; u\u017e \u010doskoro Na\u0161a zna\u010dka TATTJA prich\u00e1dza s kolekciou pleten\u00fdch doplnkov z kvalitnej merino vlny, ktor\u00e9 sp\u00e1jaj\u00fa hrejivos\u0165, variabilitu a luxus.Priprav sa na \u0161t\u00fdlov\u00e9 k\u00fasky, ktor\u00e9 menia outfit jedin\u00fdm detailom \u2013 n\u00e1kr\u010dn\u00edky, driekovn\u00edky, ruk\u00e1vniky a \u010diapky so \u0161iltom, ktor\u00e9 [&hellip;]<\/p>","protected":false},"author":1,"featured_media":0,"parent":0,"menu_order":0,"comment_status":"closed","ping_status":"closed","template":"page-templates\/blank-page-template.php","meta":{"footnotes":""},"class_list":["post-484","page","type-page","status-publish","hentry"],"yoast_head":"<!-- This site is optimized with the Yoast SEO plugin v26.0 - https:\/\/yoast.com\/wordpress\/plugins\/seo\/ -->\n<title>Coming Soon - TATTJA k\u013e\u00fa\u010dov\u00e9 slovo<\/title>\n<meta name=\"description\" content=\"TATTJA \u2013 luxusn\u00e9 pleten\u00e9 doplnky z merino vlny pre modern\u00e9 \u017eeny. Objav hrejivos\u0165, variabilitu a eleganciu. U\u017e \u010doskoro na tattja.com.\" \/>\n<meta name=\"robots\" content=\"index, follow, max-snippet:-1, max-image-preview:large, max-video-preview:-1\" \/>\n<link rel=\"canonical\" href=\"https:\/\/www.tattja.com\/cs\/coming-soon\/\" \/>\n<meta property=\"og:locale\" content=\"cs_CZ\" \/>\n<meta property=\"og:type\" content=\"article\" \/>\n<meta property=\"og:title\" content=\"Coming Soon - TATTJA k\u013e\u00fa\u010dov\u00e9 slovo\" \/>\n<meta property=\"og:description\" content=\"TATTJA \u2013 luxusn\u00e9 pleten\u00e9 doplnky z merino vlny pre modern\u00e9 \u017eeny. Objav hrejivos\u0165, variabilitu a eleganciu. U\u017e \u010doskoro na tattja.com.\" \/>\n<meta property=\"og:url\" content=\"https:\/\/www.tattja.com\/cs\/coming-soon\/\" \/>\n<meta property=\"og:site_name\" content=\"TATTJA\" \/>\n<meta property=\"article:modified_time\" content=\"2025-12-04T08:50:43+00:00\" \/>\n<meta property=\"og:image\" content=\"https:\/\/www.tattja.com\/wp-content\/uploads\/2021\/04\/logo-white2.png\" \/>\n<meta name=\"twitter:card\" content=\"summary_large_image\" \/>\n<meta name=\"twitter:label1\" content=\"Odhadovan\u00e1 doba \u010dten\u00ed\" \/>\n\t<meta name=\"twitter:data1\" content=\"2 minuty\" \/>\n<script type=\"application\/ld+json\" class=\"yoast-schema-graph\">{\"@context\":\"https:\/\/schema.org\",\"@graph\":[{\"@type\":\"WebPage\",\"@id\":\"https:\/\/www.tattja.com\/coming-soon\/\",\"url\":\"https:\/\/www.tattja.com\/coming-soon\/\",\"name\":\"Coming Soon - TATTJA k\u013e\u00fa\u010dov\u00e9 slovo\",\"isPartOf\":{\"@id\":\"https:\/\/www.tattja.com\/#website\"},\"primaryImageOfPage\":{\"@id\":\"https:\/\/www.tattja.com\/coming-soon\/#primaryimage\"},\"image\":{\"@id\":\"https:\/\/www.tattja.com\/coming-soon\/#primaryimage\"},\"thumbnailUrl\":\"https:\/\/www.tattja.com\/wp-content\/uploads\/2021\/04\/logo-white2.png\",\"datePublished\":\"2021-03-01T04:35:15+00:00\",\"dateModified\":\"2025-12-04T08:50:43+00:00\",\"description\":\"TATTJA \u2013 luxusn\u00e9 pleten\u00e9 doplnky z merino vlny pre modern\u00e9 \u017eeny. Objav hrejivos\u0165, variabilitu a eleganciu. U\u017e \u010doskoro na tattja.com.\",\"breadcrumb\":{\"@id\":\"https:\/\/www.tattja.com\/coming-soon\/#breadcrumb\"},\"inLanguage\":\"cs\",\"potentialAction\":[{\"@type\":\"ReadAction\",\"target\":[\"https:\/\/www.tattja.com\/coming-soon\/\"]}]},{\"@type\":\"ImageObject\",\"inLanguage\":\"cs\",\"@id\":\"https:\/\/www.tattja.com\/coming-soon\/#primaryimage\",\"url\":\"https:\/\/www.tattja.com\/wp-content\/uploads\/2021\/04\/logo-white2.png\",\"contentUrl\":\"https:\/\/www.tattja.com\/wp-content\/uploads\/2021\/04\/logo-white2.png\"},{\"@type\":\"BreadcrumbList\",\"@id\":\"https:\/\/www.tattja.com\/coming-soon\/#breadcrumb\",\"itemListElement\":[{\"@type\":\"ListItem\",\"position\":1,\"name\":\"Domov\",\"item\":\"https:\/\/www.tattja.com\/\"},{\"@type\":\"ListItem\",\"position\":2,\"name\":\"Coming Soon\"}]},{\"@type\":\"WebSite\",\"@id\":\"https:\/\/www.tattja.com\/#website\",\"url\":\"https:\/\/www.tattja.com\/\",\"name\":\"TATTJA\",\"description\":\"D\u00e1mske oble\u010denie z extra jemnej merino vlny \u2014 ru\u010dne pleten\u00e9 na Slovensku\",\"potentialAction\":[{\"@type\":\"SearchAction\",\"target\":{\"@type\":\"EntryPoint\",\"urlTemplate\":\"https:\/\/www.tattja.com\/?s={search_term_string}\"},\"query-input\":{\"@type\":\"PropertyValueSpecification\",\"valueRequired\":true,\"valueName\":\"search_term_string\"}}],\"inLanguage\":\"cs\"}]}<\/script>\n<!-- \/ Yoast SEO plugin. -->","yoast_head_json":{"title":"Coming Soon - TATTJA k\u013e\u00fa\u010dov\u00e9 slovo","description":"TATTJA \u2013 luxusn\u00e9 pleten\u00e9 doplnky z merino vlny pre modern\u00e9 \u017eeny. Objav hrejivos\u0165, variabilitu a eleganciu. U\u017e \u010doskoro na tattja.com.","robots":{"index":"index","follow":"follow","max-snippet":"max-snippet:-1","max-image-preview":"max-image-preview:large","max-video-preview":"max-video-preview:-1"},"canonical":"https:\/\/www.tattja.com\/cs\/coming-soon\/","og_locale":"cs_CZ","og_type":"article","og_title":"Coming Soon - TATTJA k\u013e\u00fa\u010dov\u00e9 slovo","og_description":"TATTJA \u2013 luxusn\u00e9 pleten\u00e9 doplnky z merino vlny pre modern\u00e9 \u017eeny. Objav hrejivos\u0165, variabilitu a eleganciu. U\u017e \u010doskoro na tattja.com.","og_url":"https:\/\/www.tattja.com\/cs\/coming-soon\/","og_site_name":"TATTJA","article_modified_time":"2025-12-04T08:50:43+00:00","og_image":[{"url":"https:\/\/www.tattja.com\/wp-content\/uploads\/2021\/04\/logo-white2.png","type":"","width":"","height":""}],"twitter_card":"summary_large_image","twitter_misc":{"Odhadovan\u00e1 doba \u010dten\u00ed":"2 minuty"},"schema":{"@context":"https:\/\/schema.org","@graph":[{"@type":"WebPage","@id":"https:\/\/www.tattja.com\/coming-soon\/","url":"https:\/\/www.tattja.com\/coming-soon\/","name":"Coming Soon - TATTJA k\u013e\u00fa\u010dov\u00e9 slovo","isPartOf":{"@id":"https:\/\/www.tattja.com\/#website"},"primaryImageOfPage":{"@id":"https:\/\/www.tattja.com\/coming-soon\/#primaryimage"},"image":{"@id":"https:\/\/www.tattja.com\/coming-soon\/#primaryimage"},"thumbnailUrl":"https:\/\/www.tattja.com\/wp-content\/uploads\/2021\/04\/logo-white2.png","datePublished":"2021-03-01T04:35:15+00:00","dateModified":"2025-12-04T08:50:43+00:00","description":"TATTJA \u2013 luxusn\u00e9 pleten\u00e9 doplnky z merino vlny pre modern\u00e9 \u017eeny. Objav hrejivos\u0165, variabilitu a eleganciu. U\u017e \u010doskoro na tattja.com.","breadcrumb":{"@id":"https:\/\/www.tattja.com\/coming-soon\/#breadcrumb"},"inLanguage":"cs","potentialAction":[{"@type":"ReadAction","target":["https:\/\/www.tattja.com\/coming-soon\/"]}]},{"@type":"ImageObject","inLanguage":"cs","@id":"https:\/\/www.tattja.com\/coming-soon\/#primaryimage","url":"https:\/\/www.tattja.com\/wp-content\/uploads\/2021\/04\/logo-white2.png","contentUrl":"https:\/\/www.tattja.com\/wp-content\/uploads\/2021\/04\/logo-white2.png"},{"@type":"BreadcrumbList","@id":"https:\/\/www.tattja.com\/coming-soon\/#breadcrumb","itemListElement":[{"@type":"ListItem","position":1,"name":"Domov","item":"https:\/\/www.tattja.com\/"},{"@type":"ListItem","position":2,"name":"Coming Soon"}]},{"@type":"WebSite","@id":"https:\/\/www.tattja.com\/#website","url":"https:\/\/www.tattja.com\/","name":"TATTJA","description":"D\u00e1mske oble\u010denie z extra jemnej merino vlny \u2014 ru\u010dne pleten\u00e9 na Slovensku","potentialAction":[{"@type":"SearchAction","target":{"@type":"EntryPoint","urlTemplate":"https:\/\/www.tattja.com\/?s={search_term_string}"},"query-input":{"@type":"PropertyValueSpecification","valueRequired":true,"valueName":"search_term_string"}}],"inLanguage":"cs"}]}},"_links":{"self":[{"href":"https:\/\/www.tattja.com\/cs\/wp-json\/wp\/v2\/pages\/484","targetHints":{"allow":["GET"]}}],"collection":[{"href":"https:\/\/www.tattja.com\/cs\/wp-json\/wp\/v2\/pages"}],"about":[{"href":"https:\/\/www.tattja.com\/cs\/wp-json\/wp\/v2\/types\/page"}],"author":[{"embeddable":true,"href":"https:\/\/www.tattja.com\/cs\/wp-json\/wp\/v2\/users\/1"}],"replies":[{"embeddable":true,"href":"https:\/\/www.tattja.com\/cs\/wp-json\/wp\/v2\/comments?post=484"}],"version-history":[{"count":4,"href":"https:\/\/www.tattja.com\/cs\/wp-json\/wp\/v2\/pages\/484\/revisions"}],"predecessor-version":[{"id":6693,"href":"https:\/\/www.tattja.com\/cs\/wp-json\/wp\/v2\/pages\/484\/revisions\/6693"}],"wp:attachment":[{"href":"https:\/\/www.tattja.com\/cs\/wp-json\/wp\/v2\/media?parent=484"}],"curies":[{"name":"wp","href":"https:\/\/api.w.org\/{rel}","templated":true}]}}