{"id":1727,"date":"2025-07-28T09:10:52","date_gmt":"2025-07-28T07:10:52","guid":{"rendered":"https:\/\/www.tattja.com\/?post_type=product&#038;p=1727"},"modified":"2026-04-05T19:45:12","modified_gmt":"2026-04-05T17:45:12","slug":"damske-oblecenie-ciapka-anja-kremovo-vanilkova","status":"publish","type":"product","link":"https:\/\/www.tattja.com\/cs\/product\/damske-oblecenie-ciapka-anja-kremovo-vanilkova\/","title":{"rendered":"D\u00e1msk\u00e1 od\u011bvn\u00ed \u010depice ANJA cream-vanilla"},"content":{"rendered":"<p data-start=\"850\" data-end=\"1163\"><strong data-start=\"850\" data-end=\"900\">D\u00e1msk\u00e1 od\u011bvn\u00ed \u010depice ANJA cream-vanilla<\/strong> Do va\u0161eho \u0161atn\u00edku vnese noblesu, eleganci a nad\u010dasov\u00fd styl. Tento model z kolekce <strong data-start=\"980\" data-end=\"990\">TATTJA<\/strong> spojuje pohodl\u00ed, prakti\u010dnost a \u017eensk\u00fd design v dokonal\u00e9 harmonii. D\u00edky sv\u00e9mu odst\u00ednu p\u016fsob\u00ed univerz\u00e1ln\u011b, m\u016f\u017eete jej snadno kombinovat. Dod\u00e1 va\u0161emu otufit \u010dist\u00fd, sofistikovan\u00fd vzhled.<\/p>\n<p data-start=\"1165\" data-end=\"1487\">\u010cepici jsme upletli z m\u011bkk\u00e9, hedv\u00e1bn\u00e9 p\u0159\u00edze, kter\u00e1 p\u0159\u00edjemn\u011b obepne hlavu a zah\u0159eje b\u011bhem chladn\u011bj\u0161\u00edch dn\u016f. Materi\u00e1l je prody\u0161n\u00fd, lehk\u00fd a m\u011bkk\u00fd na dotek, tak\u017ee poskytuje maxim\u00e1ln\u00ed pohodl\u00ed i p\u0159i dlouhodob\u00e9m no\u0161en\u00ed. Ka\u017ed\u00fd detail byl pe\u010dliv\u011b propracov\u00e1n, tak\u017ee je nejen praktick\u00fdm, ale i estetick\u00fdm dopl\u0148kem.<\/p>\n<p data-start=\"1489\" data-end=\"1706\">Kr\u00e9mov\u011b-vanilkov\u00fd odst\u00edn p\u016fsob\u00ed sv\u011b\u017ee a \u017eensky. Dok\u00e1\u017ee rozjasnit ple\u0165 a zv\u00fdraznit rysy obli\u010deje. D\u00edky sv\u00e9 neutr\u00e1ln\u00ed barv\u011b se skv\u011ble hod\u00ed k tmav\u0161\u00edm i sv\u011btlej\u0161\u00edm kousk\u016fm - od d\u017e\u00edn\u016f a ko\u0161il a\u017e po elegantn\u00ed kab\u00e1ty.<\/p>\n<p data-start=\"1708\" data-end=\"1964\">Stylov\u00fd k\u0161ilt dod\u00e1v\u00e1 \u010depici jemn\u00fd m\u011bstsk\u00fd akcent a chr\u00e1n\u00ed o\u010di p\u0159ed slune\u010dn\u00edmi paprsky nebo v\u011btrem. V kombinaci s m\u011bkkou strukturou \u00fapletu vytv\u00e1\u0159\u00ed vyv\u00e1\u017een\u00fd mix funk\u010dnosti a stylu. Tento model lze nosit na p\u0159echodnou dobu, na cesty nebo na ka\u017edodenn\u00ed no\u0161en\u00ed.<\/p>\n<p data-start=\"1966\" data-end=\"2065\">D\u00e1msk\u00e1 od\u011bvn\u00ed \u010depice <strong data-start=\"1973\" data-end=\"1999\">ANJA kr\u00e9mov\u00e1 vanilka<\/strong> vynik\u00e1 svou univerz\u00e1lnost\u00ed a m\u016f\u017ee doplnit jak\u00fdkoli outfit.<\/p>\n<p data-start=\"2067\" data-end=\"2172\">Objevte kr\u00e1su jemnosti, sofistikovan\u00fdch detail\u016f a \u017eensk\u00e9ho stylu, kter\u00e9 v\u00e1s zah\u0159ej\u00ed. <a href=\"https:\/\/www.tattja.com\/cs\/product-category\/damske-oblecenie\/doplnky-jednotlivo\/ciapky\/\">v jin\u00fdch barv\u00e1ch<\/a>.<\/p>\n<p data-start=\"2174\" data-end=\"2309\"><strong data-start=\"2174\" data-end=\"2228\">Viz, <a href=\"https:\/\/shop.bogensberger.co.at\/produkt-schlagwort\/merino-extrafein\/\">z jak\u00fdch materi\u00e1l\u016f<\/a> vyr\u00e1b\u00edme na\u0161e kusy<\/strong> a dop\u0159ejte si kombinaci elegance, pohodl\u00ed a nad\u010dasov\u00e9ho designu. <strong data-start=\"2296\" data-end=\"2306\">TATTJA<\/strong>.<\/p>","protected":false},"excerpt":{"rendered":"<p><strong data-start=\"651\" data-end=\"701\">D\u00e1msk\u00e1 od\u011bvn\u00ed \u010depice ANJA cream-vanilla<\/strong> spojuje vyt\u0159\u00edbenost, eleganci a pohodl\u00ed. M\u011bkk\u00fd \u00faplet, stylov\u00e1 silueta a univerz\u00e1ln\u00ed odst\u00edn pro modern\u00ed \u017eenu.<\/p>","protected":false},"featured_media":2333,"comment_status":"open","ping_status":"closed","template":"","meta":[],"product_brand":[],"product_cat":[144,282,300,298,137],"product_tag":[],"class_list":{"0":"post-1727","1":"product","2":"type-product","3":"status-publish","4":"has-post-thumbnail","6":"product_cat-ciapka-kremovo-vanilkova","7":"product_cat-ciapky","8":"product_cat-damske-oblecenie","9":"product_cat-doplnky-jednotlivo","10":"product_cat-pleteninove-doplnky-kremovo-vanilkove","12":"first","13":"instock","14":"taxable","15":"shipping-taxable","16":"purchasable","17":"product-type-simple"},"yoast_head":"<!-- This site is optimized with the Yoast SEO plugin v26.0 - https:\/\/yoast.com\/wordpress\/plugins\/seo\/ -->\n<title>D\u00e1mske oble\u010denie \u010diapka ANJA kr\u00e9movo-vanilkov\u00e1 - TATTJA<\/title>\n<meta name=\"description\" content=\"D\u00e1mske oble\u010denie \u010diapka ANJA kr\u00e9movo-vanilkov\u00e1 \u2013 jemn\u00e1, elegantn\u00e1 a praktick\u00e1 \u010diapka s modern\u00fdm dizajnom a univerz\u00e1lnym odtie\u0148om.\" \/>\n<meta name=\"robots\" content=\"index, follow, max-snippet:-1, max-image-preview:large, max-video-preview:-1\" \/>\n<link rel=\"canonical\" href=\"https:\/\/www.tattja.com\/cs\/product\/damske-oblecenie-ciapka-anja-kremovo-vanilkova\/\" \/>\n<meta property=\"og:locale\" content=\"cs_CZ\" \/>\n<meta property=\"og:type\" content=\"article\" \/>\n<meta property=\"og:title\" content=\"D\u00e1mske oble\u010denie \u010diapka ANJA kr\u00e9movo-vanilkov\u00e1 - TATTJA\" \/>\n<meta property=\"og:description\" content=\"D\u00e1mske oble\u010denie \u010diapka ANJA kr\u00e9movo-vanilkov\u00e1 \u2013 jemn\u00e1, elegantn\u00e1 a praktick\u00e1 \u010diapka s modern\u00fdm dizajnom a univerz\u00e1lnym odtie\u0148om.\" \/>\n<meta property=\"og:url\" content=\"https:\/\/www.tattja.com\/cs\/product\/damske-oblecenie-ciapka-anja-kremovo-vanilkova\/\" \/>\n<meta property=\"og:site_name\" content=\"TATTJA\" \/>\n<meta property=\"article:modified_time\" content=\"2026-04-05T17:45:12+00:00\" \/>\n<meta property=\"og:image\" content=\"https:\/\/www.tattja.com\/wp-content\/uploads\/2025\/09\/kremovo-vanilkovy-ciapka-spredu-43-2.webp\" \/>\n\t<meta property=\"og:image:width\" content=\"1365\" \/>\n\t<meta property=\"og:image:height\" content=\"2048\" \/>\n\t<meta property=\"og:image:type\" content=\"image\/webp\" \/>\n<meta name=\"twitter:card\" content=\"summary_large_image\" \/>\n<meta name=\"twitter:label1\" content=\"Odhadovan\u00e1 doba \u010dten\u00ed\" \/>\n\t<meta name=\"twitter:data1\" content=\"2 minuty\" \/>\n<script type=\"application\/ld+json\" class=\"yoast-schema-graph\">{\"@context\":\"https:\/\/schema.org\",\"@graph\":[{\"@type\":\"WebPage\",\"@id\":\"https:\/\/www.tattja.com\/product\/damske-oblecenie-ciapka-anja-kremovo-vanilkova\/\",\"url\":\"https:\/\/www.tattja.com\/product\/damske-oblecenie-ciapka-anja-kremovo-vanilkova\/\",\"name\":\"D\u00e1mske oble\u010denie \u010diapka ANJA kr\u00e9movo-vanilkov\u00e1 - TATTJA\",\"isPartOf\":{\"@id\":\"https:\/\/www.tattja.com\/#website\"},\"primaryImageOfPage\":{\"@id\":\"https:\/\/www.tattja.com\/product\/damske-oblecenie-ciapka-anja-kremovo-vanilkova\/#primaryimage\"},\"image\":{\"@id\":\"https:\/\/www.tattja.com\/product\/damske-oblecenie-ciapka-anja-kremovo-vanilkova\/#primaryimage\"},\"thumbnailUrl\":\"https:\/\/www.tattja.com\/wp-content\/uploads\/2025\/09\/kremovo-vanilkovy-ciapka-spredu-43-2.webp\",\"datePublished\":\"2025-07-28T07:10:52+00:00\",\"dateModified\":\"2026-04-05T17:45:12+00:00\",\"description\":\"D\u00e1mske oble\u010denie \u010diapka ANJA kr\u00e9movo-vanilkov\u00e1 \u2013 jemn\u00e1, elegantn\u00e1 a praktick\u00e1 \u010diapka s modern\u00fdm dizajnom a univerz\u00e1lnym odtie\u0148om.\",\"breadcrumb\":{\"@id\":\"https:\/\/www.tattja.com\/product\/damske-oblecenie-ciapka-anja-kremovo-vanilkova\/#breadcrumb\"},\"inLanguage\":\"cs\",\"potentialAction\":[{\"@type\":\"ReadAction\",\"target\":[\"https:\/\/www.tattja.com\/product\/damske-oblecenie-ciapka-anja-kremovo-vanilkova\/\"]}]},{\"@type\":\"ImageObject\",\"inLanguage\":\"cs\",\"@id\":\"https:\/\/www.tattja.com\/product\/damske-oblecenie-ciapka-anja-kremovo-vanilkova\/#primaryimage\",\"url\":\"https:\/\/www.tattja.com\/wp-content\/uploads\/2025\/09\/kremovo-vanilkovy-ciapka-spredu-43-2.webp\",\"contentUrl\":\"https:\/\/www.tattja.com\/wp-content\/uploads\/2025\/09\/kremovo-vanilkovy-ciapka-spredu-43-2.webp\",\"width\":1365,\"height\":2048,\"caption\":\"\u010ciapka ANJA \u2013 kr\u00e9movo-vanilkov\u00e1 pleten\u00e1 \u010diapka TATTJA | predn\u00fd poh\u013ead\"},{\"@type\":\"BreadcrumbList\",\"@id\":\"https:\/\/www.tattja.com\/product\/damske-oblecenie-ciapka-anja-kremovo-vanilkova\/#breadcrumb\",\"itemListElement\":[{\"@type\":\"ListItem\",\"position\":1,\"name\":\"Domov\",\"item\":\"https:\/\/www.tattja.com\/\"},{\"@type\":\"ListItem\",\"position\":2,\"name\":\"Produkty\",\"item\":\"https:\/\/www.tattja.com\/damske-oblecenie-produkty\/\"},{\"@type\":\"ListItem\",\"position\":3,\"name\":\"D\u00e1mske oble\u010denie \u010diapka ANJA kr\u00e9movo-vanilkov\u00e1\"}]},{\"@type\":\"WebSite\",\"@id\":\"https:\/\/www.tattja.com\/#website\",\"url\":\"https:\/\/www.tattja.com\/\",\"name\":\"TATTJA\",\"description\":\"D\u00e1mske oble\u010denie z extra jemnej merino vlny \u2014 ru\u010dne pleten\u00e9 na Slovensku\",\"potentialAction\":[{\"@type\":\"SearchAction\",\"target\":{\"@type\":\"EntryPoint\",\"urlTemplate\":\"https:\/\/www.tattja.com\/?s={search_term_string}\"},\"query-input\":{\"@type\":\"PropertyValueSpecification\",\"valueRequired\":true,\"valueName\":\"search_term_string\"}}],\"inLanguage\":\"cs\"}]}<\/script>\n<!-- \/ Yoast SEO plugin. -->","yoast_head_json":{"title":"D\u00e1mske oble\u010denie \u010diapka ANJA kr\u00e9movo-vanilkov\u00e1 - TATTJA","description":"D\u00e1mske oble\u010denie \u010diapka ANJA kr\u00e9movo-vanilkov\u00e1 \u2013 jemn\u00e1, elegantn\u00e1 a praktick\u00e1 \u010diapka s modern\u00fdm dizajnom a univerz\u00e1lnym odtie\u0148om.","robots":{"index":"index","follow":"follow","max-snippet":"max-snippet:-1","max-image-preview":"max-image-preview:large","max-video-preview":"max-video-preview:-1"},"canonical":"https:\/\/www.tattja.com\/cs\/product\/damske-oblecenie-ciapka-anja-kremovo-vanilkova\/","og_locale":"cs_CZ","og_type":"article","og_title":"D\u00e1mske oble\u010denie \u010diapka ANJA kr\u00e9movo-vanilkov\u00e1 - TATTJA","og_description":"D\u00e1mske oble\u010denie \u010diapka ANJA kr\u00e9movo-vanilkov\u00e1 \u2013 jemn\u00e1, elegantn\u00e1 a praktick\u00e1 \u010diapka s modern\u00fdm dizajnom a univerz\u00e1lnym odtie\u0148om.","og_url":"https:\/\/www.tattja.com\/cs\/product\/damske-oblecenie-ciapka-anja-kremovo-vanilkova\/","og_site_name":"TATTJA","article_modified_time":"2026-04-05T17:45:12+00:00","og_image":[{"width":1365,"height":2048,"url":"https:\/\/www.tattja.com\/wp-content\/uploads\/2025\/09\/kremovo-vanilkovy-ciapka-spredu-43-2.webp","type":"image\/webp"}],"twitter_card":"summary_large_image","twitter_misc":{"Odhadovan\u00e1 doba \u010dten\u00ed":"2 minuty"},"schema":{"@context":"https:\/\/schema.org","@graph":[{"@type":"WebPage","@id":"https:\/\/www.tattja.com\/product\/damske-oblecenie-ciapka-anja-kremovo-vanilkova\/","url":"https:\/\/www.tattja.com\/product\/damske-oblecenie-ciapka-anja-kremovo-vanilkova\/","name":"D\u00e1mske oble\u010denie \u010diapka ANJA kr\u00e9movo-vanilkov\u00e1 - TATTJA","isPartOf":{"@id":"https:\/\/www.tattja.com\/#website"},"primaryImageOfPage":{"@id":"https:\/\/www.tattja.com\/product\/damske-oblecenie-ciapka-anja-kremovo-vanilkova\/#primaryimage"},"image":{"@id":"https:\/\/www.tattja.com\/product\/damske-oblecenie-ciapka-anja-kremovo-vanilkova\/#primaryimage"},"thumbnailUrl":"https:\/\/www.tattja.com\/wp-content\/uploads\/2025\/09\/kremovo-vanilkovy-ciapka-spredu-43-2.webp","datePublished":"2025-07-28T07:10:52+00:00","dateModified":"2026-04-05T17:45:12+00:00","description":"D\u00e1mske oble\u010denie \u010diapka ANJA kr\u00e9movo-vanilkov\u00e1 \u2013 jemn\u00e1, elegantn\u00e1 a praktick\u00e1 \u010diapka s modern\u00fdm dizajnom a univerz\u00e1lnym odtie\u0148om.","breadcrumb":{"@id":"https:\/\/www.tattja.com\/product\/damske-oblecenie-ciapka-anja-kremovo-vanilkova\/#breadcrumb"},"inLanguage":"cs","potentialAction":[{"@type":"ReadAction","target":["https:\/\/www.tattja.com\/product\/damske-oblecenie-ciapka-anja-kremovo-vanilkova\/"]}]},{"@type":"ImageObject","inLanguage":"cs","@id":"https:\/\/www.tattja.com\/product\/damske-oblecenie-ciapka-anja-kremovo-vanilkova\/#primaryimage","url":"https:\/\/www.tattja.com\/wp-content\/uploads\/2025\/09\/kremovo-vanilkovy-ciapka-spredu-43-2.webp","contentUrl":"https:\/\/www.tattja.com\/wp-content\/uploads\/2025\/09\/kremovo-vanilkovy-ciapka-spredu-43-2.webp","width":1365,"height":2048,"caption":"\u010ciapka ANJA \u2013 kr\u00e9movo-vanilkov\u00e1 pleten\u00e1 \u010diapka TATTJA | predn\u00fd poh\u013ead"},{"@type":"BreadcrumbList","@id":"https:\/\/www.tattja.com\/product\/damske-oblecenie-ciapka-anja-kremovo-vanilkova\/#breadcrumb","itemListElement":[{"@type":"ListItem","position":1,"name":"Domov","item":"https:\/\/www.tattja.com\/"},{"@type":"ListItem","position":2,"name":"Produkty","item":"https:\/\/www.tattja.com\/damske-oblecenie-produkty\/"},{"@type":"ListItem","position":3,"name":"D\u00e1mske oble\u010denie \u010diapka ANJA kr\u00e9movo-vanilkov\u00e1"}]},{"@type":"WebSite","@id":"https:\/\/www.tattja.com\/#website","url":"https:\/\/www.tattja.com\/","name":"TATTJA","description":"D\u00e1mske oble\u010denie z extra jemnej merino vlny \u2014 ru\u010dne pleten\u00e9 na Slovensku","potentialAction":[{"@type":"SearchAction","target":{"@type":"EntryPoint","urlTemplate":"https:\/\/www.tattja.com\/?s={search_term_string}"},"query-input":{"@type":"PropertyValueSpecification","valueRequired":true,"valueName":"search_term_string"}}],"inLanguage":"cs"}]}},"_links":{"self":[{"href":"https:\/\/www.tattja.com\/cs\/wp-json\/wp\/v2\/product\/1727","targetHints":{"allow":["GET"]}}],"collection":[{"href":"https:\/\/www.tattja.com\/cs\/wp-json\/wp\/v2\/product"}],"about":[{"href":"https:\/\/www.tattja.com\/cs\/wp-json\/wp\/v2\/types\/product"}],"replies":[{"embeddable":true,"href":"https:\/\/www.tattja.com\/cs\/wp-json\/wp\/v2\/comments?post=1727"}],"version-history":[{"count":6,"href":"https:\/\/www.tattja.com\/cs\/wp-json\/wp\/v2\/product\/1727\/revisions"}],"predecessor-version":[{"id":5906,"href":"https:\/\/www.tattja.com\/cs\/wp-json\/wp\/v2\/product\/1727\/revisions\/5906"}],"wp:featuredmedia":[{"embeddable":true,"href":"https:\/\/www.tattja.com\/cs\/wp-json\/wp\/v2\/media\/2333"}],"wp:attachment":[{"href":"https:\/\/www.tattja.com\/cs\/wp-json\/wp\/v2\/media?parent=1727"}],"wp:term":[{"taxonomy":"product_brand","embeddable":true,"href":"https:\/\/www.tattja.com\/cs\/wp-json\/wp\/v2\/product_brand?post=1727"},{"taxonomy":"product_cat","embeddable":true,"href":"https:\/\/www.tattja.com\/cs\/wp-json\/wp\/v2\/product_cat?post=1727"},{"taxonomy":"product_tag","embeddable":true,"href":"https:\/\/www.tattja.com\/cs\/wp-json\/wp\/v2\/product_tag?post=1727"}],"curies":[{"name":"wp","href":"https:\/\/api.w.org\/{rel}","templated":true}]}}