{"id":1828,"date":"2025-08-06T07:29:40","date_gmt":"2025-08-06T05:29:40","guid":{"rendered":"https:\/\/www.tattja.com\/?post_type=product&#038;p=1828"},"modified":"2026-04-05T19:45:08","modified_gmt":"2026-04-05T17:45:08","slug":"damske-oblecenie-driekovnik-natasja-horcicovo-zlty","status":"publish","type":"product","link":"https:\/\/www.tattja.com\/cs\/product\/damske-oblecenie-driekovnik-natasja-horcicovo-zlty\/","title":{"rendered":"D\u00e1msk\u00e9 oble\u010den\u00ed ko\u0161ile NATASJA ho\u0159\u010dicov\u011b \u017elut\u00e1"},"content":{"rendered":"<p data-start=\"893\" data-end=\"1171\"><strong data-start=\"893\" data-end=\"947\">D\u00e1msk\u00e9 oble\u010den\u00ed ko\u0161ile NATASJA ho\u0159\u010dicov\u011b \u017elut\u00e1<\/strong> je origin\u00e1ln\u00ed pleten\u00fd dopln\u011bk, kter\u00fd v sob\u011b spojuje prakti\u010dnost, pohodl\u00ed a v\u00fdjime\u010dn\u00fd styl. Tento elegantn\u00ed kousek z kolekce <strong data-start=\"1064\" data-end=\"1074\">TATTJA<\/strong> jemn\u011b obep\u00edn\u00e1 pas, p\u0159in\u00e1\u0161\u00ed pocit h\u0159ejiv\u00e9ho pohodl\u00ed a z\u00e1rove\u0148 p\u016fsob\u00ed jako modern\u00ed m\u00f3dn\u00ed akcent.<\/p>\n<p data-start=\"1173\" data-end=\"1519\">Ho\u0159\u010dicov\u011b \u017elut\u00e1 barva vyza\u0159uje energii, optimismus a sv\u011b\u017eest. Evokuje teplo slune\u010dn\u00edch paprsk\u016f, kter\u00e9 rozz\u00e1\u0159\u00ed ka\u017ed\u00fd den. Tento odv\u00e1\u017en\u00fd odst\u00edn dod\u00e1 outfitu jedine\u010dn\u00fd charakter, kter\u00fd upout\u00e1 pozornost a zv\u00fdrazn\u00ed p\u0159irozenou siluetu \u017eeny. V kombinaci s minimalistick\u00fdm designem vytv\u00e1\u0159\u00ed vyv\u00e1\u017een\u00fd celek, kter\u00fd p\u016fsob\u00ed modern\u011b a sofistikovan\u011b.<\/p>\n<p data-start=\"1521\" data-end=\"1954\">Vroubkovan\u00e1 struktura \u00fapletu se jemn\u011b p\u0159izp\u016fsobuje postav\u011b a zv\u00fdraz\u0148uje ladn\u00e9 linie t\u011bla. Materi\u00e1l poskytuje v\u00fdjime\u010dnou h\u0159ejivost a z\u00e1rove\u0148 z\u016fst\u00e1v\u00e1 prody\u0161n\u00fd a m\u011bkk\u00fd. Tuto \u0161\u00e1lu lze nosit jako stylov\u00fd samostatn\u00fd dopln\u011bk nebo v kombinaci s ko\u0161il\u00ed, svetrem \u010di kab\u00e1tem. Dob\u0159e se hod\u00ed i k dal\u0161\u00edm kousk\u016fm z kolekce <strong data-start=\"1836\" data-end=\"1846\">TATTJA<\/strong>, jako jsou p\u00e1sky na ruku, \u010depice nebo n\u00e1kr\u010dn\u00edky, kter\u00e9 dohromady vytv\u00e1\u0159ej\u00ed promy\u0161len\u00fd outfit s vlastn\u00edm charakterem.<\/p>\n<p data-start=\"1956\" data-end=\"2094\">D\u00e1msk\u00e9 oble\u010den\u00ed ko\u0161ile NATASJA ho\u0159\u010dicov\u011b \u017elut\u00e1 jsme navrhli pro \u017eeny, kter\u00e9 r\u00e1dy kombinuj\u00ed pohodl\u00ed s luxusem. M\u016f\u017eete tak v ka\u017ed\u00e9m okam\u017eiku vyj\u00e1d\u0159it sv\u016fj osobit\u00fd styl.<\/p>\n<p data-start=\"2096\" data-end=\"2201\">Objevte kr\u00e1su jemnosti, sofistikovan\u00fdch detail\u016f a \u017eensk\u00e9ho stylu, kter\u00e9 v\u00e1s zah\u0159ej\u00ed. <a href=\"https:\/\/www.tattja.com\/cs\/product-category\/damske-oblecenie\/doplnky-jednotlivo\/driekovniky\/\">v jin\u00fdch barv\u00e1ch.<\/a><\/p>\n<p data-start=\"2203\" data-end=\"2330\"><strong data-start=\"2203\" data-end=\"2257\">Viz, <a href=\"https:\/\/shop.bogensberger.co.at\/produkt-schlagwort\/merino-extrafein\/\">z jak\u00fdch materi\u00e1l\u016f<\/a> vyr\u00e1b\u00edme na\u0161e kusy<\/strong> a dop\u0159ejte si dotek kvality, v\u0159elosti a elegance zna\u010dky <strong data-start=\"2317\" data-end=\"2327\">TATTJA<\/strong>.<\/p>","protected":false},"excerpt":{"rendered":"<p><strong data-start=\"674\" data-end=\"728\">D\u00e1msk\u00e9 oble\u010den\u00ed ko\u0161ile NATASJA ho\u0159\u010dicov\u011b \u017elut\u00e1<\/strong> spojuje funk\u010dnost, eleganci a h\u0159ejivost. P\u016fsob\u00ed jako stylov\u00fd akcent, kter\u00fd rozz\u00e1\u0159\u00ed oble\u010den\u00ed a zv\u00fdrazn\u00ed \u017eensk\u00e9 linie.<\/p>","protected":false},"featured_media":7525,"comment_status":"open","ping_status":"closed","template":"","meta":[],"product_brand":[],"product_cat":[300,263,298,190,280,185],"product_tag":[],"class_list":{"0":"post-1828","1":"product","2":"type-product","3":"status-publish","4":"has-post-thumbnail","6":"product_cat-damske-oblecenie","7":"product_cat-jednotlive-doplnky-horcicovo-zlte","8":"product_cat-doplnky-jednotlivo","9":"product_cat-driekovnik-horcicovo-zlty","10":"product_cat-driekovniky","11":"product_cat-pleteninove-doplnky-horcicovo-zlte","13":"first","14":"instock","15":"taxable","16":"shipping-taxable","17":"purchasable","18":"product-type-simple"},"yoast_head":"<!-- This site is optimized with the Yoast SEO plugin v26.0 - https:\/\/yoast.com\/wordpress\/plugins\/seo\/ -->\n<title>D\u00e1mske oble\u010denie driekovn\u00edk NATASJA hor\u010dicovo-\u017elt\u00fd - TATTJA<\/title>\n<meta name=\"description\" content=\"D\u00e1mske oble\u010denie driekovn\u00edk NATASJA hor\u010dicovo-\u017elt\u00fd \u2013 elegantn\u00fd pleten\u00fd doplnok, ktor\u00fd zahreje, zv\u00fdrazn\u00ed p\u00e1s a dod\u00e1 outfitu hrejiv\u00fd luxus a \u0161t\u00fdl.\" \/>\n<meta name=\"robots\" content=\"index, follow, max-snippet:-1, max-image-preview:large, max-video-preview:-1\" \/>\n<link rel=\"canonical\" href=\"https:\/\/www.tattja.com\/cs\/product\/damske-oblecenie-driekovnik-natasja-horcicovo-zlty\/\" \/>\n<meta property=\"og:locale\" content=\"cs_CZ\" \/>\n<meta property=\"og:type\" content=\"article\" \/>\n<meta property=\"og:title\" content=\"D\u00e1mske oble\u010denie driekovn\u00edk NATASJA hor\u010dicovo-\u017elt\u00fd - TATTJA\" \/>\n<meta property=\"og:description\" content=\"D\u00e1mske oble\u010denie driekovn\u00edk NATASJA hor\u010dicovo-\u017elt\u00fd \u2013 elegantn\u00fd pleten\u00fd doplnok, ktor\u00fd zahreje, zv\u00fdrazn\u00ed p\u00e1s a dod\u00e1 outfitu hrejiv\u00fd luxus a \u0161t\u00fdl.\" \/>\n<meta property=\"og:url\" content=\"https:\/\/www.tattja.com\/cs\/product\/damske-oblecenie-driekovnik-natasja-horcicovo-zlty\/\" \/>\n<meta property=\"og:site_name\" content=\"TATTJA\" \/>\n<meta property=\"article:modified_time\" content=\"2026-04-05T17:45:08+00:00\" \/>\n<meta property=\"og:image\" content=\"https:\/\/www.tattja.com\/wp-content\/uploads\/2026\/01\/horcicovo-zlty-driekovnik-spredu-37.webp\" \/>\n\t<meta property=\"og:image:width\" content=\"1365\" \/>\n\t<meta property=\"og:image:height\" content=\"2048\" \/>\n\t<meta property=\"og:image:type\" content=\"image\/webp\" \/>\n<meta name=\"twitter:card\" content=\"summary_large_image\" \/>\n<meta name=\"twitter:label1\" content=\"Odhadovan\u00e1 doba \u010dten\u00ed\" \/>\n\t<meta name=\"twitter:data1\" content=\"2 minuty\" \/>\n<script type=\"application\/ld+json\" class=\"yoast-schema-graph\">{\"@context\":\"https:\/\/schema.org\",\"@graph\":[{\"@type\":\"WebPage\",\"@id\":\"https:\/\/www.tattja.com\/product\/damske-oblecenie-driekovnik-natasja-horcicovo-zlty\/\",\"url\":\"https:\/\/www.tattja.com\/product\/damske-oblecenie-driekovnik-natasja-horcicovo-zlty\/\",\"name\":\"D\u00e1mske oble\u010denie driekovn\u00edk NATASJA hor\u010dicovo-\u017elt\u00fd - TATTJA\",\"isPartOf\":{\"@id\":\"https:\/\/www.tattja.com\/#website\"},\"primaryImageOfPage\":{\"@id\":\"https:\/\/www.tattja.com\/product\/damske-oblecenie-driekovnik-natasja-horcicovo-zlty\/#primaryimage\"},\"image\":{\"@id\":\"https:\/\/www.tattja.com\/product\/damske-oblecenie-driekovnik-natasja-horcicovo-zlty\/#primaryimage\"},\"thumbnailUrl\":\"https:\/\/www.tattja.com\/wp-content\/uploads\/2026\/01\/horcicovo-zlty-driekovnik-spredu-37.webp\",\"datePublished\":\"2025-08-06T05:29:40+00:00\",\"dateModified\":\"2026-04-05T17:45:08+00:00\",\"description\":\"D\u00e1mske oble\u010denie driekovn\u00edk NATASJA hor\u010dicovo-\u017elt\u00fd \u2013 elegantn\u00fd pleten\u00fd doplnok, ktor\u00fd zahreje, zv\u00fdrazn\u00ed p\u00e1s a dod\u00e1 outfitu hrejiv\u00fd luxus a \u0161t\u00fdl.\",\"breadcrumb\":{\"@id\":\"https:\/\/www.tattja.com\/product\/damske-oblecenie-driekovnik-natasja-horcicovo-zlty\/#breadcrumb\"},\"inLanguage\":\"cs\",\"potentialAction\":[{\"@type\":\"ReadAction\",\"target\":[\"https:\/\/www.tattja.com\/product\/damske-oblecenie-driekovnik-natasja-horcicovo-zlty\/\"]}]},{\"@type\":\"ImageObject\",\"inLanguage\":\"cs\",\"@id\":\"https:\/\/www.tattja.com\/product\/damske-oblecenie-driekovnik-natasja-horcicovo-zlty\/#primaryimage\",\"url\":\"https:\/\/www.tattja.com\/wp-content\/uploads\/2026\/01\/horcicovo-zlty-driekovnik-spredu-37.webp\",\"contentUrl\":\"https:\/\/www.tattja.com\/wp-content\/uploads\/2026\/01\/horcicovo-zlty-driekovnik-spredu-37.webp\",\"width\":1365,\"height\":2048,\"caption\":\"Elegantn\u00fd pleten\u00fd driekovn\u00edk NATASJA v hor\u010dicovo-\u017eltom odtieni \u2013 TATTJA\"},{\"@type\":\"BreadcrumbList\",\"@id\":\"https:\/\/www.tattja.com\/product\/damske-oblecenie-driekovnik-natasja-horcicovo-zlty\/#breadcrumb\",\"itemListElement\":[{\"@type\":\"ListItem\",\"position\":1,\"name\":\"Domov\",\"item\":\"https:\/\/www.tattja.com\/\"},{\"@type\":\"ListItem\",\"position\":2,\"name\":\"Produkty\",\"item\":\"https:\/\/www.tattja.com\/damske-oblecenie-produkty\/\"},{\"@type\":\"ListItem\",\"position\":3,\"name\":\"D\u00e1mske oble\u010denie driekovn\u00edk NATASJA hor\u010dicovo-\u017elt\u00fd\"}]},{\"@type\":\"WebSite\",\"@id\":\"https:\/\/www.tattja.com\/#website\",\"url\":\"https:\/\/www.tattja.com\/\",\"name\":\"TATTJA\",\"description\":\"D\u00e1mske oble\u010denie z extra jemnej merino vlny \u2014 ru\u010dne pleten\u00e9 na Slovensku\",\"potentialAction\":[{\"@type\":\"SearchAction\",\"target\":{\"@type\":\"EntryPoint\",\"urlTemplate\":\"https:\/\/www.tattja.com\/?s={search_term_string}\"},\"query-input\":{\"@type\":\"PropertyValueSpecification\",\"valueRequired\":true,\"valueName\":\"search_term_string\"}}],\"inLanguage\":\"cs\"}]}<\/script>\n<!-- \/ Yoast SEO plugin. -->","yoast_head_json":{"title":"D\u00e1mske oble\u010denie driekovn\u00edk NATASJA hor\u010dicovo-\u017elt\u00fd - TATTJA","description":"D\u00e1mske oble\u010denie driekovn\u00edk NATASJA hor\u010dicovo-\u017elt\u00fd \u2013 elegantn\u00fd pleten\u00fd doplnok, ktor\u00fd zahreje, zv\u00fdrazn\u00ed p\u00e1s a dod\u00e1 outfitu hrejiv\u00fd luxus a \u0161t\u00fdl.","robots":{"index":"index","follow":"follow","max-snippet":"max-snippet:-1","max-image-preview":"max-image-preview:large","max-video-preview":"max-video-preview:-1"},"canonical":"https:\/\/www.tattja.com\/cs\/product\/damske-oblecenie-driekovnik-natasja-horcicovo-zlty\/","og_locale":"cs_CZ","og_type":"article","og_title":"D\u00e1mske oble\u010denie driekovn\u00edk NATASJA hor\u010dicovo-\u017elt\u00fd - TATTJA","og_description":"D\u00e1mske oble\u010denie driekovn\u00edk NATASJA hor\u010dicovo-\u017elt\u00fd \u2013 elegantn\u00fd pleten\u00fd doplnok, ktor\u00fd zahreje, zv\u00fdrazn\u00ed p\u00e1s a dod\u00e1 outfitu hrejiv\u00fd luxus a \u0161t\u00fdl.","og_url":"https:\/\/www.tattja.com\/cs\/product\/damske-oblecenie-driekovnik-natasja-horcicovo-zlty\/","og_site_name":"TATTJA","article_modified_time":"2026-04-05T17:45:08+00:00","og_image":[{"width":1365,"height":2048,"url":"https:\/\/www.tattja.com\/wp-content\/uploads\/2026\/01\/horcicovo-zlty-driekovnik-spredu-37.webp","type":"image\/webp"}],"twitter_card":"summary_large_image","twitter_misc":{"Odhadovan\u00e1 doba \u010dten\u00ed":"2 minuty"},"schema":{"@context":"https:\/\/schema.org","@graph":[{"@type":"WebPage","@id":"https:\/\/www.tattja.com\/product\/damske-oblecenie-driekovnik-natasja-horcicovo-zlty\/","url":"https:\/\/www.tattja.com\/product\/damske-oblecenie-driekovnik-natasja-horcicovo-zlty\/","name":"D\u00e1mske oble\u010denie driekovn\u00edk NATASJA hor\u010dicovo-\u017elt\u00fd - TATTJA","isPartOf":{"@id":"https:\/\/www.tattja.com\/#website"},"primaryImageOfPage":{"@id":"https:\/\/www.tattja.com\/product\/damske-oblecenie-driekovnik-natasja-horcicovo-zlty\/#primaryimage"},"image":{"@id":"https:\/\/www.tattja.com\/product\/damske-oblecenie-driekovnik-natasja-horcicovo-zlty\/#primaryimage"},"thumbnailUrl":"https:\/\/www.tattja.com\/wp-content\/uploads\/2026\/01\/horcicovo-zlty-driekovnik-spredu-37.webp","datePublished":"2025-08-06T05:29:40+00:00","dateModified":"2026-04-05T17:45:08+00:00","description":"D\u00e1mske oble\u010denie driekovn\u00edk NATASJA hor\u010dicovo-\u017elt\u00fd \u2013 elegantn\u00fd pleten\u00fd doplnok, ktor\u00fd zahreje, zv\u00fdrazn\u00ed p\u00e1s a dod\u00e1 outfitu hrejiv\u00fd luxus a \u0161t\u00fdl.","breadcrumb":{"@id":"https:\/\/www.tattja.com\/product\/damske-oblecenie-driekovnik-natasja-horcicovo-zlty\/#breadcrumb"},"inLanguage":"cs","potentialAction":[{"@type":"ReadAction","target":["https:\/\/www.tattja.com\/product\/damske-oblecenie-driekovnik-natasja-horcicovo-zlty\/"]}]},{"@type":"ImageObject","inLanguage":"cs","@id":"https:\/\/www.tattja.com\/product\/damske-oblecenie-driekovnik-natasja-horcicovo-zlty\/#primaryimage","url":"https:\/\/www.tattja.com\/wp-content\/uploads\/2026\/01\/horcicovo-zlty-driekovnik-spredu-37.webp","contentUrl":"https:\/\/www.tattja.com\/wp-content\/uploads\/2026\/01\/horcicovo-zlty-driekovnik-spredu-37.webp","width":1365,"height":2048,"caption":"Elegantn\u00fd pleten\u00fd driekovn\u00edk NATASJA v hor\u010dicovo-\u017eltom odtieni \u2013 TATTJA"},{"@type":"BreadcrumbList","@id":"https:\/\/www.tattja.com\/product\/damske-oblecenie-driekovnik-natasja-horcicovo-zlty\/#breadcrumb","itemListElement":[{"@type":"ListItem","position":1,"name":"Domov","item":"https:\/\/www.tattja.com\/"},{"@type":"ListItem","position":2,"name":"Produkty","item":"https:\/\/www.tattja.com\/damske-oblecenie-produkty\/"},{"@type":"ListItem","position":3,"name":"D\u00e1mske oble\u010denie driekovn\u00edk NATASJA hor\u010dicovo-\u017elt\u00fd"}]},{"@type":"WebSite","@id":"https:\/\/www.tattja.com\/#website","url":"https:\/\/www.tattja.com\/","name":"TATTJA","description":"D\u00e1mske oble\u010denie z extra jemnej merino vlny \u2014 ru\u010dne pleten\u00e9 na Slovensku","potentialAction":[{"@type":"SearchAction","target":{"@type":"EntryPoint","urlTemplate":"https:\/\/www.tattja.com\/?s={search_term_string}"},"query-input":{"@type":"PropertyValueSpecification","valueRequired":true,"valueName":"search_term_string"}}],"inLanguage":"cs"}]}},"_links":{"self":[{"href":"https:\/\/www.tattja.com\/cs\/wp-json\/wp\/v2\/product\/1828","targetHints":{"allow":["GET"]}}],"collection":[{"href":"https:\/\/www.tattja.com\/cs\/wp-json\/wp\/v2\/product"}],"about":[{"href":"https:\/\/www.tattja.com\/cs\/wp-json\/wp\/v2\/types\/product"}],"replies":[{"embeddable":true,"href":"https:\/\/www.tattja.com\/cs\/wp-json\/wp\/v2\/comments?post=1828"}],"version-history":[{"count":6,"href":"https:\/\/www.tattja.com\/cs\/wp-json\/wp\/v2\/product\/1828\/revisions"}],"predecessor-version":[{"id":5867,"href":"https:\/\/www.tattja.com\/cs\/wp-json\/wp\/v2\/product\/1828\/revisions\/5867"}],"wp:featuredmedia":[{"embeddable":true,"href":"https:\/\/www.tattja.com\/cs\/wp-json\/wp\/v2\/media\/7525"}],"wp:attachment":[{"href":"https:\/\/www.tattja.com\/cs\/wp-json\/wp\/v2\/media?parent=1828"}],"wp:term":[{"taxonomy":"product_brand","embeddable":true,"href":"https:\/\/www.tattja.com\/cs\/wp-json\/wp\/v2\/product_brand?post=1828"},{"taxonomy":"product_cat","embeddable":true,"href":"https:\/\/www.tattja.com\/cs\/wp-json\/wp\/v2\/product_cat?post=1828"},{"taxonomy":"product_tag","embeddable":true,"href":"https:\/\/www.tattja.com\/cs\/wp-json\/wp\/v2\/product_tag?post=1828"}],"curies":[{"name":"wp","href":"https:\/\/api.w.org\/{rel}","templated":true}]}}