{"id":1842,"date":"2025-08-06T07:44:13","date_gmt":"2025-08-06T05:44:13","guid":{"rendered":"https:\/\/www.tattja.com\/?post_type=product&#038;p=1842"},"modified":"2026-04-05T19:45:07","modified_gmt":"2026-04-05T17:45:07","slug":"damske-oblecenie-dvojset-magnhild-horcicovo-zlty","status":"publish","type":"product","link":"https:\/\/www.tattja.com\/cs\/product\/damske-oblecenie-dvojset-magnhild-horcicovo-zlty\/","title":{"rendered":"D\u00e1mske oble\u010denie 2-set MAGNHILD hor\u010dicovo-\u017elt\u00fd"},"content":{"rendered":"<p data-start=\"931\" data-end=\"1259\"><strong data-start=\"931\" data-end=\"983\">D\u00e1msk\u00fd dvojit\u00fd set MAGNHILD ho\u0159\u010dicov\u011b \u017elut\u00fd<\/strong> p\u0159edstavuje kombinaci elegance, prakti\u010dnosti a pozitivn\u00ed energie. Tato dvojit\u00e1 sada z kolekce <strong data-start=\"1076\" data-end=\"1086\">TATTJA<\/strong> se skl\u00e1d\u00e1 ze dvou dokonale slad\u011bn\u00fdch \u010d\u00e1st\u00ed - pleten\u00e9 \u0161\u00e1ly a \u010depice se \u0161t\u00edtem. Dohromady tvo\u0159\u00ed v\u00fdrazn\u00fd a z\u00e1rove\u0148 harmonick\u00fd celek, kter\u00fd udr\u017euje rovnov\u00e1hu mezi stylem a pohodl\u00edm.<\/p>\n<p data-start=\"1261\" data-end=\"1565\">Ho\u0159\u010dicov\u011b \u017elut\u00e1 barva symbolizuje radost, odvahu a \u017eivotn\u00ed optimismus. Je \u017eiv\u00e1, ale z\u00e1rove\u0148 elegantn\u00ed a sofistikovan\u00e1. \u0160\u00e1tek jemn\u011b obep\u00edn\u00e1 pas, poskytuje h\u0159ejiv\u00fd pocit a tvaruje \u017eenskou siluetu. D\u00edky pru\u017en\u00e9mu \u00fapletu se pohodln\u011b p\u0159izp\u016fsob\u00ed pohybu t\u011bla a zachov\u00e1v\u00e1 si pohodl\u00ed po cel\u00fd den.<\/p>\n<p data-start=\"1567\" data-end=\"1900\">\u010cepice s ko\u0161il\u00ed dod\u00e1v\u00e1 outfitu v\u00fdrazn\u00fd detail, kter\u00fd chr\u00e1n\u00ed p\u0159ed chladem a z\u00e1rove\u0148 zvy\u0161uje stylovost cel\u00e9ho vzhledu. Je lehk\u00e1, vzdu\u0161n\u00e1 a ide\u00e1ln\u00ed pro ka\u017edodenn\u00ed no\u0161en\u00ed. D\u00e1msk\u00e1 dvojit\u00e1 souprava oble\u010den\u00ed <strong data-start=\"1744\" data-end=\"1771\">MAGNHILD ho\u0159\u010dicov\u011b \u017elut\u00e1<\/strong> vypad\u00e1 sv\u011b\u017ee, origin\u00e1ln\u011b a elegantn\u011b - ide\u00e1ln\u00ed spole\u010dn\u00edk pro \u017eeny, kter\u00e9 miluj\u00ed nad\u010dasov\u00fd design s citem pro detail.<\/p>\n<p data-start=\"1902\" data-end=\"2153\">V kombinaci se sv\u011btl\u00fdmi odst\u00edny vytv\u00e1\u0159\u00ed jemn\u00fd kontrast, s \u0161ed\u00fdmi nebo tmav\u00fdmi t\u00f3ny p\u016fsob\u00ed odv\u00e1\u017en\u011b a m\u011bstsky. Tento model dokonale kombinuje funk\u010dnost, styl a p\u0159irozenou \u017eenskost, d\u00edky \u010demu\u017e se stane obl\u00edben\u00fdm kouskem v \u0161atn\u00edku ka\u017ed\u00e9 sebev\u011bdom\u00e9 \u017eeny.<\/p>\n<p data-start=\"2155\" data-end=\"2260\">Objevte kr\u00e1su <a href=\"https:\/\/shop.bogensberger.co.at\/produkt-schlagwort\/merino-extrafein\/\">Jemnosti<\/a>, sofistikovan\u00e9 detaily a \u017eensk\u00fd styl, kter\u00fd v\u00e1s zah\u0159eje a udr\u017e\u00ed v teple. <a href=\"https:\/\/www.tattja.com\/cs\/product-category\/damske-oblecenie\/dvojsety\/driekovnik-a-ciapka\/\">v jin\u00fdch barv\u00e1ch.<\/a><\/p>\n<p data-start=\"2262\" data-end=\"2419\"><strong data-start=\"2262\" data-end=\"2316\">Pod\u00edvejte se, jak\u00e9 materi\u00e1ly pou\u017e\u00edv\u00e1me k v\u00fdrob\u011b na\u0161ich v\u00fdrobk\u016f<\/strong> a dop\u0159ejte si pocit luxusu, kter\u00fd se dot\u00fdk\u00e1 va\u0161\u00ed poko\u017eky s jemnost\u00ed a p\u00e9\u010d\u00ed t\u00e9to zna\u010dky. <strong data-start=\"2406\" data-end=\"2416\">TATTJA<\/strong>.<\/p>","protected":false},"excerpt":{"rendered":"<p><strong data-start=\"594\" data-end=\"646\">D\u00e1msk\u00fd dvojit\u00fd set MAGNHILD ho\u0159\u010dicov\u011b \u017elut\u00fd<\/strong> spojuje eleganci, energii a pohodl\u00ed. Pleten\u00e1 \u0161erpa zv\u00fdraz\u0148uje siluetu a udr\u017euje teplo v pase, zat\u00edmco \u010depice s k\u0161iltem dod\u00e1v\u00e1 outfitu modern\u00ed m\u011bstsk\u00fd \u0161mrnc. Z\u00e1\u0159iv\u00e1 ho\u0159\u010dicov\u00e1 barva rozz\u00e1\u0159\u00ed ka\u017ed\u00fd den a podtrhne v\u00e1\u0161 jedine\u010dn\u00fd styl.<\/p>","protected":false},"featured_media":7528,"comment_status":"open","ping_status":"closed","template":"","meta":[],"product_brand":[],"product_cat":[289,300,294,188,185],"product_tag":[],"class_list":{"0":"post-1842","1":"product","2":"type-product","3":"status-publish","4":"has-post-thumbnail","6":"product_cat-dvojsety","7":"product_cat-damske-oblecenie","8":"product_cat-driekovnik-a-ciapka","9":"product_cat-dvojsety-horcicovo-zlte","10":"product_cat-pleteninove-doplnky-horcicovo-zlte","12":"first","13":"instock","14":"taxable","15":"shipping-taxable","16":"purchasable","17":"product-type-simple"},"yoast_head":"<!-- This site is optimized with the Yoast SEO plugin v26.0 - https:\/\/yoast.com\/wordpress\/plugins\/seo\/ -->\n<title>D\u00e1mske oble\u010denie 2-set MAGNHILD hor\u010dicovo-\u017elt\u00fd - TATTJA<\/title>\n<meta name=\"description\" content=\"D\u00e1mske oble\u010denie dvojset MAGNHILD hor\u010dicovo-\u017elt\u00fd \u2013 \u017eiariv\u00fd akcent luxusu a energie. Dokonal\u00e1 rovnov\u00e1ha \u0161t\u00fdlu, pohodlia a \u017eenskosti v jednom sete.\" \/>\n<meta name=\"robots\" content=\"index, follow, max-snippet:-1, max-image-preview:large, max-video-preview:-1\" \/>\n<link rel=\"canonical\" href=\"https:\/\/www.tattja.com\/cs\/product\/damske-oblecenie-dvojset-magnhild-horcicovo-zlty\/\" \/>\n<meta property=\"og:locale\" content=\"cs_CZ\" \/>\n<meta property=\"og:type\" content=\"article\" \/>\n<meta property=\"og:title\" content=\"D\u00e1mske oble\u010denie 2-set MAGNHILD hor\u010dicovo-\u017elt\u00fd - TATTJA\" \/>\n<meta property=\"og:description\" content=\"D\u00e1mske oble\u010denie dvojset MAGNHILD hor\u010dicovo-\u017elt\u00fd \u2013 \u017eiariv\u00fd akcent luxusu a energie. Dokonal\u00e1 rovnov\u00e1ha \u0161t\u00fdlu, pohodlia a \u017eenskosti v jednom sete.\" \/>\n<meta property=\"og:url\" content=\"https:\/\/www.tattja.com\/cs\/product\/damske-oblecenie-dvojset-magnhild-horcicovo-zlty\/\" \/>\n<meta property=\"og:site_name\" content=\"TATTJA\" \/>\n<meta property=\"article:modified_time\" content=\"2026-04-05T17:45:07+00:00\" \/>\n<meta property=\"og:image\" content=\"https:\/\/www.tattja.com\/wp-content\/uploads\/2026\/01\/horcicovo-zlty-dvojset-driekovnik-ciapka-spredu-28.webp\" \/>\n\t<meta property=\"og:image:width\" content=\"1365\" \/>\n\t<meta property=\"og:image:height\" content=\"2048\" \/>\n\t<meta property=\"og:image:type\" content=\"image\/webp\" \/>\n<meta name=\"twitter:card\" content=\"summary_large_image\" \/>\n<meta name=\"twitter:label1\" content=\"Odhadovan\u00e1 doba \u010dten\u00ed\" \/>\n\t<meta name=\"twitter:data1\" content=\"2 minuty\" \/>\n<script type=\"application\/ld+json\" class=\"yoast-schema-graph\">{\"@context\":\"https:\/\/schema.org\",\"@graph\":[{\"@type\":\"WebPage\",\"@id\":\"https:\/\/www.tattja.com\/product\/damske-oblecenie-dvojset-magnhild-horcicovo-zlty\/\",\"url\":\"https:\/\/www.tattja.com\/product\/damske-oblecenie-dvojset-magnhild-horcicovo-zlty\/\",\"name\":\"D\u00e1mske oble\u010denie 2-set MAGNHILD hor\u010dicovo-\u017elt\u00fd - TATTJA\",\"isPartOf\":{\"@id\":\"https:\/\/www.tattja.com\/#website\"},\"primaryImageOfPage\":{\"@id\":\"https:\/\/www.tattja.com\/product\/damske-oblecenie-dvojset-magnhild-horcicovo-zlty\/#primaryimage\"},\"image\":{\"@id\":\"https:\/\/www.tattja.com\/product\/damske-oblecenie-dvojset-magnhild-horcicovo-zlty\/#primaryimage\"},\"thumbnailUrl\":\"https:\/\/www.tattja.com\/wp-content\/uploads\/2026\/01\/horcicovo-zlty-dvojset-driekovnik-ciapka-spredu-28.webp\",\"datePublished\":\"2025-08-06T05:44:13+00:00\",\"dateModified\":\"2026-04-05T17:45:07+00:00\",\"description\":\"D\u00e1mske oble\u010denie dvojset MAGNHILD hor\u010dicovo-\u017elt\u00fd \u2013 \u017eiariv\u00fd akcent luxusu a energie. Dokonal\u00e1 rovnov\u00e1ha \u0161t\u00fdlu, pohodlia a \u017eenskosti v jednom sete.\",\"breadcrumb\":{\"@id\":\"https:\/\/www.tattja.com\/product\/damske-oblecenie-dvojset-magnhild-horcicovo-zlty\/#breadcrumb\"},\"inLanguage\":\"cs\",\"potentialAction\":[{\"@type\":\"ReadAction\",\"target\":[\"https:\/\/www.tattja.com\/product\/damske-oblecenie-dvojset-magnhild-horcicovo-zlty\/\"]}]},{\"@type\":\"ImageObject\",\"inLanguage\":\"cs\",\"@id\":\"https:\/\/www.tattja.com\/product\/damske-oblecenie-dvojset-magnhild-horcicovo-zlty\/#primaryimage\",\"url\":\"https:\/\/www.tattja.com\/wp-content\/uploads\/2026\/01\/horcicovo-zlty-dvojset-driekovnik-ciapka-spredu-28.webp\",\"contentUrl\":\"https:\/\/www.tattja.com\/wp-content\/uploads\/2026\/01\/horcicovo-zlty-dvojset-driekovnik-ciapka-spredu-28.webp\",\"width\":1365,\"height\":2048,\"caption\":\"Elegantn\u00fd pleten\u00fd dvojset MAGNHILD v hor\u010dicovo-\u017eltom odtieni \u2013 TATTJA\"},{\"@type\":\"BreadcrumbList\",\"@id\":\"https:\/\/www.tattja.com\/product\/damske-oblecenie-dvojset-magnhild-horcicovo-zlty\/#breadcrumb\",\"itemListElement\":[{\"@type\":\"ListItem\",\"position\":1,\"name\":\"Domov\",\"item\":\"https:\/\/www.tattja.com\/\"},{\"@type\":\"ListItem\",\"position\":2,\"name\":\"Produkty\",\"item\":\"https:\/\/www.tattja.com\/damske-oblecenie-produkty\/\"},{\"@type\":\"ListItem\",\"position\":3,\"name\":\"D\u00e1mske oble\u010denie 2-set MAGNHILD hor\u010dicovo-\u017elt\u00fd\"}]},{\"@type\":\"WebSite\",\"@id\":\"https:\/\/www.tattja.com\/#website\",\"url\":\"https:\/\/www.tattja.com\/\",\"name\":\"TATTJA\",\"description\":\"D\u00e1mske oble\u010denie z extra jemnej merino vlny \u2014 ru\u010dne pleten\u00e9 na Slovensku\",\"potentialAction\":[{\"@type\":\"SearchAction\",\"target\":{\"@type\":\"EntryPoint\",\"urlTemplate\":\"https:\/\/www.tattja.com\/?s={search_term_string}\"},\"query-input\":{\"@type\":\"PropertyValueSpecification\",\"valueRequired\":true,\"valueName\":\"search_term_string\"}}],\"inLanguage\":\"cs\"}]}<\/script>\n<!-- \/ Yoast SEO plugin. -->","yoast_head_json":{"title":"D\u00e1mske oble\u010denie 2-set MAGNHILD hor\u010dicovo-\u017elt\u00fd - TATTJA","description":"D\u00e1mske oble\u010denie dvojset MAGNHILD hor\u010dicovo-\u017elt\u00fd \u2013 \u017eiariv\u00fd akcent luxusu a energie. Dokonal\u00e1 rovnov\u00e1ha \u0161t\u00fdlu, pohodlia a \u017eenskosti v jednom sete.","robots":{"index":"index","follow":"follow","max-snippet":"max-snippet:-1","max-image-preview":"max-image-preview:large","max-video-preview":"max-video-preview:-1"},"canonical":"https:\/\/www.tattja.com\/cs\/product\/damske-oblecenie-dvojset-magnhild-horcicovo-zlty\/","og_locale":"cs_CZ","og_type":"article","og_title":"D\u00e1mske oble\u010denie 2-set MAGNHILD hor\u010dicovo-\u017elt\u00fd - TATTJA","og_description":"D\u00e1mske oble\u010denie dvojset MAGNHILD hor\u010dicovo-\u017elt\u00fd \u2013 \u017eiariv\u00fd akcent luxusu a energie. Dokonal\u00e1 rovnov\u00e1ha \u0161t\u00fdlu, pohodlia a \u017eenskosti v jednom sete.","og_url":"https:\/\/www.tattja.com\/cs\/product\/damske-oblecenie-dvojset-magnhild-horcicovo-zlty\/","og_site_name":"TATTJA","article_modified_time":"2026-04-05T17:45:07+00:00","og_image":[{"width":1365,"height":2048,"url":"https:\/\/www.tattja.com\/wp-content\/uploads\/2026\/01\/horcicovo-zlty-dvojset-driekovnik-ciapka-spredu-28.webp","type":"image\/webp"}],"twitter_card":"summary_large_image","twitter_misc":{"Odhadovan\u00e1 doba \u010dten\u00ed":"2 minuty"},"schema":{"@context":"https:\/\/schema.org","@graph":[{"@type":"WebPage","@id":"https:\/\/www.tattja.com\/product\/damske-oblecenie-dvojset-magnhild-horcicovo-zlty\/","url":"https:\/\/www.tattja.com\/product\/damske-oblecenie-dvojset-magnhild-horcicovo-zlty\/","name":"D\u00e1mske oble\u010denie 2-set MAGNHILD hor\u010dicovo-\u017elt\u00fd - TATTJA","isPartOf":{"@id":"https:\/\/www.tattja.com\/#website"},"primaryImageOfPage":{"@id":"https:\/\/www.tattja.com\/product\/damske-oblecenie-dvojset-magnhild-horcicovo-zlty\/#primaryimage"},"image":{"@id":"https:\/\/www.tattja.com\/product\/damske-oblecenie-dvojset-magnhild-horcicovo-zlty\/#primaryimage"},"thumbnailUrl":"https:\/\/www.tattja.com\/wp-content\/uploads\/2026\/01\/horcicovo-zlty-dvojset-driekovnik-ciapka-spredu-28.webp","datePublished":"2025-08-06T05:44:13+00:00","dateModified":"2026-04-05T17:45:07+00:00","description":"D\u00e1mske oble\u010denie dvojset MAGNHILD hor\u010dicovo-\u017elt\u00fd \u2013 \u017eiariv\u00fd akcent luxusu a energie. Dokonal\u00e1 rovnov\u00e1ha \u0161t\u00fdlu, pohodlia a \u017eenskosti v jednom sete.","breadcrumb":{"@id":"https:\/\/www.tattja.com\/product\/damske-oblecenie-dvojset-magnhild-horcicovo-zlty\/#breadcrumb"},"inLanguage":"cs","potentialAction":[{"@type":"ReadAction","target":["https:\/\/www.tattja.com\/product\/damske-oblecenie-dvojset-magnhild-horcicovo-zlty\/"]}]},{"@type":"ImageObject","inLanguage":"cs","@id":"https:\/\/www.tattja.com\/product\/damske-oblecenie-dvojset-magnhild-horcicovo-zlty\/#primaryimage","url":"https:\/\/www.tattja.com\/wp-content\/uploads\/2026\/01\/horcicovo-zlty-dvojset-driekovnik-ciapka-spredu-28.webp","contentUrl":"https:\/\/www.tattja.com\/wp-content\/uploads\/2026\/01\/horcicovo-zlty-dvojset-driekovnik-ciapka-spredu-28.webp","width":1365,"height":2048,"caption":"Elegantn\u00fd pleten\u00fd dvojset MAGNHILD v hor\u010dicovo-\u017eltom odtieni \u2013 TATTJA"},{"@type":"BreadcrumbList","@id":"https:\/\/www.tattja.com\/product\/damske-oblecenie-dvojset-magnhild-horcicovo-zlty\/#breadcrumb","itemListElement":[{"@type":"ListItem","position":1,"name":"Domov","item":"https:\/\/www.tattja.com\/"},{"@type":"ListItem","position":2,"name":"Produkty","item":"https:\/\/www.tattja.com\/damske-oblecenie-produkty\/"},{"@type":"ListItem","position":3,"name":"D\u00e1mske oble\u010denie 2-set MAGNHILD hor\u010dicovo-\u017elt\u00fd"}]},{"@type":"WebSite","@id":"https:\/\/www.tattja.com\/#website","url":"https:\/\/www.tattja.com\/","name":"TATTJA","description":"D\u00e1mske oble\u010denie z extra jemnej merino vlny \u2014 ru\u010dne pleten\u00e9 na Slovensku","potentialAction":[{"@type":"SearchAction","target":{"@type":"EntryPoint","urlTemplate":"https:\/\/www.tattja.com\/?s={search_term_string}"},"query-input":{"@type":"PropertyValueSpecification","valueRequired":true,"valueName":"search_term_string"}}],"inLanguage":"cs"}]}},"_links":{"self":[{"href":"https:\/\/www.tattja.com\/cs\/wp-json\/wp\/v2\/product\/1842","targetHints":{"allow":["GET"]}}],"collection":[{"href":"https:\/\/www.tattja.com\/cs\/wp-json\/wp\/v2\/product"}],"about":[{"href":"https:\/\/www.tattja.com\/cs\/wp-json\/wp\/v2\/types\/product"}],"replies":[{"embeddable":true,"href":"https:\/\/www.tattja.com\/cs\/wp-json\/wp\/v2\/comments?post=1842"}],"version-history":[{"count":6,"href":"https:\/\/www.tattja.com\/cs\/wp-json\/wp\/v2\/product\/1842\/revisions"}],"predecessor-version":[{"id":2777,"href":"https:\/\/www.tattja.com\/cs\/wp-json\/wp\/v2\/product\/1842\/revisions\/2777"}],"wp:featuredmedia":[{"embeddable":true,"href":"https:\/\/www.tattja.com\/cs\/wp-json\/wp\/v2\/media\/7528"}],"wp:attachment":[{"href":"https:\/\/www.tattja.com\/cs\/wp-json\/wp\/v2\/media?parent=1842"}],"wp:term":[{"taxonomy":"product_brand","embeddable":true,"href":"https:\/\/www.tattja.com\/cs\/wp-json\/wp\/v2\/product_brand?post=1842"},{"taxonomy":"product_cat","embeddable":true,"href":"https:\/\/www.tattja.com\/cs\/wp-json\/wp\/v2\/product_cat?post=1842"},{"taxonomy":"product_tag","embeddable":true,"href":"https:\/\/www.tattja.com\/cs\/wp-json\/wp\/v2\/product_tag?post=1842"}],"curies":[{"name":"wp","href":"https:\/\/api.w.org\/{rel}","templated":true}]}}