{"id":1862,"date":"2025-08-08T07:22:48","date_gmt":"2025-08-08T05:22:48","guid":{"rendered":"https:\/\/www.tattja.com\/?post_type=product&#038;p=1862"},"modified":"2026-04-05T19:45:06","modified_gmt":"2026-04-05T17:45:06","slug":"damske-oblecenie-ciapka-anja-cerveno-oranzova-lososova","status":"publish","type":"product","link":"https:\/\/www.tattja.com\/cs\/product\/damske-oblecenie-ciapka-anja-cerveno-oranzova-lososova\/","title":{"rendered":"D\u00e1msk\u00e1 od\u011bvn\u00ed \u010depice ANJA \u010derven\u00e1-oran\u017eov\u00e1-lososov\u00e1"},"content":{"rendered":"<p data-start=\"911\" data-end=\"1191\"><strong data-start=\"911\" data-end=\"969\">D\u00e1msk\u00e1 od\u011bvn\u00ed \u010depice ANJA \u010derven\u00e1-oran\u017eov\u00e1-lososov\u00e1<\/strong> je kombinac\u00ed energie, \u017eenskosti a nad\u010dasov\u00e9ho stylu. Tento v\u00fdjime\u010dn\u00fd dopln\u011bk z kolekce <strong data-start=\"1057\" data-end=\"1067\">TATTJA<\/strong> vynik\u00e1 sv\u011b\u017e\u00ed barvou, pohodln\u00fdm \u00fapletem a precizn\u00edm zpracov\u00e1n\u00edm, kter\u00e9 podtrhuje v\u00fdjime\u010dnost zna\u010dky.<\/p>\n<p data-start=\"1193\" data-end=\"1532\">Z\u00e1\u0159iv\u00fd odst\u00edn osciluje mezi intenzivn\u00ed \u010dervenou, teplou oran\u017eovou a jemn\u00fdm lososov\u00fdm t\u00f3nem. D\u00edky t\u00e9to barevn\u00e9 harmonii vypad\u00e1 \u010depice hrav\u011b a z\u00e1rove\u0148 elegantn\u011b. Do outfitu vn\u00e1\u0161\u00ed optimismus, radost a \u017eensk\u00fd \u0161arm. Skv\u011ble se hod\u00ed k neutr\u00e1ln\u00edm odst\u00edn\u016fm a kontrastn\u00edm kousk\u016fm, co\u017e otev\u00edr\u00e1 nekone\u010dn\u00e9 mo\u017enosti stylingu.<\/p>\n<p data-start=\"1534\" data-end=\"1777\">Jemn\u00fd \u017eebrovan\u00fd \u00faplet se p\u0159izp\u016fsob\u00ed tvaru hlavy a poskytuje p\u0159\u00edjemn\u00fd pocit tepla a pohodl\u00ed. Materi\u00e1l je na dotek m\u011bkk\u00fd, p\u0159esto si zachov\u00e1v\u00e1 sv\u016fj tvar a elegantn\u00ed strukturu. D\u00edky precizn\u00edmu zpracov\u00e1n\u00ed \u010depice spojuje prakti\u010dnost s estetickou dokonalost\u00ed.<\/p>\n<p data-start=\"1779\" data-end=\"2054\">Rafinovan\u00e1 silueta dod\u00e1v\u00e1 \u010depici modern\u00ed m\u011bstsk\u00fd n\u00e1dech a zvy\u0161uje jej\u00ed funk\u010dnost. Chr\u00e1n\u00ed o\u010di p\u0159ed v\u011btrem a slune\u010dn\u00edmi paprsky a z\u00e1rove\u0148 vytv\u00e1\u0159\u00ed sofistikovanou siluetu. Tento detail model odli\u0161uje <strong data-start=\"1964\" data-end=\"1972\">ANJA<\/strong> od b\u011b\u017en\u00fdch pleten\u00fdch \u010depic a \u010din\u00ed z n\u00ed ikonick\u00fd dopln\u011bk pro ka\u017edodenn\u00ed styl.<\/p>\n<p data-start=\"2056\" data-end=\"2305\"><strong data-start=\"2056\" data-end=\"2097\">D\u00e1msk\u00e1 od\u011bvn\u00ed \u010depice ANJA \u010derven\u00e1-oran\u017eov\u00e1-lososov\u00e1<\/strong> vynik\u00e1 samostatn\u011b i v kombinaci s dal\u0161\u00edmi kousky z kolekce. <strong data-start=\"2162\" data-end=\"2172\">TATTJA<\/strong>- s l\u00edmcem ko\u0161ile, p\u00e1sky na ruku nebo n\u00e1kr\u010dn\u00edkem. Spole\u010dn\u011b tvo\u0159\u00ed harmonick\u00fd celek, kter\u00fd v sob\u011b spojuje pohodl\u00ed, originalitu a \u017eenskou eleganci.<\/p>\n<p data-start=\"2307\" data-end=\"2412\">Objevte kr\u00e1su jemnosti, sofistikovan\u00fdch detail\u016f a \u017eensk\u00e9ho stylu, kter\u00e9 v\u00e1s zah\u0159ej\u00ed. <a href=\"https:\/\/www.tattja.com\/cs\/product-category\/damske-oblecenie\/doplnky-jednotlivo\/ciapky\/\">v jin\u00fdch barv\u00e1ch<\/a>.<\/p>\n<p data-start=\"2414\" data-end=\"2527\"><strong data-start=\"2414\" data-end=\"2468\">Viz, <a href=\"https:\/\/shop.bogensberger.co.at\/produkt-schlagwort\/merino-extrafein\/\">z jak\u00fdch materi\u00e1l\u016f<\/a> vyr\u00e1b\u00edme na\u0161e kusy<\/strong> a dop\u0159ejte si dotek luxusu, kter\u00fd uc\u00edt\u00edte v ka\u017ed\u00e9m vl\u00e1kn\u011b.<\/p>","protected":false},"excerpt":{"rendered":"<p><strong data-start=\"704\" data-end=\"762\">D\u00e1msk\u00e1 od\u011bvn\u00ed \u010depice ANJA \u010derven\u00e1-oran\u017eov\u00e1-lososov\u00e1<\/strong> - \u017div\u00e1 pleten\u00e1 \u010depice se \u0161\u00e1lou, kter\u00e1 spojuje h\u0159ejivost, \u017eenskost a hravost v jedine\u010dn\u00e9m m\u00f3dn\u00edm designu.<\/p>","protected":false},"featured_media":7077,"comment_status":"open","ping_status":"closed","template":"","meta":[],"product_brand":[],"product_cat":[176,282,300,298,169],"product_tag":[],"class_list":{"0":"post-1862","1":"product","2":"type-product","3":"status-publish","4":"has-post-thumbnail","6":"product_cat-ciapka-cervenooranzova-lososova","7":"product_cat-ciapky","8":"product_cat-damske-oblecenie","9":"product_cat-doplnky-jednotlivo","10":"product_cat-pleteninove-doplnky-cervenooranzove-lososove","12":"first","13":"instock","14":"taxable","15":"shipping-taxable","16":"purchasable","17":"product-type-simple"},"yoast_head":"<!-- This site is optimized with the Yoast SEO plugin v26.0 - https:\/\/yoast.com\/wordpress\/plugins\/seo\/ -->\n<title>D\u00e1mske oble\u010denie \u010diapka ANJA \u010derveno-oran\u017eov\u00e1-lososov\u00e1 - TATTJA<\/title>\n<meta name=\"description\" content=\"D\u00e1mske oble\u010denie \u010diapka ANJA \u010derveno-oran\u017eovo-lososov\u00e1 \u2013 svie\u017ea energia, \u017eensk\u00fd \u0161arm a jemn\u00e1 pletenina pre pohodlie a \u0161t\u00fdl po\u010das chladn\u00fdch dn\u00ed.\" \/>\n<meta name=\"robots\" content=\"index, follow, max-snippet:-1, max-image-preview:large, max-video-preview:-1\" \/>\n<link rel=\"canonical\" href=\"https:\/\/www.tattja.com\/cs\/product\/damske-oblecenie-ciapka-anja-cerveno-oranzova-lososova\/\" \/>\n<meta property=\"og:locale\" content=\"cs_CZ\" \/>\n<meta property=\"og:type\" content=\"article\" \/>\n<meta property=\"og:title\" content=\"D\u00e1mske oble\u010denie \u010diapka ANJA \u010derveno-oran\u017eov\u00e1-lososov\u00e1 - TATTJA\" \/>\n<meta property=\"og:description\" content=\"D\u00e1mske oble\u010denie \u010diapka ANJA \u010derveno-oran\u017eovo-lososov\u00e1 \u2013 svie\u017ea energia, \u017eensk\u00fd \u0161arm a jemn\u00e1 pletenina pre pohodlie a \u0161t\u00fdl po\u010das chladn\u00fdch dn\u00ed.\" \/>\n<meta property=\"og:url\" content=\"https:\/\/www.tattja.com\/cs\/product\/damske-oblecenie-ciapka-anja-cerveno-oranzova-lososova\/\" \/>\n<meta property=\"og:site_name\" content=\"TATTJA\" \/>\n<meta property=\"article:modified_time\" content=\"2026-04-05T17:45:06+00:00\" \/>\n<meta property=\"og:image\" content=\"https:\/\/www.tattja.com\/wp-content\/uploads\/2025\/12\/cerveno-oranzovy-lososovy-ciapka-spredu-43.webp\" \/>\n\t<meta property=\"og:image:width\" content=\"1365\" \/>\n\t<meta property=\"og:image:height\" content=\"2048\" \/>\n\t<meta property=\"og:image:type\" content=\"image\/webp\" \/>\n<meta name=\"twitter:card\" content=\"summary_large_image\" \/>\n<meta name=\"twitter:label1\" content=\"Odhadovan\u00e1 doba \u010dten\u00ed\" \/>\n\t<meta name=\"twitter:data1\" content=\"2 minuty\" \/>\n<script type=\"application\/ld+json\" class=\"yoast-schema-graph\">{\"@context\":\"https:\/\/schema.org\",\"@graph\":[{\"@type\":\"WebPage\",\"@id\":\"https:\/\/www.tattja.com\/product\/damske-oblecenie-ciapka-anja-cerveno-oranzova-lososova\/\",\"url\":\"https:\/\/www.tattja.com\/product\/damske-oblecenie-ciapka-anja-cerveno-oranzova-lososova\/\",\"name\":\"D\u00e1mske oble\u010denie \u010diapka ANJA \u010derveno-oran\u017eov\u00e1-lososov\u00e1 - TATTJA\",\"isPartOf\":{\"@id\":\"https:\/\/www.tattja.com\/#website\"},\"primaryImageOfPage\":{\"@id\":\"https:\/\/www.tattja.com\/product\/damske-oblecenie-ciapka-anja-cerveno-oranzova-lososova\/#primaryimage\"},\"image\":{\"@id\":\"https:\/\/www.tattja.com\/product\/damske-oblecenie-ciapka-anja-cerveno-oranzova-lososova\/#primaryimage\"},\"thumbnailUrl\":\"https:\/\/www.tattja.com\/wp-content\/uploads\/2025\/12\/cerveno-oranzovy-lososovy-ciapka-spredu-43.webp\",\"datePublished\":\"2025-08-08T05:22:48+00:00\",\"dateModified\":\"2026-04-05T17:45:06+00:00\",\"description\":\"D\u00e1mske oble\u010denie \u010diapka ANJA \u010derveno-oran\u017eovo-lososov\u00e1 \u2013 svie\u017ea energia, \u017eensk\u00fd \u0161arm a jemn\u00e1 pletenina pre pohodlie a \u0161t\u00fdl po\u010das chladn\u00fdch dn\u00ed.\",\"breadcrumb\":{\"@id\":\"https:\/\/www.tattja.com\/product\/damske-oblecenie-ciapka-anja-cerveno-oranzova-lososova\/#breadcrumb\"},\"inLanguage\":\"cs\",\"potentialAction\":[{\"@type\":\"ReadAction\",\"target\":[\"https:\/\/www.tattja.com\/product\/damske-oblecenie-ciapka-anja-cerveno-oranzova-lososova\/\"]}]},{\"@type\":\"ImageObject\",\"inLanguage\":\"cs\",\"@id\":\"https:\/\/www.tattja.com\/product\/damske-oblecenie-ciapka-anja-cerveno-oranzova-lososova\/#primaryimage\",\"url\":\"https:\/\/www.tattja.com\/wp-content\/uploads\/2025\/12\/cerveno-oranzovy-lososovy-ciapka-spredu-43.webp\",\"contentUrl\":\"https:\/\/www.tattja.com\/wp-content\/uploads\/2025\/12\/cerveno-oranzovy-lososovy-ciapka-spredu-43.webp\",\"width\":1365,\"height\":2048,\"caption\":\"\u010ciapka ANJA \u2013 \u010derveno-oran\u017eovo-lososov\u00fd odtie\u0148 v prednom poh\u013eade\"},{\"@type\":\"BreadcrumbList\",\"@id\":\"https:\/\/www.tattja.com\/product\/damske-oblecenie-ciapka-anja-cerveno-oranzova-lososova\/#breadcrumb\",\"itemListElement\":[{\"@type\":\"ListItem\",\"position\":1,\"name\":\"Domov\",\"item\":\"https:\/\/www.tattja.com\/\"},{\"@type\":\"ListItem\",\"position\":2,\"name\":\"Produkty\",\"item\":\"https:\/\/www.tattja.com\/damske-oblecenie-produkty\/\"},{\"@type\":\"ListItem\",\"position\":3,\"name\":\"D\u00e1mske oble\u010denie \u010diapka ANJA \u010derveno-oran\u017eov\u00e1-lososov\u00e1\"}]},{\"@type\":\"WebSite\",\"@id\":\"https:\/\/www.tattja.com\/#website\",\"url\":\"https:\/\/www.tattja.com\/\",\"name\":\"TATTJA\",\"description\":\"D\u00e1mske oble\u010denie z extra jemnej merino vlny \u2014 ru\u010dne pleten\u00e9 na Slovensku\",\"potentialAction\":[{\"@type\":\"SearchAction\",\"target\":{\"@type\":\"EntryPoint\",\"urlTemplate\":\"https:\/\/www.tattja.com\/?s={search_term_string}\"},\"query-input\":{\"@type\":\"PropertyValueSpecification\",\"valueRequired\":true,\"valueName\":\"search_term_string\"}}],\"inLanguage\":\"cs\"}]}<\/script>\n<!-- \/ Yoast SEO plugin. -->","yoast_head_json":{"title":"D\u00e1mske oble\u010denie \u010diapka ANJA \u010derveno-oran\u017eov\u00e1-lososov\u00e1 - TATTJA","description":"D\u00e1mske oble\u010denie \u010diapka ANJA \u010derveno-oran\u017eovo-lososov\u00e1 \u2013 svie\u017ea energia, \u017eensk\u00fd \u0161arm a jemn\u00e1 pletenina pre pohodlie a \u0161t\u00fdl po\u010das chladn\u00fdch dn\u00ed.","robots":{"index":"index","follow":"follow","max-snippet":"max-snippet:-1","max-image-preview":"max-image-preview:large","max-video-preview":"max-video-preview:-1"},"canonical":"https:\/\/www.tattja.com\/cs\/product\/damske-oblecenie-ciapka-anja-cerveno-oranzova-lososova\/","og_locale":"cs_CZ","og_type":"article","og_title":"D\u00e1mske oble\u010denie \u010diapka ANJA \u010derveno-oran\u017eov\u00e1-lososov\u00e1 - TATTJA","og_description":"D\u00e1mske oble\u010denie \u010diapka ANJA \u010derveno-oran\u017eovo-lososov\u00e1 \u2013 svie\u017ea energia, \u017eensk\u00fd \u0161arm a jemn\u00e1 pletenina pre pohodlie a \u0161t\u00fdl po\u010das chladn\u00fdch dn\u00ed.","og_url":"https:\/\/www.tattja.com\/cs\/product\/damske-oblecenie-ciapka-anja-cerveno-oranzova-lososova\/","og_site_name":"TATTJA","article_modified_time":"2026-04-05T17:45:06+00:00","og_image":[{"width":1365,"height":2048,"url":"https:\/\/www.tattja.com\/wp-content\/uploads\/2025\/12\/cerveno-oranzovy-lososovy-ciapka-spredu-43.webp","type":"image\/webp"}],"twitter_card":"summary_large_image","twitter_misc":{"Odhadovan\u00e1 doba \u010dten\u00ed":"2 minuty"},"schema":{"@context":"https:\/\/schema.org","@graph":[{"@type":"WebPage","@id":"https:\/\/www.tattja.com\/product\/damske-oblecenie-ciapka-anja-cerveno-oranzova-lososova\/","url":"https:\/\/www.tattja.com\/product\/damske-oblecenie-ciapka-anja-cerveno-oranzova-lososova\/","name":"D\u00e1mske oble\u010denie \u010diapka ANJA \u010derveno-oran\u017eov\u00e1-lososov\u00e1 - TATTJA","isPartOf":{"@id":"https:\/\/www.tattja.com\/#website"},"primaryImageOfPage":{"@id":"https:\/\/www.tattja.com\/product\/damske-oblecenie-ciapka-anja-cerveno-oranzova-lososova\/#primaryimage"},"image":{"@id":"https:\/\/www.tattja.com\/product\/damske-oblecenie-ciapka-anja-cerveno-oranzova-lososova\/#primaryimage"},"thumbnailUrl":"https:\/\/www.tattja.com\/wp-content\/uploads\/2025\/12\/cerveno-oranzovy-lososovy-ciapka-spredu-43.webp","datePublished":"2025-08-08T05:22:48+00:00","dateModified":"2026-04-05T17:45:06+00:00","description":"D\u00e1mske oble\u010denie \u010diapka ANJA \u010derveno-oran\u017eovo-lososov\u00e1 \u2013 svie\u017ea energia, \u017eensk\u00fd \u0161arm a jemn\u00e1 pletenina pre pohodlie a \u0161t\u00fdl po\u010das chladn\u00fdch dn\u00ed.","breadcrumb":{"@id":"https:\/\/www.tattja.com\/product\/damske-oblecenie-ciapka-anja-cerveno-oranzova-lososova\/#breadcrumb"},"inLanguage":"cs","potentialAction":[{"@type":"ReadAction","target":["https:\/\/www.tattja.com\/product\/damske-oblecenie-ciapka-anja-cerveno-oranzova-lososova\/"]}]},{"@type":"ImageObject","inLanguage":"cs","@id":"https:\/\/www.tattja.com\/product\/damske-oblecenie-ciapka-anja-cerveno-oranzova-lososova\/#primaryimage","url":"https:\/\/www.tattja.com\/wp-content\/uploads\/2025\/12\/cerveno-oranzovy-lososovy-ciapka-spredu-43.webp","contentUrl":"https:\/\/www.tattja.com\/wp-content\/uploads\/2025\/12\/cerveno-oranzovy-lososovy-ciapka-spredu-43.webp","width":1365,"height":2048,"caption":"\u010ciapka ANJA \u2013 \u010derveno-oran\u017eovo-lososov\u00fd odtie\u0148 v prednom poh\u013eade"},{"@type":"BreadcrumbList","@id":"https:\/\/www.tattja.com\/product\/damske-oblecenie-ciapka-anja-cerveno-oranzova-lososova\/#breadcrumb","itemListElement":[{"@type":"ListItem","position":1,"name":"Domov","item":"https:\/\/www.tattja.com\/"},{"@type":"ListItem","position":2,"name":"Produkty","item":"https:\/\/www.tattja.com\/damske-oblecenie-produkty\/"},{"@type":"ListItem","position":3,"name":"D\u00e1mske oble\u010denie \u010diapka ANJA \u010derveno-oran\u017eov\u00e1-lososov\u00e1"}]},{"@type":"WebSite","@id":"https:\/\/www.tattja.com\/#website","url":"https:\/\/www.tattja.com\/","name":"TATTJA","description":"D\u00e1mske oble\u010denie z extra jemnej merino vlny \u2014 ru\u010dne pleten\u00e9 na Slovensku","potentialAction":[{"@type":"SearchAction","target":{"@type":"EntryPoint","urlTemplate":"https:\/\/www.tattja.com\/?s={search_term_string}"},"query-input":{"@type":"PropertyValueSpecification","valueRequired":true,"valueName":"search_term_string"}}],"inLanguage":"cs"}]}},"_links":{"self":[{"href":"https:\/\/www.tattja.com\/cs\/wp-json\/wp\/v2\/product\/1862","targetHints":{"allow":["GET"]}}],"collection":[{"href":"https:\/\/www.tattja.com\/cs\/wp-json\/wp\/v2\/product"}],"about":[{"href":"https:\/\/www.tattja.com\/cs\/wp-json\/wp\/v2\/types\/product"}],"replies":[{"embeddable":true,"href":"https:\/\/www.tattja.com\/cs\/wp-json\/wp\/v2\/comments?post=1862"}],"version-history":[{"count":6,"href":"https:\/\/www.tattja.com\/cs\/wp-json\/wp\/v2\/product\/1862\/revisions"}],"predecessor-version":[{"id":5922,"href":"https:\/\/www.tattja.com\/cs\/wp-json\/wp\/v2\/product\/1862\/revisions\/5922"}],"wp:featuredmedia":[{"embeddable":true,"href":"https:\/\/www.tattja.com\/cs\/wp-json\/wp\/v2\/media\/7077"}],"wp:attachment":[{"href":"https:\/\/www.tattja.com\/cs\/wp-json\/wp\/v2\/media?parent=1862"}],"wp:term":[{"taxonomy":"product_brand","embeddable":true,"href":"https:\/\/www.tattja.com\/cs\/wp-json\/wp\/v2\/product_brand?post=1862"},{"taxonomy":"product_cat","embeddable":true,"href":"https:\/\/www.tattja.com\/cs\/wp-json\/wp\/v2\/product_cat?post=1862"},{"taxonomy":"product_tag","embeddable":true,"href":"https:\/\/www.tattja.com\/cs\/wp-json\/wp\/v2\/product_tag?post=1862"}],"curies":[{"name":"wp","href":"https:\/\/api.w.org\/{rel}","templated":true}]}}