{"id":1888,"date":"2025-08-08T07:53:17","date_gmt":"2025-08-08T05:53:17","guid":{"rendered":"https:\/\/www.tattja.com\/?post_type=product&#038;p=1888"},"modified":"2026-04-05T19:45:02","modified_gmt":"2026-04-05T17:45:02","slug":"damske-oblecenie-trojset-solvej-cerveno-oranzovy-lososovy","status":"publish","type":"product","link":"https:\/\/www.tattja.com\/cs\/product\/damske-oblecenie-trojset-solvej-cerveno-oranzovy-lososovy\/","title":{"rendered":"D\u00e1mske oble\u010denie 3-set SOLVEJ \u010derveno-oran\u017eov\u00fd lososov\u00fd"},"content":{"rendered":"<p data-start=\"939\" data-end=\"1234\"><strong data-start=\"939\" data-end=\"1000\">D\u00e1msk\u00e9 oble\u010den\u00ed trojkomplet SOLVEJ \u010derveno-oran\u017eov\u00fd lososov\u00fd<\/strong> zt\u011bles\u0148uje kombinaci elegance, energie a \u017eensk\u00e9ho sebev\u011bdom\u00ed. Tato sofistikovan\u00e1 pleten\u00e1 souprava zna\u010dky <strong data-start=\"1106\" data-end=\"1116\">TATTJA<\/strong> se skl\u00e1d\u00e1 z n\u00e1kr\u010dn\u00edku, n\u00e1kr\u010dn\u00edku a \u010depice se \u0161t\u00edtem - t\u0159\u00ed dokonale slad\u011bn\u00fdch kus\u016f, kter\u00e9 dohromady tvo\u0159\u00ed harmonick\u00fd celek.<\/p>\n<p data-start=\"1236\" data-end=\"1509\">N\u00e1kr\u010dn\u00edk jemn\u011b obep\u00edn\u00e1 ramena a krk, poskytuje pocit h\u0159ejiv\u00e9ho pohodl\u00ed a dod\u00e1v\u00e1 oble\u010den\u00ed sofistikovan\u00fd vzhled. L\u00edmec tvaruje postavu, vytv\u00e1\u0159\u00ed p\u016fvabnou siluetu a p\u0159in\u00e1\u0161\u00ed pohodl\u00ed po cel\u00fd den. \u010cepice s k\u0161iltem dod\u00e1v\u00e1 cel\u00e9mu vzhledu m\u011bstsk\u00fd n\u00e1dech a mladistvou energii.<\/p>\n<p data-start=\"1511\" data-end=\"1858\">Odst\u00edn \u010dervenooran\u017eov\u00e9 s lososov\u00fdm n\u00e1dechem vyza\u0159uje teplo, radost a jiskru \u017eivota. Tento t\u00f3n p\u016fsob\u00ed sv\u011b\u017ee, optimisticky a luxusn\u011b z\u00e1rove\u0148. Je to barva, kter\u00e1 p\u0159itahuje pozornost, ale z\u016fst\u00e1v\u00e1 nen\u00e1padn\u00e1 a \u017eensk\u00e1. Je upletena z prvot\u0159\u00eddn\u00edch vl\u00e1ken, je m\u011bkk\u00e1, jemn\u011b elastick\u00e1 a prody\u0161n\u00e1 - p\u0159izp\u016fsob\u00ed se t\u011blu a poskytne pohodl\u00ed i v chladn\u011bj\u0161\u00edch dnech.<\/p>\n<p data-start=\"1860\" data-end=\"2067\">D\u00e1msk\u00e1 t\u0159\u00edd\u00edln\u00e1 souprava SOLVEJ v \u010derveno-oran\u017eov\u00e9 lososov\u00e9 barv\u011b je vhodn\u00e1 k vrstven\u00ed i samostatn\u00e9mu no\u0161en\u00ed. O\u017eiv\u00ed minimalistick\u00fd outfit, prom\u011bn\u00ed oby\u010dejn\u00fd den ve stylovou lah\u016fdku a vnese do va\u0161eho \u0161atn\u00edku sv\u011b\u017e\u00ed n\u00e1dech \u0159emesln\u00e9ho zpracov\u00e1n\u00ed.<\/p>\n<p data-start=\"2069\" data-end=\"2381\">Ka\u017ed\u00fd kus kolekce <strong data-start=\"2090\" data-end=\"2100\">TATTJA<\/strong> p\u0159in\u00e1\u0161\u00ed rovnov\u00e1hu mezi funk\u010dnost\u00ed a estetikou. Tato souprava je ur\u010dena pro \u017eeny, kter\u00e9 hledaj\u00ed pohodl\u00ed, kvalitu a originalitu v jednom.<\/p>\n<p data-start=\"2069\" data-end=\"2381\">Objevte kr\u00e1su jemnosti, sofistikovan\u00fdch detail\u016f a \u017eensk\u00e9ho stylu, kter\u00e9 v\u00e1s zah\u0159ej\u00ed. <a href=\"https:\/\/www.tattja.com\/cs\/product-category\/produkty\/trojsety-3\/nakrcnik-a-driekovnik-a-ciapka\/\">v jin\u00fdch barv\u00e1ch<\/a>.<br data-start=\"2240\" data-end=\"2243\" \/><strong data-start=\"2243\" data-end=\"2300\">Viz, <a href=\"https:\/\/shop.bogensberger.co.at\/produkt-schlagwort\/merino-extrafein\/\">z jak\u00fdch materi\u00e1l\u016f<\/a> vyr\u00e1b\u00edme na\u0161e kusy<\/strong> a objevte m\u011bkkost \u00fapletu, kter\u00fd v sob\u011b spojuje pohodl\u00ed, styl a p\u0159irozenou eleganci.<\/p>","protected":false},"excerpt":{"rendered":"<p><strong data-start=\"666\" data-end=\"727\">D\u00e1msk\u00e9 oble\u010den\u00ed trojkomplet SOLVEJ \u010derveno-oran\u017eov\u00fd lososov\u00fd<\/strong> - pleten\u00e1 souprava TATTJA s n\u00e1kr\u010dn\u00edkem, n\u00e1kr\u010dn\u00edkem a \u010depic\u00ed. H\u0159ejiv\u00fd lososov\u011b \u010derven\u00fd t\u00f3n p\u0159in\u00e1\u0161\u00ed energii, styl a jemn\u00fd n\u00e1dech luxusu v ka\u017ed\u00e9m detailu.<\/p>","protected":false},"featured_media":7113,"comment_status":"open","ping_status":"closed","template":"","meta":[],"product_brand":[],"product_cat":[284,300,286,169,171],"product_tag":[],"class_list":{"0":"post-1888","1":"product","2":"type-product","3":"status-publish","4":"has-post-thumbnail","6":"product_cat-trojsety-3","7":"product_cat-damske-oblecenie","8":"product_cat-nakrcnik-a-driekovnik-a-ciapka","9":"product_cat-pleteninove-doplnky-cervenooranzove-lososove","10":"product_cat-trojsety-cervenooranzove-lososove","12":"first","13":"instock","14":"taxable","15":"shipping-taxable","16":"purchasable","17":"product-type-simple"},"yoast_head":"<!-- This site is optimized with the Yoast SEO plugin v26.0 - https:\/\/yoast.com\/wordpress\/plugins\/seo\/ -->\n<title>D\u00e1mske oble\u010denie 3-set SOLVEJ \u010derveno-oran\u017eov\u00fd lososov\u00fd - TATTJA<\/title>\n<meta name=\"description\" content=\"D\u00e1mske oble\u010denie trojset SOLVEJ \u010derveno-oran\u017eov\u00fd lososov\u00fd \u2013 luxusn\u00fd komplet TATTJA, ktor\u00fd sp\u00e1ja \u017eenskos\u0165, energiu a eleganciu v jedinom v\u00fdnimo\u010dnom sete.\" \/>\n<meta name=\"robots\" content=\"index, follow, max-snippet:-1, max-image-preview:large, max-video-preview:-1\" \/>\n<link rel=\"canonical\" href=\"https:\/\/www.tattja.com\/cs\/product\/damske-oblecenie-trojset-solvej-cerveno-oranzovy-lososovy\/\" \/>\n<meta property=\"og:locale\" content=\"cs_CZ\" \/>\n<meta property=\"og:type\" content=\"article\" \/>\n<meta property=\"og:title\" content=\"D\u00e1mske oble\u010denie 3-set SOLVEJ \u010derveno-oran\u017eov\u00fd lososov\u00fd - TATTJA\" \/>\n<meta property=\"og:description\" content=\"D\u00e1mske oble\u010denie trojset SOLVEJ \u010derveno-oran\u017eov\u00fd lososov\u00fd \u2013 luxusn\u00fd komplet TATTJA, ktor\u00fd sp\u00e1ja \u017eenskos\u0165, energiu a eleganciu v jedinom v\u00fdnimo\u010dnom sete.\" \/>\n<meta property=\"og:url\" content=\"https:\/\/www.tattja.com\/cs\/product\/damske-oblecenie-trojset-solvej-cerveno-oranzovy-lososovy\/\" \/>\n<meta property=\"og:site_name\" content=\"TATTJA\" \/>\n<meta property=\"article:modified_time\" content=\"2026-04-05T17:45:02+00:00\" \/>\n<meta property=\"og:image\" content=\"https:\/\/www.tattja.com\/wp-content\/uploads\/2025\/12\/cerveno-oranzovy-lososovy-trojset-nakrcnik-driekovnik-ciapka-spredu-19.webp\" \/>\n\t<meta property=\"og:image:width\" content=\"1365\" \/>\n\t<meta property=\"og:image:height\" content=\"2048\" \/>\n\t<meta property=\"og:image:type\" content=\"image\/webp\" \/>\n<meta name=\"twitter:card\" content=\"summary_large_image\" \/>\n<meta name=\"twitter:label1\" content=\"Odhadovan\u00e1 doba \u010dten\u00ed\" \/>\n\t<meta name=\"twitter:data1\" content=\"2 minuty\" \/>\n<script type=\"application\/ld+json\" class=\"yoast-schema-graph\">{\"@context\":\"https:\/\/schema.org\",\"@graph\":[{\"@type\":\"WebPage\",\"@id\":\"https:\/\/www.tattja.com\/product\/damske-oblecenie-trojset-solvej-cerveno-oranzovy-lososovy\/\",\"url\":\"https:\/\/www.tattja.com\/product\/damske-oblecenie-trojset-solvej-cerveno-oranzovy-lososovy\/\",\"name\":\"D\u00e1mske oble\u010denie 3-set SOLVEJ \u010derveno-oran\u017eov\u00fd lososov\u00fd - TATTJA\",\"isPartOf\":{\"@id\":\"https:\/\/www.tattja.com\/#website\"},\"primaryImageOfPage\":{\"@id\":\"https:\/\/www.tattja.com\/product\/damske-oblecenie-trojset-solvej-cerveno-oranzovy-lososovy\/#primaryimage\"},\"image\":{\"@id\":\"https:\/\/www.tattja.com\/product\/damske-oblecenie-trojset-solvej-cerveno-oranzovy-lososovy\/#primaryimage\"},\"thumbnailUrl\":\"https:\/\/www.tattja.com\/wp-content\/uploads\/2025\/12\/cerveno-oranzovy-lososovy-trojset-nakrcnik-driekovnik-ciapka-spredu-19.webp\",\"datePublished\":\"2025-08-08T05:53:17+00:00\",\"dateModified\":\"2026-04-05T17:45:02+00:00\",\"description\":\"D\u00e1mske oble\u010denie trojset SOLVEJ \u010derveno-oran\u017eov\u00fd lososov\u00fd \u2013 luxusn\u00fd komplet TATTJA, ktor\u00fd sp\u00e1ja \u017eenskos\u0165, energiu a eleganciu v jedinom v\u00fdnimo\u010dnom sete.\",\"breadcrumb\":{\"@id\":\"https:\/\/www.tattja.com\/product\/damske-oblecenie-trojset-solvej-cerveno-oranzovy-lososovy\/#breadcrumb\"},\"inLanguage\":\"cs\",\"potentialAction\":[{\"@type\":\"ReadAction\",\"target\":[\"https:\/\/www.tattja.com\/product\/damske-oblecenie-trojset-solvej-cerveno-oranzovy-lososovy\/\"]}]},{\"@type\":\"ImageObject\",\"inLanguage\":\"cs\",\"@id\":\"https:\/\/www.tattja.com\/product\/damske-oblecenie-trojset-solvej-cerveno-oranzovy-lososovy\/#primaryimage\",\"url\":\"https:\/\/www.tattja.com\/wp-content\/uploads\/2025\/12\/cerveno-oranzovy-lososovy-trojset-nakrcnik-driekovnik-ciapka-spredu-19.webp\",\"contentUrl\":\"https:\/\/www.tattja.com\/wp-content\/uploads\/2025\/12\/cerveno-oranzovy-lososovy-trojset-nakrcnik-driekovnik-ciapka-spredu-19.webp\",\"width\":1365,\"height\":2048,\"caption\":\"Trojset n\u00e1kr\u010dn\u00edk + driekovn\u00edk + \u010diapka v \u010derveno-oran\u017eovo-lososovej farbe \u2013 predn\u00fd poh\u013ead\"},{\"@type\":\"BreadcrumbList\",\"@id\":\"https:\/\/www.tattja.com\/product\/damske-oblecenie-trojset-solvej-cerveno-oranzovy-lososovy\/#breadcrumb\",\"itemListElement\":[{\"@type\":\"ListItem\",\"position\":1,\"name\":\"Domov\",\"item\":\"https:\/\/www.tattja.com\/\"},{\"@type\":\"ListItem\",\"position\":2,\"name\":\"Produkty\",\"item\":\"https:\/\/www.tattja.com\/damske-oblecenie-produkty\/\"},{\"@type\":\"ListItem\",\"position\":3,\"name\":\"D\u00e1mske oble\u010denie 3-set SOLVEJ \u010derveno-oran\u017eov\u00fd lososov\u00fd\"}]},{\"@type\":\"WebSite\",\"@id\":\"https:\/\/www.tattja.com\/#website\",\"url\":\"https:\/\/www.tattja.com\/\",\"name\":\"TATTJA\",\"description\":\"D\u00e1mske oble\u010denie z extra jemnej merino vlny \u2014 ru\u010dne pleten\u00e9 na Slovensku\",\"potentialAction\":[{\"@type\":\"SearchAction\",\"target\":{\"@type\":\"EntryPoint\",\"urlTemplate\":\"https:\/\/www.tattja.com\/?s={search_term_string}\"},\"query-input\":{\"@type\":\"PropertyValueSpecification\",\"valueRequired\":true,\"valueName\":\"search_term_string\"}}],\"inLanguage\":\"cs\"}]}<\/script>\n<!-- \/ Yoast SEO plugin. -->","yoast_head_json":{"title":"D\u00e1mske oble\u010denie 3-set SOLVEJ \u010derveno-oran\u017eov\u00fd lososov\u00fd - TATTJA","description":"D\u00e1mske oble\u010denie trojset SOLVEJ \u010derveno-oran\u017eov\u00fd lososov\u00fd \u2013 luxusn\u00fd komplet TATTJA, ktor\u00fd sp\u00e1ja \u017eenskos\u0165, energiu a eleganciu v jedinom v\u00fdnimo\u010dnom sete.","robots":{"index":"index","follow":"follow","max-snippet":"max-snippet:-1","max-image-preview":"max-image-preview:large","max-video-preview":"max-video-preview:-1"},"canonical":"https:\/\/www.tattja.com\/cs\/product\/damske-oblecenie-trojset-solvej-cerveno-oranzovy-lososovy\/","og_locale":"cs_CZ","og_type":"article","og_title":"D\u00e1mske oble\u010denie 3-set SOLVEJ \u010derveno-oran\u017eov\u00fd lososov\u00fd - TATTJA","og_description":"D\u00e1mske oble\u010denie trojset SOLVEJ \u010derveno-oran\u017eov\u00fd lososov\u00fd \u2013 luxusn\u00fd komplet TATTJA, ktor\u00fd sp\u00e1ja \u017eenskos\u0165, energiu a eleganciu v jedinom v\u00fdnimo\u010dnom sete.","og_url":"https:\/\/www.tattja.com\/cs\/product\/damske-oblecenie-trojset-solvej-cerveno-oranzovy-lososovy\/","og_site_name":"TATTJA","article_modified_time":"2026-04-05T17:45:02+00:00","og_image":[{"width":1365,"height":2048,"url":"https:\/\/www.tattja.com\/wp-content\/uploads\/2025\/12\/cerveno-oranzovy-lososovy-trojset-nakrcnik-driekovnik-ciapka-spredu-19.webp","type":"image\/webp"}],"twitter_card":"summary_large_image","twitter_misc":{"Odhadovan\u00e1 doba \u010dten\u00ed":"2 minuty"},"schema":{"@context":"https:\/\/schema.org","@graph":[{"@type":"WebPage","@id":"https:\/\/www.tattja.com\/product\/damske-oblecenie-trojset-solvej-cerveno-oranzovy-lososovy\/","url":"https:\/\/www.tattja.com\/product\/damske-oblecenie-trojset-solvej-cerveno-oranzovy-lososovy\/","name":"D\u00e1mske oble\u010denie 3-set SOLVEJ \u010derveno-oran\u017eov\u00fd lososov\u00fd - TATTJA","isPartOf":{"@id":"https:\/\/www.tattja.com\/#website"},"primaryImageOfPage":{"@id":"https:\/\/www.tattja.com\/product\/damske-oblecenie-trojset-solvej-cerveno-oranzovy-lososovy\/#primaryimage"},"image":{"@id":"https:\/\/www.tattja.com\/product\/damske-oblecenie-trojset-solvej-cerveno-oranzovy-lososovy\/#primaryimage"},"thumbnailUrl":"https:\/\/www.tattja.com\/wp-content\/uploads\/2025\/12\/cerveno-oranzovy-lososovy-trojset-nakrcnik-driekovnik-ciapka-spredu-19.webp","datePublished":"2025-08-08T05:53:17+00:00","dateModified":"2026-04-05T17:45:02+00:00","description":"D\u00e1mske oble\u010denie trojset SOLVEJ \u010derveno-oran\u017eov\u00fd lososov\u00fd \u2013 luxusn\u00fd komplet TATTJA, ktor\u00fd sp\u00e1ja \u017eenskos\u0165, energiu a eleganciu v jedinom v\u00fdnimo\u010dnom sete.","breadcrumb":{"@id":"https:\/\/www.tattja.com\/product\/damske-oblecenie-trojset-solvej-cerveno-oranzovy-lososovy\/#breadcrumb"},"inLanguage":"cs","potentialAction":[{"@type":"ReadAction","target":["https:\/\/www.tattja.com\/product\/damske-oblecenie-trojset-solvej-cerveno-oranzovy-lososovy\/"]}]},{"@type":"ImageObject","inLanguage":"cs","@id":"https:\/\/www.tattja.com\/product\/damske-oblecenie-trojset-solvej-cerveno-oranzovy-lososovy\/#primaryimage","url":"https:\/\/www.tattja.com\/wp-content\/uploads\/2025\/12\/cerveno-oranzovy-lososovy-trojset-nakrcnik-driekovnik-ciapka-spredu-19.webp","contentUrl":"https:\/\/www.tattja.com\/wp-content\/uploads\/2025\/12\/cerveno-oranzovy-lososovy-trojset-nakrcnik-driekovnik-ciapka-spredu-19.webp","width":1365,"height":2048,"caption":"Trojset n\u00e1kr\u010dn\u00edk + driekovn\u00edk + \u010diapka v \u010derveno-oran\u017eovo-lososovej farbe \u2013 predn\u00fd poh\u013ead"},{"@type":"BreadcrumbList","@id":"https:\/\/www.tattja.com\/product\/damske-oblecenie-trojset-solvej-cerveno-oranzovy-lososovy\/#breadcrumb","itemListElement":[{"@type":"ListItem","position":1,"name":"Domov","item":"https:\/\/www.tattja.com\/"},{"@type":"ListItem","position":2,"name":"Produkty","item":"https:\/\/www.tattja.com\/damske-oblecenie-produkty\/"},{"@type":"ListItem","position":3,"name":"D\u00e1mske oble\u010denie 3-set SOLVEJ \u010derveno-oran\u017eov\u00fd lososov\u00fd"}]},{"@type":"WebSite","@id":"https:\/\/www.tattja.com\/#website","url":"https:\/\/www.tattja.com\/","name":"TATTJA","description":"D\u00e1mske oble\u010denie z extra jemnej merino vlny \u2014 ru\u010dne pleten\u00e9 na Slovensku","potentialAction":[{"@type":"SearchAction","target":{"@type":"EntryPoint","urlTemplate":"https:\/\/www.tattja.com\/?s={search_term_string}"},"query-input":{"@type":"PropertyValueSpecification","valueRequired":true,"valueName":"search_term_string"}}],"inLanguage":"cs"}]}},"_links":{"self":[{"href":"https:\/\/www.tattja.com\/cs\/wp-json\/wp\/v2\/product\/1888","targetHints":{"allow":["GET"]}}],"collection":[{"href":"https:\/\/www.tattja.com\/cs\/wp-json\/wp\/v2\/product"}],"about":[{"href":"https:\/\/www.tattja.com\/cs\/wp-json\/wp\/v2\/types\/product"}],"replies":[{"embeddable":true,"href":"https:\/\/www.tattja.com\/cs\/wp-json\/wp\/v2\/comments?post=1888"}],"version-history":[{"count":6,"href":"https:\/\/www.tattja.com\/cs\/wp-json\/wp\/v2\/product\/1888\/revisions"}],"predecessor-version":[{"id":7252,"href":"https:\/\/www.tattja.com\/cs\/wp-json\/wp\/v2\/product\/1888\/revisions\/7252"}],"wp:featuredmedia":[{"embeddable":true,"href":"https:\/\/www.tattja.com\/cs\/wp-json\/wp\/v2\/media\/7113"}],"wp:attachment":[{"href":"https:\/\/www.tattja.com\/cs\/wp-json\/wp\/v2\/media?parent=1888"}],"wp:term":[{"taxonomy":"product_brand","embeddable":true,"href":"https:\/\/www.tattja.com\/cs\/wp-json\/wp\/v2\/product_brand?post=1888"},{"taxonomy":"product_cat","embeddable":true,"href":"https:\/\/www.tattja.com\/cs\/wp-json\/wp\/v2\/product_cat?post=1888"},{"taxonomy":"product_tag","embeddable":true,"href":"https:\/\/www.tattja.com\/cs\/wp-json\/wp\/v2\/product_tag?post=1888"}],"curies":[{"name":"wp","href":"https:\/\/api.w.org\/{rel}","templated":true}]}}