{"id":1890,"date":"2025-08-08T07:55:20","date_gmt":"2025-08-08T05:55:20","guid":{"rendered":"https:\/\/www.tattja.com\/?post_type=product&#038;p=1890"},"modified":"2026-04-05T19:45:02","modified_gmt":"2026-04-05T17:45:02","slug":"stvorset-tattja-cerveno-oranzovy-lososovy","status":"publish","type":"product","link":"https:\/\/www.tattja.com\/cs\/product\/stvorset-tattja-cerveno-oranzovy-lososovy\/","title":{"rendered":"D\u00e1mske oble\u010denie 4-set TATTJA \u010derveno-oran\u017eov\u00fd lososov\u00fd"},"content":{"rendered":"<p data-start=\"974\" data-end=\"1393\"><strong data-start=\"974\" data-end=\"1019\">D\u00e1msk\u00e9 \u010dty\u0159d\u00edln\u00e9 plavky TATTJA \u010derveno-oran\u017eov\u00e9 lososov\u00e9<\/strong> p\u0159edstavuje zt\u011blesn\u011bn\u00ed \u017eenskosti, elegance a v\u00fdjime\u010dn\u00e9ho stylu. Tento luxusn\u00ed komplet se skl\u00e1d\u00e1 ze \u010dty\u0159 ikonick\u00fdch kousk\u016f - n\u00e1kr\u010dn\u00edku, \u0161\u00e1tku, n\u00e1ramen\u00edk\u016f a \u010depice se \u0161\u00e1lou. Tyto kousky spole\u010dn\u011b vytv\u00e1\u0159ej\u00ed harmonickou rovnov\u00e1hu mezi funk\u010dnost\u00ed a estetikou. Ka\u017ed\u00fd prvek jsme navrhli s d\u016frazem na detail, pohodl\u00ed a origin\u00e1ln\u00ed design, abychom zd\u016fraznili individualitu ka\u017ed\u00e9 \u017eeny.<\/p>\n<p data-start=\"1395\" data-end=\"1693\">\u010cervenooran\u017eov\u00fd lososov\u00fd odst\u00edn vynik\u00e1 h\u0159ejivou energi\u00ed a smyslnost\u00ed. Je to barva, kter\u00e1 symbolizuje odvahu, v\u00e1\u0161e\u0148 a sebev\u011bdom\u00ed, ale z\u00e1rove\u0148 p\u016fsob\u00ed jemn\u011b a sofistikovan\u011b. D\u00edky t\u00e9to harmonick\u00e9 kombinaci barev p\u016fsob\u00ed optimisticky a z\u00e1\u0159iv\u011b - je dokonal\u00fdm dopl\u0148kem zimn\u00edch i jarn\u00edch outfit\u016f.<\/p>\n<p data-start=\"1695\" data-end=\"2003\">Jemn\u00e1 pletenina rafinovan\u011b obep\u00edn\u00e1 t\u011blo, n\u00e1kr\u010dn\u00edk p\u0159in\u00e1\u0161\u00ed h\u0159ejiv\u00fd n\u00e1dech, ram\u00ednko zv\u00fdraz\u0148uje linii postavy, man\u017eety ruk\u00e1v\u016f dod\u00e1vaj\u00ed elegantn\u00ed detail a \u010depice se \u0161\u00e1lou uzav\u00edr\u00e1 cel\u00fd vzhled s modern\u00edm charakterem. Spole\u010dn\u011b vytv\u00e1\u0159ej\u00ed jedine\u010dn\u00fd pocit pohodl\u00ed a sebed\u016fv\u011bry, kter\u00fd podtrhuje \u017eenskou s\u00edlu a p\u0159irozenou kr\u00e1su.<\/p>\n<p data-start=\"2005\" data-end=\"2222\"><strong data-start=\"2005\" data-end=\"2050\">D\u00e1msk\u00e9 \u010dty\u0159d\u00edln\u00e9 plavky TATTJA \u010derveno-oran\u017eov\u00e9 lososov\u00e9<\/strong> je v\u00edc ne\u017e jen m\u00f3dn\u00ed dopln\u011bk - je to z\u00e1\u017eitek, kter\u00fd spojuje luxus, funk\u010dnost a radost z barev. Je ide\u00e1ln\u00ed pro \u017eeny, kter\u00e9 cht\u011bj\u00ed vyniknout a c\u00edtit se v\u00fdjime\u010dn\u011b ka\u017ed\u00fd den.<\/p>\n<p data-start=\"2005\" data-end=\"2222\">Objevte kr\u00e1su jemnosti, sofistikovan\u00fdch detail\u016f a \u017eensk\u00e9ho stylu, kter\u00fd v\u00e1s zah\u0159eje. <a href=\"https:\/\/www.tattja.com\/cs\/product-category\/produkty\/stvorset\/\">tak\u00e9 v jin\u00fdch barv\u00e1ch<\/a>.<\/p>\n<p data-start=\"2224\" data-end=\"2373\"><strong data-start=\"2224\" data-end=\"2281\">Viz, <a href=\"https:\/\/shop.bogensberger.co.at\/produkt-schlagwort\/merino-extrafein\/\">z jak\u00fdch materi\u00e1l\u016f<\/a> vyr\u00e1b\u00edme na\u0161e kusy<\/strong>, a objevte autentick\u00e9 pohodl\u00ed, poctiv\u00e9 ru\u010dn\u00ed zpracov\u00e1n\u00ed a kvalitu, kter\u00e9 definuj\u00ed zna\u010dku TATTJA.<\/p>","protected":false},"excerpt":{"rendered":"<p><strong data-start=\"677\" data-end=\"722\">D\u00e1msk\u00e9 \u010dty\u0159d\u00edln\u00e9 plavky TATTJA \u010derveno-oran\u017eov\u00e9 lososov\u00e9<\/strong> vyza\u0159uje \u017eenskost, energii a styl. \u010cty\u0159i pleten\u00e9 d\u00edly - \u010depice, n\u00e1kr\u010dn\u00edk, ruk\u00e1vy a ramena - tvo\u0159\u00ed harmonick\u00fd celek, kter\u00fd spojuje pohodl\u00ed, eleganci a v\u00fdrazn\u00e9 barvy s rafinovanost\u00ed.<\/p>","protected":false},"featured_media":7107,"comment_status":"open","ping_status":"closed","template":"","meta":[],"product_brand":[],"product_cat":[296,300,297,169,170],"product_tag":[],"class_list":{"0":"post-1890","1":"product","2":"type-product","3":"status-publish","4":"has-post-thumbnail","6":"product_cat-stvorset","7":"product_cat-damske-oblecenie","8":"product_cat-nakrcnik-a-driekovnik-a-rukavniky-a-ciapka","9":"product_cat-pleteninove-doplnky-cervenooranzove-lososove","10":"product_cat-stvorset-cervenooranzovy-lososovy","12":"first","13":"instock","14":"taxable","15":"shipping-taxable","16":"purchasable","17":"product-type-simple"},"yoast_head":"<!-- This site is optimized with the Yoast SEO plugin v26.0 - https:\/\/yoast.com\/wordpress\/plugins\/seo\/ -->\n<title>D\u00e1mske oble\u010denie 4-set TATTJA \u010derveno-oran\u017eov\u00fd lososov\u00fd - TATTJA<\/title>\n<meta name=\"description\" content=\"D\u00e1mske oble\u010denie \u0161tvorset TATTJA \u010derveno-oran\u017eov\u00fd lososov\u00fd \u2013 luxusn\u00fd d\u00e1msky komplet, ktor\u00fd sp\u00e1ja v\u00e1\u0161e\u0148 farby, \u017eenskos\u0165 a nad\u010dasov\u00fa eleganciu v jednom sete.\" \/>\n<meta name=\"robots\" content=\"index, follow, max-snippet:-1, max-image-preview:large, max-video-preview:-1\" \/>\n<link rel=\"canonical\" href=\"https:\/\/www.tattja.com\/cs\/product\/stvorset-tattja-cerveno-oranzovy-lososovy\/\" \/>\n<meta property=\"og:locale\" content=\"cs_CZ\" \/>\n<meta property=\"og:type\" content=\"article\" \/>\n<meta property=\"og:title\" content=\"D\u00e1mske oble\u010denie 4-set TATTJA \u010derveno-oran\u017eov\u00fd lososov\u00fd - TATTJA\" \/>\n<meta property=\"og:description\" content=\"D\u00e1mske oble\u010denie \u0161tvorset TATTJA \u010derveno-oran\u017eov\u00fd lososov\u00fd \u2013 luxusn\u00fd d\u00e1msky komplet, ktor\u00fd sp\u00e1ja v\u00e1\u0161e\u0148 farby, \u017eenskos\u0165 a nad\u010dasov\u00fa eleganciu v jednom sete.\" \/>\n<meta property=\"og:url\" content=\"https:\/\/www.tattja.com\/cs\/product\/stvorset-tattja-cerveno-oranzovy-lososovy\/\" \/>\n<meta property=\"og:site_name\" content=\"TATTJA\" \/>\n<meta property=\"article:modified_time\" content=\"2026-04-05T17:45:02+00:00\" \/>\n<meta property=\"og:image\" content=\"https:\/\/www.tattja.com\/wp-content\/uploads\/2025\/12\/cerveno-oranzovy-lososovy-stvorset-nakrcnik-driekovnik-rukavniky-ciapka-spredu-10.webp\" \/>\n\t<meta property=\"og:image:width\" content=\"1365\" \/>\n\t<meta property=\"og:image:height\" content=\"2048\" \/>\n\t<meta property=\"og:image:type\" content=\"image\/webp\" \/>\n<meta name=\"twitter:card\" content=\"summary_large_image\" \/>\n<meta name=\"twitter:label1\" content=\"Odhadovan\u00e1 doba \u010dten\u00ed\" \/>\n\t<meta name=\"twitter:data1\" content=\"2 minuty\" \/>\n<script type=\"application\/ld+json\" class=\"yoast-schema-graph\">{\"@context\":\"https:\/\/schema.org\",\"@graph\":[{\"@type\":\"WebPage\",\"@id\":\"https:\/\/www.tattja.com\/product\/stvorset-tattja-cerveno-oranzovy-lososovy\/\",\"url\":\"https:\/\/www.tattja.com\/product\/stvorset-tattja-cerveno-oranzovy-lososovy\/\",\"name\":\"D\u00e1mske oble\u010denie 4-set TATTJA \u010derveno-oran\u017eov\u00fd lososov\u00fd - TATTJA\",\"isPartOf\":{\"@id\":\"https:\/\/www.tattja.com\/#website\"},\"primaryImageOfPage\":{\"@id\":\"https:\/\/www.tattja.com\/product\/stvorset-tattja-cerveno-oranzovy-lososovy\/#primaryimage\"},\"image\":{\"@id\":\"https:\/\/www.tattja.com\/product\/stvorset-tattja-cerveno-oranzovy-lososovy\/#primaryimage\"},\"thumbnailUrl\":\"https:\/\/www.tattja.com\/wp-content\/uploads\/2025\/12\/cerveno-oranzovy-lososovy-stvorset-nakrcnik-driekovnik-rukavniky-ciapka-spredu-10.webp\",\"datePublished\":\"2025-08-08T05:55:20+00:00\",\"dateModified\":\"2026-04-05T17:45:02+00:00\",\"description\":\"D\u00e1mske oble\u010denie \u0161tvorset TATTJA \u010derveno-oran\u017eov\u00fd lososov\u00fd \u2013 luxusn\u00fd d\u00e1msky komplet, ktor\u00fd sp\u00e1ja v\u00e1\u0161e\u0148 farby, \u017eenskos\u0165 a nad\u010dasov\u00fa eleganciu v jednom sete.\",\"breadcrumb\":{\"@id\":\"https:\/\/www.tattja.com\/product\/stvorset-tattja-cerveno-oranzovy-lososovy\/#breadcrumb\"},\"inLanguage\":\"cs\",\"potentialAction\":[{\"@type\":\"ReadAction\",\"target\":[\"https:\/\/www.tattja.com\/product\/stvorset-tattja-cerveno-oranzovy-lososovy\/\"]}]},{\"@type\":\"ImageObject\",\"inLanguage\":\"cs\",\"@id\":\"https:\/\/www.tattja.com\/product\/stvorset-tattja-cerveno-oranzovy-lososovy\/#primaryimage\",\"url\":\"https:\/\/www.tattja.com\/wp-content\/uploads\/2025\/12\/cerveno-oranzovy-lososovy-stvorset-nakrcnik-driekovnik-rukavniky-ciapka-spredu-10.webp\",\"contentUrl\":\"https:\/\/www.tattja.com\/wp-content\/uploads\/2025\/12\/cerveno-oranzovy-lososovy-stvorset-nakrcnik-driekovnik-rukavniky-ciapka-spredu-10.webp\",\"width\":1365,\"height\":2048,\"caption\":\"\u0160tvorset \u010diapka + n\u00e1kr\u010dn\u00edk + driekovn\u00edk + ruk\u00e1vniky v \u010derveno-oran\u017eovo-lososovej farbe \u2013 predn\u00fd poh\u013ead\"},{\"@type\":\"BreadcrumbList\",\"@id\":\"https:\/\/www.tattja.com\/product\/stvorset-tattja-cerveno-oranzovy-lososovy\/#breadcrumb\",\"itemListElement\":[{\"@type\":\"ListItem\",\"position\":1,\"name\":\"Domov\",\"item\":\"https:\/\/www.tattja.com\/\"},{\"@type\":\"ListItem\",\"position\":2,\"name\":\"Produkty\",\"item\":\"https:\/\/www.tattja.com\/damske-oblecenie-produkty\/\"},{\"@type\":\"ListItem\",\"position\":3,\"name\":\"D\u00e1mske oble\u010denie 4-set TATTJA \u010derveno-oran\u017eov\u00fd lososov\u00fd\"}]},{\"@type\":\"WebSite\",\"@id\":\"https:\/\/www.tattja.com\/#website\",\"url\":\"https:\/\/www.tattja.com\/\",\"name\":\"TATTJA\",\"description\":\"D\u00e1mske oble\u010denie z extra jemnej merino vlny \u2014 ru\u010dne pleten\u00e9 na Slovensku\",\"potentialAction\":[{\"@type\":\"SearchAction\",\"target\":{\"@type\":\"EntryPoint\",\"urlTemplate\":\"https:\/\/www.tattja.com\/?s={search_term_string}\"},\"query-input\":{\"@type\":\"PropertyValueSpecification\",\"valueRequired\":true,\"valueName\":\"search_term_string\"}}],\"inLanguage\":\"cs\"}]}<\/script>\n<!-- \/ Yoast SEO plugin. -->","yoast_head_json":{"title":"D\u00e1mske oble\u010denie 4-set TATTJA \u010derveno-oran\u017eov\u00fd lososov\u00fd - TATTJA","description":"D\u00e1mske oble\u010denie \u0161tvorset TATTJA \u010derveno-oran\u017eov\u00fd lososov\u00fd \u2013 luxusn\u00fd d\u00e1msky komplet, ktor\u00fd sp\u00e1ja v\u00e1\u0161e\u0148 farby, \u017eenskos\u0165 a nad\u010dasov\u00fa eleganciu v jednom sete.","robots":{"index":"index","follow":"follow","max-snippet":"max-snippet:-1","max-image-preview":"max-image-preview:large","max-video-preview":"max-video-preview:-1"},"canonical":"https:\/\/www.tattja.com\/cs\/product\/stvorset-tattja-cerveno-oranzovy-lososovy\/","og_locale":"cs_CZ","og_type":"article","og_title":"D\u00e1mske oble\u010denie 4-set TATTJA \u010derveno-oran\u017eov\u00fd lososov\u00fd - TATTJA","og_description":"D\u00e1mske oble\u010denie \u0161tvorset TATTJA \u010derveno-oran\u017eov\u00fd lososov\u00fd \u2013 luxusn\u00fd d\u00e1msky komplet, ktor\u00fd sp\u00e1ja v\u00e1\u0161e\u0148 farby, \u017eenskos\u0165 a nad\u010dasov\u00fa eleganciu v jednom sete.","og_url":"https:\/\/www.tattja.com\/cs\/product\/stvorset-tattja-cerveno-oranzovy-lososovy\/","og_site_name":"TATTJA","article_modified_time":"2026-04-05T17:45:02+00:00","og_image":[{"width":1365,"height":2048,"url":"https:\/\/www.tattja.com\/wp-content\/uploads\/2025\/12\/cerveno-oranzovy-lososovy-stvorset-nakrcnik-driekovnik-rukavniky-ciapka-spredu-10.webp","type":"image\/webp"}],"twitter_card":"summary_large_image","twitter_misc":{"Odhadovan\u00e1 doba \u010dten\u00ed":"2 minuty"},"schema":{"@context":"https:\/\/schema.org","@graph":[{"@type":"WebPage","@id":"https:\/\/www.tattja.com\/product\/stvorset-tattja-cerveno-oranzovy-lososovy\/","url":"https:\/\/www.tattja.com\/product\/stvorset-tattja-cerveno-oranzovy-lososovy\/","name":"D\u00e1mske oble\u010denie 4-set TATTJA \u010derveno-oran\u017eov\u00fd lososov\u00fd - TATTJA","isPartOf":{"@id":"https:\/\/www.tattja.com\/#website"},"primaryImageOfPage":{"@id":"https:\/\/www.tattja.com\/product\/stvorset-tattja-cerveno-oranzovy-lososovy\/#primaryimage"},"image":{"@id":"https:\/\/www.tattja.com\/product\/stvorset-tattja-cerveno-oranzovy-lososovy\/#primaryimage"},"thumbnailUrl":"https:\/\/www.tattja.com\/wp-content\/uploads\/2025\/12\/cerveno-oranzovy-lososovy-stvorset-nakrcnik-driekovnik-rukavniky-ciapka-spredu-10.webp","datePublished":"2025-08-08T05:55:20+00:00","dateModified":"2026-04-05T17:45:02+00:00","description":"D\u00e1mske oble\u010denie \u0161tvorset TATTJA \u010derveno-oran\u017eov\u00fd lososov\u00fd \u2013 luxusn\u00fd d\u00e1msky komplet, ktor\u00fd sp\u00e1ja v\u00e1\u0161e\u0148 farby, \u017eenskos\u0165 a nad\u010dasov\u00fa eleganciu v jednom sete.","breadcrumb":{"@id":"https:\/\/www.tattja.com\/product\/stvorset-tattja-cerveno-oranzovy-lososovy\/#breadcrumb"},"inLanguage":"cs","potentialAction":[{"@type":"ReadAction","target":["https:\/\/www.tattja.com\/product\/stvorset-tattja-cerveno-oranzovy-lososovy\/"]}]},{"@type":"ImageObject","inLanguage":"cs","@id":"https:\/\/www.tattja.com\/product\/stvorset-tattja-cerveno-oranzovy-lososovy\/#primaryimage","url":"https:\/\/www.tattja.com\/wp-content\/uploads\/2025\/12\/cerveno-oranzovy-lososovy-stvorset-nakrcnik-driekovnik-rukavniky-ciapka-spredu-10.webp","contentUrl":"https:\/\/www.tattja.com\/wp-content\/uploads\/2025\/12\/cerveno-oranzovy-lososovy-stvorset-nakrcnik-driekovnik-rukavniky-ciapka-spredu-10.webp","width":1365,"height":2048,"caption":"\u0160tvorset \u010diapka + n\u00e1kr\u010dn\u00edk + driekovn\u00edk + ruk\u00e1vniky v \u010derveno-oran\u017eovo-lososovej farbe \u2013 predn\u00fd poh\u013ead"},{"@type":"BreadcrumbList","@id":"https:\/\/www.tattja.com\/product\/stvorset-tattja-cerveno-oranzovy-lososovy\/#breadcrumb","itemListElement":[{"@type":"ListItem","position":1,"name":"Domov","item":"https:\/\/www.tattja.com\/"},{"@type":"ListItem","position":2,"name":"Produkty","item":"https:\/\/www.tattja.com\/damske-oblecenie-produkty\/"},{"@type":"ListItem","position":3,"name":"D\u00e1mske oble\u010denie 4-set TATTJA \u010derveno-oran\u017eov\u00fd lososov\u00fd"}]},{"@type":"WebSite","@id":"https:\/\/www.tattja.com\/#website","url":"https:\/\/www.tattja.com\/","name":"TATTJA","description":"D\u00e1mske oble\u010denie z extra jemnej merino vlny \u2014 ru\u010dne pleten\u00e9 na Slovensku","potentialAction":[{"@type":"SearchAction","target":{"@type":"EntryPoint","urlTemplate":"https:\/\/www.tattja.com\/?s={search_term_string}"},"query-input":{"@type":"PropertyValueSpecification","valueRequired":true,"valueName":"search_term_string"}}],"inLanguage":"cs"}]}},"_links":{"self":[{"href":"https:\/\/www.tattja.com\/cs\/wp-json\/wp\/v2\/product\/1890","targetHints":{"allow":["GET"]}}],"collection":[{"href":"https:\/\/www.tattja.com\/cs\/wp-json\/wp\/v2\/product"}],"about":[{"href":"https:\/\/www.tattja.com\/cs\/wp-json\/wp\/v2\/types\/product"}],"replies":[{"embeddable":true,"href":"https:\/\/www.tattja.com\/cs\/wp-json\/wp\/v2\/comments?post=1890"}],"version-history":[{"count":6,"href":"https:\/\/www.tattja.com\/cs\/wp-json\/wp\/v2\/product\/1890\/revisions"}],"predecessor-version":[{"id":7251,"href":"https:\/\/www.tattja.com\/cs\/wp-json\/wp\/v2\/product\/1890\/revisions\/7251"}],"wp:featuredmedia":[{"embeddable":true,"href":"https:\/\/www.tattja.com\/cs\/wp-json\/wp\/v2\/media\/7107"}],"wp:attachment":[{"href":"https:\/\/www.tattja.com\/cs\/wp-json\/wp\/v2\/media?parent=1890"}],"wp:term":[{"taxonomy":"product_brand","embeddable":true,"href":"https:\/\/www.tattja.com\/cs\/wp-json\/wp\/v2\/product_brand?post=1890"},{"taxonomy":"product_cat","embeddable":true,"href":"https:\/\/www.tattja.com\/cs\/wp-json\/wp\/v2\/product_cat?post=1890"},{"taxonomy":"product_tag","embeddable":true,"href":"https:\/\/www.tattja.com\/cs\/wp-json\/wp\/v2\/product_tag?post=1890"}],"curies":[{"name":"wp","href":"https:\/\/api.w.org\/{rel}","templated":true}]}}