{"id":1896,"date":"2025-08-11T10:15:24","date_gmt":"2025-08-11T08:15:24","guid":{"rendered":"https:\/\/www.tattja.com\/?post_type=product&#038;p=1896"},"modified":"2026-04-05T19:45:01","modified_gmt":"2026-04-05T17:45:01","slug":"damske-oblecenie-driekovnik-natasja-cyklamenovy","status":"publish","type":"product","link":"https:\/\/www.tattja.com\/cs\/product\/damske-oblecenie-driekovnik-natasja-cyklamenovy\/","title":{"rendered":"D\u00e1msk\u00e9 oble\u010den\u00ed tri\u010dko NATASJA cyclamen"},"content":{"rendered":"<p data-start=\"868\" data-end=\"1126\"><strong data-start=\"868\" data-end=\"920\">D\u00e1msk\u00e9 oble\u010den\u00ed tri\u010dko NATASJA cyclamen<\/strong> je kombinac\u00ed odv\u00e1\u017en\u00e9ho stylu, \u017eenskosti a pohodl\u00ed. Tento prvot\u0159\u00eddn\u00ed pleten\u00fd dopln\u011bk z <strong data-start=\"1023\" data-end=\"1033\">TATTJA<\/strong> vynik\u00e1 sv\u011b\u017e\u00edm designem a precizn\u00edm zpracov\u00e1n\u00edm, kter\u00e9 podtrhuje kr\u00e1su \u017eensk\u00fdch k\u0159ivek.<\/p>\n<p data-start=\"1128\" data-end=\"1516\">Barva cykl\u00e1menu p\u016fsob\u00ed v l\u00e1tce jako energie - je odv\u00e1\u017en\u00e1, \u017eiv\u00e1 a hrav\u00e1. Ka\u017ed\u00e9mu oble\u010den\u00ed dod\u00e1 charisma, \u0161mrnc a n\u00e1dech originality. Je to barva pro sebev\u011bdom\u00e9 \u017eeny, kter\u00e9 si potrp\u00ed na detaily, ale z\u00e1rove\u0148 hledaj\u00ed kousek, kter\u00fd zah\u0159eje a rozz\u00e1\u0159\u00ed den. Cykl\u00e1menov\u00fd \u0161ampa\u0148sk\u00fd se kr\u00e1sn\u011b hod\u00ed k b\u00edl\u00e9 ko\u0161ili, jemn\u00fdm t\u00f3n\u016fm \u0161ed\u00e9 nebo b\u00e9\u017eov\u00e9, ale tak\u00e9 k tmav\u0161\u00edm barv\u00e1m, kter\u00fdm dod\u00e1 \u017eiv\u00fd kontrast.<\/p>\n<p data-start=\"1518\" data-end=\"1917\">Jemn\u00fd \u017eebrovan\u00fd \u00faplet zaji\u0161\u0165uje m\u011bkkost, pru\u017enost a ide\u00e1ln\u00ed p\u0159izp\u016fsoben\u00ed. S lehkost\u00ed obep\u00edn\u00e1 pas, zv\u00fdraz\u0148uje jej a vytv\u00e1\u0159\u00ed elegantn\u00ed siluetu. Ka\u017ed\u00fd steh odr\u00e1\u017e\u00ed pe\u010dlivost a preciznost ru\u010dn\u00ed pr\u00e1ce, kter\u00e1 je pro zna\u010dku typick\u00e1. <strong data-start=\"1757\" data-end=\"1767\">TATTJA<\/strong>. Tento kousek p\u0159in\u00e1\u0161\u00ed kombinaci funk\u010dnosti a stylu - zah\u0159eje, lichot\u00ed postav\u011b a p\u016fsob\u00ed jako sofistikovan\u00fd detail, kter\u00fd se stane srdcem ka\u017ed\u00e9ho outfitu.<\/p>\n<p data-start=\"1919\" data-end=\"2157\">D\u00e1msk\u00e1 ko\u0161ile NATASJA Cyclamen je ide\u00e1ln\u00ed pro \u017eeny, kter\u00e9 maj\u00ed r\u00e1dy m\u00f3du s du\u0161\u00ed, ale z\u00e1rove\u0148 si cen\u00ed kvality a \u0159emesln\u00e9ho zpracov\u00e1n\u00ed. Vynikne jako samostatn\u00fd akcent nebo v kombinaci s n\u00e1kr\u010dn\u00edkem, \u0161\u00e1lami nebo \u010depic\u00ed ze stejn\u00e9 kolekce.<\/p>\n<p data-start=\"2159\" data-end=\"2264\">Objevte kr\u00e1su jemnosti, sofistikovan\u00fdch detail\u016f a \u017eensk\u00e9ho stylu, kter\u00e9 v\u00e1s zah\u0159ej\u00ed. <a href=\"https:\/\/www.tattja.com\/cs\/product-category\/damske-oblecenie\/doplnky-jednotlivo\/driekovniky\/\">v jin\u00fdch barv\u00e1ch.<\/a><\/p>\n<p data-start=\"2266\" data-end=\"2390\"><strong data-start=\"2266\" data-end=\"2320\">Viz, <a href=\"https:\/\/shop.bogensberger.co.at\/produkt-schlagwort\/merino-extrafein\/\">z jak\u00fdch materi\u00e1l\u016f<\/a> vyr\u00e1b\u00edme na\u0161e kusy<\/strong> a dop\u0159ejte si dokonalou rovnov\u00e1hu mezi pohodl\u00edm, kvalitou a stylem.<\/p>","protected":false},"excerpt":{"rendered":"<p><strong data-start=\"669\" data-end=\"721\">D\u00e1msk\u00e9 oble\u010den\u00ed tri\u010dko NATASJA cyclamen<\/strong> dod\u00e1 va\u0161emu oble\u010den\u00ed energii a odv\u00e1\u017enou eleganci. Jemn\u00fd \u00faplet zv\u00fdraz\u0148uje pas a rafinovan\u011b zah\u0159\u00edv\u00e1 t\u011blo.<\/p>","protected":false},"featured_media":2223,"comment_status":"open","ping_status":"closed","template":"","meta":[],"product_brand":[],"product_cat":[300,298,124,280,134],"product_tag":[],"class_list":{"0":"post-1896","1":"product","2":"type-product","3":"status-publish","4":"has-post-thumbnail","6":"product_cat-damske-oblecenie","7":"product_cat-doplnky-jednotlivo","8":"product_cat-driekovnik-cyklamenovy","9":"product_cat-driekovniky","10":"product_cat-pleteninove-doplnky-cyklamenove","12":"first","13":"instock","14":"taxable","15":"shipping-taxable","16":"purchasable","17":"product-type-simple"},"yoast_head":"<!-- This site is optimized with the Yoast SEO plugin v26.0 - https:\/\/yoast.com\/wordpress\/plugins\/seo\/ -->\n<title>D\u00e1mske oble\u010denie driekovn\u00edk NATASJA cyklamenov\u00fd - TATTJA<\/title>\n<meta name=\"description\" content=\"D\u00e1mske oble\u010denie driekovn\u00edk NATASJA cykl\u00e1menov\u00fd \u2013 \u017eensk\u00fd pleten\u00fd doplnok, ktor\u00fd zv\u00fdrazn\u00ed p\u00e1s, dod\u00e1 \u0161arm a spoj\u00ed komfort s noblesou.\" \/>\n<meta name=\"robots\" content=\"index, follow, max-snippet:-1, max-image-preview:large, max-video-preview:-1\" \/>\n<link rel=\"canonical\" href=\"https:\/\/www.tattja.com\/cs\/product\/damske-oblecenie-driekovnik-natasja-cyklamenovy\/\" \/>\n<meta property=\"og:locale\" content=\"cs_CZ\" \/>\n<meta property=\"og:type\" content=\"article\" \/>\n<meta property=\"og:title\" content=\"D\u00e1mske oble\u010denie driekovn\u00edk NATASJA cyklamenov\u00fd - TATTJA\" \/>\n<meta property=\"og:description\" content=\"D\u00e1mske oble\u010denie driekovn\u00edk NATASJA cykl\u00e1menov\u00fd \u2013 \u017eensk\u00fd pleten\u00fd doplnok, ktor\u00fd zv\u00fdrazn\u00ed p\u00e1s, dod\u00e1 \u0161arm a spoj\u00ed komfort s noblesou.\" \/>\n<meta property=\"og:url\" content=\"https:\/\/www.tattja.com\/cs\/product\/damske-oblecenie-driekovnik-natasja-cyklamenovy\/\" \/>\n<meta property=\"og:site_name\" content=\"TATTJA\" \/>\n<meta property=\"article:modified_time\" content=\"2026-04-05T17:45:01+00:00\" \/>\n<meta property=\"og:image\" content=\"https:\/\/www.tattja.com\/wp-content\/uploads\/2025\/08\/cyklamenovy-driekovnik-spredu.webp\" \/>\n\t<meta property=\"og:image:width\" content=\"1365\" \/>\n\t<meta property=\"og:image:height\" content=\"2048\" \/>\n\t<meta property=\"og:image:type\" content=\"image\/webp\" \/>\n<meta name=\"twitter:card\" content=\"summary_large_image\" \/>\n<meta name=\"twitter:label1\" content=\"Odhadovan\u00e1 doba \u010dten\u00ed\" \/>\n\t<meta name=\"twitter:data1\" content=\"2 minuty\" \/>\n<script type=\"application\/ld+json\" class=\"yoast-schema-graph\">{\"@context\":\"https:\/\/schema.org\",\"@graph\":[{\"@type\":\"WebPage\",\"@id\":\"https:\/\/www.tattja.com\/product\/damske-oblecenie-driekovnik-natasja-cyklamenovy\/\",\"url\":\"https:\/\/www.tattja.com\/product\/damske-oblecenie-driekovnik-natasja-cyklamenovy\/\",\"name\":\"D\u00e1mske oble\u010denie driekovn\u00edk NATASJA cyklamenov\u00fd - TATTJA\",\"isPartOf\":{\"@id\":\"https:\/\/www.tattja.com\/#website\"},\"primaryImageOfPage\":{\"@id\":\"https:\/\/www.tattja.com\/product\/damske-oblecenie-driekovnik-natasja-cyklamenovy\/#primaryimage\"},\"image\":{\"@id\":\"https:\/\/www.tattja.com\/product\/damske-oblecenie-driekovnik-natasja-cyklamenovy\/#primaryimage\"},\"thumbnailUrl\":\"https:\/\/www.tattja.com\/wp-content\/uploads\/2025\/08\/cyklamenovy-driekovnik-spredu.webp\",\"datePublished\":\"2025-08-11T08:15:24+00:00\",\"dateModified\":\"2026-04-05T17:45:01+00:00\",\"description\":\"D\u00e1mske oble\u010denie driekovn\u00edk NATASJA cykl\u00e1menov\u00fd \u2013 \u017eensk\u00fd pleten\u00fd doplnok, ktor\u00fd zv\u00fdrazn\u00ed p\u00e1s, dod\u00e1 \u0161arm a spoj\u00ed komfort s noblesou.\",\"breadcrumb\":{\"@id\":\"https:\/\/www.tattja.com\/product\/damske-oblecenie-driekovnik-natasja-cyklamenovy\/#breadcrumb\"},\"inLanguage\":\"cs\",\"potentialAction\":[{\"@type\":\"ReadAction\",\"target\":[\"https:\/\/www.tattja.com\/product\/damske-oblecenie-driekovnik-natasja-cyklamenovy\/\"]}]},{\"@type\":\"ImageObject\",\"inLanguage\":\"cs\",\"@id\":\"https:\/\/www.tattja.com\/product\/damske-oblecenie-driekovnik-natasja-cyklamenovy\/#primaryimage\",\"url\":\"https:\/\/www.tattja.com\/wp-content\/uploads\/2025\/08\/cyklamenovy-driekovnik-spredu.webp\",\"contentUrl\":\"https:\/\/www.tattja.com\/wp-content\/uploads\/2025\/08\/cyklamenovy-driekovnik-spredu.webp\",\"width\":1365,\"height\":2048,\"caption\":\"Driekovn\u00edk NATASJA \u2013 cykl\u00e1menov\u00fd pleten\u00fd driekovn\u00edk TATTJA | predn\u00fd poh\u013ead\"},{\"@type\":\"BreadcrumbList\",\"@id\":\"https:\/\/www.tattja.com\/product\/damske-oblecenie-driekovnik-natasja-cyklamenovy\/#breadcrumb\",\"itemListElement\":[{\"@type\":\"ListItem\",\"position\":1,\"name\":\"Domov\",\"item\":\"https:\/\/www.tattja.com\/\"},{\"@type\":\"ListItem\",\"position\":2,\"name\":\"Produkty\",\"item\":\"https:\/\/www.tattja.com\/damske-oblecenie-produkty\/\"},{\"@type\":\"ListItem\",\"position\":3,\"name\":\"D\u00e1mske oble\u010denie driekovn\u00edk NATASJA cyklamenov\u00fd\"}]},{\"@type\":\"WebSite\",\"@id\":\"https:\/\/www.tattja.com\/#website\",\"url\":\"https:\/\/www.tattja.com\/\",\"name\":\"TATTJA\",\"description\":\"D\u00e1mske oble\u010denie z extra jemnej merino vlny \u2014 ru\u010dne pleten\u00e9 na Slovensku\",\"potentialAction\":[{\"@type\":\"SearchAction\",\"target\":{\"@type\":\"EntryPoint\",\"urlTemplate\":\"https:\/\/www.tattja.com\/?s={search_term_string}\"},\"query-input\":{\"@type\":\"PropertyValueSpecification\",\"valueRequired\":true,\"valueName\":\"search_term_string\"}}],\"inLanguage\":\"cs\"}]}<\/script>\n<!-- \/ Yoast SEO plugin. -->","yoast_head_json":{"title":"D\u00e1mske oble\u010denie driekovn\u00edk NATASJA cyklamenov\u00fd - TATTJA","description":"D\u00e1mske oble\u010denie driekovn\u00edk NATASJA cykl\u00e1menov\u00fd \u2013 \u017eensk\u00fd pleten\u00fd doplnok, ktor\u00fd zv\u00fdrazn\u00ed p\u00e1s, dod\u00e1 \u0161arm a spoj\u00ed komfort s noblesou.","robots":{"index":"index","follow":"follow","max-snippet":"max-snippet:-1","max-image-preview":"max-image-preview:large","max-video-preview":"max-video-preview:-1"},"canonical":"https:\/\/www.tattja.com\/cs\/product\/damske-oblecenie-driekovnik-natasja-cyklamenovy\/","og_locale":"cs_CZ","og_type":"article","og_title":"D\u00e1mske oble\u010denie driekovn\u00edk NATASJA cyklamenov\u00fd - TATTJA","og_description":"D\u00e1mske oble\u010denie driekovn\u00edk NATASJA cykl\u00e1menov\u00fd \u2013 \u017eensk\u00fd pleten\u00fd doplnok, ktor\u00fd zv\u00fdrazn\u00ed p\u00e1s, dod\u00e1 \u0161arm a spoj\u00ed komfort s noblesou.","og_url":"https:\/\/www.tattja.com\/cs\/product\/damske-oblecenie-driekovnik-natasja-cyklamenovy\/","og_site_name":"TATTJA","article_modified_time":"2026-04-05T17:45:01+00:00","og_image":[{"width":1365,"height":2048,"url":"https:\/\/www.tattja.com\/wp-content\/uploads\/2025\/08\/cyklamenovy-driekovnik-spredu.webp","type":"image\/webp"}],"twitter_card":"summary_large_image","twitter_misc":{"Odhadovan\u00e1 doba \u010dten\u00ed":"2 minuty"},"schema":{"@context":"https:\/\/schema.org","@graph":[{"@type":"WebPage","@id":"https:\/\/www.tattja.com\/product\/damske-oblecenie-driekovnik-natasja-cyklamenovy\/","url":"https:\/\/www.tattja.com\/product\/damske-oblecenie-driekovnik-natasja-cyklamenovy\/","name":"D\u00e1mske oble\u010denie driekovn\u00edk NATASJA cyklamenov\u00fd - TATTJA","isPartOf":{"@id":"https:\/\/www.tattja.com\/#website"},"primaryImageOfPage":{"@id":"https:\/\/www.tattja.com\/product\/damske-oblecenie-driekovnik-natasja-cyklamenovy\/#primaryimage"},"image":{"@id":"https:\/\/www.tattja.com\/product\/damske-oblecenie-driekovnik-natasja-cyklamenovy\/#primaryimage"},"thumbnailUrl":"https:\/\/www.tattja.com\/wp-content\/uploads\/2025\/08\/cyklamenovy-driekovnik-spredu.webp","datePublished":"2025-08-11T08:15:24+00:00","dateModified":"2026-04-05T17:45:01+00:00","description":"D\u00e1mske oble\u010denie driekovn\u00edk NATASJA cykl\u00e1menov\u00fd \u2013 \u017eensk\u00fd pleten\u00fd doplnok, ktor\u00fd zv\u00fdrazn\u00ed p\u00e1s, dod\u00e1 \u0161arm a spoj\u00ed komfort s noblesou.","breadcrumb":{"@id":"https:\/\/www.tattja.com\/product\/damske-oblecenie-driekovnik-natasja-cyklamenovy\/#breadcrumb"},"inLanguage":"cs","potentialAction":[{"@type":"ReadAction","target":["https:\/\/www.tattja.com\/product\/damske-oblecenie-driekovnik-natasja-cyklamenovy\/"]}]},{"@type":"ImageObject","inLanguage":"cs","@id":"https:\/\/www.tattja.com\/product\/damske-oblecenie-driekovnik-natasja-cyklamenovy\/#primaryimage","url":"https:\/\/www.tattja.com\/wp-content\/uploads\/2025\/08\/cyklamenovy-driekovnik-spredu.webp","contentUrl":"https:\/\/www.tattja.com\/wp-content\/uploads\/2025\/08\/cyklamenovy-driekovnik-spredu.webp","width":1365,"height":2048,"caption":"Driekovn\u00edk NATASJA \u2013 cykl\u00e1menov\u00fd pleten\u00fd driekovn\u00edk TATTJA | predn\u00fd poh\u013ead"},{"@type":"BreadcrumbList","@id":"https:\/\/www.tattja.com\/product\/damske-oblecenie-driekovnik-natasja-cyklamenovy\/#breadcrumb","itemListElement":[{"@type":"ListItem","position":1,"name":"Domov","item":"https:\/\/www.tattja.com\/"},{"@type":"ListItem","position":2,"name":"Produkty","item":"https:\/\/www.tattja.com\/damske-oblecenie-produkty\/"},{"@type":"ListItem","position":3,"name":"D\u00e1mske oble\u010denie driekovn\u00edk NATASJA cyklamenov\u00fd"}]},{"@type":"WebSite","@id":"https:\/\/www.tattja.com\/#website","url":"https:\/\/www.tattja.com\/","name":"TATTJA","description":"D\u00e1mske oble\u010denie z extra jemnej merino vlny \u2014 ru\u010dne pleten\u00e9 na Slovensku","potentialAction":[{"@type":"SearchAction","target":{"@type":"EntryPoint","urlTemplate":"https:\/\/www.tattja.com\/?s={search_term_string}"},"query-input":{"@type":"PropertyValueSpecification","valueRequired":true,"valueName":"search_term_string"}}],"inLanguage":"cs"}]}},"_links":{"self":[{"href":"https:\/\/www.tattja.com\/cs\/wp-json\/wp\/v2\/product\/1896","targetHints":{"allow":["GET"]}}],"collection":[{"href":"https:\/\/www.tattja.com\/cs\/wp-json\/wp\/v2\/product"}],"about":[{"href":"https:\/\/www.tattja.com\/cs\/wp-json\/wp\/v2\/types\/product"}],"replies":[{"embeddable":true,"href":"https:\/\/www.tattja.com\/cs\/wp-json\/wp\/v2\/comments?post=1896"}],"version-history":[{"count":6,"href":"https:\/\/www.tattja.com\/cs\/wp-json\/wp\/v2\/product\/1896\/revisions"}],"predecessor-version":[{"id":5853,"href":"https:\/\/www.tattja.com\/cs\/wp-json\/wp\/v2\/product\/1896\/revisions\/5853"}],"wp:featuredmedia":[{"embeddable":true,"href":"https:\/\/www.tattja.com\/cs\/wp-json\/wp\/v2\/media\/2223"}],"wp:attachment":[{"href":"https:\/\/www.tattja.com\/cs\/wp-json\/wp\/v2\/media?parent=1896"}],"wp:term":[{"taxonomy":"product_brand","embeddable":true,"href":"https:\/\/www.tattja.com\/cs\/wp-json\/wp\/v2\/product_brand?post=1896"},{"taxonomy":"product_cat","embeddable":true,"href":"https:\/\/www.tattja.com\/cs\/wp-json\/wp\/v2\/product_cat?post=1896"},{"taxonomy":"product_tag","embeddable":true,"href":"https:\/\/www.tattja.com\/cs\/wp-json\/wp\/v2\/product_tag?post=1896"}],"curies":[{"name":"wp","href":"https:\/\/api.w.org\/{rel}","templated":true}]}}