{"id":1908,"date":"2025-08-13T19:08:53","date_gmt":"2025-08-13T17:08:53","guid":{"rendered":"https:\/\/www.tattja.com\/?post_type=product&#038;p=1908"},"modified":"2026-04-05T19:45:00","modified_gmt":"2026-04-05T17:45:00","slug":"damske-oblecenie-dvojset-magnhild-cyklamenovy","status":"publish","type":"product","link":"https:\/\/www.tattja.com\/cs\/product\/damske-oblecenie-dvojset-magnhild-cyklamenovy\/","title":{"rendered":"D\u00e1mske oble\u010denie 2-set MAGNHILD cykl\u00e1menov\u00fd"},"content":{"rendered":"<p data-start=\"827\" data-end=\"1118\"><strong data-start=\"827\" data-end=\"876\">D\u00e1msk\u00e1 dvojit\u00e1 sada MAGNHILD cyclamen<\/strong> spojuje energii, jistotu a luxusn\u00ed pohodl\u00ed. Tento origin\u00e1ln\u00ed set z kolekce <strong data-start=\"962\" data-end=\"972\">TATTJA<\/strong> Skl\u00e1d\u00e1 se z elegantn\u00ed \u0161\u00e1ly a \u010depice s k\u0161iltem, kter\u00e9 dohromady tvo\u0159\u00ed harmonick\u00fd celek - dokonalou rovnov\u00e1hu mezi stylem a funk\u010dnost\u00ed.<\/p>\n<p data-start=\"1120\" data-end=\"1429\">Cyklamen je symbolem \u017eenskosti a odvahy. Jej\u00ed syt\u00fd t\u00f3n vn\u00e1\u0161\u00ed do oble\u010den\u00ed \u017eivou energii, kter\u00e1 osv\u011b\u017e\u00ed i ten nejjednodu\u0161\u0161\u00ed vzhled. Tento odst\u00edn zaujme svou odv\u00e1\u017enost\u00ed, ale z\u00e1rove\u0148 p\u016fsob\u00ed elegantn\u011b a sofistikovan\u011b. Dok\u00e1\u017ee prom\u011bnit oby\u010dejn\u00fd den ve stylov\u00fd z\u00e1\u017eitek a dodat nositelce charisma i sebev\u011bdom\u00ed.<\/p>\n<p data-start=\"1431\" data-end=\"1752\">Ko\u0161ile s precizn\u00ed \u017eebrovanou strukturou jemn\u011b obep\u00edn\u00e1 postavu, zv\u00fdraz\u0148uje \u017eensk\u00e9 k\u0159ivky a p\u0159in\u00e1\u0161\u00ed pocit m\u011bkk\u00e9ho tepla. \u010cepice s ko\u0161il\u00ed dopl\u0148uje cel\u00fd komplet sv\u00fdm modern\u00edm tvarem a jemnou eleganc\u00ed. Spole\u010dn\u011b vytv\u00e1\u0159ej\u00ed kombinaci, kter\u00e1 v sob\u011b spojuje funk\u010dnost, estetiku a dokonal\u00e9 zpracov\u00e1n\u00ed - p\u0159esn\u011b v duchu zna\u010dky. <strong data-start=\"1739\" data-end=\"1749\">TATTJA<\/strong>.<\/p>\n<p data-start=\"1754\" data-end=\"1963\">D\u00e1msk\u00e1 dvojit\u00e1 souprava MAGNHILD Cyclamen je ide\u00e1ln\u00ed volbou pro \u017eeny, kter\u00e9 cht\u011bj\u00ed vyj\u00e1d\u0159it sv\u016fj osobit\u00fd styl a tou\u017e\u00ed po kombinaci pohodl\u00ed a rafinovanosti. Vynikne v m\u011bstsk\u00e9m i elegantn\u00edm oble\u010den\u00ed a dod\u00e1 smysln\u00fd n\u00e1dech ka\u017ed\u00e9mu vzhledu.<\/p>\n<p data-start=\"1965\" data-end=\"2070\">Objevte kr\u00e1su jemnosti, sofistikovan\u00fdch detail\u016f a \u017eensk\u00e9ho stylu, kter\u00e9 v\u00e1s zah\u0159ej\u00ed. <a href=\"https:\/\/www.tattja.com\/cs\/product-category\/damske-oblecenie\/dvojsety\/driekovnik-a-ciapka\/\">v jin\u00fdch barv\u00e1ch.<\/a><\/p>\n<p data-start=\"2072\" data-end=\"2205\"><strong data-start=\"2072\" data-end=\"2126\">Viz, <a href=\"https:\/\/shop.bogensberger.co.at\/produkt-schlagwort\/merino-extrafein\/\">z jak\u00fdch materi\u00e1l\u016f<\/a> vyr\u00e1b\u00edme na\u0161e kusy<\/strong> a dop\u0159ejte si n\u00e1dech luxusu, kter\u00fd v\u00e1s bude obklopovat stylem a pohodl\u00edm ka\u017ed\u00fd den.<\/p>","protected":false},"excerpt":{"rendered":"<p data-start=\"639\" data-end=\"785\"><strong data-start=\"639\" data-end=\"688\">D\u00e1msk\u00e1 dvojit\u00e1 sada MAGNHILD cyclamen<\/strong> - odv\u00e1\u017en\u00fd set \u010depice a ram\u00ednka, kter\u00fd podtrhne \u017eenskou s\u00edlu, eleganci a modern\u00ed charakter.<\/p>","protected":false},"featured_media":2249,"comment_status":"open","ping_status":"closed","template":"","meta":[],"product_brand":[],"product_cat":[289,300,294,129,134],"product_tag":[],"class_list":{"0":"post-1908","1":"product","2":"type-product","3":"status-publish","4":"has-post-thumbnail","6":"product_cat-dvojsety","7":"product_cat-damske-oblecenie","8":"product_cat-driekovnik-a-ciapka","9":"product_cat-dvojsety-cyklamenove","10":"product_cat-pleteninove-doplnky-cyklamenove","12":"first","13":"instock","14":"taxable","15":"shipping-taxable","16":"purchasable","17":"product-type-simple"},"yoast_head":"<!-- This site is optimized with the Yoast SEO plugin v26.0 - https:\/\/yoast.com\/wordpress\/plugins\/seo\/ -->\n<title>D\u00e1mske oble\u010denie 2-set MAGNHILD cykl\u00e1menov\u00fd - TATTJA<\/title>\n<meta name=\"description\" content=\"D\u00e1mske oble\u010denie dvojset MAGNHILD cykl\u00e1menov\u00fd \u2013 v\u00fdrazn\u00fd set \u010diapky a driekovn\u00edka, ktor\u00fd sp\u00e1ja \u017eenskos\u0165, pohodlie a energick\u00fd \u0161t\u00fdl zna\u010dky TATTJA.\" \/>\n<meta name=\"robots\" content=\"index, follow, max-snippet:-1, max-image-preview:large, max-video-preview:-1\" \/>\n<link rel=\"canonical\" href=\"https:\/\/www.tattja.com\/cs\/product\/damske-oblecenie-dvojset-magnhild-cyklamenovy\/\" \/>\n<meta property=\"og:locale\" content=\"cs_CZ\" \/>\n<meta property=\"og:type\" content=\"article\" \/>\n<meta property=\"og:title\" content=\"D\u00e1mske oble\u010denie 2-set MAGNHILD cykl\u00e1menov\u00fd - TATTJA\" \/>\n<meta property=\"og:description\" content=\"D\u00e1mske oble\u010denie dvojset MAGNHILD cykl\u00e1menov\u00fd \u2013 v\u00fdrazn\u00fd set \u010diapky a driekovn\u00edka, ktor\u00fd sp\u00e1ja \u017eenskos\u0165, pohodlie a energick\u00fd \u0161t\u00fdl zna\u010dky TATTJA.\" \/>\n<meta property=\"og:url\" content=\"https:\/\/www.tattja.com\/cs\/product\/damske-oblecenie-dvojset-magnhild-cyklamenovy\/\" \/>\n<meta property=\"og:site_name\" content=\"TATTJA\" \/>\n<meta property=\"article:modified_time\" content=\"2026-04-05T17:45:00+00:00\" \/>\n<meta property=\"og:image\" content=\"https:\/\/www.tattja.com\/wp-content\/uploads\/2025\/08\/cyklamenovy-dvojset-driekovnik-ciapka-spredu.webp\" \/>\n\t<meta property=\"og:image:width\" content=\"1365\" \/>\n\t<meta property=\"og:image:height\" content=\"2048\" \/>\n\t<meta property=\"og:image:type\" content=\"image\/webp\" \/>\n<meta name=\"twitter:card\" content=\"summary_large_image\" \/>\n<meta name=\"twitter:label1\" content=\"Odhadovan\u00e1 doba \u010dten\u00ed\" \/>\n\t<meta name=\"twitter:data1\" content=\"2 minuty\" \/>\n<script type=\"application\/ld+json\" class=\"yoast-schema-graph\">{\"@context\":\"https:\/\/schema.org\",\"@graph\":[{\"@type\":\"WebPage\",\"@id\":\"https:\/\/www.tattja.com\/product\/damske-oblecenie-dvojset-magnhild-cyklamenovy\/\",\"url\":\"https:\/\/www.tattja.com\/product\/damske-oblecenie-dvojset-magnhild-cyklamenovy\/\",\"name\":\"D\u00e1mske oble\u010denie 2-set MAGNHILD cykl\u00e1menov\u00fd - TATTJA\",\"isPartOf\":{\"@id\":\"https:\/\/www.tattja.com\/#website\"},\"primaryImageOfPage\":{\"@id\":\"https:\/\/www.tattja.com\/product\/damske-oblecenie-dvojset-magnhild-cyklamenovy\/#primaryimage\"},\"image\":{\"@id\":\"https:\/\/www.tattja.com\/product\/damske-oblecenie-dvojset-magnhild-cyklamenovy\/#primaryimage\"},\"thumbnailUrl\":\"https:\/\/www.tattja.com\/wp-content\/uploads\/2025\/08\/cyklamenovy-dvojset-driekovnik-ciapka-spredu.webp\",\"datePublished\":\"2025-08-13T17:08:53+00:00\",\"dateModified\":\"2026-04-05T17:45:00+00:00\",\"description\":\"D\u00e1mske oble\u010denie dvojset MAGNHILD cykl\u00e1menov\u00fd \u2013 v\u00fdrazn\u00fd set \u010diapky a driekovn\u00edka, ktor\u00fd sp\u00e1ja \u017eenskos\u0165, pohodlie a energick\u00fd \u0161t\u00fdl zna\u010dky TATTJA.\",\"breadcrumb\":{\"@id\":\"https:\/\/www.tattja.com\/product\/damske-oblecenie-dvojset-magnhild-cyklamenovy\/#breadcrumb\"},\"inLanguage\":\"cs\",\"potentialAction\":[{\"@type\":\"ReadAction\",\"target\":[\"https:\/\/www.tattja.com\/product\/damske-oblecenie-dvojset-magnhild-cyklamenovy\/\"]}]},{\"@type\":\"ImageObject\",\"inLanguage\":\"cs\",\"@id\":\"https:\/\/www.tattja.com\/product\/damske-oblecenie-dvojset-magnhild-cyklamenovy\/#primaryimage\",\"url\":\"https:\/\/www.tattja.com\/wp-content\/uploads\/2025\/08\/cyklamenovy-dvojset-driekovnik-ciapka-spredu.webp\",\"contentUrl\":\"https:\/\/www.tattja.com\/wp-content\/uploads\/2025\/08\/cyklamenovy-dvojset-driekovnik-ciapka-spredu.webp\",\"width\":1365,\"height\":2048,\"caption\":\"Cykl\u00e1menov\u00fd dvojset MAGNHILD \u2013 driekovn\u00edk a \u010diapka TATTJA | predn\u00fd poh\u013ead\"},{\"@type\":\"BreadcrumbList\",\"@id\":\"https:\/\/www.tattja.com\/product\/damske-oblecenie-dvojset-magnhild-cyklamenovy\/#breadcrumb\",\"itemListElement\":[{\"@type\":\"ListItem\",\"position\":1,\"name\":\"Domov\",\"item\":\"https:\/\/www.tattja.com\/\"},{\"@type\":\"ListItem\",\"position\":2,\"name\":\"Produkty\",\"item\":\"https:\/\/www.tattja.com\/damske-oblecenie-produkty\/\"},{\"@type\":\"ListItem\",\"position\":3,\"name\":\"D\u00e1mske oble\u010denie 2-set MAGNHILD cykl\u00e1menov\u00fd\"}]},{\"@type\":\"WebSite\",\"@id\":\"https:\/\/www.tattja.com\/#website\",\"url\":\"https:\/\/www.tattja.com\/\",\"name\":\"TATTJA\",\"description\":\"D\u00e1mske oble\u010denie z extra jemnej merino vlny \u2014 ru\u010dne pleten\u00e9 na Slovensku\",\"potentialAction\":[{\"@type\":\"SearchAction\",\"target\":{\"@type\":\"EntryPoint\",\"urlTemplate\":\"https:\/\/www.tattja.com\/?s={search_term_string}\"},\"query-input\":{\"@type\":\"PropertyValueSpecification\",\"valueRequired\":true,\"valueName\":\"search_term_string\"}}],\"inLanguage\":\"cs\"}]}<\/script>\n<!-- \/ Yoast SEO plugin. -->","yoast_head_json":{"title":"D\u00e1mske oble\u010denie 2-set MAGNHILD cykl\u00e1menov\u00fd - TATTJA","description":"D\u00e1mske oble\u010denie dvojset MAGNHILD cykl\u00e1menov\u00fd \u2013 v\u00fdrazn\u00fd set \u010diapky a driekovn\u00edka, ktor\u00fd sp\u00e1ja \u017eenskos\u0165, pohodlie a energick\u00fd \u0161t\u00fdl zna\u010dky TATTJA.","robots":{"index":"index","follow":"follow","max-snippet":"max-snippet:-1","max-image-preview":"max-image-preview:large","max-video-preview":"max-video-preview:-1"},"canonical":"https:\/\/www.tattja.com\/cs\/product\/damske-oblecenie-dvojset-magnhild-cyklamenovy\/","og_locale":"cs_CZ","og_type":"article","og_title":"D\u00e1mske oble\u010denie 2-set MAGNHILD cykl\u00e1menov\u00fd - TATTJA","og_description":"D\u00e1mske oble\u010denie dvojset MAGNHILD cykl\u00e1menov\u00fd \u2013 v\u00fdrazn\u00fd set \u010diapky a driekovn\u00edka, ktor\u00fd sp\u00e1ja \u017eenskos\u0165, pohodlie a energick\u00fd \u0161t\u00fdl zna\u010dky TATTJA.","og_url":"https:\/\/www.tattja.com\/cs\/product\/damske-oblecenie-dvojset-magnhild-cyklamenovy\/","og_site_name":"TATTJA","article_modified_time":"2026-04-05T17:45:00+00:00","og_image":[{"width":1365,"height":2048,"url":"https:\/\/www.tattja.com\/wp-content\/uploads\/2025\/08\/cyklamenovy-dvojset-driekovnik-ciapka-spredu.webp","type":"image\/webp"}],"twitter_card":"summary_large_image","twitter_misc":{"Odhadovan\u00e1 doba \u010dten\u00ed":"2 minuty"},"schema":{"@context":"https:\/\/schema.org","@graph":[{"@type":"WebPage","@id":"https:\/\/www.tattja.com\/product\/damske-oblecenie-dvojset-magnhild-cyklamenovy\/","url":"https:\/\/www.tattja.com\/product\/damske-oblecenie-dvojset-magnhild-cyklamenovy\/","name":"D\u00e1mske oble\u010denie 2-set MAGNHILD cykl\u00e1menov\u00fd - TATTJA","isPartOf":{"@id":"https:\/\/www.tattja.com\/#website"},"primaryImageOfPage":{"@id":"https:\/\/www.tattja.com\/product\/damske-oblecenie-dvojset-magnhild-cyklamenovy\/#primaryimage"},"image":{"@id":"https:\/\/www.tattja.com\/product\/damske-oblecenie-dvojset-magnhild-cyklamenovy\/#primaryimage"},"thumbnailUrl":"https:\/\/www.tattja.com\/wp-content\/uploads\/2025\/08\/cyklamenovy-dvojset-driekovnik-ciapka-spredu.webp","datePublished":"2025-08-13T17:08:53+00:00","dateModified":"2026-04-05T17:45:00+00:00","description":"D\u00e1mske oble\u010denie dvojset MAGNHILD cykl\u00e1menov\u00fd \u2013 v\u00fdrazn\u00fd set \u010diapky a driekovn\u00edka, ktor\u00fd sp\u00e1ja \u017eenskos\u0165, pohodlie a energick\u00fd \u0161t\u00fdl zna\u010dky TATTJA.","breadcrumb":{"@id":"https:\/\/www.tattja.com\/product\/damske-oblecenie-dvojset-magnhild-cyklamenovy\/#breadcrumb"},"inLanguage":"cs","potentialAction":[{"@type":"ReadAction","target":["https:\/\/www.tattja.com\/product\/damske-oblecenie-dvojset-magnhild-cyklamenovy\/"]}]},{"@type":"ImageObject","inLanguage":"cs","@id":"https:\/\/www.tattja.com\/product\/damske-oblecenie-dvojset-magnhild-cyklamenovy\/#primaryimage","url":"https:\/\/www.tattja.com\/wp-content\/uploads\/2025\/08\/cyklamenovy-dvojset-driekovnik-ciapka-spredu.webp","contentUrl":"https:\/\/www.tattja.com\/wp-content\/uploads\/2025\/08\/cyklamenovy-dvojset-driekovnik-ciapka-spredu.webp","width":1365,"height":2048,"caption":"Cykl\u00e1menov\u00fd dvojset MAGNHILD \u2013 driekovn\u00edk a \u010diapka TATTJA | predn\u00fd poh\u013ead"},{"@type":"BreadcrumbList","@id":"https:\/\/www.tattja.com\/product\/damske-oblecenie-dvojset-magnhild-cyklamenovy\/#breadcrumb","itemListElement":[{"@type":"ListItem","position":1,"name":"Domov","item":"https:\/\/www.tattja.com\/"},{"@type":"ListItem","position":2,"name":"Produkty","item":"https:\/\/www.tattja.com\/damske-oblecenie-produkty\/"},{"@type":"ListItem","position":3,"name":"D\u00e1mske oble\u010denie 2-set MAGNHILD cykl\u00e1menov\u00fd"}]},{"@type":"WebSite","@id":"https:\/\/www.tattja.com\/#website","url":"https:\/\/www.tattja.com\/","name":"TATTJA","description":"D\u00e1mske oble\u010denie z extra jemnej merino vlny \u2014 ru\u010dne pleten\u00e9 na Slovensku","potentialAction":[{"@type":"SearchAction","target":{"@type":"EntryPoint","urlTemplate":"https:\/\/www.tattja.com\/?s={search_term_string}"},"query-input":{"@type":"PropertyValueSpecification","valueRequired":true,"valueName":"search_term_string"}}],"inLanguage":"cs"}]}},"_links":{"self":[{"href":"https:\/\/www.tattja.com\/cs\/wp-json\/wp\/v2\/product\/1908","targetHints":{"allow":["GET"]}}],"collection":[{"href":"https:\/\/www.tattja.com\/cs\/wp-json\/wp\/v2\/product"}],"about":[{"href":"https:\/\/www.tattja.com\/cs\/wp-json\/wp\/v2\/types\/product"}],"replies":[{"embeddable":true,"href":"https:\/\/www.tattja.com\/cs\/wp-json\/wp\/v2\/comments?post=1908"}],"version-history":[{"count":6,"href":"https:\/\/www.tattja.com\/cs\/wp-json\/wp\/v2\/product\/1908\/revisions"}],"predecessor-version":[{"id":7246,"href":"https:\/\/www.tattja.com\/cs\/wp-json\/wp\/v2\/product\/1908\/revisions\/7246"}],"wp:featuredmedia":[{"embeddable":true,"href":"https:\/\/www.tattja.com\/cs\/wp-json\/wp\/v2\/media\/2249"}],"wp:attachment":[{"href":"https:\/\/www.tattja.com\/cs\/wp-json\/wp\/v2\/media?parent=1908"}],"wp:term":[{"taxonomy":"product_brand","embeddable":true,"href":"https:\/\/www.tattja.com\/cs\/wp-json\/wp\/v2\/product_brand?post=1908"},{"taxonomy":"product_cat","embeddable":true,"href":"https:\/\/www.tattja.com\/cs\/wp-json\/wp\/v2\/product_cat?post=1908"},{"taxonomy":"product_tag","embeddable":true,"href":"https:\/\/www.tattja.com\/cs\/wp-json\/wp\/v2\/product_tag?post=1908"}],"curies":[{"name":"wp","href":"https:\/\/api.w.org\/{rel}","templated":true}]}}