{"id":1910,"date":"2025-08-13T19:09:42","date_gmt":"2025-08-13T17:09:42","guid":{"rendered":"https:\/\/www.tattja.com\/?post_type=product&#038;p=1910"},"modified":"2026-04-05T19:45:00","modified_gmt":"2026-04-05T17:45:00","slug":"damske-oblecenie-dvojset-ingeborg-cyklamenovy","status":"publish","type":"product","link":"https:\/\/www.tattja.com\/cs\/product\/damske-oblecenie-dvojset-ingeborg-cyklamenovy\/","title":{"rendered":"D\u00e1mske oble\u010denie 2-set INGEBORG cykl\u00e1menov\u00fd"},"content":{"rendered":"<p data-start=\"868\" data-end=\"1175\"><strong data-start=\"868\" data-end=\"917\">D\u00e1msk\u00e9 oble\u010den\u00ed dvojkomplet INGEBORG cyclamen<\/strong> spojuje v\u00fdraznou \u017eenskost, jemn\u00fd luxus a praktickou eleganci. Tato v\u00fdjime\u010dn\u00e1 sada z kolekce <strong data-start=\"1019\" data-end=\"1029\">TATTJA<\/strong> se skl\u00e1d\u00e1 z \u010depice se \u0161\u00e1lou a pleten\u00e9ho n\u00e1kr\u010dn\u00edku - dvou ikonick\u00fdch kousk\u016f, kter\u00e9 se vz\u00e1jemn\u011b dopl\u0148uj\u00ed a vytv\u00e1\u0159ej\u00ed harmonick\u00fd celek pro ka\u017edou modern\u00ed \u017eenu.<\/p>\n<p data-start=\"1177\" data-end=\"1444\">Odst\u00edn cykl\u00e1menu symbolizuje sebed\u016fv\u011bru, v\u00e1\u0161e\u0148 a odhodl\u00e1n\u00ed. Do va\u0161eho zimn\u00edho \u0161atn\u00edku vnese optimismus, energii a stylov\u00fd akcent, kter\u00fd okam\u017eit\u011b o\u017eiv\u00ed ka\u017ed\u00fd outfit. Tento odv\u00e1\u017en\u00fd t\u00f3n je elegantn\u00ed a sm\u011bl\u00fd z\u00e1rove\u0148 - zd\u016fraz\u0148uje \u017eenskou s\u00edlu a p\u0159irozenou rafinovanost.<\/p>\n<p data-start=\"1446\" data-end=\"1805\">N\u00e1kr\u010dn\u00edk obep\u00edn\u00e1 ramena, je m\u011bkk\u00fd a h\u0159ejiv\u00fd a p\u0159in\u00e1\u0161\u00ed pohodl\u00ed a pocit bezpe\u010d\u00ed v chladn\u011bj\u0161\u00edch dnech. Jemn\u00fd \u00faplet s \u017eebrovanou strukturou kop\u00edruje pohyb t\u011bla a p\u0159izp\u016fsobuje se siluet\u011b, zat\u00edmco \u010depice se \u0161t\u00edtem dod\u00e1v\u00e1 modelu modern\u00ed n\u00e1dech a chr\u00e1n\u00ed p\u0159ed v\u011btrem \u010di sluncem. Ka\u017ed\u00fd detail je pe\u010dliv\u011b zpracov\u00e1n s d\u016frazem na kvalitu a \u0159emeslnou preciznost.<\/p>\n<p data-start=\"1807\" data-end=\"2063\">D\u00e1msk\u00e1 od\u011bvn\u00ed dvojit\u00e1 souprava <strong data-start=\"1815\" data-end=\"1839\">INGEBORG cyklamen<\/strong> je ide\u00e1ln\u00ed volbou pro \u017eeny, kter\u00e9 miluj\u00ed nad\u010dasov\u00fd design a tou\u017e\u00ed po dopl\u0148ku, kter\u00fd v sob\u011b spojuje styl, funk\u010dnost a eleganci. Skv\u011ble se hod\u00ed k minimalistick\u00fdm i odv\u00e1\u017en\u00fdm kousk\u016fm a snadno se stane dominantn\u00edm prvkem outfitu.<\/p>\n<p data-start=\"2065\" data-end=\"2170\">Objevte kr\u00e1su jemnosti, sofistikovan\u00fdch detail\u016f a \u017eensk\u00e9ho stylu, kter\u00e9 v\u00e1s zah\u0159ej\u00ed. <a href=\"https:\/\/www.tattja.com\/cs\/product-category\/damske-oblecenie\/dvojsety\/nakrcnik-a-ciapka\/\">v jin\u00fdch barv\u00e1ch.<\/a><\/p>\n<p data-start=\"2172\" data-end=\"2311\"><strong data-start=\"2172\" data-end=\"2226\">Viz, <a href=\"https:\/\/shop.bogensberger.co.at\/produkt-schlagwort\/merino-extrafein\/\">z jak\u00fdch materi\u00e1l\u016f<\/a> vyr\u00e1b\u00edme na\u0161e kusy<\/strong> a dop\u0159ejte si pohodl\u00ed, kter\u00e9 p\u0159in\u00e1\u0161\u00ed kombinace kvality, estetiky a \u017eensk\u00e9ho p\u016fvabu.<\/p>","protected":false},"excerpt":{"rendered":"<p><strong data-start=\"671\" data-end=\"720\">D\u00e1msk\u00e9 oble\u010den\u00ed dvojkomplet INGEBORG cyclamen<\/strong> - \u010cepice se \u0161\u00e1lou a pleten\u00fdm n\u00e1kr\u010dn\u00edkem v odst\u00ednu, kter\u00fd v sob\u011b spojuje \u017eenskost, energii a elegantn\u00ed styl TATTJA.<\/p>","protected":false},"featured_media":2250,"comment_status":"open","ping_status":"closed","template":"","meta":[],"product_brand":[],"product_cat":[289,300,129,291,134],"product_tag":[],"class_list":{"0":"post-1910","1":"product","2":"type-product","3":"status-publish","4":"has-post-thumbnail","6":"product_cat-dvojsety","7":"product_cat-damske-oblecenie","8":"product_cat-dvojsety-cyklamenove","9":"product_cat-nakrcnik-a-ciapka","10":"product_cat-pleteninove-doplnky-cyklamenove","12":"first","13":"instock","14":"taxable","15":"shipping-taxable","16":"purchasable","17":"product-type-simple"},"yoast_head":"<!-- This site is optimized with the Yoast SEO plugin v26.0 - https:\/\/yoast.com\/wordpress\/plugins\/seo\/ -->\n<title>D\u00e1mske oble\u010denie 2-set INGEBORG cykl\u00e1menov\u00fd - TATTJA<\/title>\n<meta name=\"description\" content=\"D\u00e1mske oble\u010denie dvojset INGEBORG cykl\u00e1menov\u00fd \u2013 luxusn\u00e1 kombin\u00e1cia \u010diapky a n\u00e1kr\u010dn\u00edka, ktor\u00e1 sp\u00e1ja hrejiv\u00fa eleganciu s v\u00fdraznou energiou farby.\" \/>\n<meta name=\"robots\" content=\"index, follow, max-snippet:-1, max-image-preview:large, max-video-preview:-1\" \/>\n<link rel=\"canonical\" href=\"https:\/\/www.tattja.com\/cs\/product\/damske-oblecenie-dvojset-ingeborg-cyklamenovy\/\" \/>\n<meta property=\"og:locale\" content=\"cs_CZ\" \/>\n<meta property=\"og:type\" content=\"article\" \/>\n<meta property=\"og:title\" content=\"D\u00e1mske oble\u010denie 2-set INGEBORG cykl\u00e1menov\u00fd - TATTJA\" \/>\n<meta property=\"og:description\" content=\"D\u00e1mske oble\u010denie dvojset INGEBORG cykl\u00e1menov\u00fd \u2013 luxusn\u00e1 kombin\u00e1cia \u010diapky a n\u00e1kr\u010dn\u00edka, ktor\u00e1 sp\u00e1ja hrejiv\u00fa eleganciu s v\u00fdraznou energiou farby.\" \/>\n<meta property=\"og:url\" content=\"https:\/\/www.tattja.com\/cs\/product\/damske-oblecenie-dvojset-ingeborg-cyklamenovy\/\" \/>\n<meta property=\"og:site_name\" content=\"TATTJA\" \/>\n<meta property=\"article:modified_time\" content=\"2026-04-05T17:45:00+00:00\" \/>\n<meta property=\"og:image\" content=\"https:\/\/www.tattja.com\/wp-content\/uploads\/2025\/08\/cyklamenovy-dvojset-nakrcnik-ciapka.spredu.webp\" \/>\n\t<meta property=\"og:image:width\" content=\"1365\" \/>\n\t<meta property=\"og:image:height\" content=\"2048\" \/>\n\t<meta property=\"og:image:type\" content=\"image\/webp\" \/>\n<meta name=\"twitter:card\" content=\"summary_large_image\" \/>\n<meta name=\"twitter:label1\" content=\"Odhadovan\u00e1 doba \u010dten\u00ed\" \/>\n\t<meta name=\"twitter:data1\" content=\"2 minuty\" \/>\n<script type=\"application\/ld+json\" class=\"yoast-schema-graph\">{\"@context\":\"https:\/\/schema.org\",\"@graph\":[{\"@type\":\"WebPage\",\"@id\":\"https:\/\/www.tattja.com\/product\/damske-oblecenie-dvojset-ingeborg-cyklamenovy\/\",\"url\":\"https:\/\/www.tattja.com\/product\/damske-oblecenie-dvojset-ingeborg-cyklamenovy\/\",\"name\":\"D\u00e1mske oble\u010denie 2-set INGEBORG cykl\u00e1menov\u00fd - TATTJA\",\"isPartOf\":{\"@id\":\"https:\/\/www.tattja.com\/#website\"},\"primaryImageOfPage\":{\"@id\":\"https:\/\/www.tattja.com\/product\/damske-oblecenie-dvojset-ingeborg-cyklamenovy\/#primaryimage\"},\"image\":{\"@id\":\"https:\/\/www.tattja.com\/product\/damske-oblecenie-dvojset-ingeborg-cyklamenovy\/#primaryimage\"},\"thumbnailUrl\":\"https:\/\/www.tattja.com\/wp-content\/uploads\/2025\/08\/cyklamenovy-dvojset-nakrcnik-ciapka.spredu.webp\",\"datePublished\":\"2025-08-13T17:09:42+00:00\",\"dateModified\":\"2026-04-05T17:45:00+00:00\",\"description\":\"D\u00e1mske oble\u010denie dvojset INGEBORG cykl\u00e1menov\u00fd \u2013 luxusn\u00e1 kombin\u00e1cia \u010diapky a n\u00e1kr\u010dn\u00edka, ktor\u00e1 sp\u00e1ja hrejiv\u00fa eleganciu s v\u00fdraznou energiou farby.\",\"breadcrumb\":{\"@id\":\"https:\/\/www.tattja.com\/product\/damske-oblecenie-dvojset-ingeborg-cyklamenovy\/#breadcrumb\"},\"inLanguage\":\"cs\",\"potentialAction\":[{\"@type\":\"ReadAction\",\"target\":[\"https:\/\/www.tattja.com\/product\/damske-oblecenie-dvojset-ingeborg-cyklamenovy\/\"]}]},{\"@type\":\"ImageObject\",\"inLanguage\":\"cs\",\"@id\":\"https:\/\/www.tattja.com\/product\/damske-oblecenie-dvojset-ingeborg-cyklamenovy\/#primaryimage\",\"url\":\"https:\/\/www.tattja.com\/wp-content\/uploads\/2025\/08\/cyklamenovy-dvojset-nakrcnik-ciapka.spredu.webp\",\"contentUrl\":\"https:\/\/www.tattja.com\/wp-content\/uploads\/2025\/08\/cyklamenovy-dvojset-nakrcnik-ciapka.spredu.webp\",\"width\":1365,\"height\":2048,\"caption\":\"Cykl\u00e1menov\u00fd dvojset INGEBORG \u2013 \u010diapka a n\u00e1kr\u010dn\u00edk TATTJA | predn\u00fd poh\u013ead\"},{\"@type\":\"BreadcrumbList\",\"@id\":\"https:\/\/www.tattja.com\/product\/damske-oblecenie-dvojset-ingeborg-cyklamenovy\/#breadcrumb\",\"itemListElement\":[{\"@type\":\"ListItem\",\"position\":1,\"name\":\"Domov\",\"item\":\"https:\/\/www.tattja.com\/\"},{\"@type\":\"ListItem\",\"position\":2,\"name\":\"Produkty\",\"item\":\"https:\/\/www.tattja.com\/damske-oblecenie-produkty\/\"},{\"@type\":\"ListItem\",\"position\":3,\"name\":\"D\u00e1mske oble\u010denie 2-set INGEBORG cykl\u00e1menov\u00fd\"}]},{\"@type\":\"WebSite\",\"@id\":\"https:\/\/www.tattja.com\/#website\",\"url\":\"https:\/\/www.tattja.com\/\",\"name\":\"TATTJA\",\"description\":\"D\u00e1mske oble\u010denie z extra jemnej merino vlny \u2014 ru\u010dne pleten\u00e9 na Slovensku\",\"potentialAction\":[{\"@type\":\"SearchAction\",\"target\":{\"@type\":\"EntryPoint\",\"urlTemplate\":\"https:\/\/www.tattja.com\/?s={search_term_string}\"},\"query-input\":{\"@type\":\"PropertyValueSpecification\",\"valueRequired\":true,\"valueName\":\"search_term_string\"}}],\"inLanguage\":\"cs\"}]}<\/script>\n<!-- \/ Yoast SEO plugin. -->","yoast_head_json":{"title":"D\u00e1mske oble\u010denie 2-set INGEBORG cykl\u00e1menov\u00fd - TATTJA","description":"D\u00e1mske oble\u010denie dvojset INGEBORG cykl\u00e1menov\u00fd \u2013 luxusn\u00e1 kombin\u00e1cia \u010diapky a n\u00e1kr\u010dn\u00edka, ktor\u00e1 sp\u00e1ja hrejiv\u00fa eleganciu s v\u00fdraznou energiou farby.","robots":{"index":"index","follow":"follow","max-snippet":"max-snippet:-1","max-image-preview":"max-image-preview:large","max-video-preview":"max-video-preview:-1"},"canonical":"https:\/\/www.tattja.com\/cs\/product\/damske-oblecenie-dvojset-ingeborg-cyklamenovy\/","og_locale":"cs_CZ","og_type":"article","og_title":"D\u00e1mske oble\u010denie 2-set INGEBORG cykl\u00e1menov\u00fd - TATTJA","og_description":"D\u00e1mske oble\u010denie dvojset INGEBORG cykl\u00e1menov\u00fd \u2013 luxusn\u00e1 kombin\u00e1cia \u010diapky a n\u00e1kr\u010dn\u00edka, ktor\u00e1 sp\u00e1ja hrejiv\u00fa eleganciu s v\u00fdraznou energiou farby.","og_url":"https:\/\/www.tattja.com\/cs\/product\/damske-oblecenie-dvojset-ingeborg-cyklamenovy\/","og_site_name":"TATTJA","article_modified_time":"2026-04-05T17:45:00+00:00","og_image":[{"width":1365,"height":2048,"url":"https:\/\/www.tattja.com\/wp-content\/uploads\/2025\/08\/cyklamenovy-dvojset-nakrcnik-ciapka.spredu.webp","type":"image\/webp"}],"twitter_card":"summary_large_image","twitter_misc":{"Odhadovan\u00e1 doba \u010dten\u00ed":"2 minuty"},"schema":{"@context":"https:\/\/schema.org","@graph":[{"@type":"WebPage","@id":"https:\/\/www.tattja.com\/product\/damske-oblecenie-dvojset-ingeborg-cyklamenovy\/","url":"https:\/\/www.tattja.com\/product\/damske-oblecenie-dvojset-ingeborg-cyklamenovy\/","name":"D\u00e1mske oble\u010denie 2-set INGEBORG cykl\u00e1menov\u00fd - TATTJA","isPartOf":{"@id":"https:\/\/www.tattja.com\/#website"},"primaryImageOfPage":{"@id":"https:\/\/www.tattja.com\/product\/damske-oblecenie-dvojset-ingeborg-cyklamenovy\/#primaryimage"},"image":{"@id":"https:\/\/www.tattja.com\/product\/damske-oblecenie-dvojset-ingeborg-cyklamenovy\/#primaryimage"},"thumbnailUrl":"https:\/\/www.tattja.com\/wp-content\/uploads\/2025\/08\/cyklamenovy-dvojset-nakrcnik-ciapka.spredu.webp","datePublished":"2025-08-13T17:09:42+00:00","dateModified":"2026-04-05T17:45:00+00:00","description":"D\u00e1mske oble\u010denie dvojset INGEBORG cykl\u00e1menov\u00fd \u2013 luxusn\u00e1 kombin\u00e1cia \u010diapky a n\u00e1kr\u010dn\u00edka, ktor\u00e1 sp\u00e1ja hrejiv\u00fa eleganciu s v\u00fdraznou energiou farby.","breadcrumb":{"@id":"https:\/\/www.tattja.com\/product\/damske-oblecenie-dvojset-ingeborg-cyklamenovy\/#breadcrumb"},"inLanguage":"cs","potentialAction":[{"@type":"ReadAction","target":["https:\/\/www.tattja.com\/product\/damske-oblecenie-dvojset-ingeborg-cyklamenovy\/"]}]},{"@type":"ImageObject","inLanguage":"cs","@id":"https:\/\/www.tattja.com\/product\/damske-oblecenie-dvojset-ingeborg-cyklamenovy\/#primaryimage","url":"https:\/\/www.tattja.com\/wp-content\/uploads\/2025\/08\/cyklamenovy-dvojset-nakrcnik-ciapka.spredu.webp","contentUrl":"https:\/\/www.tattja.com\/wp-content\/uploads\/2025\/08\/cyklamenovy-dvojset-nakrcnik-ciapka.spredu.webp","width":1365,"height":2048,"caption":"Cykl\u00e1menov\u00fd dvojset INGEBORG \u2013 \u010diapka a n\u00e1kr\u010dn\u00edk TATTJA | predn\u00fd poh\u013ead"},{"@type":"BreadcrumbList","@id":"https:\/\/www.tattja.com\/product\/damske-oblecenie-dvojset-ingeborg-cyklamenovy\/#breadcrumb","itemListElement":[{"@type":"ListItem","position":1,"name":"Domov","item":"https:\/\/www.tattja.com\/"},{"@type":"ListItem","position":2,"name":"Produkty","item":"https:\/\/www.tattja.com\/damske-oblecenie-produkty\/"},{"@type":"ListItem","position":3,"name":"D\u00e1mske oble\u010denie 2-set INGEBORG cykl\u00e1menov\u00fd"}]},{"@type":"WebSite","@id":"https:\/\/www.tattja.com\/#website","url":"https:\/\/www.tattja.com\/","name":"TATTJA","description":"D\u00e1mske oble\u010denie z extra jemnej merino vlny \u2014 ru\u010dne pleten\u00e9 na Slovensku","potentialAction":[{"@type":"SearchAction","target":{"@type":"EntryPoint","urlTemplate":"https:\/\/www.tattja.com\/?s={search_term_string}"},"query-input":{"@type":"PropertyValueSpecification","valueRequired":true,"valueName":"search_term_string"}}],"inLanguage":"cs"}]}},"_links":{"self":[{"href":"https:\/\/www.tattja.com\/cs\/wp-json\/wp\/v2\/product\/1910","targetHints":{"allow":["GET"]}}],"collection":[{"href":"https:\/\/www.tattja.com\/cs\/wp-json\/wp\/v2\/product"}],"about":[{"href":"https:\/\/www.tattja.com\/cs\/wp-json\/wp\/v2\/types\/product"}],"replies":[{"embeddable":true,"href":"https:\/\/www.tattja.com\/cs\/wp-json\/wp\/v2\/comments?post=1910"}],"version-history":[{"count":6,"href":"https:\/\/www.tattja.com\/cs\/wp-json\/wp\/v2\/product\/1910\/revisions"}],"predecessor-version":[{"id":7245,"href":"https:\/\/www.tattja.com\/cs\/wp-json\/wp\/v2\/product\/1910\/revisions\/7245"}],"wp:featuredmedia":[{"embeddable":true,"href":"https:\/\/www.tattja.com\/cs\/wp-json\/wp\/v2\/media\/2250"}],"wp:attachment":[{"href":"https:\/\/www.tattja.com\/cs\/wp-json\/wp\/v2\/media?parent=1910"}],"wp:term":[{"taxonomy":"product_brand","embeddable":true,"href":"https:\/\/www.tattja.com\/cs\/wp-json\/wp\/v2\/product_brand?post=1910"},{"taxonomy":"product_cat","embeddable":true,"href":"https:\/\/www.tattja.com\/cs\/wp-json\/wp\/v2\/product_cat?post=1910"},{"taxonomy":"product_tag","embeddable":true,"href":"https:\/\/www.tattja.com\/cs\/wp-json\/wp\/v2\/product_tag?post=1910"}],"curies":[{"name":"wp","href":"https:\/\/api.w.org\/{rel}","templated":true}]}}