{"id":1926,"date":"2025-08-13T19:18:47","date_gmt":"2025-08-13T17:18:47","guid":{"rendered":"https:\/\/www.tattja.com\/?post_type=product&#038;p=1926"},"modified":"2026-04-05T19:44:58","modified_gmt":"2026-04-05T17:44:58","slug":"damske-oblecenie-driekovnik-natasja-bledomodry","status":"publish","type":"product","link":"https:\/\/www.tattja.com\/cs\/product\/damske-oblecenie-driekovnik-natasja-bledomodry\/","title":{"rendered":"D\u00e1msk\u00e9 oble\u010den\u00ed ko\u0161ile NATASJA bled\u011b modr\u00e1"},"content":{"rendered":"<p data-start=\"850\" data-end=\"1112\"><strong data-start=\"850\" data-end=\"900\">D\u00e1msk\u00e9 oble\u010den\u00ed ko\u0161ile NATASJA bled\u011b modr\u00e1<\/strong> je v\u00fdjime\u010dn\u00fd pleten\u00fd kousek, kter\u00fd v sob\u011b spojuje rafinovanost, pohodl\u00ed a nad\u010dasovou eleganci. Tento jemn\u00fd dopln\u011bk z kolekce <strong data-start=\"1022\" data-end=\"1032\">TATTJA<\/strong> zah\u0159\u00edv\u00e1 oblast pasu, zd\u016fraz\u0148uje \u017eenskou siluetu a dod\u00e1v\u00e1 oble\u010den\u00ed \u00e9terick\u00fd p\u016fvab.<\/p>\n<p data-start=\"1114\" data-end=\"1402\">Sv\u011btle modr\u00e1 barva symbolizuje harmonii, m\u00edr a \u010distotu. P\u016fsob\u00ed sv\u011b\u017ee, modern\u011b a snadno se kombinuje se sv\u011btl\u00fdmi i tmav\u0161\u00edmi t\u00f3ny. Dus\u00edtko v tomto odst\u00ednu vnese do \u0161atn\u00edku sv\u011b\u017e\u00ed z\u00e1van elegance - ide\u00e1ln\u00ed pro \u017eeny, kter\u00e9 d\u00e1vaj\u00ed p\u0159ednost decentn\u00edmu, minimalistick\u00e9mu stylu s d\u016frazem na detail.<\/p>\n<p data-start=\"1404\" data-end=\"1747\">\u017debrovan\u00fd \u00faplet z vysoce kvalitn\u00ed p\u0159\u00edze se p\u0159izp\u016fsob\u00ed postav\u011b, jemn\u011b obepne pas a vytvo\u0159\u00ed p\u0159irozen\u011b tvarovanou linii t\u011bla. Tato \u0161erpa se dob\u0159e kombinuje s b\u00edlou ko\u0161il\u00ed, elegantn\u00edm kab\u00e1tem nebo lehk\u00fdm kardiganem. D\u00edky kvalitn\u00edmu zpracov\u00e1n\u00ed ocen\u00edte, \u017ee si \u00faplet zachov\u00e1v\u00e1 sv\u016fj tvar i po \u010dast\u00e9m no\u0161en\u00ed. Stane se tak pro v\u00e1s odoln\u00fdm a funk\u010dn\u00edm dopl\u0148kem.<\/p>\n<p data-start=\"1749\" data-end=\"2031\">D\u00e1msk\u00e1 ko\u0161ile NATASJA ve sv\u011btle modr\u00e9 barv\u011b je univerz\u00e1ln\u00edm kouskem vhodn\u00fdm pro ka\u017edodenn\u00ed no\u0161en\u00ed i zvl\u00e1\u0161tn\u00ed p\u0159\u00edle\u017eitosti. Vytv\u00e1\u0159\u00ed harmonick\u00fd vzhled, kter\u00fd podtrhuje \u017eenskost, eleganci a smysl pro detail. Skv\u011ble dopl\u0148uje ostatn\u00ed kousky z kolekce. <strong data-start=\"1979\" data-end=\"1989\">TATTJA<\/strong>, jako jsou \u0161\u00e1tky, p\u00e1sky na ruku nebo \u010depice.<\/p>\n<p data-start=\"2033\" data-end=\"2138\">Objevte kr\u00e1su jemnosti, sofistikovan\u00fdch detail\u016f a \u017eensk\u00e9ho stylu, kter\u00e9 v\u00e1s zah\u0159ej\u00ed. <a href=\"https:\/\/www.tattja.com\/cs\/product-category\/damske-oblecenie\/doplnky-jednotlivo\/driekovniky\/\">v jin\u00fdch barv\u00e1ch<\/a>.<\/p>\n<p data-start=\"2140\" data-end=\"2280\"><strong data-start=\"2140\" data-end=\"2194\">Viz, <a href=\"https:\/\/shop.bogensberger.co.at\/produkt-schlagwort\/merino-extrafein\/\">z jak\u00fdch materi\u00e1l\u016f<\/a> vyr\u00e1b\u00edme na\u0161e kusy<\/strong> a dop\u0159ejte si kombinaci kvality, pohodl\u00ed a p\u0159irozen\u00e9 elegance t\u00e9to zna\u010dky. <strong data-start=\"2267\" data-end=\"2277\">TATTJA<\/strong>.D<\/p>","protected":false},"excerpt":{"rendered":"<p data-start=\"635\" data-end=\"808\"><strong data-start=\"635\" data-end=\"685\">D\u00e1msk\u00e9 oble\u010den\u00ed ko\u0161ile NATASJA bled\u011b modr\u00e1<\/strong> spojuje eleganci, pohodl\u00ed a styl. M\u011bkk\u00fd \u00faplet obep\u00edn\u00e1 t\u011blo, zv\u00fdraz\u0148uje siluetu a dod\u00e1v\u00e1 outfitu jemn\u00fd, sv\u011b\u017e\u00ed akcent.<\/p>","protected":false},"featured_media":2421,"comment_status":"open","ping_status":"closed","template":"","meta":[],"product_brand":[],"product_cat":[300,298,158,280,153],"product_tag":[],"class_list":{"0":"post-1926","1":"product","2":"type-product","3":"status-publish","4":"has-post-thumbnail","6":"product_cat-damske-oblecenie","7":"product_cat-doplnky-jednotlivo","8":"product_cat-driekovnik-bledomodry","9":"product_cat-driekovniky","10":"product_cat-pleteninove-doplnky-bledomodre","12":"first","13":"instock","14":"taxable","15":"shipping-taxable","16":"purchasable","17":"product-type-simple"},"yoast_head":"<!-- This site is optimized with the Yoast SEO plugin v26.0 - https:\/\/yoast.com\/wordpress\/plugins\/seo\/ -->\n<title>D\u00e1mske oble\u010denie driekovn\u00edk NATASJA bledomodr\u00fd - TATTJA<\/title>\n<meta name=\"description\" content=\"D\u00e1mske oble\u010denie driekovn\u00edk NATASJA bledomodr\u00fd \u2013 jemn\u00fd pleten\u00fd doplnok, ktor\u00fd zv\u00fdrazn\u00ed p\u00e1s, zahreje telo a dod\u00e1 outfitu n\u00e1dych svie\u017eosti a noblesy.\" \/>\n<meta name=\"robots\" content=\"index, follow, max-snippet:-1, max-image-preview:large, max-video-preview:-1\" \/>\n<link rel=\"canonical\" href=\"https:\/\/www.tattja.com\/cs\/product\/damske-oblecenie-driekovnik-natasja-bledomodry\/\" \/>\n<meta property=\"og:locale\" content=\"cs_CZ\" \/>\n<meta property=\"og:type\" content=\"article\" \/>\n<meta property=\"og:title\" content=\"D\u00e1mske oble\u010denie driekovn\u00edk NATASJA bledomodr\u00fd - TATTJA\" \/>\n<meta property=\"og:description\" content=\"D\u00e1mske oble\u010denie driekovn\u00edk NATASJA bledomodr\u00fd \u2013 jemn\u00fd pleten\u00fd doplnok, ktor\u00fd zv\u00fdrazn\u00ed p\u00e1s, zahreje telo a dod\u00e1 outfitu n\u00e1dych svie\u017eosti a noblesy.\" \/>\n<meta property=\"og:url\" content=\"https:\/\/www.tattja.com\/cs\/product\/damske-oblecenie-driekovnik-natasja-bledomodry\/\" \/>\n<meta property=\"og:site_name\" content=\"TATTJA\" \/>\n<meta property=\"article:modified_time\" content=\"2026-04-05T17:44:58+00:00\" \/>\n<meta property=\"og:image\" content=\"https:\/\/www.tattja.com\/wp-content\/uploads\/2025\/09\/bledomodry-driekovnik-spredu-1.webp\" \/>\n\t<meta property=\"og:image:width\" content=\"1365\" \/>\n\t<meta property=\"og:image:height\" content=\"2048\" \/>\n\t<meta property=\"og:image:type\" content=\"image\/webp\" \/>\n<meta name=\"twitter:card\" content=\"summary_large_image\" \/>\n<meta name=\"twitter:label1\" content=\"Odhadovan\u00e1 doba \u010dten\u00ed\" \/>\n\t<meta name=\"twitter:data1\" content=\"2 minuty\" \/>\n<script type=\"application\/ld+json\" class=\"yoast-schema-graph\">{\"@context\":\"https:\/\/schema.org\",\"@graph\":[{\"@type\":\"WebPage\",\"@id\":\"https:\/\/www.tattja.com\/product\/damske-oblecenie-driekovnik-natasja-bledomodry\/\",\"url\":\"https:\/\/www.tattja.com\/product\/damske-oblecenie-driekovnik-natasja-bledomodry\/\",\"name\":\"D\u00e1mske oble\u010denie driekovn\u00edk NATASJA bledomodr\u00fd - TATTJA\",\"isPartOf\":{\"@id\":\"https:\/\/www.tattja.com\/#website\"},\"primaryImageOfPage\":{\"@id\":\"https:\/\/www.tattja.com\/product\/damske-oblecenie-driekovnik-natasja-bledomodry\/#primaryimage\"},\"image\":{\"@id\":\"https:\/\/www.tattja.com\/product\/damske-oblecenie-driekovnik-natasja-bledomodry\/#primaryimage\"},\"thumbnailUrl\":\"https:\/\/www.tattja.com\/wp-content\/uploads\/2025\/09\/bledomodry-driekovnik-spredu-1.webp\",\"datePublished\":\"2025-08-13T17:18:47+00:00\",\"dateModified\":\"2026-04-05T17:44:58+00:00\",\"description\":\"D\u00e1mske oble\u010denie driekovn\u00edk NATASJA bledomodr\u00fd \u2013 jemn\u00fd pleten\u00fd doplnok, ktor\u00fd zv\u00fdrazn\u00ed p\u00e1s, zahreje telo a dod\u00e1 outfitu n\u00e1dych svie\u017eosti a noblesy.\",\"breadcrumb\":{\"@id\":\"https:\/\/www.tattja.com\/product\/damske-oblecenie-driekovnik-natasja-bledomodry\/#breadcrumb\"},\"inLanguage\":\"cs\",\"potentialAction\":[{\"@type\":\"ReadAction\",\"target\":[\"https:\/\/www.tattja.com\/product\/damske-oblecenie-driekovnik-natasja-bledomodry\/\"]}]},{\"@type\":\"ImageObject\",\"inLanguage\":\"cs\",\"@id\":\"https:\/\/www.tattja.com\/product\/damske-oblecenie-driekovnik-natasja-bledomodry\/#primaryimage\",\"url\":\"https:\/\/www.tattja.com\/wp-content\/uploads\/2025\/09\/bledomodry-driekovnik-spredu-1.webp\",\"contentUrl\":\"https:\/\/www.tattja.com\/wp-content\/uploads\/2025\/09\/bledomodry-driekovnik-spredu-1.webp\",\"width\":1365,\"height\":2048,\"caption\":\"Driekovn\u00edk NATASJA v bledomodrej farbe \u2013 predn\u00fd poh\u013ead\"},{\"@type\":\"BreadcrumbList\",\"@id\":\"https:\/\/www.tattja.com\/product\/damske-oblecenie-driekovnik-natasja-bledomodry\/#breadcrumb\",\"itemListElement\":[{\"@type\":\"ListItem\",\"position\":1,\"name\":\"Domov\",\"item\":\"https:\/\/www.tattja.com\/\"},{\"@type\":\"ListItem\",\"position\":2,\"name\":\"Produkty\",\"item\":\"https:\/\/www.tattja.com\/damske-oblecenie-produkty\/\"},{\"@type\":\"ListItem\",\"position\":3,\"name\":\"D\u00e1mske oble\u010denie driekovn\u00edk NATASJA bledomodr\u00fd\"}]},{\"@type\":\"WebSite\",\"@id\":\"https:\/\/www.tattja.com\/#website\",\"url\":\"https:\/\/www.tattja.com\/\",\"name\":\"TATTJA\",\"description\":\"D\u00e1mske oble\u010denie z extra jemnej merino vlny \u2014 ru\u010dne pleten\u00e9 na Slovensku\",\"potentialAction\":[{\"@type\":\"SearchAction\",\"target\":{\"@type\":\"EntryPoint\",\"urlTemplate\":\"https:\/\/www.tattja.com\/?s={search_term_string}\"},\"query-input\":{\"@type\":\"PropertyValueSpecification\",\"valueRequired\":true,\"valueName\":\"search_term_string\"}}],\"inLanguage\":\"cs\"}]}<\/script>\n<!-- \/ Yoast SEO plugin. -->","yoast_head_json":{"title":"D\u00e1mske oble\u010denie driekovn\u00edk NATASJA bledomodr\u00fd - TATTJA","description":"D\u00e1mske oble\u010denie driekovn\u00edk NATASJA bledomodr\u00fd \u2013 jemn\u00fd pleten\u00fd doplnok, ktor\u00fd zv\u00fdrazn\u00ed p\u00e1s, zahreje telo a dod\u00e1 outfitu n\u00e1dych svie\u017eosti a noblesy.","robots":{"index":"index","follow":"follow","max-snippet":"max-snippet:-1","max-image-preview":"max-image-preview:large","max-video-preview":"max-video-preview:-1"},"canonical":"https:\/\/www.tattja.com\/cs\/product\/damske-oblecenie-driekovnik-natasja-bledomodry\/","og_locale":"cs_CZ","og_type":"article","og_title":"D\u00e1mske oble\u010denie driekovn\u00edk NATASJA bledomodr\u00fd - TATTJA","og_description":"D\u00e1mske oble\u010denie driekovn\u00edk NATASJA bledomodr\u00fd \u2013 jemn\u00fd pleten\u00fd doplnok, ktor\u00fd zv\u00fdrazn\u00ed p\u00e1s, zahreje telo a dod\u00e1 outfitu n\u00e1dych svie\u017eosti a noblesy.","og_url":"https:\/\/www.tattja.com\/cs\/product\/damske-oblecenie-driekovnik-natasja-bledomodry\/","og_site_name":"TATTJA","article_modified_time":"2026-04-05T17:44:58+00:00","og_image":[{"width":1365,"height":2048,"url":"https:\/\/www.tattja.com\/wp-content\/uploads\/2025\/09\/bledomodry-driekovnik-spredu-1.webp","type":"image\/webp"}],"twitter_card":"summary_large_image","twitter_misc":{"Odhadovan\u00e1 doba \u010dten\u00ed":"2 minuty"},"schema":{"@context":"https:\/\/schema.org","@graph":[{"@type":"WebPage","@id":"https:\/\/www.tattja.com\/product\/damske-oblecenie-driekovnik-natasja-bledomodry\/","url":"https:\/\/www.tattja.com\/product\/damske-oblecenie-driekovnik-natasja-bledomodry\/","name":"D\u00e1mske oble\u010denie driekovn\u00edk NATASJA bledomodr\u00fd - TATTJA","isPartOf":{"@id":"https:\/\/www.tattja.com\/#website"},"primaryImageOfPage":{"@id":"https:\/\/www.tattja.com\/product\/damske-oblecenie-driekovnik-natasja-bledomodry\/#primaryimage"},"image":{"@id":"https:\/\/www.tattja.com\/product\/damske-oblecenie-driekovnik-natasja-bledomodry\/#primaryimage"},"thumbnailUrl":"https:\/\/www.tattja.com\/wp-content\/uploads\/2025\/09\/bledomodry-driekovnik-spredu-1.webp","datePublished":"2025-08-13T17:18:47+00:00","dateModified":"2026-04-05T17:44:58+00:00","description":"D\u00e1mske oble\u010denie driekovn\u00edk NATASJA bledomodr\u00fd \u2013 jemn\u00fd pleten\u00fd doplnok, ktor\u00fd zv\u00fdrazn\u00ed p\u00e1s, zahreje telo a dod\u00e1 outfitu n\u00e1dych svie\u017eosti a noblesy.","breadcrumb":{"@id":"https:\/\/www.tattja.com\/product\/damske-oblecenie-driekovnik-natasja-bledomodry\/#breadcrumb"},"inLanguage":"cs","potentialAction":[{"@type":"ReadAction","target":["https:\/\/www.tattja.com\/product\/damske-oblecenie-driekovnik-natasja-bledomodry\/"]}]},{"@type":"ImageObject","inLanguage":"cs","@id":"https:\/\/www.tattja.com\/product\/damske-oblecenie-driekovnik-natasja-bledomodry\/#primaryimage","url":"https:\/\/www.tattja.com\/wp-content\/uploads\/2025\/09\/bledomodry-driekovnik-spredu-1.webp","contentUrl":"https:\/\/www.tattja.com\/wp-content\/uploads\/2025\/09\/bledomodry-driekovnik-spredu-1.webp","width":1365,"height":2048,"caption":"Driekovn\u00edk NATASJA v bledomodrej farbe \u2013 predn\u00fd poh\u013ead"},{"@type":"BreadcrumbList","@id":"https:\/\/www.tattja.com\/product\/damske-oblecenie-driekovnik-natasja-bledomodry\/#breadcrumb","itemListElement":[{"@type":"ListItem","position":1,"name":"Domov","item":"https:\/\/www.tattja.com\/"},{"@type":"ListItem","position":2,"name":"Produkty","item":"https:\/\/www.tattja.com\/damske-oblecenie-produkty\/"},{"@type":"ListItem","position":3,"name":"D\u00e1mske oble\u010denie driekovn\u00edk NATASJA bledomodr\u00fd"}]},{"@type":"WebSite","@id":"https:\/\/www.tattja.com\/#website","url":"https:\/\/www.tattja.com\/","name":"TATTJA","description":"D\u00e1mske oble\u010denie z extra jemnej merino vlny \u2014 ru\u010dne pleten\u00e9 na Slovensku","potentialAction":[{"@type":"SearchAction","target":{"@type":"EntryPoint","urlTemplate":"https:\/\/www.tattja.com\/?s={search_term_string}"},"query-input":{"@type":"PropertyValueSpecification","valueRequired":true,"valueName":"search_term_string"}}],"inLanguage":"cs"}]}},"_links":{"self":[{"href":"https:\/\/www.tattja.com\/cs\/wp-json\/wp\/v2\/product\/1926","targetHints":{"allow":["GET"]}}],"collection":[{"href":"https:\/\/www.tattja.com\/cs\/wp-json\/wp\/v2\/product"}],"about":[{"href":"https:\/\/www.tattja.com\/cs\/wp-json\/wp\/v2\/types\/product"}],"replies":[{"embeddable":true,"href":"https:\/\/www.tattja.com\/cs\/wp-json\/wp\/v2\/comments?post=1926"}],"version-history":[{"count":6,"href":"https:\/\/www.tattja.com\/cs\/wp-json\/wp\/v2\/product\/1926\/revisions"}],"predecessor-version":[{"id":5861,"href":"https:\/\/www.tattja.com\/cs\/wp-json\/wp\/v2\/product\/1926\/revisions\/5861"}],"wp:featuredmedia":[{"embeddable":true,"href":"https:\/\/www.tattja.com\/cs\/wp-json\/wp\/v2\/media\/2421"}],"wp:attachment":[{"href":"https:\/\/www.tattja.com\/cs\/wp-json\/wp\/v2\/media?parent=1926"}],"wp:term":[{"taxonomy":"product_brand","embeddable":true,"href":"https:\/\/www.tattja.com\/cs\/wp-json\/wp\/v2\/product_brand?post=1926"},{"taxonomy":"product_cat","embeddable":true,"href":"https:\/\/www.tattja.com\/cs\/wp-json\/wp\/v2\/product_cat?post=1926"},{"taxonomy":"product_tag","embeddable":true,"href":"https:\/\/www.tattja.com\/cs\/wp-json\/wp\/v2\/product_tag?post=1926"}],"curies":[{"name":"wp","href":"https:\/\/api.w.org\/{rel}","templated":true}]}}