{"id":2030,"date":"2025-08-14T18:00:26","date_gmt":"2025-08-14T16:00:26","guid":{"rendered":"https:\/\/www.tattja.com\/?post_type=product&#038;p=2030"},"modified":"2026-04-05T19:44:48","modified_gmt":"2026-04-05T17:44:48","slug":"damske-oblecenie-dvojset-ingeborg-fosforovy-limetkovy","status":"publish","type":"product","link":"https:\/\/www.tattja.com\/cs\/product\/damske-oblecenie-dvojset-ingeborg-fosforovy-limetkovy\/","title":{"rendered":"D\u00e1mske oble\u010denie 2-set INGEBORG fosforov\u00fd limetkov\u00fd"},"content":{"rendered":"<p data-start=\"901\" data-end=\"1204\"><strong data-start=\"901\" data-end=\"958\">D\u00e1mske oble\u010denie dvojset INGEBORG fosforovo-limetkov\u00fd<\/strong> predstavuje odv\u00e1\u017eny a modern\u00fd poh\u013ead na \u017eensk\u00fd \u0161t\u00fdl. Tento svie\u017ei set z kolekcie <strong data-start=\"1040\" data-end=\"1050\">TATTJA<\/strong> kombinuje \u010diapku so \u0161iltom a jemne rebrovan\u00fd n\u00e1kr\u010dn\u00edk z pr\u00e9miovej pleteniny \u2013 spolu vytv\u00e1raj\u00fa energick\u00fd celok, ktor\u00fd sp\u00e1ja funk\u010dnos\u0165, dizajn a komfort.<\/p>\n<p data-start=\"1206\" data-end=\"1517\">Fosforovo-limetkov\u00fd odtie\u0148 prin\u00e1\u0161a do \u0161atn\u00edka \u017eivos\u0165 a pozit\u00edvnu energiu. Je to farba, ktor\u00e1 pri\u0165ahuje poh\u013eady a pod\u010diarkuje sebavedomie ka\u017edej \u017eeny. Dokonale roz\u017eiari neutr\u00e1lne t\u00f3ny, no rovnako dobre vynikne aj s kontrastn\u00fdmi farbami. Tento odtie\u0148 symbolizuje svie\u017eos\u0165, slobodu a modern\u00fd pr\u00edstup k elegancii.<\/p>\n<p data-start=\"1519\" data-end=\"1823\">N\u00e1kr\u010dn\u00edk pr\u00edjemne obop\u00edna ramen\u00e1 a krk, prin\u00e1\u0161a m\u00e4kk\u00e9 teplo a pohodlie po\u010das chladnej\u0161\u00edch dn\u00ed. \u010ciapka so \u0161iltom dop\u013a\u0148a cel\u00fd set svoj\u00edm tvarom a praktick\u00fdm vyu\u017eit\u00edm \u2013 chr\u00e1ni pred vetrom a z\u00e1rove\u0148 dod\u00e1va outfitu hrav\u00fd, no sofistikovan\u00fd akcent. Ich kombin\u00e1cia p\u00f4sob\u00ed mladistvo, dynamicky a z\u00e1rove\u0148 \u017eensky.<\/p>\n<p data-start=\"1825\" data-end=\"2086\">D\u00e1msk\u00e1 od\u011bvn\u00ed dvojit\u00e1 souprava <strong data-start=\"1833\" data-end=\"1865\">INGEBORG fosforovo-limetkov\u00fd<\/strong> je ur\u010den\u00fd pre \u017eeny, ktor\u00e9 maj\u00fa odvahu vyst\u00fapi\u0165 z davu. Tie\u017e ho ocenia \u017eeny, ktor\u00e9 miluj\u00fa spojenie komfortu s origin\u00e1lnym dizajnom. Ka\u017ed\u00fd detail odr\u00e1\u017ea zmysel pre estetiku, kvalitu a remeseln\u00e9 spracovanie, ktor\u00e9 s\u00fa typick\u00e9 pre zna\u010dku <strong data-start=\"2073\" data-end=\"2083\">TATTJA<\/strong>.<\/p>\n<p data-start=\"2088\" data-end=\"2193\">Objevte kr\u00e1su jemnosti, sofistikovan\u00fdch detail\u016f a \u017eensk\u00e9ho stylu, kter\u00e9 v\u00e1s zah\u0159ej\u00ed. <a href=\"https:\/\/www.tattja.com\/cs\/product-category\/damske-oblecenie\/dvojsety\/nakrcnik-a-ciapka\/\">v jin\u00fdch barv\u00e1ch.<\/a><\/p>\n<p data-start=\"2195\" data-end=\"2330\"><strong data-start=\"2195\" data-end=\"2249\">Viz, <a href=\"https:\/\/shop.bogensberger.co.at\/produkt-schlagwort\/merino-extrafein\/\">z jak\u00fdch materi\u00e1l\u016f<\/a> vyr\u00e1b\u00edme na\u0161e kusy<\/strong> a doprajte si dotyk svie\u017eej energie, ktor\u00fd zmen\u00ed ka\u017ed\u00fd de\u0148 na \u0161t\u00fdlov\u00fd z\u00e1\u017eitok.<\/p>","protected":false},"excerpt":{"rendered":"<p><strong data-start=\"699\" data-end=\"756\">D\u00e1mske oble\u010denie dvojset INGEBORG fosforovo-limetkov\u00fd<\/strong> \u2013 svie\u017ea kombin\u00e1cia \u010diapky a n\u00e1kr\u010dn\u00edka, ktor\u00e1 dod\u00e1 outfitu energiu, eleganciu a v\u00fdnimo\u010dn\u00fd charakter.<\/p>","protected":false},"featured_media":7488,"comment_status":"open","ping_status":"closed","template":"","meta":[],"product_brand":[],"product_cat":[289,300,180,291,177],"product_tag":[],"class_list":{"0":"post-2030","1":"product","2":"type-product","3":"status-publish","4":"has-post-thumbnail","6":"product_cat-dvojsety","7":"product_cat-damske-oblecenie","8":"product_cat-dvojsety-fosforove-limetkove","9":"product_cat-nakrcnik-a-ciapka","10":"product_cat-pleteninove-doplnky-fosforove-limetkove","12":"first","13":"instock","14":"taxable","15":"shipping-taxable","16":"purchasable","17":"product-type-simple"},"yoast_head":"<!-- This site is optimized with the Yoast SEO plugin v26.0 - https:\/\/yoast.com\/wordpress\/plugins\/seo\/ -->\n<title>D\u00e1mske oble\u010denie 2-set INGEBORG fosforov\u00fd limetkov\u00fd - TATTJA<\/title>\n<meta name=\"description\" content=\"D\u00e1mske oble\u010denie dvojset INGEBORG fosforovo-limetkov\u00fd \u2013 \u017eiariv\u00fd set \u010diapky a n\u00e1kr\u010dn\u00edka, ktor\u00fd sp\u00e1ja svie\u017eos\u0165, \u0161t\u00fdl a pr\u00e9miov\u00e9 pohodlie zna\u010dky TATTJA.\" \/>\n<meta name=\"robots\" content=\"index, follow, max-snippet:-1, max-image-preview:large, max-video-preview:-1\" \/>\n<link rel=\"canonical\" href=\"https:\/\/www.tattja.com\/cs\/product\/damske-oblecenie-dvojset-ingeborg-fosforovy-limetkovy\/\" \/>\n<meta property=\"og:locale\" content=\"cs_CZ\" \/>\n<meta property=\"og:type\" content=\"article\" \/>\n<meta property=\"og:title\" content=\"D\u00e1mske oble\u010denie 2-set INGEBORG fosforov\u00fd limetkov\u00fd - TATTJA\" \/>\n<meta property=\"og:description\" content=\"D\u00e1mske oble\u010denie dvojset INGEBORG fosforovo-limetkov\u00fd \u2013 \u017eiariv\u00fd set \u010diapky a n\u00e1kr\u010dn\u00edka, ktor\u00fd sp\u00e1ja svie\u017eos\u0165, \u0161t\u00fdl a pr\u00e9miov\u00e9 pohodlie zna\u010dky TATTJA.\" \/>\n<meta property=\"og:url\" content=\"https:\/\/www.tattja.com\/cs\/product\/damske-oblecenie-dvojset-ingeborg-fosforovy-limetkovy\/\" \/>\n<meta property=\"og:site_name\" content=\"TATTJA\" \/>\n<meta property=\"article:modified_time\" content=\"2026-04-05T17:44:48+00:00\" \/>\n<meta property=\"og:image\" content=\"https:\/\/www.tattja.com\/wp-content\/uploads\/2026\/01\/fosforovy-limetkovy-dvojset-nakrcnik-ciapka-spredu-28.webp\" \/>\n\t<meta property=\"og:image:width\" content=\"1365\" \/>\n\t<meta property=\"og:image:height\" content=\"2048\" \/>\n\t<meta property=\"og:image:type\" content=\"image\/webp\" \/>\n<meta name=\"twitter:card\" content=\"summary_large_image\" \/>\n<meta name=\"twitter:label1\" content=\"Odhadovan\u00e1 doba \u010dten\u00ed\" \/>\n\t<meta name=\"twitter:data1\" content=\"2 minuty\" \/>\n<script type=\"application\/ld+json\" class=\"yoast-schema-graph\">{\"@context\":\"https:\/\/schema.org\",\"@graph\":[{\"@type\":\"WebPage\",\"@id\":\"https:\/\/www.tattja.com\/product\/damske-oblecenie-dvojset-ingeborg-fosforovy-limetkovy\/\",\"url\":\"https:\/\/www.tattja.com\/product\/damske-oblecenie-dvojset-ingeborg-fosforovy-limetkovy\/\",\"name\":\"D\u00e1mske oble\u010denie 2-set INGEBORG fosforov\u00fd limetkov\u00fd - TATTJA\",\"isPartOf\":{\"@id\":\"https:\/\/www.tattja.com\/#website\"},\"primaryImageOfPage\":{\"@id\":\"https:\/\/www.tattja.com\/product\/damske-oblecenie-dvojset-ingeborg-fosforovy-limetkovy\/#primaryimage\"},\"image\":{\"@id\":\"https:\/\/www.tattja.com\/product\/damske-oblecenie-dvojset-ingeborg-fosforovy-limetkovy\/#primaryimage\"},\"thumbnailUrl\":\"https:\/\/www.tattja.com\/wp-content\/uploads\/2026\/01\/fosforovy-limetkovy-dvojset-nakrcnik-ciapka-spredu-28.webp\",\"datePublished\":\"2025-08-14T16:00:26+00:00\",\"dateModified\":\"2026-04-05T17:44:48+00:00\",\"description\":\"D\u00e1mske oble\u010denie dvojset INGEBORG fosforovo-limetkov\u00fd \u2013 \u017eiariv\u00fd set \u010diapky a n\u00e1kr\u010dn\u00edka, ktor\u00fd sp\u00e1ja svie\u017eos\u0165, \u0161t\u00fdl a pr\u00e9miov\u00e9 pohodlie zna\u010dky TATTJA.\",\"breadcrumb\":{\"@id\":\"https:\/\/www.tattja.com\/product\/damske-oblecenie-dvojset-ingeborg-fosforovy-limetkovy\/#breadcrumb\"},\"inLanguage\":\"cs\",\"potentialAction\":[{\"@type\":\"ReadAction\",\"target\":[\"https:\/\/www.tattja.com\/product\/damske-oblecenie-dvojset-ingeborg-fosforovy-limetkovy\/\"]}]},{\"@type\":\"ImageObject\",\"inLanguage\":\"cs\",\"@id\":\"https:\/\/www.tattja.com\/product\/damske-oblecenie-dvojset-ingeborg-fosforovy-limetkovy\/#primaryimage\",\"url\":\"https:\/\/www.tattja.com\/wp-content\/uploads\/2026\/01\/fosforovy-limetkovy-dvojset-nakrcnik-ciapka-spredu-28.webp\",\"contentUrl\":\"https:\/\/www.tattja.com\/wp-content\/uploads\/2026\/01\/fosforovy-limetkovy-dvojset-nakrcnik-ciapka-spredu-28.webp\",\"width\":1365,\"height\":2048,\"caption\":\"D\u00e1msky pleten\u00fd dvojset INGEBORG \u2013 fosforovo-limetkov\u00fd | TATTJA\"},{\"@type\":\"BreadcrumbList\",\"@id\":\"https:\/\/www.tattja.com\/product\/damske-oblecenie-dvojset-ingeborg-fosforovy-limetkovy\/#breadcrumb\",\"itemListElement\":[{\"@type\":\"ListItem\",\"position\":1,\"name\":\"Domov\",\"item\":\"https:\/\/www.tattja.com\/\"},{\"@type\":\"ListItem\",\"position\":2,\"name\":\"Produkty\",\"item\":\"https:\/\/www.tattja.com\/damske-oblecenie-produkty\/\"},{\"@type\":\"ListItem\",\"position\":3,\"name\":\"D\u00e1mske oble\u010denie 2-set INGEBORG fosforov\u00fd limetkov\u00fd\"}]},{\"@type\":\"WebSite\",\"@id\":\"https:\/\/www.tattja.com\/#website\",\"url\":\"https:\/\/www.tattja.com\/\",\"name\":\"TATTJA\",\"description\":\"D\u00e1mske oble\u010denie z extra jemnej merino vlny \u2014 ru\u010dne pleten\u00e9 na Slovensku\",\"potentialAction\":[{\"@type\":\"SearchAction\",\"target\":{\"@type\":\"EntryPoint\",\"urlTemplate\":\"https:\/\/www.tattja.com\/?s={search_term_string}\"},\"query-input\":{\"@type\":\"PropertyValueSpecification\",\"valueRequired\":true,\"valueName\":\"search_term_string\"}}],\"inLanguage\":\"cs\"}]}<\/script>\n<!-- \/ Yoast SEO plugin. -->","yoast_head_json":{"title":"D\u00e1mske oble\u010denie 2-set INGEBORG fosforov\u00fd limetkov\u00fd - TATTJA","description":"D\u00e1mske oble\u010denie dvojset INGEBORG fosforovo-limetkov\u00fd \u2013 \u017eiariv\u00fd set \u010diapky a n\u00e1kr\u010dn\u00edka, ktor\u00fd sp\u00e1ja svie\u017eos\u0165, \u0161t\u00fdl a pr\u00e9miov\u00e9 pohodlie zna\u010dky TATTJA.","robots":{"index":"index","follow":"follow","max-snippet":"max-snippet:-1","max-image-preview":"max-image-preview:large","max-video-preview":"max-video-preview:-1"},"canonical":"https:\/\/www.tattja.com\/cs\/product\/damske-oblecenie-dvojset-ingeborg-fosforovy-limetkovy\/","og_locale":"cs_CZ","og_type":"article","og_title":"D\u00e1mske oble\u010denie 2-set INGEBORG fosforov\u00fd limetkov\u00fd - TATTJA","og_description":"D\u00e1mske oble\u010denie dvojset INGEBORG fosforovo-limetkov\u00fd \u2013 \u017eiariv\u00fd set \u010diapky a n\u00e1kr\u010dn\u00edka, ktor\u00fd sp\u00e1ja svie\u017eos\u0165, \u0161t\u00fdl a pr\u00e9miov\u00e9 pohodlie zna\u010dky TATTJA.","og_url":"https:\/\/www.tattja.com\/cs\/product\/damske-oblecenie-dvojset-ingeborg-fosforovy-limetkovy\/","og_site_name":"TATTJA","article_modified_time":"2026-04-05T17:44:48+00:00","og_image":[{"width":1365,"height":2048,"url":"https:\/\/www.tattja.com\/wp-content\/uploads\/2026\/01\/fosforovy-limetkovy-dvojset-nakrcnik-ciapka-spredu-28.webp","type":"image\/webp"}],"twitter_card":"summary_large_image","twitter_misc":{"Odhadovan\u00e1 doba \u010dten\u00ed":"2 minuty"},"schema":{"@context":"https:\/\/schema.org","@graph":[{"@type":"WebPage","@id":"https:\/\/www.tattja.com\/product\/damske-oblecenie-dvojset-ingeborg-fosforovy-limetkovy\/","url":"https:\/\/www.tattja.com\/product\/damske-oblecenie-dvojset-ingeborg-fosforovy-limetkovy\/","name":"D\u00e1mske oble\u010denie 2-set INGEBORG fosforov\u00fd limetkov\u00fd - TATTJA","isPartOf":{"@id":"https:\/\/www.tattja.com\/#website"},"primaryImageOfPage":{"@id":"https:\/\/www.tattja.com\/product\/damske-oblecenie-dvojset-ingeborg-fosforovy-limetkovy\/#primaryimage"},"image":{"@id":"https:\/\/www.tattja.com\/product\/damske-oblecenie-dvojset-ingeborg-fosforovy-limetkovy\/#primaryimage"},"thumbnailUrl":"https:\/\/www.tattja.com\/wp-content\/uploads\/2026\/01\/fosforovy-limetkovy-dvojset-nakrcnik-ciapka-spredu-28.webp","datePublished":"2025-08-14T16:00:26+00:00","dateModified":"2026-04-05T17:44:48+00:00","description":"D\u00e1mske oble\u010denie dvojset INGEBORG fosforovo-limetkov\u00fd \u2013 \u017eiariv\u00fd set \u010diapky a n\u00e1kr\u010dn\u00edka, ktor\u00fd sp\u00e1ja svie\u017eos\u0165, \u0161t\u00fdl a pr\u00e9miov\u00e9 pohodlie zna\u010dky TATTJA.","breadcrumb":{"@id":"https:\/\/www.tattja.com\/product\/damske-oblecenie-dvojset-ingeborg-fosforovy-limetkovy\/#breadcrumb"},"inLanguage":"cs","potentialAction":[{"@type":"ReadAction","target":["https:\/\/www.tattja.com\/product\/damske-oblecenie-dvojset-ingeborg-fosforovy-limetkovy\/"]}]},{"@type":"ImageObject","inLanguage":"cs","@id":"https:\/\/www.tattja.com\/product\/damske-oblecenie-dvojset-ingeborg-fosforovy-limetkovy\/#primaryimage","url":"https:\/\/www.tattja.com\/wp-content\/uploads\/2026\/01\/fosforovy-limetkovy-dvojset-nakrcnik-ciapka-spredu-28.webp","contentUrl":"https:\/\/www.tattja.com\/wp-content\/uploads\/2026\/01\/fosforovy-limetkovy-dvojset-nakrcnik-ciapka-spredu-28.webp","width":1365,"height":2048,"caption":"D\u00e1msky pleten\u00fd dvojset INGEBORG \u2013 fosforovo-limetkov\u00fd | TATTJA"},{"@type":"BreadcrumbList","@id":"https:\/\/www.tattja.com\/product\/damske-oblecenie-dvojset-ingeborg-fosforovy-limetkovy\/#breadcrumb","itemListElement":[{"@type":"ListItem","position":1,"name":"Domov","item":"https:\/\/www.tattja.com\/"},{"@type":"ListItem","position":2,"name":"Produkty","item":"https:\/\/www.tattja.com\/damske-oblecenie-produkty\/"},{"@type":"ListItem","position":3,"name":"D\u00e1mske oble\u010denie 2-set INGEBORG fosforov\u00fd limetkov\u00fd"}]},{"@type":"WebSite","@id":"https:\/\/www.tattja.com\/#website","url":"https:\/\/www.tattja.com\/","name":"TATTJA","description":"D\u00e1mske oble\u010denie z extra jemnej merino vlny \u2014 ru\u010dne pleten\u00e9 na Slovensku","potentialAction":[{"@type":"SearchAction","target":{"@type":"EntryPoint","urlTemplate":"https:\/\/www.tattja.com\/?s={search_term_string}"},"query-input":{"@type":"PropertyValueSpecification","valueRequired":true,"valueName":"search_term_string"}}],"inLanguage":"cs"}]}},"_links":{"self":[{"href":"https:\/\/www.tattja.com\/cs\/wp-json\/wp\/v2\/product\/2030","targetHints":{"allow":["GET"]}}],"collection":[{"href":"https:\/\/www.tattja.com\/cs\/wp-json\/wp\/v2\/product"}],"about":[{"href":"https:\/\/www.tattja.com\/cs\/wp-json\/wp\/v2\/types\/product"}],"replies":[{"embeddable":true,"href":"https:\/\/www.tattja.com\/cs\/wp-json\/wp\/v2\/comments?post=2030"}],"version-history":[{"count":6,"href":"https:\/\/www.tattja.com\/cs\/wp-json\/wp\/v2\/product\/2030\/revisions"}],"predecessor-version":[{"id":7201,"href":"https:\/\/www.tattja.com\/cs\/wp-json\/wp\/v2\/product\/2030\/revisions\/7201"}],"wp:featuredmedia":[{"embeddable":true,"href":"https:\/\/www.tattja.com\/cs\/wp-json\/wp\/v2\/media\/7488"}],"wp:attachment":[{"href":"https:\/\/www.tattja.com\/cs\/wp-json\/wp\/v2\/media?parent=2030"}],"wp:term":[{"taxonomy":"product_brand","embeddable":true,"href":"https:\/\/www.tattja.com\/cs\/wp-json\/wp\/v2\/product_brand?post=2030"},{"taxonomy":"product_cat","embeddable":true,"href":"https:\/\/www.tattja.com\/cs\/wp-json\/wp\/v2\/product_cat?post=2030"},{"taxonomy":"product_tag","embeddable":true,"href":"https:\/\/www.tattja.com\/cs\/wp-json\/wp\/v2\/product_tag?post=2030"}],"curies":[{"name":"wp","href":"https:\/\/api.w.org\/{rel}","templated":true}]}}