{"id":2045,"date":"2025-08-21T09:26:14","date_gmt":"2025-08-21T07:26:14","guid":{"rendered":"https:\/\/www.tattja.com\/?post_type=product&#038;p=2045"},"modified":"2026-04-05T19:44:48","modified_gmt":"2026-04-05T17:44:48","slug":"damske-oblecenie-trojset-dakin-fosforovy-limetkovy","status":"publish","type":"product","link":"https:\/\/www.tattja.com\/cs\/product\/damske-oblecenie-trojset-dakin-fosforovy-limetkovy\/","title":{"rendered":"D\u00e1mske oble\u010denie 3-set DAKIN fosforov\u00fd limetkov\u00fd"},"content":{"rendered":"<p data-start=\"960\" data-end=\"1217\"><strong data-start=\"960\" data-end=\"1014\">D\u00e1mske oble\u010denie trojset DAKIN fosforovo-limetkov\u00fd<\/strong> je v\u00fdnimo\u010dn\u00fd model pre \u017eeny, ktor\u00e9 miluj\u00fa originalitu, hravos\u0165 a luxus v jednom. Tento set z kolekcie <strong data-start=\"1117\" data-end=\"1127\">TATTJA<\/strong> sp\u00e1ja prepracovan\u00fd dizajn, komfort a \u017eiariv\u00fd charakter farby, ktor\u00e1 roz\u017eiari ka\u017ed\u00fd de\u0148.<\/p>\n<p data-start=\"1219\" data-end=\"1597\">Trojset pozost\u00e1va z troch navz\u00e1jom prepojen\u00fdch k\u00faskov \u2013 n\u00e1kr\u010dn\u00edka, driekovn\u00edka a ruk\u00e1vnikov. N\u00e1kr\u010dn\u00edk elegantne obop\u00edna ramen\u00e1, chr\u00e1ni krk a dod\u00e1va outfitu jemn\u00fa \u0161trukt\u00faru. Driekovn\u00edk zv\u00fdraz\u0148uje p\u00e1s, prin\u00e1\u0161a teplo a tvaruje postavu. Ruk\u00e1vniky dod\u00e1vaj\u00fa praktickos\u0165 a \u0161t\u00fdlov\u00fd detail, ktor\u00fd dop\u013a\u0148a cel\u00fd komplet. Spolu tvoria harmonick\u00fa kombin\u00e1ciu estetiky, funk\u010dnosti a pohodlia.<\/p>\n<p data-start=\"1599\" data-end=\"1934\">Fosforovo-limetkov\u00e1 farba je symbolom odvahy ako aj svie\u017eosti a \u017eivotnej energie. O\u017eiv\u00ed aj minimalistick\u00fd outfit a prinesie do \u0161atn\u00edka modern\u00fd kontrast. Tento odtie\u0148 p\u00f4sob\u00ed mladistvo, pozit\u00edvne a zv\u00fdraz\u0148uje \u017eensk\u00fa osobnos\u0165. V\u010faka svojej hravosti sa skvelo hod\u00ed na be\u017en\u00e9 nosenie, no z\u00e1rove\u0148 p\u00f4sob\u00ed elegantne pri v\u00fdnimo\u010dn\u00fdch pr\u00edle\u017eitostiach.<\/p>\n<p data-start=\"1936\" data-end=\"2195\">Pr\u00e9miov\u00e1 pletenina z kvalitn\u00fdch vl\u00e1kien poskytuje m\u00e4kkos\u0165, pru\u017enos\u0165 a pr\u00edjemn\u00fd dotyk. Ka\u017ed\u00fd detail modelu <strong data-start=\"2042\" data-end=\"2051\">DAKIN<\/strong>vznikol s d\u00f4razom na estetiku, funk\u010dnos\u0165 a remeseln\u00fa presnos\u0165.<\/p>\n<p data-start=\"1936\" data-end=\"2195\">D\u00e1mske oble\u010denie trojset DAKIN fosforovo-limetkov\u00fd v\u00e1s zahreje, dod\u00e1 sebavedomie a pod\u010diarkne v\u00e1\u0161 \u0161t\u00fdl bez kompromisov.<\/p>\n<p data-start=\"2197\" data-end=\"2302\">Objevte kr\u00e1su jemnosti, sofistikovan\u00fdch detail\u016f a \u017eensk\u00e9ho stylu, kter\u00e9 v\u00e1s zah\u0159ej\u00ed. <a href=\"https:\/\/www.tattja.com\/cs\/product-category\/damske-oblecenie\/trojsety-3\/nakrcnik-a-driekovnik-a-rukavniky\/\">v jin\u00fdch barv\u00e1ch.<\/a><\/p>\n<p data-start=\"2304\" data-end=\"2451\"><strong data-start=\"2304\" data-end=\"2358\">Viz, <a href=\"https:\/\/shop.bogensberger.co.at\/produkt-schlagwort\/merino-extrafein\/\">z jak\u00fdch materi\u00e1l\u016f<\/a> vyr\u00e1b\u00edme na\u0161e kusy<\/strong> a doprajte si spojenie svie\u017eosti, luxusu a pohodlia, ktor\u00e9 definuje ka\u017ed\u00fa kolekciu TATTJA.<\/p>","protected":false},"excerpt":{"rendered":"<p><strong data-start=\"664\" data-end=\"718\">D\u00e1mske oble\u010denie trojset DAKIN fosforovo-limetkov\u00fd<\/strong> predstavuje svie\u017ei a hrav\u00fd model, ktor\u00fd sp\u00e1ja energiu farby s jemnos\u0165ou pleteniny. N\u00e1kr\u010dn\u00edk, driekovn\u00edk a ruk\u00e1vniky vytv\u00e1raj\u00fa harmonick\u00fd komplet, ktor\u00fd zahreje, vynikne a zv\u00fdrazn\u00ed \u017eensk\u00fa osobitos\u0165.<\/p>","protected":false},"featured_media":7515,"comment_status":"open","ping_status":"closed","template":"","meta":[],"product_brand":[],"product_cat":[284,300,285,177,179],"product_tag":[],"class_list":{"0":"post-2045","1":"product","2":"type-product","3":"status-publish","4":"has-post-thumbnail","6":"product_cat-trojsety-3","7":"product_cat-damske-oblecenie","8":"product_cat-nakrcnik-a-driekovnik-a-rukavniky","9":"product_cat-pleteninove-doplnky-fosforove-limetkove","10":"product_cat-trojsety-fosforove-limetkove","12":"first","13":"instock","14":"taxable","15":"shipping-taxable","16":"purchasable","17":"product-type-simple"},"yoast_head":"<!-- This site is optimized with the Yoast SEO plugin v26.0 - https:\/\/yoast.com\/wordpress\/plugins\/seo\/ -->\n<title>D\u00e1mske oble\u010denie 3-set DAKIN fosforov\u00fd limetkov\u00fd - TATTJA<\/title>\n<meta name=\"description\" content=\"D\u00e1mske oble\u010denie trojset DAKIN fosforovo-limetkov\u00fd \u2013 \u017eiariv\u00fd pleten\u00fd set TATTJA, ktor\u00fd sp\u00e1ja svie\u017eos\u0165, originalitu a pohodlie v luxusnom preveden\u00ed.\" \/>\n<meta name=\"robots\" content=\"index, follow, max-snippet:-1, max-image-preview:large, max-video-preview:-1\" \/>\n<link rel=\"canonical\" href=\"https:\/\/www.tattja.com\/cs\/product\/damske-oblecenie-trojset-dakin-fosforovy-limetkovy\/\" \/>\n<meta property=\"og:locale\" content=\"cs_CZ\" \/>\n<meta property=\"og:type\" content=\"article\" \/>\n<meta property=\"og:title\" content=\"D\u00e1mske oble\u010denie 3-set DAKIN fosforov\u00fd limetkov\u00fd - TATTJA\" \/>\n<meta property=\"og:description\" content=\"D\u00e1mske oble\u010denie trojset DAKIN fosforovo-limetkov\u00fd \u2013 \u017eiariv\u00fd pleten\u00fd set TATTJA, ktor\u00fd sp\u00e1ja svie\u017eos\u0165, originalitu a pohodlie v luxusnom preveden\u00ed.\" \/>\n<meta property=\"og:url\" content=\"https:\/\/www.tattja.com\/cs\/product\/damske-oblecenie-trojset-dakin-fosforovy-limetkovy\/\" \/>\n<meta property=\"og:site_name\" content=\"TATTJA\" \/>\n<meta property=\"article:modified_time\" content=\"2026-04-05T17:44:48+00:00\" \/>\n<meta property=\"og:image\" content=\"https:\/\/www.tattja.com\/wp-content\/uploads\/2026\/01\/fosforovy-limetkovy-trojset-nakrcnik-driekovnik-rukavniky-spredu-7.webp\" \/>\n\t<meta property=\"og:image:width\" content=\"1365\" \/>\n\t<meta property=\"og:image:height\" content=\"2048\" \/>\n\t<meta property=\"og:image:type\" content=\"image\/webp\" \/>\n<meta name=\"twitter:card\" content=\"summary_large_image\" \/>\n<meta name=\"twitter:label1\" content=\"Odhadovan\u00e1 doba \u010dten\u00ed\" \/>\n\t<meta name=\"twitter:data1\" content=\"2 minuty\" \/>\n<script type=\"application\/ld+json\" class=\"yoast-schema-graph\">{\"@context\":\"https:\/\/schema.org\",\"@graph\":[{\"@type\":\"WebPage\",\"@id\":\"https:\/\/www.tattja.com\/product\/damske-oblecenie-trojset-dakin-fosforovy-limetkovy\/\",\"url\":\"https:\/\/www.tattja.com\/product\/damske-oblecenie-trojset-dakin-fosforovy-limetkovy\/\",\"name\":\"D\u00e1mske oble\u010denie 3-set DAKIN fosforov\u00fd limetkov\u00fd - TATTJA\",\"isPartOf\":{\"@id\":\"https:\/\/www.tattja.com\/#website\"},\"primaryImageOfPage\":{\"@id\":\"https:\/\/www.tattja.com\/product\/damske-oblecenie-trojset-dakin-fosforovy-limetkovy\/#primaryimage\"},\"image\":{\"@id\":\"https:\/\/www.tattja.com\/product\/damske-oblecenie-trojset-dakin-fosforovy-limetkovy\/#primaryimage\"},\"thumbnailUrl\":\"https:\/\/www.tattja.com\/wp-content\/uploads\/2026\/01\/fosforovy-limetkovy-trojset-nakrcnik-driekovnik-rukavniky-spredu-7.webp\",\"datePublished\":\"2025-08-21T07:26:14+00:00\",\"dateModified\":\"2026-04-05T17:44:48+00:00\",\"description\":\"D\u00e1mske oble\u010denie trojset DAKIN fosforovo-limetkov\u00fd \u2013 \u017eiariv\u00fd pleten\u00fd set TATTJA, ktor\u00fd sp\u00e1ja svie\u017eos\u0165, originalitu a pohodlie v luxusnom preveden\u00ed.\",\"breadcrumb\":{\"@id\":\"https:\/\/www.tattja.com\/product\/damske-oblecenie-trojset-dakin-fosforovy-limetkovy\/#breadcrumb\"},\"inLanguage\":\"cs\",\"potentialAction\":[{\"@type\":\"ReadAction\",\"target\":[\"https:\/\/www.tattja.com\/product\/damske-oblecenie-trojset-dakin-fosforovy-limetkovy\/\"]}]},{\"@type\":\"ImageObject\",\"inLanguage\":\"cs\",\"@id\":\"https:\/\/www.tattja.com\/product\/damske-oblecenie-trojset-dakin-fosforovy-limetkovy\/#primaryimage\",\"url\":\"https:\/\/www.tattja.com\/wp-content\/uploads\/2026\/01\/fosforovy-limetkovy-trojset-nakrcnik-driekovnik-rukavniky-spredu-7.webp\",\"contentUrl\":\"https:\/\/www.tattja.com\/wp-content\/uploads\/2026\/01\/fosforovy-limetkovy-trojset-nakrcnik-driekovnik-rukavniky-spredu-7.webp\",\"width\":1365,\"height\":2048,\"caption\":\"D\u00e1msky pleten\u00fd trojset DAKIN \u2013 fosforovo-limetkov\u00fd | TATTJA\"},{\"@type\":\"BreadcrumbList\",\"@id\":\"https:\/\/www.tattja.com\/product\/damske-oblecenie-trojset-dakin-fosforovy-limetkovy\/#breadcrumb\",\"itemListElement\":[{\"@type\":\"ListItem\",\"position\":1,\"name\":\"Domov\",\"item\":\"https:\/\/www.tattja.com\/\"},{\"@type\":\"ListItem\",\"position\":2,\"name\":\"Produkty\",\"item\":\"https:\/\/www.tattja.com\/damske-oblecenie-produkty\/\"},{\"@type\":\"ListItem\",\"position\":3,\"name\":\"D\u00e1mske oble\u010denie 3-set DAKIN fosforov\u00fd limetkov\u00fd\"}]},{\"@type\":\"WebSite\",\"@id\":\"https:\/\/www.tattja.com\/#website\",\"url\":\"https:\/\/www.tattja.com\/\",\"name\":\"TATTJA\",\"description\":\"D\u00e1mske oble\u010denie z extra jemnej merino vlny \u2014 ru\u010dne pleten\u00e9 na Slovensku\",\"potentialAction\":[{\"@type\":\"SearchAction\",\"target\":{\"@type\":\"EntryPoint\",\"urlTemplate\":\"https:\/\/www.tattja.com\/?s={search_term_string}\"},\"query-input\":{\"@type\":\"PropertyValueSpecification\",\"valueRequired\":true,\"valueName\":\"search_term_string\"}}],\"inLanguage\":\"cs\"}]}<\/script>\n<!-- \/ Yoast SEO plugin. -->","yoast_head_json":{"title":"D\u00e1mske oble\u010denie 3-set DAKIN fosforov\u00fd limetkov\u00fd - TATTJA","description":"D\u00e1mske oble\u010denie trojset DAKIN fosforovo-limetkov\u00fd \u2013 \u017eiariv\u00fd pleten\u00fd set TATTJA, ktor\u00fd sp\u00e1ja svie\u017eos\u0165, originalitu a pohodlie v luxusnom preveden\u00ed.","robots":{"index":"index","follow":"follow","max-snippet":"max-snippet:-1","max-image-preview":"max-image-preview:large","max-video-preview":"max-video-preview:-1"},"canonical":"https:\/\/www.tattja.com\/cs\/product\/damske-oblecenie-trojset-dakin-fosforovy-limetkovy\/","og_locale":"cs_CZ","og_type":"article","og_title":"D\u00e1mske oble\u010denie 3-set DAKIN fosforov\u00fd limetkov\u00fd - TATTJA","og_description":"D\u00e1mske oble\u010denie trojset DAKIN fosforovo-limetkov\u00fd \u2013 \u017eiariv\u00fd pleten\u00fd set TATTJA, ktor\u00fd sp\u00e1ja svie\u017eos\u0165, originalitu a pohodlie v luxusnom preveden\u00ed.","og_url":"https:\/\/www.tattja.com\/cs\/product\/damske-oblecenie-trojset-dakin-fosforovy-limetkovy\/","og_site_name":"TATTJA","article_modified_time":"2026-04-05T17:44:48+00:00","og_image":[{"width":1365,"height":2048,"url":"https:\/\/www.tattja.com\/wp-content\/uploads\/2026\/01\/fosforovy-limetkovy-trojset-nakrcnik-driekovnik-rukavniky-spredu-7.webp","type":"image\/webp"}],"twitter_card":"summary_large_image","twitter_misc":{"Odhadovan\u00e1 doba \u010dten\u00ed":"2 minuty"},"schema":{"@context":"https:\/\/schema.org","@graph":[{"@type":"WebPage","@id":"https:\/\/www.tattja.com\/product\/damske-oblecenie-trojset-dakin-fosforovy-limetkovy\/","url":"https:\/\/www.tattja.com\/product\/damske-oblecenie-trojset-dakin-fosforovy-limetkovy\/","name":"D\u00e1mske oble\u010denie 3-set DAKIN fosforov\u00fd limetkov\u00fd - TATTJA","isPartOf":{"@id":"https:\/\/www.tattja.com\/#website"},"primaryImageOfPage":{"@id":"https:\/\/www.tattja.com\/product\/damske-oblecenie-trojset-dakin-fosforovy-limetkovy\/#primaryimage"},"image":{"@id":"https:\/\/www.tattja.com\/product\/damske-oblecenie-trojset-dakin-fosforovy-limetkovy\/#primaryimage"},"thumbnailUrl":"https:\/\/www.tattja.com\/wp-content\/uploads\/2026\/01\/fosforovy-limetkovy-trojset-nakrcnik-driekovnik-rukavniky-spredu-7.webp","datePublished":"2025-08-21T07:26:14+00:00","dateModified":"2026-04-05T17:44:48+00:00","description":"D\u00e1mske oble\u010denie trojset DAKIN fosforovo-limetkov\u00fd \u2013 \u017eiariv\u00fd pleten\u00fd set TATTJA, ktor\u00fd sp\u00e1ja svie\u017eos\u0165, originalitu a pohodlie v luxusnom preveden\u00ed.","breadcrumb":{"@id":"https:\/\/www.tattja.com\/product\/damske-oblecenie-trojset-dakin-fosforovy-limetkovy\/#breadcrumb"},"inLanguage":"cs","potentialAction":[{"@type":"ReadAction","target":["https:\/\/www.tattja.com\/product\/damske-oblecenie-trojset-dakin-fosforovy-limetkovy\/"]}]},{"@type":"ImageObject","inLanguage":"cs","@id":"https:\/\/www.tattja.com\/product\/damske-oblecenie-trojset-dakin-fosforovy-limetkovy\/#primaryimage","url":"https:\/\/www.tattja.com\/wp-content\/uploads\/2026\/01\/fosforovy-limetkovy-trojset-nakrcnik-driekovnik-rukavniky-spredu-7.webp","contentUrl":"https:\/\/www.tattja.com\/wp-content\/uploads\/2026\/01\/fosforovy-limetkovy-trojset-nakrcnik-driekovnik-rukavniky-spredu-7.webp","width":1365,"height":2048,"caption":"D\u00e1msky pleten\u00fd trojset DAKIN \u2013 fosforovo-limetkov\u00fd | TATTJA"},{"@type":"BreadcrumbList","@id":"https:\/\/www.tattja.com\/product\/damske-oblecenie-trojset-dakin-fosforovy-limetkovy\/#breadcrumb","itemListElement":[{"@type":"ListItem","position":1,"name":"Domov","item":"https:\/\/www.tattja.com\/"},{"@type":"ListItem","position":2,"name":"Produkty","item":"https:\/\/www.tattja.com\/damske-oblecenie-produkty\/"},{"@type":"ListItem","position":3,"name":"D\u00e1mske oble\u010denie 3-set DAKIN fosforov\u00fd limetkov\u00fd"}]},{"@type":"WebSite","@id":"https:\/\/www.tattja.com\/#website","url":"https:\/\/www.tattja.com\/","name":"TATTJA","description":"D\u00e1mske oble\u010denie z extra jemnej merino vlny \u2014 ru\u010dne pleten\u00e9 na Slovensku","potentialAction":[{"@type":"SearchAction","target":{"@type":"EntryPoint","urlTemplate":"https:\/\/www.tattja.com\/?s={search_term_string}"},"query-input":{"@type":"PropertyValueSpecification","valueRequired":true,"valueName":"search_term_string"}}],"inLanguage":"cs"}]}},"_links":{"self":[{"href":"https:\/\/www.tattja.com\/cs\/wp-json\/wp\/v2\/product\/2045","targetHints":{"allow":["GET"]}}],"collection":[{"href":"https:\/\/www.tattja.com\/cs\/wp-json\/wp\/v2\/product"}],"about":[{"href":"https:\/\/www.tattja.com\/cs\/wp-json\/wp\/v2\/types\/product"}],"replies":[{"embeddable":true,"href":"https:\/\/www.tattja.com\/cs\/wp-json\/wp\/v2\/comments?post=2045"}],"version-history":[{"count":6,"href":"https:\/\/www.tattja.com\/cs\/wp-json\/wp\/v2\/product\/2045\/revisions"}],"predecessor-version":[{"id":7199,"href":"https:\/\/www.tattja.com\/cs\/wp-json\/wp\/v2\/product\/2045\/revisions\/7199"}],"wp:featuredmedia":[{"embeddable":true,"href":"https:\/\/www.tattja.com\/cs\/wp-json\/wp\/v2\/media\/7515"}],"wp:attachment":[{"href":"https:\/\/www.tattja.com\/cs\/wp-json\/wp\/v2\/media?parent=2045"}],"wp:term":[{"taxonomy":"product_brand","embeddable":true,"href":"https:\/\/www.tattja.com\/cs\/wp-json\/wp\/v2\/product_brand?post=2045"},{"taxonomy":"product_cat","embeddable":true,"href":"https:\/\/www.tattja.com\/cs\/wp-json\/wp\/v2\/product_cat?post=2045"},{"taxonomy":"product_tag","embeddable":true,"href":"https:\/\/www.tattja.com\/cs\/wp-json\/wp\/v2\/product_tag?post=2045"}],"curies":[{"name":"wp","href":"https:\/\/api.w.org\/{rel}","templated":true}]}}