{"id":2053,"date":"2025-08-21T09:31:17","date_gmt":"2025-08-21T07:31:17","guid":{"rendered":"https:\/\/www.tattja.com\/?post_type=product&#038;p=2053"},"modified":"2026-04-05T19:44:47","modified_gmt":"2026-04-05T17:44:47","slug":"damske-oblecenie-ciapka-anja-tmavomodra","status":"publish","type":"product","link":"https:\/\/www.tattja.com\/cs\/product\/damske-oblecenie-ciapka-anja-tmavomodra\/","title":{"rendered":"D\u00e1msk\u00e1 od\u011bvn\u00ed \u010depice ANJA tmav\u011b modr\u00e1"},"content":{"rendered":"<p data-start=\"857\" data-end=\"1135\"><strong data-start=\"857\" data-end=\"900\">D\u00e1msk\u00e1 od\u011bvn\u00ed \u010depice ANJA tmav\u011b modr\u00e1<\/strong> je zt\u011blesn\u011bn\u00edm elegance a modern\u00edho luxusu. Tento ikonick\u00fd kousek z kolekce <strong data-start=\"978\" data-end=\"988\">TATTJA<\/strong> spojuje \u017eenskost, prakti\u010dnost a precizn\u00ed \u0159emesln\u00e9 zpracov\u00e1n\u00ed. Je to dopln\u011bk, kter\u00fd podtrhne osobnost ka\u017ed\u00e9 \u017eeny a dod\u00e1 outfitu n\u00e1dech rafinovanosti.<\/p>\n<p data-start=\"1137\" data-end=\"1424\">Tmav\u011b modr\u00fd odst\u00edn p\u016fsob\u00ed d\u016fstojn\u011b, vyv\u00e1\u017een\u011b a nad\u010dasov\u011b. Symbolizuje klid, s\u00edlu a sofistikovanost, tak\u017ee je ide\u00e1ln\u00edm dopl\u0148kem pro \u017eeny s vyt\u0159\u00edben\u00fdm vkusem. V kombinaci s minimalistick\u00fdm oble\u010den\u00edm vytv\u00e1\u0159\u00ed \u010depice harmonick\u00fd kontrast a dod\u00e1v\u00e1 vzhledu elegantn\u00ed n\u00e1dech.<\/p>\n<p data-start=\"1426\" data-end=\"1724\">Jemn\u00fd \u017eebrovan\u00fd \u00faplet je p\u0159\u00edjemn\u00fd na dotek a p\u0159izp\u016fsob\u00ed se tvaru hlavy, tak\u017ee poskytuje maxim\u00e1ln\u00ed pohodl\u00ed v chladn\u011bj\u0161\u00edch dnech. Je prody\u0161n\u00fd, h\u0159ejiv\u00fd a zachov\u00e1v\u00e1 si sv\u016fj tvar i po opakovan\u00e9m no\u0161en\u00ed. Ka\u017ed\u00fd steh odr\u00e1\u017e\u00ed pozornost v\u011bnovanou detail\u016fm a kvalit\u011b, kter\u00e1 je pro zna\u010dku typick\u00e1. <strong data-start=\"1694\" data-end=\"1704\">TATTJA<\/strong> charakteristick\u00e9.<\/p>\n<p data-start=\"1726\" data-end=\"1998\">Stylov\u00fd k\u0161ilt dod\u00e1v\u00e1 \u010depici modern\u00ed m\u011bstsk\u00fd vzhled a zvy\u0161uje jej\u00ed prakti\u010dnost - chr\u00e1n\u00ed o\u010di p\u0159ed slune\u010dn\u00edmi paprsky a v\u011btrem a z\u00e1rove\u0148 zd\u016fraz\u0148uje \u017eensk\u00e9 rysy. Tento jedine\u010dn\u00fd dopln\u011bk kombinuje nad\u010dasovost s jemnou extravaganc\u00ed a vytv\u00e1\u0159\u00ed dokonalou rovnov\u00e1hu mezi eleganc\u00ed a pohodl\u00edm.<\/p>\n<p data-start=\"2000\" data-end=\"2214\"><strong data-start=\"2000\" data-end=\"2026\">D\u00e1msk\u00e1 od\u011bvn\u00ed \u010depice ANJA tmav\u011b modr\u00e1<\/strong> dokonale se kombinuje s dal\u0161\u00edmi dopl\u0148ky z kolekce <strong data-start=\"2081\" data-end=\"2091\">TATTJA<\/strong> - s l\u00edmcem ko\u0161ile, p\u00e1sky na ruku nebo n\u00e1kr\u010dn\u00edkem. Spole\u010dn\u011b tvo\u0159\u00ed vyv\u00e1\u017een\u00fd celek, kter\u00fd podtrhne v\u00e1\u0161 styl po cel\u00fd rok.<\/p>\n<p data-start=\"2216\" data-end=\"2321\">Objevte kr\u00e1su jemnosti, sofistikovan\u00fdch detail\u016f a \u017eensk\u00e9ho stylu, kter\u00e9 v\u00e1s zah\u0159ej\u00ed. <a href=\"https:\/\/www.tattja.com\/cs\/product-category\/damske-oblecenie\/doplnky-jednotlivo\/ciapky\/\">v jin\u00fdch barv\u00e1ch<\/a>.<\/p>\n<p data-start=\"2323\" data-end=\"2436\"><strong data-start=\"2323\" data-end=\"2377\">Viz, <a href=\"https:\/\/shop.bogensberger.co.at\/produkt-schlagwort\/merino-extrafein\/\">z jak\u00fdch materi\u00e1l\u016f<\/a> vyr\u00e1b\u00edme na\u0161e kusy<\/strong> a dop\u0159ejte si dotek luxusu, kter\u00fd uc\u00edt\u00edte v ka\u017ed\u00e9m vl\u00e1kn\u011b.<\/p>","protected":false},"excerpt":{"rendered":"<p><strong data-start=\"658\" data-end=\"701\">D\u00e1msk\u00e1 od\u011bvn\u00ed \u010depice ANJA tmav\u011b modr\u00e1<\/strong> - jemn\u00fd \u017eebrovan\u00fd \u00faplet, elegantn\u00ed silueta a syt\u00fd odst\u00edn rafinovanosti pro \u017eeny, kter\u00e9 vyza\u0159uj\u00ed styl a sebev\u011bdom\u00ed.<\/p>","protected":false},"featured_media":7673,"comment_status":"open","ping_status":"closed","template":"","meta":[],"product_brand":[],"product_cat":[208,282,300,298,201],"product_tag":[],"class_list":{"0":"post-2053","1":"product","2":"type-product","3":"status-publish","4":"has-post-thumbnail","6":"product_cat-ciapka-tmavomodra","7":"product_cat-ciapky","8":"product_cat-damske-oblecenie","9":"product_cat-doplnky-jednotlivo","10":"product_cat-pleteninove-doplnky-tmavomodre","12":"first","13":"instock","14":"taxable","15":"shipping-taxable","16":"purchasable","17":"product-type-simple"},"yoast_head":"<!-- This site is optimized with the Yoast SEO plugin v26.0 - https:\/\/yoast.com\/wordpress\/plugins\/seo\/ -->\n<title>D\u00e1mske oble\u010denie \u010diapka ANJA tmavomodr\u00e1 - TATTJA<\/title>\n<meta name=\"description\" content=\"D\u00e1mske oble\u010denie \u010diapka ANJA tmavomodr\u00e1 \u2013 luxusn\u00e1 pleten\u00e1 \u010diapka so \u0161iltom, ktor\u00e1 sp\u00e1ja eleganciu, komfort a noblesu v modernom mestskom \u0161t\u00fdle.\" \/>\n<meta name=\"robots\" content=\"index, follow, max-snippet:-1, max-image-preview:large, max-video-preview:-1\" \/>\n<link rel=\"canonical\" href=\"https:\/\/www.tattja.com\/cs\/product\/damske-oblecenie-ciapka-anja-tmavomodra\/\" \/>\n<meta property=\"og:locale\" content=\"cs_CZ\" \/>\n<meta property=\"og:type\" content=\"article\" \/>\n<meta property=\"og:title\" content=\"D\u00e1mske oble\u010denie \u010diapka ANJA tmavomodr\u00e1 - TATTJA\" \/>\n<meta property=\"og:description\" content=\"D\u00e1mske oble\u010denie \u010diapka ANJA tmavomodr\u00e1 \u2013 luxusn\u00e1 pleten\u00e1 \u010diapka so \u0161iltom, ktor\u00e1 sp\u00e1ja eleganciu, komfort a noblesu v modernom mestskom \u0161t\u00fdle.\" \/>\n<meta property=\"og:url\" content=\"https:\/\/www.tattja.com\/cs\/product\/damske-oblecenie-ciapka-anja-tmavomodra\/\" \/>\n<meta property=\"og:site_name\" content=\"TATTJA\" \/>\n<meta property=\"article:modified_time\" content=\"2026-04-05T17:44:47+00:00\" \/>\n<meta property=\"og:image\" content=\"https:\/\/www.tattja.com\/wp-content\/uploads\/2026\/01\/tmavomodry-ciapka-spredu-43.webp\" \/>\n\t<meta property=\"og:image:width\" content=\"1365\" \/>\n\t<meta property=\"og:image:height\" content=\"2048\" \/>\n\t<meta property=\"og:image:type\" content=\"image\/webp\" \/>\n<meta name=\"twitter:card\" content=\"summary_large_image\" \/>\n<meta name=\"twitter:label1\" content=\"Odhadovan\u00e1 doba \u010dten\u00ed\" \/>\n\t<meta name=\"twitter:data1\" content=\"2 minuty\" \/>\n<script type=\"application\/ld+json\" class=\"yoast-schema-graph\">{\"@context\":\"https:\/\/schema.org\",\"@graph\":[{\"@type\":\"WebPage\",\"@id\":\"https:\/\/www.tattja.com\/product\/damske-oblecenie-ciapka-anja-tmavomodra\/\",\"url\":\"https:\/\/www.tattja.com\/product\/damske-oblecenie-ciapka-anja-tmavomodra\/\",\"name\":\"D\u00e1mske oble\u010denie \u010diapka ANJA tmavomodr\u00e1 - TATTJA\",\"isPartOf\":{\"@id\":\"https:\/\/www.tattja.com\/#website\"},\"primaryImageOfPage\":{\"@id\":\"https:\/\/www.tattja.com\/product\/damske-oblecenie-ciapka-anja-tmavomodra\/#primaryimage\"},\"image\":{\"@id\":\"https:\/\/www.tattja.com\/product\/damske-oblecenie-ciapka-anja-tmavomodra\/#primaryimage\"},\"thumbnailUrl\":\"https:\/\/www.tattja.com\/wp-content\/uploads\/2026\/01\/tmavomodry-ciapka-spredu-43.webp\",\"datePublished\":\"2025-08-21T07:31:17+00:00\",\"dateModified\":\"2026-04-05T17:44:47+00:00\",\"description\":\"D\u00e1mske oble\u010denie \u010diapka ANJA tmavomodr\u00e1 \u2013 luxusn\u00e1 pleten\u00e1 \u010diapka so \u0161iltom, ktor\u00e1 sp\u00e1ja eleganciu, komfort a noblesu v modernom mestskom \u0161t\u00fdle.\",\"breadcrumb\":{\"@id\":\"https:\/\/www.tattja.com\/product\/damske-oblecenie-ciapka-anja-tmavomodra\/#breadcrumb\"},\"inLanguage\":\"cs\",\"potentialAction\":[{\"@type\":\"ReadAction\",\"target\":[\"https:\/\/www.tattja.com\/product\/damske-oblecenie-ciapka-anja-tmavomodra\/\"]}]},{\"@type\":\"ImageObject\",\"inLanguage\":\"cs\",\"@id\":\"https:\/\/www.tattja.com\/product\/damske-oblecenie-ciapka-anja-tmavomodra\/#primaryimage\",\"url\":\"https:\/\/www.tattja.com\/wp-content\/uploads\/2026\/01\/tmavomodry-ciapka-spredu-43.webp\",\"contentUrl\":\"https:\/\/www.tattja.com\/wp-content\/uploads\/2026\/01\/tmavomodry-ciapka-spredu-43.webp\",\"width\":1365,\"height\":2048,\"caption\":\"Tmavomodr\u00e1 pleten\u00e1 \u010diapka ANJA TATTJA \u2013 poh\u013ead spredu\"},{\"@type\":\"BreadcrumbList\",\"@id\":\"https:\/\/www.tattja.com\/product\/damske-oblecenie-ciapka-anja-tmavomodra\/#breadcrumb\",\"itemListElement\":[{\"@type\":\"ListItem\",\"position\":1,\"name\":\"Domov\",\"item\":\"https:\/\/www.tattja.com\/\"},{\"@type\":\"ListItem\",\"position\":2,\"name\":\"Produkty\",\"item\":\"https:\/\/www.tattja.com\/damske-oblecenie-produkty\/\"},{\"@type\":\"ListItem\",\"position\":3,\"name\":\"D\u00e1mske oble\u010denie \u010diapka ANJA tmavomodr\u00e1\"}]},{\"@type\":\"WebSite\",\"@id\":\"https:\/\/www.tattja.com\/#website\",\"url\":\"https:\/\/www.tattja.com\/\",\"name\":\"TATTJA\",\"description\":\"D\u00e1mske oble\u010denie z extra jemnej merino vlny \u2014 ru\u010dne pleten\u00e9 na Slovensku\",\"potentialAction\":[{\"@type\":\"SearchAction\",\"target\":{\"@type\":\"EntryPoint\",\"urlTemplate\":\"https:\/\/www.tattja.com\/?s={search_term_string}\"},\"query-input\":{\"@type\":\"PropertyValueSpecification\",\"valueRequired\":true,\"valueName\":\"search_term_string\"}}],\"inLanguage\":\"cs\"}]}<\/script>\n<!-- \/ Yoast SEO plugin. -->","yoast_head_json":{"title":"D\u00e1mske oble\u010denie \u010diapka ANJA tmavomodr\u00e1 - TATTJA","description":"D\u00e1mske oble\u010denie \u010diapka ANJA tmavomodr\u00e1 \u2013 luxusn\u00e1 pleten\u00e1 \u010diapka so \u0161iltom, ktor\u00e1 sp\u00e1ja eleganciu, komfort a noblesu v modernom mestskom \u0161t\u00fdle.","robots":{"index":"index","follow":"follow","max-snippet":"max-snippet:-1","max-image-preview":"max-image-preview:large","max-video-preview":"max-video-preview:-1"},"canonical":"https:\/\/www.tattja.com\/cs\/product\/damske-oblecenie-ciapka-anja-tmavomodra\/","og_locale":"cs_CZ","og_type":"article","og_title":"D\u00e1mske oble\u010denie \u010diapka ANJA tmavomodr\u00e1 - TATTJA","og_description":"D\u00e1mske oble\u010denie \u010diapka ANJA tmavomodr\u00e1 \u2013 luxusn\u00e1 pleten\u00e1 \u010diapka so \u0161iltom, ktor\u00e1 sp\u00e1ja eleganciu, komfort a noblesu v modernom mestskom \u0161t\u00fdle.","og_url":"https:\/\/www.tattja.com\/cs\/product\/damske-oblecenie-ciapka-anja-tmavomodra\/","og_site_name":"TATTJA","article_modified_time":"2026-04-05T17:44:47+00:00","og_image":[{"width":1365,"height":2048,"url":"https:\/\/www.tattja.com\/wp-content\/uploads\/2026\/01\/tmavomodry-ciapka-spredu-43.webp","type":"image\/webp"}],"twitter_card":"summary_large_image","twitter_misc":{"Odhadovan\u00e1 doba \u010dten\u00ed":"2 minuty"},"schema":{"@context":"https:\/\/schema.org","@graph":[{"@type":"WebPage","@id":"https:\/\/www.tattja.com\/product\/damske-oblecenie-ciapka-anja-tmavomodra\/","url":"https:\/\/www.tattja.com\/product\/damske-oblecenie-ciapka-anja-tmavomodra\/","name":"D\u00e1mske oble\u010denie \u010diapka ANJA tmavomodr\u00e1 - TATTJA","isPartOf":{"@id":"https:\/\/www.tattja.com\/#website"},"primaryImageOfPage":{"@id":"https:\/\/www.tattja.com\/product\/damske-oblecenie-ciapka-anja-tmavomodra\/#primaryimage"},"image":{"@id":"https:\/\/www.tattja.com\/product\/damske-oblecenie-ciapka-anja-tmavomodra\/#primaryimage"},"thumbnailUrl":"https:\/\/www.tattja.com\/wp-content\/uploads\/2026\/01\/tmavomodry-ciapka-spredu-43.webp","datePublished":"2025-08-21T07:31:17+00:00","dateModified":"2026-04-05T17:44:47+00:00","description":"D\u00e1mske oble\u010denie \u010diapka ANJA tmavomodr\u00e1 \u2013 luxusn\u00e1 pleten\u00e1 \u010diapka so \u0161iltom, ktor\u00e1 sp\u00e1ja eleganciu, komfort a noblesu v modernom mestskom \u0161t\u00fdle.","breadcrumb":{"@id":"https:\/\/www.tattja.com\/product\/damske-oblecenie-ciapka-anja-tmavomodra\/#breadcrumb"},"inLanguage":"cs","potentialAction":[{"@type":"ReadAction","target":["https:\/\/www.tattja.com\/product\/damske-oblecenie-ciapka-anja-tmavomodra\/"]}]},{"@type":"ImageObject","inLanguage":"cs","@id":"https:\/\/www.tattja.com\/product\/damske-oblecenie-ciapka-anja-tmavomodra\/#primaryimage","url":"https:\/\/www.tattja.com\/wp-content\/uploads\/2026\/01\/tmavomodry-ciapka-spredu-43.webp","contentUrl":"https:\/\/www.tattja.com\/wp-content\/uploads\/2026\/01\/tmavomodry-ciapka-spredu-43.webp","width":1365,"height":2048,"caption":"Tmavomodr\u00e1 pleten\u00e1 \u010diapka ANJA TATTJA \u2013 poh\u013ead spredu"},{"@type":"BreadcrumbList","@id":"https:\/\/www.tattja.com\/product\/damske-oblecenie-ciapka-anja-tmavomodra\/#breadcrumb","itemListElement":[{"@type":"ListItem","position":1,"name":"Domov","item":"https:\/\/www.tattja.com\/"},{"@type":"ListItem","position":2,"name":"Produkty","item":"https:\/\/www.tattja.com\/damske-oblecenie-produkty\/"},{"@type":"ListItem","position":3,"name":"D\u00e1mske oble\u010denie \u010diapka ANJA tmavomodr\u00e1"}]},{"@type":"WebSite","@id":"https:\/\/www.tattja.com\/#website","url":"https:\/\/www.tattja.com\/","name":"TATTJA","description":"D\u00e1mske oble\u010denie z extra jemnej merino vlny \u2014 ru\u010dne pleten\u00e9 na Slovensku","potentialAction":[{"@type":"SearchAction","target":{"@type":"EntryPoint","urlTemplate":"https:\/\/www.tattja.com\/?s={search_term_string}"},"query-input":{"@type":"PropertyValueSpecification","valueRequired":true,"valueName":"search_term_string"}}],"inLanguage":"cs"}]}},"_links":{"self":[{"href":"https:\/\/www.tattja.com\/cs\/wp-json\/wp\/v2\/product\/2053","targetHints":{"allow":["GET"]}}],"collection":[{"href":"https:\/\/www.tattja.com\/cs\/wp-json\/wp\/v2\/product"}],"about":[{"href":"https:\/\/www.tattja.com\/cs\/wp-json\/wp\/v2\/types\/product"}],"replies":[{"embeddable":true,"href":"https:\/\/www.tattja.com\/cs\/wp-json\/wp\/v2\/comments?post=2053"}],"version-history":[{"count":5,"href":"https:\/\/www.tattja.com\/cs\/wp-json\/wp\/v2\/product\/2053\/revisions"}],"predecessor-version":[{"id":5916,"href":"https:\/\/www.tattja.com\/cs\/wp-json\/wp\/v2\/product\/2053\/revisions\/5916"}],"wp:featuredmedia":[{"embeddable":true,"href":"https:\/\/www.tattja.com\/cs\/wp-json\/wp\/v2\/media\/7673"}],"wp:attachment":[{"href":"https:\/\/www.tattja.com\/cs\/wp-json\/wp\/v2\/media?parent=2053"}],"wp:term":[{"taxonomy":"product_brand","embeddable":true,"href":"https:\/\/www.tattja.com\/cs\/wp-json\/wp\/v2\/product_brand?post=2053"},{"taxonomy":"product_cat","embeddable":true,"href":"https:\/\/www.tattja.com\/cs\/wp-json\/wp\/v2\/product_cat?post=2053"},{"taxonomy":"product_tag","embeddable":true,"href":"https:\/\/www.tattja.com\/cs\/wp-json\/wp\/v2\/product_tag?post=2053"}],"curies":[{"name":"wp","href":"https:\/\/api.w.org\/{rel}","templated":true}]}}