{"id":2065,"date":"2025-08-21T10:01:04","date_gmt":"2025-08-21T08:01:04","guid":{"rendered":"https:\/\/www.tattja.com\/?post_type=product&#038;p=2065"},"modified":"2026-04-05T19:44:47","modified_gmt":"2026-04-05T17:44:47","slug":"damske-oblecenie-dvojset-rigmor-tmavomodry","status":"publish","type":"product","link":"https:\/\/www.tattja.com\/cs\/product\/damske-oblecenie-dvojset-rigmor-tmavomodry\/","title":{"rendered":"D\u00e1mske oble\u010denie 2-set RIGMOR tmavomodr\u00fd"},"content":{"rendered":"<p data-start=\"825\" data-end=\"1168\"><strong data-start=\"825\" data-end=\"871\">D\u00e1msk\u00e9 oble\u010den\u00ed dvojit\u00e1 souprava RIGMOR tmav\u011b modr\u00e1<\/strong> predstavuje spojenie elegancie, pohodlia a noblesy. Tento dvojset s n\u00e1kr\u010dn\u00edkom a ruk\u00e1vnikmi vytv\u00e1ra harmonick\u00fd celok, ktor\u00fd zv\u00fdraz\u0148uje \u017eenskos\u0165 a prin\u00e1\u0161a pocit hrejiv\u00e9ho komfortu. Jemn\u00e1 rebrovan\u00e1 \u0161trukt\u00fara \u00fapletu sa dokonale prisp\u00f4sob\u00ed telu a poskytuje pr\u00edjemn\u00fd dotyk aj po\u010das chladnej\u0161\u00edch dn\u00ed.<\/p>\n<p data-start=\"1170\" data-end=\"1473\">Tmavomodr\u00e1 farba p\u00f4sob\u00ed hlboko, vyrovnane a sofistikovane. Symbolizuje istotu, stabilitu a sebavedomie, v\u010faka \u010domu sa dvojset RIGMOR tmavomodr\u00fd st\u00e1va elegantnou vo\u013ebou pre ka\u017edodenn\u00e9 nosenie aj \u0161peci\u00e1lne pr\u00edle\u017eitosti. Je ide\u00e1lny na cesty, do pr\u00e1ce aj do mesta, kde pod\u010diarkne osobit\u00fd \u0161t\u00fdl ka\u017edej \u017eeny.<\/p>\n<p data-start=\"1475\" data-end=\"1822\">N\u00e1kr\u010dn\u00edk jemne obop\u00edna ramen\u00e1 a krk, \u010d\u00edm poskytuje hrejiv\u00fd pocit pohodlia, zatia\u013e \u010do ruk\u00e1vniky dod\u00e1vaj\u00fa outfitu d\u013a\u017eku, symetriu a modern\u00fd akcent. Ka\u017ed\u00fd detail odr\u00e1\u017ea prec\u00edznos\u0165, remeseln\u00fa kvalitu a nad\u010dasovos\u0165, ktor\u00e9 s\u00fa pre kolekciu TATTJA charakteristick\u00e9. Tento model je ide\u00e1lny pre \u017eeny, ktor\u00e9 chc\u00fa vynikn\u00fa\u0165 kombin\u00e1ciou praktickosti a luxusu.<\/p>\n<p data-start=\"1824\" data-end=\"1988\">D\u00e1mske oble\u010denie dvojset RIGMOR tmavomodr\u00fd dopln\u00ed v\u00e1\u0161 \u0161atn\u00edk ako elegantn\u00fd a z\u00e1rove\u0148 funk\u010dn\u00fd k\u00fasok, ktor\u00fd vynikne samostatne aj v kombin\u00e1cii s \u010fal\u0161\u00edmi doplnkami z kolekcie TATTJA.<\/p>\n<p data-start=\"1990\" data-end=\"2215\">Objevte kr\u00e1su jemnosti, sofistikovan\u00fdch detail\u016f a \u017eensk\u00e9ho stylu, kter\u00e9 v\u00e1s zah\u0159ej\u00ed. <a href=\"https:\/\/www.tattja.com\/cs\/product-category\/damske-oblecenie\/dvojsety\/nakrcnik-a-rukavniky\/\">v jin\u00fdch barv\u00e1ch.<\/a><br data-start=\"2093\" data-end=\"2096\" \/><strong data-start=\"2096\" data-end=\"2150\">Viz, <a href=\"https:\/\/shop.bogensberger.co.at\/produkt-schlagwort\/merino-extrafein\/\">z jak\u00fdch materi\u00e1l\u016f<\/a> vyr\u00e1b\u00edme na\u0161e kusy<\/strong>, a doprajte si kvalitu, ktor\u00e1 men\u00ed pohodlie na ka\u017edodenn\u00fd luxus.<\/p>","protected":false},"excerpt":{"rendered":"<p data-start=\"559\" data-end=\"783\">D\u00e1mske oble\u010denie dvojset RIGMOR tmavomodr\u00fd sp\u00e1ja noblesu, hrejivos\u0165 a \u0161t\u00fdl. N\u00e1kr\u010dn\u00edk jemne obj\u00edme ramen\u00e1, ruk\u00e1vniky dodaj\u00fa ruk\u00e1m eleganciu a komfort. Ide\u00e1lny doplnok pre \u017eeny, ktor\u00e9 miluj\u00fa luxusn\u00e9 detaily a nad\u010dasov\u00fd dizajn.<\/p>","protected":false},"featured_media":7691,"comment_status":"open","ping_status":"closed","template":"","meta":[],"product_brand":[],"product_cat":[289,300,204,292,201],"product_tag":[],"class_list":{"0":"post-2065","1":"product","2":"type-product","3":"status-publish","4":"has-post-thumbnail","6":"product_cat-dvojsety","7":"product_cat-damske-oblecenie","8":"product_cat-dvojsety-tmavomodre","9":"product_cat-nakrcnik-a-rukavniky","10":"product_cat-pleteninove-doplnky-tmavomodre","12":"first","13":"instock","14":"taxable","15":"shipping-taxable","16":"purchasable","17":"product-type-simple"},"yoast_head":"<!-- This site is optimized with the Yoast SEO plugin v26.0 - https:\/\/yoast.com\/wordpress\/plugins\/seo\/ -->\n<title>D\u00e1mske oble\u010denie 2-set RIGMOR tmavomodr\u00fd - TATTJA<\/title>\n<meta name=\"description\" content=\"D\u00e1mske oble\u010denie dvojset RIGMOR tmavomodr\u00fd \u2013 luxusn\u00fd set s n\u00e1kr\u010dn\u00edkom a ruk\u00e1vnikmi v hlbokej modrej farbe. Pohodlie, \u0161t\u00fdl a elegancia pre modern\u00e9 \u017eeny.\" \/>\n<meta name=\"robots\" content=\"index, follow, max-snippet:-1, max-image-preview:large, max-video-preview:-1\" \/>\n<link rel=\"canonical\" href=\"https:\/\/www.tattja.com\/cs\/product\/damske-oblecenie-dvojset-rigmor-tmavomodry\/\" \/>\n<meta property=\"og:locale\" content=\"cs_CZ\" \/>\n<meta property=\"og:type\" content=\"article\" \/>\n<meta property=\"og:title\" content=\"D\u00e1mske oble\u010denie 2-set RIGMOR tmavomodr\u00fd - TATTJA\" \/>\n<meta property=\"og:description\" content=\"D\u00e1mske oble\u010denie dvojset RIGMOR tmavomodr\u00fd \u2013 luxusn\u00fd set s n\u00e1kr\u010dn\u00edkom a ruk\u00e1vnikmi v hlbokej modrej farbe. Pohodlie, \u0161t\u00fdl a elegancia pre modern\u00e9 \u017eeny.\" \/>\n<meta property=\"og:url\" content=\"https:\/\/www.tattja.com\/cs\/product\/damske-oblecenie-dvojset-rigmor-tmavomodry\/\" \/>\n<meta property=\"og:site_name\" content=\"TATTJA\" \/>\n<meta property=\"article:modified_time\" content=\"2026-04-05T17:44:47+00:00\" \/>\n<meta property=\"og:image\" content=\"https:\/\/www.tattja.com\/wp-content\/uploads\/2026\/01\/tmavomodry-dvojset-nakrcnik-rukavniky-spredu-4.webp\" \/>\n\t<meta property=\"og:image:width\" content=\"1365\" \/>\n\t<meta property=\"og:image:height\" content=\"2048\" \/>\n\t<meta property=\"og:image:type\" content=\"image\/webp\" \/>\n<meta name=\"twitter:card\" content=\"summary_large_image\" \/>\n<meta name=\"twitter:label1\" content=\"Odhadovan\u00e1 doba \u010dten\u00ed\" \/>\n\t<meta name=\"twitter:data1\" content=\"2 minuty\" \/>\n<script type=\"application\/ld+json\" class=\"yoast-schema-graph\">{\"@context\":\"https:\/\/schema.org\",\"@graph\":[{\"@type\":\"WebPage\",\"@id\":\"https:\/\/www.tattja.com\/product\/damske-oblecenie-dvojset-rigmor-tmavomodry\/\",\"url\":\"https:\/\/www.tattja.com\/product\/damske-oblecenie-dvojset-rigmor-tmavomodry\/\",\"name\":\"D\u00e1mske oble\u010denie 2-set RIGMOR tmavomodr\u00fd - TATTJA\",\"isPartOf\":{\"@id\":\"https:\/\/www.tattja.com\/#website\"},\"primaryImageOfPage\":{\"@id\":\"https:\/\/www.tattja.com\/product\/damske-oblecenie-dvojset-rigmor-tmavomodry\/#primaryimage\"},\"image\":{\"@id\":\"https:\/\/www.tattja.com\/product\/damske-oblecenie-dvojset-rigmor-tmavomodry\/#primaryimage\"},\"thumbnailUrl\":\"https:\/\/www.tattja.com\/wp-content\/uploads\/2026\/01\/tmavomodry-dvojset-nakrcnik-rukavniky-spredu-4.webp\",\"datePublished\":\"2025-08-21T08:01:04+00:00\",\"dateModified\":\"2026-04-05T17:44:47+00:00\",\"description\":\"D\u00e1mske oble\u010denie dvojset RIGMOR tmavomodr\u00fd \u2013 luxusn\u00fd set s n\u00e1kr\u010dn\u00edkom a ruk\u00e1vnikmi v hlbokej modrej farbe. Pohodlie, \u0161t\u00fdl a elegancia pre modern\u00e9 \u017eeny.\",\"breadcrumb\":{\"@id\":\"https:\/\/www.tattja.com\/product\/damske-oblecenie-dvojset-rigmor-tmavomodry\/#breadcrumb\"},\"inLanguage\":\"cs\",\"potentialAction\":[{\"@type\":\"ReadAction\",\"target\":[\"https:\/\/www.tattja.com\/product\/damske-oblecenie-dvojset-rigmor-tmavomodry\/\"]}]},{\"@type\":\"ImageObject\",\"inLanguage\":\"cs\",\"@id\":\"https:\/\/www.tattja.com\/product\/damske-oblecenie-dvojset-rigmor-tmavomodry\/#primaryimage\",\"url\":\"https:\/\/www.tattja.com\/wp-content\/uploads\/2026\/01\/tmavomodry-dvojset-nakrcnik-rukavniky-spredu-4.webp\",\"contentUrl\":\"https:\/\/www.tattja.com\/wp-content\/uploads\/2026\/01\/tmavomodry-dvojset-nakrcnik-rukavniky-spredu-4.webp\",\"width\":1365,\"height\":2048,\"caption\":\"Tmavomodr\u00fd pleten\u00fd dvojset RIGMOR TATTJA \u2013 n\u00e1kr\u010dn\u00edk a ruk\u00e1vniky (spredu)\"},{\"@type\":\"BreadcrumbList\",\"@id\":\"https:\/\/www.tattja.com\/product\/damske-oblecenie-dvojset-rigmor-tmavomodry\/#breadcrumb\",\"itemListElement\":[{\"@type\":\"ListItem\",\"position\":1,\"name\":\"Domov\",\"item\":\"https:\/\/www.tattja.com\/\"},{\"@type\":\"ListItem\",\"position\":2,\"name\":\"Produkty\",\"item\":\"https:\/\/www.tattja.com\/damske-oblecenie-produkty\/\"},{\"@type\":\"ListItem\",\"position\":3,\"name\":\"D\u00e1mske oble\u010denie 2-set RIGMOR tmavomodr\u00fd\"}]},{\"@type\":\"WebSite\",\"@id\":\"https:\/\/www.tattja.com\/#website\",\"url\":\"https:\/\/www.tattja.com\/\",\"name\":\"TATTJA\",\"description\":\"D\u00e1mske oble\u010denie z extra jemnej merino vlny \u2014 ru\u010dne pleten\u00e9 na Slovensku\",\"potentialAction\":[{\"@type\":\"SearchAction\",\"target\":{\"@type\":\"EntryPoint\",\"urlTemplate\":\"https:\/\/www.tattja.com\/?s={search_term_string}\"},\"query-input\":{\"@type\":\"PropertyValueSpecification\",\"valueRequired\":true,\"valueName\":\"search_term_string\"}}],\"inLanguage\":\"cs\"}]}<\/script>\n<!-- \/ Yoast SEO plugin. -->","yoast_head_json":{"title":"D\u00e1mske oble\u010denie 2-set RIGMOR tmavomodr\u00fd - TATTJA","description":"D\u00e1mske oble\u010denie dvojset RIGMOR tmavomodr\u00fd \u2013 luxusn\u00fd set s n\u00e1kr\u010dn\u00edkom a ruk\u00e1vnikmi v hlbokej modrej farbe. Pohodlie, \u0161t\u00fdl a elegancia pre modern\u00e9 \u017eeny.","robots":{"index":"index","follow":"follow","max-snippet":"max-snippet:-1","max-image-preview":"max-image-preview:large","max-video-preview":"max-video-preview:-1"},"canonical":"https:\/\/www.tattja.com\/cs\/product\/damske-oblecenie-dvojset-rigmor-tmavomodry\/","og_locale":"cs_CZ","og_type":"article","og_title":"D\u00e1mske oble\u010denie 2-set RIGMOR tmavomodr\u00fd - TATTJA","og_description":"D\u00e1mske oble\u010denie dvojset RIGMOR tmavomodr\u00fd \u2013 luxusn\u00fd set s n\u00e1kr\u010dn\u00edkom a ruk\u00e1vnikmi v hlbokej modrej farbe. Pohodlie, \u0161t\u00fdl a elegancia pre modern\u00e9 \u017eeny.","og_url":"https:\/\/www.tattja.com\/cs\/product\/damske-oblecenie-dvojset-rigmor-tmavomodry\/","og_site_name":"TATTJA","article_modified_time":"2026-04-05T17:44:47+00:00","og_image":[{"width":1365,"height":2048,"url":"https:\/\/www.tattja.com\/wp-content\/uploads\/2026\/01\/tmavomodry-dvojset-nakrcnik-rukavniky-spredu-4.webp","type":"image\/webp"}],"twitter_card":"summary_large_image","twitter_misc":{"Odhadovan\u00e1 doba \u010dten\u00ed":"2 minuty"},"schema":{"@context":"https:\/\/schema.org","@graph":[{"@type":"WebPage","@id":"https:\/\/www.tattja.com\/product\/damske-oblecenie-dvojset-rigmor-tmavomodry\/","url":"https:\/\/www.tattja.com\/product\/damske-oblecenie-dvojset-rigmor-tmavomodry\/","name":"D\u00e1mske oble\u010denie 2-set RIGMOR tmavomodr\u00fd - TATTJA","isPartOf":{"@id":"https:\/\/www.tattja.com\/#website"},"primaryImageOfPage":{"@id":"https:\/\/www.tattja.com\/product\/damske-oblecenie-dvojset-rigmor-tmavomodry\/#primaryimage"},"image":{"@id":"https:\/\/www.tattja.com\/product\/damske-oblecenie-dvojset-rigmor-tmavomodry\/#primaryimage"},"thumbnailUrl":"https:\/\/www.tattja.com\/wp-content\/uploads\/2026\/01\/tmavomodry-dvojset-nakrcnik-rukavniky-spredu-4.webp","datePublished":"2025-08-21T08:01:04+00:00","dateModified":"2026-04-05T17:44:47+00:00","description":"D\u00e1mske oble\u010denie dvojset RIGMOR tmavomodr\u00fd \u2013 luxusn\u00fd set s n\u00e1kr\u010dn\u00edkom a ruk\u00e1vnikmi v hlbokej modrej farbe. Pohodlie, \u0161t\u00fdl a elegancia pre modern\u00e9 \u017eeny.","breadcrumb":{"@id":"https:\/\/www.tattja.com\/product\/damske-oblecenie-dvojset-rigmor-tmavomodry\/#breadcrumb"},"inLanguage":"cs","potentialAction":[{"@type":"ReadAction","target":["https:\/\/www.tattja.com\/product\/damske-oblecenie-dvojset-rigmor-tmavomodry\/"]}]},{"@type":"ImageObject","inLanguage":"cs","@id":"https:\/\/www.tattja.com\/product\/damske-oblecenie-dvojset-rigmor-tmavomodry\/#primaryimage","url":"https:\/\/www.tattja.com\/wp-content\/uploads\/2026\/01\/tmavomodry-dvojset-nakrcnik-rukavniky-spredu-4.webp","contentUrl":"https:\/\/www.tattja.com\/wp-content\/uploads\/2026\/01\/tmavomodry-dvojset-nakrcnik-rukavniky-spredu-4.webp","width":1365,"height":2048,"caption":"Tmavomodr\u00fd pleten\u00fd dvojset RIGMOR TATTJA \u2013 n\u00e1kr\u010dn\u00edk a ruk\u00e1vniky (spredu)"},{"@type":"BreadcrumbList","@id":"https:\/\/www.tattja.com\/product\/damske-oblecenie-dvojset-rigmor-tmavomodry\/#breadcrumb","itemListElement":[{"@type":"ListItem","position":1,"name":"Domov","item":"https:\/\/www.tattja.com\/"},{"@type":"ListItem","position":2,"name":"Produkty","item":"https:\/\/www.tattja.com\/damske-oblecenie-produkty\/"},{"@type":"ListItem","position":3,"name":"D\u00e1mske oble\u010denie 2-set RIGMOR tmavomodr\u00fd"}]},{"@type":"WebSite","@id":"https:\/\/www.tattja.com\/#website","url":"https:\/\/www.tattja.com\/","name":"TATTJA","description":"D\u00e1mske oble\u010denie z extra jemnej merino vlny \u2014 ru\u010dne pleten\u00e9 na Slovensku","potentialAction":[{"@type":"SearchAction","target":{"@type":"EntryPoint","urlTemplate":"https:\/\/www.tattja.com\/?s={search_term_string}"},"query-input":{"@type":"PropertyValueSpecification","valueRequired":true,"valueName":"search_term_string"}}],"inLanguage":"cs"}]}},"_links":{"self":[{"href":"https:\/\/www.tattja.com\/cs\/wp-json\/wp\/v2\/product\/2065","targetHints":{"allow":["GET"]}}],"collection":[{"href":"https:\/\/www.tattja.com\/cs\/wp-json\/wp\/v2\/product"}],"about":[{"href":"https:\/\/www.tattja.com\/cs\/wp-json\/wp\/v2\/types\/product"}],"replies":[{"embeddable":true,"href":"https:\/\/www.tattja.com\/cs\/wp-json\/wp\/v2\/comments?post=2065"}],"version-history":[{"count":6,"href":"https:\/\/www.tattja.com\/cs\/wp-json\/wp\/v2\/product\/2065\/revisions"}],"predecessor-version":[{"id":7194,"href":"https:\/\/www.tattja.com\/cs\/wp-json\/wp\/v2\/product\/2065\/revisions\/7194"}],"wp:featuredmedia":[{"embeddable":true,"href":"https:\/\/www.tattja.com\/cs\/wp-json\/wp\/v2\/media\/7691"}],"wp:attachment":[{"href":"https:\/\/www.tattja.com\/cs\/wp-json\/wp\/v2\/media?parent=2065"}],"wp:term":[{"taxonomy":"product_brand","embeddable":true,"href":"https:\/\/www.tattja.com\/cs\/wp-json\/wp\/v2\/product_brand?post=2065"},{"taxonomy":"product_cat","embeddable":true,"href":"https:\/\/www.tattja.com\/cs\/wp-json\/wp\/v2\/product_cat?post=2065"},{"taxonomy":"product_tag","embeddable":true,"href":"https:\/\/www.tattja.com\/cs\/wp-json\/wp\/v2\/product_tag?post=2065"}],"curies":[{"name":"wp","href":"https:\/\/api.w.org\/{rel}","templated":true}]}}