{"id":2093,"date":"2025-08-21T10:17:57","date_gmt":"2025-08-21T08:17:57","guid":{"rendered":"https:\/\/www.tattja.com\/?post_type=product&#038;p=2093"},"modified":"2026-04-05T19:44:43","modified_gmt":"2026-04-05T17:44:43","slug":"damske-oblecenie-dvojset-sighrith-bledofialovy-orgovanovy","status":"publish","type":"product","link":"https:\/\/www.tattja.com\/cs\/product\/damske-oblecenie-dvojset-sighrith-bledofialovy-orgovanovy\/","title":{"rendered":"D\u00e1mske oble\u010denie 2-set SIGHRITH bledofialov\u00fd orgov\u00e1nov\u00fd"},"content":{"rendered":"<p data-start=\"952\" data-end=\"1304\"><strong data-start=\"952\" data-end=\"1013\">D\u00e1msk\u00e1 dvojit\u00e1 sada SIGHRITH pale lilac lilac<\/strong> p\u0159in\u00e1\u0161\u00ed kombinaci m\u011bkkosti, pohodl\u00ed a p\u0159irozen\u00e9 elegance. Tuto dvojitou soupravu jsme navrhli pro \u017eeny, kter\u00e9 ocen\u00ed nad\u010dasov\u00fd design a kvalitu. Spojuje pletenou \u0161erpu a man\u017eety do harmonick\u00e9ho kompletu, kter\u00fd se p\u0159izp\u016fsob\u00ed postav\u011b, zah\u0159eje a zv\u00fdrazn\u00ed \u017eensk\u00e9 k\u0159ivky, ani\u017e by omezoval v pohybu.<\/p>\n<p data-start=\"1306\" data-end=\"1637\">Sv\u011btle lila-fialov\u00fd odst\u00edn p\u016fsob\u00ed jemn\u011b a elegantn\u011b a z\u00e1rove\u0148 vyza\u0159uje klid a \u017eensk\u00fd p\u016fvab. Je ide\u00e1ln\u00ed pro \u017eeny, kter\u00e9 miluj\u00ed jemn\u00e9 barvy, ale z\u00e1rove\u0148 cht\u011bj\u00ed vypadat origin\u00e1ln\u011b a stylov\u011b. Tento t\u00f3n lze snadno kombinovat s neutr\u00e1ln\u00edmi i syt\u011bj\u0161\u00edmi odst\u00edny, tak\u017ee se hod\u00ed jak pro b\u011b\u017en\u00e9 no\u0161en\u00ed, tak pro form\u00e1ln\u011bj\u0161\u00ed p\u0159\u00edle\u017eitosti.<\/p>\n<p data-start=\"1639\" data-end=\"1931\">L\u00edmec jemn\u011b obep\u00edn\u00e1 pas, chr\u00e1n\u00ed p\u0159ed chladem a dotv\u00e1\u0159\u00ed elegantn\u00ed siluetu. Ruk\u00e1vy zah\u0159\u00edvaj\u00ed ramena a pa\u017ee, dod\u00e1vaj\u00ed oble\u010den\u00ed h\u0159ejiv\u00fd pocit a z\u00e1rove\u0148 p\u016fsob\u00ed jako stylov\u00fd dopln\u011bk. D\u00edky vysoce kvalitn\u00edmu \u017eebrovan\u00e9mu \u00fapletu kolekce. <strong data-start=\"1869\" data-end=\"1879\">TATTJA<\/strong> si zachov\u00e1v\u00e1 sv\u016fj tvar a pohodl\u00ed i p\u0159i \u010dast\u00e9m no\u0161en\u00ed.<\/p>\n<p data-start=\"1933\" data-end=\"2131\">D\u00e1mskou dvojitou soupravu SIGHRITH bled\u011b lila lila jsme navrhli jako dokonalou kombinaci \u017eenskosti a funk\u010dnosti. P\u0159in\u00e1\u0161\u00ed eleganci, rafinovanost a sofistikovanost do ka\u017ed\u00e9ho dne. Vyu\u017eijete ji do m\u011bsta, na proch\u00e1zky i pro chv\u00edle odpo\u010dinku.<\/p>\n<p data-start=\"2133\" data-end=\"2373\">Objevte kr\u00e1su jemnosti, sofistikovan\u00fdch detail\u016f a \u017eensk\u00e9ho stylu, kter\u00e9 v\u00e1s zah\u0159ej\u00ed. <a href=\"https:\/\/www.tattja.com\/cs\/product-category\/damske-oblecenie\/dvojsety\/driekovnik-a-rukavniky\/\">v jin\u00fdch barv\u00e1ch<\/a>.<br data-start=\"2236\" data-end=\"2239\" \/><strong data-start=\"2239\" data-end=\"2293\">Viz, <a href=\"https:\/\/shop.bogensberger.co.at\/produkt-schlagwort\/merino-extrafein\/\">z jak\u00fdch materi\u00e1l\u016f<\/a> vyr\u00e1b\u00edme na\u0161e kusy<\/strong>, a dop\u0159ejte si luxusn\u00ed dotek kvality, kter\u00fd podtrhne va\u0161i p\u0159irozenou eleganci.<\/p>","protected":false},"excerpt":{"rendered":"<p>D\u00e1msk\u00e1 dvojit\u00e1 souprava SIGHRITH sv\u011btle lila lila nab\u00edz\u00ed dokonalou rovnov\u00e1hu mezi eleganc\u00ed, pohodl\u00edm a \u017eenskost\u00ed. Kombinace ram\u00ednka a ko\u0161ile bez ruk\u00e1v\u016f vytv\u00e1\u0159\u00ed jemn\u00fd, ale v\u00fdrazn\u00fd akcent pro jak\u00fdkoli outfit.<\/p>","protected":false},"featured_media":7395,"comment_status":"open","ping_status":"closed","template":"","meta":[],"product_brand":[],"product_cat":[289,300,293,148,145],"product_tag":[],"class_list":{"0":"post-2093","1":"product","2":"type-product","3":"status-publish","4":"has-post-thumbnail","6":"product_cat-dvojsety","7":"product_cat-damske-oblecenie","8":"product_cat-driekovnik-a-rukavniky","9":"product_cat-dvojsety-bledofialove-orgovanove","10":"product_cat-pleteninove-doplnky-bledofialove-orgovanove","12":"first","13":"instock","14":"taxable","15":"shipping-taxable","16":"purchasable","17":"product-type-simple"},"yoast_head":"<!-- This site is optimized with the Yoast SEO plugin v26.0 - https:\/\/yoast.com\/wordpress\/plugins\/seo\/ -->\n<title>D\u00e1mske oble\u010denie 2-set SIGHRITH bledofialov\u00fd orgov\u00e1nov\u00fd - TATTJA<\/title>\n<meta name=\"description\" content=\"D\u00e1mske oble\u010denie dvojset SIGHRITH bledofialov\u00fd orgov\u00e1nov\u00fd \u2013 jemn\u00fd a \u017eensk\u00fd komplet, ktor\u00fd sp\u00e1ja noblesu, pohodlie a prirodzen\u00fa eleganciu zna\u010dky TATTJA.\" \/>\n<meta name=\"robots\" content=\"index, follow, max-snippet:-1, max-image-preview:large, max-video-preview:-1\" \/>\n<link rel=\"canonical\" href=\"https:\/\/www.tattja.com\/cs\/product\/damske-oblecenie-dvojset-sighrith-bledofialovy-orgovanovy\/\" \/>\n<meta property=\"og:locale\" content=\"cs_CZ\" \/>\n<meta property=\"og:type\" content=\"article\" \/>\n<meta property=\"og:title\" content=\"D\u00e1mske oble\u010denie 2-set SIGHRITH bledofialov\u00fd orgov\u00e1nov\u00fd - TATTJA\" \/>\n<meta property=\"og:description\" content=\"D\u00e1mske oble\u010denie dvojset SIGHRITH bledofialov\u00fd orgov\u00e1nov\u00fd \u2013 jemn\u00fd a \u017eensk\u00fd komplet, ktor\u00fd sp\u00e1ja noblesu, pohodlie a prirodzen\u00fa eleganciu zna\u010dky TATTJA.\" \/>\n<meta property=\"og:url\" content=\"https:\/\/www.tattja.com\/cs\/product\/damske-oblecenie-dvojset-sighrith-bledofialovy-orgovanovy\/\" \/>\n<meta property=\"og:site_name\" content=\"TATTJA\" \/>\n<meta property=\"article:modified_time\" content=\"2026-04-05T17:44:43+00:00\" \/>\n<meta property=\"og:image\" content=\"https:\/\/www.tattja.com\/wp-content\/uploads\/2025\/12\/bledofialovy-orgovanovy-dvojset-driekovnik-rukavniky-spredu-16.webp\" \/>\n\t<meta property=\"og:image:width\" content=\"1365\" \/>\n\t<meta property=\"og:image:height\" content=\"2047\" \/>\n\t<meta property=\"og:image:type\" content=\"image\/webp\" \/>\n<meta name=\"twitter:card\" content=\"summary_large_image\" \/>\n<meta name=\"twitter:label1\" content=\"Odhadovan\u00e1 doba \u010dten\u00ed\" \/>\n\t<meta name=\"twitter:data1\" content=\"2 minuty\" \/>\n<script type=\"application\/ld+json\" class=\"yoast-schema-graph\">{\"@context\":\"https:\/\/schema.org\",\"@graph\":[{\"@type\":\"WebPage\",\"@id\":\"https:\/\/www.tattja.com\/product\/damske-oblecenie-dvojset-sighrith-bledofialovy-orgovanovy\/\",\"url\":\"https:\/\/www.tattja.com\/product\/damske-oblecenie-dvojset-sighrith-bledofialovy-orgovanovy\/\",\"name\":\"D\u00e1mske oble\u010denie 2-set SIGHRITH bledofialov\u00fd orgov\u00e1nov\u00fd - TATTJA\",\"isPartOf\":{\"@id\":\"https:\/\/www.tattja.com\/#website\"},\"primaryImageOfPage\":{\"@id\":\"https:\/\/www.tattja.com\/product\/damske-oblecenie-dvojset-sighrith-bledofialovy-orgovanovy\/#primaryimage\"},\"image\":{\"@id\":\"https:\/\/www.tattja.com\/product\/damske-oblecenie-dvojset-sighrith-bledofialovy-orgovanovy\/#primaryimage\"},\"thumbnailUrl\":\"https:\/\/www.tattja.com\/wp-content\/uploads\/2025\/12\/bledofialovy-orgovanovy-dvojset-driekovnik-rukavniky-spredu-16.webp\",\"datePublished\":\"2025-08-21T08:17:57+00:00\",\"dateModified\":\"2026-04-05T17:44:43+00:00\",\"description\":\"D\u00e1mske oble\u010denie dvojset SIGHRITH bledofialov\u00fd orgov\u00e1nov\u00fd \u2013 jemn\u00fd a \u017eensk\u00fd komplet, ktor\u00fd sp\u00e1ja noblesu, pohodlie a prirodzen\u00fa eleganciu zna\u010dky TATTJA.\",\"breadcrumb\":{\"@id\":\"https:\/\/www.tattja.com\/product\/damske-oblecenie-dvojset-sighrith-bledofialovy-orgovanovy\/#breadcrumb\"},\"inLanguage\":\"cs\",\"potentialAction\":[{\"@type\":\"ReadAction\",\"target\":[\"https:\/\/www.tattja.com\/product\/damske-oblecenie-dvojset-sighrith-bledofialovy-orgovanovy\/\"]}]},{\"@type\":\"ImageObject\",\"inLanguage\":\"cs\",\"@id\":\"https:\/\/www.tattja.com\/product\/damske-oblecenie-dvojset-sighrith-bledofialovy-orgovanovy\/#primaryimage\",\"url\":\"https:\/\/www.tattja.com\/wp-content\/uploads\/2025\/12\/bledofialovy-orgovanovy-dvojset-driekovnik-rukavniky-spredu-16.webp\",\"contentUrl\":\"https:\/\/www.tattja.com\/wp-content\/uploads\/2025\/12\/bledofialovy-orgovanovy-dvojset-driekovnik-rukavniky-spredu-16.webp\",\"width\":1365,\"height\":2047,\"caption\":\"Bledofialovo-orgov\u00e1nov\u00fd pleten\u00fd dvojset SIGRITH \u2013 driekovn\u00edk a ruk\u00e1vniky, predn\u00fd poh\u013ead\"},{\"@type\":\"BreadcrumbList\",\"@id\":\"https:\/\/www.tattja.com\/product\/damske-oblecenie-dvojset-sighrith-bledofialovy-orgovanovy\/#breadcrumb\",\"itemListElement\":[{\"@type\":\"ListItem\",\"position\":1,\"name\":\"Domov\",\"item\":\"https:\/\/www.tattja.com\/\"},{\"@type\":\"ListItem\",\"position\":2,\"name\":\"Produkty\",\"item\":\"https:\/\/www.tattja.com\/damske-oblecenie-produkty\/\"},{\"@type\":\"ListItem\",\"position\":3,\"name\":\"D\u00e1mske oble\u010denie 2-set SIGHRITH bledofialov\u00fd orgov\u00e1nov\u00fd\"}]},{\"@type\":\"WebSite\",\"@id\":\"https:\/\/www.tattja.com\/#website\",\"url\":\"https:\/\/www.tattja.com\/\",\"name\":\"TATTJA\",\"description\":\"D\u00e1mske oble\u010denie z extra jemnej merino vlny \u2014 ru\u010dne pleten\u00e9 na Slovensku\",\"potentialAction\":[{\"@type\":\"SearchAction\",\"target\":{\"@type\":\"EntryPoint\",\"urlTemplate\":\"https:\/\/www.tattja.com\/?s={search_term_string}\"},\"query-input\":{\"@type\":\"PropertyValueSpecification\",\"valueRequired\":true,\"valueName\":\"search_term_string\"}}],\"inLanguage\":\"cs\"}]}<\/script>\n<!-- \/ Yoast SEO plugin. -->","yoast_head_json":{"title":"D\u00e1mske oble\u010denie 2-set SIGHRITH bledofialov\u00fd orgov\u00e1nov\u00fd - TATTJA","description":"D\u00e1mske oble\u010denie dvojset SIGHRITH bledofialov\u00fd orgov\u00e1nov\u00fd \u2013 jemn\u00fd a \u017eensk\u00fd komplet, ktor\u00fd sp\u00e1ja noblesu, pohodlie a prirodzen\u00fa eleganciu zna\u010dky TATTJA.","robots":{"index":"index","follow":"follow","max-snippet":"max-snippet:-1","max-image-preview":"max-image-preview:large","max-video-preview":"max-video-preview:-1"},"canonical":"https:\/\/www.tattja.com\/cs\/product\/damske-oblecenie-dvojset-sighrith-bledofialovy-orgovanovy\/","og_locale":"cs_CZ","og_type":"article","og_title":"D\u00e1mske oble\u010denie 2-set SIGHRITH bledofialov\u00fd orgov\u00e1nov\u00fd - TATTJA","og_description":"D\u00e1mske oble\u010denie dvojset SIGHRITH bledofialov\u00fd orgov\u00e1nov\u00fd \u2013 jemn\u00fd a \u017eensk\u00fd komplet, ktor\u00fd sp\u00e1ja noblesu, pohodlie a prirodzen\u00fa eleganciu zna\u010dky TATTJA.","og_url":"https:\/\/www.tattja.com\/cs\/product\/damske-oblecenie-dvojset-sighrith-bledofialovy-orgovanovy\/","og_site_name":"TATTJA","article_modified_time":"2026-04-05T17:44:43+00:00","og_image":[{"width":1365,"height":2047,"url":"https:\/\/www.tattja.com\/wp-content\/uploads\/2025\/12\/bledofialovy-orgovanovy-dvojset-driekovnik-rukavniky-spredu-16.webp","type":"image\/webp"}],"twitter_card":"summary_large_image","twitter_misc":{"Odhadovan\u00e1 doba \u010dten\u00ed":"2 minuty"},"schema":{"@context":"https:\/\/schema.org","@graph":[{"@type":"WebPage","@id":"https:\/\/www.tattja.com\/product\/damske-oblecenie-dvojset-sighrith-bledofialovy-orgovanovy\/","url":"https:\/\/www.tattja.com\/product\/damske-oblecenie-dvojset-sighrith-bledofialovy-orgovanovy\/","name":"D\u00e1mske oble\u010denie 2-set SIGHRITH bledofialov\u00fd orgov\u00e1nov\u00fd - TATTJA","isPartOf":{"@id":"https:\/\/www.tattja.com\/#website"},"primaryImageOfPage":{"@id":"https:\/\/www.tattja.com\/product\/damske-oblecenie-dvojset-sighrith-bledofialovy-orgovanovy\/#primaryimage"},"image":{"@id":"https:\/\/www.tattja.com\/product\/damske-oblecenie-dvojset-sighrith-bledofialovy-orgovanovy\/#primaryimage"},"thumbnailUrl":"https:\/\/www.tattja.com\/wp-content\/uploads\/2025\/12\/bledofialovy-orgovanovy-dvojset-driekovnik-rukavniky-spredu-16.webp","datePublished":"2025-08-21T08:17:57+00:00","dateModified":"2026-04-05T17:44:43+00:00","description":"D\u00e1mske oble\u010denie dvojset SIGHRITH bledofialov\u00fd orgov\u00e1nov\u00fd \u2013 jemn\u00fd a \u017eensk\u00fd komplet, ktor\u00fd sp\u00e1ja noblesu, pohodlie a prirodzen\u00fa eleganciu zna\u010dky TATTJA.","breadcrumb":{"@id":"https:\/\/www.tattja.com\/product\/damske-oblecenie-dvojset-sighrith-bledofialovy-orgovanovy\/#breadcrumb"},"inLanguage":"cs","potentialAction":[{"@type":"ReadAction","target":["https:\/\/www.tattja.com\/product\/damske-oblecenie-dvojset-sighrith-bledofialovy-orgovanovy\/"]}]},{"@type":"ImageObject","inLanguage":"cs","@id":"https:\/\/www.tattja.com\/product\/damske-oblecenie-dvojset-sighrith-bledofialovy-orgovanovy\/#primaryimage","url":"https:\/\/www.tattja.com\/wp-content\/uploads\/2025\/12\/bledofialovy-orgovanovy-dvojset-driekovnik-rukavniky-spredu-16.webp","contentUrl":"https:\/\/www.tattja.com\/wp-content\/uploads\/2025\/12\/bledofialovy-orgovanovy-dvojset-driekovnik-rukavniky-spredu-16.webp","width":1365,"height":2047,"caption":"Bledofialovo-orgov\u00e1nov\u00fd pleten\u00fd dvojset SIGRITH \u2013 driekovn\u00edk a ruk\u00e1vniky, predn\u00fd poh\u013ead"},{"@type":"BreadcrumbList","@id":"https:\/\/www.tattja.com\/product\/damske-oblecenie-dvojset-sighrith-bledofialovy-orgovanovy\/#breadcrumb","itemListElement":[{"@type":"ListItem","position":1,"name":"Domov","item":"https:\/\/www.tattja.com\/"},{"@type":"ListItem","position":2,"name":"Produkty","item":"https:\/\/www.tattja.com\/damske-oblecenie-produkty\/"},{"@type":"ListItem","position":3,"name":"D\u00e1mske oble\u010denie 2-set SIGHRITH bledofialov\u00fd orgov\u00e1nov\u00fd"}]},{"@type":"WebSite","@id":"https:\/\/www.tattja.com\/#website","url":"https:\/\/www.tattja.com\/","name":"TATTJA","description":"D\u00e1mske oble\u010denie z extra jemnej merino vlny \u2014 ru\u010dne pleten\u00e9 na Slovensku","potentialAction":[{"@type":"SearchAction","target":{"@type":"EntryPoint","urlTemplate":"https:\/\/www.tattja.com\/?s={search_term_string}"},"query-input":{"@type":"PropertyValueSpecification","valueRequired":true,"valueName":"search_term_string"}}],"inLanguage":"cs"}]}},"_links":{"self":[{"href":"https:\/\/www.tattja.com\/cs\/wp-json\/wp\/v2\/product\/2093","targetHints":{"allow":["GET"]}}],"collection":[{"href":"https:\/\/www.tattja.com\/cs\/wp-json\/wp\/v2\/product"}],"about":[{"href":"https:\/\/www.tattja.com\/cs\/wp-json\/wp\/v2\/types\/product"}],"replies":[{"embeddable":true,"href":"https:\/\/www.tattja.com\/cs\/wp-json\/wp\/v2\/comments?post=2093"}],"version-history":[{"count":6,"href":"https:\/\/www.tattja.com\/cs\/wp-json\/wp\/v2\/product\/2093\/revisions"}],"predecessor-version":[{"id":7184,"href":"https:\/\/www.tattja.com\/cs\/wp-json\/wp\/v2\/product\/2093\/revisions\/7184"}],"wp:featuredmedia":[{"embeddable":true,"href":"https:\/\/www.tattja.com\/cs\/wp-json\/wp\/v2\/media\/7395"}],"wp:attachment":[{"href":"https:\/\/www.tattja.com\/cs\/wp-json\/wp\/v2\/media?parent=2093"}],"wp:term":[{"taxonomy":"product_brand","embeddable":true,"href":"https:\/\/www.tattja.com\/cs\/wp-json\/wp\/v2\/product_brand?post=2093"},{"taxonomy":"product_cat","embeddable":true,"href":"https:\/\/www.tattja.com\/cs\/wp-json\/wp\/v2\/product_cat?post=2093"},{"taxonomy":"product_tag","embeddable":true,"href":"https:\/\/www.tattja.com\/cs\/wp-json\/wp\/v2\/product_tag?post=2093"}],"curies":[{"name":"wp","href":"https:\/\/api.w.org\/{rel}","templated":true}]}}