{"id":2189,"date":"2025-08-22T10:37:33","date_gmt":"2025-08-22T08:37:33","guid":{"rendered":"https:\/\/www.tattja.com\/?post_type=product&#038;p=2189"},"modified":"2026-04-05T19:44:33","modified_gmt":"2026-04-05T17:44:33","slug":"damske-oblecenie-dvojset-ragbborg-tmavosivy","status":"publish","type":"product","link":"https:\/\/www.tattja.com\/cs\/product\/damske-oblecenie-dvojset-ragbborg-tmavosivy\/","title":{"rendered":"D\u00e1mske oble\u010denie 2-set RAGBBORG tmavosiv\u00fd"},"content":{"rendered":"<article class=\"text-token-text-primary w-full focus:outline-none [--shadow-height:45px] has-data-writing-block:pointer-events-none has-data-writing-block:-mt-(--shadow-height) has-data-writing-block:pt-(--shadow-height) [&amp;:has([data-writing-block])&gt;*]:pointer-events-auto scroll-mt-[calc(var(--header-height)+min(200px,max(70px,20svh)))]\" dir=\"auto\" style=\"font-style: normal; font-variant-caps: normal; font-weight: 400; letter-spacing: normal; orphans: auto; text-align: start; text-indent: 0px; text-transform: none; white-space: normal; widows: auto; word-spacing: 0px; -webkit-text-stroke-width: 0px; text-decoration: none; caret-color: #000000; color: #000000;\" tabindex=\"-1\" data-turn-id=\"request-68ee2950-5a00-8331-83a7-f9c896e1d832-21\" data-testid=\"conversation-turn-331\" data-scroll-anchor=\"true\" data-turn=\"assistant\">\n<div class=\"text-base my-auto mx-auto pb-10 [--thread-content-margin:--spacing(4)] thread-sm:[--thread-content-margin:--spacing(6)] thread-lg:[--thread-content-margin:--spacing(16)] px-(--thread-content-margin)\">\n<div class=\"[--thread-content-max-width:40rem] thread-lg:[--thread-content-max-width:48rem] mx-auto max-w-(--thread-content-max-width) flex-1 group\/turn-messages focus-visible:outline-hidden relative flex w-full min-w-0 flex-col agent-turn\" tabindex=\"-1\">\n<div class=\"flex max-w-full flex-col grow\">\n<div class=\"min-h-8 text-message relative flex w-full flex-col items-end gap-2 text-start break-words whitespace-normal [.text-message+&amp;]:mt-1\" dir=\"auto\" data-message-author-role=\"assistant\" data-message-id=\"140034a7-024d-4c34-bf53-29b095126a7b\" data-message-model-slug=\"gpt-5\">\n<div class=\"flex w-full flex-col gap-1 empty:hidden first:pt-[1px]\">\n<div class=\"markdown prose dark:prose-invert w-full break-words light markdown-new-styling\">\n<p data-start=\"959\" data-end=\"1246\"><strong data-start=\"959\" data-end=\"1006\">D\u00e1msk\u00e1 dvojit\u00e1 souprava RAGBBORG tmav\u011b \u0161ed\u00e1<\/strong> je synonymem decentn\u00ed elegance a pohodl\u00ed, kter\u00e9 podtrhuje p\u0159irozenou kr\u00e1su \u017eeny. Tato dvojit\u00e1 souprava z kolekce <strong data-start=\"1117\" data-end=\"1127\">TATTJA<\/strong> se skl\u00e1d\u00e1 z \u010depice se \u0161t\u00edtem a pleten\u00fdmi ruk\u00e1vy - kombinace, kter\u00e1 spojuje funk\u010dnost s modern\u00edm designem a n\u00e1dechem luxusu.<\/p>\n<p data-start=\"1248\" data-end=\"1515\">Tmav\u011b \u0161ed\u00fd odst\u00edn je symbolem nad\u010dasovosti a minimalismu. Elegantn\u011b dopln\u00ed ka\u017ed\u00fd outfit a p\u016fsob\u00ed harmonicky v kombinaci se sv\u011btl\u00fdmi i kontrastn\u00edmi barvami. Je ide\u00e1ln\u00ed pro \u017eeny, kter\u00e9 maj\u00ed r\u00e1dy vyt\u0159\u00edben\u00fd styl a d\u00e1vaj\u00ed p\u0159ednost decentn\u00edm detail\u016fm p\u0159ed ok\u00e1zalost\u00ed.<\/p>\n<p data-start=\"1517\" data-end=\"1813\">\u010cepice s ko\u0161il\u00ed dod\u00e1v\u00e1 sad\u011b \u0161mrnc a funk\u010dnost. Poskytuje ochranu p\u0159ed chladem a z\u00e1rove\u0148 zd\u016fraz\u0148uje osobit\u00fd styl nositele. Ruk\u00e1vy poskytuj\u00ed pocit m\u011bkkosti, tepla a pohodl\u00ed po cel\u00fd den. Jejich jemn\u00e1 \u017eebrovan\u00e1 struktura se p\u0159irozen\u011b p\u0159izp\u016fsob\u00ed tvaru rukou a zv\u00fdrazn\u00ed \u017eenskou siluetu.<\/p>\n<p data-start=\"1815\" data-end=\"2020\"><strong data-start=\"1815\" data-end=\"1837\">D\u00e1msk\u00e1 dvojit\u00e1 souprava RAGBBORG tmav\u011b \u0161ed\u00e1<\/strong> je ide\u00e1ln\u00edm dopl\u0148kem pro ka\u017edodenn\u00ed no\u0161en\u00ed, pr\u00e1ci i voln\u00fd \u010das. Zt\u011bles\u0148uje rovnov\u00e1hu mezi eleganc\u00ed a prakti\u010dnost\u00ed - proto\u017ee i funk\u010dn\u00ed dopln\u011bk m\u016f\u017ee b\u00fdt stylov\u00fd a jedine\u010dn\u00fd.<\/p>\n<p data-start=\"2022\" data-end=\"2127\">Objevte kr\u00e1su jemnosti, sofistikovan\u00fdch detail\u016f a \u017eensk\u00e9ho stylu, kter\u00e9 v\u00e1s zah\u0159ej\u00ed. <a href=\"https:\/\/www.tattja.com\/cs\/product-category\/damske-oblecenie\/dvojsety\/rukavniky-a-ciapka\/\">v jin\u00fdch barv\u00e1ch<\/a>.<\/p>\n<p data-start=\"2129\" data-end=\"2273\"><strong data-start=\"2129\" data-end=\"2183\">Pod\u00edvejte se, jak\u00e9 materi\u00e1ly pou\u017e\u00edv\u00e1me k v\u00fdrob\u011b na\u0161ich v\u00fdrobk\u016f<\/strong>, a dop\u0159ejte si luxus, kter\u00fd spo\u010d\u00edv\u00e1 v kvalit\u011b, preciznosti a nad\u010dasov\u00e9m designu.<\/p>\n<\/div>\n<\/div>\n<\/div>\n<\/div>\n<\/div>\n<\/div>\n<\/article>","protected":false},"excerpt":{"rendered":"<p><strong data-start=\"606\" data-end=\"653\">D\u00e1msk\u00e1 dvojit\u00e1 souprava RAGBBORG tmav\u011b \u0161ed\u00e1<\/strong> p\u0159edstavuje kombinaci minimalismu a elegance. Pleten\u00e1 \u010depice se \u0161\u00e1lou dopl\u0148uje ruk\u00e1vy, kter\u00e9 h\u0159ej\u00ed a zv\u00fdraz\u0148uj\u00ed \u017eensk\u00e9 linie. Tmav\u011b \u0161ed\u00fd odst\u00edn p\u016fsob\u00ed rafinovan\u011b a nad\u010dasov\u011b - ide\u00e1ln\u00ed pro \u017eenu, kter\u00e1 ocen\u00ed decentn\u00ed luxus, jemn\u00e9 detaily a pohodl\u00ed v jednom.<\/p>","protected":false},"featured_media":7740,"comment_status":"open","ping_status":"closed","template":"","meta":[],"product_brand":[],"product_cat":[289,212,209,295],"product_tag":[],"class_list":{"0":"post-2189","1":"product","2":"type-product","3":"status-publish","4":"has-post-thumbnail","6":"product_cat-dvojsety","7":"product_cat-dvojsety-tmavosive","8":"product_cat-pleteninove-doplnky-tmavosive","9":"product_cat-rukavniky-a-ciapka","11":"first","12":"instock","13":"taxable","14":"shipping-taxable","15":"purchasable","16":"product-type-simple"},"yoast_head":"<!-- This site is optimized with the Yoast SEO plugin v26.0 - https:\/\/yoast.com\/wordpress\/plugins\/seo\/ -->\n<title>D\u00e1mske oble\u010denie 2-set RAGBBORG tmavosiv\u00fd - TATTJA<\/title>\n<meta name=\"description\" content=\"D\u00e1mske oble\u010denie dvojset RAGBBORG tmavosiv\u00fd \u2013 noblesn\u00e1 kombin\u00e1cia \u010diapky a ruk\u00e1vnikov, ktor\u00e1 sp\u00e1ja diskr\u00e9tny luxus, pohodlie a modern\u00fa eleganciu.\" \/>\n<meta name=\"robots\" content=\"index, follow, max-snippet:-1, max-image-preview:large, max-video-preview:-1\" \/>\n<link rel=\"canonical\" href=\"https:\/\/www.tattja.com\/cs\/product\/damske-oblecenie-dvojset-ragbborg-tmavosivy\/\" \/>\n<meta property=\"og:locale\" content=\"cs_CZ\" \/>\n<meta property=\"og:type\" content=\"article\" \/>\n<meta property=\"og:title\" content=\"D\u00e1mske oble\u010denie 2-set RAGBBORG tmavosiv\u00fd - TATTJA\" \/>\n<meta property=\"og:description\" content=\"D\u00e1mske oble\u010denie dvojset RAGBBORG tmavosiv\u00fd \u2013 noblesn\u00e1 kombin\u00e1cia \u010diapky a ruk\u00e1vnikov, ktor\u00e1 sp\u00e1ja diskr\u00e9tny luxus, pohodlie a modern\u00fa eleganciu.\" \/>\n<meta property=\"og:url\" content=\"https:\/\/www.tattja.com\/cs\/product\/damske-oblecenie-dvojset-ragbborg-tmavosivy\/\" \/>\n<meta property=\"og:site_name\" content=\"TATTJA\" \/>\n<meta property=\"article:modified_time\" content=\"2026-04-05T17:44:33+00:00\" \/>\n<meta property=\"og:image\" content=\"https:\/\/www.tattja.com\/wp-content\/uploads\/2026\/01\/tmavosivy-dvojset-rukavniky-ciapka-spredu-37.webp\" \/>\n\t<meta property=\"og:image:width\" content=\"1365\" \/>\n\t<meta property=\"og:image:height\" content=\"2048\" \/>\n\t<meta property=\"og:image:type\" content=\"image\/webp\" \/>\n<meta name=\"twitter:card\" content=\"summary_large_image\" \/>\n<meta name=\"twitter:label1\" content=\"Odhadovan\u00e1 doba \u010dten\u00ed\" \/>\n\t<meta name=\"twitter:data1\" content=\"2 minuty\" \/>\n<script type=\"application\/ld+json\" class=\"yoast-schema-graph\">{\"@context\":\"https:\/\/schema.org\",\"@graph\":[{\"@type\":\"WebPage\",\"@id\":\"https:\/\/www.tattja.com\/product\/damske-oblecenie-dvojset-ragbborg-tmavosivy\/\",\"url\":\"https:\/\/www.tattja.com\/product\/damske-oblecenie-dvojset-ragbborg-tmavosivy\/\",\"name\":\"D\u00e1mske oble\u010denie 2-set RAGBBORG tmavosiv\u00fd - TATTJA\",\"isPartOf\":{\"@id\":\"https:\/\/www.tattja.com\/#website\"},\"primaryImageOfPage\":{\"@id\":\"https:\/\/www.tattja.com\/product\/damske-oblecenie-dvojset-ragbborg-tmavosivy\/#primaryimage\"},\"image\":{\"@id\":\"https:\/\/www.tattja.com\/product\/damske-oblecenie-dvojset-ragbborg-tmavosivy\/#primaryimage\"},\"thumbnailUrl\":\"https:\/\/www.tattja.com\/wp-content\/uploads\/2026\/01\/tmavosivy-dvojset-rukavniky-ciapka-spredu-37.webp\",\"datePublished\":\"2025-08-22T08:37:33+00:00\",\"dateModified\":\"2026-04-05T17:44:33+00:00\",\"description\":\"D\u00e1mske oble\u010denie dvojset RAGBBORG tmavosiv\u00fd \u2013 noblesn\u00e1 kombin\u00e1cia \u010diapky a ruk\u00e1vnikov, ktor\u00e1 sp\u00e1ja diskr\u00e9tny luxus, pohodlie a modern\u00fa eleganciu.\",\"breadcrumb\":{\"@id\":\"https:\/\/www.tattja.com\/product\/damske-oblecenie-dvojset-ragbborg-tmavosivy\/#breadcrumb\"},\"inLanguage\":\"cs\",\"potentialAction\":[{\"@type\":\"ReadAction\",\"target\":[\"https:\/\/www.tattja.com\/product\/damske-oblecenie-dvojset-ragbborg-tmavosivy\/\"]}]},{\"@type\":\"ImageObject\",\"inLanguage\":\"cs\",\"@id\":\"https:\/\/www.tattja.com\/product\/damske-oblecenie-dvojset-ragbborg-tmavosivy\/#primaryimage\",\"url\":\"https:\/\/www.tattja.com\/wp-content\/uploads\/2026\/01\/tmavosivy-dvojset-rukavniky-ciapka-spredu-37.webp\",\"contentUrl\":\"https:\/\/www.tattja.com\/wp-content\/uploads\/2026\/01\/tmavosivy-dvojset-rukavniky-ciapka-spredu-37.webp\",\"width\":1365,\"height\":2048,\"caption\":\"Tmavosiv\u00fd dvojset RAGBORG \u2013 \u010diapka a ruk\u00e1vniky TATTJA\"},{\"@type\":\"BreadcrumbList\",\"@id\":\"https:\/\/www.tattja.com\/product\/damske-oblecenie-dvojset-ragbborg-tmavosivy\/#breadcrumb\",\"itemListElement\":[{\"@type\":\"ListItem\",\"position\":1,\"name\":\"Domov\",\"item\":\"https:\/\/www.tattja.com\/\"},{\"@type\":\"ListItem\",\"position\":2,\"name\":\"Produkty\",\"item\":\"https:\/\/www.tattja.com\/damske-oblecenie-produkty\/\"},{\"@type\":\"ListItem\",\"position\":3,\"name\":\"D\u00e1mske oble\u010denie 2-set RAGBBORG tmavosiv\u00fd\"}]},{\"@type\":\"WebSite\",\"@id\":\"https:\/\/www.tattja.com\/#website\",\"url\":\"https:\/\/www.tattja.com\/\",\"name\":\"TATTJA\",\"description\":\"D\u00e1mske oble\u010denie z extra jemnej merino vlny \u2014 ru\u010dne pleten\u00e9 na Slovensku\",\"potentialAction\":[{\"@type\":\"SearchAction\",\"target\":{\"@type\":\"EntryPoint\",\"urlTemplate\":\"https:\/\/www.tattja.com\/?s={search_term_string}\"},\"query-input\":{\"@type\":\"PropertyValueSpecification\",\"valueRequired\":true,\"valueName\":\"search_term_string\"}}],\"inLanguage\":\"cs\"}]}<\/script>\n<!-- \/ Yoast SEO plugin. -->","yoast_head_json":{"title":"D\u00e1mske oble\u010denie 2-set RAGBBORG tmavosiv\u00fd - TATTJA","description":"D\u00e1mske oble\u010denie dvojset RAGBBORG tmavosiv\u00fd \u2013 noblesn\u00e1 kombin\u00e1cia \u010diapky a ruk\u00e1vnikov, ktor\u00e1 sp\u00e1ja diskr\u00e9tny luxus, pohodlie a modern\u00fa eleganciu.","robots":{"index":"index","follow":"follow","max-snippet":"max-snippet:-1","max-image-preview":"max-image-preview:large","max-video-preview":"max-video-preview:-1"},"canonical":"https:\/\/www.tattja.com\/cs\/product\/damske-oblecenie-dvojset-ragbborg-tmavosivy\/","og_locale":"cs_CZ","og_type":"article","og_title":"D\u00e1mske oble\u010denie 2-set RAGBBORG tmavosiv\u00fd - TATTJA","og_description":"D\u00e1mske oble\u010denie dvojset RAGBBORG tmavosiv\u00fd \u2013 noblesn\u00e1 kombin\u00e1cia \u010diapky a ruk\u00e1vnikov, ktor\u00e1 sp\u00e1ja diskr\u00e9tny luxus, pohodlie a modern\u00fa eleganciu.","og_url":"https:\/\/www.tattja.com\/cs\/product\/damske-oblecenie-dvojset-ragbborg-tmavosivy\/","og_site_name":"TATTJA","article_modified_time":"2026-04-05T17:44:33+00:00","og_image":[{"width":1365,"height":2048,"url":"https:\/\/www.tattja.com\/wp-content\/uploads\/2026\/01\/tmavosivy-dvojset-rukavniky-ciapka-spredu-37.webp","type":"image\/webp"}],"twitter_card":"summary_large_image","twitter_misc":{"Odhadovan\u00e1 doba \u010dten\u00ed":"2 minuty"},"schema":{"@context":"https:\/\/schema.org","@graph":[{"@type":"WebPage","@id":"https:\/\/www.tattja.com\/product\/damske-oblecenie-dvojset-ragbborg-tmavosivy\/","url":"https:\/\/www.tattja.com\/product\/damske-oblecenie-dvojset-ragbborg-tmavosivy\/","name":"D\u00e1mske oble\u010denie 2-set RAGBBORG tmavosiv\u00fd - TATTJA","isPartOf":{"@id":"https:\/\/www.tattja.com\/#website"},"primaryImageOfPage":{"@id":"https:\/\/www.tattja.com\/product\/damske-oblecenie-dvojset-ragbborg-tmavosivy\/#primaryimage"},"image":{"@id":"https:\/\/www.tattja.com\/product\/damske-oblecenie-dvojset-ragbborg-tmavosivy\/#primaryimage"},"thumbnailUrl":"https:\/\/www.tattja.com\/wp-content\/uploads\/2026\/01\/tmavosivy-dvojset-rukavniky-ciapka-spredu-37.webp","datePublished":"2025-08-22T08:37:33+00:00","dateModified":"2026-04-05T17:44:33+00:00","description":"D\u00e1mske oble\u010denie dvojset RAGBBORG tmavosiv\u00fd \u2013 noblesn\u00e1 kombin\u00e1cia \u010diapky a ruk\u00e1vnikov, ktor\u00e1 sp\u00e1ja diskr\u00e9tny luxus, pohodlie a modern\u00fa eleganciu.","breadcrumb":{"@id":"https:\/\/www.tattja.com\/product\/damske-oblecenie-dvojset-ragbborg-tmavosivy\/#breadcrumb"},"inLanguage":"cs","potentialAction":[{"@type":"ReadAction","target":["https:\/\/www.tattja.com\/product\/damske-oblecenie-dvojset-ragbborg-tmavosivy\/"]}]},{"@type":"ImageObject","inLanguage":"cs","@id":"https:\/\/www.tattja.com\/product\/damske-oblecenie-dvojset-ragbborg-tmavosivy\/#primaryimage","url":"https:\/\/www.tattja.com\/wp-content\/uploads\/2026\/01\/tmavosivy-dvojset-rukavniky-ciapka-spredu-37.webp","contentUrl":"https:\/\/www.tattja.com\/wp-content\/uploads\/2026\/01\/tmavosivy-dvojset-rukavniky-ciapka-spredu-37.webp","width":1365,"height":2048,"caption":"Tmavosiv\u00fd dvojset RAGBORG \u2013 \u010diapka a ruk\u00e1vniky TATTJA"},{"@type":"BreadcrumbList","@id":"https:\/\/www.tattja.com\/product\/damske-oblecenie-dvojset-ragbborg-tmavosivy\/#breadcrumb","itemListElement":[{"@type":"ListItem","position":1,"name":"Domov","item":"https:\/\/www.tattja.com\/"},{"@type":"ListItem","position":2,"name":"Produkty","item":"https:\/\/www.tattja.com\/damske-oblecenie-produkty\/"},{"@type":"ListItem","position":3,"name":"D\u00e1mske oble\u010denie 2-set RAGBBORG tmavosiv\u00fd"}]},{"@type":"WebSite","@id":"https:\/\/www.tattja.com\/#website","url":"https:\/\/www.tattja.com\/","name":"TATTJA","description":"D\u00e1mske oble\u010denie z extra jemnej merino vlny \u2014 ru\u010dne pleten\u00e9 na Slovensku","potentialAction":[{"@type":"SearchAction","target":{"@type":"EntryPoint","urlTemplate":"https:\/\/www.tattja.com\/?s={search_term_string}"},"query-input":{"@type":"PropertyValueSpecification","valueRequired":true,"valueName":"search_term_string"}}],"inLanguage":"cs"}]}},"_links":{"self":[{"href":"https:\/\/www.tattja.com\/cs\/wp-json\/wp\/v2\/product\/2189","targetHints":{"allow":["GET"]}}],"collection":[{"href":"https:\/\/www.tattja.com\/cs\/wp-json\/wp\/v2\/product"}],"about":[{"href":"https:\/\/www.tattja.com\/cs\/wp-json\/wp\/v2\/types\/product"}],"replies":[{"embeddable":true,"href":"https:\/\/www.tattja.com\/cs\/wp-json\/wp\/v2\/comments?post=2189"}],"version-history":[{"count":6,"href":"https:\/\/www.tattja.com\/cs\/wp-json\/wp\/v2\/product\/2189\/revisions"}],"predecessor-version":[{"id":7148,"href":"https:\/\/www.tattja.com\/cs\/wp-json\/wp\/v2\/product\/2189\/revisions\/7148"}],"wp:featuredmedia":[{"embeddable":true,"href":"https:\/\/www.tattja.com\/cs\/wp-json\/wp\/v2\/media\/7740"}],"wp:attachment":[{"href":"https:\/\/www.tattja.com\/cs\/wp-json\/wp\/v2\/media?parent=2189"}],"wp:term":[{"taxonomy":"product_brand","embeddable":true,"href":"https:\/\/www.tattja.com\/cs\/wp-json\/wp\/v2\/product_brand?post=2189"},{"taxonomy":"product_cat","embeddable":true,"href":"https:\/\/www.tattja.com\/cs\/wp-json\/wp\/v2\/product_cat?post=2189"},{"taxonomy":"product_tag","embeddable":true,"href":"https:\/\/www.tattja.com\/cs\/wp-json\/wp\/v2\/product_tag?post=2189"}],"curies":[{"name":"wp","href":"https:\/\/api.w.org\/{rel}","templated":true}]}}