{"id":1727,"date":"2025-07-28T09:10:52","date_gmt":"2025-07-28T07:10:52","guid":{"rendered":"https:\/\/www.tattja.com\/?post_type=product&#038;p=1727"},"modified":"2026-04-05T19:45:12","modified_gmt":"2026-04-05T17:45:12","slug":"damske-oblecenie-ciapka-anja-kremovo-vanilkova","status":"publish","type":"product","link":"https:\/\/www.tattja.com\/da\/product\/damske-oblecenie-ciapka-anja-kremovo-vanilkova\/","title":{"rendered":"Damet\u00f8j kasket ANJA creme-vanilje"},"content":{"rendered":"<p data-start=\"850\" data-end=\"1163\"><strong data-start=\"850\" data-end=\"900\">Damet\u00f8j kasket ANJA creme-vanilje<\/strong> Den vil tilf\u00f8re din garderobe raffinement, elegance og tidl\u00f8s stil. Denne model fra kollektionen <strong data-start=\"980\" data-end=\"990\">TATTJA<\/strong> kombinerer komfort, funktionalitet og feminint design i perfekt harmoni. Takket v\u00e6re farven ser den alsidig ud, og du kan nemt kombinere den. Den vil give dit otufit et rent, sofistikeret look.<\/p>\n<p data-start=\"1165\" data-end=\"1487\">Vi har strikket huen af bl\u00f8dt, silkeagtigt garn, som smyger sig om hovedet og giver varme p\u00e5 kolde dage. Materialet er \u00e5ndbart, let og bl\u00f8dt at r\u00f8re ved og giver maksimal komfort, selv n\u00e5r den b\u00e6res i l\u00e6ngere tid. Hver eneste detalje er n\u00f8je gennemt\u00e6nkt, s\u00e5 den ikke kun er praktisk, men ogs\u00e5 en \u00e6stetisk accessory.<\/p>\n<p data-start=\"1489\" data-end=\"1706\">Den cremede vaniljefarvede nuance ser frisk og feminin ud. Den kan lysne teinten og fremh\u00e6ve ansigtstr\u00e6k. Takket v\u00e6re den neutrale farve passer den perfekt til b\u00e5de m\u00f8rkere og lysere t\u00f8j - fra jeans og skjorter til elegante frakker.<\/p>\n<p data-start=\"1708\" data-end=\"1964\">Det stilfulde visir tilf\u00f8rer kasketten en subtil urban accent og beskytter \u00f8jnene mod solens str\u00e5ler eller vinden. Kombineret med den bl\u00f8de tekstur i strikken skaber det en afbalanceret blanding af funktionalitet og stil. Denne model kan bruges til overgangs-, rejse- eller hverdagsbrug.<\/p>\n<p data-start=\"1966\" data-end=\"2065\">Kasket til damet\u00f8j <strong data-start=\"1973\" data-end=\"1999\">ANJA creme-vanilje<\/strong> udm\u00e6rker sig ved sin alsidighed og kan supplere ethvert outfit.<\/p>\n<p data-start=\"2067\" data-end=\"2172\">Oplev sk\u00f8nheden i delikatesse, sofistikerede detaljer og feminin stil, der vil holde dig varm og... <a href=\"https:\/\/www.tattja.com\/da\/product-category\/damske-oblecenie\/doplnky-jednotlivo\/ciapky\/\">i andre farver<\/a>.<\/p>\n<p data-start=\"2174\" data-end=\"2309\"><strong data-start=\"2174\" data-end=\"2228\">Se her, <a href=\"https:\/\/shop.bogensberger.co.at\/produkt-schlagwort\/merino-extrafein\/\">fra hvilke materialer<\/a> vi producerer vores v\u00e6rker<\/strong> og fork\u00e6l dig selv med en kombination af elegance, komfort og tidl\u00f8st design. <strong data-start=\"2296\" data-end=\"2306\">TATTJA<\/strong>.<\/p>","protected":false},"excerpt":{"rendered":"<p><strong data-start=\"651\" data-end=\"701\">Damet\u00f8j kasket ANJA creme-vanilje<\/strong> kombinerer raffinement, elegance og komfort. En bl\u00f8d strik, en stilfuld silhuet og en alsidig nuance til den moderne kvinde.<\/p>","protected":false},"featured_media":2333,"comment_status":"open","ping_status":"closed","template":"","meta":[],"product_brand":[],"product_cat":[144,282,300,298,137],"product_tag":[],"class_list":{"0":"post-1727","1":"product","2":"type-product","3":"status-publish","4":"has-post-thumbnail","6":"product_cat-ciapka-kremovo-vanilkova","7":"product_cat-ciapky","8":"product_cat-damske-oblecenie","9":"product_cat-doplnky-jednotlivo","10":"product_cat-pleteninove-doplnky-kremovo-vanilkove","12":"first","13":"instock","14":"taxable","15":"shipping-taxable","16":"purchasable","17":"product-type-simple"},"yoast_head":"<!-- This site is optimized with the Yoast SEO plugin v26.0 - https:\/\/yoast.com\/wordpress\/plugins\/seo\/ -->\n<title>D\u00e1mske oble\u010denie \u010diapka ANJA kr\u00e9movo-vanilkov\u00e1 - TATTJA<\/title>\n<meta name=\"description\" content=\"D\u00e1mske oble\u010denie \u010diapka ANJA kr\u00e9movo-vanilkov\u00e1 \u2013 jemn\u00e1, elegantn\u00e1 a praktick\u00e1 \u010diapka s modern\u00fdm dizajnom a univerz\u00e1lnym odtie\u0148om.\" \/>\n<meta name=\"robots\" content=\"index, follow, max-snippet:-1, max-image-preview:large, max-video-preview:-1\" \/>\n<link rel=\"canonical\" href=\"https:\/\/www.tattja.com\/da\/product\/damske-oblecenie-ciapka-anja-kremovo-vanilkova\/\" \/>\n<meta property=\"og:locale\" content=\"da_DK\" \/>\n<meta property=\"og:type\" content=\"article\" \/>\n<meta property=\"og:title\" content=\"D\u00e1mske oble\u010denie \u010diapka ANJA kr\u00e9movo-vanilkov\u00e1 - TATTJA\" \/>\n<meta property=\"og:description\" content=\"D\u00e1mske oble\u010denie \u010diapka ANJA kr\u00e9movo-vanilkov\u00e1 \u2013 jemn\u00e1, elegantn\u00e1 a praktick\u00e1 \u010diapka s modern\u00fdm dizajnom a univerz\u00e1lnym odtie\u0148om.\" \/>\n<meta property=\"og:url\" content=\"https:\/\/www.tattja.com\/da\/product\/damske-oblecenie-ciapka-anja-kremovo-vanilkova\/\" \/>\n<meta property=\"og:site_name\" content=\"TATTJA\" \/>\n<meta property=\"article:modified_time\" content=\"2026-04-05T17:45:12+00:00\" \/>\n<meta property=\"og:image\" content=\"https:\/\/www.tattja.com\/wp-content\/uploads\/2025\/09\/kremovo-vanilkovy-ciapka-spredu-43-2.webp\" \/>\n\t<meta property=\"og:image:width\" content=\"1365\" \/>\n\t<meta property=\"og:image:height\" content=\"2048\" \/>\n\t<meta property=\"og:image:type\" content=\"image\/webp\" \/>\n<meta name=\"twitter:card\" content=\"summary_large_image\" \/>\n<meta name=\"twitter:label1\" content=\"Estimeret l\u00e6setid\" \/>\n\t<meta name=\"twitter:data1\" content=\"2 minutter\" \/>\n<script type=\"application\/ld+json\" class=\"yoast-schema-graph\">{\"@context\":\"https:\/\/schema.org\",\"@graph\":[{\"@type\":\"WebPage\",\"@id\":\"https:\/\/www.tattja.com\/product\/damske-oblecenie-ciapka-anja-kremovo-vanilkova\/\",\"url\":\"https:\/\/www.tattja.com\/product\/damske-oblecenie-ciapka-anja-kremovo-vanilkova\/\",\"name\":\"D\u00e1mske oble\u010denie \u010diapka ANJA kr\u00e9movo-vanilkov\u00e1 - TATTJA\",\"isPartOf\":{\"@id\":\"https:\/\/www.tattja.com\/#website\"},\"primaryImageOfPage\":{\"@id\":\"https:\/\/www.tattja.com\/product\/damske-oblecenie-ciapka-anja-kremovo-vanilkova\/#primaryimage\"},\"image\":{\"@id\":\"https:\/\/www.tattja.com\/product\/damske-oblecenie-ciapka-anja-kremovo-vanilkova\/#primaryimage\"},\"thumbnailUrl\":\"https:\/\/www.tattja.com\/wp-content\/uploads\/2025\/09\/kremovo-vanilkovy-ciapka-spredu-43-2.webp\",\"datePublished\":\"2025-07-28T07:10:52+00:00\",\"dateModified\":\"2026-04-05T17:45:12+00:00\",\"description\":\"D\u00e1mske oble\u010denie \u010diapka ANJA kr\u00e9movo-vanilkov\u00e1 \u2013 jemn\u00e1, elegantn\u00e1 a praktick\u00e1 \u010diapka s modern\u00fdm dizajnom a univerz\u00e1lnym odtie\u0148om.\",\"breadcrumb\":{\"@id\":\"https:\/\/www.tattja.com\/product\/damske-oblecenie-ciapka-anja-kremovo-vanilkova\/#breadcrumb\"},\"inLanguage\":\"da-DK\",\"potentialAction\":[{\"@type\":\"ReadAction\",\"target\":[\"https:\/\/www.tattja.com\/product\/damske-oblecenie-ciapka-anja-kremovo-vanilkova\/\"]}]},{\"@type\":\"ImageObject\",\"inLanguage\":\"da-DK\",\"@id\":\"https:\/\/www.tattja.com\/product\/damske-oblecenie-ciapka-anja-kremovo-vanilkova\/#primaryimage\",\"url\":\"https:\/\/www.tattja.com\/wp-content\/uploads\/2025\/09\/kremovo-vanilkovy-ciapka-spredu-43-2.webp\",\"contentUrl\":\"https:\/\/www.tattja.com\/wp-content\/uploads\/2025\/09\/kremovo-vanilkovy-ciapka-spredu-43-2.webp\",\"width\":1365,\"height\":2048,\"caption\":\"\u010ciapka ANJA \u2013 kr\u00e9movo-vanilkov\u00e1 pleten\u00e1 \u010diapka TATTJA | predn\u00fd poh\u013ead\"},{\"@type\":\"BreadcrumbList\",\"@id\":\"https:\/\/www.tattja.com\/product\/damske-oblecenie-ciapka-anja-kremovo-vanilkova\/#breadcrumb\",\"itemListElement\":[{\"@type\":\"ListItem\",\"position\":1,\"name\":\"Domov\",\"item\":\"https:\/\/www.tattja.com\/\"},{\"@type\":\"ListItem\",\"position\":2,\"name\":\"Produkty\",\"item\":\"https:\/\/www.tattja.com\/damske-oblecenie-produkty\/\"},{\"@type\":\"ListItem\",\"position\":3,\"name\":\"D\u00e1mske oble\u010denie \u010diapka ANJA kr\u00e9movo-vanilkov\u00e1\"}]},{\"@type\":\"WebSite\",\"@id\":\"https:\/\/www.tattja.com\/#website\",\"url\":\"https:\/\/www.tattja.com\/\",\"name\":\"TATTJA\",\"description\":\"D\u00e1mske oble\u010denie z extra jemnej merino vlny \u2014 ru\u010dne pleten\u00e9 na Slovensku\",\"potentialAction\":[{\"@type\":\"SearchAction\",\"target\":{\"@type\":\"EntryPoint\",\"urlTemplate\":\"https:\/\/www.tattja.com\/?s={search_term_string}\"},\"query-input\":{\"@type\":\"PropertyValueSpecification\",\"valueRequired\":true,\"valueName\":\"search_term_string\"}}],\"inLanguage\":\"da-DK\"}]}<\/script>\n<!-- \/ Yoast SEO plugin. -->","yoast_head_json":{"title":"D\u00e1mske oble\u010denie \u010diapka ANJA kr\u00e9movo-vanilkov\u00e1 - TATTJA","description":"D\u00e1mske oble\u010denie \u010diapka ANJA kr\u00e9movo-vanilkov\u00e1 \u2013 jemn\u00e1, elegantn\u00e1 a praktick\u00e1 \u010diapka s modern\u00fdm dizajnom a univerz\u00e1lnym odtie\u0148om.","robots":{"index":"index","follow":"follow","max-snippet":"max-snippet:-1","max-image-preview":"max-image-preview:large","max-video-preview":"max-video-preview:-1"},"canonical":"https:\/\/www.tattja.com\/da\/product\/damske-oblecenie-ciapka-anja-kremovo-vanilkova\/","og_locale":"da_DK","og_type":"article","og_title":"D\u00e1mske oble\u010denie \u010diapka ANJA kr\u00e9movo-vanilkov\u00e1 - TATTJA","og_description":"D\u00e1mske oble\u010denie \u010diapka ANJA kr\u00e9movo-vanilkov\u00e1 \u2013 jemn\u00e1, elegantn\u00e1 a praktick\u00e1 \u010diapka s modern\u00fdm dizajnom a univerz\u00e1lnym odtie\u0148om.","og_url":"https:\/\/www.tattja.com\/da\/product\/damske-oblecenie-ciapka-anja-kremovo-vanilkova\/","og_site_name":"TATTJA","article_modified_time":"2026-04-05T17:45:12+00:00","og_image":[{"width":1365,"height":2048,"url":"https:\/\/www.tattja.com\/wp-content\/uploads\/2025\/09\/kremovo-vanilkovy-ciapka-spredu-43-2.webp","type":"image\/webp"}],"twitter_card":"summary_large_image","twitter_misc":{"Estimeret l\u00e6setid":"2 minutter"},"schema":{"@context":"https:\/\/schema.org","@graph":[{"@type":"WebPage","@id":"https:\/\/www.tattja.com\/product\/damske-oblecenie-ciapka-anja-kremovo-vanilkova\/","url":"https:\/\/www.tattja.com\/product\/damske-oblecenie-ciapka-anja-kremovo-vanilkova\/","name":"D\u00e1mske oble\u010denie \u010diapka ANJA kr\u00e9movo-vanilkov\u00e1 - TATTJA","isPartOf":{"@id":"https:\/\/www.tattja.com\/#website"},"primaryImageOfPage":{"@id":"https:\/\/www.tattja.com\/product\/damske-oblecenie-ciapka-anja-kremovo-vanilkova\/#primaryimage"},"image":{"@id":"https:\/\/www.tattja.com\/product\/damske-oblecenie-ciapka-anja-kremovo-vanilkova\/#primaryimage"},"thumbnailUrl":"https:\/\/www.tattja.com\/wp-content\/uploads\/2025\/09\/kremovo-vanilkovy-ciapka-spredu-43-2.webp","datePublished":"2025-07-28T07:10:52+00:00","dateModified":"2026-04-05T17:45:12+00:00","description":"D\u00e1mske oble\u010denie \u010diapka ANJA kr\u00e9movo-vanilkov\u00e1 \u2013 jemn\u00e1, elegantn\u00e1 a praktick\u00e1 \u010diapka s modern\u00fdm dizajnom a univerz\u00e1lnym odtie\u0148om.","breadcrumb":{"@id":"https:\/\/www.tattja.com\/product\/damske-oblecenie-ciapka-anja-kremovo-vanilkova\/#breadcrumb"},"inLanguage":"da-DK","potentialAction":[{"@type":"ReadAction","target":["https:\/\/www.tattja.com\/product\/damske-oblecenie-ciapka-anja-kremovo-vanilkova\/"]}]},{"@type":"ImageObject","inLanguage":"da-DK","@id":"https:\/\/www.tattja.com\/product\/damske-oblecenie-ciapka-anja-kremovo-vanilkova\/#primaryimage","url":"https:\/\/www.tattja.com\/wp-content\/uploads\/2025\/09\/kremovo-vanilkovy-ciapka-spredu-43-2.webp","contentUrl":"https:\/\/www.tattja.com\/wp-content\/uploads\/2025\/09\/kremovo-vanilkovy-ciapka-spredu-43-2.webp","width":1365,"height":2048,"caption":"\u010ciapka ANJA \u2013 kr\u00e9movo-vanilkov\u00e1 pleten\u00e1 \u010diapka TATTJA | predn\u00fd poh\u013ead"},{"@type":"BreadcrumbList","@id":"https:\/\/www.tattja.com\/product\/damske-oblecenie-ciapka-anja-kremovo-vanilkova\/#breadcrumb","itemListElement":[{"@type":"ListItem","position":1,"name":"Domov","item":"https:\/\/www.tattja.com\/"},{"@type":"ListItem","position":2,"name":"Produkty","item":"https:\/\/www.tattja.com\/damske-oblecenie-produkty\/"},{"@type":"ListItem","position":3,"name":"D\u00e1mske oble\u010denie \u010diapka ANJA kr\u00e9movo-vanilkov\u00e1"}]},{"@type":"WebSite","@id":"https:\/\/www.tattja.com\/#website","url":"https:\/\/www.tattja.com\/","name":"TATTJA","description":"D\u00e1mske oble\u010denie z extra jemnej merino vlny \u2014 ru\u010dne pleten\u00e9 na Slovensku","potentialAction":[{"@type":"SearchAction","target":{"@type":"EntryPoint","urlTemplate":"https:\/\/www.tattja.com\/?s={search_term_string}"},"query-input":{"@type":"PropertyValueSpecification","valueRequired":true,"valueName":"search_term_string"}}],"inLanguage":"da-DK"}]}},"_links":{"self":[{"href":"https:\/\/www.tattja.com\/da\/wp-json\/wp\/v2\/product\/1727","targetHints":{"allow":["GET"]}}],"collection":[{"href":"https:\/\/www.tattja.com\/da\/wp-json\/wp\/v2\/product"}],"about":[{"href":"https:\/\/www.tattja.com\/da\/wp-json\/wp\/v2\/types\/product"}],"replies":[{"embeddable":true,"href":"https:\/\/www.tattja.com\/da\/wp-json\/wp\/v2\/comments?post=1727"}],"version-history":[{"count":6,"href":"https:\/\/www.tattja.com\/da\/wp-json\/wp\/v2\/product\/1727\/revisions"}],"predecessor-version":[{"id":5906,"href":"https:\/\/www.tattja.com\/da\/wp-json\/wp\/v2\/product\/1727\/revisions\/5906"}],"wp:featuredmedia":[{"embeddable":true,"href":"https:\/\/www.tattja.com\/da\/wp-json\/wp\/v2\/media\/2333"}],"wp:attachment":[{"href":"https:\/\/www.tattja.com\/da\/wp-json\/wp\/v2\/media?parent=1727"}],"wp:term":[{"taxonomy":"product_brand","embeddable":true,"href":"https:\/\/www.tattja.com\/da\/wp-json\/wp\/v2\/product_brand?post=1727"},{"taxonomy":"product_cat","embeddable":true,"href":"https:\/\/www.tattja.com\/da\/wp-json\/wp\/v2\/product_cat?post=1727"},{"taxonomy":"product_tag","embeddable":true,"href":"https:\/\/www.tattja.com\/da\/wp-json\/wp\/v2\/product_tag?post=1727"}],"curies":[{"name":"wp","href":"https:\/\/api.w.org\/{rel}","templated":true}]}}