{"id":1824,"date":"2025-08-06T07:25:38","date_gmt":"2025-08-06T05:25:38","guid":{"rendered":"https:\/\/www.tattja.com\/?post_type=product&#038;p=1824"},"modified":"2026-04-05T19:45:08","modified_gmt":"2026-04-05T17:45:08","slug":"damske-oblecenie-ciapka-anja-horcicovo-zlta","status":"publish","type":"product","link":"https:\/\/www.tattja.com\/da\/product\/damske-oblecenie-ciapka-anja-horcicovo-zlta\/","title":{"rendered":"Kasket til kvinder ANJA sennepsgul"},"content":{"rendered":"<p data-start=\"922\" data-end=\"1197\"><strong data-start=\"922\" data-end=\"969\">Kasket til kvinder ANJA sennepsgul<\/strong> er en kombination af elegance, komfort og str\u00e5lende energi. Denne enest\u00e5ende tilf\u00f8jelse til kollektionen <strong data-start=\"1059\" data-end=\"1069\">TATTJA<\/strong> bringer friskhed, optimisme og selvtillid til dit hverdagsoutfit. Den er ideel til kvinder, der elsker stil, kvalitet og detaljer.<\/p>\n<p data-start=\"1199\" data-end=\"1473\">Den sennepsgule nuance symboliserer varme, gl\u00e6de og kreativ energi. Den kan lyse op i selv et minimalistisk outfit og tilf\u00f8je et strejf af originalitet. Takket v\u00e6re denne livlige tone ser kasketten markant ud, men alligevel harmonisk - den passer perfekt til b\u00e5de lyse og m\u00f8rke t\u00f8jfarver.<\/p>\n<p data-start=\"1475\" data-end=\"1750\">Den fine strik smyger sig bl\u00f8dt og behageligt om hovedet og giver en f\u00f8lelse af varmende komfort p\u00e5 koldere dage. Den bl\u00f8de tekstur tilpasser sig hovedets form, samtidig med at den bevarer sin form og bl\u00f8de glans. Pr\u00e6cisionsh\u00e5ndv\u00e6rk garanterer lang levetid og m\u00e6rkets typiske kvalitet. <strong data-start=\"1737\" data-end=\"1747\">TATTJA<\/strong>.<\/p>\n<p data-start=\"1752\" data-end=\"1962\">Den moderne silhuet tilf\u00f8rer kasketten b\u00e5de funktionalitet og urban flair. Den beskytter \u00f8jnene mod vind og sol og fremh\u00e6ver samtidig de feminine tr\u00e6k. Det er en detalje, der kombinerer det praktiske med elegance og giver et s\u00e6rpr\u00e6g til outfittet.<\/p>\n<p data-start=\"1964\" data-end=\"2258\"><strong data-start=\"1964\" data-end=\"1994\">Kasket til kvinder ANJA sennepsgul<\/strong> som en accessory, der understreger individualitet og giver en dosis energi og lys i hverdagen. I kombination med andre dele af kollektionen <strong data-start=\"2160\" data-end=\"2170\">TATTJA<\/strong> - med en shrug, mufflers eller halsvarmer - det skaber en harmonisk og sofistikeret helhed.<\/p>\n<p data-start=\"2260\" data-end=\"2365\">Oplev sk\u00f8nheden i delikatesse, sofistikerede detaljer og feminin stil, der vil holde dig varm og... <a href=\"https:\/\/www.tattja.com\/da\/product-category\/damske-oblecenie\/doplnky-jednotlivo\/ciapky\/\">i andre farver.<\/a><\/p>\n<p data-start=\"2367\" data-end=\"2490\"><strong data-start=\"2367\" data-end=\"2421\">Se her, <a href=\"https:\/\/shop.bogensberger.co.at\/produkt-schlagwort\/merino-extrafein\/\">fra hvilke materialer<\/a> vi producerer vores v\u00e6rker<\/strong> og fork\u00e6l dig selv med uovertruffen komfort, der skiller sig ud ved hvert eneste brug.<\/p>","protected":false},"excerpt":{"rendered":"<p><strong data-start=\"724\" data-end=\"771\">Kasket til kvinder ANJA sennepsgul<\/strong> - Luksuri\u00f8s strik, levende farve og pr\u00e6cist design, der vil tilf\u00f8re din stil optimisme, varme og raffinement.<\/p>","protected":false},"featured_media":7522,"comment_status":"open","ping_status":"closed","template":"","meta":[],"product_brand":[],"product_cat":[192,282,300,263,298,185],"product_tag":[],"class_list":{"0":"post-1824","1":"product","2":"type-product","3":"status-publish","4":"has-post-thumbnail","6":"product_cat-ciapka-horcicovo-zlta","7":"product_cat-ciapky","8":"product_cat-damske-oblecenie","9":"product_cat-jednotlive-doplnky-horcicovo-zlte","10":"product_cat-doplnky-jednotlivo","11":"product_cat-pleteninove-doplnky-horcicovo-zlte","13":"first","14":"instock","15":"taxable","16":"shipping-taxable","17":"purchasable","18":"product-type-simple"},"yoast_head":"<!-- This site is optimized with the Yoast SEO plugin v26.0 - https:\/\/yoast.com\/wordpress\/plugins\/seo\/ -->\n<title>D\u00e1mske oble\u010denie \u010diapka ANJA hor\u010dicovo-\u017elt\u00e1 - TATTJA<\/title>\n<meta name=\"description\" content=\"D\u00e1mske oble\u010denie \u010diapka ANJA hor\u010dicovo-\u017elt\u00e1 \u2013 hrejiv\u00e1 elegancia, jemn\u00e1 pletenina a \u017eiariv\u00fd odtie\u0148 pre \u017eeny, ktor\u00e9 miluj\u00fa \u0161t\u00fdl a pohodlie.\" \/>\n<meta name=\"robots\" content=\"index, follow, max-snippet:-1, max-image-preview:large, max-video-preview:-1\" \/>\n<link rel=\"canonical\" href=\"https:\/\/www.tattja.com\/da\/product\/damske-oblecenie-ciapka-anja-horcicovo-zlta\/\" \/>\n<meta property=\"og:locale\" content=\"da_DK\" \/>\n<meta property=\"og:type\" content=\"article\" \/>\n<meta property=\"og:title\" content=\"D\u00e1mske oble\u010denie \u010diapka ANJA hor\u010dicovo-\u017elt\u00e1 - TATTJA\" \/>\n<meta property=\"og:description\" content=\"D\u00e1mske oble\u010denie \u010diapka ANJA hor\u010dicovo-\u017elt\u00e1 \u2013 hrejiv\u00e1 elegancia, jemn\u00e1 pletenina a \u017eiariv\u00fd odtie\u0148 pre \u017eeny, ktor\u00e9 miluj\u00fa \u0161t\u00fdl a pohodlie.\" \/>\n<meta property=\"og:url\" content=\"https:\/\/www.tattja.com\/da\/product\/damske-oblecenie-ciapka-anja-horcicovo-zlta\/\" \/>\n<meta property=\"og:site_name\" content=\"TATTJA\" \/>\n<meta property=\"article:modified_time\" content=\"2026-04-05T17:45:08+00:00\" \/>\n<meta property=\"og:image\" content=\"https:\/\/www.tattja.com\/wp-content\/uploads\/2026\/01\/horcicovo-zlty-ciapka-spredu-43.webp\" \/>\n\t<meta property=\"og:image:width\" content=\"1365\" \/>\n\t<meta property=\"og:image:height\" content=\"2048\" \/>\n\t<meta property=\"og:image:type\" content=\"image\/webp\" \/>\n<meta name=\"twitter:card\" content=\"summary_large_image\" \/>\n<meta name=\"twitter:label1\" content=\"Estimeret l\u00e6setid\" \/>\n\t<meta name=\"twitter:data1\" content=\"2 minutter\" \/>\n<script type=\"application\/ld+json\" class=\"yoast-schema-graph\">{\"@context\":\"https:\/\/schema.org\",\"@graph\":[{\"@type\":\"WebPage\",\"@id\":\"https:\/\/www.tattja.com\/product\/damske-oblecenie-ciapka-anja-horcicovo-zlta\/\",\"url\":\"https:\/\/www.tattja.com\/product\/damske-oblecenie-ciapka-anja-horcicovo-zlta\/\",\"name\":\"D\u00e1mske oble\u010denie \u010diapka ANJA hor\u010dicovo-\u017elt\u00e1 - TATTJA\",\"isPartOf\":{\"@id\":\"https:\/\/www.tattja.com\/#website\"},\"primaryImageOfPage\":{\"@id\":\"https:\/\/www.tattja.com\/product\/damske-oblecenie-ciapka-anja-horcicovo-zlta\/#primaryimage\"},\"image\":{\"@id\":\"https:\/\/www.tattja.com\/product\/damske-oblecenie-ciapka-anja-horcicovo-zlta\/#primaryimage\"},\"thumbnailUrl\":\"https:\/\/www.tattja.com\/wp-content\/uploads\/2026\/01\/horcicovo-zlty-ciapka-spredu-43.webp\",\"datePublished\":\"2025-08-06T05:25:38+00:00\",\"dateModified\":\"2026-04-05T17:45:08+00:00\",\"description\":\"D\u00e1mske oble\u010denie \u010diapka ANJA hor\u010dicovo-\u017elt\u00e1 \u2013 hrejiv\u00e1 elegancia, jemn\u00e1 pletenina a \u017eiariv\u00fd odtie\u0148 pre \u017eeny, ktor\u00e9 miluj\u00fa \u0161t\u00fdl a pohodlie.\",\"breadcrumb\":{\"@id\":\"https:\/\/www.tattja.com\/product\/damske-oblecenie-ciapka-anja-horcicovo-zlta\/#breadcrumb\"},\"inLanguage\":\"da-DK\",\"potentialAction\":[{\"@type\":\"ReadAction\",\"target\":[\"https:\/\/www.tattja.com\/product\/damske-oblecenie-ciapka-anja-horcicovo-zlta\/\"]}]},{\"@type\":\"ImageObject\",\"inLanguage\":\"da-DK\",\"@id\":\"https:\/\/www.tattja.com\/product\/damske-oblecenie-ciapka-anja-horcicovo-zlta\/#primaryimage\",\"url\":\"https:\/\/www.tattja.com\/wp-content\/uploads\/2026\/01\/horcicovo-zlty-ciapka-spredu-43.webp\",\"contentUrl\":\"https:\/\/www.tattja.com\/wp-content\/uploads\/2026\/01\/horcicovo-zlty-ciapka-spredu-43.webp\",\"width\":1365,\"height\":2048,\"caption\":\"Elegantn\u00e1 pleten\u00e1 \u010diapka ANJA v hor\u010dicovo-\u017eltom odtieni \u2013 TATTJA\"},{\"@type\":\"BreadcrumbList\",\"@id\":\"https:\/\/www.tattja.com\/product\/damske-oblecenie-ciapka-anja-horcicovo-zlta\/#breadcrumb\",\"itemListElement\":[{\"@type\":\"ListItem\",\"position\":1,\"name\":\"Domov\",\"item\":\"https:\/\/www.tattja.com\/\"},{\"@type\":\"ListItem\",\"position\":2,\"name\":\"Produkty\",\"item\":\"https:\/\/www.tattja.com\/damske-oblecenie-produkty\/\"},{\"@type\":\"ListItem\",\"position\":3,\"name\":\"D\u00e1mske oble\u010denie \u010diapka ANJA hor\u010dicovo-\u017elt\u00e1\"}]},{\"@type\":\"WebSite\",\"@id\":\"https:\/\/www.tattja.com\/#website\",\"url\":\"https:\/\/www.tattja.com\/\",\"name\":\"TATTJA\",\"description\":\"D\u00e1mske oble\u010denie z extra jemnej merino vlny \u2014 ru\u010dne pleten\u00e9 na Slovensku\",\"potentialAction\":[{\"@type\":\"SearchAction\",\"target\":{\"@type\":\"EntryPoint\",\"urlTemplate\":\"https:\/\/www.tattja.com\/?s={search_term_string}\"},\"query-input\":{\"@type\":\"PropertyValueSpecification\",\"valueRequired\":true,\"valueName\":\"search_term_string\"}}],\"inLanguage\":\"da-DK\"}]}<\/script>\n<!-- \/ Yoast SEO plugin. -->","yoast_head_json":{"title":"D\u00e1mske oble\u010denie \u010diapka ANJA hor\u010dicovo-\u017elt\u00e1 - TATTJA","description":"D\u00e1mske oble\u010denie \u010diapka ANJA hor\u010dicovo-\u017elt\u00e1 \u2013 hrejiv\u00e1 elegancia, jemn\u00e1 pletenina a \u017eiariv\u00fd odtie\u0148 pre \u017eeny, ktor\u00e9 miluj\u00fa \u0161t\u00fdl a pohodlie.","robots":{"index":"index","follow":"follow","max-snippet":"max-snippet:-1","max-image-preview":"max-image-preview:large","max-video-preview":"max-video-preview:-1"},"canonical":"https:\/\/www.tattja.com\/da\/product\/damske-oblecenie-ciapka-anja-horcicovo-zlta\/","og_locale":"da_DK","og_type":"article","og_title":"D\u00e1mske oble\u010denie \u010diapka ANJA hor\u010dicovo-\u017elt\u00e1 - TATTJA","og_description":"D\u00e1mske oble\u010denie \u010diapka ANJA hor\u010dicovo-\u017elt\u00e1 \u2013 hrejiv\u00e1 elegancia, jemn\u00e1 pletenina a \u017eiariv\u00fd odtie\u0148 pre \u017eeny, ktor\u00e9 miluj\u00fa \u0161t\u00fdl a pohodlie.","og_url":"https:\/\/www.tattja.com\/da\/product\/damske-oblecenie-ciapka-anja-horcicovo-zlta\/","og_site_name":"TATTJA","article_modified_time":"2026-04-05T17:45:08+00:00","og_image":[{"width":1365,"height":2048,"url":"https:\/\/www.tattja.com\/wp-content\/uploads\/2026\/01\/horcicovo-zlty-ciapka-spredu-43.webp","type":"image\/webp"}],"twitter_card":"summary_large_image","twitter_misc":{"Estimeret l\u00e6setid":"2 minutter"},"schema":{"@context":"https:\/\/schema.org","@graph":[{"@type":"WebPage","@id":"https:\/\/www.tattja.com\/product\/damske-oblecenie-ciapka-anja-horcicovo-zlta\/","url":"https:\/\/www.tattja.com\/product\/damske-oblecenie-ciapka-anja-horcicovo-zlta\/","name":"D\u00e1mske oble\u010denie \u010diapka ANJA hor\u010dicovo-\u017elt\u00e1 - TATTJA","isPartOf":{"@id":"https:\/\/www.tattja.com\/#website"},"primaryImageOfPage":{"@id":"https:\/\/www.tattja.com\/product\/damske-oblecenie-ciapka-anja-horcicovo-zlta\/#primaryimage"},"image":{"@id":"https:\/\/www.tattja.com\/product\/damske-oblecenie-ciapka-anja-horcicovo-zlta\/#primaryimage"},"thumbnailUrl":"https:\/\/www.tattja.com\/wp-content\/uploads\/2026\/01\/horcicovo-zlty-ciapka-spredu-43.webp","datePublished":"2025-08-06T05:25:38+00:00","dateModified":"2026-04-05T17:45:08+00:00","description":"D\u00e1mske oble\u010denie \u010diapka ANJA hor\u010dicovo-\u017elt\u00e1 \u2013 hrejiv\u00e1 elegancia, jemn\u00e1 pletenina a \u017eiariv\u00fd odtie\u0148 pre \u017eeny, ktor\u00e9 miluj\u00fa \u0161t\u00fdl a pohodlie.","breadcrumb":{"@id":"https:\/\/www.tattja.com\/product\/damske-oblecenie-ciapka-anja-horcicovo-zlta\/#breadcrumb"},"inLanguage":"da-DK","potentialAction":[{"@type":"ReadAction","target":["https:\/\/www.tattja.com\/product\/damske-oblecenie-ciapka-anja-horcicovo-zlta\/"]}]},{"@type":"ImageObject","inLanguage":"da-DK","@id":"https:\/\/www.tattja.com\/product\/damske-oblecenie-ciapka-anja-horcicovo-zlta\/#primaryimage","url":"https:\/\/www.tattja.com\/wp-content\/uploads\/2026\/01\/horcicovo-zlty-ciapka-spredu-43.webp","contentUrl":"https:\/\/www.tattja.com\/wp-content\/uploads\/2026\/01\/horcicovo-zlty-ciapka-spredu-43.webp","width":1365,"height":2048,"caption":"Elegantn\u00e1 pleten\u00e1 \u010diapka ANJA v hor\u010dicovo-\u017eltom odtieni \u2013 TATTJA"},{"@type":"BreadcrumbList","@id":"https:\/\/www.tattja.com\/product\/damske-oblecenie-ciapka-anja-horcicovo-zlta\/#breadcrumb","itemListElement":[{"@type":"ListItem","position":1,"name":"Domov","item":"https:\/\/www.tattja.com\/"},{"@type":"ListItem","position":2,"name":"Produkty","item":"https:\/\/www.tattja.com\/damske-oblecenie-produkty\/"},{"@type":"ListItem","position":3,"name":"D\u00e1mske oble\u010denie \u010diapka ANJA hor\u010dicovo-\u017elt\u00e1"}]},{"@type":"WebSite","@id":"https:\/\/www.tattja.com\/#website","url":"https:\/\/www.tattja.com\/","name":"TATTJA","description":"D\u00e1mske oble\u010denie z extra jemnej merino vlny \u2014 ru\u010dne pleten\u00e9 na Slovensku","potentialAction":[{"@type":"SearchAction","target":{"@type":"EntryPoint","urlTemplate":"https:\/\/www.tattja.com\/?s={search_term_string}"},"query-input":{"@type":"PropertyValueSpecification","valueRequired":true,"valueName":"search_term_string"}}],"inLanguage":"da-DK"}]}},"_links":{"self":[{"href":"https:\/\/www.tattja.com\/da\/wp-json\/wp\/v2\/product\/1824","targetHints":{"allow":["GET"]}}],"collection":[{"href":"https:\/\/www.tattja.com\/da\/wp-json\/wp\/v2\/product"}],"about":[{"href":"https:\/\/www.tattja.com\/da\/wp-json\/wp\/v2\/types\/product"}],"replies":[{"embeddable":true,"href":"https:\/\/www.tattja.com\/da\/wp-json\/wp\/v2\/comments?post=1824"}],"version-history":[{"count":6,"href":"https:\/\/www.tattja.com\/da\/wp-json\/wp\/v2\/product\/1824\/revisions"}],"predecessor-version":[{"id":2817,"href":"https:\/\/www.tattja.com\/da\/wp-json\/wp\/v2\/product\/1824\/revisions\/2817"}],"wp:featuredmedia":[{"embeddable":true,"href":"https:\/\/www.tattja.com\/da\/wp-json\/wp\/v2\/media\/7522"}],"wp:attachment":[{"href":"https:\/\/www.tattja.com\/da\/wp-json\/wp\/v2\/media?parent=1824"}],"wp:term":[{"taxonomy":"product_brand","embeddable":true,"href":"https:\/\/www.tattja.com\/da\/wp-json\/wp\/v2\/product_brand?post=1824"},{"taxonomy":"product_cat","embeddable":true,"href":"https:\/\/www.tattja.com\/da\/wp-json\/wp\/v2\/product_cat?post=1824"},{"taxonomy":"product_tag","embeddable":true,"href":"https:\/\/www.tattja.com\/da\/wp-json\/wp\/v2\/product_tag?post=1824"}],"curies":[{"name":"wp","href":"https:\/\/api.w.org\/{rel}","templated":true}]}}