{"id":1826,"date":"2025-08-06T07:26:53","date_gmt":"2025-08-06T05:26:53","guid":{"rendered":"https:\/\/www.tattja.com\/?post_type=product&#038;p=1826"},"modified":"2026-04-05T19:45:08","modified_gmt":"2026-04-05T17:45:08","slug":"damske-oblecenie-rukavniky-katja-horcicovo-zlte","status":"publish","type":"product","link":"https:\/\/www.tattja.com\/da\/product\/damske-oblecenie-rukavniky-katja-horcicovo-zlte\/","title":{"rendered":"\u00c6rmer til damet\u00f8j KATJA sennepsgul"},"content":{"rendered":"<p data-start=\"819\" data-end=\"1160\"><strong data-start=\"819\" data-end=\"870\">\u00c6rmer til damet\u00f8j KATJA sennepsgul<\/strong> er indbegrebet af mod, gl\u00e6de og feminin selvtillid. Denne originale accessory fra kollektionen <strong data-start=\"962\" data-end=\"972\">TATTJA<\/strong> kombinerer funktionalitet med elegance og g\u00f8r hverdagsoutfits til en stilfuld oplevelse. \u00c6rmerne giver varme, bl\u00f8dhed og et blidt kram til armene, samtidig med at de fremh\u00e6ver den enkelte kvindes s\u00e6rpr\u00e6g.<\/p>\n<p data-start=\"1162\" data-end=\"1492\">Den sennepsgule nuance giver energi og optimisme. Den ser frisk, dristig og alligevel harmonisk ud. Den skiller sig ud i kombination med neutrale toner som beige, gr\u00e5 eller sort, men kan ogs\u00e5 bruges som en dominerende accent. \u00c6rmer i denne farve er ideelle til kvinder, der ikke er bange for at udtrykke deres stil og fork\u00e6le sig selv med et strejf af originalitet.<\/p>\n<p data-start=\"1494\" data-end=\"1760\">Det strikkede stof er bl\u00f8dt, fleksibelt og behageligt at r\u00f8re ved. Den ribbede struktur tilpasser sig blidt til huden og g\u00f8r det behageligt at have p\u00e5 hele dagen. Hvert par armb\u00e5nd er omhyggeligt udformet med fokus p\u00e5 kvalitet, s\u00e5 de bevarer deres form og elegance selv efter lang tids brug.<\/p>\n<p data-start=\"1762\" data-end=\"2006\">Armb\u00e5nd til damet\u00f8j <strong data-start=\"1772\" data-end=\"1796\">KATJA sennepsgul<\/strong> de er perfekte til lag-p\u00e5-lag - du kan bruge dem alene eller i kombination med en halsvarmer, halsedisse eller kasket fra kollektionen <strong data-start=\"1926\" data-end=\"1936\">TATTJA<\/strong>. Sammen skaber de et harmonisk s\u00e6t, der kombinerer det praktiske med det \u00e6stetiske.<\/p>\n<p data-start=\"2008\" data-end=\"2113\">Oplev sk\u00f8nheden i delikatesse, sofistikerede detaljer og feminin stil, der vil holde dig varm og... <a href=\"http:\/\/D\u00e1mske oble\u010denie ruk\u00e1vniky KATJA hor\u010dicovo-\u017elt\u00e9 s\u00fa stelesnen\u00edm odvahy, radosti a \u017eensk\u00e9ho sebavedomia. Tento origin\u00e1lny doplnok z kolekcie TATTJA sp\u00e1ja funk\u010dnos\u0165 s eleganciou a z ka\u017edodenn\u00e9ho outfitu rob\u00ed \u0161t\u00fdlov\u00fd z\u00e1\u017eitok. Ruk\u00e1vniky poskytuj\u00fa teplo, m\u00e4kkos\u0165 a jemn\u00e9 objatie pre ruky, pri\u010dom zv\u00fdraz\u0148uj\u00fa osobit\u00fd charakter ka\u017edej \u017eeny. Hor\u010dicovo-\u017elt\u00fd odtie\u0148 prin\u00e1\u0161a energiu a optimizmus. P\u00f4sob\u00ed svie\u017eo, odv\u00e1\u017ene a pritom harmonicky. Vynikne v kombin\u00e1cii s neutr\u00e1lnymi t\u00f3nmi, ako s\u00fa b\u00e9\u017eov\u00e1, siv\u00e1 \u010di \u010dierna, no dok\u00e1\u017ee sa presadi\u0165 aj ako dominantn\u00fd akcent. Ruk\u00e1vniky v tejto farbe s\u00fa ide\u00e1lne pre \u017eeny, ktor\u00e9 sa neboja vyjadri\u0165 svoj \u0161t\u00fdl a dopria\u0165 si dotyk originality. Pletenina je m\u00e4kk\u00e1, pru\u017en\u00e1 a pr\u00edjemn\u00e1 na dotyk. Rebrovan\u00e1 \u0161trukt\u00fara jemne prilieha k poko\u017eke a umo\u017e\u0148uje pohodln\u00e9 nosenie po\u010das cel\u00e9ho d\u0148a. Ka\u017ed\u00fd p\u00e1r ruk\u00e1vnikov je prec\u00edzne vypracovan\u00fd s d\u00f4razom na kvalitu, aby si zachoval svoj tvar a eleganciu aj po dlh\u0161om nosen\u00ed. Ruk\u00e1vniky KATJA hor\u010dicovo-\u017elt\u00e9 sa dokonale hodia na vrstvenie \u2013 m\u00f4\u017eete ich nosi\u0165 samostatne alebo v kombin\u00e1cii s driekovn\u00edkom, n\u00e1kr\u010dn\u00edkom \u010di \u010diapkou z kolekcie TATTJA. Spolu vytvoria harmonick\u00fd set, ktor\u00fd sp\u00e1ja praktickos\u0165 a estetiku. Objavte kr\u00e1su jemnosti, prepracovan\u00fdch detailov a \u017eensk\u00e9ho \u0161t\u00fdlu, ktor\u00fd v\u00e1s zahreje aj v in\u00fdch farb\u00e1ch. Pozrite si, z ak\u00fdch materi\u00e1lov vyr\u00e1bame na\u0161e k\u00fasky a doprajte si dotyk kvality, luxusu a elegancie, ktor\u00e9 s\u00fa typick\u00e9 pre zna\u010dku TATTJA.\">i andre farver<\/a>.<\/p>\n<p data-start=\"2115\" data-end=\"2260\"><strong data-start=\"2115\" data-end=\"2169\">Se her, <a href=\"https:\/\/shop.bogensberger.co.at\/produkt-schlagwort\/merino-extrafein\/\">fra hvilke materialer<\/a> vi producerer vores v\u00e6rker<\/strong> og fork\u00e6l dig selv med et strejf af kvalitet, luksus og elegance, som er typisk for m\u00e6rket. <strong data-start=\"2247\" data-end=\"2257\">TATTJA<\/strong>.<\/p>","protected":false},"excerpt":{"rendered":"<p><strong data-start=\"629\" data-end=\"680\">\u00c6rmer til damet\u00f8j KATJA sennepsgul<\/strong> skiller sig ud med energi og stil. De tilf\u00f8rer livlighed, femininitet og varmende komfort i hver eneste bev\u00e6gelse.<\/p>","protected":false},"featured_media":7549,"comment_status":"open","ping_status":"closed","template":"","meta":[],"product_brand":[],"product_cat":[300,263,298,185,281,191],"product_tag":[],"class_list":{"0":"post-1826","1":"product","2":"type-product","3":"status-publish","4":"has-post-thumbnail","6":"product_cat-damske-oblecenie","7":"product_cat-jednotlive-doplnky-horcicovo-zlte","8":"product_cat-doplnky-jednotlivo","9":"product_cat-pleteninove-doplnky-horcicovo-zlte","10":"product_cat-rukavniky-2","11":"product_cat-rukavniky-horcicovo-zlte","13":"first","14":"instock","15":"taxable","16":"shipping-taxable","17":"purchasable","18":"product-type-simple"},"yoast_head":"<!-- This site is optimized with the Yoast SEO plugin v26.0 - https:\/\/yoast.com\/wordpress\/plugins\/seo\/ -->\n<title>D\u00e1mske oble\u010denie ruk\u00e1vniky KATJA hor\u010dicovo-\u017elt\u00e9 - TATTJA<\/title>\n<meta name=\"description\" content=\"D\u00e1mske oble\u010denie ruk\u00e1vniky KATJA hor\u010dicovo-\u017elt\u00e9 \u2013 \u017eiariv\u00fd doplnok, ktor\u00fd sp\u00e1ja pohodlie, eleganciu a \u0161t\u00fdl s hrejiv\u00fdm dotykom luxusu.\" \/>\n<meta name=\"robots\" content=\"index, follow, max-snippet:-1, max-image-preview:large, max-video-preview:-1\" \/>\n<link rel=\"canonical\" href=\"https:\/\/www.tattja.com\/da\/product\/damske-oblecenie-rukavniky-katja-horcicovo-zlte\/\" \/>\n<meta property=\"og:locale\" content=\"da_DK\" \/>\n<meta property=\"og:type\" content=\"article\" \/>\n<meta property=\"og:title\" content=\"D\u00e1mske oble\u010denie ruk\u00e1vniky KATJA hor\u010dicovo-\u017elt\u00e9 - TATTJA\" \/>\n<meta property=\"og:description\" content=\"D\u00e1mske oble\u010denie ruk\u00e1vniky KATJA hor\u010dicovo-\u017elt\u00e9 \u2013 \u017eiariv\u00fd doplnok, ktor\u00fd sp\u00e1ja pohodlie, eleganciu a \u0161t\u00fdl s hrejiv\u00fdm dotykom luxusu.\" \/>\n<meta property=\"og:url\" content=\"https:\/\/www.tattja.com\/da\/product\/damske-oblecenie-rukavniky-katja-horcicovo-zlte\/\" \/>\n<meta property=\"og:site_name\" content=\"TATTJA\" \/>\n<meta property=\"article:modified_time\" content=\"2026-04-05T17:45:08+00:00\" \/>\n<meta property=\"og:image\" content=\"https:\/\/www.tattja.com\/wp-content\/uploads\/2026\/01\/horcicovo-zlty-rukavniky-spredu-16.webp\" \/>\n\t<meta property=\"og:image:width\" content=\"1365\" \/>\n\t<meta property=\"og:image:height\" content=\"2048\" \/>\n\t<meta property=\"og:image:type\" content=\"image\/webp\" \/>\n<meta name=\"twitter:card\" content=\"summary_large_image\" \/>\n<meta name=\"twitter:label1\" content=\"Estimeret l\u00e6setid\" \/>\n\t<meta name=\"twitter:data1\" content=\"2 minutter\" \/>\n<script type=\"application\/ld+json\" class=\"yoast-schema-graph\">{\"@context\":\"https:\/\/schema.org\",\"@graph\":[{\"@type\":\"WebPage\",\"@id\":\"https:\/\/www.tattja.com\/product\/damske-oblecenie-rukavniky-katja-horcicovo-zlte\/\",\"url\":\"https:\/\/www.tattja.com\/product\/damske-oblecenie-rukavniky-katja-horcicovo-zlte\/\",\"name\":\"D\u00e1mske oble\u010denie ruk\u00e1vniky KATJA hor\u010dicovo-\u017elt\u00e9 - TATTJA\",\"isPartOf\":{\"@id\":\"https:\/\/www.tattja.com\/#website\"},\"primaryImageOfPage\":{\"@id\":\"https:\/\/www.tattja.com\/product\/damske-oblecenie-rukavniky-katja-horcicovo-zlte\/#primaryimage\"},\"image\":{\"@id\":\"https:\/\/www.tattja.com\/product\/damske-oblecenie-rukavniky-katja-horcicovo-zlte\/#primaryimage\"},\"thumbnailUrl\":\"https:\/\/www.tattja.com\/wp-content\/uploads\/2026\/01\/horcicovo-zlty-rukavniky-spredu-16.webp\",\"datePublished\":\"2025-08-06T05:26:53+00:00\",\"dateModified\":\"2026-04-05T17:45:08+00:00\",\"description\":\"D\u00e1mske oble\u010denie ruk\u00e1vniky KATJA hor\u010dicovo-\u017elt\u00e9 \u2013 \u017eiariv\u00fd doplnok, ktor\u00fd sp\u00e1ja pohodlie, eleganciu a \u0161t\u00fdl s hrejiv\u00fdm dotykom luxusu.\",\"breadcrumb\":{\"@id\":\"https:\/\/www.tattja.com\/product\/damske-oblecenie-rukavniky-katja-horcicovo-zlte\/#breadcrumb\"},\"inLanguage\":\"da-DK\",\"potentialAction\":[{\"@type\":\"ReadAction\",\"target\":[\"https:\/\/www.tattja.com\/product\/damske-oblecenie-rukavniky-katja-horcicovo-zlte\/\"]}]},{\"@type\":\"ImageObject\",\"inLanguage\":\"da-DK\",\"@id\":\"https:\/\/www.tattja.com\/product\/damske-oblecenie-rukavniky-katja-horcicovo-zlte\/#primaryimage\",\"url\":\"https:\/\/www.tattja.com\/wp-content\/uploads\/2026\/01\/horcicovo-zlty-rukavniky-spredu-16.webp\",\"contentUrl\":\"https:\/\/www.tattja.com\/wp-content\/uploads\/2026\/01\/horcicovo-zlty-rukavniky-spredu-16.webp\",\"width\":1365,\"height\":2048,\"caption\":\"Elegantn\u00e9 pleten\u00e9 ruk\u00e1vniky KATJA v hor\u010dicovo-\u017eltom odtieni \u2013 TATTJA\"},{\"@type\":\"BreadcrumbList\",\"@id\":\"https:\/\/www.tattja.com\/product\/damske-oblecenie-rukavniky-katja-horcicovo-zlte\/#breadcrumb\",\"itemListElement\":[{\"@type\":\"ListItem\",\"position\":1,\"name\":\"Domov\",\"item\":\"https:\/\/www.tattja.com\/\"},{\"@type\":\"ListItem\",\"position\":2,\"name\":\"Produkty\",\"item\":\"https:\/\/www.tattja.com\/damske-oblecenie-produkty\/\"},{\"@type\":\"ListItem\",\"position\":3,\"name\":\"D\u00e1mske oble\u010denie ruk\u00e1vniky KATJA hor\u010dicovo-\u017elt\u00e9\"}]},{\"@type\":\"WebSite\",\"@id\":\"https:\/\/www.tattja.com\/#website\",\"url\":\"https:\/\/www.tattja.com\/\",\"name\":\"TATTJA\",\"description\":\"D\u00e1mske oble\u010denie z extra jemnej merino vlny \u2014 ru\u010dne pleten\u00e9 na Slovensku\",\"potentialAction\":[{\"@type\":\"SearchAction\",\"target\":{\"@type\":\"EntryPoint\",\"urlTemplate\":\"https:\/\/www.tattja.com\/?s={search_term_string}\"},\"query-input\":{\"@type\":\"PropertyValueSpecification\",\"valueRequired\":true,\"valueName\":\"search_term_string\"}}],\"inLanguage\":\"da-DK\"}]}<\/script>\n<!-- \/ Yoast SEO plugin. -->","yoast_head_json":{"title":"D\u00e1mske oble\u010denie ruk\u00e1vniky KATJA hor\u010dicovo-\u017elt\u00e9 - TATTJA","description":"D\u00e1mske oble\u010denie ruk\u00e1vniky KATJA hor\u010dicovo-\u017elt\u00e9 \u2013 \u017eiariv\u00fd doplnok, ktor\u00fd sp\u00e1ja pohodlie, eleganciu a \u0161t\u00fdl s hrejiv\u00fdm dotykom luxusu.","robots":{"index":"index","follow":"follow","max-snippet":"max-snippet:-1","max-image-preview":"max-image-preview:large","max-video-preview":"max-video-preview:-1"},"canonical":"https:\/\/www.tattja.com\/da\/product\/damske-oblecenie-rukavniky-katja-horcicovo-zlte\/","og_locale":"da_DK","og_type":"article","og_title":"D\u00e1mske oble\u010denie ruk\u00e1vniky KATJA hor\u010dicovo-\u017elt\u00e9 - TATTJA","og_description":"D\u00e1mske oble\u010denie ruk\u00e1vniky KATJA hor\u010dicovo-\u017elt\u00e9 \u2013 \u017eiariv\u00fd doplnok, ktor\u00fd sp\u00e1ja pohodlie, eleganciu a \u0161t\u00fdl s hrejiv\u00fdm dotykom luxusu.","og_url":"https:\/\/www.tattja.com\/da\/product\/damske-oblecenie-rukavniky-katja-horcicovo-zlte\/","og_site_name":"TATTJA","article_modified_time":"2026-04-05T17:45:08+00:00","og_image":[{"width":1365,"height":2048,"url":"https:\/\/www.tattja.com\/wp-content\/uploads\/2026\/01\/horcicovo-zlty-rukavniky-spredu-16.webp","type":"image\/webp"}],"twitter_card":"summary_large_image","twitter_misc":{"Estimeret l\u00e6setid":"2 minutter"},"schema":{"@context":"https:\/\/schema.org","@graph":[{"@type":"WebPage","@id":"https:\/\/www.tattja.com\/product\/damske-oblecenie-rukavniky-katja-horcicovo-zlte\/","url":"https:\/\/www.tattja.com\/product\/damske-oblecenie-rukavniky-katja-horcicovo-zlte\/","name":"D\u00e1mske oble\u010denie ruk\u00e1vniky KATJA hor\u010dicovo-\u017elt\u00e9 - TATTJA","isPartOf":{"@id":"https:\/\/www.tattja.com\/#website"},"primaryImageOfPage":{"@id":"https:\/\/www.tattja.com\/product\/damske-oblecenie-rukavniky-katja-horcicovo-zlte\/#primaryimage"},"image":{"@id":"https:\/\/www.tattja.com\/product\/damske-oblecenie-rukavniky-katja-horcicovo-zlte\/#primaryimage"},"thumbnailUrl":"https:\/\/www.tattja.com\/wp-content\/uploads\/2026\/01\/horcicovo-zlty-rukavniky-spredu-16.webp","datePublished":"2025-08-06T05:26:53+00:00","dateModified":"2026-04-05T17:45:08+00:00","description":"D\u00e1mske oble\u010denie ruk\u00e1vniky KATJA hor\u010dicovo-\u017elt\u00e9 \u2013 \u017eiariv\u00fd doplnok, ktor\u00fd sp\u00e1ja pohodlie, eleganciu a \u0161t\u00fdl s hrejiv\u00fdm dotykom luxusu.","breadcrumb":{"@id":"https:\/\/www.tattja.com\/product\/damske-oblecenie-rukavniky-katja-horcicovo-zlte\/#breadcrumb"},"inLanguage":"da-DK","potentialAction":[{"@type":"ReadAction","target":["https:\/\/www.tattja.com\/product\/damske-oblecenie-rukavniky-katja-horcicovo-zlte\/"]}]},{"@type":"ImageObject","inLanguage":"da-DK","@id":"https:\/\/www.tattja.com\/product\/damske-oblecenie-rukavniky-katja-horcicovo-zlte\/#primaryimage","url":"https:\/\/www.tattja.com\/wp-content\/uploads\/2026\/01\/horcicovo-zlty-rukavniky-spredu-16.webp","contentUrl":"https:\/\/www.tattja.com\/wp-content\/uploads\/2026\/01\/horcicovo-zlty-rukavniky-spredu-16.webp","width":1365,"height":2048,"caption":"Elegantn\u00e9 pleten\u00e9 ruk\u00e1vniky KATJA v hor\u010dicovo-\u017eltom odtieni \u2013 TATTJA"},{"@type":"BreadcrumbList","@id":"https:\/\/www.tattja.com\/product\/damske-oblecenie-rukavniky-katja-horcicovo-zlte\/#breadcrumb","itemListElement":[{"@type":"ListItem","position":1,"name":"Domov","item":"https:\/\/www.tattja.com\/"},{"@type":"ListItem","position":2,"name":"Produkty","item":"https:\/\/www.tattja.com\/damske-oblecenie-produkty\/"},{"@type":"ListItem","position":3,"name":"D\u00e1mske oble\u010denie ruk\u00e1vniky KATJA hor\u010dicovo-\u017elt\u00e9"}]},{"@type":"WebSite","@id":"https:\/\/www.tattja.com\/#website","url":"https:\/\/www.tattja.com\/","name":"TATTJA","description":"D\u00e1mske oble\u010denie z extra jemnej merino vlny \u2014 ru\u010dne pleten\u00e9 na Slovensku","potentialAction":[{"@type":"SearchAction","target":{"@type":"EntryPoint","urlTemplate":"https:\/\/www.tattja.com\/?s={search_term_string}"},"query-input":{"@type":"PropertyValueSpecification","valueRequired":true,"valueName":"search_term_string"}}],"inLanguage":"da-DK"}]}},"_links":{"self":[{"href":"https:\/\/www.tattja.com\/da\/wp-json\/wp\/v2\/product\/1826","targetHints":{"allow":["GET"]}}],"collection":[{"href":"https:\/\/www.tattja.com\/da\/wp-json\/wp\/v2\/product"}],"about":[{"href":"https:\/\/www.tattja.com\/da\/wp-json\/wp\/v2\/types\/product"}],"replies":[{"embeddable":true,"href":"https:\/\/www.tattja.com\/da\/wp-json\/wp\/v2\/comments?post=1826"}],"version-history":[{"count":6,"href":"https:\/\/www.tattja.com\/da\/wp-json\/wp\/v2\/product\/1826\/revisions"}],"predecessor-version":[{"id":5894,"href":"https:\/\/www.tattja.com\/da\/wp-json\/wp\/v2\/product\/1826\/revisions\/5894"}],"wp:featuredmedia":[{"embeddable":true,"href":"https:\/\/www.tattja.com\/da\/wp-json\/wp\/v2\/media\/7549"}],"wp:attachment":[{"href":"https:\/\/www.tattja.com\/da\/wp-json\/wp\/v2\/media?parent=1826"}],"wp:term":[{"taxonomy":"product_brand","embeddable":true,"href":"https:\/\/www.tattja.com\/da\/wp-json\/wp\/v2\/product_brand?post=1826"},{"taxonomy":"product_cat","embeddable":true,"href":"https:\/\/www.tattja.com\/da\/wp-json\/wp\/v2\/product_cat?post=1826"},{"taxonomy":"product_tag","embeddable":true,"href":"https:\/\/www.tattja.com\/da\/wp-json\/wp\/v2\/product_tag?post=1826"}],"curies":[{"name":"wp","href":"https:\/\/api.w.org\/{rel}","templated":true}]}}