{"id":1828,"date":"2025-08-06T07:29:40","date_gmt":"2025-08-06T05:29:40","guid":{"rendered":"https:\/\/www.tattja.com\/?post_type=product&#038;p=1828"},"modified":"2026-04-05T19:45:08","modified_gmt":"2026-04-05T17:45:08","slug":"damske-oblecenie-driekovnik-natasja-horcicovo-zlty","status":"publish","type":"product","link":"https:\/\/www.tattja.com\/da\/product\/damske-oblecenie-driekovnik-natasja-horcicovo-zlty\/","title":{"rendered":"Damet\u00f8jsskjorte NATASJA sennepsgul"},"content":{"rendered":"<p data-start=\"893\" data-end=\"1171\"><strong data-start=\"893\" data-end=\"947\">Damet\u00f8jsskjorte NATASJA sennepsgul<\/strong> er et originalt strikket tilbeh\u00f8r, der kombinerer funktionalitet, komfort og enest\u00e5ende stil. Dette elegante stykke fra kollektionen <strong data-start=\"1064\" data-end=\"1074\">TATTJA<\/strong> Den smyger sig blidt om taljen og giver en f\u00f8lelse af varmende komfort, samtidig med at den fungerer som et moderne modeindslag.<\/p>\n<p data-start=\"1173\" data-end=\"1519\">Den sennepsgule farve udstr\u00e5ler energi, optimisme og friskhed. Den fremkalder varmen fra solens str\u00e5ler, der lyser op hver dag. Denne dristige nuance tilf\u00f8rer et outfit en unik karakter, der tiltr\u00e6kker opm\u00e6rksomhed og fremh\u00e6ver en kvindes naturlige silhuet. Kombineret med det minimalistiske design skaber det en afbalanceret helhed, der ser moderne og sofistikeret ud.<\/p>\n<p data-start=\"1521\" data-end=\"1954\">Den ribbede struktur i strikken tilpasser sig blidt til figuren og fremh\u00e6ver kroppens yndefulde linjer. Materialet giver enest\u00e5ende varme, samtidig med at det er \u00e5ndbart og bl\u00f8dt. Denne shrug kan b\u00e6res som et stilfuldt enkeltst\u00e5ende tilbeh\u00f8r eller kombineres med en skjorte, sweater eller frakke. Den passer ogs\u00e5 godt sammen med andre dele af kollektionen <strong data-start=\"1836\" data-end=\"1846\">TATTJA<\/strong>, som armb\u00e5nd, huer eller halst\u00f8rkl\u00e6der, som tilsammen skaber et gennemt\u00e6nkt outfit med sin egen karakter.<\/p>\n<p data-start=\"1956\" data-end=\"2094\">Damet\u00f8jsskjorte NATASJA sennepsgul har vi designet til kvinder, der kan lide at kombinere komfort med luksus. S\u00e5 du kan udtrykke din karakteristiske stil i hvert \u00f8jeblik.<\/p>\n<p data-start=\"2096\" data-end=\"2201\">Oplev sk\u00f8nheden i delikatesse, sofistikerede detaljer og feminin stil, der vil holde dig varm og... <a href=\"https:\/\/www.tattja.com\/da\/product-category\/damske-oblecenie\/doplnky-jednotlivo\/driekovniky\/\">i andre farver.<\/a><\/p>\n<p data-start=\"2203\" data-end=\"2330\"><strong data-start=\"2203\" data-end=\"2257\">Se her, <a href=\"https:\/\/shop.bogensberger.co.at\/produkt-schlagwort\/merino-extrafein\/\">fra hvilke materialer<\/a> vi producerer vores v\u00e6rker<\/strong> og fork\u00e6l dig selv med et strejf af kvalitet, varme og elegance fra m\u00e6rket <strong data-start=\"2317\" data-end=\"2327\">TATTJA<\/strong>.<\/p>","protected":false},"excerpt":{"rendered":"<p><strong data-start=\"674\" data-end=\"728\">Damet\u00f8jsskjorte NATASJA sennepsgul<\/strong> kombinerer funktionalitet, elegance og varme. Den fungerer som en stilfuld accent, der lyser op i et outfit og fremh\u00e6ver feminine linjer.<\/p>","protected":false},"featured_media":7525,"comment_status":"open","ping_status":"closed","template":"","meta":[],"product_brand":[],"product_cat":[300,263,298,190,280,185],"product_tag":[],"class_list":{"0":"post-1828","1":"product","2":"type-product","3":"status-publish","4":"has-post-thumbnail","6":"product_cat-damske-oblecenie","7":"product_cat-jednotlive-doplnky-horcicovo-zlte","8":"product_cat-doplnky-jednotlivo","9":"product_cat-driekovnik-horcicovo-zlty","10":"product_cat-driekovniky","11":"product_cat-pleteninove-doplnky-horcicovo-zlte","13":"first","14":"instock","15":"taxable","16":"shipping-taxable","17":"purchasable","18":"product-type-simple"},"yoast_head":"<!-- This site is optimized with the Yoast SEO plugin v26.0 - https:\/\/yoast.com\/wordpress\/plugins\/seo\/ -->\n<title>D\u00e1mske oble\u010denie driekovn\u00edk NATASJA hor\u010dicovo-\u017elt\u00fd - TATTJA<\/title>\n<meta name=\"description\" content=\"D\u00e1mske oble\u010denie driekovn\u00edk NATASJA hor\u010dicovo-\u017elt\u00fd \u2013 elegantn\u00fd pleten\u00fd doplnok, ktor\u00fd zahreje, zv\u00fdrazn\u00ed p\u00e1s a dod\u00e1 outfitu hrejiv\u00fd luxus a \u0161t\u00fdl.\" \/>\n<meta name=\"robots\" content=\"index, follow, max-snippet:-1, max-image-preview:large, max-video-preview:-1\" \/>\n<link rel=\"canonical\" href=\"https:\/\/www.tattja.com\/da\/product\/damske-oblecenie-driekovnik-natasja-horcicovo-zlty\/\" \/>\n<meta property=\"og:locale\" content=\"da_DK\" \/>\n<meta property=\"og:type\" content=\"article\" \/>\n<meta property=\"og:title\" content=\"D\u00e1mske oble\u010denie driekovn\u00edk NATASJA hor\u010dicovo-\u017elt\u00fd - TATTJA\" \/>\n<meta property=\"og:description\" content=\"D\u00e1mske oble\u010denie driekovn\u00edk NATASJA hor\u010dicovo-\u017elt\u00fd \u2013 elegantn\u00fd pleten\u00fd doplnok, ktor\u00fd zahreje, zv\u00fdrazn\u00ed p\u00e1s a dod\u00e1 outfitu hrejiv\u00fd luxus a \u0161t\u00fdl.\" \/>\n<meta property=\"og:url\" content=\"https:\/\/www.tattja.com\/da\/product\/damske-oblecenie-driekovnik-natasja-horcicovo-zlty\/\" \/>\n<meta property=\"og:site_name\" content=\"TATTJA\" \/>\n<meta property=\"article:modified_time\" content=\"2026-04-05T17:45:08+00:00\" \/>\n<meta property=\"og:image\" content=\"https:\/\/www.tattja.com\/wp-content\/uploads\/2026\/01\/horcicovo-zlty-driekovnik-spredu-37.webp\" \/>\n\t<meta property=\"og:image:width\" content=\"1365\" \/>\n\t<meta property=\"og:image:height\" content=\"2048\" \/>\n\t<meta property=\"og:image:type\" content=\"image\/webp\" \/>\n<meta name=\"twitter:card\" content=\"summary_large_image\" \/>\n<meta name=\"twitter:label1\" content=\"Estimeret l\u00e6setid\" \/>\n\t<meta name=\"twitter:data1\" content=\"2 minutter\" \/>\n<script type=\"application\/ld+json\" class=\"yoast-schema-graph\">{\"@context\":\"https:\/\/schema.org\",\"@graph\":[{\"@type\":\"WebPage\",\"@id\":\"https:\/\/www.tattja.com\/product\/damske-oblecenie-driekovnik-natasja-horcicovo-zlty\/\",\"url\":\"https:\/\/www.tattja.com\/product\/damske-oblecenie-driekovnik-natasja-horcicovo-zlty\/\",\"name\":\"D\u00e1mske oble\u010denie driekovn\u00edk NATASJA hor\u010dicovo-\u017elt\u00fd - TATTJA\",\"isPartOf\":{\"@id\":\"https:\/\/www.tattja.com\/#website\"},\"primaryImageOfPage\":{\"@id\":\"https:\/\/www.tattja.com\/product\/damske-oblecenie-driekovnik-natasja-horcicovo-zlty\/#primaryimage\"},\"image\":{\"@id\":\"https:\/\/www.tattja.com\/product\/damske-oblecenie-driekovnik-natasja-horcicovo-zlty\/#primaryimage\"},\"thumbnailUrl\":\"https:\/\/www.tattja.com\/wp-content\/uploads\/2026\/01\/horcicovo-zlty-driekovnik-spredu-37.webp\",\"datePublished\":\"2025-08-06T05:29:40+00:00\",\"dateModified\":\"2026-04-05T17:45:08+00:00\",\"description\":\"D\u00e1mske oble\u010denie driekovn\u00edk NATASJA hor\u010dicovo-\u017elt\u00fd \u2013 elegantn\u00fd pleten\u00fd doplnok, ktor\u00fd zahreje, zv\u00fdrazn\u00ed p\u00e1s a dod\u00e1 outfitu hrejiv\u00fd luxus a \u0161t\u00fdl.\",\"breadcrumb\":{\"@id\":\"https:\/\/www.tattja.com\/product\/damske-oblecenie-driekovnik-natasja-horcicovo-zlty\/#breadcrumb\"},\"inLanguage\":\"da-DK\",\"potentialAction\":[{\"@type\":\"ReadAction\",\"target\":[\"https:\/\/www.tattja.com\/product\/damske-oblecenie-driekovnik-natasja-horcicovo-zlty\/\"]}]},{\"@type\":\"ImageObject\",\"inLanguage\":\"da-DK\",\"@id\":\"https:\/\/www.tattja.com\/product\/damske-oblecenie-driekovnik-natasja-horcicovo-zlty\/#primaryimage\",\"url\":\"https:\/\/www.tattja.com\/wp-content\/uploads\/2026\/01\/horcicovo-zlty-driekovnik-spredu-37.webp\",\"contentUrl\":\"https:\/\/www.tattja.com\/wp-content\/uploads\/2026\/01\/horcicovo-zlty-driekovnik-spredu-37.webp\",\"width\":1365,\"height\":2048,\"caption\":\"Elegantn\u00fd pleten\u00fd driekovn\u00edk NATASJA v hor\u010dicovo-\u017eltom odtieni \u2013 TATTJA\"},{\"@type\":\"BreadcrumbList\",\"@id\":\"https:\/\/www.tattja.com\/product\/damske-oblecenie-driekovnik-natasja-horcicovo-zlty\/#breadcrumb\",\"itemListElement\":[{\"@type\":\"ListItem\",\"position\":1,\"name\":\"Domov\",\"item\":\"https:\/\/www.tattja.com\/\"},{\"@type\":\"ListItem\",\"position\":2,\"name\":\"Produkty\",\"item\":\"https:\/\/www.tattja.com\/damske-oblecenie-produkty\/\"},{\"@type\":\"ListItem\",\"position\":3,\"name\":\"D\u00e1mske oble\u010denie driekovn\u00edk NATASJA hor\u010dicovo-\u017elt\u00fd\"}]},{\"@type\":\"WebSite\",\"@id\":\"https:\/\/www.tattja.com\/#website\",\"url\":\"https:\/\/www.tattja.com\/\",\"name\":\"TATTJA\",\"description\":\"D\u00e1mske oble\u010denie z extra jemnej merino vlny \u2014 ru\u010dne pleten\u00e9 na Slovensku\",\"potentialAction\":[{\"@type\":\"SearchAction\",\"target\":{\"@type\":\"EntryPoint\",\"urlTemplate\":\"https:\/\/www.tattja.com\/?s={search_term_string}\"},\"query-input\":{\"@type\":\"PropertyValueSpecification\",\"valueRequired\":true,\"valueName\":\"search_term_string\"}}],\"inLanguage\":\"da-DK\"}]}<\/script>\n<!-- \/ Yoast SEO plugin. -->","yoast_head_json":{"title":"D\u00e1mske oble\u010denie driekovn\u00edk NATASJA hor\u010dicovo-\u017elt\u00fd - TATTJA","description":"D\u00e1mske oble\u010denie driekovn\u00edk NATASJA hor\u010dicovo-\u017elt\u00fd \u2013 elegantn\u00fd pleten\u00fd doplnok, ktor\u00fd zahreje, zv\u00fdrazn\u00ed p\u00e1s a dod\u00e1 outfitu hrejiv\u00fd luxus a \u0161t\u00fdl.","robots":{"index":"index","follow":"follow","max-snippet":"max-snippet:-1","max-image-preview":"max-image-preview:large","max-video-preview":"max-video-preview:-1"},"canonical":"https:\/\/www.tattja.com\/da\/product\/damske-oblecenie-driekovnik-natasja-horcicovo-zlty\/","og_locale":"da_DK","og_type":"article","og_title":"D\u00e1mske oble\u010denie driekovn\u00edk NATASJA hor\u010dicovo-\u017elt\u00fd - TATTJA","og_description":"D\u00e1mske oble\u010denie driekovn\u00edk NATASJA hor\u010dicovo-\u017elt\u00fd \u2013 elegantn\u00fd pleten\u00fd doplnok, ktor\u00fd zahreje, zv\u00fdrazn\u00ed p\u00e1s a dod\u00e1 outfitu hrejiv\u00fd luxus a \u0161t\u00fdl.","og_url":"https:\/\/www.tattja.com\/da\/product\/damske-oblecenie-driekovnik-natasja-horcicovo-zlty\/","og_site_name":"TATTJA","article_modified_time":"2026-04-05T17:45:08+00:00","og_image":[{"width":1365,"height":2048,"url":"https:\/\/www.tattja.com\/wp-content\/uploads\/2026\/01\/horcicovo-zlty-driekovnik-spredu-37.webp","type":"image\/webp"}],"twitter_card":"summary_large_image","twitter_misc":{"Estimeret l\u00e6setid":"2 minutter"},"schema":{"@context":"https:\/\/schema.org","@graph":[{"@type":"WebPage","@id":"https:\/\/www.tattja.com\/product\/damske-oblecenie-driekovnik-natasja-horcicovo-zlty\/","url":"https:\/\/www.tattja.com\/product\/damske-oblecenie-driekovnik-natasja-horcicovo-zlty\/","name":"D\u00e1mske oble\u010denie driekovn\u00edk NATASJA hor\u010dicovo-\u017elt\u00fd - TATTJA","isPartOf":{"@id":"https:\/\/www.tattja.com\/#website"},"primaryImageOfPage":{"@id":"https:\/\/www.tattja.com\/product\/damske-oblecenie-driekovnik-natasja-horcicovo-zlty\/#primaryimage"},"image":{"@id":"https:\/\/www.tattja.com\/product\/damske-oblecenie-driekovnik-natasja-horcicovo-zlty\/#primaryimage"},"thumbnailUrl":"https:\/\/www.tattja.com\/wp-content\/uploads\/2026\/01\/horcicovo-zlty-driekovnik-spredu-37.webp","datePublished":"2025-08-06T05:29:40+00:00","dateModified":"2026-04-05T17:45:08+00:00","description":"D\u00e1mske oble\u010denie driekovn\u00edk NATASJA hor\u010dicovo-\u017elt\u00fd \u2013 elegantn\u00fd pleten\u00fd doplnok, ktor\u00fd zahreje, zv\u00fdrazn\u00ed p\u00e1s a dod\u00e1 outfitu hrejiv\u00fd luxus a \u0161t\u00fdl.","breadcrumb":{"@id":"https:\/\/www.tattja.com\/product\/damske-oblecenie-driekovnik-natasja-horcicovo-zlty\/#breadcrumb"},"inLanguage":"da-DK","potentialAction":[{"@type":"ReadAction","target":["https:\/\/www.tattja.com\/product\/damske-oblecenie-driekovnik-natasja-horcicovo-zlty\/"]}]},{"@type":"ImageObject","inLanguage":"da-DK","@id":"https:\/\/www.tattja.com\/product\/damske-oblecenie-driekovnik-natasja-horcicovo-zlty\/#primaryimage","url":"https:\/\/www.tattja.com\/wp-content\/uploads\/2026\/01\/horcicovo-zlty-driekovnik-spredu-37.webp","contentUrl":"https:\/\/www.tattja.com\/wp-content\/uploads\/2026\/01\/horcicovo-zlty-driekovnik-spredu-37.webp","width":1365,"height":2048,"caption":"Elegantn\u00fd pleten\u00fd driekovn\u00edk NATASJA v hor\u010dicovo-\u017eltom odtieni \u2013 TATTJA"},{"@type":"BreadcrumbList","@id":"https:\/\/www.tattja.com\/product\/damske-oblecenie-driekovnik-natasja-horcicovo-zlty\/#breadcrumb","itemListElement":[{"@type":"ListItem","position":1,"name":"Domov","item":"https:\/\/www.tattja.com\/"},{"@type":"ListItem","position":2,"name":"Produkty","item":"https:\/\/www.tattja.com\/damske-oblecenie-produkty\/"},{"@type":"ListItem","position":3,"name":"D\u00e1mske oble\u010denie driekovn\u00edk NATASJA hor\u010dicovo-\u017elt\u00fd"}]},{"@type":"WebSite","@id":"https:\/\/www.tattja.com\/#website","url":"https:\/\/www.tattja.com\/","name":"TATTJA","description":"D\u00e1mske oble\u010denie z extra jemnej merino vlny \u2014 ru\u010dne pleten\u00e9 na Slovensku","potentialAction":[{"@type":"SearchAction","target":{"@type":"EntryPoint","urlTemplate":"https:\/\/www.tattja.com\/?s={search_term_string}"},"query-input":{"@type":"PropertyValueSpecification","valueRequired":true,"valueName":"search_term_string"}}],"inLanguage":"da-DK"}]}},"_links":{"self":[{"href":"https:\/\/www.tattja.com\/da\/wp-json\/wp\/v2\/product\/1828","targetHints":{"allow":["GET"]}}],"collection":[{"href":"https:\/\/www.tattja.com\/da\/wp-json\/wp\/v2\/product"}],"about":[{"href":"https:\/\/www.tattja.com\/da\/wp-json\/wp\/v2\/types\/product"}],"replies":[{"embeddable":true,"href":"https:\/\/www.tattja.com\/da\/wp-json\/wp\/v2\/comments?post=1828"}],"version-history":[{"count":6,"href":"https:\/\/www.tattja.com\/da\/wp-json\/wp\/v2\/product\/1828\/revisions"}],"predecessor-version":[{"id":5867,"href":"https:\/\/www.tattja.com\/da\/wp-json\/wp\/v2\/product\/1828\/revisions\/5867"}],"wp:featuredmedia":[{"embeddable":true,"href":"https:\/\/www.tattja.com\/da\/wp-json\/wp\/v2\/media\/7525"}],"wp:attachment":[{"href":"https:\/\/www.tattja.com\/da\/wp-json\/wp\/v2\/media?parent=1828"}],"wp:term":[{"taxonomy":"product_brand","embeddable":true,"href":"https:\/\/www.tattja.com\/da\/wp-json\/wp\/v2\/product_brand?post=1828"},{"taxonomy":"product_cat","embeddable":true,"href":"https:\/\/www.tattja.com\/da\/wp-json\/wp\/v2\/product_cat?post=1828"},{"taxonomy":"product_tag","embeddable":true,"href":"https:\/\/www.tattja.com\/da\/wp-json\/wp\/v2\/product_tag?post=1828"}],"curies":[{"name":"wp","href":"https:\/\/api.w.org\/{rel}","templated":true}]}}