{"id":1836,"date":"2025-08-06T07:39:29","date_gmt":"2025-08-06T05:39:29","guid":{"rendered":"https:\/\/www.tattja.com\/?post_type=product&#038;p=1836"},"modified":"2026-04-05T19:45:07","modified_gmt":"2026-04-05T17:45:07","slug":"damske-oblecenie-dvojset-rigmor-horcicovo-zlty","status":"publish","type":"product","link":"https:\/\/www.tattja.com\/da\/product\/damske-oblecenie-dvojset-rigmor-horcicovo-zlty\/","title":{"rendered":"D\u00e1mske oble\u010denie 2-set RIGMOR hor\u010dicovo-\u017elt\u00fd"},"content":{"rendered":"<p data-start=\"852\" data-end=\"1197\"><strong data-start=\"852\" data-end=\"902\">Dobbelt s\u00e6t damet\u00f8j RIGMOR sennepsgul<\/strong> kombinerer livlighed, femininitet og tidl\u00f8s elegance i \u00e9n og samme model. Dette dobbelts\u00e6t med hals og \u00e6rmer tilbyder en kombination af komfort, stil og luksuri\u00f8st design. Den bl\u00f8de ribstrik smyger sig let om kroppen og giver varme p\u00e5 k\u00f8lige dage, samtidig med at den ser elegant og sofistikeret ud.<\/p>\n<p data-start=\"1199\" data-end=\"1467\">Den sennepsgule farve udstr\u00e5ler varme, optimisme og selvtillid. Den tilf\u00f8jer en unik accent til et outfit, giver liv til neutrale nuancer og fremh\u00e6ver enhver kvindes naturlige ynde. Denne nuance er en af de mest markante farver i TATTJA-kollektionen og ser frisk, energisk og moderne ud.<\/p>\n<p data-start=\"1469\" data-end=\"1707\">Halsb\u00e5ndet smyger sig om skuldre og nakke og skaber en behagelig f\u00f8lelse af komfort, mens \u00e6rmerne forl\u00e6nger armene og tilf\u00f8jer b\u00e5de funktionalitet og elegance til outfittet. Hvert element i doublen er designet med fokus p\u00e5 detaljer, kvalitet og feminin udstr\u00e5ling.<\/p>\n<p data-start=\"1709\" data-end=\"2032\">Det sennepsgule RIGMOR-dobbelts\u00e6t til kvinder er alsidigt og originalt - du kan bruge det alene eller kombinere det med andre dele fra TATTJA-kollektionen, f.eks. et sjal eller en kasket, for at skabe et perfekt koordineret s\u00e6t med tre eller fire dele. Det er ideelt til kvinder, der elsker unikt tilbeh\u00f8r og \u00f8nsker at kombinere funktionalitet med elegance.<\/p>\n<p data-start=\"2034\" data-end=\"2278\">Oplev sk\u00f8nheden i delikatesse, sofistikerede detaljer og feminin stil, der vil holde dig varm og... <a href=\"https:\/\/www.tattja.com\/da\/product-category\/damske-oblecenie\/dvojsety\/nakrcnik-a-rukavniky\/\">i andre farver.<\/a><br data-start=\"2137\" data-end=\"2140\" \/><strong data-start=\"2140\" data-end=\"2194\">Se her, <a href=\"https:\/\/shop.bogensberger.co.at\/produkt-schlagwort\/merino-extrafein\/\">fra hvilke materialer<\/a> vi producerer vores v\u00e6rker<\/strong>, og fork\u00e6l dig selv med et strejf af kvalitet, der kombinerer komfort, femininitet og karakteristisk charme.<\/p>","protected":false},"excerpt":{"rendered":"<p>Det sennepsgule dobbelts\u00e6t til kvinder fra RIGMOR forener str\u00e5lende energi, komfort og elegance. En varm halsvarmer og armvarmere skaber det perfekte s\u00e6t til kvinder, der \u00f8nsker at skille sig ud fra m\u00e6ngden og f\u00f8le sig specielle hver dag.<\/p>","protected":false},"featured_media":7540,"comment_status":"open","ping_status":"closed","template":"","meta":[],"product_brand":[],"product_cat":[289,188,292,185],"product_tag":[],"class_list":{"0":"post-1836","1":"product","2":"type-product","3":"status-publish","4":"has-post-thumbnail","6":"product_cat-dvojsety","7":"product_cat-dvojsety-horcicovo-zlte","8":"product_cat-nakrcnik-a-rukavniky","9":"product_cat-pleteninove-doplnky-horcicovo-zlte","11":"first","12":"instock","13":"taxable","14":"shipping-taxable","15":"purchasable","16":"product-type-simple"},"yoast_head":"<!-- This site is optimized with the Yoast SEO plugin v26.0 - https:\/\/yoast.com\/wordpress\/plugins\/seo\/ -->\n<title>D\u00e1mske oble\u010denie 2-set RIGMOR hor\u010dicovo-\u017elt\u00fd - TATTJA<\/title>\n<meta name=\"description\" content=\"D\u00e1mske oble\u010denie dvojset RIGMOR hor\u010dicovo-\u017elt\u00fd \u2013 \u017eiariv\u00fd luxus a hrejiv\u00fd komfort. N\u00e1kr\u010dn\u00edk a ruk\u00e1vniky, ktor\u00e9 premenia ka\u017ed\u00fd de\u0148 na \u0161t\u00fdlov\u00fd z\u00e1\u017eitok.\" \/>\n<meta name=\"robots\" content=\"index, follow, max-snippet:-1, max-image-preview:large, max-video-preview:-1\" \/>\n<link rel=\"canonical\" href=\"https:\/\/www.tattja.com\/da\/product\/damske-oblecenie-dvojset-rigmor-horcicovo-zlty\/\" \/>\n<meta property=\"og:locale\" content=\"da_DK\" \/>\n<meta property=\"og:type\" content=\"article\" \/>\n<meta property=\"og:title\" content=\"D\u00e1mske oble\u010denie 2-set RIGMOR hor\u010dicovo-\u017elt\u00fd - TATTJA\" \/>\n<meta property=\"og:description\" content=\"D\u00e1mske oble\u010denie dvojset RIGMOR hor\u010dicovo-\u017elt\u00fd \u2013 \u017eiariv\u00fd luxus a hrejiv\u00fd komfort. N\u00e1kr\u010dn\u00edk a ruk\u00e1vniky, ktor\u00e9 premenia ka\u017ed\u00fd de\u0148 na \u0161t\u00fdlov\u00fd z\u00e1\u017eitok.\" \/>\n<meta property=\"og:url\" content=\"https:\/\/www.tattja.com\/da\/product\/damske-oblecenie-dvojset-rigmor-horcicovo-zlty\/\" \/>\n<meta property=\"og:site_name\" content=\"TATTJA\" \/>\n<meta property=\"article:modified_time\" content=\"2026-04-05T17:45:07+00:00\" \/>\n<meta property=\"og:image\" content=\"https:\/\/www.tattja.com\/wp-content\/uploads\/2026\/01\/horcicovo-zlty-dvojset-nakrcnik-rukavniky-spredu-4.webp\" \/>\n\t<meta property=\"og:image:width\" content=\"1365\" \/>\n\t<meta property=\"og:image:height\" content=\"2047\" \/>\n\t<meta property=\"og:image:type\" content=\"image\/webp\" \/>\n<meta name=\"twitter:card\" content=\"summary_large_image\" \/>\n<meta name=\"twitter:label1\" content=\"Estimeret l\u00e6setid\" \/>\n\t<meta name=\"twitter:data1\" content=\"2 minutter\" \/>\n<script type=\"application\/ld+json\" class=\"yoast-schema-graph\">{\"@context\":\"https:\/\/schema.org\",\"@graph\":[{\"@type\":\"WebPage\",\"@id\":\"https:\/\/www.tattja.com\/product\/damske-oblecenie-dvojset-rigmor-horcicovo-zlty\/\",\"url\":\"https:\/\/www.tattja.com\/product\/damske-oblecenie-dvojset-rigmor-horcicovo-zlty\/\",\"name\":\"D\u00e1mske oble\u010denie 2-set RIGMOR hor\u010dicovo-\u017elt\u00fd - TATTJA\",\"isPartOf\":{\"@id\":\"https:\/\/www.tattja.com\/#website\"},\"primaryImageOfPage\":{\"@id\":\"https:\/\/www.tattja.com\/product\/damske-oblecenie-dvojset-rigmor-horcicovo-zlty\/#primaryimage\"},\"image\":{\"@id\":\"https:\/\/www.tattja.com\/product\/damske-oblecenie-dvojset-rigmor-horcicovo-zlty\/#primaryimage\"},\"thumbnailUrl\":\"https:\/\/www.tattja.com\/wp-content\/uploads\/2026\/01\/horcicovo-zlty-dvojset-nakrcnik-rukavniky-spredu-4.webp\",\"datePublished\":\"2025-08-06T05:39:29+00:00\",\"dateModified\":\"2026-04-05T17:45:07+00:00\",\"description\":\"D\u00e1mske oble\u010denie dvojset RIGMOR hor\u010dicovo-\u017elt\u00fd \u2013 \u017eiariv\u00fd luxus a hrejiv\u00fd komfort. N\u00e1kr\u010dn\u00edk a ruk\u00e1vniky, ktor\u00e9 premenia ka\u017ed\u00fd de\u0148 na \u0161t\u00fdlov\u00fd z\u00e1\u017eitok.\",\"breadcrumb\":{\"@id\":\"https:\/\/www.tattja.com\/product\/damske-oblecenie-dvojset-rigmor-horcicovo-zlty\/#breadcrumb\"},\"inLanguage\":\"da-DK\",\"potentialAction\":[{\"@type\":\"ReadAction\",\"target\":[\"https:\/\/www.tattja.com\/product\/damske-oblecenie-dvojset-rigmor-horcicovo-zlty\/\"]}]},{\"@type\":\"ImageObject\",\"inLanguage\":\"da-DK\",\"@id\":\"https:\/\/www.tattja.com\/product\/damske-oblecenie-dvojset-rigmor-horcicovo-zlty\/#primaryimage\",\"url\":\"https:\/\/www.tattja.com\/wp-content\/uploads\/2026\/01\/horcicovo-zlty-dvojset-nakrcnik-rukavniky-spredu-4.webp\",\"contentUrl\":\"https:\/\/www.tattja.com\/wp-content\/uploads\/2026\/01\/horcicovo-zlty-dvojset-nakrcnik-rukavniky-spredu-4.webp\",\"width\":1365,\"height\":2047,\"caption\":\"Elegantn\u00fd pleten\u00fd dvojset RIGMOR v hor\u010dicovo-\u017eltom odtieni \u2013 TATTJA\"},{\"@type\":\"BreadcrumbList\",\"@id\":\"https:\/\/www.tattja.com\/product\/damske-oblecenie-dvojset-rigmor-horcicovo-zlty\/#breadcrumb\",\"itemListElement\":[{\"@type\":\"ListItem\",\"position\":1,\"name\":\"Domov\",\"item\":\"https:\/\/www.tattja.com\/\"},{\"@type\":\"ListItem\",\"position\":2,\"name\":\"Produkty\",\"item\":\"https:\/\/www.tattja.com\/damske-oblecenie-produkty\/\"},{\"@type\":\"ListItem\",\"position\":3,\"name\":\"D\u00e1mske oble\u010denie 2-set RIGMOR hor\u010dicovo-\u017elt\u00fd\"}]},{\"@type\":\"WebSite\",\"@id\":\"https:\/\/www.tattja.com\/#website\",\"url\":\"https:\/\/www.tattja.com\/\",\"name\":\"TATTJA\",\"description\":\"D\u00e1mske oble\u010denie z extra jemnej merino vlny \u2014 ru\u010dne pleten\u00e9 na Slovensku\",\"potentialAction\":[{\"@type\":\"SearchAction\",\"target\":{\"@type\":\"EntryPoint\",\"urlTemplate\":\"https:\/\/www.tattja.com\/?s={search_term_string}\"},\"query-input\":{\"@type\":\"PropertyValueSpecification\",\"valueRequired\":true,\"valueName\":\"search_term_string\"}}],\"inLanguage\":\"da-DK\"}]}<\/script>\n<!-- \/ Yoast SEO plugin. -->","yoast_head_json":{"title":"D\u00e1mske oble\u010denie 2-set RIGMOR hor\u010dicovo-\u017elt\u00fd - TATTJA","description":"D\u00e1mske oble\u010denie dvojset RIGMOR hor\u010dicovo-\u017elt\u00fd \u2013 \u017eiariv\u00fd luxus a hrejiv\u00fd komfort. N\u00e1kr\u010dn\u00edk a ruk\u00e1vniky, ktor\u00e9 premenia ka\u017ed\u00fd de\u0148 na \u0161t\u00fdlov\u00fd z\u00e1\u017eitok.","robots":{"index":"index","follow":"follow","max-snippet":"max-snippet:-1","max-image-preview":"max-image-preview:large","max-video-preview":"max-video-preview:-1"},"canonical":"https:\/\/www.tattja.com\/da\/product\/damske-oblecenie-dvojset-rigmor-horcicovo-zlty\/","og_locale":"da_DK","og_type":"article","og_title":"D\u00e1mske oble\u010denie 2-set RIGMOR hor\u010dicovo-\u017elt\u00fd - TATTJA","og_description":"D\u00e1mske oble\u010denie dvojset RIGMOR hor\u010dicovo-\u017elt\u00fd \u2013 \u017eiariv\u00fd luxus a hrejiv\u00fd komfort. N\u00e1kr\u010dn\u00edk a ruk\u00e1vniky, ktor\u00e9 premenia ka\u017ed\u00fd de\u0148 na \u0161t\u00fdlov\u00fd z\u00e1\u017eitok.","og_url":"https:\/\/www.tattja.com\/da\/product\/damske-oblecenie-dvojset-rigmor-horcicovo-zlty\/","og_site_name":"TATTJA","article_modified_time":"2026-04-05T17:45:07+00:00","og_image":[{"width":1365,"height":2047,"url":"https:\/\/www.tattja.com\/wp-content\/uploads\/2026\/01\/horcicovo-zlty-dvojset-nakrcnik-rukavniky-spredu-4.webp","type":"image\/webp"}],"twitter_card":"summary_large_image","twitter_misc":{"Estimeret l\u00e6setid":"2 minutter"},"schema":{"@context":"https:\/\/schema.org","@graph":[{"@type":"WebPage","@id":"https:\/\/www.tattja.com\/product\/damske-oblecenie-dvojset-rigmor-horcicovo-zlty\/","url":"https:\/\/www.tattja.com\/product\/damske-oblecenie-dvojset-rigmor-horcicovo-zlty\/","name":"D\u00e1mske oble\u010denie 2-set RIGMOR hor\u010dicovo-\u017elt\u00fd - TATTJA","isPartOf":{"@id":"https:\/\/www.tattja.com\/#website"},"primaryImageOfPage":{"@id":"https:\/\/www.tattja.com\/product\/damske-oblecenie-dvojset-rigmor-horcicovo-zlty\/#primaryimage"},"image":{"@id":"https:\/\/www.tattja.com\/product\/damske-oblecenie-dvojset-rigmor-horcicovo-zlty\/#primaryimage"},"thumbnailUrl":"https:\/\/www.tattja.com\/wp-content\/uploads\/2026\/01\/horcicovo-zlty-dvojset-nakrcnik-rukavniky-spredu-4.webp","datePublished":"2025-08-06T05:39:29+00:00","dateModified":"2026-04-05T17:45:07+00:00","description":"D\u00e1mske oble\u010denie dvojset RIGMOR hor\u010dicovo-\u017elt\u00fd \u2013 \u017eiariv\u00fd luxus a hrejiv\u00fd komfort. N\u00e1kr\u010dn\u00edk a ruk\u00e1vniky, ktor\u00e9 premenia ka\u017ed\u00fd de\u0148 na \u0161t\u00fdlov\u00fd z\u00e1\u017eitok.","breadcrumb":{"@id":"https:\/\/www.tattja.com\/product\/damske-oblecenie-dvojset-rigmor-horcicovo-zlty\/#breadcrumb"},"inLanguage":"da-DK","potentialAction":[{"@type":"ReadAction","target":["https:\/\/www.tattja.com\/product\/damske-oblecenie-dvojset-rigmor-horcicovo-zlty\/"]}]},{"@type":"ImageObject","inLanguage":"da-DK","@id":"https:\/\/www.tattja.com\/product\/damske-oblecenie-dvojset-rigmor-horcicovo-zlty\/#primaryimage","url":"https:\/\/www.tattja.com\/wp-content\/uploads\/2026\/01\/horcicovo-zlty-dvojset-nakrcnik-rukavniky-spredu-4.webp","contentUrl":"https:\/\/www.tattja.com\/wp-content\/uploads\/2026\/01\/horcicovo-zlty-dvojset-nakrcnik-rukavniky-spredu-4.webp","width":1365,"height":2047,"caption":"Elegantn\u00fd pleten\u00fd dvojset RIGMOR v hor\u010dicovo-\u017eltom odtieni \u2013 TATTJA"},{"@type":"BreadcrumbList","@id":"https:\/\/www.tattja.com\/product\/damske-oblecenie-dvojset-rigmor-horcicovo-zlty\/#breadcrumb","itemListElement":[{"@type":"ListItem","position":1,"name":"Domov","item":"https:\/\/www.tattja.com\/"},{"@type":"ListItem","position":2,"name":"Produkty","item":"https:\/\/www.tattja.com\/damske-oblecenie-produkty\/"},{"@type":"ListItem","position":3,"name":"D\u00e1mske oble\u010denie 2-set RIGMOR hor\u010dicovo-\u017elt\u00fd"}]},{"@type":"WebSite","@id":"https:\/\/www.tattja.com\/#website","url":"https:\/\/www.tattja.com\/","name":"TATTJA","description":"D\u00e1mske oble\u010denie z extra jemnej merino vlny \u2014 ru\u010dne pleten\u00e9 na Slovensku","potentialAction":[{"@type":"SearchAction","target":{"@type":"EntryPoint","urlTemplate":"https:\/\/www.tattja.com\/?s={search_term_string}"},"query-input":{"@type":"PropertyValueSpecification","valueRequired":true,"valueName":"search_term_string"}}],"inLanguage":"da-DK"}]}},"_links":{"self":[{"href":"https:\/\/www.tattja.com\/da\/wp-json\/wp\/v2\/product\/1836","targetHints":{"allow":["GET"]}}],"collection":[{"href":"https:\/\/www.tattja.com\/da\/wp-json\/wp\/v2\/product"}],"about":[{"href":"https:\/\/www.tattja.com\/da\/wp-json\/wp\/v2\/types\/product"}],"replies":[{"embeddable":true,"href":"https:\/\/www.tattja.com\/da\/wp-json\/wp\/v2\/comments?post=1836"}],"version-history":[{"count":6,"href":"https:\/\/www.tattja.com\/da\/wp-json\/wp\/v2\/product\/1836\/revisions"}],"predecessor-version":[{"id":7271,"href":"https:\/\/www.tattja.com\/da\/wp-json\/wp\/v2\/product\/1836\/revisions\/7271"}],"wp:featuredmedia":[{"embeddable":true,"href":"https:\/\/www.tattja.com\/da\/wp-json\/wp\/v2\/media\/7540"}],"wp:attachment":[{"href":"https:\/\/www.tattja.com\/da\/wp-json\/wp\/v2\/media?parent=1836"}],"wp:term":[{"taxonomy":"product_brand","embeddable":true,"href":"https:\/\/www.tattja.com\/da\/wp-json\/wp\/v2\/product_brand?post=1836"},{"taxonomy":"product_cat","embeddable":true,"href":"https:\/\/www.tattja.com\/da\/wp-json\/wp\/v2\/product_cat?post=1836"},{"taxonomy":"product_tag","embeddable":true,"href":"https:\/\/www.tattja.com\/da\/wp-json\/wp\/v2\/product_tag?post=1836"}],"curies":[{"name":"wp","href":"https:\/\/api.w.org\/{rel}","templated":true}]}}