{"id":1842,"date":"2025-08-06T07:44:13","date_gmt":"2025-08-06T05:44:13","guid":{"rendered":"https:\/\/www.tattja.com\/?post_type=product&#038;p=1842"},"modified":"2026-04-05T19:45:07","modified_gmt":"2026-04-05T17:45:07","slug":"damske-oblecenie-dvojset-magnhild-horcicovo-zlty","status":"publish","type":"product","link":"https:\/\/www.tattja.com\/da\/product\/damske-oblecenie-dvojset-magnhild-horcicovo-zlty\/","title":{"rendered":"D\u00e1mske oble\u010denie 2-set MAGNHILD hor\u010dicovo-\u017elt\u00fd"},"content":{"rendered":"<p data-start=\"931\" data-end=\"1259\"><strong data-start=\"931\" data-end=\"983\">Dobbelt s\u00e6t til kvinder MAGNHILD sennepsgul<\/strong> repr\u00e6senterer en kombination af elegance, funktionalitet og positiv energi. Dette dobbelts\u00e6t fra kollektionen <strong data-start=\"1076\" data-end=\"1086\">TATTJA<\/strong> best\u00e5r af to perfekt matchende dele - en strikket sjal og en hue med skjold. Sammen skaber de en karakteristisk, men harmonisk helhed, der skaber balance mellem stil og komfort.<\/p>\n<p data-start=\"1261\" data-end=\"1565\">Den sennepsgule farve symboliserer gl\u00e6de, mod og optimisme i livet. Den er levende, men alligevel elegant og sofistikeret. Shrug'en l\u00e6gger sig blidt om taljen, giver en varmende fornemmelse og former en feminin silhuet. Takket v\u00e6re den str\u00e6kbare strik tilpasser den sig behageligt til kroppens bev\u00e6gelser og bevarer komforten hele dagen.<\/p>\n<p data-start=\"1567\" data-end=\"1900\">Huen med skjorte tilf\u00f8jer en karakteristisk detalje til outfittet, som beskytter mod kulden og samtidig \u00f8ger stilen i hele looket. Den er let, luftig og ideel til hverdagsbrug. Dobbelt s\u00e6t til kvinder <strong data-start=\"1744\" data-end=\"1771\">MAGNHILD sennepsgul<\/strong> ser frisk, original og elegant ud - den ideelle ledsager til kvinder, der elsker tidl\u00f8st design med \u00f8je for detaljer.<\/p>\n<p data-start=\"1902\" data-end=\"2153\">I kombination med lyse nuancer skaber den en subtil kontrast, og med gr\u00e5 eller m\u00f8rke toner ser den dristig og urban ud. Denne model kombinerer perfekt funktionalitet, stil og naturlig kvindelighed, hvilket g\u00f8r den til en favorit i enhver selvsikker kvindes garderobe.<\/p>\n<p data-start=\"2155\" data-end=\"2260\">Opdag sk\u00f8nheden <a href=\"https:\/\/shop.bogensberger.co.at\/produkt-schlagwort\/merino-extrafein\/\">Subtiliteter<\/a>, sofistikerede detaljer og feminin stil, der holder dig varm og... <a href=\"https:\/\/www.tattja.com\/da\/product-category\/damske-oblecenie\/dvojsety\/driekovnik-a-ciapka\/\">i andre farver.<\/a><\/p>\n<p data-start=\"2262\" data-end=\"2419\"><strong data-start=\"2262\" data-end=\"2316\">Se, hvilke materialer vi bruger til at lave vores v\u00e6rker<\/strong> og fork\u00e6l dig selv med en f\u00f8lelse af luksus, der ber\u00f8rer din hud med m\u00e6rkets bl\u00f8dhed og pleje. <strong data-start=\"2406\" data-end=\"2416\">TATTJA<\/strong>.<\/p>","protected":false},"excerpt":{"rendered":"<p><strong data-start=\"594\" data-end=\"646\">Dobbelt s\u00e6t til kvinder MAGNHILD sennepsgul<\/strong> kombinerer elegance, energi og komfort. Den strikkede sjal fremh\u00e6ver silhuetten og holder taljen varm, mens huen giver outfittet et moderne, urbant pr\u00e6g. Den livlige sennepsfarve vil lyse op p\u00e5 enhver dag og fremh\u00e6ve din unikke stil.<\/p>","protected":false},"featured_media":7528,"comment_status":"open","ping_status":"closed","template":"","meta":[],"product_brand":[],"product_cat":[289,300,294,188,185],"product_tag":[],"class_list":{"0":"post-1842","1":"product","2":"type-product","3":"status-publish","4":"has-post-thumbnail","6":"product_cat-dvojsety","7":"product_cat-damske-oblecenie","8":"product_cat-driekovnik-a-ciapka","9":"product_cat-dvojsety-horcicovo-zlte","10":"product_cat-pleteninove-doplnky-horcicovo-zlte","12":"first","13":"instock","14":"taxable","15":"shipping-taxable","16":"purchasable","17":"product-type-simple"},"yoast_head":"<!-- This site is optimized with the Yoast SEO plugin v26.0 - https:\/\/yoast.com\/wordpress\/plugins\/seo\/ -->\n<title>D\u00e1mske oble\u010denie 2-set MAGNHILD hor\u010dicovo-\u017elt\u00fd - TATTJA<\/title>\n<meta name=\"description\" content=\"D\u00e1mske oble\u010denie dvojset MAGNHILD hor\u010dicovo-\u017elt\u00fd \u2013 \u017eiariv\u00fd akcent luxusu a energie. Dokonal\u00e1 rovnov\u00e1ha \u0161t\u00fdlu, pohodlia a \u017eenskosti v jednom sete.\" \/>\n<meta name=\"robots\" content=\"index, follow, max-snippet:-1, max-image-preview:large, max-video-preview:-1\" \/>\n<link rel=\"canonical\" href=\"https:\/\/www.tattja.com\/da\/product\/damske-oblecenie-dvojset-magnhild-horcicovo-zlty\/\" \/>\n<meta property=\"og:locale\" content=\"da_DK\" \/>\n<meta property=\"og:type\" content=\"article\" \/>\n<meta property=\"og:title\" content=\"D\u00e1mske oble\u010denie 2-set MAGNHILD hor\u010dicovo-\u017elt\u00fd - TATTJA\" \/>\n<meta property=\"og:description\" content=\"D\u00e1mske oble\u010denie dvojset MAGNHILD hor\u010dicovo-\u017elt\u00fd \u2013 \u017eiariv\u00fd akcent luxusu a energie. Dokonal\u00e1 rovnov\u00e1ha \u0161t\u00fdlu, pohodlia a \u017eenskosti v jednom sete.\" \/>\n<meta property=\"og:url\" content=\"https:\/\/www.tattja.com\/da\/product\/damske-oblecenie-dvojset-magnhild-horcicovo-zlty\/\" \/>\n<meta property=\"og:site_name\" content=\"TATTJA\" \/>\n<meta property=\"article:modified_time\" content=\"2026-04-05T17:45:07+00:00\" \/>\n<meta property=\"og:image\" content=\"https:\/\/www.tattja.com\/wp-content\/uploads\/2026\/01\/horcicovo-zlty-dvojset-driekovnik-ciapka-spredu-28.webp\" \/>\n\t<meta property=\"og:image:width\" content=\"1365\" \/>\n\t<meta property=\"og:image:height\" content=\"2048\" \/>\n\t<meta property=\"og:image:type\" content=\"image\/webp\" \/>\n<meta name=\"twitter:card\" content=\"summary_large_image\" \/>\n<meta name=\"twitter:label1\" content=\"Estimeret l\u00e6setid\" \/>\n\t<meta name=\"twitter:data1\" content=\"2 minutter\" \/>\n<script type=\"application\/ld+json\" class=\"yoast-schema-graph\">{\"@context\":\"https:\/\/schema.org\",\"@graph\":[{\"@type\":\"WebPage\",\"@id\":\"https:\/\/www.tattja.com\/product\/damske-oblecenie-dvojset-magnhild-horcicovo-zlty\/\",\"url\":\"https:\/\/www.tattja.com\/product\/damske-oblecenie-dvojset-magnhild-horcicovo-zlty\/\",\"name\":\"D\u00e1mske oble\u010denie 2-set MAGNHILD hor\u010dicovo-\u017elt\u00fd - TATTJA\",\"isPartOf\":{\"@id\":\"https:\/\/www.tattja.com\/#website\"},\"primaryImageOfPage\":{\"@id\":\"https:\/\/www.tattja.com\/product\/damske-oblecenie-dvojset-magnhild-horcicovo-zlty\/#primaryimage\"},\"image\":{\"@id\":\"https:\/\/www.tattja.com\/product\/damske-oblecenie-dvojset-magnhild-horcicovo-zlty\/#primaryimage\"},\"thumbnailUrl\":\"https:\/\/www.tattja.com\/wp-content\/uploads\/2026\/01\/horcicovo-zlty-dvojset-driekovnik-ciapka-spredu-28.webp\",\"datePublished\":\"2025-08-06T05:44:13+00:00\",\"dateModified\":\"2026-04-05T17:45:07+00:00\",\"description\":\"D\u00e1mske oble\u010denie dvojset MAGNHILD hor\u010dicovo-\u017elt\u00fd \u2013 \u017eiariv\u00fd akcent luxusu a energie. Dokonal\u00e1 rovnov\u00e1ha \u0161t\u00fdlu, pohodlia a \u017eenskosti v jednom sete.\",\"breadcrumb\":{\"@id\":\"https:\/\/www.tattja.com\/product\/damske-oblecenie-dvojset-magnhild-horcicovo-zlty\/#breadcrumb\"},\"inLanguage\":\"da-DK\",\"potentialAction\":[{\"@type\":\"ReadAction\",\"target\":[\"https:\/\/www.tattja.com\/product\/damske-oblecenie-dvojset-magnhild-horcicovo-zlty\/\"]}]},{\"@type\":\"ImageObject\",\"inLanguage\":\"da-DK\",\"@id\":\"https:\/\/www.tattja.com\/product\/damske-oblecenie-dvojset-magnhild-horcicovo-zlty\/#primaryimage\",\"url\":\"https:\/\/www.tattja.com\/wp-content\/uploads\/2026\/01\/horcicovo-zlty-dvojset-driekovnik-ciapka-spredu-28.webp\",\"contentUrl\":\"https:\/\/www.tattja.com\/wp-content\/uploads\/2026\/01\/horcicovo-zlty-dvojset-driekovnik-ciapka-spredu-28.webp\",\"width\":1365,\"height\":2048,\"caption\":\"Elegantn\u00fd pleten\u00fd dvojset MAGNHILD v hor\u010dicovo-\u017eltom odtieni \u2013 TATTJA\"},{\"@type\":\"BreadcrumbList\",\"@id\":\"https:\/\/www.tattja.com\/product\/damske-oblecenie-dvojset-magnhild-horcicovo-zlty\/#breadcrumb\",\"itemListElement\":[{\"@type\":\"ListItem\",\"position\":1,\"name\":\"Domov\",\"item\":\"https:\/\/www.tattja.com\/\"},{\"@type\":\"ListItem\",\"position\":2,\"name\":\"Produkty\",\"item\":\"https:\/\/www.tattja.com\/damske-oblecenie-produkty\/\"},{\"@type\":\"ListItem\",\"position\":3,\"name\":\"D\u00e1mske oble\u010denie 2-set MAGNHILD hor\u010dicovo-\u017elt\u00fd\"}]},{\"@type\":\"WebSite\",\"@id\":\"https:\/\/www.tattja.com\/#website\",\"url\":\"https:\/\/www.tattja.com\/\",\"name\":\"TATTJA\",\"description\":\"D\u00e1mske oble\u010denie z extra jemnej merino vlny \u2014 ru\u010dne pleten\u00e9 na Slovensku\",\"potentialAction\":[{\"@type\":\"SearchAction\",\"target\":{\"@type\":\"EntryPoint\",\"urlTemplate\":\"https:\/\/www.tattja.com\/?s={search_term_string}\"},\"query-input\":{\"@type\":\"PropertyValueSpecification\",\"valueRequired\":true,\"valueName\":\"search_term_string\"}}],\"inLanguage\":\"da-DK\"}]}<\/script>\n<!-- \/ Yoast SEO plugin. -->","yoast_head_json":{"title":"D\u00e1mske oble\u010denie 2-set MAGNHILD hor\u010dicovo-\u017elt\u00fd - TATTJA","description":"D\u00e1mske oble\u010denie dvojset MAGNHILD hor\u010dicovo-\u017elt\u00fd \u2013 \u017eiariv\u00fd akcent luxusu a energie. Dokonal\u00e1 rovnov\u00e1ha \u0161t\u00fdlu, pohodlia a \u017eenskosti v jednom sete.","robots":{"index":"index","follow":"follow","max-snippet":"max-snippet:-1","max-image-preview":"max-image-preview:large","max-video-preview":"max-video-preview:-1"},"canonical":"https:\/\/www.tattja.com\/da\/product\/damske-oblecenie-dvojset-magnhild-horcicovo-zlty\/","og_locale":"da_DK","og_type":"article","og_title":"D\u00e1mske oble\u010denie 2-set MAGNHILD hor\u010dicovo-\u017elt\u00fd - TATTJA","og_description":"D\u00e1mske oble\u010denie dvojset MAGNHILD hor\u010dicovo-\u017elt\u00fd \u2013 \u017eiariv\u00fd akcent luxusu a energie. Dokonal\u00e1 rovnov\u00e1ha \u0161t\u00fdlu, pohodlia a \u017eenskosti v jednom sete.","og_url":"https:\/\/www.tattja.com\/da\/product\/damske-oblecenie-dvojset-magnhild-horcicovo-zlty\/","og_site_name":"TATTJA","article_modified_time":"2026-04-05T17:45:07+00:00","og_image":[{"width":1365,"height":2048,"url":"https:\/\/www.tattja.com\/wp-content\/uploads\/2026\/01\/horcicovo-zlty-dvojset-driekovnik-ciapka-spredu-28.webp","type":"image\/webp"}],"twitter_card":"summary_large_image","twitter_misc":{"Estimeret l\u00e6setid":"2 minutter"},"schema":{"@context":"https:\/\/schema.org","@graph":[{"@type":"WebPage","@id":"https:\/\/www.tattja.com\/product\/damske-oblecenie-dvojset-magnhild-horcicovo-zlty\/","url":"https:\/\/www.tattja.com\/product\/damske-oblecenie-dvojset-magnhild-horcicovo-zlty\/","name":"D\u00e1mske oble\u010denie 2-set MAGNHILD hor\u010dicovo-\u017elt\u00fd - TATTJA","isPartOf":{"@id":"https:\/\/www.tattja.com\/#website"},"primaryImageOfPage":{"@id":"https:\/\/www.tattja.com\/product\/damske-oblecenie-dvojset-magnhild-horcicovo-zlty\/#primaryimage"},"image":{"@id":"https:\/\/www.tattja.com\/product\/damske-oblecenie-dvojset-magnhild-horcicovo-zlty\/#primaryimage"},"thumbnailUrl":"https:\/\/www.tattja.com\/wp-content\/uploads\/2026\/01\/horcicovo-zlty-dvojset-driekovnik-ciapka-spredu-28.webp","datePublished":"2025-08-06T05:44:13+00:00","dateModified":"2026-04-05T17:45:07+00:00","description":"D\u00e1mske oble\u010denie dvojset MAGNHILD hor\u010dicovo-\u017elt\u00fd \u2013 \u017eiariv\u00fd akcent luxusu a energie. Dokonal\u00e1 rovnov\u00e1ha \u0161t\u00fdlu, pohodlia a \u017eenskosti v jednom sete.","breadcrumb":{"@id":"https:\/\/www.tattja.com\/product\/damske-oblecenie-dvojset-magnhild-horcicovo-zlty\/#breadcrumb"},"inLanguage":"da-DK","potentialAction":[{"@type":"ReadAction","target":["https:\/\/www.tattja.com\/product\/damske-oblecenie-dvojset-magnhild-horcicovo-zlty\/"]}]},{"@type":"ImageObject","inLanguage":"da-DK","@id":"https:\/\/www.tattja.com\/product\/damske-oblecenie-dvojset-magnhild-horcicovo-zlty\/#primaryimage","url":"https:\/\/www.tattja.com\/wp-content\/uploads\/2026\/01\/horcicovo-zlty-dvojset-driekovnik-ciapka-spredu-28.webp","contentUrl":"https:\/\/www.tattja.com\/wp-content\/uploads\/2026\/01\/horcicovo-zlty-dvojset-driekovnik-ciapka-spredu-28.webp","width":1365,"height":2048,"caption":"Elegantn\u00fd pleten\u00fd dvojset MAGNHILD v hor\u010dicovo-\u017eltom odtieni \u2013 TATTJA"},{"@type":"BreadcrumbList","@id":"https:\/\/www.tattja.com\/product\/damske-oblecenie-dvojset-magnhild-horcicovo-zlty\/#breadcrumb","itemListElement":[{"@type":"ListItem","position":1,"name":"Domov","item":"https:\/\/www.tattja.com\/"},{"@type":"ListItem","position":2,"name":"Produkty","item":"https:\/\/www.tattja.com\/damske-oblecenie-produkty\/"},{"@type":"ListItem","position":3,"name":"D\u00e1mske oble\u010denie 2-set MAGNHILD hor\u010dicovo-\u017elt\u00fd"}]},{"@type":"WebSite","@id":"https:\/\/www.tattja.com\/#website","url":"https:\/\/www.tattja.com\/","name":"TATTJA","description":"D\u00e1mske oble\u010denie z extra jemnej merino vlny \u2014 ru\u010dne pleten\u00e9 na Slovensku","potentialAction":[{"@type":"SearchAction","target":{"@type":"EntryPoint","urlTemplate":"https:\/\/www.tattja.com\/?s={search_term_string}"},"query-input":{"@type":"PropertyValueSpecification","valueRequired":true,"valueName":"search_term_string"}}],"inLanguage":"da-DK"}]}},"_links":{"self":[{"href":"https:\/\/www.tattja.com\/da\/wp-json\/wp\/v2\/product\/1842","targetHints":{"allow":["GET"]}}],"collection":[{"href":"https:\/\/www.tattja.com\/da\/wp-json\/wp\/v2\/product"}],"about":[{"href":"https:\/\/www.tattja.com\/da\/wp-json\/wp\/v2\/types\/product"}],"replies":[{"embeddable":true,"href":"https:\/\/www.tattja.com\/da\/wp-json\/wp\/v2\/comments?post=1842"}],"version-history":[{"count":6,"href":"https:\/\/www.tattja.com\/da\/wp-json\/wp\/v2\/product\/1842\/revisions"}],"predecessor-version":[{"id":2777,"href":"https:\/\/www.tattja.com\/da\/wp-json\/wp\/v2\/product\/1842\/revisions\/2777"}],"wp:featuredmedia":[{"embeddable":true,"href":"https:\/\/www.tattja.com\/da\/wp-json\/wp\/v2\/media\/7528"}],"wp:attachment":[{"href":"https:\/\/www.tattja.com\/da\/wp-json\/wp\/v2\/media?parent=1842"}],"wp:term":[{"taxonomy":"product_brand","embeddable":true,"href":"https:\/\/www.tattja.com\/da\/wp-json\/wp\/v2\/product_brand?post=1842"},{"taxonomy":"product_cat","embeddable":true,"href":"https:\/\/www.tattja.com\/da\/wp-json\/wp\/v2\/product_cat?post=1842"},{"taxonomy":"product_tag","embeddable":true,"href":"https:\/\/www.tattja.com\/da\/wp-json\/wp\/v2\/product_tag?post=1842"}],"curies":[{"name":"wp","href":"https:\/\/api.w.org\/{rel}","templated":true}]}}