{"id":1844,"date":"2025-08-06T07:46:43","date_gmt":"2025-08-06T05:46:43","guid":{"rendered":"https:\/\/www.tattja.com\/?post_type=product&#038;p=1844"},"modified":"2026-04-05T19:45:07","modified_gmt":"2026-04-05T17:45:07","slug":"tattja-dvojset-ingeborg-horcicovo-zlty","status":"publish","type":"product","link":"https:\/\/www.tattja.com\/da\/product\/tattja-dvojset-ingeborg-horcicovo-zlty\/","title":{"rendered":"D\u00e1mske oble\u010denie 2-set INGEBORG hor\u010dicovo-\u017elt\u00fd"},"content":{"rendered":"<p data-start=\"933\" data-end=\"1210\"><strong data-start=\"933\" data-end=\"985\">Dobbelt s\u00e6t damet\u00f8j INGEBORG sennepsgul<\/strong> repr\u00e6senterer en fusion af energi, elegance og feminin selvtillid. Dette ikoniske s\u00e6t fra kollektionen <strong data-start=\"1080\" data-end=\"1090\">TATTJA<\/strong> kombinerer en hue med et sjal og en strikket halsvarmer til en harmonisk helhed, der er udtryk for stil, komfort og funktionalitet i \u00e9t.<\/p>\n<p data-start=\"1212\" data-end=\"1552\">Den sennepsgule nuance symboliserer varme, optimisme og naturlig karisma. Det er en farve, der lyser op i et outfit og straks tiltr\u00e6kker opm\u00e6rksomhed - den ser b\u00e5de luksuri\u00f8s og frisk ud. Den passer godt sammen med b\u00e5de neutrale og kontrasterende farver for at skabe dristige, men afbalancerede kombinationer til hverdag og fest.<\/p>\n<p data-start=\"1554\" data-end=\"1891\">Halsvarmeren i fint ribstrik tilpasser sig bl\u00f8dt til skuldre og nakke, giver en varmende f\u00f8lelse af komfort og fuldender samtidig silhuetten p\u00e5 en elegant m\u00e5de. Huen med skjold beskytter hovedet mod vind og sol, mens dens form giver et moderne og feminint touch til outfittet. Kombinationen af de to skaber en afbalanceret duet, der understreger b\u00e6rerens karakteristiske stil.<\/p>\n<p data-start=\"1893\" data-end=\"2135\">Dobbelt s\u00e6t damet\u00f8j <strong data-start=\"1901\" data-end=\"1928\">INGEBORG sennepsgul<\/strong> er designet til kvinder, der elsker kombinationen af funktionalitet, \u00e6stetik og h\u00e5ndv\u00e6rk. Hver detalje er omhyggeligt udformet med den opm\u00e6rksomhed p\u00e5 pr\u00e6cision og tidl\u00f8s elegance, som er m\u00e6rkets kendetegn. <strong data-start=\"2114\" data-end=\"2124\">TATTJA<\/strong>Det er typisk.<\/p>\n<p data-start=\"2137\" data-end=\"2242\">Oplev sk\u00f8nheden i delikatesse, sofistikerede detaljer og feminin stil, der vil holde dig varm og... <a href=\"https:\/\/www.tattja.com\/da\/product-category\/damske-oblecenie\/dvojsety\/nakrcnik-a-ciapka\/\">i andre farver<\/a>.<\/p>\n<p data-start=\"2244\" data-end=\"2395\"><strong data-start=\"2244\" data-end=\"2298\">Se her, <a href=\"https:\/\/shop.bogensberger.co.at\/produkt-schlagwort\/merino-extrafein\/\">fra hvilke materialer<\/a> vi producerer vores v\u00e6rker<\/strong> og fork\u00e6l dig selv med et strejf af f\u00f8rsteklasses luksus, der udm\u00e6rker sig ved komfort, kvalitet og unikt design.<\/p>","protected":false},"excerpt":{"rendered":"<p data-start=\"735\" data-end=\"891\"><strong data-start=\"735\" data-end=\"787\">Dobbelt s\u00e6t damet\u00f8j INGEBORG sennepsgul<\/strong> - En fusion af varmende komfort, raffinement og moderne udstr\u00e5ling i et enkelt tidl\u00f8st TATTJA-s\u00e6t.<\/p>","protected":false},"featured_media":7534,"comment_status":"open","ping_status":"closed","template":"","meta":[],"product_brand":[],"product_cat":[289,300,188,291,185],"product_tag":[],"class_list":{"0":"post-1844","1":"product","2":"type-product","3":"status-publish","4":"has-post-thumbnail","6":"product_cat-dvojsety","7":"product_cat-damske-oblecenie","8":"product_cat-dvojsety-horcicovo-zlte","9":"product_cat-nakrcnik-a-ciapka","10":"product_cat-pleteninove-doplnky-horcicovo-zlte","12":"first","13":"instock","14":"taxable","15":"shipping-taxable","16":"purchasable","17":"product-type-simple"},"yoast_head":"<!-- This site is optimized with the Yoast SEO plugin v26.0 - https:\/\/yoast.com\/wordpress\/plugins\/seo\/ -->\n<title>D\u00e1mske oble\u010denie 2-set INGEBORG hor\u010dicovo-\u017elt\u00fd - TATTJA<\/title>\n<meta name=\"description\" content=\"D\u00e1mske oble\u010denie dvojset INGEBORG hor\u010dicovo-\u017elt\u00fd \u2013 luxusn\u00fd set \u010diapky a n\u00e1kr\u010dn\u00edka v odtieni energie a elegancie, ktor\u00fd roz\u017eiari ka\u017ed\u00fd de\u0148.\" \/>\n<meta name=\"robots\" content=\"index, follow, max-snippet:-1, max-image-preview:large, max-video-preview:-1\" \/>\n<link rel=\"canonical\" href=\"https:\/\/www.tattja.com\/da\/product\/tattja-dvojset-ingeborg-horcicovo-zlty\/\" \/>\n<meta property=\"og:locale\" content=\"da_DK\" \/>\n<meta property=\"og:type\" content=\"article\" \/>\n<meta property=\"og:title\" content=\"D\u00e1mske oble\u010denie 2-set INGEBORG hor\u010dicovo-\u017elt\u00fd - TATTJA\" \/>\n<meta property=\"og:description\" content=\"D\u00e1mske oble\u010denie dvojset INGEBORG hor\u010dicovo-\u017elt\u00fd \u2013 luxusn\u00fd set \u010diapky a n\u00e1kr\u010dn\u00edka v odtieni energie a elegancie, ktor\u00fd roz\u017eiari ka\u017ed\u00fd de\u0148.\" \/>\n<meta property=\"og:url\" content=\"https:\/\/www.tattja.com\/da\/product\/tattja-dvojset-ingeborg-horcicovo-zlty\/\" \/>\n<meta property=\"og:site_name\" content=\"TATTJA\" \/>\n<meta property=\"article:modified_time\" content=\"2026-04-05T17:45:07+00:00\" \/>\n<meta property=\"og:image\" content=\"https:\/\/www.tattja.com\/wp-content\/uploads\/2026\/01\/horcicovo-zlty-dvojset-nakrcnik-ciapka-spredu-25.webp\" \/>\n\t<meta property=\"og:image:width\" content=\"1365\" \/>\n\t<meta property=\"og:image:height\" content=\"2048\" \/>\n\t<meta property=\"og:image:type\" content=\"image\/webp\" \/>\n<meta name=\"twitter:card\" content=\"summary_large_image\" \/>\n<meta name=\"twitter:label1\" content=\"Estimeret l\u00e6setid\" \/>\n\t<meta name=\"twitter:data1\" content=\"2 minutter\" \/>\n<script type=\"application\/ld+json\" class=\"yoast-schema-graph\">{\"@context\":\"https:\/\/schema.org\",\"@graph\":[{\"@type\":\"WebPage\",\"@id\":\"https:\/\/www.tattja.com\/product\/tattja-dvojset-ingeborg-horcicovo-zlty\/\",\"url\":\"https:\/\/www.tattja.com\/product\/tattja-dvojset-ingeborg-horcicovo-zlty\/\",\"name\":\"D\u00e1mske oble\u010denie 2-set INGEBORG hor\u010dicovo-\u017elt\u00fd - TATTJA\",\"isPartOf\":{\"@id\":\"https:\/\/www.tattja.com\/#website\"},\"primaryImageOfPage\":{\"@id\":\"https:\/\/www.tattja.com\/product\/tattja-dvojset-ingeborg-horcicovo-zlty\/#primaryimage\"},\"image\":{\"@id\":\"https:\/\/www.tattja.com\/product\/tattja-dvojset-ingeborg-horcicovo-zlty\/#primaryimage\"},\"thumbnailUrl\":\"https:\/\/www.tattja.com\/wp-content\/uploads\/2026\/01\/horcicovo-zlty-dvojset-nakrcnik-ciapka-spredu-25.webp\",\"datePublished\":\"2025-08-06T05:46:43+00:00\",\"dateModified\":\"2026-04-05T17:45:07+00:00\",\"description\":\"D\u00e1mske oble\u010denie dvojset INGEBORG hor\u010dicovo-\u017elt\u00fd \u2013 luxusn\u00fd set \u010diapky a n\u00e1kr\u010dn\u00edka v odtieni energie a elegancie, ktor\u00fd roz\u017eiari ka\u017ed\u00fd de\u0148.\",\"breadcrumb\":{\"@id\":\"https:\/\/www.tattja.com\/product\/tattja-dvojset-ingeborg-horcicovo-zlty\/#breadcrumb\"},\"inLanguage\":\"da-DK\",\"potentialAction\":[{\"@type\":\"ReadAction\",\"target\":[\"https:\/\/www.tattja.com\/product\/tattja-dvojset-ingeborg-horcicovo-zlty\/\"]}]},{\"@type\":\"ImageObject\",\"inLanguage\":\"da-DK\",\"@id\":\"https:\/\/www.tattja.com\/product\/tattja-dvojset-ingeborg-horcicovo-zlty\/#primaryimage\",\"url\":\"https:\/\/www.tattja.com\/wp-content\/uploads\/2026\/01\/horcicovo-zlty-dvojset-nakrcnik-ciapka-spredu-25.webp\",\"contentUrl\":\"https:\/\/www.tattja.com\/wp-content\/uploads\/2026\/01\/horcicovo-zlty-dvojset-nakrcnik-ciapka-spredu-25.webp\",\"width\":1365,\"height\":2048,\"caption\":\"Elegantn\u00fd pleten\u00fd dvojset INGEBORG v hor\u010dicovo-\u017eltom odtieni \u2013 TATTJA\"},{\"@type\":\"BreadcrumbList\",\"@id\":\"https:\/\/www.tattja.com\/product\/tattja-dvojset-ingeborg-horcicovo-zlty\/#breadcrumb\",\"itemListElement\":[{\"@type\":\"ListItem\",\"position\":1,\"name\":\"Domov\",\"item\":\"https:\/\/www.tattja.com\/\"},{\"@type\":\"ListItem\",\"position\":2,\"name\":\"Produkty\",\"item\":\"https:\/\/www.tattja.com\/damske-oblecenie-produkty\/\"},{\"@type\":\"ListItem\",\"position\":3,\"name\":\"D\u00e1mske oble\u010denie 2-set INGEBORG hor\u010dicovo-\u017elt\u00fd\"}]},{\"@type\":\"WebSite\",\"@id\":\"https:\/\/www.tattja.com\/#website\",\"url\":\"https:\/\/www.tattja.com\/\",\"name\":\"TATTJA\",\"description\":\"D\u00e1mske oble\u010denie z extra jemnej merino vlny \u2014 ru\u010dne pleten\u00e9 na Slovensku\",\"potentialAction\":[{\"@type\":\"SearchAction\",\"target\":{\"@type\":\"EntryPoint\",\"urlTemplate\":\"https:\/\/www.tattja.com\/?s={search_term_string}\"},\"query-input\":{\"@type\":\"PropertyValueSpecification\",\"valueRequired\":true,\"valueName\":\"search_term_string\"}}],\"inLanguage\":\"da-DK\"}]}<\/script>\n<!-- \/ Yoast SEO plugin. -->","yoast_head_json":{"title":"D\u00e1mske oble\u010denie 2-set INGEBORG hor\u010dicovo-\u017elt\u00fd - TATTJA","description":"D\u00e1mske oble\u010denie dvojset INGEBORG hor\u010dicovo-\u017elt\u00fd \u2013 luxusn\u00fd set \u010diapky a n\u00e1kr\u010dn\u00edka v odtieni energie a elegancie, ktor\u00fd roz\u017eiari ka\u017ed\u00fd de\u0148.","robots":{"index":"index","follow":"follow","max-snippet":"max-snippet:-1","max-image-preview":"max-image-preview:large","max-video-preview":"max-video-preview:-1"},"canonical":"https:\/\/www.tattja.com\/da\/product\/tattja-dvojset-ingeborg-horcicovo-zlty\/","og_locale":"da_DK","og_type":"article","og_title":"D\u00e1mske oble\u010denie 2-set INGEBORG hor\u010dicovo-\u017elt\u00fd - TATTJA","og_description":"D\u00e1mske oble\u010denie dvojset INGEBORG hor\u010dicovo-\u017elt\u00fd \u2013 luxusn\u00fd set \u010diapky a n\u00e1kr\u010dn\u00edka v odtieni energie a elegancie, ktor\u00fd roz\u017eiari ka\u017ed\u00fd de\u0148.","og_url":"https:\/\/www.tattja.com\/da\/product\/tattja-dvojset-ingeborg-horcicovo-zlty\/","og_site_name":"TATTJA","article_modified_time":"2026-04-05T17:45:07+00:00","og_image":[{"width":1365,"height":2048,"url":"https:\/\/www.tattja.com\/wp-content\/uploads\/2026\/01\/horcicovo-zlty-dvojset-nakrcnik-ciapka-spredu-25.webp","type":"image\/webp"}],"twitter_card":"summary_large_image","twitter_misc":{"Estimeret l\u00e6setid":"2 minutter"},"schema":{"@context":"https:\/\/schema.org","@graph":[{"@type":"WebPage","@id":"https:\/\/www.tattja.com\/product\/tattja-dvojset-ingeborg-horcicovo-zlty\/","url":"https:\/\/www.tattja.com\/product\/tattja-dvojset-ingeborg-horcicovo-zlty\/","name":"D\u00e1mske oble\u010denie 2-set INGEBORG hor\u010dicovo-\u017elt\u00fd - TATTJA","isPartOf":{"@id":"https:\/\/www.tattja.com\/#website"},"primaryImageOfPage":{"@id":"https:\/\/www.tattja.com\/product\/tattja-dvojset-ingeborg-horcicovo-zlty\/#primaryimage"},"image":{"@id":"https:\/\/www.tattja.com\/product\/tattja-dvojset-ingeborg-horcicovo-zlty\/#primaryimage"},"thumbnailUrl":"https:\/\/www.tattja.com\/wp-content\/uploads\/2026\/01\/horcicovo-zlty-dvojset-nakrcnik-ciapka-spredu-25.webp","datePublished":"2025-08-06T05:46:43+00:00","dateModified":"2026-04-05T17:45:07+00:00","description":"D\u00e1mske oble\u010denie dvojset INGEBORG hor\u010dicovo-\u017elt\u00fd \u2013 luxusn\u00fd set \u010diapky a n\u00e1kr\u010dn\u00edka v odtieni energie a elegancie, ktor\u00fd roz\u017eiari ka\u017ed\u00fd de\u0148.","breadcrumb":{"@id":"https:\/\/www.tattja.com\/product\/tattja-dvojset-ingeborg-horcicovo-zlty\/#breadcrumb"},"inLanguage":"da-DK","potentialAction":[{"@type":"ReadAction","target":["https:\/\/www.tattja.com\/product\/tattja-dvojset-ingeborg-horcicovo-zlty\/"]}]},{"@type":"ImageObject","inLanguage":"da-DK","@id":"https:\/\/www.tattja.com\/product\/tattja-dvojset-ingeborg-horcicovo-zlty\/#primaryimage","url":"https:\/\/www.tattja.com\/wp-content\/uploads\/2026\/01\/horcicovo-zlty-dvojset-nakrcnik-ciapka-spredu-25.webp","contentUrl":"https:\/\/www.tattja.com\/wp-content\/uploads\/2026\/01\/horcicovo-zlty-dvojset-nakrcnik-ciapka-spredu-25.webp","width":1365,"height":2048,"caption":"Elegantn\u00fd pleten\u00fd dvojset INGEBORG v hor\u010dicovo-\u017eltom odtieni \u2013 TATTJA"},{"@type":"BreadcrumbList","@id":"https:\/\/www.tattja.com\/product\/tattja-dvojset-ingeborg-horcicovo-zlty\/#breadcrumb","itemListElement":[{"@type":"ListItem","position":1,"name":"Domov","item":"https:\/\/www.tattja.com\/"},{"@type":"ListItem","position":2,"name":"Produkty","item":"https:\/\/www.tattja.com\/damske-oblecenie-produkty\/"},{"@type":"ListItem","position":3,"name":"D\u00e1mske oble\u010denie 2-set INGEBORG hor\u010dicovo-\u017elt\u00fd"}]},{"@type":"WebSite","@id":"https:\/\/www.tattja.com\/#website","url":"https:\/\/www.tattja.com\/","name":"TATTJA","description":"D\u00e1mske oble\u010denie z extra jemnej merino vlny \u2014 ru\u010dne pleten\u00e9 na Slovensku","potentialAction":[{"@type":"SearchAction","target":{"@type":"EntryPoint","urlTemplate":"https:\/\/www.tattja.com\/?s={search_term_string}"},"query-input":{"@type":"PropertyValueSpecification","valueRequired":true,"valueName":"search_term_string"}}],"inLanguage":"da-DK"}]}},"_links":{"self":[{"href":"https:\/\/www.tattja.com\/da\/wp-json\/wp\/v2\/product\/1844","targetHints":{"allow":["GET"]}}],"collection":[{"href":"https:\/\/www.tattja.com\/da\/wp-json\/wp\/v2\/product"}],"about":[{"href":"https:\/\/www.tattja.com\/da\/wp-json\/wp\/v2\/types\/product"}],"replies":[{"embeddable":true,"href":"https:\/\/www.tattja.com\/da\/wp-json\/wp\/v2\/comments?post=1844"}],"version-history":[{"count":6,"href":"https:\/\/www.tattja.com\/da\/wp-json\/wp\/v2\/product\/1844\/revisions"}],"predecessor-version":[{"id":7267,"href":"https:\/\/www.tattja.com\/da\/wp-json\/wp\/v2\/product\/1844\/revisions\/7267"}],"wp:featuredmedia":[{"embeddable":true,"href":"https:\/\/www.tattja.com\/da\/wp-json\/wp\/v2\/media\/7534"}],"wp:attachment":[{"href":"https:\/\/www.tattja.com\/da\/wp-json\/wp\/v2\/media?parent=1844"}],"wp:term":[{"taxonomy":"product_brand","embeddable":true,"href":"https:\/\/www.tattja.com\/da\/wp-json\/wp\/v2\/product_brand?post=1844"},{"taxonomy":"product_cat","embeddable":true,"href":"https:\/\/www.tattja.com\/da\/wp-json\/wp\/v2\/product_cat?post=1844"},{"taxonomy":"product_tag","embeddable":true,"href":"https:\/\/www.tattja.com\/da\/wp-json\/wp\/v2\/product_tag?post=1844"}],"curies":[{"name":"wp","href":"https:\/\/api.w.org\/{rel}","templated":true}]}}