{"id":1846,"date":"2025-08-06T07:49:08","date_gmt":"2025-08-06T05:49:08","guid":{"rendered":"https:\/\/www.tattja.com\/?post_type=product&#038;p=1846"},"modified":"2026-04-05T19:45:07","modified_gmt":"2026-04-05T17:45:07","slug":"damske-oblecenie-trojset-dakin-horcicovo-zlty","status":"publish","type":"product","link":"https:\/\/www.tattja.com\/da\/product\/damske-oblecenie-trojset-dakin-horcicovo-zlty\/","title":{"rendered":"D\u00e1mske oble\u010denie 3-set DAKIN hor\u010dicovo-\u017elt\u00fd"},"content":{"rendered":"<p data-start=\"937\" data-end=\"1206\"><strong data-start=\"937\" data-end=\"986\">Damet\u00f8j tre-s\u00e6t DAKIN sennepsgul<\/strong> repr\u00e6senterer den perfekte blanding af elegance, komfort og moderne energi. Dette enest\u00e5ende s\u00e6t fra kollektionen <strong data-start=\"1088\" data-end=\"1098\">TATTJA<\/strong> blev skabt til kvinder, der ser mode som en m\u00e5de at udtrykke sig p\u00e5 og \u00f8nsker at f\u00f8le sig selvsikre i hvert \u00f8jeblik.<\/p>\n<p data-start=\"1208\" data-end=\"1614\">Det tredobbelte s\u00e6t best\u00e5r af tre sammenh\u00e6ngende dele - en halsklud, et sjal og \u00e6rmer. Halsstykket smyger sig om skuldrene og halsen og giver en f\u00f8lelse af varme og tryghed, samtidig med at det ser elegant og feminint ud. Sjalet varmer midten af kroppen, fremh\u00e6ver taljen og former en yndefuld silhuet. \u00c6rmerne giver en subtil accent og praktisk beskyttelse mod kulden. Sammen skaber de et gennemt\u00e6nkt ensemble, der kombinerer funktionalitet med et \u00e6stetisk udtryk.<\/p>\n<p data-start=\"1616\" data-end=\"1907\">Den sennepsgule farve udstr\u00e5ler liv, energi og optimisme. Den symboliserer beslutsomhed, vitalitet og feminin styrke. Denne nuance kombineres smukt med neutrale toner og kontrastfarver for at give ethvert outfit en enest\u00e5ende karakter. Den varmer om vinteren og lyser op hver dag om for\u00e5ret.<\/p>\n<p data-start=\"1909\" data-end=\"2196\">Det strikkede stof af f\u00f8rsteklasses fibre er bl\u00f8dt, str\u00e6kbart og \u00e5ndbart, hvilket sikrer komfort hele dagen. Hver eneste detalje i modellen <strong data-start=\"2022\" data-end=\"2031\">DAKIN<\/strong> er omhyggeligt udformet for at fremh\u00e6ve den feminine form og de yndefulde bev\u00e6gelser.<\/p>\n<p data-start=\"1909\" data-end=\"2196\">DAKIN sennepsgult trippels\u00e6t til kvinder Vi har skabt dette s\u00e6t til kvinder, der s\u00f8ger en kombination af luksus, naturlig sk\u00f8nhed og funktionalitet.<\/p>\n<p data-start=\"2198\" data-end=\"2303\">Oplev sk\u00f8nheden i delikatesse, sofistikerede detaljer og feminin stil, der vil holde dig varm og... <a href=\"https:\/\/www.tattja.com\/da\/product-category\/damske-oblecenie\/trojsety-3\/nakrcnik-a-driekovnik-a-rukavniky\/\">i andre farver<\/a>.<\/p>\n<p data-start=\"2305\" data-end=\"2428\"><strong data-start=\"2305\" data-end=\"2359\">Se her, <a href=\"https:\/\/shop.bogensberger.co.at\/produkt-schlagwort\/merino-extrafein\/\">fra hvilke materialer<\/a> vi producerer vores v\u00e6rker<\/strong> og fork\u00e6l dig selv med f\u00f8lelsen af unikhed i hver eneste tr\u00e5d af TATTJA-strik.<\/p>","protected":false},"excerpt":{"rendered":"<p><strong data-start=\"619\" data-end=\"668\">Damet\u00f8j tre-s\u00e6t DAKIN sennepsgul<\/strong> kombinerer stil, komfort og mod. Slips, sjal og \u00e6rmer danner et harmonisk s\u00e6t, der fremh\u00e6ver den kvindelige figur og giver en varmende energi til outfittet. Den sennepsgule nuance ser frisk, modig og tidl\u00f8s ud.<\/p>","protected":false},"featured_media":7561,"comment_status":"open","ping_status":"closed","template":"","meta":[],"product_brand":[],"product_cat":[284,300,285,185,187],"product_tag":[],"class_list":{"0":"post-1846","1":"product","2":"type-product","3":"status-publish","4":"has-post-thumbnail","6":"product_cat-trojsety-3","7":"product_cat-damske-oblecenie","8":"product_cat-nakrcnik-a-driekovnik-a-rukavniky","9":"product_cat-pleteninove-doplnky-horcicovo-zlte","10":"product_cat-trojsety-horcicovo-zlte","12":"first","13":"instock","14":"taxable","15":"shipping-taxable","16":"purchasable","17":"product-type-simple"},"yoast_head":"<!-- This site is optimized with the Yoast SEO plugin v26.0 - https:\/\/yoast.com\/wordpress\/plugins\/seo\/ -->\n<title>D\u00e1mske oble\u010denie 3-set DAKIN hor\u010dicovo-\u017elt\u00fd - TATTJA<\/title>\n<meta name=\"description\" content=\"D\u00e1mske oble\u010denie trojset DAKIN hor\u010dicovo-\u017elt\u00fd \u2013 exkluz\u00edvny pleten\u00fd set TATTJA, ktor\u00fd sp\u00e1ja noblesu, komfort a \u017eiariv\u00fa energiu v modernom dizajne.\" \/>\n<meta name=\"robots\" content=\"index, follow, max-snippet:-1, max-image-preview:large, max-video-preview:-1\" \/>\n<link rel=\"canonical\" href=\"https:\/\/www.tattja.com\/da\/product\/damske-oblecenie-trojset-dakin-horcicovo-zlty\/\" \/>\n<meta property=\"og:locale\" content=\"da_DK\" \/>\n<meta property=\"og:type\" content=\"article\" \/>\n<meta property=\"og:title\" content=\"D\u00e1mske oble\u010denie 3-set DAKIN hor\u010dicovo-\u017elt\u00fd - TATTJA\" \/>\n<meta property=\"og:description\" content=\"D\u00e1mske oble\u010denie trojset DAKIN hor\u010dicovo-\u017elt\u00fd \u2013 exkluz\u00edvny pleten\u00fd set TATTJA, ktor\u00fd sp\u00e1ja noblesu, komfort a \u017eiariv\u00fa energiu v modernom dizajne.\" \/>\n<meta property=\"og:url\" content=\"https:\/\/www.tattja.com\/da\/product\/damske-oblecenie-trojset-dakin-horcicovo-zlty\/\" \/>\n<meta property=\"og:site_name\" content=\"TATTJA\" \/>\n<meta property=\"article:modified_time\" content=\"2026-04-05T17:45:07+00:00\" \/>\n<meta property=\"og:image\" content=\"https:\/\/www.tattja.com\/wp-content\/uploads\/2026\/01\/horcicovo-zlty-trojset-nakrcnik-driekovnik-rukavniky-spredu-7.webp\" \/>\n\t<meta property=\"og:image:width\" content=\"1365\" \/>\n\t<meta property=\"og:image:height\" content=\"2048\" \/>\n\t<meta property=\"og:image:type\" content=\"image\/webp\" \/>\n<meta name=\"twitter:card\" content=\"summary_large_image\" \/>\n<meta name=\"twitter:label1\" content=\"Estimeret l\u00e6setid\" \/>\n\t<meta name=\"twitter:data1\" content=\"2 minutter\" \/>\n<script type=\"application\/ld+json\" class=\"yoast-schema-graph\">{\"@context\":\"https:\/\/schema.org\",\"@graph\":[{\"@type\":\"WebPage\",\"@id\":\"https:\/\/www.tattja.com\/product\/damske-oblecenie-trojset-dakin-horcicovo-zlty\/\",\"url\":\"https:\/\/www.tattja.com\/product\/damske-oblecenie-trojset-dakin-horcicovo-zlty\/\",\"name\":\"D\u00e1mske oble\u010denie 3-set DAKIN hor\u010dicovo-\u017elt\u00fd - TATTJA\",\"isPartOf\":{\"@id\":\"https:\/\/www.tattja.com\/#website\"},\"primaryImageOfPage\":{\"@id\":\"https:\/\/www.tattja.com\/product\/damske-oblecenie-trojset-dakin-horcicovo-zlty\/#primaryimage\"},\"image\":{\"@id\":\"https:\/\/www.tattja.com\/product\/damske-oblecenie-trojset-dakin-horcicovo-zlty\/#primaryimage\"},\"thumbnailUrl\":\"https:\/\/www.tattja.com\/wp-content\/uploads\/2026\/01\/horcicovo-zlty-trojset-nakrcnik-driekovnik-rukavniky-spredu-7.webp\",\"datePublished\":\"2025-08-06T05:49:08+00:00\",\"dateModified\":\"2026-04-05T17:45:07+00:00\",\"description\":\"D\u00e1mske oble\u010denie trojset DAKIN hor\u010dicovo-\u017elt\u00fd \u2013 exkluz\u00edvny pleten\u00fd set TATTJA, ktor\u00fd sp\u00e1ja noblesu, komfort a \u017eiariv\u00fa energiu v modernom dizajne.\",\"breadcrumb\":{\"@id\":\"https:\/\/www.tattja.com\/product\/damske-oblecenie-trojset-dakin-horcicovo-zlty\/#breadcrumb\"},\"inLanguage\":\"da-DK\",\"potentialAction\":[{\"@type\":\"ReadAction\",\"target\":[\"https:\/\/www.tattja.com\/product\/damske-oblecenie-trojset-dakin-horcicovo-zlty\/\"]}]},{\"@type\":\"ImageObject\",\"inLanguage\":\"da-DK\",\"@id\":\"https:\/\/www.tattja.com\/product\/damske-oblecenie-trojset-dakin-horcicovo-zlty\/#primaryimage\",\"url\":\"https:\/\/www.tattja.com\/wp-content\/uploads\/2026\/01\/horcicovo-zlty-trojset-nakrcnik-driekovnik-rukavniky-spredu-7.webp\",\"contentUrl\":\"https:\/\/www.tattja.com\/wp-content\/uploads\/2026\/01\/horcicovo-zlty-trojset-nakrcnik-driekovnik-rukavniky-spredu-7.webp\",\"width\":1365,\"height\":2048,\"caption\":\"Elegantn\u00fd pleten\u00fd trojset DAKIN v hor\u010dicovo-\u017eltom odtieni \u2013 TATTJA\"},{\"@type\":\"BreadcrumbList\",\"@id\":\"https:\/\/www.tattja.com\/product\/damske-oblecenie-trojset-dakin-horcicovo-zlty\/#breadcrumb\",\"itemListElement\":[{\"@type\":\"ListItem\",\"position\":1,\"name\":\"Domov\",\"item\":\"https:\/\/www.tattja.com\/\"},{\"@type\":\"ListItem\",\"position\":2,\"name\":\"Produkty\",\"item\":\"https:\/\/www.tattja.com\/damske-oblecenie-produkty\/\"},{\"@type\":\"ListItem\",\"position\":3,\"name\":\"D\u00e1mske oble\u010denie 3-set DAKIN hor\u010dicovo-\u017elt\u00fd\"}]},{\"@type\":\"WebSite\",\"@id\":\"https:\/\/www.tattja.com\/#website\",\"url\":\"https:\/\/www.tattja.com\/\",\"name\":\"TATTJA\",\"description\":\"D\u00e1mske oble\u010denie z extra jemnej merino vlny \u2014 ru\u010dne pleten\u00e9 na Slovensku\",\"potentialAction\":[{\"@type\":\"SearchAction\",\"target\":{\"@type\":\"EntryPoint\",\"urlTemplate\":\"https:\/\/www.tattja.com\/?s={search_term_string}\"},\"query-input\":{\"@type\":\"PropertyValueSpecification\",\"valueRequired\":true,\"valueName\":\"search_term_string\"}}],\"inLanguage\":\"da-DK\"}]}<\/script>\n<!-- \/ Yoast SEO plugin. -->","yoast_head_json":{"title":"D\u00e1mske oble\u010denie 3-set DAKIN hor\u010dicovo-\u017elt\u00fd - TATTJA","description":"D\u00e1mske oble\u010denie trojset DAKIN hor\u010dicovo-\u017elt\u00fd \u2013 exkluz\u00edvny pleten\u00fd set TATTJA, ktor\u00fd sp\u00e1ja noblesu, komfort a \u017eiariv\u00fa energiu v modernom dizajne.","robots":{"index":"index","follow":"follow","max-snippet":"max-snippet:-1","max-image-preview":"max-image-preview:large","max-video-preview":"max-video-preview:-1"},"canonical":"https:\/\/www.tattja.com\/da\/product\/damske-oblecenie-trojset-dakin-horcicovo-zlty\/","og_locale":"da_DK","og_type":"article","og_title":"D\u00e1mske oble\u010denie 3-set DAKIN hor\u010dicovo-\u017elt\u00fd - TATTJA","og_description":"D\u00e1mske oble\u010denie trojset DAKIN hor\u010dicovo-\u017elt\u00fd \u2013 exkluz\u00edvny pleten\u00fd set TATTJA, ktor\u00fd sp\u00e1ja noblesu, komfort a \u017eiariv\u00fa energiu v modernom dizajne.","og_url":"https:\/\/www.tattja.com\/da\/product\/damske-oblecenie-trojset-dakin-horcicovo-zlty\/","og_site_name":"TATTJA","article_modified_time":"2026-04-05T17:45:07+00:00","og_image":[{"width":1365,"height":2048,"url":"https:\/\/www.tattja.com\/wp-content\/uploads\/2026\/01\/horcicovo-zlty-trojset-nakrcnik-driekovnik-rukavniky-spredu-7.webp","type":"image\/webp"}],"twitter_card":"summary_large_image","twitter_misc":{"Estimeret l\u00e6setid":"2 minutter"},"schema":{"@context":"https:\/\/schema.org","@graph":[{"@type":"WebPage","@id":"https:\/\/www.tattja.com\/product\/damske-oblecenie-trojset-dakin-horcicovo-zlty\/","url":"https:\/\/www.tattja.com\/product\/damske-oblecenie-trojset-dakin-horcicovo-zlty\/","name":"D\u00e1mske oble\u010denie 3-set DAKIN hor\u010dicovo-\u017elt\u00fd - TATTJA","isPartOf":{"@id":"https:\/\/www.tattja.com\/#website"},"primaryImageOfPage":{"@id":"https:\/\/www.tattja.com\/product\/damske-oblecenie-trojset-dakin-horcicovo-zlty\/#primaryimage"},"image":{"@id":"https:\/\/www.tattja.com\/product\/damske-oblecenie-trojset-dakin-horcicovo-zlty\/#primaryimage"},"thumbnailUrl":"https:\/\/www.tattja.com\/wp-content\/uploads\/2026\/01\/horcicovo-zlty-trojset-nakrcnik-driekovnik-rukavniky-spredu-7.webp","datePublished":"2025-08-06T05:49:08+00:00","dateModified":"2026-04-05T17:45:07+00:00","description":"D\u00e1mske oble\u010denie trojset DAKIN hor\u010dicovo-\u017elt\u00fd \u2013 exkluz\u00edvny pleten\u00fd set TATTJA, ktor\u00fd sp\u00e1ja noblesu, komfort a \u017eiariv\u00fa energiu v modernom dizajne.","breadcrumb":{"@id":"https:\/\/www.tattja.com\/product\/damske-oblecenie-trojset-dakin-horcicovo-zlty\/#breadcrumb"},"inLanguage":"da-DK","potentialAction":[{"@type":"ReadAction","target":["https:\/\/www.tattja.com\/product\/damske-oblecenie-trojset-dakin-horcicovo-zlty\/"]}]},{"@type":"ImageObject","inLanguage":"da-DK","@id":"https:\/\/www.tattja.com\/product\/damske-oblecenie-trojset-dakin-horcicovo-zlty\/#primaryimage","url":"https:\/\/www.tattja.com\/wp-content\/uploads\/2026\/01\/horcicovo-zlty-trojset-nakrcnik-driekovnik-rukavniky-spredu-7.webp","contentUrl":"https:\/\/www.tattja.com\/wp-content\/uploads\/2026\/01\/horcicovo-zlty-trojset-nakrcnik-driekovnik-rukavniky-spredu-7.webp","width":1365,"height":2048,"caption":"Elegantn\u00fd pleten\u00fd trojset DAKIN v hor\u010dicovo-\u017eltom odtieni \u2013 TATTJA"},{"@type":"BreadcrumbList","@id":"https:\/\/www.tattja.com\/product\/damske-oblecenie-trojset-dakin-horcicovo-zlty\/#breadcrumb","itemListElement":[{"@type":"ListItem","position":1,"name":"Domov","item":"https:\/\/www.tattja.com\/"},{"@type":"ListItem","position":2,"name":"Produkty","item":"https:\/\/www.tattja.com\/damske-oblecenie-produkty\/"},{"@type":"ListItem","position":3,"name":"D\u00e1mske oble\u010denie 3-set DAKIN hor\u010dicovo-\u017elt\u00fd"}]},{"@type":"WebSite","@id":"https:\/\/www.tattja.com\/#website","url":"https:\/\/www.tattja.com\/","name":"TATTJA","description":"D\u00e1mske oble\u010denie z extra jemnej merino vlny \u2014 ru\u010dne pleten\u00e9 na Slovensku","potentialAction":[{"@type":"SearchAction","target":{"@type":"EntryPoint","urlTemplate":"https:\/\/www.tattja.com\/?s={search_term_string}"},"query-input":{"@type":"PropertyValueSpecification","valueRequired":true,"valueName":"search_term_string"}}],"inLanguage":"da-DK"}]}},"_links":{"self":[{"href":"https:\/\/www.tattja.com\/da\/wp-json\/wp\/v2\/product\/1846","targetHints":{"allow":["GET"]}}],"collection":[{"href":"https:\/\/www.tattja.com\/da\/wp-json\/wp\/v2\/product"}],"about":[{"href":"https:\/\/www.tattja.com\/da\/wp-json\/wp\/v2\/types\/product"}],"replies":[{"embeddable":true,"href":"https:\/\/www.tattja.com\/da\/wp-json\/wp\/v2\/comments?post=1846"}],"version-history":[{"count":6,"href":"https:\/\/www.tattja.com\/da\/wp-json\/wp\/v2\/product\/1846\/revisions"}],"predecessor-version":[{"id":7266,"href":"https:\/\/www.tattja.com\/da\/wp-json\/wp\/v2\/product\/1846\/revisions\/7266"}],"wp:featuredmedia":[{"embeddable":true,"href":"https:\/\/www.tattja.com\/da\/wp-json\/wp\/v2\/media\/7561"}],"wp:attachment":[{"href":"https:\/\/www.tattja.com\/da\/wp-json\/wp\/v2\/media?parent=1846"}],"wp:term":[{"taxonomy":"product_brand","embeddable":true,"href":"https:\/\/www.tattja.com\/da\/wp-json\/wp\/v2\/product_brand?post=1846"},{"taxonomy":"product_cat","embeddable":true,"href":"https:\/\/www.tattja.com\/da\/wp-json\/wp\/v2\/product_cat?post=1846"},{"taxonomy":"product_tag","embeddable":true,"href":"https:\/\/www.tattja.com\/da\/wp-json\/wp\/v2\/product_tag?post=1846"}],"curies":[{"name":"wp","href":"https:\/\/api.w.org\/{rel}","templated":true}]}}