{"id":1862,"date":"2025-08-08T07:22:48","date_gmt":"2025-08-08T05:22:48","guid":{"rendered":"https:\/\/www.tattja.com\/?post_type=product&#038;p=1862"},"modified":"2026-04-05T19:45:06","modified_gmt":"2026-04-05T17:45:06","slug":"damske-oblecenie-ciapka-anja-cerveno-oranzova-lososova","status":"publish","type":"product","link":"https:\/\/www.tattja.com\/da\/product\/damske-oblecenie-ciapka-anja-cerveno-oranzova-lososova\/","title":{"rendered":"Damet\u00f8j kasket ANJA r\u00f8d-orange-laks"},"content":{"rendered":"<p data-start=\"911\" data-end=\"1191\"><strong data-start=\"911\" data-end=\"969\">Damet\u00f8j kasket ANJA r\u00f8d-orange-laks<\/strong> er en kombination af energi, femininitet og tidl\u00f8s stil. Dette enest\u00e5ende tilbeh\u00f8r fra kollektionen <strong data-start=\"1057\" data-end=\"1067\">TATTJA<\/strong> skiller sig ud med sin friske farve, behagelige strik og pr\u00e6cise udf\u00f8relse, som understreger m\u00e6rkets enest\u00e5ende karakter.<\/p>\n<p data-start=\"1193\" data-end=\"1532\">Den livlige nuance svinger mellem r\u00f8d intensitet, orange varme og bl\u00f8dheden i en laksetone. Denne farveharmoni f\u00e5r kasketten til at se legende og samtidig elegant ud. Den bringer optimisme, gl\u00e6de og feminin charme til outfittet. Den passer godt sammen med neutrale nuancer og kontrasterende dele, hvilket \u00e5bner op for uendelige stylingmuligheder.<\/p>\n<p data-start=\"1534\" data-end=\"1777\">Den fine ribstrik tilpasser sig hovedets form og giver en behagelig f\u00f8lelse af varme og komfort. Materialet f\u00f8les bl\u00f8dt, men bevarer sin form og elegante struktur. Takket v\u00e6re det pr\u00e6cise h\u00e5ndv\u00e6rk kombinerer kasketten praktisk anvendelighed med \u00e6stetisk perfektion.<\/p>\n<p data-start=\"1779\" data-end=\"2054\">Den raffinerede silhuet giver kasketten et moderne, urbant pr\u00e6g og forbedrer dens funktionalitet. Den beskytter \u00f8jnene mod vinden og solens str\u00e5ler, samtidig med at den skaber en sofistikeret silhuet. Denne detalje f\u00e5r modellen til at skille sig ud <strong data-start=\"1964\" data-end=\"1972\">ANJA<\/strong> fra almindelige strikhuer og g\u00f8r den til et ikonisk tilbeh\u00f8r til hverdagsstilen.<\/p>\n<p data-start=\"2056\" data-end=\"2305\"><strong data-start=\"2056\" data-end=\"2097\">Damet\u00f8j kasket ANJA r\u00f8d-orange-laks<\/strong> skiller sig ud alene og i kombination med andre dele af kollektionen <strong data-start=\"2162\" data-end=\"2172\">TATTJA<\/strong>- med en skjortekrave, armbind eller en halsvarmer. Sammen skaber de en harmonisk helhed, der kombinerer komfort, originalitet og feminin elegance.<\/p>\n<p data-start=\"2307\" data-end=\"2412\">Oplev sk\u00f8nheden i delikatesse, sofistikerede detaljer og feminin stil, der vil holde dig varm og... <a href=\"https:\/\/www.tattja.com\/da\/product-category\/damske-oblecenie\/doplnky-jednotlivo\/ciapky\/\">i andre farver<\/a>.<\/p>\n<p data-start=\"2414\" data-end=\"2527\"><strong data-start=\"2414\" data-end=\"2468\">Se her, <a href=\"https:\/\/shop.bogensberger.co.at\/produkt-schlagwort\/merino-extrafein\/\">fra hvilke materialer<\/a> vi producerer vores v\u00e6rker<\/strong> og fork\u00e6l dig selv med et strejf af luksus, som du kan m\u00e6rke i hver eneste fiber.<\/p>","protected":false},"excerpt":{"rendered":"<p><strong data-start=\"704\" data-end=\"762\">Damet\u00f8j kasket ANJA r\u00f8d-orange-laks<\/strong> - En livlig strikket hue med sjal, der kombinerer varme, femininitet og legesyge i et unikt og moderigtigt design.<\/p>","protected":false},"featured_media":7077,"comment_status":"open","ping_status":"closed","template":"","meta":[],"product_brand":[],"product_cat":[176,282,300,298,169],"product_tag":[],"class_list":{"0":"post-1862","1":"product","2":"type-product","3":"status-publish","4":"has-post-thumbnail","6":"product_cat-ciapka-cervenooranzova-lososova","7":"product_cat-ciapky","8":"product_cat-damske-oblecenie","9":"product_cat-doplnky-jednotlivo","10":"product_cat-pleteninove-doplnky-cervenooranzove-lososove","12":"first","13":"instock","14":"taxable","15":"shipping-taxable","16":"purchasable","17":"product-type-simple"},"yoast_head":"<!-- This site is optimized with the Yoast SEO plugin v26.0 - https:\/\/yoast.com\/wordpress\/plugins\/seo\/ -->\n<title>D\u00e1mske oble\u010denie \u010diapka ANJA \u010derveno-oran\u017eov\u00e1-lososov\u00e1 - TATTJA<\/title>\n<meta name=\"description\" content=\"D\u00e1mske oble\u010denie \u010diapka ANJA \u010derveno-oran\u017eovo-lososov\u00e1 \u2013 svie\u017ea energia, \u017eensk\u00fd \u0161arm a jemn\u00e1 pletenina pre pohodlie a \u0161t\u00fdl po\u010das chladn\u00fdch dn\u00ed.\" \/>\n<meta name=\"robots\" content=\"index, follow, max-snippet:-1, max-image-preview:large, max-video-preview:-1\" \/>\n<link rel=\"canonical\" href=\"https:\/\/www.tattja.com\/da\/product\/damske-oblecenie-ciapka-anja-cerveno-oranzova-lososova\/\" \/>\n<meta property=\"og:locale\" content=\"da_DK\" \/>\n<meta property=\"og:type\" content=\"article\" \/>\n<meta property=\"og:title\" content=\"D\u00e1mske oble\u010denie \u010diapka ANJA \u010derveno-oran\u017eov\u00e1-lososov\u00e1 - TATTJA\" \/>\n<meta property=\"og:description\" content=\"D\u00e1mske oble\u010denie \u010diapka ANJA \u010derveno-oran\u017eovo-lososov\u00e1 \u2013 svie\u017ea energia, \u017eensk\u00fd \u0161arm a jemn\u00e1 pletenina pre pohodlie a \u0161t\u00fdl po\u010das chladn\u00fdch dn\u00ed.\" \/>\n<meta property=\"og:url\" content=\"https:\/\/www.tattja.com\/da\/product\/damske-oblecenie-ciapka-anja-cerveno-oranzova-lososova\/\" \/>\n<meta property=\"og:site_name\" content=\"TATTJA\" \/>\n<meta property=\"article:modified_time\" content=\"2026-04-05T17:45:06+00:00\" \/>\n<meta property=\"og:image\" content=\"https:\/\/www.tattja.com\/wp-content\/uploads\/2025\/12\/cerveno-oranzovy-lososovy-ciapka-spredu-43.webp\" \/>\n\t<meta property=\"og:image:width\" content=\"1365\" \/>\n\t<meta property=\"og:image:height\" content=\"2048\" \/>\n\t<meta property=\"og:image:type\" content=\"image\/webp\" \/>\n<meta name=\"twitter:card\" content=\"summary_large_image\" \/>\n<meta name=\"twitter:label1\" content=\"Estimeret l\u00e6setid\" \/>\n\t<meta name=\"twitter:data1\" content=\"2 minutter\" \/>\n<script type=\"application\/ld+json\" class=\"yoast-schema-graph\">{\"@context\":\"https:\/\/schema.org\",\"@graph\":[{\"@type\":\"WebPage\",\"@id\":\"https:\/\/www.tattja.com\/product\/damske-oblecenie-ciapka-anja-cerveno-oranzova-lososova\/\",\"url\":\"https:\/\/www.tattja.com\/product\/damske-oblecenie-ciapka-anja-cerveno-oranzova-lososova\/\",\"name\":\"D\u00e1mske oble\u010denie \u010diapka ANJA \u010derveno-oran\u017eov\u00e1-lososov\u00e1 - TATTJA\",\"isPartOf\":{\"@id\":\"https:\/\/www.tattja.com\/#website\"},\"primaryImageOfPage\":{\"@id\":\"https:\/\/www.tattja.com\/product\/damske-oblecenie-ciapka-anja-cerveno-oranzova-lososova\/#primaryimage\"},\"image\":{\"@id\":\"https:\/\/www.tattja.com\/product\/damske-oblecenie-ciapka-anja-cerveno-oranzova-lososova\/#primaryimage\"},\"thumbnailUrl\":\"https:\/\/www.tattja.com\/wp-content\/uploads\/2025\/12\/cerveno-oranzovy-lososovy-ciapka-spredu-43.webp\",\"datePublished\":\"2025-08-08T05:22:48+00:00\",\"dateModified\":\"2026-04-05T17:45:06+00:00\",\"description\":\"D\u00e1mske oble\u010denie \u010diapka ANJA \u010derveno-oran\u017eovo-lososov\u00e1 \u2013 svie\u017ea energia, \u017eensk\u00fd \u0161arm a jemn\u00e1 pletenina pre pohodlie a \u0161t\u00fdl po\u010das chladn\u00fdch dn\u00ed.\",\"breadcrumb\":{\"@id\":\"https:\/\/www.tattja.com\/product\/damske-oblecenie-ciapka-anja-cerveno-oranzova-lososova\/#breadcrumb\"},\"inLanguage\":\"da-DK\",\"potentialAction\":[{\"@type\":\"ReadAction\",\"target\":[\"https:\/\/www.tattja.com\/product\/damske-oblecenie-ciapka-anja-cerveno-oranzova-lososova\/\"]}]},{\"@type\":\"ImageObject\",\"inLanguage\":\"da-DK\",\"@id\":\"https:\/\/www.tattja.com\/product\/damske-oblecenie-ciapka-anja-cerveno-oranzova-lososova\/#primaryimage\",\"url\":\"https:\/\/www.tattja.com\/wp-content\/uploads\/2025\/12\/cerveno-oranzovy-lososovy-ciapka-spredu-43.webp\",\"contentUrl\":\"https:\/\/www.tattja.com\/wp-content\/uploads\/2025\/12\/cerveno-oranzovy-lososovy-ciapka-spredu-43.webp\",\"width\":1365,\"height\":2048,\"caption\":\"\u010ciapka ANJA \u2013 \u010derveno-oran\u017eovo-lososov\u00fd odtie\u0148 v prednom poh\u013eade\"},{\"@type\":\"BreadcrumbList\",\"@id\":\"https:\/\/www.tattja.com\/product\/damske-oblecenie-ciapka-anja-cerveno-oranzova-lososova\/#breadcrumb\",\"itemListElement\":[{\"@type\":\"ListItem\",\"position\":1,\"name\":\"Domov\",\"item\":\"https:\/\/www.tattja.com\/\"},{\"@type\":\"ListItem\",\"position\":2,\"name\":\"Produkty\",\"item\":\"https:\/\/www.tattja.com\/damske-oblecenie-produkty\/\"},{\"@type\":\"ListItem\",\"position\":3,\"name\":\"D\u00e1mske oble\u010denie \u010diapka ANJA \u010derveno-oran\u017eov\u00e1-lososov\u00e1\"}]},{\"@type\":\"WebSite\",\"@id\":\"https:\/\/www.tattja.com\/#website\",\"url\":\"https:\/\/www.tattja.com\/\",\"name\":\"TATTJA\",\"description\":\"D\u00e1mske oble\u010denie z extra jemnej merino vlny \u2014 ru\u010dne pleten\u00e9 na Slovensku\",\"potentialAction\":[{\"@type\":\"SearchAction\",\"target\":{\"@type\":\"EntryPoint\",\"urlTemplate\":\"https:\/\/www.tattja.com\/?s={search_term_string}\"},\"query-input\":{\"@type\":\"PropertyValueSpecification\",\"valueRequired\":true,\"valueName\":\"search_term_string\"}}],\"inLanguage\":\"da-DK\"}]}<\/script>\n<!-- \/ Yoast SEO plugin. -->","yoast_head_json":{"title":"D\u00e1mske oble\u010denie \u010diapka ANJA \u010derveno-oran\u017eov\u00e1-lososov\u00e1 - TATTJA","description":"D\u00e1mske oble\u010denie \u010diapka ANJA \u010derveno-oran\u017eovo-lososov\u00e1 \u2013 svie\u017ea energia, \u017eensk\u00fd \u0161arm a jemn\u00e1 pletenina pre pohodlie a \u0161t\u00fdl po\u010das chladn\u00fdch dn\u00ed.","robots":{"index":"index","follow":"follow","max-snippet":"max-snippet:-1","max-image-preview":"max-image-preview:large","max-video-preview":"max-video-preview:-1"},"canonical":"https:\/\/www.tattja.com\/da\/product\/damske-oblecenie-ciapka-anja-cerveno-oranzova-lososova\/","og_locale":"da_DK","og_type":"article","og_title":"D\u00e1mske oble\u010denie \u010diapka ANJA \u010derveno-oran\u017eov\u00e1-lososov\u00e1 - TATTJA","og_description":"D\u00e1mske oble\u010denie \u010diapka ANJA \u010derveno-oran\u017eovo-lososov\u00e1 \u2013 svie\u017ea energia, \u017eensk\u00fd \u0161arm a jemn\u00e1 pletenina pre pohodlie a \u0161t\u00fdl po\u010das chladn\u00fdch dn\u00ed.","og_url":"https:\/\/www.tattja.com\/da\/product\/damske-oblecenie-ciapka-anja-cerveno-oranzova-lososova\/","og_site_name":"TATTJA","article_modified_time":"2026-04-05T17:45:06+00:00","og_image":[{"width":1365,"height":2048,"url":"https:\/\/www.tattja.com\/wp-content\/uploads\/2025\/12\/cerveno-oranzovy-lososovy-ciapka-spredu-43.webp","type":"image\/webp"}],"twitter_card":"summary_large_image","twitter_misc":{"Estimeret l\u00e6setid":"2 minutter"},"schema":{"@context":"https:\/\/schema.org","@graph":[{"@type":"WebPage","@id":"https:\/\/www.tattja.com\/product\/damske-oblecenie-ciapka-anja-cerveno-oranzova-lososova\/","url":"https:\/\/www.tattja.com\/product\/damske-oblecenie-ciapka-anja-cerveno-oranzova-lososova\/","name":"D\u00e1mske oble\u010denie \u010diapka ANJA \u010derveno-oran\u017eov\u00e1-lososov\u00e1 - TATTJA","isPartOf":{"@id":"https:\/\/www.tattja.com\/#website"},"primaryImageOfPage":{"@id":"https:\/\/www.tattja.com\/product\/damske-oblecenie-ciapka-anja-cerveno-oranzova-lososova\/#primaryimage"},"image":{"@id":"https:\/\/www.tattja.com\/product\/damske-oblecenie-ciapka-anja-cerveno-oranzova-lososova\/#primaryimage"},"thumbnailUrl":"https:\/\/www.tattja.com\/wp-content\/uploads\/2025\/12\/cerveno-oranzovy-lososovy-ciapka-spredu-43.webp","datePublished":"2025-08-08T05:22:48+00:00","dateModified":"2026-04-05T17:45:06+00:00","description":"D\u00e1mske oble\u010denie \u010diapka ANJA \u010derveno-oran\u017eovo-lososov\u00e1 \u2013 svie\u017ea energia, \u017eensk\u00fd \u0161arm a jemn\u00e1 pletenina pre pohodlie a \u0161t\u00fdl po\u010das chladn\u00fdch dn\u00ed.","breadcrumb":{"@id":"https:\/\/www.tattja.com\/product\/damske-oblecenie-ciapka-anja-cerveno-oranzova-lososova\/#breadcrumb"},"inLanguage":"da-DK","potentialAction":[{"@type":"ReadAction","target":["https:\/\/www.tattja.com\/product\/damske-oblecenie-ciapka-anja-cerveno-oranzova-lososova\/"]}]},{"@type":"ImageObject","inLanguage":"da-DK","@id":"https:\/\/www.tattja.com\/product\/damske-oblecenie-ciapka-anja-cerveno-oranzova-lososova\/#primaryimage","url":"https:\/\/www.tattja.com\/wp-content\/uploads\/2025\/12\/cerveno-oranzovy-lososovy-ciapka-spredu-43.webp","contentUrl":"https:\/\/www.tattja.com\/wp-content\/uploads\/2025\/12\/cerveno-oranzovy-lososovy-ciapka-spredu-43.webp","width":1365,"height":2048,"caption":"\u010ciapka ANJA \u2013 \u010derveno-oran\u017eovo-lososov\u00fd odtie\u0148 v prednom poh\u013eade"},{"@type":"BreadcrumbList","@id":"https:\/\/www.tattja.com\/product\/damske-oblecenie-ciapka-anja-cerveno-oranzova-lososova\/#breadcrumb","itemListElement":[{"@type":"ListItem","position":1,"name":"Domov","item":"https:\/\/www.tattja.com\/"},{"@type":"ListItem","position":2,"name":"Produkty","item":"https:\/\/www.tattja.com\/damske-oblecenie-produkty\/"},{"@type":"ListItem","position":3,"name":"D\u00e1mske oble\u010denie \u010diapka ANJA \u010derveno-oran\u017eov\u00e1-lososov\u00e1"}]},{"@type":"WebSite","@id":"https:\/\/www.tattja.com\/#website","url":"https:\/\/www.tattja.com\/","name":"TATTJA","description":"D\u00e1mske oble\u010denie z extra jemnej merino vlny \u2014 ru\u010dne pleten\u00e9 na Slovensku","potentialAction":[{"@type":"SearchAction","target":{"@type":"EntryPoint","urlTemplate":"https:\/\/www.tattja.com\/?s={search_term_string}"},"query-input":{"@type":"PropertyValueSpecification","valueRequired":true,"valueName":"search_term_string"}}],"inLanguage":"da-DK"}]}},"_links":{"self":[{"href":"https:\/\/www.tattja.com\/da\/wp-json\/wp\/v2\/product\/1862","targetHints":{"allow":["GET"]}}],"collection":[{"href":"https:\/\/www.tattja.com\/da\/wp-json\/wp\/v2\/product"}],"about":[{"href":"https:\/\/www.tattja.com\/da\/wp-json\/wp\/v2\/types\/product"}],"replies":[{"embeddable":true,"href":"https:\/\/www.tattja.com\/da\/wp-json\/wp\/v2\/comments?post=1862"}],"version-history":[{"count":6,"href":"https:\/\/www.tattja.com\/da\/wp-json\/wp\/v2\/product\/1862\/revisions"}],"predecessor-version":[{"id":5922,"href":"https:\/\/www.tattja.com\/da\/wp-json\/wp\/v2\/product\/1862\/revisions\/5922"}],"wp:featuredmedia":[{"embeddable":true,"href":"https:\/\/www.tattja.com\/da\/wp-json\/wp\/v2\/media\/7077"}],"wp:attachment":[{"href":"https:\/\/www.tattja.com\/da\/wp-json\/wp\/v2\/media?parent=1862"}],"wp:term":[{"taxonomy":"product_brand","embeddable":true,"href":"https:\/\/www.tattja.com\/da\/wp-json\/wp\/v2\/product_brand?post=1862"},{"taxonomy":"product_cat","embeddable":true,"href":"https:\/\/www.tattja.com\/da\/wp-json\/wp\/v2\/product_cat?post=1862"},{"taxonomy":"product_tag","embeddable":true,"href":"https:\/\/www.tattja.com\/da\/wp-json\/wp\/v2\/product_tag?post=1862"}],"curies":[{"name":"wp","href":"https:\/\/api.w.org\/{rel}","templated":true}]}}