{"id":1864,"date":"2025-08-08T07:23:44","date_gmt":"2025-08-08T05:23:44","guid":{"rendered":"https:\/\/www.tattja.com\/?post_type=product&#038;p=1864"},"modified":"2026-04-05T19:45:06","modified_gmt":"2026-04-05T17:45:06","slug":"rukavniky-katja-cerveno-oranzove-lososove","status":"publish","type":"product","link":"https:\/\/www.tattja.com\/da\/product\/rukavniky-katja-cerveno-oranzove-lososove\/","title":{"rendered":"Damet\u00f8js\u00e6rmer KATJA r\u00f8d-orange laks"},"content":{"rendered":"<p data-start=\"887\" data-end=\"1190\"><strong data-start=\"887\" data-end=\"949\">Damet\u00f8js\u00e6rmer KATJA r\u00f8d-orange laks<\/strong> er en kombination af legesyge, elegance og komfort. Denne markante tilf\u00f8jelse til kollektionen <strong data-start=\"1038\" data-end=\"1048\">TATTJA<\/strong> forvandler et almindeligt outfit til et unikt stilfuldt ensemble. \u00c6rmerne kombinerer funktionalitet med \u00e6stetik og giver en f\u00f8lelse af varme, selv p\u00e5 koldere dage.<\/p>\n<p data-start=\"1192\" data-end=\"1544\">Den r\u00f8d-orange-lakse farve udstr\u00e5ler energi, femininitet og optimisme. Det er en nuance, der lyser op i huden og giver en frisk og dristig tone til hele outfittet. Den skiller sig ud i kontrast til hvid, beige eller gr\u00e5, men fungerer ogs\u00e5 harmonisk med bl\u00f8de pasteller. \u00c6rmer i denne farve appellerer til kvinder, der \u00f8nsker at udtrykke deres personlighed gennem farver og detaljer.<\/p>\n<p data-start=\"1546\" data-end=\"1836\">Den ribbede struktur i strikken sikrer elasticitet, komfort og et behageligt touch. \u00c6rmerne tilpasser sig h\u00e6ndernes form, smyger sig forsigtigt om dem og forbliver behagelige, selv n\u00e5r de b\u00e6res i lange perioder. Hvert par er fremstillet med fokus p\u00e5 kvalitet, omhyggelige detaljer og den \u00e6stetiske renhed, der er typisk for m\u00e6rket. <strong data-start=\"1823\" data-end=\"1833\">TATTJA<\/strong>.<\/p>\n<p data-start=\"1838\" data-end=\"2109\">Armb\u00e5nd til damet\u00f8j <strong data-start=\"1848\" data-end=\"1883\">KATJA r\u00f8d-orange laks<\/strong> De er ideelle til lag-p\u00e5-lag - de vil imponere som en selvst\u00e6ndig modeaccent, men de vil ogs\u00e5 skille sig ud i kombination med en halsedisse, halsvarmer eller kasket fra samme kollektion. Sammen skaber de et harmonisk og stilfuldt ensemble, som vil understrege din kvindelighed.<\/p>\n<p data-start=\"2111\" data-end=\"2216\">Oplev sk\u00f8nheden i delikatesse, sofistikerede detaljer og feminin stil, der vil holde dig varm og... <a href=\"https:\/\/www.tattja.com\/da\/product-category\/damske-oblecenie\/doplnky-jednotlivo\/rukavniky-2\/\">i andre farver<\/a>.<\/p>\n<p data-start=\"2218\" data-end=\"2370\"><strong data-start=\"2218\" data-end=\"2272\">Se her, <a href=\"https:\/\/shop.bogensberger.co.at\/produkt-schlagwort\/merino-extrafein\/\">fra hvilke materialer<\/a> vi producerer vores v\u00e6rker<\/strong> og lad dig rive med af den kvalitet, komfort og luksus, der kendetegner hver enkelt model. <strong data-start=\"2357\" data-end=\"2367\">TATTJA<\/strong>.<\/p>","protected":false},"excerpt":{"rendered":"<p><strong data-start=\"674\" data-end=\"736\">Damet\u00f8js\u00e6rmer KATJA r\u00f8d-orange laks<\/strong> Tilf\u00f8j friskhed, energi og pizzazz til dit outfit. Den fine strik giver komfort, femininitet og stil p\u00e5 \u00e9n gang.<\/p>","protected":false},"featured_media":7104,"comment_status":"open","ping_status":"closed","template":"","meta":[],"product_brand":[],"product_cat":[300,298,169,281,175],"product_tag":[],"class_list":{"0":"post-1864","1":"product","2":"type-product","3":"status-publish","4":"has-post-thumbnail","6":"product_cat-damske-oblecenie","7":"product_cat-doplnky-jednotlivo","8":"product_cat-pleteninove-doplnky-cervenooranzove-lososove","9":"product_cat-rukavniky-2","10":"product_cat-rukavniky-cervenooranzove-lososove","12":"first","13":"instock","14":"taxable","15":"shipping-taxable","16":"purchasable","17":"product-type-simple"},"yoast_head":"<!-- This site is optimized with the Yoast SEO plugin v26.0 - https:\/\/yoast.com\/wordpress\/plugins\/seo\/ -->\n<title>D\u00e1mske oble\u010denie ruk\u00e1vniky KATJA \u010derveno-oran\u017eov\u00e9 lososov\u00e9 - TATTJA<\/title>\n<meta name=\"description\" content=\"D\u00e1mske oble\u010denie ruk\u00e1vniky KATJA \u010derveno-oran\u017eov\u00e9 lososov\u00e9 \u2013 hrejiv\u00fd, v\u00fdrazn\u00fd a \u017eensk\u00fd doplnok, ktor\u00fd sp\u00e1ja eleganciu, \u0161t\u00fdl a pohodlie.\" \/>\n<meta name=\"robots\" content=\"index, follow, max-snippet:-1, max-image-preview:large, max-video-preview:-1\" \/>\n<link rel=\"canonical\" href=\"https:\/\/www.tattja.com\/da\/product\/rukavniky-katja-cerveno-oranzove-lososove\/\" \/>\n<meta property=\"og:locale\" content=\"da_DK\" \/>\n<meta property=\"og:type\" content=\"article\" \/>\n<meta property=\"og:title\" content=\"D\u00e1mske oble\u010denie ruk\u00e1vniky KATJA \u010derveno-oran\u017eov\u00e9 lososov\u00e9 - TATTJA\" \/>\n<meta property=\"og:description\" content=\"D\u00e1mske oble\u010denie ruk\u00e1vniky KATJA \u010derveno-oran\u017eov\u00e9 lososov\u00e9 \u2013 hrejiv\u00fd, v\u00fdrazn\u00fd a \u017eensk\u00fd doplnok, ktor\u00fd sp\u00e1ja eleganciu, \u0161t\u00fdl a pohodlie.\" \/>\n<meta property=\"og:url\" content=\"https:\/\/www.tattja.com\/da\/product\/rukavniky-katja-cerveno-oranzove-lososove\/\" \/>\n<meta property=\"og:site_name\" content=\"TATTJA\" \/>\n<meta property=\"article:modified_time\" content=\"2026-04-05T17:45:06+00:00\" \/>\n<meta property=\"og:image\" content=\"https:\/\/www.tattja.com\/wp-content\/uploads\/2025\/12\/cerveno-oranzovy-lososovy-rukavniky-spredu-31.webp\" \/>\n\t<meta property=\"og:image:width\" content=\"1365\" \/>\n\t<meta property=\"og:image:height\" content=\"2048\" \/>\n\t<meta property=\"og:image:type\" content=\"image\/webp\" \/>\n<meta name=\"twitter:card\" content=\"summary_large_image\" \/>\n<meta name=\"twitter:label1\" content=\"Estimeret l\u00e6setid\" \/>\n\t<meta name=\"twitter:data1\" content=\"2 minutter\" \/>\n<script type=\"application\/ld+json\" class=\"yoast-schema-graph\">{\"@context\":\"https:\/\/schema.org\",\"@graph\":[{\"@type\":\"WebPage\",\"@id\":\"https:\/\/www.tattja.com\/product\/rukavniky-katja-cerveno-oranzove-lososove\/\",\"url\":\"https:\/\/www.tattja.com\/product\/rukavniky-katja-cerveno-oranzove-lososove\/\",\"name\":\"D\u00e1mske oble\u010denie ruk\u00e1vniky KATJA \u010derveno-oran\u017eov\u00e9 lososov\u00e9 - TATTJA\",\"isPartOf\":{\"@id\":\"https:\/\/www.tattja.com\/#website\"},\"primaryImageOfPage\":{\"@id\":\"https:\/\/www.tattja.com\/product\/rukavniky-katja-cerveno-oranzove-lososove\/#primaryimage\"},\"image\":{\"@id\":\"https:\/\/www.tattja.com\/product\/rukavniky-katja-cerveno-oranzove-lososove\/#primaryimage\"},\"thumbnailUrl\":\"https:\/\/www.tattja.com\/wp-content\/uploads\/2025\/12\/cerveno-oranzovy-lososovy-rukavniky-spredu-31.webp\",\"datePublished\":\"2025-08-08T05:23:44+00:00\",\"dateModified\":\"2026-04-05T17:45:06+00:00\",\"description\":\"D\u00e1mske oble\u010denie ruk\u00e1vniky KATJA \u010derveno-oran\u017eov\u00e9 lososov\u00e9 \u2013 hrejiv\u00fd, v\u00fdrazn\u00fd a \u017eensk\u00fd doplnok, ktor\u00fd sp\u00e1ja eleganciu, \u0161t\u00fdl a pohodlie.\",\"breadcrumb\":{\"@id\":\"https:\/\/www.tattja.com\/product\/rukavniky-katja-cerveno-oranzove-lososove\/#breadcrumb\"},\"inLanguage\":\"da-DK\",\"potentialAction\":[{\"@type\":\"ReadAction\",\"target\":[\"https:\/\/www.tattja.com\/product\/rukavniky-katja-cerveno-oranzove-lososove\/\"]}]},{\"@type\":\"ImageObject\",\"inLanguage\":\"da-DK\",\"@id\":\"https:\/\/www.tattja.com\/product\/rukavniky-katja-cerveno-oranzove-lososove\/#primaryimage\",\"url\":\"https:\/\/www.tattja.com\/wp-content\/uploads\/2025\/12\/cerveno-oranzovy-lososovy-rukavniky-spredu-31.webp\",\"contentUrl\":\"https:\/\/www.tattja.com\/wp-content\/uploads\/2025\/12\/cerveno-oranzovy-lososovy-rukavniky-spredu-31.webp\",\"width\":1365,\"height\":2048,\"caption\":\"Ruk\u00e1vniky KATJA v \u010derveno-oran\u017eovo-lososovej farbe \u2013 predn\u00fd poh\u013ead\"},{\"@type\":\"BreadcrumbList\",\"@id\":\"https:\/\/www.tattja.com\/product\/rukavniky-katja-cerveno-oranzove-lososove\/#breadcrumb\",\"itemListElement\":[{\"@type\":\"ListItem\",\"position\":1,\"name\":\"Domov\",\"item\":\"https:\/\/www.tattja.com\/\"},{\"@type\":\"ListItem\",\"position\":2,\"name\":\"Produkty\",\"item\":\"https:\/\/www.tattja.com\/damske-oblecenie-produkty\/\"},{\"@type\":\"ListItem\",\"position\":3,\"name\":\"D\u00e1mske oble\u010denie ruk\u00e1vniky KATJA \u010derveno-oran\u017eov\u00e9 lososov\u00e9\"}]},{\"@type\":\"WebSite\",\"@id\":\"https:\/\/www.tattja.com\/#website\",\"url\":\"https:\/\/www.tattja.com\/\",\"name\":\"TATTJA\",\"description\":\"D\u00e1mske oble\u010denie z extra jemnej merino vlny \u2014 ru\u010dne pleten\u00e9 na Slovensku\",\"potentialAction\":[{\"@type\":\"SearchAction\",\"target\":{\"@type\":\"EntryPoint\",\"urlTemplate\":\"https:\/\/www.tattja.com\/?s={search_term_string}\"},\"query-input\":{\"@type\":\"PropertyValueSpecification\",\"valueRequired\":true,\"valueName\":\"search_term_string\"}}],\"inLanguage\":\"da-DK\"}]}<\/script>\n<!-- \/ Yoast SEO plugin. -->","yoast_head_json":{"title":"D\u00e1mske oble\u010denie ruk\u00e1vniky KATJA \u010derveno-oran\u017eov\u00e9 lososov\u00e9 - TATTJA","description":"D\u00e1mske oble\u010denie ruk\u00e1vniky KATJA \u010derveno-oran\u017eov\u00e9 lososov\u00e9 \u2013 hrejiv\u00fd, v\u00fdrazn\u00fd a \u017eensk\u00fd doplnok, ktor\u00fd sp\u00e1ja eleganciu, \u0161t\u00fdl a pohodlie.","robots":{"index":"index","follow":"follow","max-snippet":"max-snippet:-1","max-image-preview":"max-image-preview:large","max-video-preview":"max-video-preview:-1"},"canonical":"https:\/\/www.tattja.com\/da\/product\/rukavniky-katja-cerveno-oranzove-lososove\/","og_locale":"da_DK","og_type":"article","og_title":"D\u00e1mske oble\u010denie ruk\u00e1vniky KATJA \u010derveno-oran\u017eov\u00e9 lososov\u00e9 - TATTJA","og_description":"D\u00e1mske oble\u010denie ruk\u00e1vniky KATJA \u010derveno-oran\u017eov\u00e9 lososov\u00e9 \u2013 hrejiv\u00fd, v\u00fdrazn\u00fd a \u017eensk\u00fd doplnok, ktor\u00fd sp\u00e1ja eleganciu, \u0161t\u00fdl a pohodlie.","og_url":"https:\/\/www.tattja.com\/da\/product\/rukavniky-katja-cerveno-oranzove-lososove\/","og_site_name":"TATTJA","article_modified_time":"2026-04-05T17:45:06+00:00","og_image":[{"width":1365,"height":2048,"url":"https:\/\/www.tattja.com\/wp-content\/uploads\/2025\/12\/cerveno-oranzovy-lososovy-rukavniky-spredu-31.webp","type":"image\/webp"}],"twitter_card":"summary_large_image","twitter_misc":{"Estimeret l\u00e6setid":"2 minutter"},"schema":{"@context":"https:\/\/schema.org","@graph":[{"@type":"WebPage","@id":"https:\/\/www.tattja.com\/product\/rukavniky-katja-cerveno-oranzove-lososove\/","url":"https:\/\/www.tattja.com\/product\/rukavniky-katja-cerveno-oranzove-lososove\/","name":"D\u00e1mske oble\u010denie ruk\u00e1vniky KATJA \u010derveno-oran\u017eov\u00e9 lososov\u00e9 - TATTJA","isPartOf":{"@id":"https:\/\/www.tattja.com\/#website"},"primaryImageOfPage":{"@id":"https:\/\/www.tattja.com\/product\/rukavniky-katja-cerveno-oranzove-lososove\/#primaryimage"},"image":{"@id":"https:\/\/www.tattja.com\/product\/rukavniky-katja-cerveno-oranzove-lososove\/#primaryimage"},"thumbnailUrl":"https:\/\/www.tattja.com\/wp-content\/uploads\/2025\/12\/cerveno-oranzovy-lososovy-rukavniky-spredu-31.webp","datePublished":"2025-08-08T05:23:44+00:00","dateModified":"2026-04-05T17:45:06+00:00","description":"D\u00e1mske oble\u010denie ruk\u00e1vniky KATJA \u010derveno-oran\u017eov\u00e9 lososov\u00e9 \u2013 hrejiv\u00fd, v\u00fdrazn\u00fd a \u017eensk\u00fd doplnok, ktor\u00fd sp\u00e1ja eleganciu, \u0161t\u00fdl a pohodlie.","breadcrumb":{"@id":"https:\/\/www.tattja.com\/product\/rukavniky-katja-cerveno-oranzove-lososove\/#breadcrumb"},"inLanguage":"da-DK","potentialAction":[{"@type":"ReadAction","target":["https:\/\/www.tattja.com\/product\/rukavniky-katja-cerveno-oranzove-lososove\/"]}]},{"@type":"ImageObject","inLanguage":"da-DK","@id":"https:\/\/www.tattja.com\/product\/rukavniky-katja-cerveno-oranzove-lososove\/#primaryimage","url":"https:\/\/www.tattja.com\/wp-content\/uploads\/2025\/12\/cerveno-oranzovy-lososovy-rukavniky-spredu-31.webp","contentUrl":"https:\/\/www.tattja.com\/wp-content\/uploads\/2025\/12\/cerveno-oranzovy-lososovy-rukavniky-spredu-31.webp","width":1365,"height":2048,"caption":"Ruk\u00e1vniky KATJA v \u010derveno-oran\u017eovo-lososovej farbe \u2013 predn\u00fd poh\u013ead"},{"@type":"BreadcrumbList","@id":"https:\/\/www.tattja.com\/product\/rukavniky-katja-cerveno-oranzove-lososove\/#breadcrumb","itemListElement":[{"@type":"ListItem","position":1,"name":"Domov","item":"https:\/\/www.tattja.com\/"},{"@type":"ListItem","position":2,"name":"Produkty","item":"https:\/\/www.tattja.com\/damske-oblecenie-produkty\/"},{"@type":"ListItem","position":3,"name":"D\u00e1mske oble\u010denie ruk\u00e1vniky KATJA \u010derveno-oran\u017eov\u00e9 lososov\u00e9"}]},{"@type":"WebSite","@id":"https:\/\/www.tattja.com\/#website","url":"https:\/\/www.tattja.com\/","name":"TATTJA","description":"D\u00e1mske oble\u010denie z extra jemnej merino vlny \u2014 ru\u010dne pleten\u00e9 na Slovensku","potentialAction":[{"@type":"SearchAction","target":{"@type":"EntryPoint","urlTemplate":"https:\/\/www.tattja.com\/?s={search_term_string}"},"query-input":{"@type":"PropertyValueSpecification","valueRequired":true,"valueName":"search_term_string"}}],"inLanguage":"da-DK"}]}},"_links":{"self":[{"href":"https:\/\/www.tattja.com\/da\/wp-json\/wp\/v2\/product\/1864","targetHints":{"allow":["GET"]}}],"collection":[{"href":"https:\/\/www.tattja.com\/da\/wp-json\/wp\/v2\/product"}],"about":[{"href":"https:\/\/www.tattja.com\/da\/wp-json\/wp\/v2\/types\/product"}],"replies":[{"embeddable":true,"href":"https:\/\/www.tattja.com\/da\/wp-json\/wp\/v2\/comments?post=1864"}],"version-history":[{"count":6,"href":"https:\/\/www.tattja.com\/da\/wp-json\/wp\/v2\/product\/1864\/revisions"}],"predecessor-version":[{"id":5896,"href":"https:\/\/www.tattja.com\/da\/wp-json\/wp\/v2\/product\/1864\/revisions\/5896"}],"wp:featuredmedia":[{"embeddable":true,"href":"https:\/\/www.tattja.com\/da\/wp-json\/wp\/v2\/media\/7104"}],"wp:attachment":[{"href":"https:\/\/www.tattja.com\/da\/wp-json\/wp\/v2\/media?parent=1864"}],"wp:term":[{"taxonomy":"product_brand","embeddable":true,"href":"https:\/\/www.tattja.com\/da\/wp-json\/wp\/v2\/product_brand?post=1864"},{"taxonomy":"product_cat","embeddable":true,"href":"https:\/\/www.tattja.com\/da\/wp-json\/wp\/v2\/product_cat?post=1864"},{"taxonomy":"product_tag","embeddable":true,"href":"https:\/\/www.tattja.com\/da\/wp-json\/wp\/v2\/product_tag?post=1864"}],"curies":[{"name":"wp","href":"https:\/\/api.w.org\/{rel}","templated":true}]}}