{"id":1868,"date":"2025-08-08T07:27:35","date_gmt":"2025-08-08T05:27:35","guid":{"rendered":"https:\/\/www.tattja.com\/?post_type=product&#038;p=1868"},"modified":"2026-04-05T19:45:06","modified_gmt":"2026-04-05T17:45:06","slug":"damske-oblecenie-nakrcnik-tanja-cerveno-oranzovy-lososovy","status":"publish","type":"product","link":"https:\/\/www.tattja.com\/da\/product\/damske-oblecenie-nakrcnik-tanja-cerveno-oranzovy-lososovy\/","title":{"rendered":"Damet\u00f8j halsvarmer TANJA r\u00f8d-orange laks"},"content":{"rendered":"<p data-start=\"896\" data-end=\"1146\"><strong data-start=\"896\" data-end=\"957\">Damet\u00f8j halsvarmer TANJA r\u00f8d-orange laks<\/strong> er indbegrebet af mod, femininitet og luksuri\u00f8s komfort. Denne strikkede accessory fra kollektionen <strong data-start=\"1046\" data-end=\"1056\">TATTJA<\/strong> er designet til kvinder, der elsker farver med karakter og \u00f8nsker at skille sig ud uden at overdrive.<\/p>\n<p data-start=\"1148\" data-end=\"1438\">Den r\u00f8d-orange-citronfarvede nuance b\u00e6rer varmen fra den nedg\u00e5ende sol, livets energi og et strejf af blid romantik. Dens rige farve opfrisker et outfit og giver det en str\u00e5lende, men elegant tone. Denne halsk\u00e6de er velegnet til den moderne kvinde, der kombinerer naturlig elegance med legesyge og selvtillid.<\/p>\n<p data-start=\"1440\" data-end=\"1761\">Bl\u00f8d ribstrik omslutter skuldre og hals med bl\u00f8dhed og komfort. Den giver hyggelig varme, men er alligevel let og \u00e5ndbar. Takket v\u00e6re den pr\u00e6cise forarbejdning ser den helt ren ud og skaber et glat, harmonisk fald i materialet. Hver detalje afspejler den omhu og h\u00e5ndlavede kvalitet, der er typisk for TATTJA-m\u00e6rket.<\/p>\n<p data-start=\"1763\" data-end=\"2000\">Denne r\u00f8d-orange laksefarve fungerer som en dristig accent, der fremh\u00e6ver ansigtstr\u00e6k og giver et originalt touch til outfittet. Den fungerer godt i kombination med neutrale toner s\u00e5vel som m\u00f8rke farver - og skaber den perfekte kontrast og et moderne look.<\/p>\n<p data-start=\"2002\" data-end=\"2184\">Halst\u00f8rkl\u00e6det TANJA r\u00f8d-orange laks til kvinder passer til b\u00e5de elegante og afslappede outfits. Det alsidige design g\u00f8r den til et tidl\u00f8st stykke t\u00f8j, som du kan b\u00e6re med selvtillid og komfort.<\/p>\n<p data-start=\"2186\" data-end=\"2291\">Oplev sk\u00f8nheden i delikatesse, sofistikerede detaljer og feminin stil, der vil holde dig varm og... <a href=\"https:\/\/www.tattja.com\/da\/product-category\/damske-oblecenie\/doplnky-jednotlivo\/nakrcniky\/\">i andre farver.<\/a><\/p>\n<p data-start=\"2293\" data-end=\"2422\"><strong data-start=\"2293\" data-end=\"2347\">Se, hvilke materialer vi bruger til at lave vores v\u00e6rker<\/strong> og fork\u00e6l dig selv med en unik f\u00f8lelse af luksus, komfort og h\u00e5ndv\u00e6rk.<\/p>","protected":false},"excerpt":{"rendered":"<p data-start=\"686\" data-end=\"854\"><strong data-start=\"686\" data-end=\"747\">Damet\u00f8j halsvarmer TANJA r\u00f8d-orange laks<\/strong> bringer energi, lidenskab og raffinement i en enkelt accessory. Den bl\u00f8de strik giver varme og en str\u00e5lende accent til outfittet.<\/p>","protected":false},"featured_media":7101,"comment_status":"open","ping_status":"closed","template":"","meta":[],"product_brand":[],"product_cat":[300,261,298,173,279,169],"product_tag":[],"class_list":{"0":"post-1868","1":"product","2":"type-product","3":"status-publish","4":"has-post-thumbnail","6":"product_cat-damske-oblecenie","7":"product_cat-jednotlive-doplnky-cervenooranzove-lososove","8":"product_cat-doplnky-jednotlivo","9":"product_cat-nakrcnik-cervenooranzovy-lososovy","10":"product_cat-nakrcniky","11":"product_cat-pleteninove-doplnky-cervenooranzove-lososove","13":"first","14":"instock","15":"taxable","16":"shipping-taxable","17":"purchasable","18":"product-type-simple"},"yoast_head":"<!-- This site is optimized with the Yoast SEO plugin v26.0 - https:\/\/yoast.com\/wordpress\/plugins\/seo\/ -->\n<title>D\u00e1mske oble\u010denie n\u00e1kr\u010dn\u00edk TANJA \u010derveno-oran\u017eov\u00fd lososov\u00fd - TATTJA<\/title>\n<meta name=\"description\" content=\"D\u00e1mske oble\u010denie n\u00e1kr\u010dn\u00edk TANJA \u010derveno-oran\u017eov\u00fd lososov\u00fd \u2013 v\u00fdrazn\u00fd pleten\u00fd doplnok TATTJA, ktor\u00fd sp\u00e1ja \u017eenskos\u0165, teplo a odv\u00e1\u017enu eleganciu.\" \/>\n<meta name=\"robots\" content=\"index, follow, max-snippet:-1, max-image-preview:large, max-video-preview:-1\" \/>\n<link rel=\"canonical\" href=\"https:\/\/www.tattja.com\/da\/product\/damske-oblecenie-nakrcnik-tanja-cerveno-oranzovy-lososovy\/\" \/>\n<meta property=\"og:locale\" content=\"da_DK\" \/>\n<meta property=\"og:type\" content=\"article\" \/>\n<meta property=\"og:title\" content=\"D\u00e1mske oble\u010denie n\u00e1kr\u010dn\u00edk TANJA \u010derveno-oran\u017eov\u00fd lososov\u00fd - TATTJA\" \/>\n<meta property=\"og:description\" content=\"D\u00e1mske oble\u010denie n\u00e1kr\u010dn\u00edk TANJA \u010derveno-oran\u017eov\u00fd lososov\u00fd \u2013 v\u00fdrazn\u00fd pleten\u00fd doplnok TATTJA, ktor\u00fd sp\u00e1ja \u017eenskos\u0165, teplo a odv\u00e1\u017enu eleganciu.\" \/>\n<meta property=\"og:url\" content=\"https:\/\/www.tattja.com\/da\/product\/damske-oblecenie-nakrcnik-tanja-cerveno-oranzovy-lososovy\/\" \/>\n<meta property=\"og:site_name\" content=\"TATTJA\" \/>\n<meta property=\"article:modified_time\" content=\"2026-04-05T17:45:06+00:00\" \/>\n<meta property=\"og:image\" content=\"https:\/\/www.tattja.com\/wp-content\/uploads\/2025\/12\/cerveno-oranzovy-lososovy-nakrcnik-spredu-34.webp\" \/>\n\t<meta property=\"og:image:width\" content=\"1365\" \/>\n\t<meta property=\"og:image:height\" content=\"2048\" \/>\n\t<meta property=\"og:image:type\" content=\"image\/webp\" \/>\n<meta name=\"twitter:card\" content=\"summary_large_image\" \/>\n<meta name=\"twitter:label1\" content=\"Estimeret l\u00e6setid\" \/>\n\t<meta name=\"twitter:data1\" content=\"2 minutter\" \/>\n<script type=\"application\/ld+json\" class=\"yoast-schema-graph\">{\"@context\":\"https:\/\/schema.org\",\"@graph\":[{\"@type\":\"WebPage\",\"@id\":\"https:\/\/www.tattja.com\/product\/damske-oblecenie-nakrcnik-tanja-cerveno-oranzovy-lososovy\/\",\"url\":\"https:\/\/www.tattja.com\/product\/damske-oblecenie-nakrcnik-tanja-cerveno-oranzovy-lososovy\/\",\"name\":\"D\u00e1mske oble\u010denie n\u00e1kr\u010dn\u00edk TANJA \u010derveno-oran\u017eov\u00fd lososov\u00fd - TATTJA\",\"isPartOf\":{\"@id\":\"https:\/\/www.tattja.com\/#website\"},\"primaryImageOfPage\":{\"@id\":\"https:\/\/www.tattja.com\/product\/damske-oblecenie-nakrcnik-tanja-cerveno-oranzovy-lososovy\/#primaryimage\"},\"image\":{\"@id\":\"https:\/\/www.tattja.com\/product\/damske-oblecenie-nakrcnik-tanja-cerveno-oranzovy-lososovy\/#primaryimage\"},\"thumbnailUrl\":\"https:\/\/www.tattja.com\/wp-content\/uploads\/2025\/12\/cerveno-oranzovy-lososovy-nakrcnik-spredu-34.webp\",\"datePublished\":\"2025-08-08T05:27:35+00:00\",\"dateModified\":\"2026-04-05T17:45:06+00:00\",\"description\":\"D\u00e1mske oble\u010denie n\u00e1kr\u010dn\u00edk TANJA \u010derveno-oran\u017eov\u00fd lososov\u00fd \u2013 v\u00fdrazn\u00fd pleten\u00fd doplnok TATTJA, ktor\u00fd sp\u00e1ja \u017eenskos\u0165, teplo a odv\u00e1\u017enu eleganciu.\",\"breadcrumb\":{\"@id\":\"https:\/\/www.tattja.com\/product\/damske-oblecenie-nakrcnik-tanja-cerveno-oranzovy-lososovy\/#breadcrumb\"},\"inLanguage\":\"da-DK\",\"potentialAction\":[{\"@type\":\"ReadAction\",\"target\":[\"https:\/\/www.tattja.com\/product\/damske-oblecenie-nakrcnik-tanja-cerveno-oranzovy-lososovy\/\"]}]},{\"@type\":\"ImageObject\",\"inLanguage\":\"da-DK\",\"@id\":\"https:\/\/www.tattja.com\/product\/damske-oblecenie-nakrcnik-tanja-cerveno-oranzovy-lososovy\/#primaryimage\",\"url\":\"https:\/\/www.tattja.com\/wp-content\/uploads\/2025\/12\/cerveno-oranzovy-lososovy-nakrcnik-spredu-34.webp\",\"contentUrl\":\"https:\/\/www.tattja.com\/wp-content\/uploads\/2025\/12\/cerveno-oranzovy-lososovy-nakrcnik-spredu-34.webp\",\"width\":1365,\"height\":2048,\"caption\":\"N\u00e1kr\u010dn\u00edk TANJA v \u010derveno-oran\u017eovo-lososovej farbe \u2013 predn\u00fd poh\u013ead\"},{\"@type\":\"BreadcrumbList\",\"@id\":\"https:\/\/www.tattja.com\/product\/damske-oblecenie-nakrcnik-tanja-cerveno-oranzovy-lososovy\/#breadcrumb\",\"itemListElement\":[{\"@type\":\"ListItem\",\"position\":1,\"name\":\"Domov\",\"item\":\"https:\/\/www.tattja.com\/\"},{\"@type\":\"ListItem\",\"position\":2,\"name\":\"Produkty\",\"item\":\"https:\/\/www.tattja.com\/damske-oblecenie-produkty\/\"},{\"@type\":\"ListItem\",\"position\":3,\"name\":\"D\u00e1mske oble\u010denie n\u00e1kr\u010dn\u00edk TANJA \u010derveno-oran\u017eov\u00fd lososov\u00fd\"}]},{\"@type\":\"WebSite\",\"@id\":\"https:\/\/www.tattja.com\/#website\",\"url\":\"https:\/\/www.tattja.com\/\",\"name\":\"TATTJA\",\"description\":\"D\u00e1mske oble\u010denie z extra jemnej merino vlny \u2014 ru\u010dne pleten\u00e9 na Slovensku\",\"potentialAction\":[{\"@type\":\"SearchAction\",\"target\":{\"@type\":\"EntryPoint\",\"urlTemplate\":\"https:\/\/www.tattja.com\/?s={search_term_string}\"},\"query-input\":{\"@type\":\"PropertyValueSpecification\",\"valueRequired\":true,\"valueName\":\"search_term_string\"}}],\"inLanguage\":\"da-DK\"}]}<\/script>\n<!-- \/ Yoast SEO plugin. -->","yoast_head_json":{"title":"D\u00e1mske oble\u010denie n\u00e1kr\u010dn\u00edk TANJA \u010derveno-oran\u017eov\u00fd lososov\u00fd - TATTJA","description":"D\u00e1mske oble\u010denie n\u00e1kr\u010dn\u00edk TANJA \u010derveno-oran\u017eov\u00fd lososov\u00fd \u2013 v\u00fdrazn\u00fd pleten\u00fd doplnok TATTJA, ktor\u00fd sp\u00e1ja \u017eenskos\u0165, teplo a odv\u00e1\u017enu eleganciu.","robots":{"index":"index","follow":"follow","max-snippet":"max-snippet:-1","max-image-preview":"max-image-preview:large","max-video-preview":"max-video-preview:-1"},"canonical":"https:\/\/www.tattja.com\/da\/product\/damske-oblecenie-nakrcnik-tanja-cerveno-oranzovy-lososovy\/","og_locale":"da_DK","og_type":"article","og_title":"D\u00e1mske oble\u010denie n\u00e1kr\u010dn\u00edk TANJA \u010derveno-oran\u017eov\u00fd lososov\u00fd - TATTJA","og_description":"D\u00e1mske oble\u010denie n\u00e1kr\u010dn\u00edk TANJA \u010derveno-oran\u017eov\u00fd lososov\u00fd \u2013 v\u00fdrazn\u00fd pleten\u00fd doplnok TATTJA, ktor\u00fd sp\u00e1ja \u017eenskos\u0165, teplo a odv\u00e1\u017enu eleganciu.","og_url":"https:\/\/www.tattja.com\/da\/product\/damske-oblecenie-nakrcnik-tanja-cerveno-oranzovy-lososovy\/","og_site_name":"TATTJA","article_modified_time":"2026-04-05T17:45:06+00:00","og_image":[{"width":1365,"height":2048,"url":"https:\/\/www.tattja.com\/wp-content\/uploads\/2025\/12\/cerveno-oranzovy-lososovy-nakrcnik-spredu-34.webp","type":"image\/webp"}],"twitter_card":"summary_large_image","twitter_misc":{"Estimeret l\u00e6setid":"2 minutter"},"schema":{"@context":"https:\/\/schema.org","@graph":[{"@type":"WebPage","@id":"https:\/\/www.tattja.com\/product\/damske-oblecenie-nakrcnik-tanja-cerveno-oranzovy-lososovy\/","url":"https:\/\/www.tattja.com\/product\/damske-oblecenie-nakrcnik-tanja-cerveno-oranzovy-lososovy\/","name":"D\u00e1mske oble\u010denie n\u00e1kr\u010dn\u00edk TANJA \u010derveno-oran\u017eov\u00fd lososov\u00fd - TATTJA","isPartOf":{"@id":"https:\/\/www.tattja.com\/#website"},"primaryImageOfPage":{"@id":"https:\/\/www.tattja.com\/product\/damske-oblecenie-nakrcnik-tanja-cerveno-oranzovy-lososovy\/#primaryimage"},"image":{"@id":"https:\/\/www.tattja.com\/product\/damske-oblecenie-nakrcnik-tanja-cerveno-oranzovy-lososovy\/#primaryimage"},"thumbnailUrl":"https:\/\/www.tattja.com\/wp-content\/uploads\/2025\/12\/cerveno-oranzovy-lososovy-nakrcnik-spredu-34.webp","datePublished":"2025-08-08T05:27:35+00:00","dateModified":"2026-04-05T17:45:06+00:00","description":"D\u00e1mske oble\u010denie n\u00e1kr\u010dn\u00edk TANJA \u010derveno-oran\u017eov\u00fd lososov\u00fd \u2013 v\u00fdrazn\u00fd pleten\u00fd doplnok TATTJA, ktor\u00fd sp\u00e1ja \u017eenskos\u0165, teplo a odv\u00e1\u017enu eleganciu.","breadcrumb":{"@id":"https:\/\/www.tattja.com\/product\/damske-oblecenie-nakrcnik-tanja-cerveno-oranzovy-lososovy\/#breadcrumb"},"inLanguage":"da-DK","potentialAction":[{"@type":"ReadAction","target":["https:\/\/www.tattja.com\/product\/damske-oblecenie-nakrcnik-tanja-cerveno-oranzovy-lososovy\/"]}]},{"@type":"ImageObject","inLanguage":"da-DK","@id":"https:\/\/www.tattja.com\/product\/damske-oblecenie-nakrcnik-tanja-cerveno-oranzovy-lososovy\/#primaryimage","url":"https:\/\/www.tattja.com\/wp-content\/uploads\/2025\/12\/cerveno-oranzovy-lososovy-nakrcnik-spredu-34.webp","contentUrl":"https:\/\/www.tattja.com\/wp-content\/uploads\/2025\/12\/cerveno-oranzovy-lososovy-nakrcnik-spredu-34.webp","width":1365,"height":2048,"caption":"N\u00e1kr\u010dn\u00edk TANJA v \u010derveno-oran\u017eovo-lososovej farbe \u2013 predn\u00fd poh\u013ead"},{"@type":"BreadcrumbList","@id":"https:\/\/www.tattja.com\/product\/damske-oblecenie-nakrcnik-tanja-cerveno-oranzovy-lososovy\/#breadcrumb","itemListElement":[{"@type":"ListItem","position":1,"name":"Domov","item":"https:\/\/www.tattja.com\/"},{"@type":"ListItem","position":2,"name":"Produkty","item":"https:\/\/www.tattja.com\/damske-oblecenie-produkty\/"},{"@type":"ListItem","position":3,"name":"D\u00e1mske oble\u010denie n\u00e1kr\u010dn\u00edk TANJA \u010derveno-oran\u017eov\u00fd lososov\u00fd"}]},{"@type":"WebSite","@id":"https:\/\/www.tattja.com\/#website","url":"https:\/\/www.tattja.com\/","name":"TATTJA","description":"D\u00e1mske oble\u010denie z extra jemnej merino vlny \u2014 ru\u010dne pleten\u00e9 na Slovensku","potentialAction":[{"@type":"SearchAction","target":{"@type":"EntryPoint","urlTemplate":"https:\/\/www.tattja.com\/?s={search_term_string}"},"query-input":{"@type":"PropertyValueSpecification","valueRequired":true,"valueName":"search_term_string"}}],"inLanguage":"da-DK"}]}},"_links":{"self":[{"href":"https:\/\/www.tattja.com\/da\/wp-json\/wp\/v2\/product\/1868","targetHints":{"allow":["GET"]}}],"collection":[{"href":"https:\/\/www.tattja.com\/da\/wp-json\/wp\/v2\/product"}],"about":[{"href":"https:\/\/www.tattja.com\/da\/wp-json\/wp\/v2\/types\/product"}],"replies":[{"embeddable":true,"href":"https:\/\/www.tattja.com\/da\/wp-json\/wp\/v2\/comments?post=1868"}],"version-history":[{"count":6,"href":"https:\/\/www.tattja.com\/da\/wp-json\/wp\/v2\/product\/1868\/revisions"}],"predecessor-version":[{"id":5840,"href":"https:\/\/www.tattja.com\/da\/wp-json\/wp\/v2\/product\/1868\/revisions\/5840"}],"wp:featuredmedia":[{"embeddable":true,"href":"https:\/\/www.tattja.com\/da\/wp-json\/wp\/v2\/media\/7101"}],"wp:attachment":[{"href":"https:\/\/www.tattja.com\/da\/wp-json\/wp\/v2\/media?parent=1868"}],"wp:term":[{"taxonomy":"product_brand","embeddable":true,"href":"https:\/\/www.tattja.com\/da\/wp-json\/wp\/v2\/product_brand?post=1868"},{"taxonomy":"product_cat","embeddable":true,"href":"https:\/\/www.tattja.com\/da\/wp-json\/wp\/v2\/product_cat?post=1868"},{"taxonomy":"product_tag","embeddable":true,"href":"https:\/\/www.tattja.com\/da\/wp-json\/wp\/v2\/product_tag?post=1868"}],"curies":[{"name":"wp","href":"https:\/\/api.w.org\/{rel}","templated":true}]}}