{"id":1878,"date":"2025-08-08T07:42:11","date_gmt":"2025-08-08T05:42:11","guid":{"rendered":"https:\/\/www.tattja.com\/?post_type=product&#038;p=1878"},"modified":"2026-04-05T19:45:03","modified_gmt":"2026-04-05T17:45:03","slug":"damske-oblecenie-dvojset-magnhild-cerveno-oranzovy-lososovy","status":"publish","type":"product","link":"https:\/\/www.tattja.com\/da\/product\/damske-oblecenie-dvojset-magnhild-cerveno-oranzovy-lososovy\/","title":{"rendered":"D\u00e1mske oble\u010denie 2-set MAGNHILD \u010derveno-oran\u017eov\u00fd lososov\u00fd"},"content":{"rendered":"<p data-start=\"960\" data-end=\"1203\"><strong data-start=\"960\" data-end=\"1023\">Dobbelt s\u00e6t til kvinder MAGNHILD r\u00f8d-orange laks<\/strong> kombinerer vitalitet, femininitet og tidl\u00f8s elegance. Dette dobbelts\u00e6t best\u00e5r af en strikket sjal og en hue med sjal - en kombination, der udstr\u00e5ler energi, gl\u00e6de og frihed.<\/p>\n<p data-start=\"1205\" data-end=\"1521\">Linningen smyger sig p\u00e6nt om taljen, giver en f\u00f8lelse af varme og \u00f8ger komforten i l\u00f8bet af dagen. Den str\u00e6kbare strik tilpasser sig naturligt til figuren og fremh\u00e6ver de feminine kurver, samtidig med at den giver fuld bev\u00e6gelsesfrihed. H\u00e6tten med skjorte beskytter mod kulden og tilf\u00f8rer et sporty-elegant element, som fremh\u00e6ver det moderne look.<\/p>\n<p data-start=\"1523\" data-end=\"1804\">Den lakser\u00f8de nuance kombinerer bl\u00f8dheden fra pink med energien fra r\u00f8d og varmen fra orange. Det er farven p\u00e5 gl\u00e6de, selvtillid og lidenskab. Takket v\u00e6re sin friskhed ser den optimistisk ud og lyser op i ethvert outfit. Kombineret med hvide, gr\u00e5 eller beige toner skaber den et afbalanceret, elegant look.<\/p>\n<p data-start=\"1806\" data-end=\"2119\">Dobbelt s\u00e6t damet\u00f8j <strong data-start=\"1820\" data-end=\"1858\">MAGNHILD r\u00f8d-orange laks<\/strong> er ideel til kvinder, der elsker kombinationen af funktionalitet og stil. Den er perfekt til byture, arbejde og fritid. Dens design afspejler m\u00e6rkets filosofi <strong data-start=\"2026\" data-end=\"2036\">TATTJA<\/strong> - at skabe ting, der giver komfort, sk\u00f8nhed og tidl\u00f8shed i hver eneste detalje.<\/p>\n<p data-start=\"2121\" data-end=\"2226\">Oplev sk\u00f8nheden i delikatesse, sofistikerede detaljer og feminin stil, der vil holde dig varm og... <a href=\"https:\/\/www.tattja.com\/da\/product-category\/damske-oblecenie\/dvojsety\/driekovnik-a-ciapka\/\">i andre farver.<\/a><\/p>\n<p data-start=\"2228\" data-end=\"2375\"><strong data-start=\"2228\" data-end=\"2282\">Se her, <a href=\"https:\/\/shop.bogensberger.co.at\/produkt-schlagwort\/merino-extrafein\/\">fra hvilke materialer<\/a> vi producerer vores v\u00e6rker<\/strong> og lad dig rive med af en f\u00f8lelse af luksus, der kombinerer funktionalitet, komfort og unik \u00e6stetik.<\/p>\n<hr data-start=\"2377\" data-end=\"2380\" \/>","protected":false},"excerpt":{"rendered":"<p><strong data-start=\"610\" data-end=\"673\">Dobbelt s\u00e6t til kvinder MAGNHILD r\u00f8d-orange laks<\/strong> forener femininitet, energi og komfort. Den strikkede sjal former blidt taljen og varmer, mens h\u00e6tten med skjorte tilf\u00f8jer en frisk accent til outfittet. Den lakser\u00f8de tone udstr\u00e5ler optimisme og charme - til kvinder, der elsker stil og komfort i \u00e9t.<\/p>","protected":false},"featured_media":7083,"comment_status":"open","ping_status":"closed","template":"","meta":[],"product_brand":[],"product_cat":[289,300,294,172,169],"product_tag":[],"class_list":{"0":"post-1878","1":"product","2":"type-product","3":"status-publish","4":"has-post-thumbnail","6":"product_cat-dvojsety","7":"product_cat-damske-oblecenie","8":"product_cat-driekovnik-a-ciapka","9":"product_cat-dvojsety-cervenooranzove-lososove","10":"product_cat-pleteninove-doplnky-cervenooranzove-lososove","12":"first","13":"instock","14":"taxable","15":"shipping-taxable","16":"purchasable","17":"product-type-simple"},"yoast_head":"<!-- This site is optimized with the Yoast SEO plugin v26.0 - https:\/\/yoast.com\/wordpress\/plugins\/seo\/ -->\n<title>D\u00e1mske oble\u010denie 2-set MAGNHILD \u010derveno-oran\u017eov\u00fd lososov\u00fd - TATTJA<\/title>\n<meta name=\"description\" content=\"D\u00e1mske oble\u010denie dvojset MAGNHILD \u010derveno-oran\u017eov\u00fd lososov\u00fd \u2013 spojenie \u017eiarivej energie, elegancie a pohodlia. Luxusn\u00fd set pre sebavedom\u00e9 \u017eeny.\" \/>\n<meta name=\"robots\" content=\"index, follow, max-snippet:-1, max-image-preview:large, max-video-preview:-1\" \/>\n<link rel=\"canonical\" href=\"https:\/\/www.tattja.com\/da\/product\/damske-oblecenie-dvojset-magnhild-cerveno-oranzovy-lososovy\/\" \/>\n<meta property=\"og:locale\" content=\"da_DK\" \/>\n<meta property=\"og:type\" content=\"article\" \/>\n<meta property=\"og:title\" content=\"D\u00e1mske oble\u010denie 2-set MAGNHILD \u010derveno-oran\u017eov\u00fd lososov\u00fd - TATTJA\" \/>\n<meta property=\"og:description\" content=\"D\u00e1mske oble\u010denie dvojset MAGNHILD \u010derveno-oran\u017eov\u00fd lososov\u00fd \u2013 spojenie \u017eiarivej energie, elegancie a pohodlia. Luxusn\u00fd set pre sebavedom\u00e9 \u017eeny.\" \/>\n<meta property=\"og:url\" content=\"https:\/\/www.tattja.com\/da\/product\/damske-oblecenie-dvojset-magnhild-cerveno-oranzovy-lososovy\/\" \/>\n<meta property=\"og:site_name\" content=\"TATTJA\" \/>\n<meta property=\"article:modified_time\" content=\"2026-04-05T17:45:03+00:00\" \/>\n<meta property=\"og:image\" content=\"https:\/\/www.tattja.com\/wp-content\/uploads\/2025\/12\/cerveno-oranzovy-lososovy-dvojset-driekovnik-ciapka-spredu-40.webp\" \/>\n\t<meta property=\"og:image:width\" content=\"1365\" \/>\n\t<meta property=\"og:image:height\" content=\"2048\" \/>\n\t<meta property=\"og:image:type\" content=\"image\/webp\" \/>\n<meta name=\"twitter:card\" content=\"summary_large_image\" \/>\n<meta name=\"twitter:label1\" content=\"Estimeret l\u00e6setid\" \/>\n\t<meta name=\"twitter:data1\" content=\"2 minutter\" \/>\n<script type=\"application\/ld+json\" class=\"yoast-schema-graph\">{\"@context\":\"https:\/\/schema.org\",\"@graph\":[{\"@type\":\"WebPage\",\"@id\":\"https:\/\/www.tattja.com\/product\/damske-oblecenie-dvojset-magnhild-cerveno-oranzovy-lososovy\/\",\"url\":\"https:\/\/www.tattja.com\/product\/damske-oblecenie-dvojset-magnhild-cerveno-oranzovy-lososovy\/\",\"name\":\"D\u00e1mske oble\u010denie 2-set MAGNHILD \u010derveno-oran\u017eov\u00fd lososov\u00fd - TATTJA\",\"isPartOf\":{\"@id\":\"https:\/\/www.tattja.com\/#website\"},\"primaryImageOfPage\":{\"@id\":\"https:\/\/www.tattja.com\/product\/damske-oblecenie-dvojset-magnhild-cerveno-oranzovy-lososovy\/#primaryimage\"},\"image\":{\"@id\":\"https:\/\/www.tattja.com\/product\/damske-oblecenie-dvojset-magnhild-cerveno-oranzovy-lososovy\/#primaryimage\"},\"thumbnailUrl\":\"https:\/\/www.tattja.com\/wp-content\/uploads\/2025\/12\/cerveno-oranzovy-lososovy-dvojset-driekovnik-ciapka-spredu-40.webp\",\"datePublished\":\"2025-08-08T05:42:11+00:00\",\"dateModified\":\"2026-04-05T17:45:03+00:00\",\"description\":\"D\u00e1mske oble\u010denie dvojset MAGNHILD \u010derveno-oran\u017eov\u00fd lososov\u00fd \u2013 spojenie \u017eiarivej energie, elegancie a pohodlia. Luxusn\u00fd set pre sebavedom\u00e9 \u017eeny.\",\"breadcrumb\":{\"@id\":\"https:\/\/www.tattja.com\/product\/damske-oblecenie-dvojset-magnhild-cerveno-oranzovy-lososovy\/#breadcrumb\"},\"inLanguage\":\"da-DK\",\"potentialAction\":[{\"@type\":\"ReadAction\",\"target\":[\"https:\/\/www.tattja.com\/product\/damske-oblecenie-dvojset-magnhild-cerveno-oranzovy-lososovy\/\"]}]},{\"@type\":\"ImageObject\",\"inLanguage\":\"da-DK\",\"@id\":\"https:\/\/www.tattja.com\/product\/damske-oblecenie-dvojset-magnhild-cerveno-oranzovy-lososovy\/#primaryimage\",\"url\":\"https:\/\/www.tattja.com\/wp-content\/uploads\/2025\/12\/cerveno-oranzovy-lososovy-dvojset-driekovnik-ciapka-spredu-40.webp\",\"contentUrl\":\"https:\/\/www.tattja.com\/wp-content\/uploads\/2025\/12\/cerveno-oranzovy-lososovy-dvojset-driekovnik-ciapka-spredu-40.webp\",\"width\":1365,\"height\":2048,\"caption\":\"\u010cerveno-oran\u017eovo-lososov\u00fd pleten\u00fd dvojset MAGNHILD TATTJA \u2013 v\u00fdrazn\u00e1 \u017eensk\u00e1 elegancia\"},{\"@type\":\"BreadcrumbList\",\"@id\":\"https:\/\/www.tattja.com\/product\/damske-oblecenie-dvojset-magnhild-cerveno-oranzovy-lososovy\/#breadcrumb\",\"itemListElement\":[{\"@type\":\"ListItem\",\"position\":1,\"name\":\"Domov\",\"item\":\"https:\/\/www.tattja.com\/\"},{\"@type\":\"ListItem\",\"position\":2,\"name\":\"Produkty\",\"item\":\"https:\/\/www.tattja.com\/damske-oblecenie-produkty\/\"},{\"@type\":\"ListItem\",\"position\":3,\"name\":\"D\u00e1mske oble\u010denie 2-set MAGNHILD \u010derveno-oran\u017eov\u00fd lososov\u00fd\"}]},{\"@type\":\"WebSite\",\"@id\":\"https:\/\/www.tattja.com\/#website\",\"url\":\"https:\/\/www.tattja.com\/\",\"name\":\"TATTJA\",\"description\":\"D\u00e1mske oble\u010denie z extra jemnej merino vlny \u2014 ru\u010dne pleten\u00e9 na Slovensku\",\"potentialAction\":[{\"@type\":\"SearchAction\",\"target\":{\"@type\":\"EntryPoint\",\"urlTemplate\":\"https:\/\/www.tattja.com\/?s={search_term_string}\"},\"query-input\":{\"@type\":\"PropertyValueSpecification\",\"valueRequired\":true,\"valueName\":\"search_term_string\"}}],\"inLanguage\":\"da-DK\"}]}<\/script>\n<!-- \/ Yoast SEO plugin. -->","yoast_head_json":{"title":"D\u00e1mske oble\u010denie 2-set MAGNHILD \u010derveno-oran\u017eov\u00fd lososov\u00fd - TATTJA","description":"D\u00e1mske oble\u010denie dvojset MAGNHILD \u010derveno-oran\u017eov\u00fd lososov\u00fd \u2013 spojenie \u017eiarivej energie, elegancie a pohodlia. Luxusn\u00fd set pre sebavedom\u00e9 \u017eeny.","robots":{"index":"index","follow":"follow","max-snippet":"max-snippet:-1","max-image-preview":"max-image-preview:large","max-video-preview":"max-video-preview:-1"},"canonical":"https:\/\/www.tattja.com\/da\/product\/damske-oblecenie-dvojset-magnhild-cerveno-oranzovy-lososovy\/","og_locale":"da_DK","og_type":"article","og_title":"D\u00e1mske oble\u010denie 2-set MAGNHILD \u010derveno-oran\u017eov\u00fd lososov\u00fd - TATTJA","og_description":"D\u00e1mske oble\u010denie dvojset MAGNHILD \u010derveno-oran\u017eov\u00fd lososov\u00fd \u2013 spojenie \u017eiarivej energie, elegancie a pohodlia. Luxusn\u00fd set pre sebavedom\u00e9 \u017eeny.","og_url":"https:\/\/www.tattja.com\/da\/product\/damske-oblecenie-dvojset-magnhild-cerveno-oranzovy-lososovy\/","og_site_name":"TATTJA","article_modified_time":"2026-04-05T17:45:03+00:00","og_image":[{"width":1365,"height":2048,"url":"https:\/\/www.tattja.com\/wp-content\/uploads\/2025\/12\/cerveno-oranzovy-lososovy-dvojset-driekovnik-ciapka-spredu-40.webp","type":"image\/webp"}],"twitter_card":"summary_large_image","twitter_misc":{"Estimeret l\u00e6setid":"2 minutter"},"schema":{"@context":"https:\/\/schema.org","@graph":[{"@type":"WebPage","@id":"https:\/\/www.tattja.com\/product\/damske-oblecenie-dvojset-magnhild-cerveno-oranzovy-lososovy\/","url":"https:\/\/www.tattja.com\/product\/damske-oblecenie-dvojset-magnhild-cerveno-oranzovy-lososovy\/","name":"D\u00e1mske oble\u010denie 2-set MAGNHILD \u010derveno-oran\u017eov\u00fd lososov\u00fd - TATTJA","isPartOf":{"@id":"https:\/\/www.tattja.com\/#website"},"primaryImageOfPage":{"@id":"https:\/\/www.tattja.com\/product\/damske-oblecenie-dvojset-magnhild-cerveno-oranzovy-lososovy\/#primaryimage"},"image":{"@id":"https:\/\/www.tattja.com\/product\/damske-oblecenie-dvojset-magnhild-cerveno-oranzovy-lososovy\/#primaryimage"},"thumbnailUrl":"https:\/\/www.tattja.com\/wp-content\/uploads\/2025\/12\/cerveno-oranzovy-lososovy-dvojset-driekovnik-ciapka-spredu-40.webp","datePublished":"2025-08-08T05:42:11+00:00","dateModified":"2026-04-05T17:45:03+00:00","description":"D\u00e1mske oble\u010denie dvojset MAGNHILD \u010derveno-oran\u017eov\u00fd lososov\u00fd \u2013 spojenie \u017eiarivej energie, elegancie a pohodlia. Luxusn\u00fd set pre sebavedom\u00e9 \u017eeny.","breadcrumb":{"@id":"https:\/\/www.tattja.com\/product\/damske-oblecenie-dvojset-magnhild-cerveno-oranzovy-lososovy\/#breadcrumb"},"inLanguage":"da-DK","potentialAction":[{"@type":"ReadAction","target":["https:\/\/www.tattja.com\/product\/damske-oblecenie-dvojset-magnhild-cerveno-oranzovy-lososovy\/"]}]},{"@type":"ImageObject","inLanguage":"da-DK","@id":"https:\/\/www.tattja.com\/product\/damske-oblecenie-dvojset-magnhild-cerveno-oranzovy-lososovy\/#primaryimage","url":"https:\/\/www.tattja.com\/wp-content\/uploads\/2025\/12\/cerveno-oranzovy-lososovy-dvojset-driekovnik-ciapka-spredu-40.webp","contentUrl":"https:\/\/www.tattja.com\/wp-content\/uploads\/2025\/12\/cerveno-oranzovy-lososovy-dvojset-driekovnik-ciapka-spredu-40.webp","width":1365,"height":2048,"caption":"\u010cerveno-oran\u017eovo-lososov\u00fd pleten\u00fd dvojset MAGNHILD TATTJA \u2013 v\u00fdrazn\u00e1 \u017eensk\u00e1 elegancia"},{"@type":"BreadcrumbList","@id":"https:\/\/www.tattja.com\/product\/damske-oblecenie-dvojset-magnhild-cerveno-oranzovy-lososovy\/#breadcrumb","itemListElement":[{"@type":"ListItem","position":1,"name":"Domov","item":"https:\/\/www.tattja.com\/"},{"@type":"ListItem","position":2,"name":"Produkty","item":"https:\/\/www.tattja.com\/damske-oblecenie-produkty\/"},{"@type":"ListItem","position":3,"name":"D\u00e1mske oble\u010denie 2-set MAGNHILD \u010derveno-oran\u017eov\u00fd lososov\u00fd"}]},{"@type":"WebSite","@id":"https:\/\/www.tattja.com\/#website","url":"https:\/\/www.tattja.com\/","name":"TATTJA","description":"D\u00e1mske oble\u010denie z extra jemnej merino vlny \u2014 ru\u010dne pleten\u00e9 na Slovensku","potentialAction":[{"@type":"SearchAction","target":{"@type":"EntryPoint","urlTemplate":"https:\/\/www.tattja.com\/?s={search_term_string}"},"query-input":{"@type":"PropertyValueSpecification","valueRequired":true,"valueName":"search_term_string"}}],"inLanguage":"da-DK"}]}},"_links":{"self":[{"href":"https:\/\/www.tattja.com\/da\/wp-json\/wp\/v2\/product\/1878","targetHints":{"allow":["GET"]}}],"collection":[{"href":"https:\/\/www.tattja.com\/da\/wp-json\/wp\/v2\/product"}],"about":[{"href":"https:\/\/www.tattja.com\/da\/wp-json\/wp\/v2\/types\/product"}],"replies":[{"embeddable":true,"href":"https:\/\/www.tattja.com\/da\/wp-json\/wp\/v2\/comments?post=1878"}],"version-history":[{"count":6,"href":"https:\/\/www.tattja.com\/da\/wp-json\/wp\/v2\/product\/1878\/revisions"}],"predecessor-version":[{"id":7257,"href":"https:\/\/www.tattja.com\/da\/wp-json\/wp\/v2\/product\/1878\/revisions\/7257"}],"wp:featuredmedia":[{"embeddable":true,"href":"https:\/\/www.tattja.com\/da\/wp-json\/wp\/v2\/media\/7083"}],"wp:attachment":[{"href":"https:\/\/www.tattja.com\/da\/wp-json\/wp\/v2\/media?parent=1878"}],"wp:term":[{"taxonomy":"product_brand","embeddable":true,"href":"https:\/\/www.tattja.com\/da\/wp-json\/wp\/v2\/product_brand?post=1878"},{"taxonomy":"product_cat","embeddable":true,"href":"https:\/\/www.tattja.com\/da\/wp-json\/wp\/v2\/product_cat?post=1878"},{"taxonomy":"product_tag","embeddable":true,"href":"https:\/\/www.tattja.com\/da\/wp-json\/wp\/v2\/product_tag?post=1878"}],"curies":[{"name":"wp","href":"https:\/\/api.w.org\/{rel}","templated":true}]}}