{"id":1886,"date":"2025-08-08T07:51:14","date_gmt":"2025-08-08T05:51:14","guid":{"rendered":"https:\/\/www.tattja.com\/?post_type=product&#038;p=1886"},"modified":"2026-04-05T19:45:02","modified_gmt":"2026-04-05T17:45:02","slug":"trojset-mimir-cerveno-oranzovy-lososovy","status":"publish","type":"product","link":"https:\/\/www.tattja.com\/da\/product\/trojset-mimir-cerveno-oranzovy-lososovy\/","title":{"rendered":"D\u00e1mske oble\u010denie 3-set MIMIR \u010derveno-oran\u017eov\u00fd lososov\u00fd"},"content":{"rendered":"<p data-start=\"1043\" data-end=\"1382\"><strong data-start=\"1043\" data-end=\"1103\">Damet\u00f8j tre-s\u00e6t MIMIR r\u00f8d-orange laks<\/strong> kombinerer lidenskab, energi og elegance til en harmonisk helhed. Luksus strikket s\u00e6t <strong data-start=\"1188\" data-end=\"1198\">TATTJA<\/strong> Den best\u00e5r af tre ikoniske dele - en halsvarmer, armbind og en kasket med visir. Hvert element er gennemt\u00e6nkt i detaljer for at arbejde sammen om at skabe den perfekte balance mellem stil og komfort.<\/p>\n<p data-start=\"1384\" data-end=\"1720\">Den lakser\u00f8de nuance symboliserer kvindelighed, styrke og vitalitet. Den er fuld af liv og fungerer som en forfriskende accent i enhver kvindes garderobe. Denne nuance giver en f\u00f8lelse af varme og mod, men udstr\u00e5ler samtidig bl\u00f8dhed og raffinement. Kombineret med et minimalistisk design skaber den en effekt af tidl\u00f8s elegance, der ser feminin og moderne ud p\u00e5 samme tid.<\/p>\n<p data-start=\"1722\" data-end=\"2100\">Den bl\u00f8de halsvarmer omslutter skuldre og hals med behagelig varme og fremh\u00e6ver kroppens elegance. \u00c6rmerne tilf\u00f8jer pift og funktionalitet, mens beanieh\u00e6tten fuldender hele looket med et moderne, urbant touch. Hvert stykke er lavet af en kvalitetsribstrikning, der er elastisk, bl\u00f8d og \u00e5ndbar. Det g\u00f8r, at s\u00e6ttet tilpasser sig kroppens bev\u00e6gelser og giver komfort hele dagen.<\/p>\n<p data-start=\"2102\" data-end=\"2342\"><strong data-start=\"2102\" data-end=\"2162\">Damet\u00f8j tre-s\u00e6t MIMIR r\u00f8d-orange laks<\/strong> er ideel til kvinder, der s\u00f8ger en balance mellem udtryk og komfort i moden. Den giver mulighed for kreativ lagdeling og er nem at kombinere med andre dele af kollektionen. <strong data-start=\"2329\" data-end=\"2339\">TATTJA<\/strong>.<\/p>\n<p data-start=\"2344\" data-end=\"2437\">Den tredelte bliver mere end bare en accessory - den er en udstilling af personlighed, mod og naturlig sk\u00f8nhed.<\/p>\n<p data-start=\"2344\" data-end=\"2437\">Oplev sk\u00f8nheden i delikatesse, sofistikerede detaljer og feminin stil, der vil holde dig varm og... <a href=\"https:\/\/www.tattja.com\/da\/product-category\/damske-oblecenie\/trojsety-3\/nakrcnik-a-rukavniky-a-ciapka\/\">i andre farver<\/a>.<\/p>\n<p data-start=\"2439\" data-end=\"2614\"><strong data-start=\"2439\" data-end=\"2496\">Se her, <a href=\"https:\/\/shop.bogensberger.co.at\/produkt-schlagwort\/merino-extrafein\/\">fra hvilke materialer<\/a> vi producerer vores v\u00e6rker<\/strong> og oplev verden <strong data-start=\"2512\" data-end=\"2522\">TATTJA<\/strong>, hvor luksus m\u00f8der komfort, femininitet m\u00f8der energi, og design m\u00f8der hverdagens elegance.<\/p>","protected":false},"excerpt":{"rendered":"<p><strong data-start=\"663\" data-end=\"723\">Damet\u00f8j tre-s\u00e6t MIMIR r\u00f8d-orange laks<\/strong> er en kombination af elegance, energi og feminin charme. Halsvarmeren omslutter skuldrene, \u00e6rmerne giver varme, og huen skaber en moderne accent. Den lakser\u00f8de tone udstr\u00e5ler varme, beslutsomhed og selvtillid. Det perfekte s\u00e6t til kvinder, der elsker farver og luksus i alle detaljer.<\/p>","protected":false},"featured_media":7119,"comment_status":"open","ping_status":"closed","template":"","meta":[],"product_brand":[],"product_cat":[284,300,287,169,171],"product_tag":[],"class_list":{"0":"post-1886","1":"product","2":"type-product","3":"status-publish","4":"has-post-thumbnail","6":"product_cat-trojsety-3","7":"product_cat-damske-oblecenie","8":"product_cat-nakrcnik-a-rukavniky-a-ciapka","9":"product_cat-pleteninove-doplnky-cervenooranzove-lososove","10":"product_cat-trojsety-cervenooranzove-lososove","12":"first","13":"instock","14":"taxable","15":"shipping-taxable","16":"purchasable","17":"product-type-simple"},"yoast_head":"<!-- This site is optimized with the Yoast SEO plugin v26.0 - https:\/\/yoast.com\/wordpress\/plugins\/seo\/ -->\n<title>D\u00e1mske oble\u010denie 3-set MIMIR \u010derveno-oran\u017eov\u00fd lososov\u00fd - TATTJA<\/title>\n<meta name=\"description\" content=\"D\u00e1mske oble\u010denie trojset MIMIR \u010derveno-oran\u017eov\u00fd lososov\u00fd \u2013 luxusn\u00fd pleten\u00fd set TATTJA, ktor\u00fd sp\u00e1ja energiu farby s eleganciou a pohodl\u00edm.\" \/>\n<meta name=\"robots\" content=\"index, follow, max-snippet:-1, max-image-preview:large, max-video-preview:-1\" \/>\n<link rel=\"canonical\" href=\"https:\/\/www.tattja.com\/da\/product\/trojset-mimir-cerveno-oranzovy-lososovy\/\" \/>\n<meta property=\"og:locale\" content=\"da_DK\" \/>\n<meta property=\"og:type\" content=\"article\" \/>\n<meta property=\"og:title\" content=\"D\u00e1mske oble\u010denie 3-set MIMIR \u010derveno-oran\u017eov\u00fd lososov\u00fd - TATTJA\" \/>\n<meta property=\"og:description\" content=\"D\u00e1mske oble\u010denie trojset MIMIR \u010derveno-oran\u017eov\u00fd lososov\u00fd \u2013 luxusn\u00fd pleten\u00fd set TATTJA, ktor\u00fd sp\u00e1ja energiu farby s eleganciou a pohodl\u00edm.\" \/>\n<meta property=\"og:url\" content=\"https:\/\/www.tattja.com\/da\/product\/trojset-mimir-cerveno-oranzovy-lososovy\/\" \/>\n<meta property=\"og:site_name\" content=\"TATTJA\" \/>\n<meta property=\"article:modified_time\" content=\"2026-04-05T17:45:02+00:00\" \/>\n<meta property=\"og:image\" content=\"https:\/\/www.tattja.com\/wp-content\/uploads\/2025\/12\/cerveno-oranzovy-lososovy-trojset-nakrcnik-rukavniky-ciapka-spredu-22.webp\" \/>\n\t<meta property=\"og:image:width\" content=\"1365\" \/>\n\t<meta property=\"og:image:height\" content=\"2048\" \/>\n\t<meta property=\"og:image:type\" content=\"image\/webp\" \/>\n<meta name=\"twitter:card\" content=\"summary_large_image\" \/>\n<meta name=\"twitter:label1\" content=\"Estimeret l\u00e6setid\" \/>\n\t<meta name=\"twitter:data1\" content=\"2 minutter\" \/>\n<script type=\"application\/ld+json\" class=\"yoast-schema-graph\">{\"@context\":\"https:\/\/schema.org\",\"@graph\":[{\"@type\":\"WebPage\",\"@id\":\"https:\/\/www.tattja.com\/product\/trojset-mimir-cerveno-oranzovy-lososovy\/\",\"url\":\"https:\/\/www.tattja.com\/product\/trojset-mimir-cerveno-oranzovy-lososovy\/\",\"name\":\"D\u00e1mske oble\u010denie 3-set MIMIR \u010derveno-oran\u017eov\u00fd lososov\u00fd - TATTJA\",\"isPartOf\":{\"@id\":\"https:\/\/www.tattja.com\/#website\"},\"primaryImageOfPage\":{\"@id\":\"https:\/\/www.tattja.com\/product\/trojset-mimir-cerveno-oranzovy-lososovy\/#primaryimage\"},\"image\":{\"@id\":\"https:\/\/www.tattja.com\/product\/trojset-mimir-cerveno-oranzovy-lososovy\/#primaryimage\"},\"thumbnailUrl\":\"https:\/\/www.tattja.com\/wp-content\/uploads\/2025\/12\/cerveno-oranzovy-lososovy-trojset-nakrcnik-rukavniky-ciapka-spredu-22.webp\",\"datePublished\":\"2025-08-08T05:51:14+00:00\",\"dateModified\":\"2026-04-05T17:45:02+00:00\",\"description\":\"D\u00e1mske oble\u010denie trojset MIMIR \u010derveno-oran\u017eov\u00fd lososov\u00fd \u2013 luxusn\u00fd pleten\u00fd set TATTJA, ktor\u00fd sp\u00e1ja energiu farby s eleganciou a pohodl\u00edm.\",\"breadcrumb\":{\"@id\":\"https:\/\/www.tattja.com\/product\/trojset-mimir-cerveno-oranzovy-lososovy\/#breadcrumb\"},\"inLanguage\":\"da-DK\",\"potentialAction\":[{\"@type\":\"ReadAction\",\"target\":[\"https:\/\/www.tattja.com\/product\/trojset-mimir-cerveno-oranzovy-lososovy\/\"]}]},{\"@type\":\"ImageObject\",\"inLanguage\":\"da-DK\",\"@id\":\"https:\/\/www.tattja.com\/product\/trojset-mimir-cerveno-oranzovy-lososovy\/#primaryimage\",\"url\":\"https:\/\/www.tattja.com\/wp-content\/uploads\/2025\/12\/cerveno-oranzovy-lososovy-trojset-nakrcnik-rukavniky-ciapka-spredu-22.webp\",\"contentUrl\":\"https:\/\/www.tattja.com\/wp-content\/uploads\/2025\/12\/cerveno-oranzovy-lososovy-trojset-nakrcnik-rukavniky-ciapka-spredu-22.webp\",\"width\":1365,\"height\":2048,\"caption\":\"Trojset n\u00e1kr\u010dn\u00edk + ruk\u00e1vniky + \u010diapka v \u010derveno-oran\u017eovo-lososovej farbe \u2013 predn\u00fd poh\u013ead\"},{\"@type\":\"BreadcrumbList\",\"@id\":\"https:\/\/www.tattja.com\/product\/trojset-mimir-cerveno-oranzovy-lososovy\/#breadcrumb\",\"itemListElement\":[{\"@type\":\"ListItem\",\"position\":1,\"name\":\"Domov\",\"item\":\"https:\/\/www.tattja.com\/\"},{\"@type\":\"ListItem\",\"position\":2,\"name\":\"Produkty\",\"item\":\"https:\/\/www.tattja.com\/damske-oblecenie-produkty\/\"},{\"@type\":\"ListItem\",\"position\":3,\"name\":\"D\u00e1mske oble\u010denie 3-set MIMIR \u010derveno-oran\u017eov\u00fd lososov\u00fd\"}]},{\"@type\":\"WebSite\",\"@id\":\"https:\/\/www.tattja.com\/#website\",\"url\":\"https:\/\/www.tattja.com\/\",\"name\":\"TATTJA\",\"description\":\"D\u00e1mske oble\u010denie z extra jemnej merino vlny \u2014 ru\u010dne pleten\u00e9 na Slovensku\",\"potentialAction\":[{\"@type\":\"SearchAction\",\"target\":{\"@type\":\"EntryPoint\",\"urlTemplate\":\"https:\/\/www.tattja.com\/?s={search_term_string}\"},\"query-input\":{\"@type\":\"PropertyValueSpecification\",\"valueRequired\":true,\"valueName\":\"search_term_string\"}}],\"inLanguage\":\"da-DK\"}]}<\/script>\n<!-- \/ Yoast SEO plugin. -->","yoast_head_json":{"title":"D\u00e1mske oble\u010denie 3-set MIMIR \u010derveno-oran\u017eov\u00fd lososov\u00fd - TATTJA","description":"D\u00e1mske oble\u010denie trojset MIMIR \u010derveno-oran\u017eov\u00fd lososov\u00fd \u2013 luxusn\u00fd pleten\u00fd set TATTJA, ktor\u00fd sp\u00e1ja energiu farby s eleganciou a pohodl\u00edm.","robots":{"index":"index","follow":"follow","max-snippet":"max-snippet:-1","max-image-preview":"max-image-preview:large","max-video-preview":"max-video-preview:-1"},"canonical":"https:\/\/www.tattja.com\/da\/product\/trojset-mimir-cerveno-oranzovy-lososovy\/","og_locale":"da_DK","og_type":"article","og_title":"D\u00e1mske oble\u010denie 3-set MIMIR \u010derveno-oran\u017eov\u00fd lososov\u00fd - TATTJA","og_description":"D\u00e1mske oble\u010denie trojset MIMIR \u010derveno-oran\u017eov\u00fd lososov\u00fd \u2013 luxusn\u00fd pleten\u00fd set TATTJA, ktor\u00fd sp\u00e1ja energiu farby s eleganciou a pohodl\u00edm.","og_url":"https:\/\/www.tattja.com\/da\/product\/trojset-mimir-cerveno-oranzovy-lososovy\/","og_site_name":"TATTJA","article_modified_time":"2026-04-05T17:45:02+00:00","og_image":[{"width":1365,"height":2048,"url":"https:\/\/www.tattja.com\/wp-content\/uploads\/2025\/12\/cerveno-oranzovy-lososovy-trojset-nakrcnik-rukavniky-ciapka-spredu-22.webp","type":"image\/webp"}],"twitter_card":"summary_large_image","twitter_misc":{"Estimeret l\u00e6setid":"2 minutter"},"schema":{"@context":"https:\/\/schema.org","@graph":[{"@type":"WebPage","@id":"https:\/\/www.tattja.com\/product\/trojset-mimir-cerveno-oranzovy-lososovy\/","url":"https:\/\/www.tattja.com\/product\/trojset-mimir-cerveno-oranzovy-lososovy\/","name":"D\u00e1mske oble\u010denie 3-set MIMIR \u010derveno-oran\u017eov\u00fd lososov\u00fd - TATTJA","isPartOf":{"@id":"https:\/\/www.tattja.com\/#website"},"primaryImageOfPage":{"@id":"https:\/\/www.tattja.com\/product\/trojset-mimir-cerveno-oranzovy-lososovy\/#primaryimage"},"image":{"@id":"https:\/\/www.tattja.com\/product\/trojset-mimir-cerveno-oranzovy-lososovy\/#primaryimage"},"thumbnailUrl":"https:\/\/www.tattja.com\/wp-content\/uploads\/2025\/12\/cerveno-oranzovy-lososovy-trojset-nakrcnik-rukavniky-ciapka-spredu-22.webp","datePublished":"2025-08-08T05:51:14+00:00","dateModified":"2026-04-05T17:45:02+00:00","description":"D\u00e1mske oble\u010denie trojset MIMIR \u010derveno-oran\u017eov\u00fd lososov\u00fd \u2013 luxusn\u00fd pleten\u00fd set TATTJA, ktor\u00fd sp\u00e1ja energiu farby s eleganciou a pohodl\u00edm.","breadcrumb":{"@id":"https:\/\/www.tattja.com\/product\/trojset-mimir-cerveno-oranzovy-lososovy\/#breadcrumb"},"inLanguage":"da-DK","potentialAction":[{"@type":"ReadAction","target":["https:\/\/www.tattja.com\/product\/trojset-mimir-cerveno-oranzovy-lososovy\/"]}]},{"@type":"ImageObject","inLanguage":"da-DK","@id":"https:\/\/www.tattja.com\/product\/trojset-mimir-cerveno-oranzovy-lososovy\/#primaryimage","url":"https:\/\/www.tattja.com\/wp-content\/uploads\/2025\/12\/cerveno-oranzovy-lososovy-trojset-nakrcnik-rukavniky-ciapka-spredu-22.webp","contentUrl":"https:\/\/www.tattja.com\/wp-content\/uploads\/2025\/12\/cerveno-oranzovy-lososovy-trojset-nakrcnik-rukavniky-ciapka-spredu-22.webp","width":1365,"height":2048,"caption":"Trojset n\u00e1kr\u010dn\u00edk + ruk\u00e1vniky + \u010diapka v \u010derveno-oran\u017eovo-lososovej farbe \u2013 predn\u00fd poh\u013ead"},{"@type":"BreadcrumbList","@id":"https:\/\/www.tattja.com\/product\/trojset-mimir-cerveno-oranzovy-lososovy\/#breadcrumb","itemListElement":[{"@type":"ListItem","position":1,"name":"Domov","item":"https:\/\/www.tattja.com\/"},{"@type":"ListItem","position":2,"name":"Produkty","item":"https:\/\/www.tattja.com\/damske-oblecenie-produkty\/"},{"@type":"ListItem","position":3,"name":"D\u00e1mske oble\u010denie 3-set MIMIR \u010derveno-oran\u017eov\u00fd lososov\u00fd"}]},{"@type":"WebSite","@id":"https:\/\/www.tattja.com\/#website","url":"https:\/\/www.tattja.com\/","name":"TATTJA","description":"D\u00e1mske oble\u010denie z extra jemnej merino vlny \u2014 ru\u010dne pleten\u00e9 na Slovensku","potentialAction":[{"@type":"SearchAction","target":{"@type":"EntryPoint","urlTemplate":"https:\/\/www.tattja.com\/?s={search_term_string}"},"query-input":{"@type":"PropertyValueSpecification","valueRequired":true,"valueName":"search_term_string"}}],"inLanguage":"da-DK"}]}},"_links":{"self":[{"href":"https:\/\/www.tattja.com\/da\/wp-json\/wp\/v2\/product\/1886","targetHints":{"allow":["GET"]}}],"collection":[{"href":"https:\/\/www.tattja.com\/da\/wp-json\/wp\/v2\/product"}],"about":[{"href":"https:\/\/www.tattja.com\/da\/wp-json\/wp\/v2\/types\/product"}],"replies":[{"embeddable":true,"href":"https:\/\/www.tattja.com\/da\/wp-json\/wp\/v2\/comments?post=1886"}],"version-history":[{"count":6,"href":"https:\/\/www.tattja.com\/da\/wp-json\/wp\/v2\/product\/1886\/revisions"}],"predecessor-version":[{"id":7253,"href":"https:\/\/www.tattja.com\/da\/wp-json\/wp\/v2\/product\/1886\/revisions\/7253"}],"wp:featuredmedia":[{"embeddable":true,"href":"https:\/\/www.tattja.com\/da\/wp-json\/wp\/v2\/media\/7119"}],"wp:attachment":[{"href":"https:\/\/www.tattja.com\/da\/wp-json\/wp\/v2\/media?parent=1886"}],"wp:term":[{"taxonomy":"product_brand","embeddable":true,"href":"https:\/\/www.tattja.com\/da\/wp-json\/wp\/v2\/product_brand?post=1886"},{"taxonomy":"product_cat","embeddable":true,"href":"https:\/\/www.tattja.com\/da\/wp-json\/wp\/v2\/product_cat?post=1886"},{"taxonomy":"product_tag","embeddable":true,"href":"https:\/\/www.tattja.com\/da\/wp-json\/wp\/v2\/product_tag?post=1886"}],"curies":[{"name":"wp","href":"https:\/\/api.w.org\/{rel}","templated":true}]}}