{"id":1890,"date":"2025-08-08T07:55:20","date_gmt":"2025-08-08T05:55:20","guid":{"rendered":"https:\/\/www.tattja.com\/?post_type=product&#038;p=1890"},"modified":"2026-04-05T19:45:02","modified_gmt":"2026-04-05T17:45:02","slug":"stvorset-tattja-cerveno-oranzovy-lososovy","status":"publish","type":"product","link":"https:\/\/www.tattja.com\/da\/product\/stvorset-tattja-cerveno-oranzovy-lososovy\/","title":{"rendered":"D\u00e1mske oble\u010denie 4-set TATTJA \u010derveno-oran\u017eov\u00fd lososov\u00fd"},"content":{"rendered":"<p data-start=\"974\" data-end=\"1393\"><strong data-start=\"974\" data-end=\"1019\">Firedelt TATTJA r\u00f8d-orange laks til kvinder<\/strong> er indbegrebet af femininitet, elegance og enest\u00e5ende stil. Dette luksuri\u00f8se ensemble best\u00e5r af fire ikoniske dele - en halsklud, et sjal, armringe og en hue med sjal. Tilsammen skaber de en harmonisk balance mellem funktionalitet og \u00e6stetik. Vi har designet hvert element med fokus p\u00e5 detaljer, komfort og originalt design for at fremh\u00e6ve hver enkelt kvindes individualitet.<\/p>\n<p data-start=\"1395\" data-end=\"1693\">Den r\u00f8d-orange laksefarve skiller sig ud med sin varmende energi og sensualitet. Det er en farve, der symboliserer mod, lidenskab og selvtillid, men som samtidig ser subtil og sofistikeret ud. Takket v\u00e6re denne harmoniske kombination af farver ser ensemblet optimistisk og str\u00e5lende ud - det perfekte supplement til b\u00e5de vinter- og for\u00e5rsoutfits.<\/p>\n<p data-start=\"1695\" data-end=\"2003\">Den fine strik smyger sig om kroppen med raffinement, halsb\u00e5ndet giver et varmende touch, sjalet fremh\u00e6ver figurlinjen, \u00e6rmeopslagene tilf\u00f8jer en elegant detalje, og h\u00e6tten med sjal lukker hele looket med en moderne karakter. Sammen skaber de en unik f\u00f8lelse af komfort og selvtillid, der fremh\u00e6ver en kvindes styrke og naturlige sk\u00f8nhed.<\/p>\n<p data-start=\"2005\" data-end=\"2222\"><strong data-start=\"2005\" data-end=\"2050\">Firedelt TATTJA r\u00f8d-orange laks til kvinder<\/strong> er mere end bare et modetilbeh\u00f8r - det er en oplevelse, der kombinerer luksus, funktionalitet og gl\u00e6den ved farver. Den er ideel til kvinder, der \u00f8nsker at skille sig ud og f\u00f8le sig specielle hver dag.<\/p>\n<p data-start=\"2005\" data-end=\"2222\">Oplev sk\u00f8nheden i subtilitet, sofistikerede detaljer og feminin stil, der vil varme dig op <a href=\"https:\/\/www.tattja.com\/da\/product-category\/produkty\/stvorset\/\">findes ogs\u00e5 i andre farver<\/a>.<\/p>\n<p data-start=\"2224\" data-end=\"2373\"><strong data-start=\"2224\" data-end=\"2281\">Se her, <a href=\"https:\/\/shop.bogensberger.co.at\/produkt-schlagwort\/merino-extrafein\/\">fra hvilke materialer<\/a> vi producerer vores v\u00e6rker<\/strong>, og oplev den autentiske komfort, det \u00e6rlige, h\u00e5ndlavede h\u00e5ndv\u00e6rk og den kvalitet, der kendetegner TATTJA-m\u00e6rket.<\/p>","protected":false},"excerpt":{"rendered":"<p><strong data-start=\"677\" data-end=\"722\">Firedelt TATTJA r\u00f8d-orange laks til kvinder<\/strong> udstr\u00e5ler femininitet, energi og stil. De fire strikkede dele - hue, halsvarmer, \u00e6rmer og shrug - skaber en harmonisk helhed, der kombinerer komfort, elegance og st\u00e6rke farver med raffinement.<\/p>","protected":false},"featured_media":7107,"comment_status":"open","ping_status":"closed","template":"","meta":[],"product_brand":[],"product_cat":[296,300,297,169,170],"product_tag":[],"class_list":{"0":"post-1890","1":"product","2":"type-product","3":"status-publish","4":"has-post-thumbnail","6":"product_cat-stvorset","7":"product_cat-damske-oblecenie","8":"product_cat-nakrcnik-a-driekovnik-a-rukavniky-a-ciapka","9":"product_cat-pleteninove-doplnky-cervenooranzove-lososove","10":"product_cat-stvorset-cervenooranzovy-lososovy","12":"first","13":"instock","14":"taxable","15":"shipping-taxable","16":"purchasable","17":"product-type-simple"},"yoast_head":"<!-- This site is optimized with the Yoast SEO plugin v26.0 - https:\/\/yoast.com\/wordpress\/plugins\/seo\/ -->\n<title>D\u00e1mske oble\u010denie 4-set TATTJA \u010derveno-oran\u017eov\u00fd lososov\u00fd - TATTJA<\/title>\n<meta name=\"description\" content=\"D\u00e1mske oble\u010denie \u0161tvorset TATTJA \u010derveno-oran\u017eov\u00fd lososov\u00fd \u2013 luxusn\u00fd d\u00e1msky komplet, ktor\u00fd sp\u00e1ja v\u00e1\u0161e\u0148 farby, \u017eenskos\u0165 a nad\u010dasov\u00fa eleganciu v jednom sete.\" \/>\n<meta name=\"robots\" content=\"index, follow, max-snippet:-1, max-image-preview:large, max-video-preview:-1\" \/>\n<link rel=\"canonical\" href=\"https:\/\/www.tattja.com\/da\/product\/stvorset-tattja-cerveno-oranzovy-lososovy\/\" \/>\n<meta property=\"og:locale\" content=\"da_DK\" \/>\n<meta property=\"og:type\" content=\"article\" \/>\n<meta property=\"og:title\" content=\"D\u00e1mske oble\u010denie 4-set TATTJA \u010derveno-oran\u017eov\u00fd lososov\u00fd - TATTJA\" \/>\n<meta property=\"og:description\" content=\"D\u00e1mske oble\u010denie \u0161tvorset TATTJA \u010derveno-oran\u017eov\u00fd lososov\u00fd \u2013 luxusn\u00fd d\u00e1msky komplet, ktor\u00fd sp\u00e1ja v\u00e1\u0161e\u0148 farby, \u017eenskos\u0165 a nad\u010dasov\u00fa eleganciu v jednom sete.\" \/>\n<meta property=\"og:url\" content=\"https:\/\/www.tattja.com\/da\/product\/stvorset-tattja-cerveno-oranzovy-lososovy\/\" \/>\n<meta property=\"og:site_name\" content=\"TATTJA\" \/>\n<meta property=\"article:modified_time\" content=\"2026-04-05T17:45:02+00:00\" \/>\n<meta property=\"og:image\" content=\"https:\/\/www.tattja.com\/wp-content\/uploads\/2025\/12\/cerveno-oranzovy-lososovy-stvorset-nakrcnik-driekovnik-rukavniky-ciapka-spredu-10.webp\" \/>\n\t<meta property=\"og:image:width\" content=\"1365\" \/>\n\t<meta property=\"og:image:height\" content=\"2048\" \/>\n\t<meta property=\"og:image:type\" content=\"image\/webp\" \/>\n<meta name=\"twitter:card\" content=\"summary_large_image\" \/>\n<meta name=\"twitter:label1\" content=\"Estimeret l\u00e6setid\" \/>\n\t<meta name=\"twitter:data1\" content=\"2 minutter\" \/>\n<script type=\"application\/ld+json\" class=\"yoast-schema-graph\">{\"@context\":\"https:\/\/schema.org\",\"@graph\":[{\"@type\":\"WebPage\",\"@id\":\"https:\/\/www.tattja.com\/product\/stvorset-tattja-cerveno-oranzovy-lososovy\/\",\"url\":\"https:\/\/www.tattja.com\/product\/stvorset-tattja-cerveno-oranzovy-lososovy\/\",\"name\":\"D\u00e1mske oble\u010denie 4-set TATTJA \u010derveno-oran\u017eov\u00fd lososov\u00fd - TATTJA\",\"isPartOf\":{\"@id\":\"https:\/\/www.tattja.com\/#website\"},\"primaryImageOfPage\":{\"@id\":\"https:\/\/www.tattja.com\/product\/stvorset-tattja-cerveno-oranzovy-lososovy\/#primaryimage\"},\"image\":{\"@id\":\"https:\/\/www.tattja.com\/product\/stvorset-tattja-cerveno-oranzovy-lososovy\/#primaryimage\"},\"thumbnailUrl\":\"https:\/\/www.tattja.com\/wp-content\/uploads\/2025\/12\/cerveno-oranzovy-lososovy-stvorset-nakrcnik-driekovnik-rukavniky-ciapka-spredu-10.webp\",\"datePublished\":\"2025-08-08T05:55:20+00:00\",\"dateModified\":\"2026-04-05T17:45:02+00:00\",\"description\":\"D\u00e1mske oble\u010denie \u0161tvorset TATTJA \u010derveno-oran\u017eov\u00fd lososov\u00fd \u2013 luxusn\u00fd d\u00e1msky komplet, ktor\u00fd sp\u00e1ja v\u00e1\u0161e\u0148 farby, \u017eenskos\u0165 a nad\u010dasov\u00fa eleganciu v jednom sete.\",\"breadcrumb\":{\"@id\":\"https:\/\/www.tattja.com\/product\/stvorset-tattja-cerveno-oranzovy-lososovy\/#breadcrumb\"},\"inLanguage\":\"da-DK\",\"potentialAction\":[{\"@type\":\"ReadAction\",\"target\":[\"https:\/\/www.tattja.com\/product\/stvorset-tattja-cerveno-oranzovy-lososovy\/\"]}]},{\"@type\":\"ImageObject\",\"inLanguage\":\"da-DK\",\"@id\":\"https:\/\/www.tattja.com\/product\/stvorset-tattja-cerveno-oranzovy-lososovy\/#primaryimage\",\"url\":\"https:\/\/www.tattja.com\/wp-content\/uploads\/2025\/12\/cerveno-oranzovy-lososovy-stvorset-nakrcnik-driekovnik-rukavniky-ciapka-spredu-10.webp\",\"contentUrl\":\"https:\/\/www.tattja.com\/wp-content\/uploads\/2025\/12\/cerveno-oranzovy-lososovy-stvorset-nakrcnik-driekovnik-rukavniky-ciapka-spredu-10.webp\",\"width\":1365,\"height\":2048,\"caption\":\"\u0160tvorset \u010diapka + n\u00e1kr\u010dn\u00edk + driekovn\u00edk + ruk\u00e1vniky v \u010derveno-oran\u017eovo-lososovej farbe \u2013 predn\u00fd poh\u013ead\"},{\"@type\":\"BreadcrumbList\",\"@id\":\"https:\/\/www.tattja.com\/product\/stvorset-tattja-cerveno-oranzovy-lososovy\/#breadcrumb\",\"itemListElement\":[{\"@type\":\"ListItem\",\"position\":1,\"name\":\"Domov\",\"item\":\"https:\/\/www.tattja.com\/\"},{\"@type\":\"ListItem\",\"position\":2,\"name\":\"Produkty\",\"item\":\"https:\/\/www.tattja.com\/damske-oblecenie-produkty\/\"},{\"@type\":\"ListItem\",\"position\":3,\"name\":\"D\u00e1mske oble\u010denie 4-set TATTJA \u010derveno-oran\u017eov\u00fd lososov\u00fd\"}]},{\"@type\":\"WebSite\",\"@id\":\"https:\/\/www.tattja.com\/#website\",\"url\":\"https:\/\/www.tattja.com\/\",\"name\":\"TATTJA\",\"description\":\"D\u00e1mske oble\u010denie z extra jemnej merino vlny \u2014 ru\u010dne pleten\u00e9 na Slovensku\",\"potentialAction\":[{\"@type\":\"SearchAction\",\"target\":{\"@type\":\"EntryPoint\",\"urlTemplate\":\"https:\/\/www.tattja.com\/?s={search_term_string}\"},\"query-input\":{\"@type\":\"PropertyValueSpecification\",\"valueRequired\":true,\"valueName\":\"search_term_string\"}}],\"inLanguage\":\"da-DK\"}]}<\/script>\n<!-- \/ Yoast SEO plugin. -->","yoast_head_json":{"title":"D\u00e1mske oble\u010denie 4-set TATTJA \u010derveno-oran\u017eov\u00fd lososov\u00fd - TATTJA","description":"D\u00e1mske oble\u010denie \u0161tvorset TATTJA \u010derveno-oran\u017eov\u00fd lososov\u00fd \u2013 luxusn\u00fd d\u00e1msky komplet, ktor\u00fd sp\u00e1ja v\u00e1\u0161e\u0148 farby, \u017eenskos\u0165 a nad\u010dasov\u00fa eleganciu v jednom sete.","robots":{"index":"index","follow":"follow","max-snippet":"max-snippet:-1","max-image-preview":"max-image-preview:large","max-video-preview":"max-video-preview:-1"},"canonical":"https:\/\/www.tattja.com\/da\/product\/stvorset-tattja-cerveno-oranzovy-lososovy\/","og_locale":"da_DK","og_type":"article","og_title":"D\u00e1mske oble\u010denie 4-set TATTJA \u010derveno-oran\u017eov\u00fd lososov\u00fd - TATTJA","og_description":"D\u00e1mske oble\u010denie \u0161tvorset TATTJA \u010derveno-oran\u017eov\u00fd lososov\u00fd \u2013 luxusn\u00fd d\u00e1msky komplet, ktor\u00fd sp\u00e1ja v\u00e1\u0161e\u0148 farby, \u017eenskos\u0165 a nad\u010dasov\u00fa eleganciu v jednom sete.","og_url":"https:\/\/www.tattja.com\/da\/product\/stvorset-tattja-cerveno-oranzovy-lososovy\/","og_site_name":"TATTJA","article_modified_time":"2026-04-05T17:45:02+00:00","og_image":[{"width":1365,"height":2048,"url":"https:\/\/www.tattja.com\/wp-content\/uploads\/2025\/12\/cerveno-oranzovy-lososovy-stvorset-nakrcnik-driekovnik-rukavniky-ciapka-spredu-10.webp","type":"image\/webp"}],"twitter_card":"summary_large_image","twitter_misc":{"Estimeret l\u00e6setid":"2 minutter"},"schema":{"@context":"https:\/\/schema.org","@graph":[{"@type":"WebPage","@id":"https:\/\/www.tattja.com\/product\/stvorset-tattja-cerveno-oranzovy-lososovy\/","url":"https:\/\/www.tattja.com\/product\/stvorset-tattja-cerveno-oranzovy-lososovy\/","name":"D\u00e1mske oble\u010denie 4-set TATTJA \u010derveno-oran\u017eov\u00fd lososov\u00fd - TATTJA","isPartOf":{"@id":"https:\/\/www.tattja.com\/#website"},"primaryImageOfPage":{"@id":"https:\/\/www.tattja.com\/product\/stvorset-tattja-cerveno-oranzovy-lososovy\/#primaryimage"},"image":{"@id":"https:\/\/www.tattja.com\/product\/stvorset-tattja-cerveno-oranzovy-lososovy\/#primaryimage"},"thumbnailUrl":"https:\/\/www.tattja.com\/wp-content\/uploads\/2025\/12\/cerveno-oranzovy-lososovy-stvorset-nakrcnik-driekovnik-rukavniky-ciapka-spredu-10.webp","datePublished":"2025-08-08T05:55:20+00:00","dateModified":"2026-04-05T17:45:02+00:00","description":"D\u00e1mske oble\u010denie \u0161tvorset TATTJA \u010derveno-oran\u017eov\u00fd lososov\u00fd \u2013 luxusn\u00fd d\u00e1msky komplet, ktor\u00fd sp\u00e1ja v\u00e1\u0161e\u0148 farby, \u017eenskos\u0165 a nad\u010dasov\u00fa eleganciu v jednom sete.","breadcrumb":{"@id":"https:\/\/www.tattja.com\/product\/stvorset-tattja-cerveno-oranzovy-lososovy\/#breadcrumb"},"inLanguage":"da-DK","potentialAction":[{"@type":"ReadAction","target":["https:\/\/www.tattja.com\/product\/stvorset-tattja-cerveno-oranzovy-lososovy\/"]}]},{"@type":"ImageObject","inLanguage":"da-DK","@id":"https:\/\/www.tattja.com\/product\/stvorset-tattja-cerveno-oranzovy-lososovy\/#primaryimage","url":"https:\/\/www.tattja.com\/wp-content\/uploads\/2025\/12\/cerveno-oranzovy-lososovy-stvorset-nakrcnik-driekovnik-rukavniky-ciapka-spredu-10.webp","contentUrl":"https:\/\/www.tattja.com\/wp-content\/uploads\/2025\/12\/cerveno-oranzovy-lososovy-stvorset-nakrcnik-driekovnik-rukavniky-ciapka-spredu-10.webp","width":1365,"height":2048,"caption":"\u0160tvorset \u010diapka + n\u00e1kr\u010dn\u00edk + driekovn\u00edk + ruk\u00e1vniky v \u010derveno-oran\u017eovo-lososovej farbe \u2013 predn\u00fd poh\u013ead"},{"@type":"BreadcrumbList","@id":"https:\/\/www.tattja.com\/product\/stvorset-tattja-cerveno-oranzovy-lososovy\/#breadcrumb","itemListElement":[{"@type":"ListItem","position":1,"name":"Domov","item":"https:\/\/www.tattja.com\/"},{"@type":"ListItem","position":2,"name":"Produkty","item":"https:\/\/www.tattja.com\/damske-oblecenie-produkty\/"},{"@type":"ListItem","position":3,"name":"D\u00e1mske oble\u010denie 4-set TATTJA \u010derveno-oran\u017eov\u00fd lososov\u00fd"}]},{"@type":"WebSite","@id":"https:\/\/www.tattja.com\/#website","url":"https:\/\/www.tattja.com\/","name":"TATTJA","description":"D\u00e1mske oble\u010denie z extra jemnej merino vlny \u2014 ru\u010dne pleten\u00e9 na Slovensku","potentialAction":[{"@type":"SearchAction","target":{"@type":"EntryPoint","urlTemplate":"https:\/\/www.tattja.com\/?s={search_term_string}"},"query-input":{"@type":"PropertyValueSpecification","valueRequired":true,"valueName":"search_term_string"}}],"inLanguage":"da-DK"}]}},"_links":{"self":[{"href":"https:\/\/www.tattja.com\/da\/wp-json\/wp\/v2\/product\/1890","targetHints":{"allow":["GET"]}}],"collection":[{"href":"https:\/\/www.tattja.com\/da\/wp-json\/wp\/v2\/product"}],"about":[{"href":"https:\/\/www.tattja.com\/da\/wp-json\/wp\/v2\/types\/product"}],"replies":[{"embeddable":true,"href":"https:\/\/www.tattja.com\/da\/wp-json\/wp\/v2\/comments?post=1890"}],"version-history":[{"count":6,"href":"https:\/\/www.tattja.com\/da\/wp-json\/wp\/v2\/product\/1890\/revisions"}],"predecessor-version":[{"id":7251,"href":"https:\/\/www.tattja.com\/da\/wp-json\/wp\/v2\/product\/1890\/revisions\/7251"}],"wp:featuredmedia":[{"embeddable":true,"href":"https:\/\/www.tattja.com\/da\/wp-json\/wp\/v2\/media\/7107"}],"wp:attachment":[{"href":"https:\/\/www.tattja.com\/da\/wp-json\/wp\/v2\/media?parent=1890"}],"wp:term":[{"taxonomy":"product_brand","embeddable":true,"href":"https:\/\/www.tattja.com\/da\/wp-json\/wp\/v2\/product_brand?post=1890"},{"taxonomy":"product_cat","embeddable":true,"href":"https:\/\/www.tattja.com\/da\/wp-json\/wp\/v2\/product_cat?post=1890"},{"taxonomy":"product_tag","embeddable":true,"href":"https:\/\/www.tattja.com\/da\/wp-json\/wp\/v2\/product_tag?post=1890"}],"curies":[{"name":"wp","href":"https:\/\/api.w.org\/{rel}","templated":true}]}}