{"id":1892,"date":"2025-08-11T10:10:11","date_gmt":"2025-08-11T08:10:11","guid":{"rendered":"https:\/\/www.tattja.com\/?post_type=product&#038;p=1892"},"modified":"2026-04-05T19:45:02","modified_gmt":"2026-04-05T17:45:02","slug":"damske-oblecenie-ciapka-anja-cyklamenova","status":"publish","type":"product","link":"https:\/\/www.tattja.com\/da\/product\/damske-oblecenie-ciapka-anja-cyklamenova\/","title":{"rendered":"Kasket til damet\u00f8j ANJA cyklamen"},"content":{"rendered":"<p data-start=\"860\" data-end=\"1148\"><strong data-start=\"860\" data-end=\"904\">Kasket til damet\u00f8j ANJA cyklamen<\/strong> er en kombination af elegance, femininitet og moderne luksus. Denne karakteristiske model fra kollektionen <strong data-start=\"989\" data-end=\"999\">TATTJA<\/strong> er en accessory, der \u00f8jeblikkeligt lyser op i ethvert outfit. Takket v\u00e6re den fine strik giver den komfort og varme, samtidig med at den ser let og luftig ud.<\/p>\n<p data-start=\"1150\" data-end=\"1502\">Cyclamen er et symbol p\u00e5 energi, lidenskab og kreativitet. Denne nuance lyser selv et enkelt look op og giver det et friskt, selvsikkert touch. H\u00e6tte <strong data-start=\"1296\" data-end=\"1316\">ANJA cyklamen<\/strong> fungerer som en juvel - dens str\u00e5lende tone tiltr\u00e6kker opm\u00e6rksomhed, fremh\u00e6ver ansigtstr\u00e6k og understreger det unikke ved enhver kvinde. Det er det ideelle valg for dem, der elsker kombinationen af stil og funktionalitet.<\/p>\n<p data-start=\"1504\" data-end=\"1804\">Den raffinerede strikkede struktur tilpasser sig hovedets form og sikrer komfort og varme p\u00e5 koldere dage. Materialet er behageligt at r\u00f8re ved, \u00e5ndbart og holder en optimal temperatur. Det praktiske visir giver kasketten karakter og en moderne, urban accent, der adskiller den fra almindeligt vintertilbeh\u00f8r.<\/p>\n<p data-start=\"1806\" data-end=\"2085\">Kasket til damet\u00f8j <strong data-start=\"1813\" data-end=\"1833\">ANJA cyklamen<\/strong> kan nemt kombineres med dele fra kollektionen <strong data-start=\"1879\" data-end=\"1889\">TATTJA<\/strong> - Passer godt sammen med et sjal, armb\u00e5nd eller en halsvarmer. Den er velegnet til hverdagsbrug, rejser og elegante lejligheder. Dit outfit vil f\u00e5 et strejf af raffinement og stilfuld selvtillid.<\/p>\n<p data-start=\"2087\" data-end=\"2192\">Oplev sk\u00f8nheden i delikatesse, sofistikerede detaljer og feminin stil, der vil holde dig varm og... <a href=\"https:\/\/www.tattja.com\/da\/product-category\/damske-oblecenie\/doplnky-jednotlivo\/ciapky\/\">i andre farver<\/a>.<\/p>\n<p data-start=\"2194\" data-end=\"2328\"><strong data-start=\"2194\" data-end=\"2248\">Se her, <a href=\"https:\/\/shop.bogensberger.co.at\/produkt-schlagwort\/merino-extrafein\/\">fra hvilke materialer<\/a> vi producerer vores v\u00e6rker<\/strong> og lad dig inspirere af m\u00e6rkets kvalitet og h\u00e5ndv\u00e6rk <strong data-start=\"2315\" data-end=\"2325\">TATTJA<\/strong>.<\/p>\n<hr data-start=\"2330\" data-end=\"2333\" \/>","protected":false},"excerpt":{"rendered":"<p><strong data-start=\"645\" data-end=\"689\">Kasket til damet\u00f8j ANJA cyklamen<\/strong> skiller sig ud med sin levende farve, fine strikning og pr\u00e6cise udf\u00f8relse. En elegant accessory, der vil tilf\u00f8re energi og raffinement til dit look.<\/p>","protected":false},"featured_media":2234,"comment_status":"open","ping_status":"closed","template":"","meta":[],"product_brand":[],"product_cat":[123,282,300,257,298,134],"product_tag":[],"class_list":{"0":"post-1892","1":"product","2":"type-product","3":"status-publish","4":"has-post-thumbnail","6":"product_cat-ciapka-cyklamenova","7":"product_cat-ciapky","8":"product_cat-damske-oblecenie","9":"product_cat-samostatne-doplnky","10":"product_cat-doplnky-jednotlivo","11":"product_cat-pleteninove-doplnky-cyklamenove","13":"first","14":"instock","15":"taxable","16":"shipping-taxable","17":"purchasable","18":"product-type-simple"},"yoast_head":"<!-- This site is optimized with the Yoast SEO plugin v26.0 - https:\/\/yoast.com\/wordpress\/plugins\/seo\/ -->\n<title>D\u00e1mske oble\u010denie \u010diapka ANJA cykl\u00e1menov\u00e1 - TATTJA<\/title>\n<meta name=\"description\" content=\"D\u00e1mske oble\u010denie \u010diapka ANJA cykl\u00e1menov\u00e1 \u2013 elegantn\u00fd doplnok s n\u00e1dychom luxusu, ktor\u00fd roz\u017eiari outfit a zv\u00fdrazn\u00ed \u017eensk\u00fd \u0161t\u00fdl.\" \/>\n<meta name=\"robots\" content=\"index, follow, max-snippet:-1, max-image-preview:large, max-video-preview:-1\" \/>\n<link rel=\"canonical\" href=\"https:\/\/www.tattja.com\/da\/product\/damske-oblecenie-ciapka-anja-cyklamenova\/\" \/>\n<meta property=\"og:locale\" content=\"da_DK\" \/>\n<meta property=\"og:type\" content=\"article\" \/>\n<meta property=\"og:title\" content=\"D\u00e1mske oble\u010denie \u010diapka ANJA cykl\u00e1menov\u00e1 - TATTJA\" \/>\n<meta property=\"og:description\" content=\"D\u00e1mske oble\u010denie \u010diapka ANJA cykl\u00e1menov\u00e1 \u2013 elegantn\u00fd doplnok s n\u00e1dychom luxusu, ktor\u00fd roz\u017eiari outfit a zv\u00fdrazn\u00ed \u017eensk\u00fd \u0161t\u00fdl.\" \/>\n<meta property=\"og:url\" content=\"https:\/\/www.tattja.com\/da\/product\/damske-oblecenie-ciapka-anja-cyklamenova\/\" \/>\n<meta property=\"og:site_name\" content=\"TATTJA\" \/>\n<meta property=\"article:modified_time\" content=\"2026-04-05T17:45:02+00:00\" \/>\n<meta property=\"og:image\" content=\"https:\/\/www.tattja.com\/wp-content\/uploads\/2025\/08\/cyklamenovy-ciapka-spredu.webp\" \/>\n\t<meta property=\"og:image:width\" content=\"1365\" \/>\n\t<meta property=\"og:image:height\" content=\"2048\" \/>\n\t<meta property=\"og:image:type\" content=\"image\/webp\" \/>\n<meta name=\"twitter:card\" content=\"summary_large_image\" \/>\n<meta name=\"twitter:label1\" content=\"Estimeret l\u00e6setid\" \/>\n\t<meta name=\"twitter:data1\" content=\"2 minutter\" \/>\n<script type=\"application\/ld+json\" class=\"yoast-schema-graph\">{\"@context\":\"https:\/\/schema.org\",\"@graph\":[{\"@type\":\"WebPage\",\"@id\":\"https:\/\/www.tattja.com\/product\/damske-oblecenie-ciapka-anja-cyklamenova\/\",\"url\":\"https:\/\/www.tattja.com\/product\/damske-oblecenie-ciapka-anja-cyklamenova\/\",\"name\":\"D\u00e1mske oble\u010denie \u010diapka ANJA cykl\u00e1menov\u00e1 - TATTJA\",\"isPartOf\":{\"@id\":\"https:\/\/www.tattja.com\/#website\"},\"primaryImageOfPage\":{\"@id\":\"https:\/\/www.tattja.com\/product\/damske-oblecenie-ciapka-anja-cyklamenova\/#primaryimage\"},\"image\":{\"@id\":\"https:\/\/www.tattja.com\/product\/damske-oblecenie-ciapka-anja-cyklamenova\/#primaryimage\"},\"thumbnailUrl\":\"https:\/\/www.tattja.com\/wp-content\/uploads\/2025\/08\/cyklamenovy-ciapka-spredu.webp\",\"datePublished\":\"2025-08-11T08:10:11+00:00\",\"dateModified\":\"2026-04-05T17:45:02+00:00\",\"description\":\"D\u00e1mske oble\u010denie \u010diapka ANJA cykl\u00e1menov\u00e1 \u2013 elegantn\u00fd doplnok s n\u00e1dychom luxusu, ktor\u00fd roz\u017eiari outfit a zv\u00fdrazn\u00ed \u017eensk\u00fd \u0161t\u00fdl.\",\"breadcrumb\":{\"@id\":\"https:\/\/www.tattja.com\/product\/damske-oblecenie-ciapka-anja-cyklamenova\/#breadcrumb\"},\"inLanguage\":\"da-DK\",\"potentialAction\":[{\"@type\":\"ReadAction\",\"target\":[\"https:\/\/www.tattja.com\/product\/damske-oblecenie-ciapka-anja-cyklamenova\/\"]}]},{\"@type\":\"ImageObject\",\"inLanguage\":\"da-DK\",\"@id\":\"https:\/\/www.tattja.com\/product\/damske-oblecenie-ciapka-anja-cyklamenova\/#primaryimage\",\"url\":\"https:\/\/www.tattja.com\/wp-content\/uploads\/2025\/08\/cyklamenovy-ciapka-spredu.webp\",\"contentUrl\":\"https:\/\/www.tattja.com\/wp-content\/uploads\/2025\/08\/cyklamenovy-ciapka-spredu.webp\",\"width\":1365,\"height\":2048,\"caption\":\"\u010ciapka ANJA \u2013 cykl\u00e1menov\u00e1 pleten\u00e1 \u010diapka TATTJA | predn\u00fd poh\u013ead\"},{\"@type\":\"BreadcrumbList\",\"@id\":\"https:\/\/www.tattja.com\/product\/damske-oblecenie-ciapka-anja-cyklamenova\/#breadcrumb\",\"itemListElement\":[{\"@type\":\"ListItem\",\"position\":1,\"name\":\"Domov\",\"item\":\"https:\/\/www.tattja.com\/\"},{\"@type\":\"ListItem\",\"position\":2,\"name\":\"Produkty\",\"item\":\"https:\/\/www.tattja.com\/damske-oblecenie-produkty\/\"},{\"@type\":\"ListItem\",\"position\":3,\"name\":\"D\u00e1mske oble\u010denie \u010diapka ANJA cykl\u00e1menov\u00e1\"}]},{\"@type\":\"WebSite\",\"@id\":\"https:\/\/www.tattja.com\/#website\",\"url\":\"https:\/\/www.tattja.com\/\",\"name\":\"TATTJA\",\"description\":\"D\u00e1mske oble\u010denie z extra jemnej merino vlny \u2014 ru\u010dne pleten\u00e9 na Slovensku\",\"potentialAction\":[{\"@type\":\"SearchAction\",\"target\":{\"@type\":\"EntryPoint\",\"urlTemplate\":\"https:\/\/www.tattja.com\/?s={search_term_string}\"},\"query-input\":{\"@type\":\"PropertyValueSpecification\",\"valueRequired\":true,\"valueName\":\"search_term_string\"}}],\"inLanguage\":\"da-DK\"}]}<\/script>\n<!-- \/ Yoast SEO plugin. -->","yoast_head_json":{"title":"D\u00e1mske oble\u010denie \u010diapka ANJA cykl\u00e1menov\u00e1 - TATTJA","description":"D\u00e1mske oble\u010denie \u010diapka ANJA cykl\u00e1menov\u00e1 \u2013 elegantn\u00fd doplnok s n\u00e1dychom luxusu, ktor\u00fd roz\u017eiari outfit a zv\u00fdrazn\u00ed \u017eensk\u00fd \u0161t\u00fdl.","robots":{"index":"index","follow":"follow","max-snippet":"max-snippet:-1","max-image-preview":"max-image-preview:large","max-video-preview":"max-video-preview:-1"},"canonical":"https:\/\/www.tattja.com\/da\/product\/damske-oblecenie-ciapka-anja-cyklamenova\/","og_locale":"da_DK","og_type":"article","og_title":"D\u00e1mske oble\u010denie \u010diapka ANJA cykl\u00e1menov\u00e1 - TATTJA","og_description":"D\u00e1mske oble\u010denie \u010diapka ANJA cykl\u00e1menov\u00e1 \u2013 elegantn\u00fd doplnok s n\u00e1dychom luxusu, ktor\u00fd roz\u017eiari outfit a zv\u00fdrazn\u00ed \u017eensk\u00fd \u0161t\u00fdl.","og_url":"https:\/\/www.tattja.com\/da\/product\/damske-oblecenie-ciapka-anja-cyklamenova\/","og_site_name":"TATTJA","article_modified_time":"2026-04-05T17:45:02+00:00","og_image":[{"width":1365,"height":2048,"url":"https:\/\/www.tattja.com\/wp-content\/uploads\/2025\/08\/cyklamenovy-ciapka-spredu.webp","type":"image\/webp"}],"twitter_card":"summary_large_image","twitter_misc":{"Estimeret l\u00e6setid":"2 minutter"},"schema":{"@context":"https:\/\/schema.org","@graph":[{"@type":"WebPage","@id":"https:\/\/www.tattja.com\/product\/damske-oblecenie-ciapka-anja-cyklamenova\/","url":"https:\/\/www.tattja.com\/product\/damske-oblecenie-ciapka-anja-cyklamenova\/","name":"D\u00e1mske oble\u010denie \u010diapka ANJA cykl\u00e1menov\u00e1 - TATTJA","isPartOf":{"@id":"https:\/\/www.tattja.com\/#website"},"primaryImageOfPage":{"@id":"https:\/\/www.tattja.com\/product\/damske-oblecenie-ciapka-anja-cyklamenova\/#primaryimage"},"image":{"@id":"https:\/\/www.tattja.com\/product\/damske-oblecenie-ciapka-anja-cyklamenova\/#primaryimage"},"thumbnailUrl":"https:\/\/www.tattja.com\/wp-content\/uploads\/2025\/08\/cyklamenovy-ciapka-spredu.webp","datePublished":"2025-08-11T08:10:11+00:00","dateModified":"2026-04-05T17:45:02+00:00","description":"D\u00e1mske oble\u010denie \u010diapka ANJA cykl\u00e1menov\u00e1 \u2013 elegantn\u00fd doplnok s n\u00e1dychom luxusu, ktor\u00fd roz\u017eiari outfit a zv\u00fdrazn\u00ed \u017eensk\u00fd \u0161t\u00fdl.","breadcrumb":{"@id":"https:\/\/www.tattja.com\/product\/damske-oblecenie-ciapka-anja-cyklamenova\/#breadcrumb"},"inLanguage":"da-DK","potentialAction":[{"@type":"ReadAction","target":["https:\/\/www.tattja.com\/product\/damske-oblecenie-ciapka-anja-cyklamenova\/"]}]},{"@type":"ImageObject","inLanguage":"da-DK","@id":"https:\/\/www.tattja.com\/product\/damske-oblecenie-ciapka-anja-cyklamenova\/#primaryimage","url":"https:\/\/www.tattja.com\/wp-content\/uploads\/2025\/08\/cyklamenovy-ciapka-spredu.webp","contentUrl":"https:\/\/www.tattja.com\/wp-content\/uploads\/2025\/08\/cyklamenovy-ciapka-spredu.webp","width":1365,"height":2048,"caption":"\u010ciapka ANJA \u2013 cykl\u00e1menov\u00e1 pleten\u00e1 \u010diapka TATTJA | predn\u00fd poh\u013ead"},{"@type":"BreadcrumbList","@id":"https:\/\/www.tattja.com\/product\/damske-oblecenie-ciapka-anja-cyklamenova\/#breadcrumb","itemListElement":[{"@type":"ListItem","position":1,"name":"Domov","item":"https:\/\/www.tattja.com\/"},{"@type":"ListItem","position":2,"name":"Produkty","item":"https:\/\/www.tattja.com\/damske-oblecenie-produkty\/"},{"@type":"ListItem","position":3,"name":"D\u00e1mske oble\u010denie \u010diapka ANJA cykl\u00e1menov\u00e1"}]},{"@type":"WebSite","@id":"https:\/\/www.tattja.com\/#website","url":"https:\/\/www.tattja.com\/","name":"TATTJA","description":"D\u00e1mske oble\u010denie z extra jemnej merino vlny \u2014 ru\u010dne pleten\u00e9 na Slovensku","potentialAction":[{"@type":"SearchAction","target":{"@type":"EntryPoint","urlTemplate":"https:\/\/www.tattja.com\/?s={search_term_string}"},"query-input":{"@type":"PropertyValueSpecification","valueRequired":true,"valueName":"search_term_string"}}],"inLanguage":"da-DK"}]}},"_links":{"self":[{"href":"https:\/\/www.tattja.com\/da\/wp-json\/wp\/v2\/product\/1892","targetHints":{"allow":["GET"]}}],"collection":[{"href":"https:\/\/www.tattja.com\/da\/wp-json\/wp\/v2\/product"}],"about":[{"href":"https:\/\/www.tattja.com\/da\/wp-json\/wp\/v2\/types\/product"}],"replies":[{"embeddable":true,"href":"https:\/\/www.tattja.com\/da\/wp-json\/wp\/v2\/comments?post=1892"}],"version-history":[{"count":5,"href":"https:\/\/www.tattja.com\/da\/wp-json\/wp\/v2\/product\/1892\/revisions"}],"predecessor-version":[{"id":5904,"href":"https:\/\/www.tattja.com\/da\/wp-json\/wp\/v2\/product\/1892\/revisions\/5904"}],"wp:featuredmedia":[{"embeddable":true,"href":"https:\/\/www.tattja.com\/da\/wp-json\/wp\/v2\/media\/2234"}],"wp:attachment":[{"href":"https:\/\/www.tattja.com\/da\/wp-json\/wp\/v2\/media?parent=1892"}],"wp:term":[{"taxonomy":"product_brand","embeddable":true,"href":"https:\/\/www.tattja.com\/da\/wp-json\/wp\/v2\/product_brand?post=1892"},{"taxonomy":"product_cat","embeddable":true,"href":"https:\/\/www.tattja.com\/da\/wp-json\/wp\/v2\/product_cat?post=1892"},{"taxonomy":"product_tag","embeddable":true,"href":"https:\/\/www.tattja.com\/da\/wp-json\/wp\/v2\/product_tag?post=1892"}],"curies":[{"name":"wp","href":"https:\/\/api.w.org\/{rel}","templated":true}]}}