{"id":1894,"date":"2025-08-11T10:13:06","date_gmt":"2025-08-11T08:13:06","guid":{"rendered":"https:\/\/www.tattja.com\/?post_type=product&#038;p=1894"},"modified":"2026-04-05T19:45:01","modified_gmt":"2026-04-05T17:45:01","slug":"rukavniky-katja-cyklamenove","status":"publish","type":"product","link":"https:\/\/www.tattja.com\/da\/product\/rukavniky-katja-cyklamenove\/","title":{"rendered":"\u00c6rmer til damet\u00f8j KATJA cyklamen"},"content":{"rendered":"<p data-start=\"900\" data-end=\"1250\"><strong data-start=\"900\" data-end=\"948\">\u00c6rmer til damet\u00f8j KATJA cyklamen<\/strong> giver en kombination af luksus, komfort og karakteristisk stil. Denne elegante strikkede accessory fra <strong data-start=\"1047\" data-end=\"1057\">TATTJA<\/strong> varmer, fremh\u00e6ver kvindeligheden og giver energi til ethvert outfit. Takket v\u00e6re det bl\u00f8de strikstof med en fin ribstruktur smyger \u00e6rmerne sig fint om armene og giver komfort p\u00e5 koldere dage.<\/p>\n<p data-start=\"1252\" data-end=\"1622\">Cyklamen-farven ser st\u00e6rk, selvsikker og optimistisk ud. Den er ideel til kvinder, der ikke er bange for at skille sig ud, og som elsker farver med masser af energi. Denne nuance lyser \u00f8jeblikkeligt op i b\u00e5de minimalistiske og elegante outfits og tilf\u00f8jer en stilfuld kontrast. KATJAs cyclamen-\u00e6rmer er den perfekte m\u00e5de at bringe et dristigt, men sofistikeret element ind i hverdagens p\u00e5kl\u00e6dning.<\/p>\n<p data-start=\"1624\" data-end=\"1915\">Deres universelle snit giver dig mulighed for at kombinere dem med en skjorte, kjole, frakke eller sweater. Hver detalje er designet til at underst\u00f8tte den feminine silhuet og skabe balance mellem funktion og sk\u00f8nhed. Materialet i armb\u00e5ndene er bl\u00f8dt, varmt og \u00e5ndbart p\u00e5 samme tid, hvilket garanterer komfort ved enhver bev\u00e6gelse.<\/p>\n<p data-start=\"1917\" data-end=\"2137\">KATJAs cyklamen\u00e6rmer til kvinder er mere end bare et praktisk tilbeh\u00f8r. De er et udtryk for personlighed, smag og k\u00e6rlighed til detaljer. Deres sofistikerede udf\u00f8relse og f\u00f8rsteklasses kvalitet g\u00f8r dem til et tidl\u00f8st stykke t\u00f8j, der vil skille sig ud i hver s\u00e6son.<\/p>\n<p data-start=\"2139\" data-end=\"2244\">Oplev sk\u00f8nheden i delikatesse, sofistikerede detaljer og feminin stil, der vil holde dig varm og... <a href=\"https:\/\/www.tattja.com\/da\/product-category\/damske-oblecenie\/doplnky-jednotlivo\/rukavniky-2\/\">i andre farver.<\/a><\/p>\n<p data-start=\"2246\" data-end=\"2391\"><strong data-start=\"2246\" data-end=\"2300\">Se her, <a href=\"https:\/\/shop.bogensberger.co.at\/produkt-schlagwort\/merino-extrafein\/\">fra hvilke materialer <\/a>vi producerer vores v\u00e6rker<\/strong> og fork\u00e6l dig selv med den kombination af luksus, komfort og originalitet, der definerer m\u00e6rket. <strong data-start=\"2378\" data-end=\"2388\">TATTJA<\/strong>.<\/p>","protected":false},"excerpt":{"rendered":"<p><strong data-start=\"695\" data-end=\"743\">\u00c6rmer til damet\u00f8j KATJA cyklamen<\/strong> er karakteristiske strikkede accessories, der kombinerer komfort, stil og feminin energi. De vil tilf\u00f8re dit outfit dristighed og raffinement.<\/p>","protected":false},"featured_media":2231,"comment_status":"open","ping_status":"closed","template":"","meta":[],"product_brand":[],"product_cat":[300,298,134,281,125],"product_tag":[],"class_list":{"0":"post-1894","1":"product","2":"type-product","3":"status-publish","4":"has-post-thumbnail","6":"product_cat-damske-oblecenie","7":"product_cat-doplnky-jednotlivo","8":"product_cat-pleteninove-doplnky-cyklamenove","9":"product_cat-rukavniky-2","10":"product_cat-rukavniky","12":"first","13":"instock","14":"taxable","15":"shipping-taxable","16":"purchasable","17":"product-type-simple"},"yoast_head":"<!-- This site is optimized with the Yoast SEO plugin v26.0 - https:\/\/yoast.com\/wordpress\/plugins\/seo\/ -->\n<title>D\u00e1mske oble\u010denie ruk\u00e1vniky KATJA cykl\u00e1menov\u00e9 - TATTJA<\/title>\n<meta name=\"description\" content=\"D\u00e1mske oble\u010denie ruk\u00e1vniky KATJA cykl\u00e1menov\u00e9 \u2013 luxusn\u00e9 pleten\u00e9 doplnky, ktor\u00e9 dodaj\u00fa energiu, \u0161t\u00fdl a \u017eenskos\u0165. Pre \u017eeny, ktor\u00e9 miluj\u00fa eleganciu.\" \/>\n<meta name=\"robots\" content=\"index, follow, max-snippet:-1, max-image-preview:large, max-video-preview:-1\" \/>\n<link rel=\"canonical\" href=\"https:\/\/www.tattja.com\/da\/product\/rukavniky-katja-cyklamenove\/\" \/>\n<meta property=\"og:locale\" content=\"da_DK\" \/>\n<meta property=\"og:type\" content=\"article\" \/>\n<meta property=\"og:title\" content=\"D\u00e1mske oble\u010denie ruk\u00e1vniky KATJA cykl\u00e1menov\u00e9 - TATTJA\" \/>\n<meta property=\"og:description\" content=\"D\u00e1mske oble\u010denie ruk\u00e1vniky KATJA cykl\u00e1menov\u00e9 \u2013 luxusn\u00e9 pleten\u00e9 doplnky, ktor\u00e9 dodaj\u00fa energiu, \u0161t\u00fdl a \u017eenskos\u0165. Pre \u017eeny, ktor\u00e9 miluj\u00fa eleganciu.\" \/>\n<meta property=\"og:url\" content=\"https:\/\/www.tattja.com\/da\/product\/rukavniky-katja-cyklamenove\/\" \/>\n<meta property=\"og:site_name\" content=\"TATTJA\" \/>\n<meta property=\"article:modified_time\" content=\"2026-04-05T17:45:01+00:00\" \/>\n<meta property=\"og:image\" content=\"https:\/\/www.tattja.com\/wp-content\/uploads\/2025\/08\/cyklamenovy-rukavniky-spredu.webp\" \/>\n\t<meta property=\"og:image:width\" content=\"1365\" \/>\n\t<meta property=\"og:image:height\" content=\"2047\" \/>\n\t<meta property=\"og:image:type\" content=\"image\/webp\" \/>\n<meta name=\"twitter:card\" content=\"summary_large_image\" \/>\n<meta name=\"twitter:label1\" content=\"Estimeret l\u00e6setid\" \/>\n\t<meta name=\"twitter:data1\" content=\"2 minutter\" \/>\n<script type=\"application\/ld+json\" class=\"yoast-schema-graph\">{\"@context\":\"https:\/\/schema.org\",\"@graph\":[{\"@type\":\"WebPage\",\"@id\":\"https:\/\/www.tattja.com\/product\/rukavniky-katja-cyklamenove\/\",\"url\":\"https:\/\/www.tattja.com\/product\/rukavniky-katja-cyklamenove\/\",\"name\":\"D\u00e1mske oble\u010denie ruk\u00e1vniky KATJA cykl\u00e1menov\u00e9 - TATTJA\",\"isPartOf\":{\"@id\":\"https:\/\/www.tattja.com\/#website\"},\"primaryImageOfPage\":{\"@id\":\"https:\/\/www.tattja.com\/product\/rukavniky-katja-cyklamenove\/#primaryimage\"},\"image\":{\"@id\":\"https:\/\/www.tattja.com\/product\/rukavniky-katja-cyklamenove\/#primaryimage\"},\"thumbnailUrl\":\"https:\/\/www.tattja.com\/wp-content\/uploads\/2025\/08\/cyklamenovy-rukavniky-spredu.webp\",\"datePublished\":\"2025-08-11T08:13:06+00:00\",\"dateModified\":\"2026-04-05T17:45:01+00:00\",\"description\":\"D\u00e1mske oble\u010denie ruk\u00e1vniky KATJA cykl\u00e1menov\u00e9 \u2013 luxusn\u00e9 pleten\u00e9 doplnky, ktor\u00e9 dodaj\u00fa energiu, \u0161t\u00fdl a \u017eenskos\u0165. Pre \u017eeny, ktor\u00e9 miluj\u00fa eleganciu.\",\"breadcrumb\":{\"@id\":\"https:\/\/www.tattja.com\/product\/rukavniky-katja-cyklamenove\/#breadcrumb\"},\"inLanguage\":\"da-DK\",\"potentialAction\":[{\"@type\":\"ReadAction\",\"target\":[\"https:\/\/www.tattja.com\/product\/rukavniky-katja-cyklamenove\/\"]}]},{\"@type\":\"ImageObject\",\"inLanguage\":\"da-DK\",\"@id\":\"https:\/\/www.tattja.com\/product\/rukavniky-katja-cyklamenove\/#primaryimage\",\"url\":\"https:\/\/www.tattja.com\/wp-content\/uploads\/2025\/08\/cyklamenovy-rukavniky-spredu.webp\",\"contentUrl\":\"https:\/\/www.tattja.com\/wp-content\/uploads\/2025\/08\/cyklamenovy-rukavniky-spredu.webp\",\"width\":1365,\"height\":2047,\"caption\":\"Ruk\u00e1vniky KATJA \u2013 cykl\u00e1menov\u00e9 pleten\u00e9 ruk\u00e1vniky TATTJA | predn\u00fd poh\u013ead\"},{\"@type\":\"BreadcrumbList\",\"@id\":\"https:\/\/www.tattja.com\/product\/rukavniky-katja-cyklamenove\/#breadcrumb\",\"itemListElement\":[{\"@type\":\"ListItem\",\"position\":1,\"name\":\"Domov\",\"item\":\"https:\/\/www.tattja.com\/\"},{\"@type\":\"ListItem\",\"position\":2,\"name\":\"Produkty\",\"item\":\"https:\/\/www.tattja.com\/damske-oblecenie-produkty\/\"},{\"@type\":\"ListItem\",\"position\":3,\"name\":\"D\u00e1mske oble\u010denie ruk\u00e1vniky KATJA cykl\u00e1menov\u00e9\"}]},{\"@type\":\"WebSite\",\"@id\":\"https:\/\/www.tattja.com\/#website\",\"url\":\"https:\/\/www.tattja.com\/\",\"name\":\"TATTJA\",\"description\":\"D\u00e1mske oble\u010denie z extra jemnej merino vlny \u2014 ru\u010dne pleten\u00e9 na Slovensku\",\"potentialAction\":[{\"@type\":\"SearchAction\",\"target\":{\"@type\":\"EntryPoint\",\"urlTemplate\":\"https:\/\/www.tattja.com\/?s={search_term_string}\"},\"query-input\":{\"@type\":\"PropertyValueSpecification\",\"valueRequired\":true,\"valueName\":\"search_term_string\"}}],\"inLanguage\":\"da-DK\"}]}<\/script>\n<!-- \/ Yoast SEO plugin. -->","yoast_head_json":{"title":"D\u00e1mske oble\u010denie ruk\u00e1vniky KATJA cykl\u00e1menov\u00e9 - TATTJA","description":"D\u00e1mske oble\u010denie ruk\u00e1vniky KATJA cykl\u00e1menov\u00e9 \u2013 luxusn\u00e9 pleten\u00e9 doplnky, ktor\u00e9 dodaj\u00fa energiu, \u0161t\u00fdl a \u017eenskos\u0165. Pre \u017eeny, ktor\u00e9 miluj\u00fa eleganciu.","robots":{"index":"index","follow":"follow","max-snippet":"max-snippet:-1","max-image-preview":"max-image-preview:large","max-video-preview":"max-video-preview:-1"},"canonical":"https:\/\/www.tattja.com\/da\/product\/rukavniky-katja-cyklamenove\/","og_locale":"da_DK","og_type":"article","og_title":"D\u00e1mske oble\u010denie ruk\u00e1vniky KATJA cykl\u00e1menov\u00e9 - TATTJA","og_description":"D\u00e1mske oble\u010denie ruk\u00e1vniky KATJA cykl\u00e1menov\u00e9 \u2013 luxusn\u00e9 pleten\u00e9 doplnky, ktor\u00e9 dodaj\u00fa energiu, \u0161t\u00fdl a \u017eenskos\u0165. Pre \u017eeny, ktor\u00e9 miluj\u00fa eleganciu.","og_url":"https:\/\/www.tattja.com\/da\/product\/rukavniky-katja-cyklamenove\/","og_site_name":"TATTJA","article_modified_time":"2026-04-05T17:45:01+00:00","og_image":[{"width":1365,"height":2047,"url":"https:\/\/www.tattja.com\/wp-content\/uploads\/2025\/08\/cyklamenovy-rukavniky-spredu.webp","type":"image\/webp"}],"twitter_card":"summary_large_image","twitter_misc":{"Estimeret l\u00e6setid":"2 minutter"},"schema":{"@context":"https:\/\/schema.org","@graph":[{"@type":"WebPage","@id":"https:\/\/www.tattja.com\/product\/rukavniky-katja-cyklamenove\/","url":"https:\/\/www.tattja.com\/product\/rukavniky-katja-cyklamenove\/","name":"D\u00e1mske oble\u010denie ruk\u00e1vniky KATJA cykl\u00e1menov\u00e9 - TATTJA","isPartOf":{"@id":"https:\/\/www.tattja.com\/#website"},"primaryImageOfPage":{"@id":"https:\/\/www.tattja.com\/product\/rukavniky-katja-cyklamenove\/#primaryimage"},"image":{"@id":"https:\/\/www.tattja.com\/product\/rukavniky-katja-cyklamenove\/#primaryimage"},"thumbnailUrl":"https:\/\/www.tattja.com\/wp-content\/uploads\/2025\/08\/cyklamenovy-rukavniky-spredu.webp","datePublished":"2025-08-11T08:13:06+00:00","dateModified":"2026-04-05T17:45:01+00:00","description":"D\u00e1mske oble\u010denie ruk\u00e1vniky KATJA cykl\u00e1menov\u00e9 \u2013 luxusn\u00e9 pleten\u00e9 doplnky, ktor\u00e9 dodaj\u00fa energiu, \u0161t\u00fdl a \u017eenskos\u0165. Pre \u017eeny, ktor\u00e9 miluj\u00fa eleganciu.","breadcrumb":{"@id":"https:\/\/www.tattja.com\/product\/rukavniky-katja-cyklamenove\/#breadcrumb"},"inLanguage":"da-DK","potentialAction":[{"@type":"ReadAction","target":["https:\/\/www.tattja.com\/product\/rukavniky-katja-cyklamenove\/"]}]},{"@type":"ImageObject","inLanguage":"da-DK","@id":"https:\/\/www.tattja.com\/product\/rukavniky-katja-cyklamenove\/#primaryimage","url":"https:\/\/www.tattja.com\/wp-content\/uploads\/2025\/08\/cyklamenovy-rukavniky-spredu.webp","contentUrl":"https:\/\/www.tattja.com\/wp-content\/uploads\/2025\/08\/cyklamenovy-rukavniky-spredu.webp","width":1365,"height":2047,"caption":"Ruk\u00e1vniky KATJA \u2013 cykl\u00e1menov\u00e9 pleten\u00e9 ruk\u00e1vniky TATTJA | predn\u00fd poh\u013ead"},{"@type":"BreadcrumbList","@id":"https:\/\/www.tattja.com\/product\/rukavniky-katja-cyklamenove\/#breadcrumb","itemListElement":[{"@type":"ListItem","position":1,"name":"Domov","item":"https:\/\/www.tattja.com\/"},{"@type":"ListItem","position":2,"name":"Produkty","item":"https:\/\/www.tattja.com\/damske-oblecenie-produkty\/"},{"@type":"ListItem","position":3,"name":"D\u00e1mske oble\u010denie ruk\u00e1vniky KATJA cykl\u00e1menov\u00e9"}]},{"@type":"WebSite","@id":"https:\/\/www.tattja.com\/#website","url":"https:\/\/www.tattja.com\/","name":"TATTJA","description":"D\u00e1mske oble\u010denie z extra jemnej merino vlny \u2014 ru\u010dne pleten\u00e9 na Slovensku","potentialAction":[{"@type":"SearchAction","target":{"@type":"EntryPoint","urlTemplate":"https:\/\/www.tattja.com\/?s={search_term_string}"},"query-input":{"@type":"PropertyValueSpecification","valueRequired":true,"valueName":"search_term_string"}}],"inLanguage":"da-DK"}]}},"_links":{"self":[{"href":"https:\/\/www.tattja.com\/da\/wp-json\/wp\/v2\/product\/1894","targetHints":{"allow":["GET"]}}],"collection":[{"href":"https:\/\/www.tattja.com\/da\/wp-json\/wp\/v2\/product"}],"about":[{"href":"https:\/\/www.tattja.com\/da\/wp-json\/wp\/v2\/types\/product"}],"replies":[{"embeddable":true,"href":"https:\/\/www.tattja.com\/da\/wp-json\/wp\/v2\/comments?post=1894"}],"version-history":[{"count":5,"href":"https:\/\/www.tattja.com\/da\/wp-json\/wp\/v2\/product\/1894\/revisions"}],"predecessor-version":[{"id":5878,"href":"https:\/\/www.tattja.com\/da\/wp-json\/wp\/v2\/product\/1894\/revisions\/5878"}],"wp:featuredmedia":[{"embeddable":true,"href":"https:\/\/www.tattja.com\/da\/wp-json\/wp\/v2\/media\/2231"}],"wp:attachment":[{"href":"https:\/\/www.tattja.com\/da\/wp-json\/wp\/v2\/media?parent=1894"}],"wp:term":[{"taxonomy":"product_brand","embeddable":true,"href":"https:\/\/www.tattja.com\/da\/wp-json\/wp\/v2\/product_brand?post=1894"},{"taxonomy":"product_cat","embeddable":true,"href":"https:\/\/www.tattja.com\/da\/wp-json\/wp\/v2\/product_cat?post=1894"},{"taxonomy":"product_tag","embeddable":true,"href":"https:\/\/www.tattja.com\/da\/wp-json\/wp\/v2\/product_tag?post=1894"}],"curies":[{"name":"wp","href":"https:\/\/api.w.org\/{rel}","templated":true}]}}