{"id":1898,"date":"2025-08-11T10:16:31","date_gmt":"2025-08-11T08:16:31","guid":{"rendered":"https:\/\/www.tattja.com\/?post_type=product&#038;p=1898"},"modified":"2026-04-05T19:45:01","modified_gmt":"2026-04-05T17:45:01","slug":"damske-oblecenie-nakrcnik-tanja-cyklamenovy","status":"publish","type":"product","link":"https:\/\/www.tattja.com\/da\/product\/damske-oblecenie-nakrcnik-tanja-cyklamenovy\/","title":{"rendered":"Damet\u00f8j halsvarmer TANJA cyklamen"},"content":{"rendered":"<p data-start=\"866\" data-end=\"1136\"><strong data-start=\"866\" data-end=\"913\">Damet\u00f8j halsvarmer TANJA cyklamen<\/strong> kombinerer elegance, funktionalitet og et dristigt design, der fremh\u00e6ver din personlighed. Dette enest\u00e5ende tilbeh\u00f8r fra kollektionen <strong data-start=\"1024\" data-end=\"1034\">TATTJA<\/strong> vil appellere til kvinder, der ikke er bange for farver, har sans for stil og ser mode som en form for selvudfoldelse.<\/p>\n<p data-start=\"1138\" data-end=\"1441\">Halsvarmeren l\u00e6gger sig blidt om skuldre og nakke og giver varme, samtidig med at den fungerer som et sofistikeret smykke. Det fine fiberstrik giver en bl\u00f8d og behagelig fornemmelse, samtidig med at det har en elegant struktur. Dets elasticitet g\u00f8r det muligt at b\u00e6re den p\u00e5 mange forskellige m\u00e5der - fra afslappet stil til en markant tilf\u00f8jelse til en kjole eller frakke.<\/p>\n<p data-start=\"1443\" data-end=\"1738\">Cyclamen giver glitter, selvtillid og energi til dit outfit. Den symboliserer kvindelighed, kreativitet og livsgl\u00e6de. Denne nuance lyser op i neutrale farver og giver en moderne karakter til enhver kombination. Slips <strong data-start=\"1649\" data-end=\"1658\">TANJA<\/strong> bliver en umiskendelig accent, der forener praktisk anvendelighed og raffinement.<\/p>\n<p data-start=\"1740\" data-end=\"1974\">Med sin sofistikerede strik, fine detaljer og tidl\u00f8se form giver TANJAs cyclamen-halst\u00f8rkl\u00e6de til kvinder en alsidighed, du vil s\u00e6tte pris p\u00e5 i hver s\u00e6son. Den er perfekt til lag p\u00e5 lag, men ogs\u00e5 elegant nok til at st\u00e5 alene.<\/p>\n<p data-start=\"1976\" data-end=\"2081\">Oplev sk\u00f8nheden i delikatesse, sofistikerede detaljer og feminin stil, der vil holde dig varm og... <a href=\"https:\/\/www.tattja.com\/da\/product-category\/damske-oblecenie\/doplnky-jednotlivo\/nakrcniky\/\">i andre farver<\/a>.<\/p>\n<p data-start=\"2083\" data-end=\"2207\"><strong data-start=\"2083\" data-end=\"2137\">Se her, <a href=\"https:\/\/shop.bogensberger.co.at\/produkt-schlagwort\/merino-extrafein\/\">fra hvilke materialer<\/a> vi producerer vores v\u00e6rker<\/strong> og fork\u00e6l dig selv med et tilbeh\u00f8r, der kombinerer komfort, design og moderne luksus.<\/p>","protected":false},"excerpt":{"rendered":"<p data-start=\"634\" data-end=\"824\"><strong data-start=\"634\" data-end=\"681\">Damet\u00f8j halsvarmer TANJA cyklamen<\/strong> skiller sig ud med sin karakteristiske farve, fine struktur og luksuri\u00f8se forarbejdning. Den giver en dristig accent, der lyser op i et outfit og understreger den feminine energi.<\/p>","protected":false},"featured_media":2218,"comment_status":"open","ping_status":"closed","template":"","meta":[],"product_brand":[],"product_cat":[300,257,298,126,279,134],"product_tag":[],"class_list":{"0":"post-1898","1":"product","2":"type-product","3":"status-publish","4":"has-post-thumbnail","6":"product_cat-damske-oblecenie","7":"product_cat-samostatne-doplnky","8":"product_cat-doplnky-jednotlivo","9":"product_cat-nakrcnik-cyklamenovy","10":"product_cat-nakrcniky","11":"product_cat-pleteninove-doplnky-cyklamenove","13":"first","14":"instock","15":"taxable","16":"shipping-taxable","17":"purchasable","18":"product-type-simple"},"yoast_head":"<!-- This site is optimized with the Yoast SEO plugin v26.0 - https:\/\/yoast.com\/wordpress\/plugins\/seo\/ -->\n<title>D\u00e1mske oble\u010denie n\u00e1kr\u010dn\u00edk TANJA cyklamenov\u00fd - TATTJA<\/title>\n<meta name=\"description\" content=\"D\u00e1mske oble\u010denie n\u00e1kr\u010dn\u00edk TANJA cykl\u00e1menov\u00fd \u2013 odv\u00e1\u017eny doplnok TATTJA, ktor\u00fd sp\u00e1ja hravos\u0165 farby, jemnos\u0165 pleteniny a zmyseln\u00fa \u017eenskos\u0165.\" \/>\n<meta name=\"robots\" content=\"index, follow, max-snippet:-1, max-image-preview:large, max-video-preview:-1\" \/>\n<link rel=\"canonical\" href=\"https:\/\/www.tattja.com\/da\/product\/damske-oblecenie-nakrcnik-tanja-cyklamenovy\/\" \/>\n<meta property=\"og:locale\" content=\"da_DK\" \/>\n<meta property=\"og:type\" content=\"article\" \/>\n<meta property=\"og:title\" content=\"D\u00e1mske oble\u010denie n\u00e1kr\u010dn\u00edk TANJA cyklamenov\u00fd - TATTJA\" \/>\n<meta property=\"og:description\" content=\"D\u00e1mske oble\u010denie n\u00e1kr\u010dn\u00edk TANJA cykl\u00e1menov\u00fd \u2013 odv\u00e1\u017eny doplnok TATTJA, ktor\u00fd sp\u00e1ja hravos\u0165 farby, jemnos\u0165 pleteniny a zmyseln\u00fa \u017eenskos\u0165.\" \/>\n<meta property=\"og:url\" content=\"https:\/\/www.tattja.com\/da\/product\/damske-oblecenie-nakrcnik-tanja-cyklamenovy\/\" \/>\n<meta property=\"og:site_name\" content=\"TATTJA\" \/>\n<meta property=\"article:modified_time\" content=\"2026-04-05T17:45:01+00:00\" \/>\n<meta property=\"og:image\" content=\"https:\/\/www.tattja.com\/wp-content\/uploads\/2025\/08\/cyklamenovy-nakrcnik-spredu.webp\" \/>\n\t<meta property=\"og:image:width\" content=\"1365\" \/>\n\t<meta property=\"og:image:height\" content=\"2048\" \/>\n\t<meta property=\"og:image:type\" content=\"image\/webp\" \/>\n<meta name=\"twitter:card\" content=\"summary_large_image\" \/>\n<meta name=\"twitter:label1\" content=\"Estimeret l\u00e6setid\" \/>\n\t<meta name=\"twitter:data1\" content=\"2 minutter\" \/>\n<script type=\"application\/ld+json\" class=\"yoast-schema-graph\">{\"@context\":\"https:\/\/schema.org\",\"@graph\":[{\"@type\":\"WebPage\",\"@id\":\"https:\/\/www.tattja.com\/product\/damske-oblecenie-nakrcnik-tanja-cyklamenovy\/\",\"url\":\"https:\/\/www.tattja.com\/product\/damske-oblecenie-nakrcnik-tanja-cyklamenovy\/\",\"name\":\"D\u00e1mske oble\u010denie n\u00e1kr\u010dn\u00edk TANJA cyklamenov\u00fd - TATTJA\",\"isPartOf\":{\"@id\":\"https:\/\/www.tattja.com\/#website\"},\"primaryImageOfPage\":{\"@id\":\"https:\/\/www.tattja.com\/product\/damske-oblecenie-nakrcnik-tanja-cyklamenovy\/#primaryimage\"},\"image\":{\"@id\":\"https:\/\/www.tattja.com\/product\/damske-oblecenie-nakrcnik-tanja-cyklamenovy\/#primaryimage\"},\"thumbnailUrl\":\"https:\/\/www.tattja.com\/wp-content\/uploads\/2025\/08\/cyklamenovy-nakrcnik-spredu.webp\",\"datePublished\":\"2025-08-11T08:16:31+00:00\",\"dateModified\":\"2026-04-05T17:45:01+00:00\",\"description\":\"D\u00e1mske oble\u010denie n\u00e1kr\u010dn\u00edk TANJA cykl\u00e1menov\u00fd \u2013 odv\u00e1\u017eny doplnok TATTJA, ktor\u00fd sp\u00e1ja hravos\u0165 farby, jemnos\u0165 pleteniny a zmyseln\u00fa \u017eenskos\u0165.\",\"breadcrumb\":{\"@id\":\"https:\/\/www.tattja.com\/product\/damske-oblecenie-nakrcnik-tanja-cyklamenovy\/#breadcrumb\"},\"inLanguage\":\"da-DK\",\"potentialAction\":[{\"@type\":\"ReadAction\",\"target\":[\"https:\/\/www.tattja.com\/product\/damske-oblecenie-nakrcnik-tanja-cyklamenovy\/\"]}]},{\"@type\":\"ImageObject\",\"inLanguage\":\"da-DK\",\"@id\":\"https:\/\/www.tattja.com\/product\/damske-oblecenie-nakrcnik-tanja-cyklamenovy\/#primaryimage\",\"url\":\"https:\/\/www.tattja.com\/wp-content\/uploads\/2025\/08\/cyklamenovy-nakrcnik-spredu.webp\",\"contentUrl\":\"https:\/\/www.tattja.com\/wp-content\/uploads\/2025\/08\/cyklamenovy-nakrcnik-spredu.webp\",\"width\":1365,\"height\":2048,\"caption\":\"N\u00e1kr\u010dn\u00edk TANJA \u2013 cykl\u00e1menov\u00fd pleten\u00fd n\u00e1kr\u010dn\u00edk TATTJA | predn\u00fd poh\u013ead\"},{\"@type\":\"BreadcrumbList\",\"@id\":\"https:\/\/www.tattja.com\/product\/damske-oblecenie-nakrcnik-tanja-cyklamenovy\/#breadcrumb\",\"itemListElement\":[{\"@type\":\"ListItem\",\"position\":1,\"name\":\"Domov\",\"item\":\"https:\/\/www.tattja.com\/\"},{\"@type\":\"ListItem\",\"position\":2,\"name\":\"Produkty\",\"item\":\"https:\/\/www.tattja.com\/damske-oblecenie-produkty\/\"},{\"@type\":\"ListItem\",\"position\":3,\"name\":\"D\u00e1mske oble\u010denie n\u00e1kr\u010dn\u00edk TANJA cyklamenov\u00fd\"}]},{\"@type\":\"WebSite\",\"@id\":\"https:\/\/www.tattja.com\/#website\",\"url\":\"https:\/\/www.tattja.com\/\",\"name\":\"TATTJA\",\"description\":\"D\u00e1mske oble\u010denie z extra jemnej merino vlny \u2014 ru\u010dne pleten\u00e9 na Slovensku\",\"potentialAction\":[{\"@type\":\"SearchAction\",\"target\":{\"@type\":\"EntryPoint\",\"urlTemplate\":\"https:\/\/www.tattja.com\/?s={search_term_string}\"},\"query-input\":{\"@type\":\"PropertyValueSpecification\",\"valueRequired\":true,\"valueName\":\"search_term_string\"}}],\"inLanguage\":\"da-DK\"}]}<\/script>\n<!-- \/ Yoast SEO plugin. -->","yoast_head_json":{"title":"D\u00e1mske oble\u010denie n\u00e1kr\u010dn\u00edk TANJA cyklamenov\u00fd - TATTJA","description":"D\u00e1mske oble\u010denie n\u00e1kr\u010dn\u00edk TANJA cykl\u00e1menov\u00fd \u2013 odv\u00e1\u017eny doplnok TATTJA, ktor\u00fd sp\u00e1ja hravos\u0165 farby, jemnos\u0165 pleteniny a zmyseln\u00fa \u017eenskos\u0165.","robots":{"index":"index","follow":"follow","max-snippet":"max-snippet:-1","max-image-preview":"max-image-preview:large","max-video-preview":"max-video-preview:-1"},"canonical":"https:\/\/www.tattja.com\/da\/product\/damske-oblecenie-nakrcnik-tanja-cyklamenovy\/","og_locale":"da_DK","og_type":"article","og_title":"D\u00e1mske oble\u010denie n\u00e1kr\u010dn\u00edk TANJA cyklamenov\u00fd - TATTJA","og_description":"D\u00e1mske oble\u010denie n\u00e1kr\u010dn\u00edk TANJA cykl\u00e1menov\u00fd \u2013 odv\u00e1\u017eny doplnok TATTJA, ktor\u00fd sp\u00e1ja hravos\u0165 farby, jemnos\u0165 pleteniny a zmyseln\u00fa \u017eenskos\u0165.","og_url":"https:\/\/www.tattja.com\/da\/product\/damske-oblecenie-nakrcnik-tanja-cyklamenovy\/","og_site_name":"TATTJA","article_modified_time":"2026-04-05T17:45:01+00:00","og_image":[{"width":1365,"height":2048,"url":"https:\/\/www.tattja.com\/wp-content\/uploads\/2025\/08\/cyklamenovy-nakrcnik-spredu.webp","type":"image\/webp"}],"twitter_card":"summary_large_image","twitter_misc":{"Estimeret l\u00e6setid":"2 minutter"},"schema":{"@context":"https:\/\/schema.org","@graph":[{"@type":"WebPage","@id":"https:\/\/www.tattja.com\/product\/damske-oblecenie-nakrcnik-tanja-cyklamenovy\/","url":"https:\/\/www.tattja.com\/product\/damske-oblecenie-nakrcnik-tanja-cyklamenovy\/","name":"D\u00e1mske oble\u010denie n\u00e1kr\u010dn\u00edk TANJA cyklamenov\u00fd - TATTJA","isPartOf":{"@id":"https:\/\/www.tattja.com\/#website"},"primaryImageOfPage":{"@id":"https:\/\/www.tattja.com\/product\/damske-oblecenie-nakrcnik-tanja-cyklamenovy\/#primaryimage"},"image":{"@id":"https:\/\/www.tattja.com\/product\/damske-oblecenie-nakrcnik-tanja-cyklamenovy\/#primaryimage"},"thumbnailUrl":"https:\/\/www.tattja.com\/wp-content\/uploads\/2025\/08\/cyklamenovy-nakrcnik-spredu.webp","datePublished":"2025-08-11T08:16:31+00:00","dateModified":"2026-04-05T17:45:01+00:00","description":"D\u00e1mske oble\u010denie n\u00e1kr\u010dn\u00edk TANJA cykl\u00e1menov\u00fd \u2013 odv\u00e1\u017eny doplnok TATTJA, ktor\u00fd sp\u00e1ja hravos\u0165 farby, jemnos\u0165 pleteniny a zmyseln\u00fa \u017eenskos\u0165.","breadcrumb":{"@id":"https:\/\/www.tattja.com\/product\/damske-oblecenie-nakrcnik-tanja-cyklamenovy\/#breadcrumb"},"inLanguage":"da-DK","potentialAction":[{"@type":"ReadAction","target":["https:\/\/www.tattja.com\/product\/damske-oblecenie-nakrcnik-tanja-cyklamenovy\/"]}]},{"@type":"ImageObject","inLanguage":"da-DK","@id":"https:\/\/www.tattja.com\/product\/damske-oblecenie-nakrcnik-tanja-cyklamenovy\/#primaryimage","url":"https:\/\/www.tattja.com\/wp-content\/uploads\/2025\/08\/cyklamenovy-nakrcnik-spredu.webp","contentUrl":"https:\/\/www.tattja.com\/wp-content\/uploads\/2025\/08\/cyklamenovy-nakrcnik-spredu.webp","width":1365,"height":2048,"caption":"N\u00e1kr\u010dn\u00edk TANJA \u2013 cykl\u00e1menov\u00fd pleten\u00fd n\u00e1kr\u010dn\u00edk TATTJA | predn\u00fd poh\u013ead"},{"@type":"BreadcrumbList","@id":"https:\/\/www.tattja.com\/product\/damske-oblecenie-nakrcnik-tanja-cyklamenovy\/#breadcrumb","itemListElement":[{"@type":"ListItem","position":1,"name":"Domov","item":"https:\/\/www.tattja.com\/"},{"@type":"ListItem","position":2,"name":"Produkty","item":"https:\/\/www.tattja.com\/damske-oblecenie-produkty\/"},{"@type":"ListItem","position":3,"name":"D\u00e1mske oble\u010denie n\u00e1kr\u010dn\u00edk TANJA cyklamenov\u00fd"}]},{"@type":"WebSite","@id":"https:\/\/www.tattja.com\/#website","url":"https:\/\/www.tattja.com\/","name":"TATTJA","description":"D\u00e1mske oble\u010denie z extra jemnej merino vlny \u2014 ru\u010dne pleten\u00e9 na Slovensku","potentialAction":[{"@type":"SearchAction","target":{"@type":"EntryPoint","urlTemplate":"https:\/\/www.tattja.com\/?s={search_term_string}"},"query-input":{"@type":"PropertyValueSpecification","valueRequired":true,"valueName":"search_term_string"}}],"inLanguage":"da-DK"}]}},"_links":{"self":[{"href":"https:\/\/www.tattja.com\/da\/wp-json\/wp\/v2\/product\/1898","targetHints":{"allow":["GET"]}}],"collection":[{"href":"https:\/\/www.tattja.com\/da\/wp-json\/wp\/v2\/product"}],"about":[{"href":"https:\/\/www.tattja.com\/da\/wp-json\/wp\/v2\/types\/product"}],"replies":[{"embeddable":true,"href":"https:\/\/www.tattja.com\/da\/wp-json\/wp\/v2\/comments?post=1898"}],"version-history":[{"count":6,"href":"https:\/\/www.tattja.com\/da\/wp-json\/wp\/v2\/product\/1898\/revisions"}],"predecessor-version":[{"id":5822,"href":"https:\/\/www.tattja.com\/da\/wp-json\/wp\/v2\/product\/1898\/revisions\/5822"}],"wp:featuredmedia":[{"embeddable":true,"href":"https:\/\/www.tattja.com\/da\/wp-json\/wp\/v2\/media\/2218"}],"wp:attachment":[{"href":"https:\/\/www.tattja.com\/da\/wp-json\/wp\/v2\/media?parent=1898"}],"wp:term":[{"taxonomy":"product_brand","embeddable":true,"href":"https:\/\/www.tattja.com\/da\/wp-json\/wp\/v2\/product_brand?post=1898"},{"taxonomy":"product_cat","embeddable":true,"href":"https:\/\/www.tattja.com\/da\/wp-json\/wp\/v2\/product_cat?post=1898"},{"taxonomy":"product_tag","embeddable":true,"href":"https:\/\/www.tattja.com\/da\/wp-json\/wp\/v2\/product_tag?post=1898"}],"curies":[{"name":"wp","href":"https:\/\/api.w.org\/{rel}","templated":true}]}}