{"id":1900,"date":"2025-08-13T19:05:18","date_gmt":"2025-08-13T17:05:18","guid":{"rendered":"https:\/\/www.tattja.com\/?post_type=product&#038;p=1900"},"modified":"2026-04-05T19:45:01","modified_gmt":"2026-04-05T17:45:01","slug":"dvojset-sighrith-cyklamenovy","status":"publish","type":"product","link":"https:\/\/www.tattja.com\/da\/product\/dvojset-sighrith-cyklamenovy\/","title":{"rendered":"D\u00e1mske oble\u010denie 2-set SIGHRITH cykl\u00e1menov\u00fd"},"content":{"rendered":"<p data-start=\"880\" data-end=\"1165\"><strong data-start=\"880\" data-end=\"929\">Dobbelt s\u00e6t damet\u00f8j SIGHRITH cyklamen<\/strong> repr\u00e6senterer en kombination af moderne raffinement, femininitet og praktisk anvendelighed. Denne unikke model kombinerer et elegant sjal og \u00e6rmer i et harmonisk ensemble, der fremh\u00e6ver den feminine figur og samtidig giver en f\u00f8lelse af komfort og varme.<\/p>\n<p data-start=\"1167\" data-end=\"1502\">Cyclamen-farven ser energisk, modig og feminin ud. Den symboliserer lidenskab, gl\u00e6de og indre styrke hos en kvinde, der ved, hvad hun vil. Denne tone giver liv til ethvert outfit, tiltr\u00e6kker blikke og bliver den dominerende accent i din garderobe. Strikkens fine ribstruktur smyger sig om kroppen, varmer dig p\u00e5 kolde dage og bevarer en yndefuld silhuet.<\/p>\n<p data-start=\"1504\" data-end=\"1781\">Linningen smyger sig om taljen som et elegant tilbeh\u00f8r, der kombinerer funktionalitet med en \u00e6stetisk detalje. \u00c6rmerne forl\u00e6nger yndefuldt armenes linjer og tilf\u00f8jer en harmonisk balance til outfittet. Det samlede design udstr\u00e5ler den selvtillid, raffinement og sensualitet, der kendetegner TATTJAs stil.<\/p>\n<p data-start=\"1783\" data-end=\"2021\">SIGHRITH cyklamen dobbelts\u00e6t til kvinder er perfekt til kvinder, der \u00f8nsker et unikt stykke t\u00f8j, der kombinerer luksus, komfort og et tidl\u00f8st look. Det vil skille sig ud i kombination med en skjorte, kjole eller smarte bukser - i ethvert outfit vil det understrege b\u00e6rerens personlighed.<\/p>\n<p data-start=\"2023\" data-end=\"2259\">Oplev sk\u00f8nheden i delikatesse, sofistikerede detaljer og feminin stil, der vil holde dig varm og... <a href=\"https:\/\/www.tattja.com\/da\/product-category\/damske-oblecenie\/dvojsety\/driekovnik-a-rukavniky\/\">i andre farver.<\/a><br data-start=\"2126\" data-end=\"2129\" \/><strong data-start=\"2129\" data-end=\"2183\">Se her, <a href=\"https:\/\/shop.bogensberger.co.at\/produkt-schlagwort\/merino-extrafein\/\">fra hvilke materialer<\/a> vi producerer vores v\u00e6rker<\/strong>, og fork\u00e6l dig selv med et strejf af kvalitet, der kombinerer elegance, komfort og feminin charme.<\/p>","protected":false},"excerpt":{"rendered":"<p>SIGHRITH cyclamen dobbelt s\u00e6t til kvinder kombinerer lidenskab, elegance og komfort. Den livlige cyklamenfarve giver energi, mens den bl\u00f8de strik giver varme og enest\u00e5ende komfort til hverdagsstilen.<\/p>","protected":false},"featured_media":2237,"comment_status":"open","ping_status":"closed","template":"","meta":[],"product_brand":[],"product_cat":[289,300,293,129,134],"product_tag":[],"class_list":{"0":"post-1900","1":"product","2":"type-product","3":"status-publish","4":"has-post-thumbnail","6":"product_cat-dvojsety","7":"product_cat-damske-oblecenie","8":"product_cat-driekovnik-a-rukavniky","9":"product_cat-dvojsety-cyklamenove","10":"product_cat-pleteninove-doplnky-cyklamenove","12":"first","13":"instock","14":"taxable","15":"shipping-taxable","16":"purchasable","17":"product-type-simple"},"yoast_head":"<!-- This site is optimized with the Yoast SEO plugin v26.0 - https:\/\/yoast.com\/wordpress\/plugins\/seo\/ -->\n<title>D\u00e1mske oble\u010denie 2-set SIGHRITH cykl\u00e1menov\u00fd - TATTJA<\/title>\n<meta name=\"description\" content=\"D\u00e1mske oble\u010denie dvojset SIGHRITH cykl\u00e1menov\u00fd \u2013 \u017eiariv\u00fd symbol \u017eenskosti a sebavedomia. Luxusn\u00fd driekovn\u00edk a ruk\u00e1vniky v modernom cykl\u00e1menovom odtieni.\" \/>\n<meta name=\"robots\" content=\"index, follow, max-snippet:-1, max-image-preview:large, max-video-preview:-1\" \/>\n<link rel=\"canonical\" href=\"https:\/\/www.tattja.com\/da\/product\/dvojset-sighrith-cyklamenovy\/\" \/>\n<meta property=\"og:locale\" content=\"da_DK\" \/>\n<meta property=\"og:type\" content=\"article\" \/>\n<meta property=\"og:title\" content=\"D\u00e1mske oble\u010denie 2-set SIGHRITH cykl\u00e1menov\u00fd - TATTJA\" \/>\n<meta property=\"og:description\" content=\"D\u00e1mske oble\u010denie dvojset SIGHRITH cykl\u00e1menov\u00fd \u2013 \u017eiariv\u00fd symbol \u017eenskosti a sebavedomia. Luxusn\u00fd driekovn\u00edk a ruk\u00e1vniky v modernom cykl\u00e1menovom odtieni.\" \/>\n<meta property=\"og:url\" content=\"https:\/\/www.tattja.com\/da\/product\/dvojset-sighrith-cyklamenovy\/\" \/>\n<meta property=\"og:site_name\" content=\"TATTJA\" \/>\n<meta property=\"article:modified_time\" content=\"2026-04-05T17:45:01+00:00\" \/>\n<meta property=\"og:image\" content=\"https:\/\/www.tattja.com\/wp-content\/uploads\/2025\/08\/cyklamenovy-dvojset-driekovnik-rukavniky-spredu.webp\" \/>\n\t<meta property=\"og:image:width\" content=\"1365\" \/>\n\t<meta property=\"og:image:height\" content=\"2048\" \/>\n\t<meta property=\"og:image:type\" content=\"image\/webp\" \/>\n<meta name=\"twitter:card\" content=\"summary_large_image\" \/>\n<meta name=\"twitter:label1\" content=\"Estimeret l\u00e6setid\" \/>\n\t<meta name=\"twitter:data1\" content=\"2 minutter\" \/>\n<script type=\"application\/ld+json\" class=\"yoast-schema-graph\">{\"@context\":\"https:\/\/schema.org\",\"@graph\":[{\"@type\":\"WebPage\",\"@id\":\"https:\/\/www.tattja.com\/product\/dvojset-sighrith-cyklamenovy\/\",\"url\":\"https:\/\/www.tattja.com\/product\/dvojset-sighrith-cyklamenovy\/\",\"name\":\"D\u00e1mske oble\u010denie 2-set SIGHRITH cykl\u00e1menov\u00fd - TATTJA\",\"isPartOf\":{\"@id\":\"https:\/\/www.tattja.com\/#website\"},\"primaryImageOfPage\":{\"@id\":\"https:\/\/www.tattja.com\/product\/dvojset-sighrith-cyklamenovy\/#primaryimage\"},\"image\":{\"@id\":\"https:\/\/www.tattja.com\/product\/dvojset-sighrith-cyklamenovy\/#primaryimage\"},\"thumbnailUrl\":\"https:\/\/www.tattja.com\/wp-content\/uploads\/2025\/08\/cyklamenovy-dvojset-driekovnik-rukavniky-spredu.webp\",\"datePublished\":\"2025-08-13T17:05:18+00:00\",\"dateModified\":\"2026-04-05T17:45:01+00:00\",\"description\":\"D\u00e1mske oble\u010denie dvojset SIGHRITH cykl\u00e1menov\u00fd \u2013 \u017eiariv\u00fd symbol \u017eenskosti a sebavedomia. Luxusn\u00fd driekovn\u00edk a ruk\u00e1vniky v modernom cykl\u00e1menovom odtieni.\",\"breadcrumb\":{\"@id\":\"https:\/\/www.tattja.com\/product\/dvojset-sighrith-cyklamenovy\/#breadcrumb\"},\"inLanguage\":\"da-DK\",\"potentialAction\":[{\"@type\":\"ReadAction\",\"target\":[\"https:\/\/www.tattja.com\/product\/dvojset-sighrith-cyklamenovy\/\"]}]},{\"@type\":\"ImageObject\",\"inLanguage\":\"da-DK\",\"@id\":\"https:\/\/www.tattja.com\/product\/dvojset-sighrith-cyklamenovy\/#primaryimage\",\"url\":\"https:\/\/www.tattja.com\/wp-content\/uploads\/2025\/08\/cyklamenovy-dvojset-driekovnik-rukavniky-spredu.webp\",\"contentUrl\":\"https:\/\/www.tattja.com\/wp-content\/uploads\/2025\/08\/cyklamenovy-dvojset-driekovnik-rukavniky-spredu.webp\",\"width\":1365,\"height\":2048,\"caption\":\"Cykl\u00e1menov\u00fd dvojset SIGHRITH \u2013 driekovn\u00edk a ruk\u00e1vniky TATTJA | predn\u00fd poh\u013ead\"},{\"@type\":\"BreadcrumbList\",\"@id\":\"https:\/\/www.tattja.com\/product\/dvojset-sighrith-cyklamenovy\/#breadcrumb\",\"itemListElement\":[{\"@type\":\"ListItem\",\"position\":1,\"name\":\"Domov\",\"item\":\"https:\/\/www.tattja.com\/\"},{\"@type\":\"ListItem\",\"position\":2,\"name\":\"Produkty\",\"item\":\"https:\/\/www.tattja.com\/damske-oblecenie-produkty\/\"},{\"@type\":\"ListItem\",\"position\":3,\"name\":\"D\u00e1mske oble\u010denie 2-set SIGHRITH cykl\u00e1menov\u00fd\"}]},{\"@type\":\"WebSite\",\"@id\":\"https:\/\/www.tattja.com\/#website\",\"url\":\"https:\/\/www.tattja.com\/\",\"name\":\"TATTJA\",\"description\":\"D\u00e1mske oble\u010denie z extra jemnej merino vlny \u2014 ru\u010dne pleten\u00e9 na Slovensku\",\"potentialAction\":[{\"@type\":\"SearchAction\",\"target\":{\"@type\":\"EntryPoint\",\"urlTemplate\":\"https:\/\/www.tattja.com\/?s={search_term_string}\"},\"query-input\":{\"@type\":\"PropertyValueSpecification\",\"valueRequired\":true,\"valueName\":\"search_term_string\"}}],\"inLanguage\":\"da-DK\"}]}<\/script>\n<!-- \/ Yoast SEO plugin. -->","yoast_head_json":{"title":"D\u00e1mske oble\u010denie 2-set SIGHRITH cykl\u00e1menov\u00fd - TATTJA","description":"D\u00e1mske oble\u010denie dvojset SIGHRITH cykl\u00e1menov\u00fd \u2013 \u017eiariv\u00fd symbol \u017eenskosti a sebavedomia. Luxusn\u00fd driekovn\u00edk a ruk\u00e1vniky v modernom cykl\u00e1menovom odtieni.","robots":{"index":"index","follow":"follow","max-snippet":"max-snippet:-1","max-image-preview":"max-image-preview:large","max-video-preview":"max-video-preview:-1"},"canonical":"https:\/\/www.tattja.com\/da\/product\/dvojset-sighrith-cyklamenovy\/","og_locale":"da_DK","og_type":"article","og_title":"D\u00e1mske oble\u010denie 2-set SIGHRITH cykl\u00e1menov\u00fd - TATTJA","og_description":"D\u00e1mske oble\u010denie dvojset SIGHRITH cykl\u00e1menov\u00fd \u2013 \u017eiariv\u00fd symbol \u017eenskosti a sebavedomia. Luxusn\u00fd driekovn\u00edk a ruk\u00e1vniky v modernom cykl\u00e1menovom odtieni.","og_url":"https:\/\/www.tattja.com\/da\/product\/dvojset-sighrith-cyklamenovy\/","og_site_name":"TATTJA","article_modified_time":"2026-04-05T17:45:01+00:00","og_image":[{"width":1365,"height":2048,"url":"https:\/\/www.tattja.com\/wp-content\/uploads\/2025\/08\/cyklamenovy-dvojset-driekovnik-rukavniky-spredu.webp","type":"image\/webp"}],"twitter_card":"summary_large_image","twitter_misc":{"Estimeret l\u00e6setid":"2 minutter"},"schema":{"@context":"https:\/\/schema.org","@graph":[{"@type":"WebPage","@id":"https:\/\/www.tattja.com\/product\/dvojset-sighrith-cyklamenovy\/","url":"https:\/\/www.tattja.com\/product\/dvojset-sighrith-cyklamenovy\/","name":"D\u00e1mske oble\u010denie 2-set SIGHRITH cykl\u00e1menov\u00fd - TATTJA","isPartOf":{"@id":"https:\/\/www.tattja.com\/#website"},"primaryImageOfPage":{"@id":"https:\/\/www.tattja.com\/product\/dvojset-sighrith-cyklamenovy\/#primaryimage"},"image":{"@id":"https:\/\/www.tattja.com\/product\/dvojset-sighrith-cyklamenovy\/#primaryimage"},"thumbnailUrl":"https:\/\/www.tattja.com\/wp-content\/uploads\/2025\/08\/cyklamenovy-dvojset-driekovnik-rukavniky-spredu.webp","datePublished":"2025-08-13T17:05:18+00:00","dateModified":"2026-04-05T17:45:01+00:00","description":"D\u00e1mske oble\u010denie dvojset SIGHRITH cykl\u00e1menov\u00fd \u2013 \u017eiariv\u00fd symbol \u017eenskosti a sebavedomia. Luxusn\u00fd driekovn\u00edk a ruk\u00e1vniky v modernom cykl\u00e1menovom odtieni.","breadcrumb":{"@id":"https:\/\/www.tattja.com\/product\/dvojset-sighrith-cyklamenovy\/#breadcrumb"},"inLanguage":"da-DK","potentialAction":[{"@type":"ReadAction","target":["https:\/\/www.tattja.com\/product\/dvojset-sighrith-cyklamenovy\/"]}]},{"@type":"ImageObject","inLanguage":"da-DK","@id":"https:\/\/www.tattja.com\/product\/dvojset-sighrith-cyklamenovy\/#primaryimage","url":"https:\/\/www.tattja.com\/wp-content\/uploads\/2025\/08\/cyklamenovy-dvojset-driekovnik-rukavniky-spredu.webp","contentUrl":"https:\/\/www.tattja.com\/wp-content\/uploads\/2025\/08\/cyklamenovy-dvojset-driekovnik-rukavniky-spredu.webp","width":1365,"height":2048,"caption":"Cykl\u00e1menov\u00fd dvojset SIGHRITH \u2013 driekovn\u00edk a ruk\u00e1vniky TATTJA | predn\u00fd poh\u013ead"},{"@type":"BreadcrumbList","@id":"https:\/\/www.tattja.com\/product\/dvojset-sighrith-cyklamenovy\/#breadcrumb","itemListElement":[{"@type":"ListItem","position":1,"name":"Domov","item":"https:\/\/www.tattja.com\/"},{"@type":"ListItem","position":2,"name":"Produkty","item":"https:\/\/www.tattja.com\/damske-oblecenie-produkty\/"},{"@type":"ListItem","position":3,"name":"D\u00e1mske oble\u010denie 2-set SIGHRITH cykl\u00e1menov\u00fd"}]},{"@type":"WebSite","@id":"https:\/\/www.tattja.com\/#website","url":"https:\/\/www.tattja.com\/","name":"TATTJA","description":"D\u00e1mske oble\u010denie z extra jemnej merino vlny \u2014 ru\u010dne pleten\u00e9 na Slovensku","potentialAction":[{"@type":"SearchAction","target":{"@type":"EntryPoint","urlTemplate":"https:\/\/www.tattja.com\/?s={search_term_string}"},"query-input":{"@type":"PropertyValueSpecification","valueRequired":true,"valueName":"search_term_string"}}],"inLanguage":"da-DK"}]}},"_links":{"self":[{"href":"https:\/\/www.tattja.com\/da\/wp-json\/wp\/v2\/product\/1900","targetHints":{"allow":["GET"]}}],"collection":[{"href":"https:\/\/www.tattja.com\/da\/wp-json\/wp\/v2\/product"}],"about":[{"href":"https:\/\/www.tattja.com\/da\/wp-json\/wp\/v2\/types\/product"}],"replies":[{"embeddable":true,"href":"https:\/\/www.tattja.com\/da\/wp-json\/wp\/v2\/comments?post=1900"}],"version-history":[{"count":6,"href":"https:\/\/www.tattja.com\/da\/wp-json\/wp\/v2\/product\/1900\/revisions"}],"predecessor-version":[{"id":7250,"href":"https:\/\/www.tattja.com\/da\/wp-json\/wp\/v2\/product\/1900\/revisions\/7250"}],"wp:featuredmedia":[{"embeddable":true,"href":"https:\/\/www.tattja.com\/da\/wp-json\/wp\/v2\/media\/2237"}],"wp:attachment":[{"href":"https:\/\/www.tattja.com\/da\/wp-json\/wp\/v2\/media?parent=1900"}],"wp:term":[{"taxonomy":"product_brand","embeddable":true,"href":"https:\/\/www.tattja.com\/da\/wp-json\/wp\/v2\/product_brand?post=1900"},{"taxonomy":"product_cat","embeddable":true,"href":"https:\/\/www.tattja.com\/da\/wp-json\/wp\/v2\/product_cat?post=1900"},{"taxonomy":"product_tag","embeddable":true,"href":"https:\/\/www.tattja.com\/da\/wp-json\/wp\/v2\/product_tag?post=1900"}],"curies":[{"name":"wp","href":"https:\/\/api.w.org\/{rel}","templated":true}]}}