{"id":1906,"date":"2025-08-13T19:07:40","date_gmt":"2025-08-13T17:07:40","guid":{"rendered":"https:\/\/www.tattja.com\/?post_type=product&#038;p=1906"},"modified":"2026-04-05T19:45:00","modified_gmt":"2026-04-05T17:45:00","slug":"damske-oblecenie-dvojset-ragbborg-cyklamenovy","status":"publish","type":"product","link":"https:\/\/www.tattja.com\/da\/product\/damske-oblecenie-dvojset-ragbborg-cyklamenovy\/","title":{"rendered":"D\u00e1mske oble\u010denie 2-set RAGBBORG cykl\u00e1menov\u00fd"},"content":{"rendered":"<p data-start=\"959\" data-end=\"1256\"><strong data-start=\"959\" data-end=\"1008\">Dobbelt s\u00e6t damet\u00f8j RAGBBORG cyklamen<\/strong> er indbegrebet af luksus, femininitet og komfort i en elegant helhed. Dette dobbelts\u00e6t fra kollektionen <strong data-start=\"1105\" data-end=\"1115\">TATTJA<\/strong> kombinerer en hue med et sjal og strikkede \u00e6rmer i en intens cyklamenfarve, der vil v\u00e6kke enhver kvindes energi, mod og sensualitet.<\/p>\n<p data-start=\"1258\" data-end=\"1565\">\u00c6rmerne i fint ribstrik smyger sig om armene og giver dem en bl\u00f8d og varm f\u00f8lelse. Takket v\u00e6re det pr\u00e6cise snit former de naturligt h\u00e6ndernes silhuet og skaber en elegant kontrast til t\u00f8jets bl\u00f8de materialer. Beanie-huen fuldender hele outfittet med en moderne urban detalje, der kombinerer funktionalitet og stil.<\/p>\n<p data-start=\"1567\" data-end=\"1885\">Cyklamen-farven er dristig, men sofistikeret - den fremkalder feminin styrke, energi og selvtillid. I kombination med lyse toner skaber den en interessant kontrast, og med neutrale farver ser den afbalanceret og subtil ud. Dette dobbelts\u00e6t er det perfekte valg for kvinder, der gerne vil skille sig ud fra m\u00e6ngden og samtidig v\u00e6re tro mod deres stil.<\/p>\n<p data-start=\"1887\" data-end=\"2139\">Hver eneste del af kollektionen <strong data-start=\"1908\" data-end=\"1918\">TATTJA<\/strong> kombinerer tradition med moderne luksus, fokus p\u00e5 kvalitet og sofistikerede detaljer. Derudover er damet\u00f8jet to hundrede <strong data-start=\"1997\" data-end=\"2021\">RAGBBORG cyklamen<\/strong> tilf\u00f8jer raffinement og charme til et outfit, uanset om det er p\u00e5 efter\u00e5rsture, p\u00e5 arbejde eller til uformelle sammenkomster.<\/p>\n<p data-start=\"2141\" data-end=\"2246\">Oplev sk\u00f8nheden i delikatesse, sofistikerede detaljer og feminin stil, der vil holde dig varm og... <a href=\"https:\/\/www.tattja.com\/da\/product-category\/damske-oblecenie\/dvojsety\/rukavniky-a-ciapka\/\">i andre farver<\/a>.<\/p>\n<p data-start=\"2248\" data-end=\"2388\"><strong data-start=\"2248\" data-end=\"2302\">Se her, <a href=\"https:\/\/shop.bogensberger.co.at\/produkt-schlagwort\/merino-extrafein\/\">fra hvilke materialer<\/a> vi producerer vores v\u00e6rker<\/strong>, og fork\u00e6l dig selv med et strejf af luksus, der kombinerer komfort, elegance og naturlig kvindelighed.<\/p>","protected":false},"excerpt":{"rendered":"<p><strong data-start=\"615\" data-end=\"664\">Dobbelt s\u00e6t damet\u00f8j RAGBBORG cyklamen<\/strong> kombinerer elegance, farve og komfort. De strikkede \u00e6rmer suppleres af en h\u00e6tte med cyklamenkrave - en markant, men harmonisk accent, der understreger kvindelighed og raffinement. Dette s\u00e6t fra TATTJA-kollektionen udstr\u00e5ler energi, selvtillid og sans for detaljer.<\/p>","protected":false},"featured_media":2246,"comment_status":"open","ping_status":"closed","template":"","meta":[],"product_brand":[],"product_cat":[289,300,129,134,295],"product_tag":[],"class_list":{"0":"post-1906","1":"product","2":"type-product","3":"status-publish","4":"has-post-thumbnail","6":"product_cat-dvojsety","7":"product_cat-damske-oblecenie","8":"product_cat-dvojsety-cyklamenove","9":"product_cat-pleteninove-doplnky-cyklamenove","10":"product_cat-rukavniky-a-ciapka","12":"first","13":"instock","14":"taxable","15":"shipping-taxable","16":"purchasable","17":"product-type-simple"},"yoast_head":"<!-- This site is optimized with the Yoast SEO plugin v26.0 - https:\/\/yoast.com\/wordpress\/plugins\/seo\/ -->\n<title>D\u00e1mske oble\u010denie 2-set RAGBBORG cykl\u00e1menov\u00fd - TATTJA<\/title>\n<meta name=\"description\" content=\"D\u00e1mske oble\u010denie dvojset RAGBBORG cykl\u00e1menov\u00fd \u2013 spojenie \u017eenskosti, luxusu a komfortu. Elegantn\u00e1 kombin\u00e1cia \u010diapky a ruk\u00e1vnikov pre v\u00fdrazn\u00fd \u0161t\u00fdl.\" \/>\n<meta name=\"robots\" content=\"index, follow, max-snippet:-1, max-image-preview:large, max-video-preview:-1\" \/>\n<link rel=\"canonical\" href=\"https:\/\/www.tattja.com\/da\/product\/damske-oblecenie-dvojset-ragbborg-cyklamenovy\/\" \/>\n<meta property=\"og:locale\" content=\"da_DK\" \/>\n<meta property=\"og:type\" content=\"article\" \/>\n<meta property=\"og:title\" content=\"D\u00e1mske oble\u010denie 2-set RAGBBORG cykl\u00e1menov\u00fd - TATTJA\" \/>\n<meta property=\"og:description\" content=\"D\u00e1mske oble\u010denie dvojset RAGBBORG cykl\u00e1menov\u00fd \u2013 spojenie \u017eenskosti, luxusu a komfortu. Elegantn\u00e1 kombin\u00e1cia \u010diapky a ruk\u00e1vnikov pre v\u00fdrazn\u00fd \u0161t\u00fdl.\" \/>\n<meta property=\"og:url\" content=\"https:\/\/www.tattja.com\/da\/product\/damske-oblecenie-dvojset-ragbborg-cyklamenovy\/\" \/>\n<meta property=\"og:site_name\" content=\"TATTJA\" \/>\n<meta property=\"article:modified_time\" content=\"2026-04-05T17:45:00+00:00\" \/>\n<meta property=\"og:image\" content=\"https:\/\/www.tattja.com\/wp-content\/uploads\/2025\/08\/cyklamenovy-dvojset-rukavniky-ciapka-spredu.webp\" \/>\n\t<meta property=\"og:image:width\" content=\"1365\" \/>\n\t<meta property=\"og:image:height\" content=\"2048\" \/>\n\t<meta property=\"og:image:type\" content=\"image\/webp\" \/>\n<meta name=\"twitter:card\" content=\"summary_large_image\" \/>\n<meta name=\"twitter:label1\" content=\"Estimeret l\u00e6setid\" \/>\n\t<meta name=\"twitter:data1\" content=\"2 minutter\" \/>\n<script type=\"application\/ld+json\" class=\"yoast-schema-graph\">{\"@context\":\"https:\/\/schema.org\",\"@graph\":[{\"@type\":\"WebPage\",\"@id\":\"https:\/\/www.tattja.com\/product\/damske-oblecenie-dvojset-ragbborg-cyklamenovy\/\",\"url\":\"https:\/\/www.tattja.com\/product\/damske-oblecenie-dvojset-ragbborg-cyklamenovy\/\",\"name\":\"D\u00e1mske oble\u010denie 2-set RAGBBORG cykl\u00e1menov\u00fd - TATTJA\",\"isPartOf\":{\"@id\":\"https:\/\/www.tattja.com\/#website\"},\"primaryImageOfPage\":{\"@id\":\"https:\/\/www.tattja.com\/product\/damske-oblecenie-dvojset-ragbborg-cyklamenovy\/#primaryimage\"},\"image\":{\"@id\":\"https:\/\/www.tattja.com\/product\/damske-oblecenie-dvojset-ragbborg-cyklamenovy\/#primaryimage\"},\"thumbnailUrl\":\"https:\/\/www.tattja.com\/wp-content\/uploads\/2025\/08\/cyklamenovy-dvojset-rukavniky-ciapka-spredu.webp\",\"datePublished\":\"2025-08-13T17:07:40+00:00\",\"dateModified\":\"2026-04-05T17:45:00+00:00\",\"description\":\"D\u00e1mske oble\u010denie dvojset RAGBBORG cykl\u00e1menov\u00fd \u2013 spojenie \u017eenskosti, luxusu a komfortu. Elegantn\u00e1 kombin\u00e1cia \u010diapky a ruk\u00e1vnikov pre v\u00fdrazn\u00fd \u0161t\u00fdl.\",\"breadcrumb\":{\"@id\":\"https:\/\/www.tattja.com\/product\/damske-oblecenie-dvojset-ragbborg-cyklamenovy\/#breadcrumb\"},\"inLanguage\":\"da-DK\",\"potentialAction\":[{\"@type\":\"ReadAction\",\"target\":[\"https:\/\/www.tattja.com\/product\/damske-oblecenie-dvojset-ragbborg-cyklamenovy\/\"]}]},{\"@type\":\"ImageObject\",\"inLanguage\":\"da-DK\",\"@id\":\"https:\/\/www.tattja.com\/product\/damske-oblecenie-dvojset-ragbborg-cyklamenovy\/#primaryimage\",\"url\":\"https:\/\/www.tattja.com\/wp-content\/uploads\/2025\/08\/cyklamenovy-dvojset-rukavniky-ciapka-spredu.webp\",\"contentUrl\":\"https:\/\/www.tattja.com\/wp-content\/uploads\/2025\/08\/cyklamenovy-dvojset-rukavniky-ciapka-spredu.webp\",\"width\":1365,\"height\":2048,\"caption\":\"Cykl\u00e1menov\u00fd dvojset RAGBBORG \u2013 ruk\u00e1vniky a \u010diapka TATTJA | predn\u00fd poh\u013ead\"},{\"@type\":\"BreadcrumbList\",\"@id\":\"https:\/\/www.tattja.com\/product\/damske-oblecenie-dvojset-ragbborg-cyklamenovy\/#breadcrumb\",\"itemListElement\":[{\"@type\":\"ListItem\",\"position\":1,\"name\":\"Domov\",\"item\":\"https:\/\/www.tattja.com\/\"},{\"@type\":\"ListItem\",\"position\":2,\"name\":\"Produkty\",\"item\":\"https:\/\/www.tattja.com\/damske-oblecenie-produkty\/\"},{\"@type\":\"ListItem\",\"position\":3,\"name\":\"D\u00e1mske oble\u010denie 2-set RAGBBORG cykl\u00e1menov\u00fd\"}]},{\"@type\":\"WebSite\",\"@id\":\"https:\/\/www.tattja.com\/#website\",\"url\":\"https:\/\/www.tattja.com\/\",\"name\":\"TATTJA\",\"description\":\"D\u00e1mske oble\u010denie z extra jemnej merino vlny \u2014 ru\u010dne pleten\u00e9 na Slovensku\",\"potentialAction\":[{\"@type\":\"SearchAction\",\"target\":{\"@type\":\"EntryPoint\",\"urlTemplate\":\"https:\/\/www.tattja.com\/?s={search_term_string}\"},\"query-input\":{\"@type\":\"PropertyValueSpecification\",\"valueRequired\":true,\"valueName\":\"search_term_string\"}}],\"inLanguage\":\"da-DK\"}]}<\/script>\n<!-- \/ Yoast SEO plugin. -->","yoast_head_json":{"title":"D\u00e1mske oble\u010denie 2-set RAGBBORG cykl\u00e1menov\u00fd - TATTJA","description":"D\u00e1mske oble\u010denie dvojset RAGBBORG cykl\u00e1menov\u00fd \u2013 spojenie \u017eenskosti, luxusu a komfortu. Elegantn\u00e1 kombin\u00e1cia \u010diapky a ruk\u00e1vnikov pre v\u00fdrazn\u00fd \u0161t\u00fdl.","robots":{"index":"index","follow":"follow","max-snippet":"max-snippet:-1","max-image-preview":"max-image-preview:large","max-video-preview":"max-video-preview:-1"},"canonical":"https:\/\/www.tattja.com\/da\/product\/damske-oblecenie-dvojset-ragbborg-cyklamenovy\/","og_locale":"da_DK","og_type":"article","og_title":"D\u00e1mske oble\u010denie 2-set RAGBBORG cykl\u00e1menov\u00fd - TATTJA","og_description":"D\u00e1mske oble\u010denie dvojset RAGBBORG cykl\u00e1menov\u00fd \u2013 spojenie \u017eenskosti, luxusu a komfortu. Elegantn\u00e1 kombin\u00e1cia \u010diapky a ruk\u00e1vnikov pre v\u00fdrazn\u00fd \u0161t\u00fdl.","og_url":"https:\/\/www.tattja.com\/da\/product\/damske-oblecenie-dvojset-ragbborg-cyklamenovy\/","og_site_name":"TATTJA","article_modified_time":"2026-04-05T17:45:00+00:00","og_image":[{"width":1365,"height":2048,"url":"https:\/\/www.tattja.com\/wp-content\/uploads\/2025\/08\/cyklamenovy-dvojset-rukavniky-ciapka-spredu.webp","type":"image\/webp"}],"twitter_card":"summary_large_image","twitter_misc":{"Estimeret l\u00e6setid":"2 minutter"},"schema":{"@context":"https:\/\/schema.org","@graph":[{"@type":"WebPage","@id":"https:\/\/www.tattja.com\/product\/damske-oblecenie-dvojset-ragbborg-cyklamenovy\/","url":"https:\/\/www.tattja.com\/product\/damske-oblecenie-dvojset-ragbborg-cyklamenovy\/","name":"D\u00e1mske oble\u010denie 2-set RAGBBORG cykl\u00e1menov\u00fd - TATTJA","isPartOf":{"@id":"https:\/\/www.tattja.com\/#website"},"primaryImageOfPage":{"@id":"https:\/\/www.tattja.com\/product\/damske-oblecenie-dvojset-ragbborg-cyklamenovy\/#primaryimage"},"image":{"@id":"https:\/\/www.tattja.com\/product\/damske-oblecenie-dvojset-ragbborg-cyklamenovy\/#primaryimage"},"thumbnailUrl":"https:\/\/www.tattja.com\/wp-content\/uploads\/2025\/08\/cyklamenovy-dvojset-rukavniky-ciapka-spredu.webp","datePublished":"2025-08-13T17:07:40+00:00","dateModified":"2026-04-05T17:45:00+00:00","description":"D\u00e1mske oble\u010denie dvojset RAGBBORG cykl\u00e1menov\u00fd \u2013 spojenie \u017eenskosti, luxusu a komfortu. Elegantn\u00e1 kombin\u00e1cia \u010diapky a ruk\u00e1vnikov pre v\u00fdrazn\u00fd \u0161t\u00fdl.","breadcrumb":{"@id":"https:\/\/www.tattja.com\/product\/damske-oblecenie-dvojset-ragbborg-cyklamenovy\/#breadcrumb"},"inLanguage":"da-DK","potentialAction":[{"@type":"ReadAction","target":["https:\/\/www.tattja.com\/product\/damske-oblecenie-dvojset-ragbborg-cyklamenovy\/"]}]},{"@type":"ImageObject","inLanguage":"da-DK","@id":"https:\/\/www.tattja.com\/product\/damske-oblecenie-dvojset-ragbborg-cyklamenovy\/#primaryimage","url":"https:\/\/www.tattja.com\/wp-content\/uploads\/2025\/08\/cyklamenovy-dvojset-rukavniky-ciapka-spredu.webp","contentUrl":"https:\/\/www.tattja.com\/wp-content\/uploads\/2025\/08\/cyklamenovy-dvojset-rukavniky-ciapka-spredu.webp","width":1365,"height":2048,"caption":"Cykl\u00e1menov\u00fd dvojset RAGBBORG \u2013 ruk\u00e1vniky a \u010diapka TATTJA | predn\u00fd poh\u013ead"},{"@type":"BreadcrumbList","@id":"https:\/\/www.tattja.com\/product\/damske-oblecenie-dvojset-ragbborg-cyklamenovy\/#breadcrumb","itemListElement":[{"@type":"ListItem","position":1,"name":"Domov","item":"https:\/\/www.tattja.com\/"},{"@type":"ListItem","position":2,"name":"Produkty","item":"https:\/\/www.tattja.com\/damske-oblecenie-produkty\/"},{"@type":"ListItem","position":3,"name":"D\u00e1mske oble\u010denie 2-set RAGBBORG cykl\u00e1menov\u00fd"}]},{"@type":"WebSite","@id":"https:\/\/www.tattja.com\/#website","url":"https:\/\/www.tattja.com\/","name":"TATTJA","description":"D\u00e1mske oble\u010denie z extra jemnej merino vlny \u2014 ru\u010dne pleten\u00e9 na Slovensku","potentialAction":[{"@type":"SearchAction","target":{"@type":"EntryPoint","urlTemplate":"https:\/\/www.tattja.com\/?s={search_term_string}"},"query-input":{"@type":"PropertyValueSpecification","valueRequired":true,"valueName":"search_term_string"}}],"inLanguage":"da-DK"}]}},"_links":{"self":[{"href":"https:\/\/www.tattja.com\/da\/wp-json\/wp\/v2\/product\/1906","targetHints":{"allow":["GET"]}}],"collection":[{"href":"https:\/\/www.tattja.com\/da\/wp-json\/wp\/v2\/product"}],"about":[{"href":"https:\/\/www.tattja.com\/da\/wp-json\/wp\/v2\/types\/product"}],"replies":[{"embeddable":true,"href":"https:\/\/www.tattja.com\/da\/wp-json\/wp\/v2\/comments?post=1906"}],"version-history":[{"count":6,"href":"https:\/\/www.tattja.com\/da\/wp-json\/wp\/v2\/product\/1906\/revisions"}],"predecessor-version":[{"id":7247,"href":"https:\/\/www.tattja.com\/da\/wp-json\/wp\/v2\/product\/1906\/revisions\/7247"}],"wp:featuredmedia":[{"embeddable":true,"href":"https:\/\/www.tattja.com\/da\/wp-json\/wp\/v2\/media\/2246"}],"wp:attachment":[{"href":"https:\/\/www.tattja.com\/da\/wp-json\/wp\/v2\/media?parent=1906"}],"wp:term":[{"taxonomy":"product_brand","embeddable":true,"href":"https:\/\/www.tattja.com\/da\/wp-json\/wp\/v2\/product_brand?post=1906"},{"taxonomy":"product_cat","embeddable":true,"href":"https:\/\/www.tattja.com\/da\/wp-json\/wp\/v2\/product_cat?post=1906"},{"taxonomy":"product_tag","embeddable":true,"href":"https:\/\/www.tattja.com\/da\/wp-json\/wp\/v2\/product_tag?post=1906"}],"curies":[{"name":"wp","href":"https:\/\/api.w.org\/{rel}","templated":true}]}}