{"id":1908,"date":"2025-08-13T19:08:53","date_gmt":"2025-08-13T17:08:53","guid":{"rendered":"https:\/\/www.tattja.com\/?post_type=product&#038;p=1908"},"modified":"2026-04-05T19:45:00","modified_gmt":"2026-04-05T17:45:00","slug":"damske-oblecenie-dvojset-magnhild-cyklamenovy","status":"publish","type":"product","link":"https:\/\/www.tattja.com\/da\/product\/damske-oblecenie-dvojset-magnhild-cyklamenovy\/","title":{"rendered":"D\u00e1mske oble\u010denie 2-set MAGNHILD cykl\u00e1menov\u00fd"},"content":{"rendered":"<p data-start=\"827\" data-end=\"1118\"><strong data-start=\"827\" data-end=\"876\">Dobbelt s\u00e6t til kvinder MAGNHILD cyklamen<\/strong> kombinerer energi, selvtillid og luksuri\u00f8s komfort. Dette originale s\u00e6t fra kollektionen <strong data-start=\"962\" data-end=\"972\">TATTJA<\/strong> Den best\u00e5r af en elegant sjal og en kasket med visir, som tilsammen danner en harmonisk helhed - den perfekte balance mellem stil og funktionalitet.<\/p>\n<p data-start=\"1120\" data-end=\"1429\">Cyclamen-farven er et symbol p\u00e5 kvindelighed og mod. Dens rige tone giver en levende energi til et outfit, der opfrisker selv det mest enkle look. Denne nuance fascinerer med sin dristighed, men ser samtidig elegant og sofistikeret ud. Den kan g\u00f8re en almindelig dag til en stilfuld oplevelse og give b\u00e6reren b\u00e5de karisma og selvtillid.<\/p>\n<p data-start=\"1431\" data-end=\"1752\">Skjorten med en pr\u00e6cis ribstruktur smyger sig om figuren, fremh\u00e6ver de feminine kurver og giver en f\u00f8lelse af bl\u00f8d varme. Kasketten med sjal fuldender hele s\u00e6ttet med sin moderne form og subtile elegance. Sammen skaber de en kombination, der forener funktionalitet, \u00e6stetik og up\u00e5klageligt h\u00e5ndv\u00e6rk - pr\u00e6cis i m\u00e6rkets \u00e5nd. <strong data-start=\"1739\" data-end=\"1749\">TATTJA<\/strong>.<\/p>\n<p data-start=\"1754\" data-end=\"1963\">MAGNHILD dobbelt s\u00e6t cyclamen til kvinder er det ideelle valg til kvinder, der \u00f8nsker at udtrykke deres individuelle stil og \u00f8nsker en kombination af komfort og raffinement. Det vil skille sig ud i b\u00e5de urbane og elegante outfits og tilf\u00f8je et sensuelt touch til ethvert look.<\/p>\n<p data-start=\"1965\" data-end=\"2070\">Oplev sk\u00f8nheden i delikatesse, sofistikerede detaljer og feminin stil, der vil holde dig varm og... <a href=\"https:\/\/www.tattja.com\/da\/product-category\/damske-oblecenie\/dvojsety\/driekovnik-a-ciapka\/\">i andre farver.<\/a><\/p>\n<p data-start=\"2072\" data-end=\"2205\"><strong data-start=\"2072\" data-end=\"2126\">Se her, <a href=\"https:\/\/shop.bogensberger.co.at\/produkt-schlagwort\/merino-extrafein\/\">fra hvilke materialer<\/a> vi producerer vores v\u00e6rker<\/strong> og fork\u00e6l dig selv med et strejf af luksus, der vil omgive dig med stil og komfort hver dag.<\/p>","protected":false},"excerpt":{"rendered":"<p data-start=\"639\" data-end=\"785\"><strong data-start=\"639\" data-end=\"688\">Dobbelt s\u00e6t til kvinder MAGNHILD cyklamen<\/strong> - et dristigt s\u00e6t med kasket og skulderklap, der fremh\u00e6ver feminin styrke, elegance og moderne karakter.<\/p>","protected":false},"featured_media":2249,"comment_status":"open","ping_status":"closed","template":"","meta":[],"product_brand":[],"product_cat":[289,300,294,129,134],"product_tag":[],"class_list":{"0":"post-1908","1":"product","2":"type-product","3":"status-publish","4":"has-post-thumbnail","6":"product_cat-dvojsety","7":"product_cat-damske-oblecenie","8":"product_cat-driekovnik-a-ciapka","9":"product_cat-dvojsety-cyklamenove","10":"product_cat-pleteninove-doplnky-cyklamenove","12":"first","13":"instock","14":"taxable","15":"shipping-taxable","16":"purchasable","17":"product-type-simple"},"yoast_head":"<!-- This site is optimized with the Yoast SEO plugin v26.0 - https:\/\/yoast.com\/wordpress\/plugins\/seo\/ -->\n<title>D\u00e1mske oble\u010denie 2-set MAGNHILD cykl\u00e1menov\u00fd - TATTJA<\/title>\n<meta name=\"description\" content=\"D\u00e1mske oble\u010denie dvojset MAGNHILD cykl\u00e1menov\u00fd \u2013 v\u00fdrazn\u00fd set \u010diapky a driekovn\u00edka, ktor\u00fd sp\u00e1ja \u017eenskos\u0165, pohodlie a energick\u00fd \u0161t\u00fdl zna\u010dky TATTJA.\" \/>\n<meta name=\"robots\" content=\"index, follow, max-snippet:-1, max-image-preview:large, max-video-preview:-1\" \/>\n<link rel=\"canonical\" href=\"https:\/\/www.tattja.com\/da\/product\/damske-oblecenie-dvojset-magnhild-cyklamenovy\/\" \/>\n<meta property=\"og:locale\" content=\"da_DK\" \/>\n<meta property=\"og:type\" content=\"article\" \/>\n<meta property=\"og:title\" content=\"D\u00e1mske oble\u010denie 2-set MAGNHILD cykl\u00e1menov\u00fd - TATTJA\" \/>\n<meta property=\"og:description\" content=\"D\u00e1mske oble\u010denie dvojset MAGNHILD cykl\u00e1menov\u00fd \u2013 v\u00fdrazn\u00fd set \u010diapky a driekovn\u00edka, ktor\u00fd sp\u00e1ja \u017eenskos\u0165, pohodlie a energick\u00fd \u0161t\u00fdl zna\u010dky TATTJA.\" \/>\n<meta property=\"og:url\" content=\"https:\/\/www.tattja.com\/da\/product\/damske-oblecenie-dvojset-magnhild-cyklamenovy\/\" \/>\n<meta property=\"og:site_name\" content=\"TATTJA\" \/>\n<meta property=\"article:modified_time\" content=\"2026-04-05T17:45:00+00:00\" \/>\n<meta property=\"og:image\" content=\"https:\/\/www.tattja.com\/wp-content\/uploads\/2025\/08\/cyklamenovy-dvojset-driekovnik-ciapka-spredu.webp\" \/>\n\t<meta property=\"og:image:width\" content=\"1365\" \/>\n\t<meta property=\"og:image:height\" content=\"2048\" \/>\n\t<meta property=\"og:image:type\" content=\"image\/webp\" \/>\n<meta name=\"twitter:card\" content=\"summary_large_image\" \/>\n<meta name=\"twitter:label1\" content=\"Estimeret l\u00e6setid\" \/>\n\t<meta name=\"twitter:data1\" content=\"2 minutter\" \/>\n<script type=\"application\/ld+json\" class=\"yoast-schema-graph\">{\"@context\":\"https:\/\/schema.org\",\"@graph\":[{\"@type\":\"WebPage\",\"@id\":\"https:\/\/www.tattja.com\/product\/damske-oblecenie-dvojset-magnhild-cyklamenovy\/\",\"url\":\"https:\/\/www.tattja.com\/product\/damske-oblecenie-dvojset-magnhild-cyklamenovy\/\",\"name\":\"D\u00e1mske oble\u010denie 2-set MAGNHILD cykl\u00e1menov\u00fd - TATTJA\",\"isPartOf\":{\"@id\":\"https:\/\/www.tattja.com\/#website\"},\"primaryImageOfPage\":{\"@id\":\"https:\/\/www.tattja.com\/product\/damske-oblecenie-dvojset-magnhild-cyklamenovy\/#primaryimage\"},\"image\":{\"@id\":\"https:\/\/www.tattja.com\/product\/damske-oblecenie-dvojset-magnhild-cyklamenovy\/#primaryimage\"},\"thumbnailUrl\":\"https:\/\/www.tattja.com\/wp-content\/uploads\/2025\/08\/cyklamenovy-dvojset-driekovnik-ciapka-spredu.webp\",\"datePublished\":\"2025-08-13T17:08:53+00:00\",\"dateModified\":\"2026-04-05T17:45:00+00:00\",\"description\":\"D\u00e1mske oble\u010denie dvojset MAGNHILD cykl\u00e1menov\u00fd \u2013 v\u00fdrazn\u00fd set \u010diapky a driekovn\u00edka, ktor\u00fd sp\u00e1ja \u017eenskos\u0165, pohodlie a energick\u00fd \u0161t\u00fdl zna\u010dky TATTJA.\",\"breadcrumb\":{\"@id\":\"https:\/\/www.tattja.com\/product\/damske-oblecenie-dvojset-magnhild-cyklamenovy\/#breadcrumb\"},\"inLanguage\":\"da-DK\",\"potentialAction\":[{\"@type\":\"ReadAction\",\"target\":[\"https:\/\/www.tattja.com\/product\/damske-oblecenie-dvojset-magnhild-cyklamenovy\/\"]}]},{\"@type\":\"ImageObject\",\"inLanguage\":\"da-DK\",\"@id\":\"https:\/\/www.tattja.com\/product\/damske-oblecenie-dvojset-magnhild-cyklamenovy\/#primaryimage\",\"url\":\"https:\/\/www.tattja.com\/wp-content\/uploads\/2025\/08\/cyklamenovy-dvojset-driekovnik-ciapka-spredu.webp\",\"contentUrl\":\"https:\/\/www.tattja.com\/wp-content\/uploads\/2025\/08\/cyklamenovy-dvojset-driekovnik-ciapka-spredu.webp\",\"width\":1365,\"height\":2048,\"caption\":\"Cykl\u00e1menov\u00fd dvojset MAGNHILD \u2013 driekovn\u00edk a \u010diapka TATTJA | predn\u00fd poh\u013ead\"},{\"@type\":\"BreadcrumbList\",\"@id\":\"https:\/\/www.tattja.com\/product\/damske-oblecenie-dvojset-magnhild-cyklamenovy\/#breadcrumb\",\"itemListElement\":[{\"@type\":\"ListItem\",\"position\":1,\"name\":\"Domov\",\"item\":\"https:\/\/www.tattja.com\/\"},{\"@type\":\"ListItem\",\"position\":2,\"name\":\"Produkty\",\"item\":\"https:\/\/www.tattja.com\/damske-oblecenie-produkty\/\"},{\"@type\":\"ListItem\",\"position\":3,\"name\":\"D\u00e1mske oble\u010denie 2-set MAGNHILD cykl\u00e1menov\u00fd\"}]},{\"@type\":\"WebSite\",\"@id\":\"https:\/\/www.tattja.com\/#website\",\"url\":\"https:\/\/www.tattja.com\/\",\"name\":\"TATTJA\",\"description\":\"D\u00e1mske oble\u010denie z extra jemnej merino vlny \u2014 ru\u010dne pleten\u00e9 na Slovensku\",\"potentialAction\":[{\"@type\":\"SearchAction\",\"target\":{\"@type\":\"EntryPoint\",\"urlTemplate\":\"https:\/\/www.tattja.com\/?s={search_term_string}\"},\"query-input\":{\"@type\":\"PropertyValueSpecification\",\"valueRequired\":true,\"valueName\":\"search_term_string\"}}],\"inLanguage\":\"da-DK\"}]}<\/script>\n<!-- \/ Yoast SEO plugin. -->","yoast_head_json":{"title":"D\u00e1mske oble\u010denie 2-set MAGNHILD cykl\u00e1menov\u00fd - TATTJA","description":"D\u00e1mske oble\u010denie dvojset MAGNHILD cykl\u00e1menov\u00fd \u2013 v\u00fdrazn\u00fd set \u010diapky a driekovn\u00edka, ktor\u00fd sp\u00e1ja \u017eenskos\u0165, pohodlie a energick\u00fd \u0161t\u00fdl zna\u010dky TATTJA.","robots":{"index":"index","follow":"follow","max-snippet":"max-snippet:-1","max-image-preview":"max-image-preview:large","max-video-preview":"max-video-preview:-1"},"canonical":"https:\/\/www.tattja.com\/da\/product\/damske-oblecenie-dvojset-magnhild-cyklamenovy\/","og_locale":"da_DK","og_type":"article","og_title":"D\u00e1mske oble\u010denie 2-set MAGNHILD cykl\u00e1menov\u00fd - TATTJA","og_description":"D\u00e1mske oble\u010denie dvojset MAGNHILD cykl\u00e1menov\u00fd \u2013 v\u00fdrazn\u00fd set \u010diapky a driekovn\u00edka, ktor\u00fd sp\u00e1ja \u017eenskos\u0165, pohodlie a energick\u00fd \u0161t\u00fdl zna\u010dky TATTJA.","og_url":"https:\/\/www.tattja.com\/da\/product\/damske-oblecenie-dvojset-magnhild-cyklamenovy\/","og_site_name":"TATTJA","article_modified_time":"2026-04-05T17:45:00+00:00","og_image":[{"width":1365,"height":2048,"url":"https:\/\/www.tattja.com\/wp-content\/uploads\/2025\/08\/cyklamenovy-dvojset-driekovnik-ciapka-spredu.webp","type":"image\/webp"}],"twitter_card":"summary_large_image","twitter_misc":{"Estimeret l\u00e6setid":"2 minutter"},"schema":{"@context":"https:\/\/schema.org","@graph":[{"@type":"WebPage","@id":"https:\/\/www.tattja.com\/product\/damske-oblecenie-dvojset-magnhild-cyklamenovy\/","url":"https:\/\/www.tattja.com\/product\/damske-oblecenie-dvojset-magnhild-cyklamenovy\/","name":"D\u00e1mske oble\u010denie 2-set MAGNHILD cykl\u00e1menov\u00fd - TATTJA","isPartOf":{"@id":"https:\/\/www.tattja.com\/#website"},"primaryImageOfPage":{"@id":"https:\/\/www.tattja.com\/product\/damske-oblecenie-dvojset-magnhild-cyklamenovy\/#primaryimage"},"image":{"@id":"https:\/\/www.tattja.com\/product\/damske-oblecenie-dvojset-magnhild-cyklamenovy\/#primaryimage"},"thumbnailUrl":"https:\/\/www.tattja.com\/wp-content\/uploads\/2025\/08\/cyklamenovy-dvojset-driekovnik-ciapka-spredu.webp","datePublished":"2025-08-13T17:08:53+00:00","dateModified":"2026-04-05T17:45:00+00:00","description":"D\u00e1mske oble\u010denie dvojset MAGNHILD cykl\u00e1menov\u00fd \u2013 v\u00fdrazn\u00fd set \u010diapky a driekovn\u00edka, ktor\u00fd sp\u00e1ja \u017eenskos\u0165, pohodlie a energick\u00fd \u0161t\u00fdl zna\u010dky TATTJA.","breadcrumb":{"@id":"https:\/\/www.tattja.com\/product\/damske-oblecenie-dvojset-magnhild-cyklamenovy\/#breadcrumb"},"inLanguage":"da-DK","potentialAction":[{"@type":"ReadAction","target":["https:\/\/www.tattja.com\/product\/damske-oblecenie-dvojset-magnhild-cyklamenovy\/"]}]},{"@type":"ImageObject","inLanguage":"da-DK","@id":"https:\/\/www.tattja.com\/product\/damske-oblecenie-dvojset-magnhild-cyklamenovy\/#primaryimage","url":"https:\/\/www.tattja.com\/wp-content\/uploads\/2025\/08\/cyklamenovy-dvojset-driekovnik-ciapka-spredu.webp","contentUrl":"https:\/\/www.tattja.com\/wp-content\/uploads\/2025\/08\/cyklamenovy-dvojset-driekovnik-ciapka-spredu.webp","width":1365,"height":2048,"caption":"Cykl\u00e1menov\u00fd dvojset MAGNHILD \u2013 driekovn\u00edk a \u010diapka TATTJA | predn\u00fd poh\u013ead"},{"@type":"BreadcrumbList","@id":"https:\/\/www.tattja.com\/product\/damske-oblecenie-dvojset-magnhild-cyklamenovy\/#breadcrumb","itemListElement":[{"@type":"ListItem","position":1,"name":"Domov","item":"https:\/\/www.tattja.com\/"},{"@type":"ListItem","position":2,"name":"Produkty","item":"https:\/\/www.tattja.com\/damske-oblecenie-produkty\/"},{"@type":"ListItem","position":3,"name":"D\u00e1mske oble\u010denie 2-set MAGNHILD cykl\u00e1menov\u00fd"}]},{"@type":"WebSite","@id":"https:\/\/www.tattja.com\/#website","url":"https:\/\/www.tattja.com\/","name":"TATTJA","description":"D\u00e1mske oble\u010denie z extra jemnej merino vlny \u2014 ru\u010dne pleten\u00e9 na Slovensku","potentialAction":[{"@type":"SearchAction","target":{"@type":"EntryPoint","urlTemplate":"https:\/\/www.tattja.com\/?s={search_term_string}"},"query-input":{"@type":"PropertyValueSpecification","valueRequired":true,"valueName":"search_term_string"}}],"inLanguage":"da-DK"}]}},"_links":{"self":[{"href":"https:\/\/www.tattja.com\/da\/wp-json\/wp\/v2\/product\/1908","targetHints":{"allow":["GET"]}}],"collection":[{"href":"https:\/\/www.tattja.com\/da\/wp-json\/wp\/v2\/product"}],"about":[{"href":"https:\/\/www.tattja.com\/da\/wp-json\/wp\/v2\/types\/product"}],"replies":[{"embeddable":true,"href":"https:\/\/www.tattja.com\/da\/wp-json\/wp\/v2\/comments?post=1908"}],"version-history":[{"count":6,"href":"https:\/\/www.tattja.com\/da\/wp-json\/wp\/v2\/product\/1908\/revisions"}],"predecessor-version":[{"id":7246,"href":"https:\/\/www.tattja.com\/da\/wp-json\/wp\/v2\/product\/1908\/revisions\/7246"}],"wp:featuredmedia":[{"embeddable":true,"href":"https:\/\/www.tattja.com\/da\/wp-json\/wp\/v2\/media\/2249"}],"wp:attachment":[{"href":"https:\/\/www.tattja.com\/da\/wp-json\/wp\/v2\/media?parent=1908"}],"wp:term":[{"taxonomy":"product_brand","embeddable":true,"href":"https:\/\/www.tattja.com\/da\/wp-json\/wp\/v2\/product_brand?post=1908"},{"taxonomy":"product_cat","embeddable":true,"href":"https:\/\/www.tattja.com\/da\/wp-json\/wp\/v2\/product_cat?post=1908"},{"taxonomy":"product_tag","embeddable":true,"href":"https:\/\/www.tattja.com\/da\/wp-json\/wp\/v2\/product_tag?post=1908"}],"curies":[{"name":"wp","href":"https:\/\/api.w.org\/{rel}","templated":true}]}}