{"id":1922,"date":"2025-08-13T19:16:36","date_gmt":"2025-08-13T17:16:36","guid":{"rendered":"https:\/\/www.tattja.com\/?post_type=product&#038;p=1922"},"modified":"2026-04-05T19:44:58","modified_gmt":"2026-04-05T17:44:58","slug":"damske-oblecenie-ciapka-anja-bledomodra","status":"publish","type":"product","link":"https:\/\/www.tattja.com\/da\/product\/damske-oblecenie-ciapka-anja-bledomodra\/","title":{"rendered":"Damet\u00f8jskasket ANJA lysebl\u00e5"},"content":{"rendered":"<p data-start=\"911\" data-end=\"1194\"><strong data-start=\"911\" data-end=\"954\">Damet\u00f8jskasket ANJA lysebl\u00e5<\/strong> kombinerer raffinement, delikatesse og moderne stil. Dette elegante tilbeh\u00f8r fra kollektionen <strong data-start=\"1036\" data-end=\"1046\">TATTJA<\/strong> er en kombination af pr\u00e6cisionsh\u00e5ndv\u00e6rk, luksuri\u00f8se materialer og funktionelt design, som vil blive v\u00e6rdsat af kvinder med \u00f8je for detaljer og kvalitet.<\/p>\n<p data-start=\"1196\" data-end=\"1486\">Den lysebl\u00e5 nuance ser frisk, harmonisk og tidl\u00f8s ud. Den udstr\u00e5ler ro og feminin bl\u00f8dhed og giver outfittet en sofistikeret, men let karakter. Denne alsidige tone er nem at mikse og matche - den passer perfekt sammen med b\u00e5de lysere og m\u00f8rkere farver og skaber en elegant kontrast.<\/p>\n<p data-start=\"1488\" data-end=\"1783\">Det finstrikkede stof af bl\u00f8dt garn tilpasser sig hovedets form og giver maksimal komfort p\u00e5 koldere dage. Det er \u00e5ndbart, varmt og behageligt at r\u00f8re ved og giver en f\u00f8lelse af bl\u00f8dhed og komfort, selv n\u00e5r det b\u00e6res i lange perioder. Hvert sting afspejler det omhyggelige h\u00e5ndv\u00e6rk, der er typisk for m\u00e6rket. <strong data-start=\"1770\" data-end=\"1780\">TATTJA<\/strong>.<\/p>\n<p data-start=\"1785\" data-end=\"2079\">Den stilfulde silhuet giver kasketten et urbant, chikt touch. Den beskytter mod vind og solens str\u00e5ler, samtidig med at den bevarer en feminin silhuet og tidl\u00f8s \u00e6stetik. Det minimalistiske design g\u00f8r kasketten til en ideel accessory for den moderne kvinde, der s\u00f8ger en blanding af funktionalitet og sk\u00f8nhed.<\/p>\n<p data-start=\"2081\" data-end=\"2280\"><strong data-start=\"2081\" data-end=\"2107\">Damet\u00f8jskasket ANJA lysebl\u00e5<\/strong> passer perfekt til afslappede dage, til byen og til g\u00e5ture. Kombiner med en shrug, mufflers eller en halsvarmer fra kollektionen. <strong data-start=\"2234\" data-end=\"2244\">TATTJA<\/strong> skaber en smagfuld, harmonisk helhed.<\/p>\n<p data-start=\"2282\" data-end=\"2387\">Oplev sk\u00f8nheden i delikatesse, sofistikerede detaljer og feminin stil, der vil holde dig varm og... <a href=\"https:\/\/www.tattja.com\/da\/product-category\/damske-oblecenie\/doplnky-jednotlivo\/ciapky\/\">i andre farver<\/a>.<\/p>\n<p data-start=\"2389\" data-end=\"2512\"><strong data-start=\"2389\" data-end=\"2443\">Se her, <a href=\"https:\/\/shop.bogensberger.co.at\/produkt-schlagwort\/merino-extrafein\/\">fra hvilke materialer<\/a> vi producerer vores v\u00e6rker<\/strong> og fork\u00e6l dig selv med et strejf af luksus, som du vil elske hver gang, du bruger den.<\/p>","protected":false},"excerpt":{"rendered":"<p data-start=\"706\" data-end=\"869\"><strong data-start=\"706\" data-end=\"749\">Damet\u00f8jskasket ANJA lysebl\u00e5<\/strong> - Fin strik, frisk nuance og pr\u00e6cist design. En elegant accessory, der vil pifte dit outfit op og fremh\u00e6ve din kvindelighed.<\/p>","protected":false},"featured_media":2418,"comment_status":"open","ping_status":"closed","template":"","meta":[],"product_brand":[],"product_cat":[160,282,300,298,153],"product_tag":[],"class_list":{"0":"post-1922","1":"product","2":"type-product","3":"status-publish","4":"has-post-thumbnail","6":"product_cat-ciapka-bledomodra","7":"product_cat-ciapky","8":"product_cat-damske-oblecenie","9":"product_cat-doplnky-jednotlivo","10":"product_cat-pleteninove-doplnky-bledomodre","12":"first","13":"instock","14":"taxable","15":"shipping-taxable","16":"purchasable","17":"product-type-simple"},"yoast_head":"<!-- This site is optimized with the Yoast SEO plugin v26.0 - https:\/\/yoast.com\/wordpress\/plugins\/seo\/ -->\n<title>D\u00e1mske oble\u010denie \u010diapka ANJA bledomodr\u00e1 - TATTJA<\/title>\n<meta name=\"description\" content=\"D\u00e1mske oble\u010denie \u010diapka ANJA bledomodr\u00e1 \u2013 jemn\u00e1, elegantn\u00e1 \u010diapka so \u0161iltom, ktor\u00e1 prin\u00e1\u0161a svie\u017eos\u0165, noblesu a modern\u00fd \u0161t\u00fdl v ka\u017edom detaile.\" \/>\n<meta name=\"robots\" content=\"index, follow, max-snippet:-1, max-image-preview:large, max-video-preview:-1\" \/>\n<link rel=\"canonical\" href=\"https:\/\/www.tattja.com\/da\/product\/damske-oblecenie-ciapka-anja-bledomodra\/\" \/>\n<meta property=\"og:locale\" content=\"da_DK\" \/>\n<meta property=\"og:type\" content=\"article\" \/>\n<meta property=\"og:title\" content=\"D\u00e1mske oble\u010denie \u010diapka ANJA bledomodr\u00e1 - TATTJA\" \/>\n<meta property=\"og:description\" content=\"D\u00e1mske oble\u010denie \u010diapka ANJA bledomodr\u00e1 \u2013 jemn\u00e1, elegantn\u00e1 \u010diapka so \u0161iltom, ktor\u00e1 prin\u00e1\u0161a svie\u017eos\u0165, noblesu a modern\u00fd \u0161t\u00fdl v ka\u017edom detaile.\" \/>\n<meta property=\"og:url\" content=\"https:\/\/www.tattja.com\/da\/product\/damske-oblecenie-ciapka-anja-bledomodra\/\" \/>\n<meta property=\"og:site_name\" content=\"TATTJA\" \/>\n<meta property=\"article:modified_time\" content=\"2026-04-05T17:44:58+00:00\" \/>\n<meta property=\"og:image\" content=\"https:\/\/www.tattja.com\/wp-content\/uploads\/2025\/09\/bledomodry-ciapka-spredu-22.webp\" \/>\n\t<meta property=\"og:image:width\" content=\"1365\" \/>\n\t<meta property=\"og:image:height\" content=\"2048\" \/>\n\t<meta property=\"og:image:type\" content=\"image\/webp\" \/>\n<meta name=\"twitter:card\" content=\"summary_large_image\" \/>\n<meta name=\"twitter:label1\" content=\"Estimeret l\u00e6setid\" \/>\n\t<meta name=\"twitter:data1\" content=\"2 minutter\" \/>\n<script type=\"application\/ld+json\" class=\"yoast-schema-graph\">{\"@context\":\"https:\/\/schema.org\",\"@graph\":[{\"@type\":\"WebPage\",\"@id\":\"https:\/\/www.tattja.com\/product\/damske-oblecenie-ciapka-anja-bledomodra\/\",\"url\":\"https:\/\/www.tattja.com\/product\/damske-oblecenie-ciapka-anja-bledomodra\/\",\"name\":\"D\u00e1mske oble\u010denie \u010diapka ANJA bledomodr\u00e1 - TATTJA\",\"isPartOf\":{\"@id\":\"https:\/\/www.tattja.com\/#website\"},\"primaryImageOfPage\":{\"@id\":\"https:\/\/www.tattja.com\/product\/damske-oblecenie-ciapka-anja-bledomodra\/#primaryimage\"},\"image\":{\"@id\":\"https:\/\/www.tattja.com\/product\/damske-oblecenie-ciapka-anja-bledomodra\/#primaryimage\"},\"thumbnailUrl\":\"https:\/\/www.tattja.com\/wp-content\/uploads\/2025\/09\/bledomodry-ciapka-spredu-22.webp\",\"datePublished\":\"2025-08-13T17:16:36+00:00\",\"dateModified\":\"2026-04-05T17:44:58+00:00\",\"description\":\"D\u00e1mske oble\u010denie \u010diapka ANJA bledomodr\u00e1 \u2013 jemn\u00e1, elegantn\u00e1 \u010diapka so \u0161iltom, ktor\u00e1 prin\u00e1\u0161a svie\u017eos\u0165, noblesu a modern\u00fd \u0161t\u00fdl v ka\u017edom detaile.\",\"breadcrumb\":{\"@id\":\"https:\/\/www.tattja.com\/product\/damske-oblecenie-ciapka-anja-bledomodra\/#breadcrumb\"},\"inLanguage\":\"da-DK\",\"potentialAction\":[{\"@type\":\"ReadAction\",\"target\":[\"https:\/\/www.tattja.com\/product\/damske-oblecenie-ciapka-anja-bledomodra\/\"]}]},{\"@type\":\"ImageObject\",\"inLanguage\":\"da-DK\",\"@id\":\"https:\/\/www.tattja.com\/product\/damske-oblecenie-ciapka-anja-bledomodra\/#primaryimage\",\"url\":\"https:\/\/www.tattja.com\/wp-content\/uploads\/2025\/09\/bledomodry-ciapka-spredu-22.webp\",\"contentUrl\":\"https:\/\/www.tattja.com\/wp-content\/uploads\/2025\/09\/bledomodry-ciapka-spredu-22.webp\",\"width\":1365,\"height\":2048,\"caption\":\"\u010ciapka ANJA \u2013 bledomodr\u00fd odtie\u0148 v prednom poh\u013eade\"},{\"@type\":\"BreadcrumbList\",\"@id\":\"https:\/\/www.tattja.com\/product\/damske-oblecenie-ciapka-anja-bledomodra\/#breadcrumb\",\"itemListElement\":[{\"@type\":\"ListItem\",\"position\":1,\"name\":\"Domov\",\"item\":\"https:\/\/www.tattja.com\/\"},{\"@type\":\"ListItem\",\"position\":2,\"name\":\"Produkty\",\"item\":\"https:\/\/www.tattja.com\/damske-oblecenie-produkty\/\"},{\"@type\":\"ListItem\",\"position\":3,\"name\":\"D\u00e1mske oble\u010denie \u010diapka ANJA bledomodr\u00e1\"}]},{\"@type\":\"WebSite\",\"@id\":\"https:\/\/www.tattja.com\/#website\",\"url\":\"https:\/\/www.tattja.com\/\",\"name\":\"TATTJA\",\"description\":\"D\u00e1mske oble\u010denie z extra jemnej merino vlny \u2014 ru\u010dne pleten\u00e9 na Slovensku\",\"potentialAction\":[{\"@type\":\"SearchAction\",\"target\":{\"@type\":\"EntryPoint\",\"urlTemplate\":\"https:\/\/www.tattja.com\/?s={search_term_string}\"},\"query-input\":{\"@type\":\"PropertyValueSpecification\",\"valueRequired\":true,\"valueName\":\"search_term_string\"}}],\"inLanguage\":\"da-DK\"}]}<\/script>\n<!-- \/ Yoast SEO plugin. -->","yoast_head_json":{"title":"D\u00e1mske oble\u010denie \u010diapka ANJA bledomodr\u00e1 - TATTJA","description":"D\u00e1mske oble\u010denie \u010diapka ANJA bledomodr\u00e1 \u2013 jemn\u00e1, elegantn\u00e1 \u010diapka so \u0161iltom, ktor\u00e1 prin\u00e1\u0161a svie\u017eos\u0165, noblesu a modern\u00fd \u0161t\u00fdl v ka\u017edom detaile.","robots":{"index":"index","follow":"follow","max-snippet":"max-snippet:-1","max-image-preview":"max-image-preview:large","max-video-preview":"max-video-preview:-1"},"canonical":"https:\/\/www.tattja.com\/da\/product\/damske-oblecenie-ciapka-anja-bledomodra\/","og_locale":"da_DK","og_type":"article","og_title":"D\u00e1mske oble\u010denie \u010diapka ANJA bledomodr\u00e1 - TATTJA","og_description":"D\u00e1mske oble\u010denie \u010diapka ANJA bledomodr\u00e1 \u2013 jemn\u00e1, elegantn\u00e1 \u010diapka so \u0161iltom, ktor\u00e1 prin\u00e1\u0161a svie\u017eos\u0165, noblesu a modern\u00fd \u0161t\u00fdl v ka\u017edom detaile.","og_url":"https:\/\/www.tattja.com\/da\/product\/damske-oblecenie-ciapka-anja-bledomodra\/","og_site_name":"TATTJA","article_modified_time":"2026-04-05T17:44:58+00:00","og_image":[{"width":1365,"height":2048,"url":"https:\/\/www.tattja.com\/wp-content\/uploads\/2025\/09\/bledomodry-ciapka-spredu-22.webp","type":"image\/webp"}],"twitter_card":"summary_large_image","twitter_misc":{"Estimeret l\u00e6setid":"2 minutter"},"schema":{"@context":"https:\/\/schema.org","@graph":[{"@type":"WebPage","@id":"https:\/\/www.tattja.com\/product\/damske-oblecenie-ciapka-anja-bledomodra\/","url":"https:\/\/www.tattja.com\/product\/damske-oblecenie-ciapka-anja-bledomodra\/","name":"D\u00e1mske oble\u010denie \u010diapka ANJA bledomodr\u00e1 - TATTJA","isPartOf":{"@id":"https:\/\/www.tattja.com\/#website"},"primaryImageOfPage":{"@id":"https:\/\/www.tattja.com\/product\/damske-oblecenie-ciapka-anja-bledomodra\/#primaryimage"},"image":{"@id":"https:\/\/www.tattja.com\/product\/damske-oblecenie-ciapka-anja-bledomodra\/#primaryimage"},"thumbnailUrl":"https:\/\/www.tattja.com\/wp-content\/uploads\/2025\/09\/bledomodry-ciapka-spredu-22.webp","datePublished":"2025-08-13T17:16:36+00:00","dateModified":"2026-04-05T17:44:58+00:00","description":"D\u00e1mske oble\u010denie \u010diapka ANJA bledomodr\u00e1 \u2013 jemn\u00e1, elegantn\u00e1 \u010diapka so \u0161iltom, ktor\u00e1 prin\u00e1\u0161a svie\u017eos\u0165, noblesu a modern\u00fd \u0161t\u00fdl v ka\u017edom detaile.","breadcrumb":{"@id":"https:\/\/www.tattja.com\/product\/damske-oblecenie-ciapka-anja-bledomodra\/#breadcrumb"},"inLanguage":"da-DK","potentialAction":[{"@type":"ReadAction","target":["https:\/\/www.tattja.com\/product\/damske-oblecenie-ciapka-anja-bledomodra\/"]}]},{"@type":"ImageObject","inLanguage":"da-DK","@id":"https:\/\/www.tattja.com\/product\/damske-oblecenie-ciapka-anja-bledomodra\/#primaryimage","url":"https:\/\/www.tattja.com\/wp-content\/uploads\/2025\/09\/bledomodry-ciapka-spredu-22.webp","contentUrl":"https:\/\/www.tattja.com\/wp-content\/uploads\/2025\/09\/bledomodry-ciapka-spredu-22.webp","width":1365,"height":2048,"caption":"\u010ciapka ANJA \u2013 bledomodr\u00fd odtie\u0148 v prednom poh\u013eade"},{"@type":"BreadcrumbList","@id":"https:\/\/www.tattja.com\/product\/damske-oblecenie-ciapka-anja-bledomodra\/#breadcrumb","itemListElement":[{"@type":"ListItem","position":1,"name":"Domov","item":"https:\/\/www.tattja.com\/"},{"@type":"ListItem","position":2,"name":"Produkty","item":"https:\/\/www.tattja.com\/damske-oblecenie-produkty\/"},{"@type":"ListItem","position":3,"name":"D\u00e1mske oble\u010denie \u010diapka ANJA bledomodr\u00e1"}]},{"@type":"WebSite","@id":"https:\/\/www.tattja.com\/#website","url":"https:\/\/www.tattja.com\/","name":"TATTJA","description":"D\u00e1mske oble\u010denie z extra jemnej merino vlny \u2014 ru\u010dne pleten\u00e9 na Slovensku","potentialAction":[{"@type":"SearchAction","target":{"@type":"EntryPoint","urlTemplate":"https:\/\/www.tattja.com\/?s={search_term_string}"},"query-input":{"@type":"PropertyValueSpecification","valueRequired":true,"valueName":"search_term_string"}}],"inLanguage":"da-DK"}]}},"_links":{"self":[{"href":"https:\/\/www.tattja.com\/da\/wp-json\/wp\/v2\/product\/1922","targetHints":{"allow":["GET"]}}],"collection":[{"href":"https:\/\/www.tattja.com\/da\/wp-json\/wp\/v2\/product"}],"about":[{"href":"https:\/\/www.tattja.com\/da\/wp-json\/wp\/v2\/types\/product"}],"replies":[{"embeddable":true,"href":"https:\/\/www.tattja.com\/da\/wp-json\/wp\/v2\/comments?post=1922"}],"version-history":[{"count":5,"href":"https:\/\/www.tattja.com\/da\/wp-json\/wp\/v2\/product\/1922\/revisions"}],"predecessor-version":[{"id":5914,"href":"https:\/\/www.tattja.com\/da\/wp-json\/wp\/v2\/product\/1922\/revisions\/5914"}],"wp:featuredmedia":[{"embeddable":true,"href":"https:\/\/www.tattja.com\/da\/wp-json\/wp\/v2\/media\/2418"}],"wp:attachment":[{"href":"https:\/\/www.tattja.com\/da\/wp-json\/wp\/v2\/media?parent=1922"}],"wp:term":[{"taxonomy":"product_brand","embeddable":true,"href":"https:\/\/www.tattja.com\/da\/wp-json\/wp\/v2\/product_brand?post=1922"},{"taxonomy":"product_cat","embeddable":true,"href":"https:\/\/www.tattja.com\/da\/wp-json\/wp\/v2\/product_cat?post=1922"},{"taxonomy":"product_tag","embeddable":true,"href":"https:\/\/www.tattja.com\/da\/wp-json\/wp\/v2\/product_tag?post=1922"}],"curies":[{"name":"wp","href":"https:\/\/api.w.org\/{rel}","templated":true}]}}