{"id":1952,"date":"2025-08-14T17:09:17","date_gmt":"2025-08-14T15:09:17","guid":{"rendered":"https:\/\/www.tattja.com\/?post_type=product&#038;p=1952"},"modified":"2026-04-05T19:44:56","modified_gmt":"2026-04-05T17:44:56","slug":"damske-oblecenie-ciapka-anja-bledotyrkysova","status":"publish","type":"product","link":"https:\/\/www.tattja.com\/da\/product\/damske-oblecenie-ciapka-anja-bledotyrkysova\/","title":{"rendered":"Kasket til damet\u00f8j ANJA lys turkis"},"content":{"rendered":"<p data-start=\"880\" data-end=\"1161\"><strong data-start=\"880\" data-end=\"927\">Kasket til damet\u00f8j ANJA lys turkis<\/strong> kombinerer raffinement, elegance og funktionelt design. Denne model fra kollektionen <strong data-start=\"994\" data-end=\"1004\">TATTJA<\/strong> er den perfekte balance mellem stil og funktionalitet. Den er ideel til kvinder, der s\u00e6tter pris p\u00e5 sofistikerede detaljer, kvalitetsmaterialer og et moderne look.<\/p>\n<p data-start=\"1163\" data-end=\"1475\">Den lyse turkise nuance ser frisk og ungdommelig ud og giver lethed til outfittet. Denne tone er nem at kombinere med mange forskellige farver - den passer godt sammen med b\u00e5de lyse og m\u00f8rke dele og skaber en harmonisk og smagfuld kontrast. Kasket til kvinder <strong data-start=\"1379\" data-end=\"1402\">ANJA bledotyrkys<\/strong> bliver en uundv\u00e6rlig accessory, der lyser op i enhver garderobe.<\/p>\n<p data-start=\"1477\" data-end=\"1769\">Det bl\u00f8de, strikkede stof smyger sig behageligt om hovedet og giver varme selv p\u00e5 koldere dage. Takket v\u00e6re den \u00e5ndbare struktur forbliver huen behagelig, selv n\u00e5r den b\u00e6res i lange perioder. Det bl\u00f8de materiale garanterer komfort og bl\u00f8dhed ved ber\u00f8ring, mens det pr\u00e6cise h\u00e5ndv\u00e6rk afspejler m\u00e6rkets karakteristiske kvalitet. <strong data-start=\"1756\" data-end=\"1766\">TATTJA<\/strong>.<\/p>\n<p data-start=\"1771\" data-end=\"2125\">Den stilfulde skygge giver kasketten en original urban accent. Den beskytter \u00f8jnene mod sol og vind, samtidig med at den bevarer et feminint, sofistikeret look. Kasketten er velegnet til hverdagsbrug - i byen, til en g\u00e5tur eller p\u00e5 arbejde. I kombination med armb\u00e5ndene, halsvarmeren eller halsstykket fra kollektionen <strong data-start=\"2051\" data-end=\"2061\">TATTJA<\/strong> skaber en harmonisk helhed, der kombinerer komfort og moderne stil.<\/p>\n<p data-start=\"2127\" data-end=\"2232\">Oplev sk\u00f8nheden i delikatesse, sofistikerede detaljer og feminin stil, der vil holde dig varm og... <a href=\"https:\/\/www.tattja.com\/da\/product-category\/damske-oblecenie\/doplnky-jednotlivo\/ciapky\/\">i andre farver<\/a>.<\/p>\n<p data-start=\"2234\" data-end=\"2362\"><strong data-start=\"2234\" data-end=\"2288\">Se her, <a href=\"https:\/\/shop.bogensberger.co.at\/produkt-schlagwort\/merino-extrafein\/\">fra hvilke materialer<\/a> vi producerer vores v\u00e6rker<\/strong> og lad dig inspirere af kvalitet, h\u00e5ndarbejde og design <strong data-start=\"2349\" data-end=\"2359\">TATTJA<\/strong>.<\/p>","protected":false},"excerpt":{"rendered":"<p data-start=\"671\" data-end=\"838\"><strong data-start=\"671\" data-end=\"718\">Kasket til damet\u00f8j ANJA lys turkis<\/strong> skiller sig ud med sin fine strik, friske nuance og moderne design. Den stilfulde skygge giver kasketten en feminin, urban karakter.<\/p>","protected":false},"featured_media":7318,"comment_status":"open","ping_status":"closed","template":"","meta":[],"product_brand":[],"product_cat":[168,282,300,260,298,161],"product_tag":[],"class_list":{"0":"post-1952","1":"product","2":"type-product","3":"status-publish","4":"has-post-thumbnail","6":"product_cat-ciapka-bledotyrkysova","7":"product_cat-ciapky","8":"product_cat-damske-oblecenie","9":"product_cat-jednotlive-doplnky-bledotyrkysove","10":"product_cat-doplnky-jednotlivo","11":"product_cat-pleteninove-doplnky-bledotyrkysove","13":"first","14":"instock","15":"taxable","16":"shipping-taxable","17":"purchasable","18":"product-type-simple"},"yoast_head":"<!-- This site is optimized with the Yoast SEO plugin v26.0 - https:\/\/yoast.com\/wordpress\/plugins\/seo\/ -->\n<title>D\u00e1mske oble\u010denie \u010diapka ANJA bledotyrkysov\u00e1 - TATTJA<\/title>\n<meta name=\"description\" content=\"D\u00e1mske oble\u010denie \u010diapka ANJA bledotyrkysov\u00e1 \u2013 jemn\u00e1, modern\u00e1 \u010diapka so \u0161iltom, ktor\u00e1 sp\u00e1ja eleganciu, komfort a svie\u017eos\u0165 v jednom doplnku.\" \/>\n<meta name=\"robots\" content=\"index, follow, max-snippet:-1, max-image-preview:large, max-video-preview:-1\" \/>\n<link rel=\"canonical\" href=\"https:\/\/www.tattja.com\/da\/product\/damske-oblecenie-ciapka-anja-bledotyrkysova\/\" \/>\n<meta property=\"og:locale\" content=\"da_DK\" \/>\n<meta property=\"og:type\" content=\"article\" \/>\n<meta property=\"og:title\" content=\"D\u00e1mske oble\u010denie \u010diapka ANJA bledotyrkysov\u00e1 - TATTJA\" \/>\n<meta property=\"og:description\" content=\"D\u00e1mske oble\u010denie \u010diapka ANJA bledotyrkysov\u00e1 \u2013 jemn\u00e1, modern\u00e1 \u010diapka so \u0161iltom, ktor\u00e1 sp\u00e1ja eleganciu, komfort a svie\u017eos\u0165 v jednom doplnku.\" \/>\n<meta property=\"og:url\" content=\"https:\/\/www.tattja.com\/da\/product\/damske-oblecenie-ciapka-anja-bledotyrkysova\/\" \/>\n<meta property=\"og:site_name\" content=\"TATTJA\" \/>\n<meta property=\"article:modified_time\" content=\"2026-04-05T17:44:56+00:00\" \/>\n<meta property=\"og:image\" content=\"https:\/\/www.tattja.com\/wp-content\/uploads\/2025\/12\/bledotyrkysovy-ciapka-spredu-43.webp\" \/>\n\t<meta property=\"og:image:width\" content=\"1365\" \/>\n\t<meta property=\"og:image:height\" content=\"2047\" \/>\n\t<meta property=\"og:image:type\" content=\"image\/webp\" \/>\n<meta name=\"twitter:card\" content=\"summary_large_image\" \/>\n<meta name=\"twitter:label1\" content=\"Estimeret l\u00e6setid\" \/>\n\t<meta name=\"twitter:data1\" content=\"2 minutter\" \/>\n<script type=\"application\/ld+json\" class=\"yoast-schema-graph\">{\"@context\":\"https:\/\/schema.org\",\"@graph\":[{\"@type\":\"WebPage\",\"@id\":\"https:\/\/www.tattja.com\/product\/damske-oblecenie-ciapka-anja-bledotyrkysova\/\",\"url\":\"https:\/\/www.tattja.com\/product\/damske-oblecenie-ciapka-anja-bledotyrkysova\/\",\"name\":\"D\u00e1mske oble\u010denie \u010diapka ANJA bledotyrkysov\u00e1 - TATTJA\",\"isPartOf\":{\"@id\":\"https:\/\/www.tattja.com\/#website\"},\"primaryImageOfPage\":{\"@id\":\"https:\/\/www.tattja.com\/product\/damske-oblecenie-ciapka-anja-bledotyrkysova\/#primaryimage\"},\"image\":{\"@id\":\"https:\/\/www.tattja.com\/product\/damske-oblecenie-ciapka-anja-bledotyrkysova\/#primaryimage\"},\"thumbnailUrl\":\"https:\/\/www.tattja.com\/wp-content\/uploads\/2025\/12\/bledotyrkysovy-ciapka-spredu-43.webp\",\"datePublished\":\"2025-08-14T15:09:17+00:00\",\"dateModified\":\"2026-04-05T17:44:56+00:00\",\"description\":\"D\u00e1mske oble\u010denie \u010diapka ANJA bledotyrkysov\u00e1 \u2013 jemn\u00e1, modern\u00e1 \u010diapka so \u0161iltom, ktor\u00e1 sp\u00e1ja eleganciu, komfort a svie\u017eos\u0165 v jednom doplnku.\",\"breadcrumb\":{\"@id\":\"https:\/\/www.tattja.com\/product\/damske-oblecenie-ciapka-anja-bledotyrkysova\/#breadcrumb\"},\"inLanguage\":\"da-DK\",\"potentialAction\":[{\"@type\":\"ReadAction\",\"target\":[\"https:\/\/www.tattja.com\/product\/damske-oblecenie-ciapka-anja-bledotyrkysova\/\"]}]},{\"@type\":\"ImageObject\",\"inLanguage\":\"da-DK\",\"@id\":\"https:\/\/www.tattja.com\/product\/damske-oblecenie-ciapka-anja-bledotyrkysova\/#primaryimage\",\"url\":\"https:\/\/www.tattja.com\/wp-content\/uploads\/2025\/12\/bledotyrkysovy-ciapka-spredu-43.webp\",\"contentUrl\":\"https:\/\/www.tattja.com\/wp-content\/uploads\/2025\/12\/bledotyrkysovy-ciapka-spredu-43.webp\",\"width\":1365,\"height\":2047,\"caption\":\"Bledotyrkysov\u00e1 \u010diapka ANJA TATTJA \u2013 modern\u00fd zimn\u00fd styling pre \u017eeny\"},{\"@type\":\"BreadcrumbList\",\"@id\":\"https:\/\/www.tattja.com\/product\/damske-oblecenie-ciapka-anja-bledotyrkysova\/#breadcrumb\",\"itemListElement\":[{\"@type\":\"ListItem\",\"position\":1,\"name\":\"Domov\",\"item\":\"https:\/\/www.tattja.com\/\"},{\"@type\":\"ListItem\",\"position\":2,\"name\":\"Produkty\",\"item\":\"https:\/\/www.tattja.com\/damske-oblecenie-produkty\/\"},{\"@type\":\"ListItem\",\"position\":3,\"name\":\"D\u00e1mske oble\u010denie \u010diapka ANJA bledotyrkysov\u00e1\"}]},{\"@type\":\"WebSite\",\"@id\":\"https:\/\/www.tattja.com\/#website\",\"url\":\"https:\/\/www.tattja.com\/\",\"name\":\"TATTJA\",\"description\":\"D\u00e1mske oble\u010denie z extra jemnej merino vlny \u2014 ru\u010dne pleten\u00e9 na Slovensku\",\"potentialAction\":[{\"@type\":\"SearchAction\",\"target\":{\"@type\":\"EntryPoint\",\"urlTemplate\":\"https:\/\/www.tattja.com\/?s={search_term_string}\"},\"query-input\":{\"@type\":\"PropertyValueSpecification\",\"valueRequired\":true,\"valueName\":\"search_term_string\"}}],\"inLanguage\":\"da-DK\"}]}<\/script>\n<!-- \/ Yoast SEO plugin. -->","yoast_head_json":{"title":"D\u00e1mske oble\u010denie \u010diapka ANJA bledotyrkysov\u00e1 - TATTJA","description":"D\u00e1mske oble\u010denie \u010diapka ANJA bledotyrkysov\u00e1 \u2013 jemn\u00e1, modern\u00e1 \u010diapka so \u0161iltom, ktor\u00e1 sp\u00e1ja eleganciu, komfort a svie\u017eos\u0165 v jednom doplnku.","robots":{"index":"index","follow":"follow","max-snippet":"max-snippet:-1","max-image-preview":"max-image-preview:large","max-video-preview":"max-video-preview:-1"},"canonical":"https:\/\/www.tattja.com\/da\/product\/damske-oblecenie-ciapka-anja-bledotyrkysova\/","og_locale":"da_DK","og_type":"article","og_title":"D\u00e1mske oble\u010denie \u010diapka ANJA bledotyrkysov\u00e1 - TATTJA","og_description":"D\u00e1mske oble\u010denie \u010diapka ANJA bledotyrkysov\u00e1 \u2013 jemn\u00e1, modern\u00e1 \u010diapka so \u0161iltom, ktor\u00e1 sp\u00e1ja eleganciu, komfort a svie\u017eos\u0165 v jednom doplnku.","og_url":"https:\/\/www.tattja.com\/da\/product\/damske-oblecenie-ciapka-anja-bledotyrkysova\/","og_site_name":"TATTJA","article_modified_time":"2026-04-05T17:44:56+00:00","og_image":[{"width":1365,"height":2047,"url":"https:\/\/www.tattja.com\/wp-content\/uploads\/2025\/12\/bledotyrkysovy-ciapka-spredu-43.webp","type":"image\/webp"}],"twitter_card":"summary_large_image","twitter_misc":{"Estimeret l\u00e6setid":"2 minutter"},"schema":{"@context":"https:\/\/schema.org","@graph":[{"@type":"WebPage","@id":"https:\/\/www.tattja.com\/product\/damske-oblecenie-ciapka-anja-bledotyrkysova\/","url":"https:\/\/www.tattja.com\/product\/damske-oblecenie-ciapka-anja-bledotyrkysova\/","name":"D\u00e1mske oble\u010denie \u010diapka ANJA bledotyrkysov\u00e1 - TATTJA","isPartOf":{"@id":"https:\/\/www.tattja.com\/#website"},"primaryImageOfPage":{"@id":"https:\/\/www.tattja.com\/product\/damske-oblecenie-ciapka-anja-bledotyrkysova\/#primaryimage"},"image":{"@id":"https:\/\/www.tattja.com\/product\/damske-oblecenie-ciapka-anja-bledotyrkysova\/#primaryimage"},"thumbnailUrl":"https:\/\/www.tattja.com\/wp-content\/uploads\/2025\/12\/bledotyrkysovy-ciapka-spredu-43.webp","datePublished":"2025-08-14T15:09:17+00:00","dateModified":"2026-04-05T17:44:56+00:00","description":"D\u00e1mske oble\u010denie \u010diapka ANJA bledotyrkysov\u00e1 \u2013 jemn\u00e1, modern\u00e1 \u010diapka so \u0161iltom, ktor\u00e1 sp\u00e1ja eleganciu, komfort a svie\u017eos\u0165 v jednom doplnku.","breadcrumb":{"@id":"https:\/\/www.tattja.com\/product\/damske-oblecenie-ciapka-anja-bledotyrkysova\/#breadcrumb"},"inLanguage":"da-DK","potentialAction":[{"@type":"ReadAction","target":["https:\/\/www.tattja.com\/product\/damske-oblecenie-ciapka-anja-bledotyrkysova\/"]}]},{"@type":"ImageObject","inLanguage":"da-DK","@id":"https:\/\/www.tattja.com\/product\/damske-oblecenie-ciapka-anja-bledotyrkysova\/#primaryimage","url":"https:\/\/www.tattja.com\/wp-content\/uploads\/2025\/12\/bledotyrkysovy-ciapka-spredu-43.webp","contentUrl":"https:\/\/www.tattja.com\/wp-content\/uploads\/2025\/12\/bledotyrkysovy-ciapka-spredu-43.webp","width":1365,"height":2047,"caption":"Bledotyrkysov\u00e1 \u010diapka ANJA TATTJA \u2013 modern\u00fd zimn\u00fd styling pre \u017eeny"},{"@type":"BreadcrumbList","@id":"https:\/\/www.tattja.com\/product\/damske-oblecenie-ciapka-anja-bledotyrkysova\/#breadcrumb","itemListElement":[{"@type":"ListItem","position":1,"name":"Domov","item":"https:\/\/www.tattja.com\/"},{"@type":"ListItem","position":2,"name":"Produkty","item":"https:\/\/www.tattja.com\/damske-oblecenie-produkty\/"},{"@type":"ListItem","position":3,"name":"D\u00e1mske oble\u010denie \u010diapka ANJA bledotyrkysov\u00e1"}]},{"@type":"WebSite","@id":"https:\/\/www.tattja.com\/#website","url":"https:\/\/www.tattja.com\/","name":"TATTJA","description":"D\u00e1mske oble\u010denie z extra jemnej merino vlny \u2014 ru\u010dne pleten\u00e9 na Slovensku","potentialAction":[{"@type":"SearchAction","target":{"@type":"EntryPoint","urlTemplate":"https:\/\/www.tattja.com\/?s={search_term_string}"},"query-input":{"@type":"PropertyValueSpecification","valueRequired":true,"valueName":"search_term_string"}}],"inLanguage":"da-DK"}]}},"_links":{"self":[{"href":"https:\/\/www.tattja.com\/da\/wp-json\/wp\/v2\/product\/1952","targetHints":{"allow":["GET"]}}],"collection":[{"href":"https:\/\/www.tattja.com\/da\/wp-json\/wp\/v2\/product"}],"about":[{"href":"https:\/\/www.tattja.com\/da\/wp-json\/wp\/v2\/types\/product"}],"replies":[{"embeddable":true,"href":"https:\/\/www.tattja.com\/da\/wp-json\/wp\/v2\/comments?post=1952"}],"version-history":[{"count":5,"href":"https:\/\/www.tattja.com\/da\/wp-json\/wp\/v2\/product\/1952\/revisions"}],"predecessor-version":[{"id":5908,"href":"https:\/\/www.tattja.com\/da\/wp-json\/wp\/v2\/product\/1952\/revisions\/5908"}],"wp:featuredmedia":[{"embeddable":true,"href":"https:\/\/www.tattja.com\/da\/wp-json\/wp\/v2\/media\/7318"}],"wp:attachment":[{"href":"https:\/\/www.tattja.com\/da\/wp-json\/wp\/v2\/media?parent=1952"}],"wp:term":[{"taxonomy":"product_brand","embeddable":true,"href":"https:\/\/www.tattja.com\/da\/wp-json\/wp\/v2\/product_brand?post=1952"},{"taxonomy":"product_cat","embeddable":true,"href":"https:\/\/www.tattja.com\/da\/wp-json\/wp\/v2\/product_cat?post=1952"},{"taxonomy":"product_tag","embeddable":true,"href":"https:\/\/www.tattja.com\/da\/wp-json\/wp\/v2\/product_tag?post=1952"}],"curies":[{"name":"wp","href":"https:\/\/api.w.org\/{rel}","templated":true}]}}