{"id":1956,"date":"2025-08-14T17:14:01","date_gmt":"2025-08-14T15:14:01","guid":{"rendered":"https:\/\/www.tattja.com\/?post_type=product&#038;p=1956"},"modified":"2026-04-05T19:44:56","modified_gmt":"2026-04-05T17:44:56","slug":"damske-oblecenie-driekovnik-natasja-bledotyrkysovy","status":"publish","type":"product","link":"https:\/\/www.tattja.com\/da\/product\/damske-oblecenie-driekovnik-natasja-bledotyrkysovy\/","title":{"rendered":"Damet\u00f8jsskjorte NATASJA lys turkis"},"content":{"rendered":"<p data-start=\"831\" data-end=\"1088\"><strong data-start=\"831\" data-end=\"885\">Damet\u00f8jsskjorte NATASJA lys turkis<\/strong> er en kombination af raffinement, elegance og funktionalitet i \u00e9t stykke. Dette f\u00f8rsteklasses strikkede tilbeh\u00f8r fra <strong data-start=\"998\" data-end=\"1008\">TATTJA<\/strong> fremh\u00e6ver taljen, giver varme og tilf\u00f8jer et frisk strejf af modernitet til ethvert outfit.<\/p>\n<p data-start=\"1090\" data-end=\"1437\">Den lyse turkise farve fremkalder ro, renhed og feminin ynde. Den tilf\u00f8rer garderoben en subtil energi, der ser ungdommelig og optimistisk ud. Den fungerer godt i kombination med b\u00e5de lysere og m\u00f8rkere toner - og skaber en harmonisk kontrast, der ser elegant og naturlig ud. Denne choker er perfekt til kvinder, der elsker mode med sj\u00e6l og \u00f8je for detaljer.<\/p>\n<p data-start=\"1439\" data-end=\"1795\">Ribstrikken er elastisk, bl\u00f8d og varm. Den smyger sig perfekt om kroppen og fremh\u00e6ver de feminine kurver uden at g\u00e5 p\u00e5 kompromis med komforten. Takket v\u00e6re kvalitetsforarbejdningen holder den sin form, selv n\u00e5r du bruger den ofte. Skjortekjolen til kvinder NATASJA pale turquoise er nem at kombinere - den passer til en elegant skjorte, en let frakke eller en sweater. Den skaber altid en effekt af renhed og afslappet elegance.<\/p>\n<p data-start=\"1797\" data-end=\"2045\">Hvert eneste stykke fra workshoppen <strong data-start=\"1818\" data-end=\"1828\">TATTJA<\/strong> kombinerer komfort, \u00e6stetik og holdbarhed. Du vil s\u00e6tte pris p\u00e5 denne model som et perfekt tilbeh\u00f8r til overgangsperioden og de kolde dage. Den bringer varme, bl\u00f8dhed og feminin charme i et minimalistisk design, der fremh\u00e6ver b\u00e6rerens naturlige sk\u00f8nhed.<\/p>\n<p data-start=\"2047\" data-end=\"2152\">Oplev sk\u00f8nheden i delikatesse, sofistikerede detaljer og feminin stil, der vil holde dig varm og... <a href=\"https:\/\/www.tattja.com\/da\/product-category\/damske-oblecenie\/doplnky-jednotlivo\/driekovniky\/\">i andre farver<\/a>.<\/p>\n<p data-start=\"2154\" data-end=\"2307\"><strong data-start=\"2154\" data-end=\"2208\">Se her, <a href=\"https:\/\/shop.bogensberger.co.at\/produkt-schlagwort\/merino-extrafein\/\">fra hvilke materialer<\/a> vi producerer vores v\u00e6rker<\/strong> og nyd kombinationen af kvalitet, komfort og \u00e6stetisk renhed, der definerer m\u00e6rket. <strong data-start=\"2294\" data-end=\"2304\">TATTJA<\/strong>.<\/p>","protected":false},"excerpt":{"rendered":"<p data-start=\"628\" data-end=\"789\"><strong data-start=\"628\" data-end=\"682\">Damet\u00f8jsskjorte NATASJA lys turkis<\/strong> kombinerer stil, komfort og friskhed. Den bl\u00f8de strik vil fremh\u00e6ve figuren, varme kroppen og pifte ethvert outfit op.<\/p>","protected":false},"featured_media":7321,"comment_status":"open","ping_status":"closed","template":"","meta":[],"product_brand":[],"product_cat":[300,260,298,166,280,161],"product_tag":[],"class_list":{"0":"post-1956","1":"product","2":"type-product","3":"status-publish","4":"has-post-thumbnail","6":"product_cat-damske-oblecenie","7":"product_cat-jednotlive-doplnky-bledotyrkysove","8":"product_cat-doplnky-jednotlivo","9":"product_cat-driekovnik-bledotyrkysovy","10":"product_cat-driekovniky","11":"product_cat-pleteninove-doplnky-bledotyrkysove","13":"first","14":"instock","15":"taxable","16":"shipping-taxable","17":"purchasable","18":"product-type-simple"},"yoast_head":"<!-- This site is optimized with the Yoast SEO plugin v26.0 - https:\/\/yoast.com\/wordpress\/plugins\/seo\/ -->\n<title>D\u00e1mske oble\u010denie driekovn\u00edk NATASJA bledotyrkysov\u00fd - TATTJA<\/title>\n<meta name=\"description\" content=\"D\u00e1mske oble\u010denie driekovn\u00edk NATASJA bledotyrkysov\u00fd \u2013 jemn\u00fd pleten\u00fd doplnok, ktor\u00fd zohreje, zv\u00fdrazn\u00ed p\u00e1s a dod\u00e1 outfitu svie\u017ei, \u017eensk\u00fd akcent.\" \/>\n<meta name=\"robots\" content=\"index, follow, max-snippet:-1, max-image-preview:large, max-video-preview:-1\" \/>\n<link rel=\"canonical\" href=\"https:\/\/www.tattja.com\/da\/product\/damske-oblecenie-driekovnik-natasja-bledotyrkysovy\/\" \/>\n<meta property=\"og:locale\" content=\"da_DK\" \/>\n<meta property=\"og:type\" content=\"article\" \/>\n<meta property=\"og:title\" content=\"D\u00e1mske oble\u010denie driekovn\u00edk NATASJA bledotyrkysov\u00fd - TATTJA\" \/>\n<meta property=\"og:description\" content=\"D\u00e1mske oble\u010denie driekovn\u00edk NATASJA bledotyrkysov\u00fd \u2013 jemn\u00fd pleten\u00fd doplnok, ktor\u00fd zohreje, zv\u00fdrazn\u00ed p\u00e1s a dod\u00e1 outfitu svie\u017ei, \u017eensk\u00fd akcent.\" \/>\n<meta property=\"og:url\" content=\"https:\/\/www.tattja.com\/da\/product\/damske-oblecenie-driekovnik-natasja-bledotyrkysovy\/\" \/>\n<meta property=\"og:site_name\" content=\"TATTJA\" \/>\n<meta property=\"article:modified_time\" content=\"2026-04-05T17:44:56+00:00\" \/>\n<meta property=\"og:image\" content=\"https:\/\/www.tattja.com\/wp-content\/uploads\/2025\/12\/bledotyrkysovy-driekovnik-spredu-19.webp\" \/>\n\t<meta property=\"og:image:width\" content=\"1365\" \/>\n\t<meta property=\"og:image:height\" content=\"2048\" \/>\n\t<meta property=\"og:image:type\" content=\"image\/webp\" \/>\n<meta name=\"twitter:card\" content=\"summary_large_image\" \/>\n<meta name=\"twitter:label1\" content=\"Estimeret l\u00e6setid\" \/>\n\t<meta name=\"twitter:data1\" content=\"2 minutter\" \/>\n<script type=\"application\/ld+json\" class=\"yoast-schema-graph\">{\"@context\":\"https:\/\/schema.org\",\"@graph\":[{\"@type\":\"WebPage\",\"@id\":\"https:\/\/www.tattja.com\/product\/damske-oblecenie-driekovnik-natasja-bledotyrkysovy\/\",\"url\":\"https:\/\/www.tattja.com\/product\/damske-oblecenie-driekovnik-natasja-bledotyrkysovy\/\",\"name\":\"D\u00e1mske oble\u010denie driekovn\u00edk NATASJA bledotyrkysov\u00fd - TATTJA\",\"isPartOf\":{\"@id\":\"https:\/\/www.tattja.com\/#website\"},\"primaryImageOfPage\":{\"@id\":\"https:\/\/www.tattja.com\/product\/damske-oblecenie-driekovnik-natasja-bledotyrkysovy\/#primaryimage\"},\"image\":{\"@id\":\"https:\/\/www.tattja.com\/product\/damske-oblecenie-driekovnik-natasja-bledotyrkysovy\/#primaryimage\"},\"thumbnailUrl\":\"https:\/\/www.tattja.com\/wp-content\/uploads\/2025\/12\/bledotyrkysovy-driekovnik-spredu-19.webp\",\"datePublished\":\"2025-08-14T15:14:01+00:00\",\"dateModified\":\"2026-04-05T17:44:56+00:00\",\"description\":\"D\u00e1mske oble\u010denie driekovn\u00edk NATASJA bledotyrkysov\u00fd \u2013 jemn\u00fd pleten\u00fd doplnok, ktor\u00fd zohreje, zv\u00fdrazn\u00ed p\u00e1s a dod\u00e1 outfitu svie\u017ei, \u017eensk\u00fd akcent.\",\"breadcrumb\":{\"@id\":\"https:\/\/www.tattja.com\/product\/damske-oblecenie-driekovnik-natasja-bledotyrkysovy\/#breadcrumb\"},\"inLanguage\":\"da-DK\",\"potentialAction\":[{\"@type\":\"ReadAction\",\"target\":[\"https:\/\/www.tattja.com\/product\/damske-oblecenie-driekovnik-natasja-bledotyrkysovy\/\"]}]},{\"@type\":\"ImageObject\",\"inLanguage\":\"da-DK\",\"@id\":\"https:\/\/www.tattja.com\/product\/damske-oblecenie-driekovnik-natasja-bledotyrkysovy\/#primaryimage\",\"url\":\"https:\/\/www.tattja.com\/wp-content\/uploads\/2025\/12\/bledotyrkysovy-driekovnik-spredu-19.webp\",\"contentUrl\":\"https:\/\/www.tattja.com\/wp-content\/uploads\/2025\/12\/bledotyrkysovy-driekovnik-spredu-19.webp\",\"width\":1365,\"height\":2048,\"caption\":\"Bledotyrkysov\u00fd pleten\u00fd top TATTJA \u2013 elegantn\u00fd minimalistick\u00fd styling\"},{\"@type\":\"BreadcrumbList\",\"@id\":\"https:\/\/www.tattja.com\/product\/damske-oblecenie-driekovnik-natasja-bledotyrkysovy\/#breadcrumb\",\"itemListElement\":[{\"@type\":\"ListItem\",\"position\":1,\"name\":\"Domov\",\"item\":\"https:\/\/www.tattja.com\/\"},{\"@type\":\"ListItem\",\"position\":2,\"name\":\"Produkty\",\"item\":\"https:\/\/www.tattja.com\/damske-oblecenie-produkty\/\"},{\"@type\":\"ListItem\",\"position\":3,\"name\":\"D\u00e1mske oble\u010denie driekovn\u00edk NATASJA bledotyrkysov\u00fd\"}]},{\"@type\":\"WebSite\",\"@id\":\"https:\/\/www.tattja.com\/#website\",\"url\":\"https:\/\/www.tattja.com\/\",\"name\":\"TATTJA\",\"description\":\"D\u00e1mske oble\u010denie z extra jemnej merino vlny \u2014 ru\u010dne pleten\u00e9 na Slovensku\",\"potentialAction\":[{\"@type\":\"SearchAction\",\"target\":{\"@type\":\"EntryPoint\",\"urlTemplate\":\"https:\/\/www.tattja.com\/?s={search_term_string}\"},\"query-input\":{\"@type\":\"PropertyValueSpecification\",\"valueRequired\":true,\"valueName\":\"search_term_string\"}}],\"inLanguage\":\"da-DK\"}]}<\/script>\n<!-- \/ Yoast SEO plugin. -->","yoast_head_json":{"title":"D\u00e1mske oble\u010denie driekovn\u00edk NATASJA bledotyrkysov\u00fd - TATTJA","description":"D\u00e1mske oble\u010denie driekovn\u00edk NATASJA bledotyrkysov\u00fd \u2013 jemn\u00fd pleten\u00fd doplnok, ktor\u00fd zohreje, zv\u00fdrazn\u00ed p\u00e1s a dod\u00e1 outfitu svie\u017ei, \u017eensk\u00fd akcent.","robots":{"index":"index","follow":"follow","max-snippet":"max-snippet:-1","max-image-preview":"max-image-preview:large","max-video-preview":"max-video-preview:-1"},"canonical":"https:\/\/www.tattja.com\/da\/product\/damske-oblecenie-driekovnik-natasja-bledotyrkysovy\/","og_locale":"da_DK","og_type":"article","og_title":"D\u00e1mske oble\u010denie driekovn\u00edk NATASJA bledotyrkysov\u00fd - TATTJA","og_description":"D\u00e1mske oble\u010denie driekovn\u00edk NATASJA bledotyrkysov\u00fd \u2013 jemn\u00fd pleten\u00fd doplnok, ktor\u00fd zohreje, zv\u00fdrazn\u00ed p\u00e1s a dod\u00e1 outfitu svie\u017ei, \u017eensk\u00fd akcent.","og_url":"https:\/\/www.tattja.com\/da\/product\/damske-oblecenie-driekovnik-natasja-bledotyrkysovy\/","og_site_name":"TATTJA","article_modified_time":"2026-04-05T17:44:56+00:00","og_image":[{"width":1365,"height":2048,"url":"https:\/\/www.tattja.com\/wp-content\/uploads\/2025\/12\/bledotyrkysovy-driekovnik-spredu-19.webp","type":"image\/webp"}],"twitter_card":"summary_large_image","twitter_misc":{"Estimeret l\u00e6setid":"2 minutter"},"schema":{"@context":"https:\/\/schema.org","@graph":[{"@type":"WebPage","@id":"https:\/\/www.tattja.com\/product\/damske-oblecenie-driekovnik-natasja-bledotyrkysovy\/","url":"https:\/\/www.tattja.com\/product\/damske-oblecenie-driekovnik-natasja-bledotyrkysovy\/","name":"D\u00e1mske oble\u010denie driekovn\u00edk NATASJA bledotyrkysov\u00fd - TATTJA","isPartOf":{"@id":"https:\/\/www.tattja.com\/#website"},"primaryImageOfPage":{"@id":"https:\/\/www.tattja.com\/product\/damske-oblecenie-driekovnik-natasja-bledotyrkysovy\/#primaryimage"},"image":{"@id":"https:\/\/www.tattja.com\/product\/damske-oblecenie-driekovnik-natasja-bledotyrkysovy\/#primaryimage"},"thumbnailUrl":"https:\/\/www.tattja.com\/wp-content\/uploads\/2025\/12\/bledotyrkysovy-driekovnik-spredu-19.webp","datePublished":"2025-08-14T15:14:01+00:00","dateModified":"2026-04-05T17:44:56+00:00","description":"D\u00e1mske oble\u010denie driekovn\u00edk NATASJA bledotyrkysov\u00fd \u2013 jemn\u00fd pleten\u00fd doplnok, ktor\u00fd zohreje, zv\u00fdrazn\u00ed p\u00e1s a dod\u00e1 outfitu svie\u017ei, \u017eensk\u00fd akcent.","breadcrumb":{"@id":"https:\/\/www.tattja.com\/product\/damske-oblecenie-driekovnik-natasja-bledotyrkysovy\/#breadcrumb"},"inLanguage":"da-DK","potentialAction":[{"@type":"ReadAction","target":["https:\/\/www.tattja.com\/product\/damske-oblecenie-driekovnik-natasja-bledotyrkysovy\/"]}]},{"@type":"ImageObject","inLanguage":"da-DK","@id":"https:\/\/www.tattja.com\/product\/damske-oblecenie-driekovnik-natasja-bledotyrkysovy\/#primaryimage","url":"https:\/\/www.tattja.com\/wp-content\/uploads\/2025\/12\/bledotyrkysovy-driekovnik-spredu-19.webp","contentUrl":"https:\/\/www.tattja.com\/wp-content\/uploads\/2025\/12\/bledotyrkysovy-driekovnik-spredu-19.webp","width":1365,"height":2048,"caption":"Bledotyrkysov\u00fd pleten\u00fd top TATTJA \u2013 elegantn\u00fd minimalistick\u00fd styling"},{"@type":"BreadcrumbList","@id":"https:\/\/www.tattja.com\/product\/damske-oblecenie-driekovnik-natasja-bledotyrkysovy\/#breadcrumb","itemListElement":[{"@type":"ListItem","position":1,"name":"Domov","item":"https:\/\/www.tattja.com\/"},{"@type":"ListItem","position":2,"name":"Produkty","item":"https:\/\/www.tattja.com\/damske-oblecenie-produkty\/"},{"@type":"ListItem","position":3,"name":"D\u00e1mske oble\u010denie driekovn\u00edk NATASJA bledotyrkysov\u00fd"}]},{"@type":"WebSite","@id":"https:\/\/www.tattja.com\/#website","url":"https:\/\/www.tattja.com\/","name":"TATTJA","description":"D\u00e1mske oble\u010denie z extra jemnej merino vlny \u2014 ru\u010dne pleten\u00e9 na Slovensku","potentialAction":[{"@type":"SearchAction","target":{"@type":"EntryPoint","urlTemplate":"https:\/\/www.tattja.com\/?s={search_term_string}"},"query-input":{"@type":"PropertyValueSpecification","valueRequired":true,"valueName":"search_term_string"}}],"inLanguage":"da-DK"}]}},"_links":{"self":[{"href":"https:\/\/www.tattja.com\/da\/wp-json\/wp\/v2\/product\/1956","targetHints":{"allow":["GET"]}}],"collection":[{"href":"https:\/\/www.tattja.com\/da\/wp-json\/wp\/v2\/product"}],"about":[{"href":"https:\/\/www.tattja.com\/da\/wp-json\/wp\/v2\/types\/product"}],"replies":[{"embeddable":true,"href":"https:\/\/www.tattja.com\/da\/wp-json\/wp\/v2\/comments?post=1956"}],"version-history":[{"count":5,"href":"https:\/\/www.tattja.com\/da\/wp-json\/wp\/v2\/product\/1956\/revisions"}],"predecessor-version":[{"id":5855,"href":"https:\/\/www.tattja.com\/da\/wp-json\/wp\/v2\/product\/1956\/revisions\/5855"}],"wp:featuredmedia":[{"embeddable":true,"href":"https:\/\/www.tattja.com\/da\/wp-json\/wp\/v2\/media\/7321"}],"wp:attachment":[{"href":"https:\/\/www.tattja.com\/da\/wp-json\/wp\/v2\/media?parent=1956"}],"wp:term":[{"taxonomy":"product_brand","embeddable":true,"href":"https:\/\/www.tattja.com\/da\/wp-json\/wp\/v2\/product_brand?post=1956"},{"taxonomy":"product_cat","embeddable":true,"href":"https:\/\/www.tattja.com\/da\/wp-json\/wp\/v2\/product_cat?post=1956"},{"taxonomy":"product_tag","embeddable":true,"href":"https:\/\/www.tattja.com\/da\/wp-json\/wp\/v2\/product_tag?post=1956"}],"curies":[{"name":"wp","href":"https:\/\/api.w.org\/{rel}","templated":true}]}}