{"id":1982,"date":"2025-08-14T17:30:59","date_gmt":"2025-08-14T15:30:59","guid":{"rendered":"https:\/\/www.tattja.com\/?post_type=product&#038;p=1982"},"modified":"2026-04-05T19:44:53","modified_gmt":"2026-04-05T17:44:53","slug":"damske-oblecenie-ciapka-anja-tmavotyrkysova","status":"publish","type":"product","link":"https:\/\/www.tattja.com\/da\/product\/damske-oblecenie-ciapka-anja-tmavotyrkysova\/","title":{"rendered":"Damet\u00f8jskasket ANJA m\u00f8rk turkis"},"content":{"rendered":"<p data-start=\"869\" data-end=\"1122\"><strong data-start=\"869\" data-end=\"916\">Damet\u00f8jskasket ANJA m\u00f8rk turkis<\/strong> er indbegrebet af elegance, komfort og moderne design. Dette tilbeh\u00f8r fra kollektionen <strong data-start=\"1006\" data-end=\"1016\">TATTJA<\/strong> bliver et uundv\u00e6rligt element i ethvert outfit, hvor femininitet, stil og underspillet raffinement skiller sig ud.<\/p>\n<p data-start=\"1124\" data-end=\"1415\">Den m\u00f8rke turkisfarve symboliserer havets ro, elegancens dybde og et sensuelt strejf af raffinement. Den skiller sig ud ved sin alsidighed - den passer til b\u00e5de lyse og m\u00f8rke nuancer og tilf\u00f8jer en frisk, men afbalanceret kontrast til ethvert look. Denne nuance ser selvsikker, moderne og ekstremt feminin ud.<\/p>\n<p data-start=\"1417\" data-end=\"1726\">Det fintstrikkede stof af h\u00f8jkvalitetsfibre smyger sig om hovedet med en lethed, der giver en f\u00f8lelse af varmende komfort. Den bl\u00f8de tekstur garanterer enest\u00e5ende bl\u00f8dhed og elasticitet, s\u00e5 huen sidder perfekt og bevarer sin form, selv efter hyppig brug. Det er en kombination af funktionalitet, \u00e6stetik og luksus, som f\u00f8les godt at r\u00f8re ved.<\/p>\n<p data-start=\"1728\" data-end=\"2054\">Den pr\u00e6cist formede silhuet giver modellen <strong data-start=\"1766\" data-end=\"1774\">ANJA<\/strong> moderne urban karakter. Ud over den \u00e6stetiske effekt beskytter den mod sol eller vind, hvilket g\u00f8r kasketten ikke kun elegant, men ogs\u00e5 til et funktionelt tilbeh\u00f8r til kolde dage. Hver detalje er baseret p\u00e5 m\u00e6rkets h\u00e5ndv\u00e6rksm\u00e6ssige pr\u00e6cision og filosofi. <strong data-start=\"1998\" data-end=\"2008\">TATTJA<\/strong>, der kombinerer sk\u00f8nhed, enkelhed og komfort.<\/p>\n<p data-start=\"2056\" data-end=\"2257\"><strong data-start=\"2056\" data-end=\"2086\">Damet\u00f8jskasket ANJA m\u00f8rk turkis<\/strong> kombineres smukt med shrug, neckwarmer og armlets fra samme kollektion. Sammen skaber de et harmonisk, sofistikeret s\u00e6t, som vil supplere din stil hele s\u00e6sonen.<\/p>\n<p data-start=\"2259\" data-end=\"2364\">Oplev sk\u00f8nheden i delikatesse, sofistikerede detaljer og feminin stil, der vil holde dig varm og... <a href=\"https:\/\/www.tattja.com\/da\/product-category\/damske-oblecenie\/doplnky-jednotlivo\/ciapky\/\">i andre farver.<\/a><\/p>\n<p data-start=\"2366\" data-end=\"2498\"><strong data-start=\"2366\" data-end=\"2420\">Se her, <a href=\"https:\/\/shop.bogensberger.co.at\/produkt-schlagwort\/merino-extrafein\/\">fra hvilke materialer<\/a> vi producerer vores v\u00e6rker<\/strong> og fork\u00e6l dig selv med kvalitet, der kombinerer h\u00e5ndv\u00e6rksm\u00e6ssig pr\u00e6cision med moderne luksus.<\/p>","protected":false},"excerpt":{"rendered":"<p><strong data-start=\"670\" data-end=\"717\">Damet\u00f8jskasket ANJA m\u00f8rk turkis<\/strong> - En fin strik, en silhuet med et urbant touch og en havfarve, der giver ro, elegance og feminin selvtillid.<\/p>","protected":false},"featured_media":7777,"comment_status":"open","ping_status":"closed","template":"","meta":[],"product_brand":[],"product_cat":[224,282,300,298,217],"product_tag":[],"class_list":{"0":"post-1982","1":"product","2":"type-product","3":"status-publish","4":"has-post-thumbnail","6":"product_cat-ciapka-tmavotyrkysova","7":"product_cat-ciapky","8":"product_cat-damske-oblecenie","9":"product_cat-doplnky-jednotlivo","10":"product_cat-pleteninove-doplnky-tmavotyrkysove","12":"first","13":"instock","14":"taxable","15":"shipping-taxable","16":"purchasable","17":"product-type-simple"},"yoast_head":"<!-- This site is optimized with the Yoast SEO plugin v26.0 - https:\/\/yoast.com\/wordpress\/plugins\/seo\/ -->\n<title>D\u00e1mske oble\u010denie \u010diapka ANJA tmavotyrkysov\u00e1 - TATTJA<\/title>\n<meta name=\"description\" content=\"D\u00e1mske oble\u010denie \u010diapka ANJA tmavotyrkysov\u00e1 \u2013 elegantn\u00fd doplnok s noblesou oce\u00e1nskej farby, jemn\u00e1 pletenina a modern\u00fd \u0161ilt pre \u017eensk\u00fd \u0161t\u00fdl.\" \/>\n<meta name=\"robots\" content=\"index, follow, max-snippet:-1, max-image-preview:large, max-video-preview:-1\" \/>\n<link rel=\"canonical\" href=\"https:\/\/www.tattja.com\/da\/product\/damske-oblecenie-ciapka-anja-tmavotyrkysova\/\" \/>\n<meta property=\"og:locale\" content=\"da_DK\" \/>\n<meta property=\"og:type\" content=\"article\" \/>\n<meta property=\"og:title\" content=\"D\u00e1mske oble\u010denie \u010diapka ANJA tmavotyrkysov\u00e1 - TATTJA\" \/>\n<meta property=\"og:description\" content=\"D\u00e1mske oble\u010denie \u010diapka ANJA tmavotyrkysov\u00e1 \u2013 elegantn\u00fd doplnok s noblesou oce\u00e1nskej farby, jemn\u00e1 pletenina a modern\u00fd \u0161ilt pre \u017eensk\u00fd \u0161t\u00fdl.\" \/>\n<meta property=\"og:url\" content=\"https:\/\/www.tattja.com\/da\/product\/damske-oblecenie-ciapka-anja-tmavotyrkysova\/\" \/>\n<meta property=\"og:site_name\" content=\"TATTJA\" \/>\n<meta property=\"article:modified_time\" content=\"2026-04-05T17:44:53+00:00\" \/>\n<meta property=\"og:image\" content=\"https:\/\/www.tattja.com\/wp-content\/uploads\/2026\/01\/tmavotyrkysovy-ciapka-spredu-28.webp\" \/>\n\t<meta property=\"og:image:width\" content=\"1365\" \/>\n\t<meta property=\"og:image:height\" content=\"2048\" \/>\n\t<meta property=\"og:image:type\" content=\"image\/webp\" \/>\n<meta name=\"twitter:card\" content=\"summary_large_image\" \/>\n<meta name=\"twitter:label1\" content=\"Estimeret l\u00e6setid\" \/>\n\t<meta name=\"twitter:data1\" content=\"2 minutter\" \/>\n<script type=\"application\/ld+json\" class=\"yoast-schema-graph\">{\"@context\":\"https:\/\/schema.org\",\"@graph\":[{\"@type\":\"WebPage\",\"@id\":\"https:\/\/www.tattja.com\/product\/damske-oblecenie-ciapka-anja-tmavotyrkysova\/\",\"url\":\"https:\/\/www.tattja.com\/product\/damske-oblecenie-ciapka-anja-tmavotyrkysova\/\",\"name\":\"D\u00e1mske oble\u010denie \u010diapka ANJA tmavotyrkysov\u00e1 - TATTJA\",\"isPartOf\":{\"@id\":\"https:\/\/www.tattja.com\/#website\"},\"primaryImageOfPage\":{\"@id\":\"https:\/\/www.tattja.com\/product\/damske-oblecenie-ciapka-anja-tmavotyrkysova\/#primaryimage\"},\"image\":{\"@id\":\"https:\/\/www.tattja.com\/product\/damske-oblecenie-ciapka-anja-tmavotyrkysova\/#primaryimage\"},\"thumbnailUrl\":\"https:\/\/www.tattja.com\/wp-content\/uploads\/2026\/01\/tmavotyrkysovy-ciapka-spredu-28.webp\",\"datePublished\":\"2025-08-14T15:30:59+00:00\",\"dateModified\":\"2026-04-05T17:44:53+00:00\",\"description\":\"D\u00e1mske oble\u010denie \u010diapka ANJA tmavotyrkysov\u00e1 \u2013 elegantn\u00fd doplnok s noblesou oce\u00e1nskej farby, jemn\u00e1 pletenina a modern\u00fd \u0161ilt pre \u017eensk\u00fd \u0161t\u00fdl.\",\"breadcrumb\":{\"@id\":\"https:\/\/www.tattja.com\/product\/damske-oblecenie-ciapka-anja-tmavotyrkysova\/#breadcrumb\"},\"inLanguage\":\"da-DK\",\"potentialAction\":[{\"@type\":\"ReadAction\",\"target\":[\"https:\/\/www.tattja.com\/product\/damske-oblecenie-ciapka-anja-tmavotyrkysova\/\"]}]},{\"@type\":\"ImageObject\",\"inLanguage\":\"da-DK\",\"@id\":\"https:\/\/www.tattja.com\/product\/damske-oblecenie-ciapka-anja-tmavotyrkysova\/#primaryimage\",\"url\":\"https:\/\/www.tattja.com\/wp-content\/uploads\/2026\/01\/tmavotyrkysovy-ciapka-spredu-28.webp\",\"contentUrl\":\"https:\/\/www.tattja.com\/wp-content\/uploads\/2026\/01\/tmavotyrkysovy-ciapka-spredu-28.webp\",\"width\":1365,\"height\":2048,\"caption\":\"\u010ciapka ANJA \u2013 tmavotyrkysov\u00e1 pleten\u00e1 \u010diapka TATTJA | predn\u00fd poh\u013ead\"},{\"@type\":\"BreadcrumbList\",\"@id\":\"https:\/\/www.tattja.com\/product\/damske-oblecenie-ciapka-anja-tmavotyrkysova\/#breadcrumb\",\"itemListElement\":[{\"@type\":\"ListItem\",\"position\":1,\"name\":\"Domov\",\"item\":\"https:\/\/www.tattja.com\/\"},{\"@type\":\"ListItem\",\"position\":2,\"name\":\"Produkty\",\"item\":\"https:\/\/www.tattja.com\/damske-oblecenie-produkty\/\"},{\"@type\":\"ListItem\",\"position\":3,\"name\":\"D\u00e1mske oble\u010denie \u010diapka ANJA tmavotyrkysov\u00e1\"}]},{\"@type\":\"WebSite\",\"@id\":\"https:\/\/www.tattja.com\/#website\",\"url\":\"https:\/\/www.tattja.com\/\",\"name\":\"TATTJA\",\"description\":\"D\u00e1mske oble\u010denie z extra jemnej merino vlny \u2014 ru\u010dne pleten\u00e9 na Slovensku\",\"potentialAction\":[{\"@type\":\"SearchAction\",\"target\":{\"@type\":\"EntryPoint\",\"urlTemplate\":\"https:\/\/www.tattja.com\/?s={search_term_string}\"},\"query-input\":{\"@type\":\"PropertyValueSpecification\",\"valueRequired\":true,\"valueName\":\"search_term_string\"}}],\"inLanguage\":\"da-DK\"}]}<\/script>\n<!-- \/ Yoast SEO plugin. -->","yoast_head_json":{"title":"D\u00e1mske oble\u010denie \u010diapka ANJA tmavotyrkysov\u00e1 - TATTJA","description":"D\u00e1mske oble\u010denie \u010diapka ANJA tmavotyrkysov\u00e1 \u2013 elegantn\u00fd doplnok s noblesou oce\u00e1nskej farby, jemn\u00e1 pletenina a modern\u00fd \u0161ilt pre \u017eensk\u00fd \u0161t\u00fdl.","robots":{"index":"index","follow":"follow","max-snippet":"max-snippet:-1","max-image-preview":"max-image-preview:large","max-video-preview":"max-video-preview:-1"},"canonical":"https:\/\/www.tattja.com\/da\/product\/damske-oblecenie-ciapka-anja-tmavotyrkysova\/","og_locale":"da_DK","og_type":"article","og_title":"D\u00e1mske oble\u010denie \u010diapka ANJA tmavotyrkysov\u00e1 - TATTJA","og_description":"D\u00e1mske oble\u010denie \u010diapka ANJA tmavotyrkysov\u00e1 \u2013 elegantn\u00fd doplnok s noblesou oce\u00e1nskej farby, jemn\u00e1 pletenina a modern\u00fd \u0161ilt pre \u017eensk\u00fd \u0161t\u00fdl.","og_url":"https:\/\/www.tattja.com\/da\/product\/damske-oblecenie-ciapka-anja-tmavotyrkysova\/","og_site_name":"TATTJA","article_modified_time":"2026-04-05T17:44:53+00:00","og_image":[{"width":1365,"height":2048,"url":"https:\/\/www.tattja.com\/wp-content\/uploads\/2026\/01\/tmavotyrkysovy-ciapka-spredu-28.webp","type":"image\/webp"}],"twitter_card":"summary_large_image","twitter_misc":{"Estimeret l\u00e6setid":"2 minutter"},"schema":{"@context":"https:\/\/schema.org","@graph":[{"@type":"WebPage","@id":"https:\/\/www.tattja.com\/product\/damske-oblecenie-ciapka-anja-tmavotyrkysova\/","url":"https:\/\/www.tattja.com\/product\/damske-oblecenie-ciapka-anja-tmavotyrkysova\/","name":"D\u00e1mske oble\u010denie \u010diapka ANJA tmavotyrkysov\u00e1 - TATTJA","isPartOf":{"@id":"https:\/\/www.tattja.com\/#website"},"primaryImageOfPage":{"@id":"https:\/\/www.tattja.com\/product\/damske-oblecenie-ciapka-anja-tmavotyrkysova\/#primaryimage"},"image":{"@id":"https:\/\/www.tattja.com\/product\/damske-oblecenie-ciapka-anja-tmavotyrkysova\/#primaryimage"},"thumbnailUrl":"https:\/\/www.tattja.com\/wp-content\/uploads\/2026\/01\/tmavotyrkysovy-ciapka-spredu-28.webp","datePublished":"2025-08-14T15:30:59+00:00","dateModified":"2026-04-05T17:44:53+00:00","description":"D\u00e1mske oble\u010denie \u010diapka ANJA tmavotyrkysov\u00e1 \u2013 elegantn\u00fd doplnok s noblesou oce\u00e1nskej farby, jemn\u00e1 pletenina a modern\u00fd \u0161ilt pre \u017eensk\u00fd \u0161t\u00fdl.","breadcrumb":{"@id":"https:\/\/www.tattja.com\/product\/damske-oblecenie-ciapka-anja-tmavotyrkysova\/#breadcrumb"},"inLanguage":"da-DK","potentialAction":[{"@type":"ReadAction","target":["https:\/\/www.tattja.com\/product\/damske-oblecenie-ciapka-anja-tmavotyrkysova\/"]}]},{"@type":"ImageObject","inLanguage":"da-DK","@id":"https:\/\/www.tattja.com\/product\/damske-oblecenie-ciapka-anja-tmavotyrkysova\/#primaryimage","url":"https:\/\/www.tattja.com\/wp-content\/uploads\/2026\/01\/tmavotyrkysovy-ciapka-spredu-28.webp","contentUrl":"https:\/\/www.tattja.com\/wp-content\/uploads\/2026\/01\/tmavotyrkysovy-ciapka-spredu-28.webp","width":1365,"height":2048,"caption":"\u010ciapka ANJA \u2013 tmavotyrkysov\u00e1 pleten\u00e1 \u010diapka TATTJA | predn\u00fd poh\u013ead"},{"@type":"BreadcrumbList","@id":"https:\/\/www.tattja.com\/product\/damske-oblecenie-ciapka-anja-tmavotyrkysova\/#breadcrumb","itemListElement":[{"@type":"ListItem","position":1,"name":"Domov","item":"https:\/\/www.tattja.com\/"},{"@type":"ListItem","position":2,"name":"Produkty","item":"https:\/\/www.tattja.com\/damske-oblecenie-produkty\/"},{"@type":"ListItem","position":3,"name":"D\u00e1mske oble\u010denie \u010diapka ANJA tmavotyrkysov\u00e1"}]},{"@type":"WebSite","@id":"https:\/\/www.tattja.com\/#website","url":"https:\/\/www.tattja.com\/","name":"TATTJA","description":"D\u00e1mske oble\u010denie z extra jemnej merino vlny \u2014 ru\u010dne pleten\u00e9 na Slovensku","potentialAction":[{"@type":"SearchAction","target":{"@type":"EntryPoint","urlTemplate":"https:\/\/www.tattja.com\/?s={search_term_string}"},"query-input":{"@type":"PropertyValueSpecification","valueRequired":true,"valueName":"search_term_string"}}],"inLanguage":"da-DK"}]}},"_links":{"self":[{"href":"https:\/\/www.tattja.com\/da\/wp-json\/wp\/v2\/product\/1982","targetHints":{"allow":["GET"]}}],"collection":[{"href":"https:\/\/www.tattja.com\/da\/wp-json\/wp\/v2\/product"}],"about":[{"href":"https:\/\/www.tattja.com\/da\/wp-json\/wp\/v2\/types\/product"}],"replies":[{"embeddable":true,"href":"https:\/\/www.tattja.com\/da\/wp-json\/wp\/v2\/comments?post=1982"}],"version-history":[{"count":6,"href":"https:\/\/www.tattja.com\/da\/wp-json\/wp\/v2\/product\/1982\/revisions"}],"predecessor-version":[{"id":5924,"href":"https:\/\/www.tattja.com\/da\/wp-json\/wp\/v2\/product\/1982\/revisions\/5924"}],"wp:featuredmedia":[{"embeddable":true,"href":"https:\/\/www.tattja.com\/da\/wp-json\/wp\/v2\/media\/7777"}],"wp:attachment":[{"href":"https:\/\/www.tattja.com\/da\/wp-json\/wp\/v2\/media?parent=1982"}],"wp:term":[{"taxonomy":"product_brand","embeddable":true,"href":"https:\/\/www.tattja.com\/da\/wp-json\/wp\/v2\/product_brand?post=1982"},{"taxonomy":"product_cat","embeddable":true,"href":"https:\/\/www.tattja.com\/da\/wp-json\/wp\/v2\/product_cat?post=1982"},{"taxonomy":"product_tag","embeddable":true,"href":"https:\/\/www.tattja.com\/da\/wp-json\/wp\/v2\/product_tag?post=1982"}],"curies":[{"name":"wp","href":"https:\/\/api.w.org\/{rel}","templated":true}]}}