{"id":1984,"date":"2025-08-14T17:32:14","date_gmt":"2025-08-14T15:32:14","guid":{"rendered":"https:\/\/www.tattja.com\/?post_type=product&#038;p=1984"},"modified":"2026-04-05T19:44:53","modified_gmt":"2026-04-05T17:44:53","slug":"damske-oblecenie-rukavniky-katja-tmavotyrkysove","status":"publish","type":"product","link":"https:\/\/www.tattja.com\/da\/product\/damske-oblecenie-rukavniky-katja-tmavotyrkysove\/","title":{"rendered":"Armb\u00e5nd til kvinder KATJA m\u00f8rk turkis"},"content":{"rendered":"<p data-start=\"862\" data-end=\"1171\"><strong data-start=\"862\" data-end=\"913\">Armb\u00e5nd til kvinder KATJA m\u00f8rk turkis<\/strong> er den perfekte kombination af komfort, elegance og luksus. Denne model fra kollektionen <strong data-start=\"989\" data-end=\"999\">TATTJA<\/strong> er designet til kvinder, der s\u00e6tter pris p\u00e5 kvalitet, tidl\u00f8st design og sofistikerede detaljer. \u00c6rmerne giver varme, bl\u00f8dhed og et stilfuldt udtryk, som vil fremh\u00e6ve ethvert outfit.<\/p>\n<p data-start=\"1173\" data-end=\"1539\">Den m\u00f8rke turkise farve ser sofistikeret og elegant ud. Dens dybe nuance fremkalder havets dybde, ro og selvtillid. Denne tone skiller sig ud i kombination med neutrale farver som hvid, gr\u00e5 eller beige, men ogs\u00e5 med kontrasterende tilbeh\u00f8r, der fremh\u00e6ver dens moderne karakter. \u00c6rmer i denne farve bringer femininitet og harmoni til garderoben p\u00e5 en minimalistisk m\u00e5de.<\/p>\n<p data-start=\"1541\" data-end=\"1868\">Det ribstrikkede materiale af h\u00f8j kvalitet er fleksibelt, \u00e5ndbart og behageligt at r\u00f8re ved. Det passer let til h\u00e6nderne, men giver samtidig bev\u00e6gelsesfrihed. Hvert par er resultatet af et omhyggeligt arbejde, der kombinerer funktionalitet med \u00e6stetisk renhed. Det g\u00f8r armb\u00e5ndene ikke kun praktiske, men ogs\u00e5 til et visuelt tiltalende tilbeh\u00f8r.<\/p>\n<p data-start=\"1870\" data-end=\"2118\">Armb\u00e5nd til damet\u00f8j <strong data-start=\"1880\" data-end=\"1904\">KATJA m\u00f8rk turkis<\/strong> kan b\u00e6res alene eller som en del af et s\u00e6t med et halssmykke, en halsvarmer eller en kasket fra kollektionen <strong data-start=\"1999\" data-end=\"2009\">TATTJA<\/strong>. Deres alsidige design egner sig til lag p\u00e5 lag p\u00e5 k\u00f8ligere dage og supplerer b\u00e5de smarte og afslappede outfits.<\/p>\n<p data-start=\"2120\" data-end=\"2225\">Oplev sk\u00f8nheden i delikatesse, sofistikerede detaljer og feminin stil, der vil holde dig varm og... <a href=\"https:\/\/www.tattja.com\/da\/product-category\/damske-oblecenie\/doplnky-jednotlivo\/rukavniky-2\/\">i andre farver<\/a>.<\/p>\n<p data-start=\"2227\" data-end=\"2371\"><strong data-start=\"2227\" data-end=\"2281\">Se her, <a href=\"https:\/\/shop.bogensberger.co.at\/produkt-schlagwort\/merino-extrafein\/\">fra hvilke materialer<\/a> vi producerer vores v\u00e6rker<\/strong> og fork\u00e6l dig selv med den kombination af kvalitet, elegance og komfort, der definerer m\u00e6rket. <strong data-start=\"2358\" data-end=\"2368\">TATTJA<\/strong>.<\/p>","protected":false},"excerpt":{"rendered":"<p data-start=\"661\" data-end=\"820\"><strong data-start=\"661\" data-end=\"712\">Armb\u00e5nd til kvinder KATJA m\u00f8rk turkis<\/strong> kombinerer raffinement, elegance og funktionalitet. Deres luksuri\u00f8se nuancer giver dybde, femininitet og en f\u00f8lelse af komfort til outfittet.<\/p>","protected":false},"featured_media":7804,"comment_status":"open","ping_status":"closed","template":"","meta":[],"product_brand":[],"product_cat":[300,298,217,281,223],"product_tag":[],"class_list":{"0":"post-1984","1":"product","2":"type-product","3":"status-publish","4":"has-post-thumbnail","6":"product_cat-damske-oblecenie","7":"product_cat-doplnky-jednotlivo","8":"product_cat-pleteninove-doplnky-tmavotyrkysove","9":"product_cat-rukavniky-2","10":"product_cat-rukavniky-tmavotyrkysove","12":"first","13":"instock","14":"taxable","15":"shipping-taxable","16":"purchasable","17":"product-type-simple"},"yoast_head":"<!-- This site is optimized with the Yoast SEO plugin v26.0 - https:\/\/yoast.com\/wordpress\/plugins\/seo\/ -->\n<title>D\u00e1mske oble\u010denie ruk\u00e1vniky KATJA tmavotyrkysov\u00e9 - TATTJA<\/title>\n<meta name=\"description\" content=\"D\u00e1mske oble\u010denie ruk\u00e1vniky KATJA tmavotyrkysov\u00e9 \u2013 elegantn\u00fd doplnok, ktor\u00fd sp\u00e1ja pohodlie, hrejivos\u0165 a \u0161t\u00fdl v jedine\u010dnom odtieni luxusu.\" \/>\n<meta name=\"robots\" content=\"index, follow, max-snippet:-1, max-image-preview:large, max-video-preview:-1\" \/>\n<link rel=\"canonical\" href=\"https:\/\/www.tattja.com\/da\/product\/damske-oblecenie-rukavniky-katja-tmavotyrkysove\/\" \/>\n<meta property=\"og:locale\" content=\"da_DK\" \/>\n<meta property=\"og:type\" content=\"article\" \/>\n<meta property=\"og:title\" content=\"D\u00e1mske oble\u010denie ruk\u00e1vniky KATJA tmavotyrkysov\u00e9 - TATTJA\" \/>\n<meta property=\"og:description\" content=\"D\u00e1mske oble\u010denie ruk\u00e1vniky KATJA tmavotyrkysov\u00e9 \u2013 elegantn\u00fd doplnok, ktor\u00fd sp\u00e1ja pohodlie, hrejivos\u0165 a \u0161t\u00fdl v jedine\u010dnom odtieni luxusu.\" \/>\n<meta property=\"og:url\" content=\"https:\/\/www.tattja.com\/da\/product\/damske-oblecenie-rukavniky-katja-tmavotyrkysove\/\" \/>\n<meta property=\"og:site_name\" content=\"TATTJA\" \/>\n<meta property=\"article:modified_time\" content=\"2026-04-05T17:44:53+00:00\" \/>\n<meta property=\"og:image\" content=\"https:\/\/www.tattja.com\/wp-content\/uploads\/2026\/01\/tmavotyrkysovy-rukavniky-spredu-34.webp\" \/>\n\t<meta property=\"og:image:width\" content=\"1365\" \/>\n\t<meta property=\"og:image:height\" content=\"2048\" \/>\n\t<meta property=\"og:image:type\" content=\"image\/webp\" \/>\n<meta name=\"twitter:card\" content=\"summary_large_image\" \/>\n<meta name=\"twitter:label1\" content=\"Estimeret l\u00e6setid\" \/>\n\t<meta name=\"twitter:data1\" content=\"2 minutter\" \/>\n<script type=\"application\/ld+json\" class=\"yoast-schema-graph\">{\"@context\":\"https:\/\/schema.org\",\"@graph\":[{\"@type\":\"WebPage\",\"@id\":\"https:\/\/www.tattja.com\/product\/damske-oblecenie-rukavniky-katja-tmavotyrkysove\/\",\"url\":\"https:\/\/www.tattja.com\/product\/damske-oblecenie-rukavniky-katja-tmavotyrkysove\/\",\"name\":\"D\u00e1mske oble\u010denie ruk\u00e1vniky KATJA tmavotyrkysov\u00e9 - TATTJA\",\"isPartOf\":{\"@id\":\"https:\/\/www.tattja.com\/#website\"},\"primaryImageOfPage\":{\"@id\":\"https:\/\/www.tattja.com\/product\/damske-oblecenie-rukavniky-katja-tmavotyrkysove\/#primaryimage\"},\"image\":{\"@id\":\"https:\/\/www.tattja.com\/product\/damske-oblecenie-rukavniky-katja-tmavotyrkysove\/#primaryimage\"},\"thumbnailUrl\":\"https:\/\/www.tattja.com\/wp-content\/uploads\/2026\/01\/tmavotyrkysovy-rukavniky-spredu-34.webp\",\"datePublished\":\"2025-08-14T15:32:14+00:00\",\"dateModified\":\"2026-04-05T17:44:53+00:00\",\"description\":\"D\u00e1mske oble\u010denie ruk\u00e1vniky KATJA tmavotyrkysov\u00e9 \u2013 elegantn\u00fd doplnok, ktor\u00fd sp\u00e1ja pohodlie, hrejivos\u0165 a \u0161t\u00fdl v jedine\u010dnom odtieni luxusu.\",\"breadcrumb\":{\"@id\":\"https:\/\/www.tattja.com\/product\/damske-oblecenie-rukavniky-katja-tmavotyrkysove\/#breadcrumb\"},\"inLanguage\":\"da-DK\",\"potentialAction\":[{\"@type\":\"ReadAction\",\"target\":[\"https:\/\/www.tattja.com\/product\/damske-oblecenie-rukavniky-katja-tmavotyrkysove\/\"]}]},{\"@type\":\"ImageObject\",\"inLanguage\":\"da-DK\",\"@id\":\"https:\/\/www.tattja.com\/product\/damske-oblecenie-rukavniky-katja-tmavotyrkysove\/#primaryimage\",\"url\":\"https:\/\/www.tattja.com\/wp-content\/uploads\/2026\/01\/tmavotyrkysovy-rukavniky-spredu-34.webp\",\"contentUrl\":\"https:\/\/www.tattja.com\/wp-content\/uploads\/2026\/01\/tmavotyrkysovy-rukavniky-spredu-34.webp\",\"width\":1365,\"height\":2048,\"caption\":\"Ruk\u00e1vniky KATJA \u2013 tmavotyrkysov\u00e9 pleten\u00e9 ruk\u00e1vniky TATTJA | predn\u00fd poh\u013ead\"},{\"@type\":\"BreadcrumbList\",\"@id\":\"https:\/\/www.tattja.com\/product\/damske-oblecenie-rukavniky-katja-tmavotyrkysove\/#breadcrumb\",\"itemListElement\":[{\"@type\":\"ListItem\",\"position\":1,\"name\":\"Domov\",\"item\":\"https:\/\/www.tattja.com\/\"},{\"@type\":\"ListItem\",\"position\":2,\"name\":\"Produkty\",\"item\":\"https:\/\/www.tattja.com\/damske-oblecenie-produkty\/\"},{\"@type\":\"ListItem\",\"position\":3,\"name\":\"D\u00e1mske oble\u010denie ruk\u00e1vniky KATJA tmavotyrkysov\u00e9\"}]},{\"@type\":\"WebSite\",\"@id\":\"https:\/\/www.tattja.com\/#website\",\"url\":\"https:\/\/www.tattja.com\/\",\"name\":\"TATTJA\",\"description\":\"D\u00e1mske oble\u010denie z extra jemnej merino vlny \u2014 ru\u010dne pleten\u00e9 na Slovensku\",\"potentialAction\":[{\"@type\":\"SearchAction\",\"target\":{\"@type\":\"EntryPoint\",\"urlTemplate\":\"https:\/\/www.tattja.com\/?s={search_term_string}\"},\"query-input\":{\"@type\":\"PropertyValueSpecification\",\"valueRequired\":true,\"valueName\":\"search_term_string\"}}],\"inLanguage\":\"da-DK\"}]}<\/script>\n<!-- \/ Yoast SEO plugin. -->","yoast_head_json":{"title":"D\u00e1mske oble\u010denie ruk\u00e1vniky KATJA tmavotyrkysov\u00e9 - TATTJA","description":"D\u00e1mske oble\u010denie ruk\u00e1vniky KATJA tmavotyrkysov\u00e9 \u2013 elegantn\u00fd doplnok, ktor\u00fd sp\u00e1ja pohodlie, hrejivos\u0165 a \u0161t\u00fdl v jedine\u010dnom odtieni luxusu.","robots":{"index":"index","follow":"follow","max-snippet":"max-snippet:-1","max-image-preview":"max-image-preview:large","max-video-preview":"max-video-preview:-1"},"canonical":"https:\/\/www.tattja.com\/da\/product\/damske-oblecenie-rukavniky-katja-tmavotyrkysove\/","og_locale":"da_DK","og_type":"article","og_title":"D\u00e1mske oble\u010denie ruk\u00e1vniky KATJA tmavotyrkysov\u00e9 - TATTJA","og_description":"D\u00e1mske oble\u010denie ruk\u00e1vniky KATJA tmavotyrkysov\u00e9 \u2013 elegantn\u00fd doplnok, ktor\u00fd sp\u00e1ja pohodlie, hrejivos\u0165 a \u0161t\u00fdl v jedine\u010dnom odtieni luxusu.","og_url":"https:\/\/www.tattja.com\/da\/product\/damske-oblecenie-rukavniky-katja-tmavotyrkysove\/","og_site_name":"TATTJA","article_modified_time":"2026-04-05T17:44:53+00:00","og_image":[{"width":1365,"height":2048,"url":"https:\/\/www.tattja.com\/wp-content\/uploads\/2026\/01\/tmavotyrkysovy-rukavniky-spredu-34.webp","type":"image\/webp"}],"twitter_card":"summary_large_image","twitter_misc":{"Estimeret l\u00e6setid":"2 minutter"},"schema":{"@context":"https:\/\/schema.org","@graph":[{"@type":"WebPage","@id":"https:\/\/www.tattja.com\/product\/damske-oblecenie-rukavniky-katja-tmavotyrkysove\/","url":"https:\/\/www.tattja.com\/product\/damske-oblecenie-rukavniky-katja-tmavotyrkysove\/","name":"D\u00e1mske oble\u010denie ruk\u00e1vniky KATJA tmavotyrkysov\u00e9 - TATTJA","isPartOf":{"@id":"https:\/\/www.tattja.com\/#website"},"primaryImageOfPage":{"@id":"https:\/\/www.tattja.com\/product\/damske-oblecenie-rukavniky-katja-tmavotyrkysove\/#primaryimage"},"image":{"@id":"https:\/\/www.tattja.com\/product\/damske-oblecenie-rukavniky-katja-tmavotyrkysove\/#primaryimage"},"thumbnailUrl":"https:\/\/www.tattja.com\/wp-content\/uploads\/2026\/01\/tmavotyrkysovy-rukavniky-spredu-34.webp","datePublished":"2025-08-14T15:32:14+00:00","dateModified":"2026-04-05T17:44:53+00:00","description":"D\u00e1mske oble\u010denie ruk\u00e1vniky KATJA tmavotyrkysov\u00e9 \u2013 elegantn\u00fd doplnok, ktor\u00fd sp\u00e1ja pohodlie, hrejivos\u0165 a \u0161t\u00fdl v jedine\u010dnom odtieni luxusu.","breadcrumb":{"@id":"https:\/\/www.tattja.com\/product\/damske-oblecenie-rukavniky-katja-tmavotyrkysove\/#breadcrumb"},"inLanguage":"da-DK","potentialAction":[{"@type":"ReadAction","target":["https:\/\/www.tattja.com\/product\/damske-oblecenie-rukavniky-katja-tmavotyrkysove\/"]}]},{"@type":"ImageObject","inLanguage":"da-DK","@id":"https:\/\/www.tattja.com\/product\/damske-oblecenie-rukavniky-katja-tmavotyrkysove\/#primaryimage","url":"https:\/\/www.tattja.com\/wp-content\/uploads\/2026\/01\/tmavotyrkysovy-rukavniky-spredu-34.webp","contentUrl":"https:\/\/www.tattja.com\/wp-content\/uploads\/2026\/01\/tmavotyrkysovy-rukavniky-spredu-34.webp","width":1365,"height":2048,"caption":"Ruk\u00e1vniky KATJA \u2013 tmavotyrkysov\u00e9 pleten\u00e9 ruk\u00e1vniky TATTJA | predn\u00fd poh\u013ead"},{"@type":"BreadcrumbList","@id":"https:\/\/www.tattja.com\/product\/damske-oblecenie-rukavniky-katja-tmavotyrkysove\/#breadcrumb","itemListElement":[{"@type":"ListItem","position":1,"name":"Domov","item":"https:\/\/www.tattja.com\/"},{"@type":"ListItem","position":2,"name":"Produkty","item":"https:\/\/www.tattja.com\/damske-oblecenie-produkty\/"},{"@type":"ListItem","position":3,"name":"D\u00e1mske oble\u010denie ruk\u00e1vniky KATJA tmavotyrkysov\u00e9"}]},{"@type":"WebSite","@id":"https:\/\/www.tattja.com\/#website","url":"https:\/\/www.tattja.com\/","name":"TATTJA","description":"D\u00e1mske oble\u010denie z extra jemnej merino vlny \u2014 ru\u010dne pleten\u00e9 na Slovensku","potentialAction":[{"@type":"SearchAction","target":{"@type":"EntryPoint","urlTemplate":"https:\/\/www.tattja.com\/?s={search_term_string}"},"query-input":{"@type":"PropertyValueSpecification","valueRequired":true,"valueName":"search_term_string"}}],"inLanguage":"da-DK"}]}},"_links":{"self":[{"href":"https:\/\/www.tattja.com\/da\/wp-json\/wp\/v2\/product\/1984","targetHints":{"allow":["GET"]}}],"collection":[{"href":"https:\/\/www.tattja.com\/da\/wp-json\/wp\/v2\/product"}],"about":[{"href":"https:\/\/www.tattja.com\/da\/wp-json\/wp\/v2\/types\/product"}],"replies":[{"embeddable":true,"href":"https:\/\/www.tattja.com\/da\/wp-json\/wp\/v2\/comments?post=1984"}],"version-history":[{"count":6,"href":"https:\/\/www.tattja.com\/da\/wp-json\/wp\/v2\/product\/1984\/revisions"}],"predecessor-version":[{"id":5898,"href":"https:\/\/www.tattja.com\/da\/wp-json\/wp\/v2\/product\/1984\/revisions\/5898"}],"wp:featuredmedia":[{"embeddable":true,"href":"https:\/\/www.tattja.com\/da\/wp-json\/wp\/v2\/media\/7804"}],"wp:attachment":[{"href":"https:\/\/www.tattja.com\/da\/wp-json\/wp\/v2\/media?parent=1984"}],"wp:term":[{"taxonomy":"product_brand","embeddable":true,"href":"https:\/\/www.tattja.com\/da\/wp-json\/wp\/v2\/product_brand?post=1984"},{"taxonomy":"product_cat","embeddable":true,"href":"https:\/\/www.tattja.com\/da\/wp-json\/wp\/v2\/product_cat?post=1984"},{"taxonomy":"product_tag","embeddable":true,"href":"https:\/\/www.tattja.com\/da\/wp-json\/wp\/v2\/product_tag?post=1984"}],"curies":[{"name":"wp","href":"https:\/\/api.w.org\/{rel}","templated":true}]}}