{"id":1992,"date":"2025-08-14T17:38:45","date_gmt":"2025-08-14T15:38:45","guid":{"rendered":"https:\/\/www.tattja.com\/?post_type=product&#038;p=1992"},"modified":"2026-04-05T19:44:52","modified_gmt":"2026-04-05T17:44:52","slug":"damske-oblecenie-dvojset-rigmor-tmavotyrkysovy","status":"publish","type":"product","link":"https:\/\/www.tattja.com\/da\/product\/damske-oblecenie-dvojset-rigmor-tmavotyrkysovy\/","title":{"rendered":"D\u00e1mske oble\u010denie 2-set RIGMOR tmavotyrkysov\u00fd"},"content":{"rendered":"<p data-start=\"864\" data-end=\"1231\"><strong data-start=\"864\" data-end=\"914\">Damet\u00f8j dobbelt s\u00e6t RIGMOR m\u00f8rk turkis<\/strong> repr\u00e6senterer en elegant kombination af stil, funktionalitet og komfort. Dette dobbelts\u00e6t kombinerer en varmende halsvarmer og armvarmere i et harmonisk design, der ser bl\u00f8dt, feminint og tidl\u00f8st ud. Det bl\u00f8de ribstrikkede stof smyger sig behageligt om kroppen og holder dig varm p\u00e5 koldere dage, samtidig med at det giver et strejf af luksus til ethvert outfit.<\/p>\n<p data-start=\"1233\" data-end=\"1555\">Den m\u00f8rke turkise farve leder tankerne hen p\u00e5 havets dybde og naturens ro. Dens friske og moderne tone giver b\u00e5de elegance og energi til et outfit. Farven er ekstremt harmonisk og passer til enhver kvinde, der s\u00f8ger en balance mellem det underspillede og det originale. Kombineret med dobbelts\u00e6ttets minimalistiske snit ser det afbalanceret og raffineret ud.<\/p>\n<p data-start=\"1557\" data-end=\"1805\">Halsb\u00e5ndet smyger sig om hals og skuldre med et bl\u00f8dt touch, mens \u00e6rmerne forl\u00e6nger armlinjen og giver en elegant rytme til helheden. Det dobbelte s\u00e6t RIGMOR dark turquoise til kvinder er den ideelle ledsager til arbejde, byen og rejser - n\u00e5r som helst du \u00f8nsker stil og komfort.<\/p>\n<p data-start=\"1807\" data-end=\"2072\">Hver eneste detalje i dette s\u00e6t afspejler den omhyggelige forarbejdning, sans for \u00e6stetik og kvalitet, som er typisk for TATTJA-m\u00e6rket. S\u00e6ttet kan kombineres med et sjal eller en kasket fra samme kollektion for at skabe et perfekt koordineret s\u00e6t med tre eller fire dele, der giver maksimal komfort og elegance.<\/p>\n<p data-start=\"2074\" data-end=\"2300\">Oplev sk\u00f8nheden i delikatesse, sofistikerede detaljer og feminin stil, der vil holde dig varm og... <a href=\"https:\/\/www.tattja.com\/da\/product-category\/damske-oblecenie\/dvojsety\/nakrcnik-a-rukavniky\/\">i andre farver<\/a>.<br data-start=\"2177\" data-end=\"2180\" \/><strong data-start=\"2180\" data-end=\"2234\">Se her, <a href=\"https:\/\/shop.bogensberger.co.at\/produkt-schlagwort\/merino-extrafein\/\">fra hvilke materialer<\/a> vi producerer vores v\u00e6rker<\/strong>, og fork\u00e6l dig selv med et strejf af luksus, der vil f\u00f8lge dig hver dag.<\/p>","protected":false},"excerpt":{"rendered":"<p>Dobbelt s\u00e6t til kvinder RIGMOR dark turquoise kombinerer raffinement, komfort og feminin charme. Halsudsk\u00e6ring og \u00e6rmer i en elegant havfarve skaber en harmonisk helhed, der vil give liv til enhver garderobe og tilf\u00f8je et strejf af raffinement.<\/p>","protected":false},"featured_media":7795,"comment_status":"open","ping_status":"closed","template":"","meta":[],"product_brand":[],"product_cat":[289,300,220,292,217],"product_tag":[],"class_list":{"0":"post-1992","1":"product","2":"type-product","3":"status-publish","4":"has-post-thumbnail","6":"product_cat-dvojsety","7":"product_cat-damske-oblecenie","8":"product_cat-dvojsety-tmavotyrkysove","9":"product_cat-nakrcnik-a-rukavniky","10":"product_cat-pleteninove-doplnky-tmavotyrkysove","12":"first","13":"instock","14":"taxable","15":"shipping-taxable","16":"purchasable","17":"product-type-simple"},"yoast_head":"<!-- This site is optimized with the Yoast SEO plugin v26.0 - https:\/\/yoast.com\/wordpress\/plugins\/seo\/ -->\n<title>D\u00e1mske oble\u010denie 2-set RIGMOR tmavotyrkysov\u00fd - TATTJA<\/title>\n<meta name=\"description\" content=\"D\u00e1mske oble\u010denie dvojset RIGMOR tmavotyrkysov\u00fd \u2013 elegantn\u00e9 spojenie hrejivosti a komfortu. Luxusn\u00fd n\u00e1kr\u010dn\u00edk a ruk\u00e1vniky pre \u017eeny so zmyslom pre detail.\" \/>\n<meta name=\"robots\" content=\"index, follow, max-snippet:-1, max-image-preview:large, max-video-preview:-1\" \/>\n<link rel=\"canonical\" href=\"https:\/\/www.tattja.com\/da\/product\/damske-oblecenie-dvojset-rigmor-tmavotyrkysovy\/\" \/>\n<meta property=\"og:locale\" content=\"da_DK\" \/>\n<meta property=\"og:type\" content=\"article\" \/>\n<meta property=\"og:title\" content=\"D\u00e1mske oble\u010denie 2-set RIGMOR tmavotyrkysov\u00fd - TATTJA\" \/>\n<meta property=\"og:description\" content=\"D\u00e1mske oble\u010denie dvojset RIGMOR tmavotyrkysov\u00fd \u2013 elegantn\u00e9 spojenie hrejivosti a komfortu. Luxusn\u00fd n\u00e1kr\u010dn\u00edk a ruk\u00e1vniky pre \u017eeny so zmyslom pre detail.\" \/>\n<meta property=\"og:url\" content=\"https:\/\/www.tattja.com\/da\/product\/damske-oblecenie-dvojset-rigmor-tmavotyrkysovy\/\" \/>\n<meta property=\"og:site_name\" content=\"TATTJA\" \/>\n<meta property=\"article:modified_time\" content=\"2026-04-05T17:44:52+00:00\" \/>\n<meta property=\"og:image\" content=\"https:\/\/www.tattja.com\/wp-content\/uploads\/2026\/01\/tmavotyrkysovy-dvojset-nakrcnik-rukavniky-spredu-40.webp\" \/>\n\t<meta property=\"og:image:width\" content=\"1365\" \/>\n\t<meta property=\"og:image:height\" content=\"2048\" \/>\n\t<meta property=\"og:image:type\" content=\"image\/webp\" \/>\n<meta name=\"twitter:card\" content=\"summary_large_image\" \/>\n<meta name=\"twitter:label1\" content=\"Estimeret l\u00e6setid\" \/>\n\t<meta name=\"twitter:data1\" content=\"2 minutter\" \/>\n<script type=\"application\/ld+json\" class=\"yoast-schema-graph\">{\"@context\":\"https:\/\/schema.org\",\"@graph\":[{\"@type\":\"WebPage\",\"@id\":\"https:\/\/www.tattja.com\/product\/damske-oblecenie-dvojset-rigmor-tmavotyrkysovy\/\",\"url\":\"https:\/\/www.tattja.com\/product\/damske-oblecenie-dvojset-rigmor-tmavotyrkysovy\/\",\"name\":\"D\u00e1mske oble\u010denie 2-set RIGMOR tmavotyrkysov\u00fd - TATTJA\",\"isPartOf\":{\"@id\":\"https:\/\/www.tattja.com\/#website\"},\"primaryImageOfPage\":{\"@id\":\"https:\/\/www.tattja.com\/product\/damske-oblecenie-dvojset-rigmor-tmavotyrkysovy\/#primaryimage\"},\"image\":{\"@id\":\"https:\/\/www.tattja.com\/product\/damske-oblecenie-dvojset-rigmor-tmavotyrkysovy\/#primaryimage\"},\"thumbnailUrl\":\"https:\/\/www.tattja.com\/wp-content\/uploads\/2026\/01\/tmavotyrkysovy-dvojset-nakrcnik-rukavniky-spredu-40.webp\",\"datePublished\":\"2025-08-14T15:38:45+00:00\",\"dateModified\":\"2026-04-05T17:44:52+00:00\",\"description\":\"D\u00e1mske oble\u010denie dvojset RIGMOR tmavotyrkysov\u00fd \u2013 elegantn\u00e9 spojenie hrejivosti a komfortu. Luxusn\u00fd n\u00e1kr\u010dn\u00edk a ruk\u00e1vniky pre \u017eeny so zmyslom pre detail.\",\"breadcrumb\":{\"@id\":\"https:\/\/www.tattja.com\/product\/damske-oblecenie-dvojset-rigmor-tmavotyrkysovy\/#breadcrumb\"},\"inLanguage\":\"da-DK\",\"potentialAction\":[{\"@type\":\"ReadAction\",\"target\":[\"https:\/\/www.tattja.com\/product\/damske-oblecenie-dvojset-rigmor-tmavotyrkysovy\/\"]}]},{\"@type\":\"ImageObject\",\"inLanguage\":\"da-DK\",\"@id\":\"https:\/\/www.tattja.com\/product\/damske-oblecenie-dvojset-rigmor-tmavotyrkysovy\/#primaryimage\",\"url\":\"https:\/\/www.tattja.com\/wp-content\/uploads\/2026\/01\/tmavotyrkysovy-dvojset-nakrcnik-rukavniky-spredu-40.webp\",\"contentUrl\":\"https:\/\/www.tattja.com\/wp-content\/uploads\/2026\/01\/tmavotyrkysovy-dvojset-nakrcnik-rukavniky-spredu-40.webp\",\"width\":1365,\"height\":2048,\"caption\":\"Dvojset RIGMOR \u2013 tmavotyrkysov\u00fd n\u00e1kr\u010dn\u00edk a ruk\u00e1vniky TATTJA | predn\u00fd poh\u013ead\"},{\"@type\":\"BreadcrumbList\",\"@id\":\"https:\/\/www.tattja.com\/product\/damske-oblecenie-dvojset-rigmor-tmavotyrkysovy\/#breadcrumb\",\"itemListElement\":[{\"@type\":\"ListItem\",\"position\":1,\"name\":\"Domov\",\"item\":\"https:\/\/www.tattja.com\/\"},{\"@type\":\"ListItem\",\"position\":2,\"name\":\"Produkty\",\"item\":\"https:\/\/www.tattja.com\/damske-oblecenie-produkty\/\"},{\"@type\":\"ListItem\",\"position\":3,\"name\":\"D\u00e1mske oble\u010denie 2-set RIGMOR tmavotyrkysov\u00fd\"}]},{\"@type\":\"WebSite\",\"@id\":\"https:\/\/www.tattja.com\/#website\",\"url\":\"https:\/\/www.tattja.com\/\",\"name\":\"TATTJA\",\"description\":\"D\u00e1mske oble\u010denie z extra jemnej merino vlny \u2014 ru\u010dne pleten\u00e9 na Slovensku\",\"potentialAction\":[{\"@type\":\"SearchAction\",\"target\":{\"@type\":\"EntryPoint\",\"urlTemplate\":\"https:\/\/www.tattja.com\/?s={search_term_string}\"},\"query-input\":{\"@type\":\"PropertyValueSpecification\",\"valueRequired\":true,\"valueName\":\"search_term_string\"}}],\"inLanguage\":\"da-DK\"}]}<\/script>\n<!-- \/ Yoast SEO plugin. -->","yoast_head_json":{"title":"D\u00e1mske oble\u010denie 2-set RIGMOR tmavotyrkysov\u00fd - TATTJA","description":"D\u00e1mske oble\u010denie dvojset RIGMOR tmavotyrkysov\u00fd \u2013 elegantn\u00e9 spojenie hrejivosti a komfortu. Luxusn\u00fd n\u00e1kr\u010dn\u00edk a ruk\u00e1vniky pre \u017eeny so zmyslom pre detail.","robots":{"index":"index","follow":"follow","max-snippet":"max-snippet:-1","max-image-preview":"max-image-preview:large","max-video-preview":"max-video-preview:-1"},"canonical":"https:\/\/www.tattja.com\/da\/product\/damske-oblecenie-dvojset-rigmor-tmavotyrkysovy\/","og_locale":"da_DK","og_type":"article","og_title":"D\u00e1mske oble\u010denie 2-set RIGMOR tmavotyrkysov\u00fd - TATTJA","og_description":"D\u00e1mske oble\u010denie dvojset RIGMOR tmavotyrkysov\u00fd \u2013 elegantn\u00e9 spojenie hrejivosti a komfortu. Luxusn\u00fd n\u00e1kr\u010dn\u00edk a ruk\u00e1vniky pre \u017eeny so zmyslom pre detail.","og_url":"https:\/\/www.tattja.com\/da\/product\/damske-oblecenie-dvojset-rigmor-tmavotyrkysovy\/","og_site_name":"TATTJA","article_modified_time":"2026-04-05T17:44:52+00:00","og_image":[{"width":1365,"height":2048,"url":"https:\/\/www.tattja.com\/wp-content\/uploads\/2026\/01\/tmavotyrkysovy-dvojset-nakrcnik-rukavniky-spredu-40.webp","type":"image\/webp"}],"twitter_card":"summary_large_image","twitter_misc":{"Estimeret l\u00e6setid":"2 minutter"},"schema":{"@context":"https:\/\/schema.org","@graph":[{"@type":"WebPage","@id":"https:\/\/www.tattja.com\/product\/damske-oblecenie-dvojset-rigmor-tmavotyrkysovy\/","url":"https:\/\/www.tattja.com\/product\/damske-oblecenie-dvojset-rigmor-tmavotyrkysovy\/","name":"D\u00e1mske oble\u010denie 2-set RIGMOR tmavotyrkysov\u00fd - TATTJA","isPartOf":{"@id":"https:\/\/www.tattja.com\/#website"},"primaryImageOfPage":{"@id":"https:\/\/www.tattja.com\/product\/damske-oblecenie-dvojset-rigmor-tmavotyrkysovy\/#primaryimage"},"image":{"@id":"https:\/\/www.tattja.com\/product\/damske-oblecenie-dvojset-rigmor-tmavotyrkysovy\/#primaryimage"},"thumbnailUrl":"https:\/\/www.tattja.com\/wp-content\/uploads\/2026\/01\/tmavotyrkysovy-dvojset-nakrcnik-rukavniky-spredu-40.webp","datePublished":"2025-08-14T15:38:45+00:00","dateModified":"2026-04-05T17:44:52+00:00","description":"D\u00e1mske oble\u010denie dvojset RIGMOR tmavotyrkysov\u00fd \u2013 elegantn\u00e9 spojenie hrejivosti a komfortu. Luxusn\u00fd n\u00e1kr\u010dn\u00edk a ruk\u00e1vniky pre \u017eeny so zmyslom pre detail.","breadcrumb":{"@id":"https:\/\/www.tattja.com\/product\/damske-oblecenie-dvojset-rigmor-tmavotyrkysovy\/#breadcrumb"},"inLanguage":"da-DK","potentialAction":[{"@type":"ReadAction","target":["https:\/\/www.tattja.com\/product\/damske-oblecenie-dvojset-rigmor-tmavotyrkysovy\/"]}]},{"@type":"ImageObject","inLanguage":"da-DK","@id":"https:\/\/www.tattja.com\/product\/damske-oblecenie-dvojset-rigmor-tmavotyrkysovy\/#primaryimage","url":"https:\/\/www.tattja.com\/wp-content\/uploads\/2026\/01\/tmavotyrkysovy-dvojset-nakrcnik-rukavniky-spredu-40.webp","contentUrl":"https:\/\/www.tattja.com\/wp-content\/uploads\/2026\/01\/tmavotyrkysovy-dvojset-nakrcnik-rukavniky-spredu-40.webp","width":1365,"height":2048,"caption":"Dvojset RIGMOR \u2013 tmavotyrkysov\u00fd n\u00e1kr\u010dn\u00edk a ruk\u00e1vniky TATTJA | predn\u00fd poh\u013ead"},{"@type":"BreadcrumbList","@id":"https:\/\/www.tattja.com\/product\/damske-oblecenie-dvojset-rigmor-tmavotyrkysovy\/#breadcrumb","itemListElement":[{"@type":"ListItem","position":1,"name":"Domov","item":"https:\/\/www.tattja.com\/"},{"@type":"ListItem","position":2,"name":"Produkty","item":"https:\/\/www.tattja.com\/damske-oblecenie-produkty\/"},{"@type":"ListItem","position":3,"name":"D\u00e1mske oble\u010denie 2-set RIGMOR tmavotyrkysov\u00fd"}]},{"@type":"WebSite","@id":"https:\/\/www.tattja.com\/#website","url":"https:\/\/www.tattja.com\/","name":"TATTJA","description":"D\u00e1mske oble\u010denie z extra jemnej merino vlny \u2014 ru\u010dne pleten\u00e9 na Slovensku","potentialAction":[{"@type":"SearchAction","target":{"@type":"EntryPoint","urlTemplate":"https:\/\/www.tattja.com\/?s={search_term_string}"},"query-input":{"@type":"PropertyValueSpecification","valueRequired":true,"valueName":"search_term_string"}}],"inLanguage":"da-DK"}]}},"_links":{"self":[{"href":"https:\/\/www.tattja.com\/da\/wp-json\/wp\/v2\/product\/1992","targetHints":{"allow":["GET"]}}],"collection":[{"href":"https:\/\/www.tattja.com\/da\/wp-json\/wp\/v2\/product"}],"about":[{"href":"https:\/\/www.tattja.com\/da\/wp-json\/wp\/v2\/types\/product"}],"replies":[{"embeddable":true,"href":"https:\/\/www.tattja.com\/da\/wp-json\/wp\/v2\/comments?post=1992"}],"version-history":[{"count":6,"href":"https:\/\/www.tattja.com\/da\/wp-json\/wp\/v2\/product\/1992\/revisions"}],"predecessor-version":[{"id":7216,"href":"https:\/\/www.tattja.com\/da\/wp-json\/wp\/v2\/product\/1992\/revisions\/7216"}],"wp:featuredmedia":[{"embeddable":true,"href":"https:\/\/www.tattja.com\/da\/wp-json\/wp\/v2\/media\/7795"}],"wp:attachment":[{"href":"https:\/\/www.tattja.com\/da\/wp-json\/wp\/v2\/media?parent=1992"}],"wp:term":[{"taxonomy":"product_brand","embeddable":true,"href":"https:\/\/www.tattja.com\/da\/wp-json\/wp\/v2\/product_brand?post=1992"},{"taxonomy":"product_cat","embeddable":true,"href":"https:\/\/www.tattja.com\/da\/wp-json\/wp\/v2\/product_cat?post=1992"},{"taxonomy":"product_tag","embeddable":true,"href":"https:\/\/www.tattja.com\/da\/wp-json\/wp\/v2\/product_tag?post=1992"}],"curies":[{"name":"wp","href":"https:\/\/api.w.org\/{rel}","templated":true}]}}