{"id":2000,"date":"2025-08-14T17:43:01","date_gmt":"2025-08-14T15:43:01","guid":{"rendered":"https:\/\/www.tattja.com\/?post_type=product&#038;p=2000"},"modified":"2026-04-05T19:44:52","modified_gmt":"2026-04-05T17:44:52","slug":"dvojset-ingeborg-tmavotyrkysovy","status":"publish","type":"product","link":"https:\/\/www.tattja.com\/da\/product\/dvojset-ingeborg-tmavotyrkysovy\/","title":{"rendered":"D\u00e1mske oble\u010denie 2-set INGEBORG tmavotyrkysov\u00fd"},"content":{"rendered":"<p data-start=\"931\" data-end=\"1219\"><strong data-start=\"931\" data-end=\"983\">Dobbelt s\u00e6t til kvinder INGEBORG m\u00f8rk turkis<\/strong> kombinerer elegance, funktionalitet og feminin charme. Dette originale s\u00e6t fra kollektionen <strong data-start=\"1079\" data-end=\"1089\">TATTJA<\/strong> kombinerer en hue med skjold og en bl\u00f8d strikket halsvarmer, som tilsammen skaber en harmonisk helhed - b\u00e5de praktisk og us\u00e6dvanligt \u00e6stetisk.<\/p>\n<p data-start=\"1221\" data-end=\"1541\">Den m\u00f8rke turkise farve ser sofistikeret og tidl\u00f8s ud. Dens nuance minder om havets dybde, ro og stille raffinement og indfanger perfekt den feminine styrke i en minimalistisk form. Denne tone passer smukt sammen med b\u00e5de neutrale og kontrasterende farver, hvilket g\u00f8r den til et alsidigt tilbeh\u00f8r til hverdagsbrug og elegante lejligheder.<\/p>\n<p data-start=\"1543\" data-end=\"1884\">Halsvarmeren i fint ribstrik omslutter skuldrene med bl\u00f8d varme og giver en f\u00f8lelse af komfort p\u00e5 koldere dage. Huen med visir giver et moderne touch til helheden - den beskytter mod vinden og understreger samtidig b\u00e6rerens individuelle stil. Hver del af dette s\u00e6t er fremstillet med sans for detaljer, h\u00e5ndv\u00e6rk og komfort, som vil holde i \u00e5revis.<\/p>\n<p data-start=\"1886\" data-end=\"2091\">Dobbelt s\u00e6t damet\u00f8j <strong data-start=\"1894\" data-end=\"1921\">INGEBORG m\u00f8rk turkis<\/strong> er det ideelle valg for kvinder, der s\u00e6tter pris p\u00e5 kombinationen af \u00e6stetik og funktionalitet. Den udtrykker individuel stil, naturlig selvtillid og et subtilt strejf af luksus i hver eneste bev\u00e6gelse.<\/p>\n<p data-start=\"2093\" data-end=\"2198\">Oplev sk\u00f8nheden i delikatesse, sofistikerede detaljer og feminin stil, der vil holde dig varm og...<a href=\"https:\/\/www.tattja.com\/da\/product-category\/damske-oblecenie\/dvojsety\/nakrcnik-a-ciapka\/\"> i andre farver<\/a>.<\/p>\n<p data-start=\"2200\" data-end=\"2345\"><strong data-start=\"2200\" data-end=\"2254\">Se her, <a href=\"https:\/\/shop.bogensberger.co.at\/produkt-schlagwort\/merino-extrafein\/\">fra hvilke materialer<\/a> vi producerer vores v\u00e6rker<\/strong> og fork\u00e6l dig selv med et strejf af elegance, der kombinerer komfort, kvalitet og raffinement i et enkelt design.<\/p>","protected":false},"excerpt":{"rendered":"<p data-start=\"738\" data-end=\"889\"><strong data-start=\"738\" data-end=\"790\">Dobbelt s\u00e6t til kvinder INGEBORG m\u00f8rk turkis<\/strong> - Et varmende s\u00e6t i fint strikket stof, der kombinerer komfort, raffinement og tidl\u00f8st design fra TATTJA.<\/p>","protected":false},"featured_media":7789,"comment_status":"open","ping_status":"closed","template":"","meta":[],"product_brand":[],"product_cat":[289,300,220,291,217],"product_tag":[],"class_list":{"0":"post-2000","1":"product","2":"type-product","3":"status-publish","4":"has-post-thumbnail","6":"product_cat-dvojsety","7":"product_cat-damske-oblecenie","8":"product_cat-dvojsety-tmavotyrkysove","9":"product_cat-nakrcnik-a-ciapka","10":"product_cat-pleteninove-doplnky-tmavotyrkysove","12":"first","13":"instock","14":"taxable","15":"shipping-taxable","16":"purchasable","17":"product-type-simple"},"yoast_head":"<!-- This site is optimized with the Yoast SEO plugin v26.0 - https:\/\/yoast.com\/wordpress\/plugins\/seo\/ -->\n<title>D\u00e1mske oble\u010denie 2-set INGEBORG tmavotyrkysov\u00fd - TATTJA<\/title>\n<meta name=\"description\" content=\"D\u00e1mske oble\u010denie dvojset INGEBORG tmavotyrkysov\u00fd \u2013 elegantn\u00fd set \u010diapky a n\u00e1kr\u010dn\u00edka v odtieni oce\u00e1novej h\u013abky pre spojenie \u0161t\u00fdlu, tepla a noblesy.\" \/>\n<meta name=\"robots\" content=\"index, follow, max-snippet:-1, max-image-preview:large, max-video-preview:-1\" \/>\n<link rel=\"canonical\" href=\"https:\/\/www.tattja.com\/da\/product\/dvojset-ingeborg-tmavotyrkysovy\/\" \/>\n<meta property=\"og:locale\" content=\"da_DK\" \/>\n<meta property=\"og:type\" content=\"article\" \/>\n<meta property=\"og:title\" content=\"D\u00e1mske oble\u010denie 2-set INGEBORG tmavotyrkysov\u00fd - TATTJA\" \/>\n<meta property=\"og:description\" content=\"D\u00e1mske oble\u010denie dvojset INGEBORG tmavotyrkysov\u00fd \u2013 elegantn\u00fd set \u010diapky a n\u00e1kr\u010dn\u00edka v odtieni oce\u00e1novej h\u013abky pre spojenie \u0161t\u00fdlu, tepla a noblesy.\" \/>\n<meta property=\"og:url\" content=\"https:\/\/www.tattja.com\/da\/product\/dvojset-ingeborg-tmavotyrkysovy\/\" \/>\n<meta property=\"og:site_name\" content=\"TATTJA\" \/>\n<meta property=\"article:modified_time\" content=\"2026-04-05T17:44:52+00:00\" \/>\n<meta property=\"og:image\" content=\"https:\/\/www.tattja.com\/wp-content\/uploads\/2026\/01\/tmavotyrkysovy-dvojset-nakrcnik-ciapka-spredu-43.webp\" \/>\n\t<meta property=\"og:image:width\" content=\"1365\" \/>\n\t<meta property=\"og:image:height\" content=\"2048\" \/>\n\t<meta property=\"og:image:type\" content=\"image\/webp\" \/>\n<meta name=\"twitter:card\" content=\"summary_large_image\" \/>\n<meta name=\"twitter:label1\" content=\"Estimeret l\u00e6setid\" \/>\n\t<meta name=\"twitter:data1\" content=\"2 minutter\" \/>\n<script type=\"application\/ld+json\" class=\"yoast-schema-graph\">{\"@context\":\"https:\/\/schema.org\",\"@graph\":[{\"@type\":\"WebPage\",\"@id\":\"https:\/\/www.tattja.com\/product\/dvojset-ingeborg-tmavotyrkysovy\/\",\"url\":\"https:\/\/www.tattja.com\/product\/dvojset-ingeborg-tmavotyrkysovy\/\",\"name\":\"D\u00e1mske oble\u010denie 2-set INGEBORG tmavotyrkysov\u00fd - TATTJA\",\"isPartOf\":{\"@id\":\"https:\/\/www.tattja.com\/#website\"},\"primaryImageOfPage\":{\"@id\":\"https:\/\/www.tattja.com\/product\/dvojset-ingeborg-tmavotyrkysovy\/#primaryimage\"},\"image\":{\"@id\":\"https:\/\/www.tattja.com\/product\/dvojset-ingeborg-tmavotyrkysovy\/#primaryimage\"},\"thumbnailUrl\":\"https:\/\/www.tattja.com\/wp-content\/uploads\/2026\/01\/tmavotyrkysovy-dvojset-nakrcnik-ciapka-spredu-43.webp\",\"datePublished\":\"2025-08-14T15:43:01+00:00\",\"dateModified\":\"2026-04-05T17:44:52+00:00\",\"description\":\"D\u00e1mske oble\u010denie dvojset INGEBORG tmavotyrkysov\u00fd \u2013 elegantn\u00fd set \u010diapky a n\u00e1kr\u010dn\u00edka v odtieni oce\u00e1novej h\u013abky pre spojenie \u0161t\u00fdlu, tepla a noblesy.\",\"breadcrumb\":{\"@id\":\"https:\/\/www.tattja.com\/product\/dvojset-ingeborg-tmavotyrkysovy\/#breadcrumb\"},\"inLanguage\":\"da-DK\",\"potentialAction\":[{\"@type\":\"ReadAction\",\"target\":[\"https:\/\/www.tattja.com\/product\/dvojset-ingeborg-tmavotyrkysovy\/\"]}]},{\"@type\":\"ImageObject\",\"inLanguage\":\"da-DK\",\"@id\":\"https:\/\/www.tattja.com\/product\/dvojset-ingeborg-tmavotyrkysovy\/#primaryimage\",\"url\":\"https:\/\/www.tattja.com\/wp-content\/uploads\/2026\/01\/tmavotyrkysovy-dvojset-nakrcnik-ciapka-spredu-43.webp\",\"contentUrl\":\"https:\/\/www.tattja.com\/wp-content\/uploads\/2026\/01\/tmavotyrkysovy-dvojset-nakrcnik-ciapka-spredu-43.webp\",\"width\":1365,\"height\":2048,\"caption\":\"Dvojset INGEBORG \u2013 tmavotyrkysov\u00e1 \u010diapka a n\u00e1kr\u010dn\u00edk TATTJA | predn\u00fd poh\u013ead\"},{\"@type\":\"BreadcrumbList\",\"@id\":\"https:\/\/www.tattja.com\/product\/dvojset-ingeborg-tmavotyrkysovy\/#breadcrumb\",\"itemListElement\":[{\"@type\":\"ListItem\",\"position\":1,\"name\":\"Domov\",\"item\":\"https:\/\/www.tattja.com\/\"},{\"@type\":\"ListItem\",\"position\":2,\"name\":\"Produkty\",\"item\":\"https:\/\/www.tattja.com\/damske-oblecenie-produkty\/\"},{\"@type\":\"ListItem\",\"position\":3,\"name\":\"D\u00e1mske oble\u010denie 2-set INGEBORG tmavotyrkysov\u00fd\"}]},{\"@type\":\"WebSite\",\"@id\":\"https:\/\/www.tattja.com\/#website\",\"url\":\"https:\/\/www.tattja.com\/\",\"name\":\"TATTJA\",\"description\":\"D\u00e1mske oble\u010denie z extra jemnej merino vlny \u2014 ru\u010dne pleten\u00e9 na Slovensku\",\"potentialAction\":[{\"@type\":\"SearchAction\",\"target\":{\"@type\":\"EntryPoint\",\"urlTemplate\":\"https:\/\/www.tattja.com\/?s={search_term_string}\"},\"query-input\":{\"@type\":\"PropertyValueSpecification\",\"valueRequired\":true,\"valueName\":\"search_term_string\"}}],\"inLanguage\":\"da-DK\"}]}<\/script>\n<!-- \/ Yoast SEO plugin. -->","yoast_head_json":{"title":"D\u00e1mske oble\u010denie 2-set INGEBORG tmavotyrkysov\u00fd - TATTJA","description":"D\u00e1mske oble\u010denie dvojset INGEBORG tmavotyrkysov\u00fd \u2013 elegantn\u00fd set \u010diapky a n\u00e1kr\u010dn\u00edka v odtieni oce\u00e1novej h\u013abky pre spojenie \u0161t\u00fdlu, tepla a noblesy.","robots":{"index":"index","follow":"follow","max-snippet":"max-snippet:-1","max-image-preview":"max-image-preview:large","max-video-preview":"max-video-preview:-1"},"canonical":"https:\/\/www.tattja.com\/da\/product\/dvojset-ingeborg-tmavotyrkysovy\/","og_locale":"da_DK","og_type":"article","og_title":"D\u00e1mske oble\u010denie 2-set INGEBORG tmavotyrkysov\u00fd - TATTJA","og_description":"D\u00e1mske oble\u010denie dvojset INGEBORG tmavotyrkysov\u00fd \u2013 elegantn\u00fd set \u010diapky a n\u00e1kr\u010dn\u00edka v odtieni oce\u00e1novej h\u013abky pre spojenie \u0161t\u00fdlu, tepla a noblesy.","og_url":"https:\/\/www.tattja.com\/da\/product\/dvojset-ingeborg-tmavotyrkysovy\/","og_site_name":"TATTJA","article_modified_time":"2026-04-05T17:44:52+00:00","og_image":[{"width":1365,"height":2048,"url":"https:\/\/www.tattja.com\/wp-content\/uploads\/2026\/01\/tmavotyrkysovy-dvojset-nakrcnik-ciapka-spredu-43.webp","type":"image\/webp"}],"twitter_card":"summary_large_image","twitter_misc":{"Estimeret l\u00e6setid":"2 minutter"},"schema":{"@context":"https:\/\/schema.org","@graph":[{"@type":"WebPage","@id":"https:\/\/www.tattja.com\/product\/dvojset-ingeborg-tmavotyrkysovy\/","url":"https:\/\/www.tattja.com\/product\/dvojset-ingeborg-tmavotyrkysovy\/","name":"D\u00e1mske oble\u010denie 2-set INGEBORG tmavotyrkysov\u00fd - TATTJA","isPartOf":{"@id":"https:\/\/www.tattja.com\/#website"},"primaryImageOfPage":{"@id":"https:\/\/www.tattja.com\/product\/dvojset-ingeborg-tmavotyrkysovy\/#primaryimage"},"image":{"@id":"https:\/\/www.tattja.com\/product\/dvojset-ingeborg-tmavotyrkysovy\/#primaryimage"},"thumbnailUrl":"https:\/\/www.tattja.com\/wp-content\/uploads\/2026\/01\/tmavotyrkysovy-dvojset-nakrcnik-ciapka-spredu-43.webp","datePublished":"2025-08-14T15:43:01+00:00","dateModified":"2026-04-05T17:44:52+00:00","description":"D\u00e1mske oble\u010denie dvojset INGEBORG tmavotyrkysov\u00fd \u2013 elegantn\u00fd set \u010diapky a n\u00e1kr\u010dn\u00edka v odtieni oce\u00e1novej h\u013abky pre spojenie \u0161t\u00fdlu, tepla a noblesy.","breadcrumb":{"@id":"https:\/\/www.tattja.com\/product\/dvojset-ingeborg-tmavotyrkysovy\/#breadcrumb"},"inLanguage":"da-DK","potentialAction":[{"@type":"ReadAction","target":["https:\/\/www.tattja.com\/product\/dvojset-ingeborg-tmavotyrkysovy\/"]}]},{"@type":"ImageObject","inLanguage":"da-DK","@id":"https:\/\/www.tattja.com\/product\/dvojset-ingeborg-tmavotyrkysovy\/#primaryimage","url":"https:\/\/www.tattja.com\/wp-content\/uploads\/2026\/01\/tmavotyrkysovy-dvojset-nakrcnik-ciapka-spredu-43.webp","contentUrl":"https:\/\/www.tattja.com\/wp-content\/uploads\/2026\/01\/tmavotyrkysovy-dvojset-nakrcnik-ciapka-spredu-43.webp","width":1365,"height":2048,"caption":"Dvojset INGEBORG \u2013 tmavotyrkysov\u00e1 \u010diapka a n\u00e1kr\u010dn\u00edk TATTJA | predn\u00fd poh\u013ead"},{"@type":"BreadcrumbList","@id":"https:\/\/www.tattja.com\/product\/dvojset-ingeborg-tmavotyrkysovy\/#breadcrumb","itemListElement":[{"@type":"ListItem","position":1,"name":"Domov","item":"https:\/\/www.tattja.com\/"},{"@type":"ListItem","position":2,"name":"Produkty","item":"https:\/\/www.tattja.com\/damske-oblecenie-produkty\/"},{"@type":"ListItem","position":3,"name":"D\u00e1mske oble\u010denie 2-set INGEBORG tmavotyrkysov\u00fd"}]},{"@type":"WebSite","@id":"https:\/\/www.tattja.com\/#website","url":"https:\/\/www.tattja.com\/","name":"TATTJA","description":"D\u00e1mske oble\u010denie z extra jemnej merino vlny \u2014 ru\u010dne pleten\u00e9 na Slovensku","potentialAction":[{"@type":"SearchAction","target":{"@type":"EntryPoint","urlTemplate":"https:\/\/www.tattja.com\/?s={search_term_string}"},"query-input":{"@type":"PropertyValueSpecification","valueRequired":true,"valueName":"search_term_string"}}],"inLanguage":"da-DK"}]}},"_links":{"self":[{"href":"https:\/\/www.tattja.com\/da\/wp-json\/wp\/v2\/product\/2000","targetHints":{"allow":["GET"]}}],"collection":[{"href":"https:\/\/www.tattja.com\/da\/wp-json\/wp\/v2\/product"}],"about":[{"href":"https:\/\/www.tattja.com\/da\/wp-json\/wp\/v2\/types\/product"}],"replies":[{"embeddable":true,"href":"https:\/\/www.tattja.com\/da\/wp-json\/wp\/v2\/comments?post=2000"}],"version-history":[{"count":6,"href":"https:\/\/www.tattja.com\/da\/wp-json\/wp\/v2\/product\/2000\/revisions"}],"predecessor-version":[{"id":7212,"href":"https:\/\/www.tattja.com\/da\/wp-json\/wp\/v2\/product\/2000\/revisions\/7212"}],"wp:featuredmedia":[{"embeddable":true,"href":"https:\/\/www.tattja.com\/da\/wp-json\/wp\/v2\/media\/7789"}],"wp:attachment":[{"href":"https:\/\/www.tattja.com\/da\/wp-json\/wp\/v2\/media?parent=2000"}],"wp:term":[{"taxonomy":"product_brand","embeddable":true,"href":"https:\/\/www.tattja.com\/da\/wp-json\/wp\/v2\/product_brand?post=2000"},{"taxonomy":"product_cat","embeddable":true,"href":"https:\/\/www.tattja.com\/da\/wp-json\/wp\/v2\/product_cat?post=2000"},{"taxonomy":"product_tag","embeddable":true,"href":"https:\/\/www.tattja.com\/da\/wp-json\/wp\/v2\/product_tag?post=2000"}],"curies":[{"name":"wp","href":"https:\/\/api.w.org\/{rel}","templated":true}]}}