{"id":2012,"date":"2025-08-14T17:50:30","date_gmt":"2025-08-14T15:50:30","guid":{"rendered":"https:\/\/www.tattja.com\/?post_type=product&#038;p=2012"},"modified":"2026-04-05T19:44:51","modified_gmt":"2026-04-05T17:44:51","slug":"damske-oblecenie-ciapka-anja-fosforova-limetkova","status":"publish","type":"product","link":"https:\/\/www.tattja.com\/da\/product\/damske-oblecenie-ciapka-anja-fosforova-limetkova\/","title":{"rendered":"Kasket til damet\u00f8j ANJA phosphor lime"},"content":{"rendered":"<p data-start=\"945\" data-end=\"1235\"><strong data-start=\"945\" data-end=\"997\">Kasket til damet\u00f8j ANJA phosphor-lime<\/strong> bringer et frisk pust af energi og moderne luksus til din vintergarderobe. Denne originale model fra kollektionen <strong data-start=\"1100\" data-end=\"1110\">TATTJA<\/strong> kombinerer h\u00e5ndv\u00e6rksm\u00e6ssig pr\u00e6cision, feminin charme og farvespil i en elegant accessory, der vil fremh\u00e6ve enhver kvindes personlighed.<\/p>\n<p data-start=\"1237\" data-end=\"1524\">Den phosphor-lime nuance udstr\u00e5ler optimisme, kreativitet og moderne urban stil. Den ser b\u00e5de frisk og glamour\u00f8s ud - den fremh\u00e6ver kvindelighed og giver en dristig, men smagfuld kontrast til outfittet. Denne tone lyser op i neutrale nuancer og giver perfekt liv til b\u00e5de minimalistiske og mere dristige kombinationer.<\/p>\n<p data-start=\"1526\" data-end=\"1828\">Den fine strik smyger sig om hovedet med naturlig lethed og skaber en f\u00f8lelse af komfort hele dagen. Materialet er bl\u00f8dt, str\u00e6kbart og \u00e5ndbart, hvilket garanterer komfort, selv n\u00e5r det b\u00e6res i lange perioder. Pr\u00e6cisionsh\u00e5ndv\u00e6rk i brandets \u00e5nd <strong data-start=\"1741\" data-end=\"1751\">TATTJA<\/strong> afspejles i detaljerne - fra den glatte tekstur til de rene linjer i designet.<\/p>\n<p data-start=\"1830\" data-end=\"2066\">Den raffinerede silhuet giver kasketten et moderne pr\u00e6g og et funktionelt element. Den beskytter \u00f8jnene mod solens str\u00e5ler eller vinden og fuldender samtidig den elegante silhuet. Denne detalje kombinerer det praktiske med det \u00e6stetiske og g\u00f8r ANJA-kasketten til et ideelt hverdagstilbeh\u00f8r.<\/p>\n<p data-start=\"2068\" data-end=\"2327\"><strong data-start=\"2068\" data-end=\"2103\">Kasket til damet\u00f8j ANJA phosphor-lime<\/strong> skiller sig ud som en selvst\u00e6ndig accent, men passer ogs\u00e5 smukt sammen med andre produkter i kollektionen <strong data-start=\"2184\" data-end=\"2194\">TATTJA<\/strong> - med en skjortekrave, armb\u00e5nd eller en halsvarmer. Sammen skaber de en harmonisk helhed, der kombinerer funktionalitet, femininitet og rent design.<\/p>\n<p data-start=\"2329\" data-end=\"2434\">Oplev sk\u00f8nheden i delikatesse, sofistikerede detaljer og feminin stil, der vil holde dig varm og... <a href=\"https:\/\/www.tattja.com\/da\/product-category\/damske-oblecenie\/doplnky-jednotlivo\/ciapky\/\">i andre farver<\/a>.<\/p>\n<p data-start=\"2436\" data-end=\"2562\"><strong data-start=\"2436\" data-end=\"2490\">Se her, <a href=\"https:\/\/shop.bogensberger.co.at\/produkt-schlagwort\/merino-extrafein\/\">fra hvilke materialer<\/a> vi producerer vores v\u00e6rker<\/strong> og lad dig rive med af et strejf af kvalitet, der kombinerer komfort med raffinement.<\/p>","protected":false},"excerpt":{"rendered":"<p><strong data-start=\"744\" data-end=\"796\">Kasket til damet\u00f8j ANJA phosphor-lime<\/strong> - et karakteristisk tilbeh\u00f8r, der kombinerer friskhed, komfort og feminin elegance i en unik nuance fuld af energi.<\/p>","protected":false},"featured_media":7476,"comment_status":"open","ping_status":"closed","template":"","meta":[],"product_brand":[],"product_cat":[184,282,300,298,177],"product_tag":[],"class_list":{"0":"post-2012","1":"product","2":"type-product","3":"status-publish","4":"has-post-thumbnail","6":"product_cat-ciapka-fosforova-limetkova","7":"product_cat-ciapky","8":"product_cat-damske-oblecenie","9":"product_cat-doplnky-jednotlivo","10":"product_cat-pleteninove-doplnky-fosforove-limetkove","12":"first","13":"instock","14":"taxable","15":"shipping-taxable","16":"purchasable","17":"product-type-simple"},"yoast_head":"<!-- This site is optimized with the Yoast SEO plugin v26.0 - https:\/\/yoast.com\/wordpress\/plugins\/seo\/ -->\n<title>D\u00e1mske oble\u010denie \u010diapka ANJA fosforov\u00e1 limetkov\u00e1 - TATTJA<\/title>\n<meta name=\"description\" content=\"D\u00e1mske oble\u010denie \u010diapka ANJA fosforovo-limetkov\u00e1 \u2013 svie\u017ea energia, luxusn\u00e1 pletenina a modern\u00fd \u0161ilt v odtieni, ktor\u00fd roz\u017eiari v\u00e1\u0161 \u0161t\u00fdl a prinesie pohodlie.\" \/>\n<meta name=\"robots\" content=\"index, follow, max-snippet:-1, max-image-preview:large, max-video-preview:-1\" \/>\n<link rel=\"canonical\" href=\"https:\/\/www.tattja.com\/da\/product\/damske-oblecenie-ciapka-anja-fosforova-limetkova\/\" \/>\n<meta property=\"og:locale\" content=\"da_DK\" \/>\n<meta property=\"og:type\" content=\"article\" \/>\n<meta property=\"og:title\" content=\"D\u00e1mske oble\u010denie \u010diapka ANJA fosforov\u00e1 limetkov\u00e1 - TATTJA\" \/>\n<meta property=\"og:description\" content=\"D\u00e1mske oble\u010denie \u010diapka ANJA fosforovo-limetkov\u00e1 \u2013 svie\u017ea energia, luxusn\u00e1 pletenina a modern\u00fd \u0161ilt v odtieni, ktor\u00fd roz\u017eiari v\u00e1\u0161 \u0161t\u00fdl a prinesie pohodlie.\" \/>\n<meta property=\"og:url\" content=\"https:\/\/www.tattja.com\/da\/product\/damske-oblecenie-ciapka-anja-fosforova-limetkova\/\" \/>\n<meta property=\"og:site_name\" content=\"TATTJA\" \/>\n<meta property=\"article:modified_time\" content=\"2026-04-05T17:44:51+00:00\" \/>\n<meta property=\"og:image\" content=\"https:\/\/www.tattja.com\/wp-content\/uploads\/2026\/01\/fosforovy-limetkovy-ciapka-spredu-22-1.webp\" \/>\n\t<meta property=\"og:image:width\" content=\"1365\" \/>\n\t<meta property=\"og:image:height\" content=\"2047\" \/>\n\t<meta property=\"og:image:type\" content=\"image\/webp\" \/>\n<meta name=\"twitter:card\" content=\"summary_large_image\" \/>\n<meta name=\"twitter:label1\" content=\"Estimeret l\u00e6setid\" \/>\n\t<meta name=\"twitter:data1\" content=\"2 minutter\" \/>\n<script type=\"application\/ld+json\" class=\"yoast-schema-graph\">{\"@context\":\"https:\/\/schema.org\",\"@graph\":[{\"@type\":\"WebPage\",\"@id\":\"https:\/\/www.tattja.com\/product\/damske-oblecenie-ciapka-anja-fosforova-limetkova\/\",\"url\":\"https:\/\/www.tattja.com\/product\/damske-oblecenie-ciapka-anja-fosforova-limetkova\/\",\"name\":\"D\u00e1mske oble\u010denie \u010diapka ANJA fosforov\u00e1 limetkov\u00e1 - TATTJA\",\"isPartOf\":{\"@id\":\"https:\/\/www.tattja.com\/#website\"},\"primaryImageOfPage\":{\"@id\":\"https:\/\/www.tattja.com\/product\/damske-oblecenie-ciapka-anja-fosforova-limetkova\/#primaryimage\"},\"image\":{\"@id\":\"https:\/\/www.tattja.com\/product\/damske-oblecenie-ciapka-anja-fosforova-limetkova\/#primaryimage\"},\"thumbnailUrl\":\"https:\/\/www.tattja.com\/wp-content\/uploads\/2026\/01\/fosforovy-limetkovy-ciapka-spredu-22-1.webp\",\"datePublished\":\"2025-08-14T15:50:30+00:00\",\"dateModified\":\"2026-04-05T17:44:51+00:00\",\"description\":\"D\u00e1mske oble\u010denie \u010diapka ANJA fosforovo-limetkov\u00e1 \u2013 svie\u017ea energia, luxusn\u00e1 pletenina a modern\u00fd \u0161ilt v odtieni, ktor\u00fd roz\u017eiari v\u00e1\u0161 \u0161t\u00fdl a prinesie pohodlie.\",\"breadcrumb\":{\"@id\":\"https:\/\/www.tattja.com\/product\/damske-oblecenie-ciapka-anja-fosforova-limetkova\/#breadcrumb\"},\"inLanguage\":\"da-DK\",\"potentialAction\":[{\"@type\":\"ReadAction\",\"target\":[\"https:\/\/www.tattja.com\/product\/damske-oblecenie-ciapka-anja-fosforova-limetkova\/\"]}]},{\"@type\":\"ImageObject\",\"inLanguage\":\"da-DK\",\"@id\":\"https:\/\/www.tattja.com\/product\/damske-oblecenie-ciapka-anja-fosforova-limetkova\/#primaryimage\",\"url\":\"https:\/\/www.tattja.com\/wp-content\/uploads\/2026\/01\/fosforovy-limetkovy-ciapka-spredu-22-1.webp\",\"contentUrl\":\"https:\/\/www.tattja.com\/wp-content\/uploads\/2026\/01\/fosforovy-limetkovy-ciapka-spredu-22-1.webp\",\"width\":1365,\"height\":2047,\"caption\":\"D\u00e1mska pleten\u00e1 \u010diapka ANJA \u2013 fosforovo-limetkov\u00e1 | TATTJA\"},{\"@type\":\"BreadcrumbList\",\"@id\":\"https:\/\/www.tattja.com\/product\/damske-oblecenie-ciapka-anja-fosforova-limetkova\/#breadcrumb\",\"itemListElement\":[{\"@type\":\"ListItem\",\"position\":1,\"name\":\"Domov\",\"item\":\"https:\/\/www.tattja.com\/\"},{\"@type\":\"ListItem\",\"position\":2,\"name\":\"Produkty\",\"item\":\"https:\/\/www.tattja.com\/damske-oblecenie-produkty\/\"},{\"@type\":\"ListItem\",\"position\":3,\"name\":\"D\u00e1mske oble\u010denie \u010diapka ANJA fosforov\u00e1 limetkov\u00e1\"}]},{\"@type\":\"WebSite\",\"@id\":\"https:\/\/www.tattja.com\/#website\",\"url\":\"https:\/\/www.tattja.com\/\",\"name\":\"TATTJA\",\"description\":\"D\u00e1mske oble\u010denie z extra jemnej merino vlny \u2014 ru\u010dne pleten\u00e9 na Slovensku\",\"potentialAction\":[{\"@type\":\"SearchAction\",\"target\":{\"@type\":\"EntryPoint\",\"urlTemplate\":\"https:\/\/www.tattja.com\/?s={search_term_string}\"},\"query-input\":{\"@type\":\"PropertyValueSpecification\",\"valueRequired\":true,\"valueName\":\"search_term_string\"}}],\"inLanguage\":\"da-DK\"}]}<\/script>\n<!-- \/ Yoast SEO plugin. -->","yoast_head_json":{"title":"D\u00e1mske oble\u010denie \u010diapka ANJA fosforov\u00e1 limetkov\u00e1 - TATTJA","description":"D\u00e1mske oble\u010denie \u010diapka ANJA fosforovo-limetkov\u00e1 \u2013 svie\u017ea energia, luxusn\u00e1 pletenina a modern\u00fd \u0161ilt v odtieni, ktor\u00fd roz\u017eiari v\u00e1\u0161 \u0161t\u00fdl a prinesie pohodlie.","robots":{"index":"index","follow":"follow","max-snippet":"max-snippet:-1","max-image-preview":"max-image-preview:large","max-video-preview":"max-video-preview:-1"},"canonical":"https:\/\/www.tattja.com\/da\/product\/damske-oblecenie-ciapka-anja-fosforova-limetkova\/","og_locale":"da_DK","og_type":"article","og_title":"D\u00e1mske oble\u010denie \u010diapka ANJA fosforov\u00e1 limetkov\u00e1 - TATTJA","og_description":"D\u00e1mske oble\u010denie \u010diapka ANJA fosforovo-limetkov\u00e1 \u2013 svie\u017ea energia, luxusn\u00e1 pletenina a modern\u00fd \u0161ilt v odtieni, ktor\u00fd roz\u017eiari v\u00e1\u0161 \u0161t\u00fdl a prinesie pohodlie.","og_url":"https:\/\/www.tattja.com\/da\/product\/damske-oblecenie-ciapka-anja-fosforova-limetkova\/","og_site_name":"TATTJA","article_modified_time":"2026-04-05T17:44:51+00:00","og_image":[{"width":1365,"height":2047,"url":"https:\/\/www.tattja.com\/wp-content\/uploads\/2026\/01\/fosforovy-limetkovy-ciapka-spredu-22-1.webp","type":"image\/webp"}],"twitter_card":"summary_large_image","twitter_misc":{"Estimeret l\u00e6setid":"2 minutter"},"schema":{"@context":"https:\/\/schema.org","@graph":[{"@type":"WebPage","@id":"https:\/\/www.tattja.com\/product\/damske-oblecenie-ciapka-anja-fosforova-limetkova\/","url":"https:\/\/www.tattja.com\/product\/damske-oblecenie-ciapka-anja-fosforova-limetkova\/","name":"D\u00e1mske oble\u010denie \u010diapka ANJA fosforov\u00e1 limetkov\u00e1 - TATTJA","isPartOf":{"@id":"https:\/\/www.tattja.com\/#website"},"primaryImageOfPage":{"@id":"https:\/\/www.tattja.com\/product\/damske-oblecenie-ciapka-anja-fosforova-limetkova\/#primaryimage"},"image":{"@id":"https:\/\/www.tattja.com\/product\/damske-oblecenie-ciapka-anja-fosforova-limetkova\/#primaryimage"},"thumbnailUrl":"https:\/\/www.tattja.com\/wp-content\/uploads\/2026\/01\/fosforovy-limetkovy-ciapka-spredu-22-1.webp","datePublished":"2025-08-14T15:50:30+00:00","dateModified":"2026-04-05T17:44:51+00:00","description":"D\u00e1mske oble\u010denie \u010diapka ANJA fosforovo-limetkov\u00e1 \u2013 svie\u017ea energia, luxusn\u00e1 pletenina a modern\u00fd \u0161ilt v odtieni, ktor\u00fd roz\u017eiari v\u00e1\u0161 \u0161t\u00fdl a prinesie pohodlie.","breadcrumb":{"@id":"https:\/\/www.tattja.com\/product\/damske-oblecenie-ciapka-anja-fosforova-limetkova\/#breadcrumb"},"inLanguage":"da-DK","potentialAction":[{"@type":"ReadAction","target":["https:\/\/www.tattja.com\/product\/damske-oblecenie-ciapka-anja-fosforova-limetkova\/"]}]},{"@type":"ImageObject","inLanguage":"da-DK","@id":"https:\/\/www.tattja.com\/product\/damske-oblecenie-ciapka-anja-fosforova-limetkova\/#primaryimage","url":"https:\/\/www.tattja.com\/wp-content\/uploads\/2026\/01\/fosforovy-limetkovy-ciapka-spredu-22-1.webp","contentUrl":"https:\/\/www.tattja.com\/wp-content\/uploads\/2026\/01\/fosforovy-limetkovy-ciapka-spredu-22-1.webp","width":1365,"height":2047,"caption":"D\u00e1mska pleten\u00e1 \u010diapka ANJA \u2013 fosforovo-limetkov\u00e1 | TATTJA"},{"@type":"BreadcrumbList","@id":"https:\/\/www.tattja.com\/product\/damske-oblecenie-ciapka-anja-fosforova-limetkova\/#breadcrumb","itemListElement":[{"@type":"ListItem","position":1,"name":"Domov","item":"https:\/\/www.tattja.com\/"},{"@type":"ListItem","position":2,"name":"Produkty","item":"https:\/\/www.tattja.com\/damske-oblecenie-produkty\/"},{"@type":"ListItem","position":3,"name":"D\u00e1mske oble\u010denie \u010diapka ANJA fosforov\u00e1 limetkov\u00e1"}]},{"@type":"WebSite","@id":"https:\/\/www.tattja.com\/#website","url":"https:\/\/www.tattja.com\/","name":"TATTJA","description":"D\u00e1mske oble\u010denie z extra jemnej merino vlny \u2014 ru\u010dne pleten\u00e9 na Slovensku","potentialAction":[{"@type":"SearchAction","target":{"@type":"EntryPoint","urlTemplate":"https:\/\/www.tattja.com\/?s={search_term_string}"},"query-input":{"@type":"PropertyValueSpecification","valueRequired":true,"valueName":"search_term_string"}}],"inLanguage":"da-DK"}]}},"_links":{"self":[{"href":"https:\/\/www.tattja.com\/da\/wp-json\/wp\/v2\/product\/2012","targetHints":{"allow":["GET"]}}],"collection":[{"href":"https:\/\/www.tattja.com\/da\/wp-json\/wp\/v2\/product"}],"about":[{"href":"https:\/\/www.tattja.com\/da\/wp-json\/wp\/v2\/types\/product"}],"replies":[{"embeddable":true,"href":"https:\/\/www.tattja.com\/da\/wp-json\/wp\/v2\/comments?post=2012"}],"version-history":[{"count":6,"href":"https:\/\/www.tattja.com\/da\/wp-json\/wp\/v2\/product\/2012\/revisions"}],"predecessor-version":[{"id":5927,"href":"https:\/\/www.tattja.com\/da\/wp-json\/wp\/v2\/product\/2012\/revisions\/5927"}],"wp:featuredmedia":[{"embeddable":true,"href":"https:\/\/www.tattja.com\/da\/wp-json\/wp\/v2\/media\/7476"}],"wp:attachment":[{"href":"https:\/\/www.tattja.com\/da\/wp-json\/wp\/v2\/media?parent=2012"}],"wp:term":[{"taxonomy":"product_brand","embeddable":true,"href":"https:\/\/www.tattja.com\/da\/wp-json\/wp\/v2\/product_brand?post=2012"},{"taxonomy":"product_cat","embeddable":true,"href":"https:\/\/www.tattja.com\/da\/wp-json\/wp\/v2\/product_cat?post=2012"},{"taxonomy":"product_tag","embeddable":true,"href":"https:\/\/www.tattja.com\/da\/wp-json\/wp\/v2\/product_tag?post=2012"}],"curies":[{"name":"wp","href":"https:\/\/api.w.org\/{rel}","templated":true}]}}