{"id":2053,"date":"2025-08-21T09:31:17","date_gmt":"2025-08-21T07:31:17","guid":{"rendered":"https:\/\/www.tattja.com\/?post_type=product&#038;p=2053"},"modified":"2026-04-05T19:44:47","modified_gmt":"2026-04-05T17:44:47","slug":"damske-oblecenie-ciapka-anja-tmavomodra","status":"publish","type":"product","link":"https:\/\/www.tattja.com\/da\/product\/damske-oblecenie-ciapka-anja-tmavomodra\/","title":{"rendered":"Damet\u00f8j kasket ANJA m\u00f8rkebl\u00e5"},"content":{"rendered":"<p data-start=\"857\" data-end=\"1135\"><strong data-start=\"857\" data-end=\"900\">Damet\u00f8j kasket ANJA m\u00f8rkebl\u00e5<\/strong> er indbegrebet af elegance og moderne luksus. Dette ikoniske stykke fra kollektionen <strong data-start=\"978\" data-end=\"988\">TATTJA<\/strong> kombinerer femininitet, funktionalitet og pr\u00e6cisionsh\u00e5ndv\u00e6rk. Det er en accessory, der understreger enhver kvindes personlighed og tilf\u00f8jer et strejf af raffinement til outfittet.<\/p>\n<p data-start=\"1137\" data-end=\"1424\">Den dybe m\u00f8rkebl\u00e5 nuance ser v\u00e6rdig, afbalanceret og tidl\u00f8s ud. Den symboliserer ro, styrke og raffinement, hvilket g\u00f8r den til en ideel accessory for kvinder med raffineret smag. Kombineret med minimalistiske outfits skaber kasketten en harmonisk kontrast og tilf\u00f8jer et elegant touch til looket.<\/p>\n<p data-start=\"1426\" data-end=\"1724\">Den fine ribstrik er behagelig at r\u00f8re ved og tilpasser sig hovedets form, hvilket giver maksimal komfort p\u00e5 koldere dage. Den er \u00e5ndbar, varm og bevarer ogs\u00e5 sin form, selv efter gentagen brug. Hvert sting afspejler den opm\u00e6rksomhed p\u00e5 detaljer og kvalitet, som er m\u00e6rkets kendetegn. <strong data-start=\"1694\" data-end=\"1704\">TATTJA<\/strong> karakteristisk.<\/p>\n<p data-start=\"1726\" data-end=\"1998\">Det stilfulde visir giver kasketten et moderne, urbant look og g\u00f8r den endnu mere praktisk - det beskytter \u00f8jnene mod solens str\u00e5ler og vinden, samtidig med at det fremh\u00e6ver de feminine tr\u00e6k. Dette unikke tilbeh\u00f8r kombinerer tidl\u00f8shed med subtil ekstravagance og skaber den perfekte balance mellem elegance og komfort.<\/p>\n<p data-start=\"2000\" data-end=\"2214\"><strong data-start=\"2000\" data-end=\"2026\">Damet\u00f8j kasket ANJA m\u00f8rkebl\u00e5<\/strong> kan kombineres perfekt med andet tilbeh\u00f8r fra kollektionen <strong data-start=\"2081\" data-end=\"2091\">TATTJA<\/strong> - med en skjortekrave, armbind eller en halsvarmer. Sammen skaber de en afbalanceret helhed, som vil understrege din stil hele \u00e5ret rundt.<\/p>\n<p data-start=\"2216\" data-end=\"2321\">Oplev sk\u00f8nheden i delikatesse, sofistikerede detaljer og feminin stil, der vil holde dig varm og... <a href=\"https:\/\/www.tattja.com\/da\/product-category\/damske-oblecenie\/doplnky-jednotlivo\/ciapky\/\">i andre farver<\/a>.<\/p>\n<p data-start=\"2323\" data-end=\"2436\"><strong data-start=\"2323\" data-end=\"2377\">Se her, <a href=\"https:\/\/shop.bogensberger.co.at\/produkt-schlagwort\/merino-extrafein\/\">fra hvilke materialer<\/a> vi producerer vores v\u00e6rker<\/strong> og fork\u00e6l dig selv med et strejf af luksus, som du kan m\u00e6rke i hver eneste fiber.<\/p>","protected":false},"excerpt":{"rendered":"<p><strong data-start=\"658\" data-end=\"701\">Damet\u00f8j kasket ANJA m\u00f8rkebl\u00e5<\/strong> - Fin ribstrik, elegant silhuet og en dyb nuance af raffinement til kvinder, der udstr\u00e5ler stil og selvtillid.<\/p>","protected":false},"featured_media":7673,"comment_status":"open","ping_status":"closed","template":"","meta":[],"product_brand":[],"product_cat":[208,282,300,298,201],"product_tag":[],"class_list":{"0":"post-2053","1":"product","2":"type-product","3":"status-publish","4":"has-post-thumbnail","6":"product_cat-ciapka-tmavomodra","7":"product_cat-ciapky","8":"product_cat-damske-oblecenie","9":"product_cat-doplnky-jednotlivo","10":"product_cat-pleteninove-doplnky-tmavomodre","12":"first","13":"instock","14":"taxable","15":"shipping-taxable","16":"purchasable","17":"product-type-simple"},"yoast_head":"<!-- This site is optimized with the Yoast SEO plugin v26.0 - https:\/\/yoast.com\/wordpress\/plugins\/seo\/ -->\n<title>D\u00e1mske oble\u010denie \u010diapka ANJA tmavomodr\u00e1 - TATTJA<\/title>\n<meta name=\"description\" content=\"D\u00e1mske oble\u010denie \u010diapka ANJA tmavomodr\u00e1 \u2013 luxusn\u00e1 pleten\u00e1 \u010diapka so \u0161iltom, ktor\u00e1 sp\u00e1ja eleganciu, komfort a noblesu v modernom mestskom \u0161t\u00fdle.\" \/>\n<meta name=\"robots\" content=\"index, follow, max-snippet:-1, max-image-preview:large, max-video-preview:-1\" \/>\n<link rel=\"canonical\" href=\"https:\/\/www.tattja.com\/da\/product\/damske-oblecenie-ciapka-anja-tmavomodra\/\" \/>\n<meta property=\"og:locale\" content=\"da_DK\" \/>\n<meta property=\"og:type\" content=\"article\" \/>\n<meta property=\"og:title\" content=\"D\u00e1mske oble\u010denie \u010diapka ANJA tmavomodr\u00e1 - TATTJA\" \/>\n<meta property=\"og:description\" content=\"D\u00e1mske oble\u010denie \u010diapka ANJA tmavomodr\u00e1 \u2013 luxusn\u00e1 pleten\u00e1 \u010diapka so \u0161iltom, ktor\u00e1 sp\u00e1ja eleganciu, komfort a noblesu v modernom mestskom \u0161t\u00fdle.\" \/>\n<meta property=\"og:url\" content=\"https:\/\/www.tattja.com\/da\/product\/damske-oblecenie-ciapka-anja-tmavomodra\/\" \/>\n<meta property=\"og:site_name\" content=\"TATTJA\" \/>\n<meta property=\"article:modified_time\" content=\"2026-04-05T17:44:47+00:00\" \/>\n<meta property=\"og:image\" content=\"https:\/\/www.tattja.com\/wp-content\/uploads\/2026\/01\/tmavomodry-ciapka-spredu-43.webp\" \/>\n\t<meta property=\"og:image:width\" content=\"1365\" \/>\n\t<meta property=\"og:image:height\" content=\"2048\" \/>\n\t<meta property=\"og:image:type\" content=\"image\/webp\" \/>\n<meta name=\"twitter:card\" content=\"summary_large_image\" \/>\n<meta name=\"twitter:label1\" content=\"Estimeret l\u00e6setid\" \/>\n\t<meta name=\"twitter:data1\" content=\"2 minutter\" \/>\n<script type=\"application\/ld+json\" class=\"yoast-schema-graph\">{\"@context\":\"https:\/\/schema.org\",\"@graph\":[{\"@type\":\"WebPage\",\"@id\":\"https:\/\/www.tattja.com\/product\/damske-oblecenie-ciapka-anja-tmavomodra\/\",\"url\":\"https:\/\/www.tattja.com\/product\/damske-oblecenie-ciapka-anja-tmavomodra\/\",\"name\":\"D\u00e1mske oble\u010denie \u010diapka ANJA tmavomodr\u00e1 - TATTJA\",\"isPartOf\":{\"@id\":\"https:\/\/www.tattja.com\/#website\"},\"primaryImageOfPage\":{\"@id\":\"https:\/\/www.tattja.com\/product\/damske-oblecenie-ciapka-anja-tmavomodra\/#primaryimage\"},\"image\":{\"@id\":\"https:\/\/www.tattja.com\/product\/damske-oblecenie-ciapka-anja-tmavomodra\/#primaryimage\"},\"thumbnailUrl\":\"https:\/\/www.tattja.com\/wp-content\/uploads\/2026\/01\/tmavomodry-ciapka-spredu-43.webp\",\"datePublished\":\"2025-08-21T07:31:17+00:00\",\"dateModified\":\"2026-04-05T17:44:47+00:00\",\"description\":\"D\u00e1mske oble\u010denie \u010diapka ANJA tmavomodr\u00e1 \u2013 luxusn\u00e1 pleten\u00e1 \u010diapka so \u0161iltom, ktor\u00e1 sp\u00e1ja eleganciu, komfort a noblesu v modernom mestskom \u0161t\u00fdle.\",\"breadcrumb\":{\"@id\":\"https:\/\/www.tattja.com\/product\/damske-oblecenie-ciapka-anja-tmavomodra\/#breadcrumb\"},\"inLanguage\":\"da-DK\",\"potentialAction\":[{\"@type\":\"ReadAction\",\"target\":[\"https:\/\/www.tattja.com\/product\/damske-oblecenie-ciapka-anja-tmavomodra\/\"]}]},{\"@type\":\"ImageObject\",\"inLanguage\":\"da-DK\",\"@id\":\"https:\/\/www.tattja.com\/product\/damske-oblecenie-ciapka-anja-tmavomodra\/#primaryimage\",\"url\":\"https:\/\/www.tattja.com\/wp-content\/uploads\/2026\/01\/tmavomodry-ciapka-spredu-43.webp\",\"contentUrl\":\"https:\/\/www.tattja.com\/wp-content\/uploads\/2026\/01\/tmavomodry-ciapka-spredu-43.webp\",\"width\":1365,\"height\":2048,\"caption\":\"Tmavomodr\u00e1 pleten\u00e1 \u010diapka ANJA TATTJA \u2013 poh\u013ead spredu\"},{\"@type\":\"BreadcrumbList\",\"@id\":\"https:\/\/www.tattja.com\/product\/damske-oblecenie-ciapka-anja-tmavomodra\/#breadcrumb\",\"itemListElement\":[{\"@type\":\"ListItem\",\"position\":1,\"name\":\"Domov\",\"item\":\"https:\/\/www.tattja.com\/\"},{\"@type\":\"ListItem\",\"position\":2,\"name\":\"Produkty\",\"item\":\"https:\/\/www.tattja.com\/damske-oblecenie-produkty\/\"},{\"@type\":\"ListItem\",\"position\":3,\"name\":\"D\u00e1mske oble\u010denie \u010diapka ANJA tmavomodr\u00e1\"}]},{\"@type\":\"WebSite\",\"@id\":\"https:\/\/www.tattja.com\/#website\",\"url\":\"https:\/\/www.tattja.com\/\",\"name\":\"TATTJA\",\"description\":\"D\u00e1mske oble\u010denie z extra jemnej merino vlny \u2014 ru\u010dne pleten\u00e9 na Slovensku\",\"potentialAction\":[{\"@type\":\"SearchAction\",\"target\":{\"@type\":\"EntryPoint\",\"urlTemplate\":\"https:\/\/www.tattja.com\/?s={search_term_string}\"},\"query-input\":{\"@type\":\"PropertyValueSpecification\",\"valueRequired\":true,\"valueName\":\"search_term_string\"}}],\"inLanguage\":\"da-DK\"}]}<\/script>\n<!-- \/ Yoast SEO plugin. -->","yoast_head_json":{"title":"D\u00e1mske oble\u010denie \u010diapka ANJA tmavomodr\u00e1 - TATTJA","description":"D\u00e1mske oble\u010denie \u010diapka ANJA tmavomodr\u00e1 \u2013 luxusn\u00e1 pleten\u00e1 \u010diapka so \u0161iltom, ktor\u00e1 sp\u00e1ja eleganciu, komfort a noblesu v modernom mestskom \u0161t\u00fdle.","robots":{"index":"index","follow":"follow","max-snippet":"max-snippet:-1","max-image-preview":"max-image-preview:large","max-video-preview":"max-video-preview:-1"},"canonical":"https:\/\/www.tattja.com\/da\/product\/damske-oblecenie-ciapka-anja-tmavomodra\/","og_locale":"da_DK","og_type":"article","og_title":"D\u00e1mske oble\u010denie \u010diapka ANJA tmavomodr\u00e1 - TATTJA","og_description":"D\u00e1mske oble\u010denie \u010diapka ANJA tmavomodr\u00e1 \u2013 luxusn\u00e1 pleten\u00e1 \u010diapka so \u0161iltom, ktor\u00e1 sp\u00e1ja eleganciu, komfort a noblesu v modernom mestskom \u0161t\u00fdle.","og_url":"https:\/\/www.tattja.com\/da\/product\/damske-oblecenie-ciapka-anja-tmavomodra\/","og_site_name":"TATTJA","article_modified_time":"2026-04-05T17:44:47+00:00","og_image":[{"width":1365,"height":2048,"url":"https:\/\/www.tattja.com\/wp-content\/uploads\/2026\/01\/tmavomodry-ciapka-spredu-43.webp","type":"image\/webp"}],"twitter_card":"summary_large_image","twitter_misc":{"Estimeret l\u00e6setid":"2 minutter"},"schema":{"@context":"https:\/\/schema.org","@graph":[{"@type":"WebPage","@id":"https:\/\/www.tattja.com\/product\/damske-oblecenie-ciapka-anja-tmavomodra\/","url":"https:\/\/www.tattja.com\/product\/damske-oblecenie-ciapka-anja-tmavomodra\/","name":"D\u00e1mske oble\u010denie \u010diapka ANJA tmavomodr\u00e1 - TATTJA","isPartOf":{"@id":"https:\/\/www.tattja.com\/#website"},"primaryImageOfPage":{"@id":"https:\/\/www.tattja.com\/product\/damske-oblecenie-ciapka-anja-tmavomodra\/#primaryimage"},"image":{"@id":"https:\/\/www.tattja.com\/product\/damske-oblecenie-ciapka-anja-tmavomodra\/#primaryimage"},"thumbnailUrl":"https:\/\/www.tattja.com\/wp-content\/uploads\/2026\/01\/tmavomodry-ciapka-spredu-43.webp","datePublished":"2025-08-21T07:31:17+00:00","dateModified":"2026-04-05T17:44:47+00:00","description":"D\u00e1mske oble\u010denie \u010diapka ANJA tmavomodr\u00e1 \u2013 luxusn\u00e1 pleten\u00e1 \u010diapka so \u0161iltom, ktor\u00e1 sp\u00e1ja eleganciu, komfort a noblesu v modernom mestskom \u0161t\u00fdle.","breadcrumb":{"@id":"https:\/\/www.tattja.com\/product\/damske-oblecenie-ciapka-anja-tmavomodra\/#breadcrumb"},"inLanguage":"da-DK","potentialAction":[{"@type":"ReadAction","target":["https:\/\/www.tattja.com\/product\/damske-oblecenie-ciapka-anja-tmavomodra\/"]}]},{"@type":"ImageObject","inLanguage":"da-DK","@id":"https:\/\/www.tattja.com\/product\/damske-oblecenie-ciapka-anja-tmavomodra\/#primaryimage","url":"https:\/\/www.tattja.com\/wp-content\/uploads\/2026\/01\/tmavomodry-ciapka-spredu-43.webp","contentUrl":"https:\/\/www.tattja.com\/wp-content\/uploads\/2026\/01\/tmavomodry-ciapka-spredu-43.webp","width":1365,"height":2048,"caption":"Tmavomodr\u00e1 pleten\u00e1 \u010diapka ANJA TATTJA \u2013 poh\u013ead spredu"},{"@type":"BreadcrumbList","@id":"https:\/\/www.tattja.com\/product\/damske-oblecenie-ciapka-anja-tmavomodra\/#breadcrumb","itemListElement":[{"@type":"ListItem","position":1,"name":"Domov","item":"https:\/\/www.tattja.com\/"},{"@type":"ListItem","position":2,"name":"Produkty","item":"https:\/\/www.tattja.com\/damske-oblecenie-produkty\/"},{"@type":"ListItem","position":3,"name":"D\u00e1mske oble\u010denie \u010diapka ANJA tmavomodr\u00e1"}]},{"@type":"WebSite","@id":"https:\/\/www.tattja.com\/#website","url":"https:\/\/www.tattja.com\/","name":"TATTJA","description":"D\u00e1mske oble\u010denie z extra jemnej merino vlny \u2014 ru\u010dne pleten\u00e9 na Slovensku","potentialAction":[{"@type":"SearchAction","target":{"@type":"EntryPoint","urlTemplate":"https:\/\/www.tattja.com\/?s={search_term_string}"},"query-input":{"@type":"PropertyValueSpecification","valueRequired":true,"valueName":"search_term_string"}}],"inLanguage":"da-DK"}]}},"_links":{"self":[{"href":"https:\/\/www.tattja.com\/da\/wp-json\/wp\/v2\/product\/2053","targetHints":{"allow":["GET"]}}],"collection":[{"href":"https:\/\/www.tattja.com\/da\/wp-json\/wp\/v2\/product"}],"about":[{"href":"https:\/\/www.tattja.com\/da\/wp-json\/wp\/v2\/types\/product"}],"replies":[{"embeddable":true,"href":"https:\/\/www.tattja.com\/da\/wp-json\/wp\/v2\/comments?post=2053"}],"version-history":[{"count":5,"href":"https:\/\/www.tattja.com\/da\/wp-json\/wp\/v2\/product\/2053\/revisions"}],"predecessor-version":[{"id":5916,"href":"https:\/\/www.tattja.com\/da\/wp-json\/wp\/v2\/product\/2053\/revisions\/5916"}],"wp:featuredmedia":[{"embeddable":true,"href":"https:\/\/www.tattja.com\/da\/wp-json\/wp\/v2\/media\/7673"}],"wp:attachment":[{"href":"https:\/\/www.tattja.com\/da\/wp-json\/wp\/v2\/media?parent=2053"}],"wp:term":[{"taxonomy":"product_brand","embeddable":true,"href":"https:\/\/www.tattja.com\/da\/wp-json\/wp\/v2\/product_brand?post=2053"},{"taxonomy":"product_cat","embeddable":true,"href":"https:\/\/www.tattja.com\/da\/wp-json\/wp\/v2\/product_cat?post=2053"},{"taxonomy":"product_tag","embeddable":true,"href":"https:\/\/www.tattja.com\/da\/wp-json\/wp\/v2\/product_tag?post=2053"}],"curies":[{"name":"wp","href":"https:\/\/api.w.org\/{rel}","templated":true}]}}