{"id":2057,"date":"2025-08-21T09:34:37","date_gmt":"2025-08-21T07:34:37","guid":{"rendered":"https:\/\/www.tattja.com\/?post_type=product&#038;p=2057"},"modified":"2026-04-05T19:44:47","modified_gmt":"2026-04-05T17:44:47","slug":"rukavniky-katja-tmavomodre","status":"publish","type":"product","link":"https:\/\/www.tattja.com\/da\/product\/rukavniky-katja-tmavomodre\/","title":{"rendered":"Armb\u00e5nd til kvinder KATJA m\u00f8rkebl\u00e5"},"content":{"rendered":"<p data-start=\"894\" data-end=\"1245\"><strong data-start=\"894\" data-end=\"941\">Armb\u00e5nd til kvinder KATJA m\u00f8rkebl\u00e5<\/strong> v sebe sp\u00e1jaj\u00fa komfort, funk\u010dnos\u0165 a nad\u010dasov\u00fa eleganciu. Tento model z kolekcie <strong data-start=\"1022\" data-end=\"1032\">TATTJA<\/strong> je ur\u010den\u00fd pre \u017eeny, ktor\u00e9 si potrpia na prepracovan\u00e9 detaily a kvalitn\u00e9 materi\u00e1ly. Ruk\u00e1vniky vytv\u00e1raj\u00fa modern\u00fd \u0161perk pre ruky \u2013 praktick\u00fd doplnok, ktor\u00fd chr\u00e1ni pred chladom a dod\u00e1va outfitu jemn\u00fd dotyk noblesy.<\/p>\n<p data-start=\"1247\" data-end=\"1625\">Tmavomodr\u00fd odtie\u0148 p\u00f4sob\u00ed hlboko a elegantne, symbolizuje pokoj, istotu a silu. Je univerz\u00e1lny a \u013eahko sa kombinuje s r\u00f4znymi farbami aj \u0161t\u00fdlmi. Ruk\u00e1vniky tmavomodrej farby vynikn\u00fa s bielou ko\u0161e\u013eou, b\u00e9\u017eov\u00fdmi t\u00f3nmi, ale aj s kontrastn\u00fdmi doplnkami, \u010d\u00edm zv\u00fdraznia jedine\u010dnos\u0165 outfitu. Ich dizajn podporuje vrstvenie, v\u010faka \u010domu p\u00f4sobia moderne a pritom zachov\u00e1vaj\u00fa klasick\u00fd \u0161arm.<\/p>\n<p data-start=\"1627\" data-end=\"1968\">Pletenina je m\u00e4kk\u00e1, pru\u017en\u00e1 a priedu\u0161n\u00e1. Prec\u00edzna rebrovan\u00e1 \u0161trukt\u00fara jemne obop\u00edna pa\u017ee a umo\u017e\u0148uje prirodzen\u00fd pohyb bez obmedzenia. Ka\u017ed\u00fd p\u00e1r ruk\u00e1vnikov je v\u00fdsledkom starostliv\u00e9ho spracovania, ktor\u00e9 sp\u00e1ja estetiku s funk\u010dnos\u0165ou. Ruk\u00e1vniky si zachov\u00e1vaj\u00fa tvar aj po dlh\u0161om nosen\u00ed, pri\u010dom prin\u00e1\u0161aj\u00fa pocit hrejiv\u00e9ho komfortu po\u010das cel\u00e9ho d\u0148a.<\/p>\n<p data-start=\"1970\" data-end=\"2186\">Armb\u00e5nd til damet\u00f8j <strong data-start=\"1980\" data-end=\"2000\">KATJA tmavomodr\u00e9<\/strong> sa dokonale hodia k driekovn\u00edku, n\u00e1kr\u010dn\u00edku \u010di \u010diapke z rovnakej kolekcie <strong data-start=\"2074\" data-end=\"2084\">TATTJA<\/strong>. Spolu vytvoria harmonick\u00fd celok, ktor\u00fd pod\u010diarkne \u017eensk\u00fd \u0161t\u00fdl a dod\u00e1 outfitu exkluz\u00edvny charakter.<\/p>\n<p data-start=\"2188\" data-end=\"2293\">Oplev sk\u00f8nheden i delikatesse, sofistikerede detaljer og feminin stil, der vil holde dig varm og... <a href=\"https:\/\/www.tattja.com\/da\/product-category\/damske-oblecenie\/doplnky-jednotlivo\/rukavniky-2\/\">i andre farver<\/a>.<\/p>\n<p data-start=\"2295\" data-end=\"2443\"><strong data-start=\"2295\" data-end=\"2349\">Se her, <a href=\"https:\/\/shop.bogensberger.co.at\/produkt-schlagwort\/merino-extrafein\/\">fra hvilke materialer<\/a> vi producerer vores v\u00e6rker<\/strong> a doprajte si p\u00f4\u017eitok z luxusu, pohodlia a kvality, ktor\u00e9 s\u00fa pre zna\u010dku <strong data-start=\"2422\" data-end=\"2432\">TATTJA<\/strong> typick\u00e9.<\/p>","protected":false},"excerpt":{"rendered":"<p data-start=\"682\" data-end=\"852\"><strong data-start=\"682\" data-end=\"729\">Armb\u00e5nd til kvinder KATJA m\u00f8rkebl\u00e5<\/strong> prin\u00e1\u0161aj\u00fa dotyk elegancie, funk\u010dnosti a pohodlia. S\u00fa ide\u00e1lne na vrstvenie, zahrej\u00fa a zv\u00fdraznia osobit\u00fd \u0161t\u00fdl ka\u017edej \u017eeny.<\/p>","protected":false},"featured_media":7700,"comment_status":"open","ping_status":"closed","template":"","meta":[],"product_brand":[],"product_cat":[300,298,201,281,207],"product_tag":[],"class_list":{"0":"post-2057","1":"product","2":"type-product","3":"status-publish","4":"has-post-thumbnail","6":"product_cat-damske-oblecenie","7":"product_cat-doplnky-jednotlivo","8":"product_cat-pleteninove-doplnky-tmavomodre","9":"product_cat-rukavniky-2","10":"product_cat-rukavniky-tmavomodre","12":"first","13":"instock","14":"taxable","15":"shipping-taxable","16":"purchasable","17":"product-type-simple"},"yoast_head":"<!-- This site is optimized with the Yoast SEO plugin v26.0 - https:\/\/yoast.com\/wordpress\/plugins\/seo\/ -->\n<title>D\u00e1mske oble\u010denie ruk\u00e1vniky KATJA tmavomodr\u00e9 - TATTJA<\/title>\n<meta name=\"description\" content=\"D\u00e1mske oble\u010denie ruk\u00e1vniky KATJA tmavomodr\u00e9 \u2013 elegantn\u00e9 pleten\u00e9 ruk\u00e1vniky, ktor\u00e9 sp\u00e1jaj\u00fa komfort, \u0161t\u00fdl a hrejivos\u0165 s n\u00e1dychom noblesy.\" \/>\n<meta name=\"robots\" content=\"index, follow, max-snippet:-1, max-image-preview:large, max-video-preview:-1\" \/>\n<link rel=\"canonical\" href=\"https:\/\/www.tattja.com\/da\/product\/rukavniky-katja-tmavomodre\/\" \/>\n<meta property=\"og:locale\" content=\"da_DK\" \/>\n<meta property=\"og:type\" content=\"article\" \/>\n<meta property=\"og:title\" content=\"D\u00e1mske oble\u010denie ruk\u00e1vniky KATJA tmavomodr\u00e9 - TATTJA\" \/>\n<meta property=\"og:description\" content=\"D\u00e1mske oble\u010denie ruk\u00e1vniky KATJA tmavomodr\u00e9 \u2013 elegantn\u00e9 pleten\u00e9 ruk\u00e1vniky, ktor\u00e9 sp\u00e1jaj\u00fa komfort, \u0161t\u00fdl a hrejivos\u0165 s n\u00e1dychom noblesy.\" \/>\n<meta property=\"og:url\" content=\"https:\/\/www.tattja.com\/da\/product\/rukavniky-katja-tmavomodre\/\" \/>\n<meta property=\"og:site_name\" content=\"TATTJA\" \/>\n<meta property=\"article:modified_time\" content=\"2026-04-05T17:44:47+00:00\" \/>\n<meta property=\"og:image\" content=\"https:\/\/www.tattja.com\/wp-content\/uploads\/2026\/01\/tmavomodry-rukavniky-spredu-37.webp\" \/>\n\t<meta property=\"og:image:width\" content=\"1365\" \/>\n\t<meta property=\"og:image:height\" content=\"2048\" \/>\n\t<meta property=\"og:image:type\" content=\"image\/webp\" \/>\n<meta name=\"twitter:card\" content=\"summary_large_image\" \/>\n<meta name=\"twitter:label1\" content=\"Estimeret l\u00e6setid\" \/>\n\t<meta name=\"twitter:data1\" content=\"2 minutter\" \/>\n<script type=\"application\/ld+json\" class=\"yoast-schema-graph\">{\"@context\":\"https:\/\/schema.org\",\"@graph\":[{\"@type\":\"WebPage\",\"@id\":\"https:\/\/www.tattja.com\/product\/rukavniky-katja-tmavomodre\/\",\"url\":\"https:\/\/www.tattja.com\/product\/rukavniky-katja-tmavomodre\/\",\"name\":\"D\u00e1mske oble\u010denie ruk\u00e1vniky KATJA tmavomodr\u00e9 - TATTJA\",\"isPartOf\":{\"@id\":\"https:\/\/www.tattja.com\/#website\"},\"primaryImageOfPage\":{\"@id\":\"https:\/\/www.tattja.com\/product\/rukavniky-katja-tmavomodre\/#primaryimage\"},\"image\":{\"@id\":\"https:\/\/www.tattja.com\/product\/rukavniky-katja-tmavomodre\/#primaryimage\"},\"thumbnailUrl\":\"https:\/\/www.tattja.com\/wp-content\/uploads\/2026\/01\/tmavomodry-rukavniky-spredu-37.webp\",\"datePublished\":\"2025-08-21T07:34:37+00:00\",\"dateModified\":\"2026-04-05T17:44:47+00:00\",\"description\":\"D\u00e1mske oble\u010denie ruk\u00e1vniky KATJA tmavomodr\u00e9 \u2013 elegantn\u00e9 pleten\u00e9 ruk\u00e1vniky, ktor\u00e9 sp\u00e1jaj\u00fa komfort, \u0161t\u00fdl a hrejivos\u0165 s n\u00e1dychom noblesy.\",\"breadcrumb\":{\"@id\":\"https:\/\/www.tattja.com\/product\/rukavniky-katja-tmavomodre\/#breadcrumb\"},\"inLanguage\":\"da-DK\",\"potentialAction\":[{\"@type\":\"ReadAction\",\"target\":[\"https:\/\/www.tattja.com\/product\/rukavniky-katja-tmavomodre\/\"]}]},{\"@type\":\"ImageObject\",\"inLanguage\":\"da-DK\",\"@id\":\"https:\/\/www.tattja.com\/product\/rukavniky-katja-tmavomodre\/#primaryimage\",\"url\":\"https:\/\/www.tattja.com\/wp-content\/uploads\/2026\/01\/tmavomodry-rukavniky-spredu-37.webp\",\"contentUrl\":\"https:\/\/www.tattja.com\/wp-content\/uploads\/2026\/01\/tmavomodry-rukavniky-spredu-37.webp\",\"width\":1365,\"height\":2048,\"caption\":\"Tmavomodr\u00e9 pleten\u00e9 ruk\u00e1vniky KATJA TATTJA \u2013 poh\u013ead spredu\"},{\"@type\":\"BreadcrumbList\",\"@id\":\"https:\/\/www.tattja.com\/product\/rukavniky-katja-tmavomodre\/#breadcrumb\",\"itemListElement\":[{\"@type\":\"ListItem\",\"position\":1,\"name\":\"Domov\",\"item\":\"https:\/\/www.tattja.com\/\"},{\"@type\":\"ListItem\",\"position\":2,\"name\":\"Produkty\",\"item\":\"https:\/\/www.tattja.com\/damske-oblecenie-produkty\/\"},{\"@type\":\"ListItem\",\"position\":3,\"name\":\"D\u00e1mske oble\u010denie ruk\u00e1vniky KATJA tmavomodr\u00e9\"}]},{\"@type\":\"WebSite\",\"@id\":\"https:\/\/www.tattja.com\/#website\",\"url\":\"https:\/\/www.tattja.com\/\",\"name\":\"TATTJA\",\"description\":\"D\u00e1mske oble\u010denie z extra jemnej merino vlny \u2014 ru\u010dne pleten\u00e9 na Slovensku\",\"potentialAction\":[{\"@type\":\"SearchAction\",\"target\":{\"@type\":\"EntryPoint\",\"urlTemplate\":\"https:\/\/www.tattja.com\/?s={search_term_string}\"},\"query-input\":{\"@type\":\"PropertyValueSpecification\",\"valueRequired\":true,\"valueName\":\"search_term_string\"}}],\"inLanguage\":\"da-DK\"}]}<\/script>\n<!-- \/ Yoast SEO plugin. -->","yoast_head_json":{"title":"D\u00e1mske oble\u010denie ruk\u00e1vniky KATJA tmavomodr\u00e9 - TATTJA","description":"D\u00e1mske oble\u010denie ruk\u00e1vniky KATJA tmavomodr\u00e9 \u2013 elegantn\u00e9 pleten\u00e9 ruk\u00e1vniky, ktor\u00e9 sp\u00e1jaj\u00fa komfort, \u0161t\u00fdl a hrejivos\u0165 s n\u00e1dychom noblesy.","robots":{"index":"index","follow":"follow","max-snippet":"max-snippet:-1","max-image-preview":"max-image-preview:large","max-video-preview":"max-video-preview:-1"},"canonical":"https:\/\/www.tattja.com\/da\/product\/rukavniky-katja-tmavomodre\/","og_locale":"da_DK","og_type":"article","og_title":"D\u00e1mske oble\u010denie ruk\u00e1vniky KATJA tmavomodr\u00e9 - TATTJA","og_description":"D\u00e1mske oble\u010denie ruk\u00e1vniky KATJA tmavomodr\u00e9 \u2013 elegantn\u00e9 pleten\u00e9 ruk\u00e1vniky, ktor\u00e9 sp\u00e1jaj\u00fa komfort, \u0161t\u00fdl a hrejivos\u0165 s n\u00e1dychom noblesy.","og_url":"https:\/\/www.tattja.com\/da\/product\/rukavniky-katja-tmavomodre\/","og_site_name":"TATTJA","article_modified_time":"2026-04-05T17:44:47+00:00","og_image":[{"width":1365,"height":2048,"url":"https:\/\/www.tattja.com\/wp-content\/uploads\/2026\/01\/tmavomodry-rukavniky-spredu-37.webp","type":"image\/webp"}],"twitter_card":"summary_large_image","twitter_misc":{"Estimeret l\u00e6setid":"2 minutter"},"schema":{"@context":"https:\/\/schema.org","@graph":[{"@type":"WebPage","@id":"https:\/\/www.tattja.com\/product\/rukavniky-katja-tmavomodre\/","url":"https:\/\/www.tattja.com\/product\/rukavniky-katja-tmavomodre\/","name":"D\u00e1mske oble\u010denie ruk\u00e1vniky KATJA tmavomodr\u00e9 - TATTJA","isPartOf":{"@id":"https:\/\/www.tattja.com\/#website"},"primaryImageOfPage":{"@id":"https:\/\/www.tattja.com\/product\/rukavniky-katja-tmavomodre\/#primaryimage"},"image":{"@id":"https:\/\/www.tattja.com\/product\/rukavniky-katja-tmavomodre\/#primaryimage"},"thumbnailUrl":"https:\/\/www.tattja.com\/wp-content\/uploads\/2026\/01\/tmavomodry-rukavniky-spredu-37.webp","datePublished":"2025-08-21T07:34:37+00:00","dateModified":"2026-04-05T17:44:47+00:00","description":"D\u00e1mske oble\u010denie ruk\u00e1vniky KATJA tmavomodr\u00e9 \u2013 elegantn\u00e9 pleten\u00e9 ruk\u00e1vniky, ktor\u00e9 sp\u00e1jaj\u00fa komfort, \u0161t\u00fdl a hrejivos\u0165 s n\u00e1dychom noblesy.","breadcrumb":{"@id":"https:\/\/www.tattja.com\/product\/rukavniky-katja-tmavomodre\/#breadcrumb"},"inLanguage":"da-DK","potentialAction":[{"@type":"ReadAction","target":["https:\/\/www.tattja.com\/product\/rukavniky-katja-tmavomodre\/"]}]},{"@type":"ImageObject","inLanguage":"da-DK","@id":"https:\/\/www.tattja.com\/product\/rukavniky-katja-tmavomodre\/#primaryimage","url":"https:\/\/www.tattja.com\/wp-content\/uploads\/2026\/01\/tmavomodry-rukavniky-spredu-37.webp","contentUrl":"https:\/\/www.tattja.com\/wp-content\/uploads\/2026\/01\/tmavomodry-rukavniky-spredu-37.webp","width":1365,"height":2048,"caption":"Tmavomodr\u00e9 pleten\u00e9 ruk\u00e1vniky KATJA TATTJA \u2013 poh\u013ead spredu"},{"@type":"BreadcrumbList","@id":"https:\/\/www.tattja.com\/product\/rukavniky-katja-tmavomodre\/#breadcrumb","itemListElement":[{"@type":"ListItem","position":1,"name":"Domov","item":"https:\/\/www.tattja.com\/"},{"@type":"ListItem","position":2,"name":"Produkty","item":"https:\/\/www.tattja.com\/damske-oblecenie-produkty\/"},{"@type":"ListItem","position":3,"name":"D\u00e1mske oble\u010denie ruk\u00e1vniky KATJA tmavomodr\u00e9"}]},{"@type":"WebSite","@id":"https:\/\/www.tattja.com\/#website","url":"https:\/\/www.tattja.com\/","name":"TATTJA","description":"D\u00e1mske oble\u010denie z extra jemnej merino vlny \u2014 ru\u010dne pleten\u00e9 na Slovensku","potentialAction":[{"@type":"SearchAction","target":{"@type":"EntryPoint","urlTemplate":"https:\/\/www.tattja.com\/?s={search_term_string}"},"query-input":{"@type":"PropertyValueSpecification","valueRequired":true,"valueName":"search_term_string"}}],"inLanguage":"da-DK"}]}},"_links":{"self":[{"href":"https:\/\/www.tattja.com\/da\/wp-json\/wp\/v2\/product\/2057","targetHints":{"allow":["GET"]}}],"collection":[{"href":"https:\/\/www.tattja.com\/da\/wp-json\/wp\/v2\/product"}],"about":[{"href":"https:\/\/www.tattja.com\/da\/wp-json\/wp\/v2\/types\/product"}],"replies":[{"embeddable":true,"href":"https:\/\/www.tattja.com\/da\/wp-json\/wp\/v2\/comments?post=2057"}],"version-history":[{"count":5,"href":"https:\/\/www.tattja.com\/da\/wp-json\/wp\/v2\/product\/2057\/revisions"}],"predecessor-version":[{"id":5890,"href":"https:\/\/www.tattja.com\/da\/wp-json\/wp\/v2\/product\/2057\/revisions\/5890"}],"wp:featuredmedia":[{"embeddable":true,"href":"https:\/\/www.tattja.com\/da\/wp-json\/wp\/v2\/media\/7700"}],"wp:attachment":[{"href":"https:\/\/www.tattja.com\/da\/wp-json\/wp\/v2\/media?parent=2057"}],"wp:term":[{"taxonomy":"product_brand","embeddable":true,"href":"https:\/\/www.tattja.com\/da\/wp-json\/wp\/v2\/product_brand?post=2057"},{"taxonomy":"product_cat","embeddable":true,"href":"https:\/\/www.tattja.com\/da\/wp-json\/wp\/v2\/product_cat?post=2057"},{"taxonomy":"product_tag","embeddable":true,"href":"https:\/\/www.tattja.com\/da\/wp-json\/wp\/v2\/product_tag?post=2057"}],"curies":[{"name":"wp","href":"https:\/\/api.w.org\/{rel}","templated":true}]}}