{"id":2103,"date":"2025-08-21T10:41:21","date_gmt":"2025-08-21T08:41:21","guid":{"rendered":"https:\/\/www.tattja.com\/?post_type=product&#038;p=2103"},"modified":"2026-04-05T19:44:42","modified_gmt":"2026-04-05T17:44:42","slug":"damske-oblecenie-dvojset-ingeborg-bledofialovy-orgovanovy","status":"publish","type":"product","link":"https:\/\/www.tattja.com\/da\/product\/damske-oblecenie-dvojset-ingeborg-bledofialovy-orgovanovy\/","title":{"rendered":"D\u00e1mske oble\u010denie 2-set INGEBORG bledofialov\u00fd orgov\u00e1nov\u00fd"},"content":{"rendered":"<p data-start=\"932\" data-end=\"1277\"><strong data-start=\"932\" data-end=\"976\">Dobbelt s\u00e6t til kvinder INGEBORG pale lilac lilac<\/strong> kombinerer bl\u00f8dhed, femininitet og moderne minimalisme. Dette elegante s\u00e6t fra kollektionen <strong data-start=\"1056\" data-end=\"1066\">TATTJA<\/strong> best\u00e5r af en kasket med skjold og en bl\u00f8d halsvarmer, som tilsammen udg\u00f8r en harmonisk helhed. Deres sofistikerede design forener komfort, funktionalitet og \u00e6stetik - ideelt til hverdagsbrug og s\u00e6rlige \u00f8jeblikke.<\/p>\n<p data-start=\"1279\" data-end=\"1581\">Den lilla-blegviolette nuance ser delikat og luksuri\u00f8s ud p\u00e5 samme tid. Den udstr\u00e5ler en rolig, raffineret og underspillet sofistikerethed, som passer smukt til b\u00e5de vinter- og overgangsoutfits. Denne farve lyser blidt op i huden og tilf\u00f8rer dit look en feminin charme, uanset om du kombinerer den med neutrale eller mere fyldige toner.<\/p>\n<p data-start=\"1583\" data-end=\"1917\">Halsvarmeren i fint ribstrik tilpasser sig behageligt til skuldre og nakke og giver varme og et behageligt touch selv p\u00e5 koldere dage. Huen med sjal tilf\u00f8jer en moderne detalje og en funktionel dimension til s\u00e6ttet - den beskytter mod vinden, men ser samtidig sofistikeret ud. Sammen skaber de en enest\u00e5ende duo, som vil blive din uadskillelige f\u00f8lgesvend.<\/p>\n<p data-start=\"1919\" data-end=\"2168\">Dobbelt s\u00e6t damet\u00f8j <strong data-start=\"1927\" data-end=\"1963\">INGEBORG lys violet lilla<\/strong> vil appellere til kvinder, der elsker raffinement, elegance og up\u00e5klageligt h\u00e5ndv\u00e6rk. Hver eneste detalje er omhyggeligt udformet med fokus p\u00e5 kvalitet, komfort og tidl\u00f8st design - v\u00e6rdier, der definerer brandet. <strong data-start=\"2155\" data-end=\"2165\">TATTJA<\/strong>.<\/p>\n<p data-start=\"2170\" data-end=\"2275\">Oplev sk\u00f8nheden i delikatesse, sofistikerede detaljer og feminin stil, der vil holde dig varm og... <a href=\"https:\/\/www.tattja.com\/da\/product-category\/damske-oblecenie\/dvojsety\/nakrcnik-a-ciapka\/\">i andre farver.<\/a><\/p>\n<p data-start=\"2277\" data-end=\"2416\"><strong data-start=\"2277\" data-end=\"2331\">Se her,<a href=\"https:\/\/shop.bogensberger.co.at\/produkt-schlagwort\/merino-extrafein\/\"> fra hvilke materialer<\/a> vi producerer vores v\u00e6rker<\/strong> og fork\u00e6l dig selv med et strejf af luksus, der kombinerer komfort, stil og naturlig sk\u00f8nhed i \u00e9t.<\/p>","protected":false},"excerpt":{"rendered":"<p><strong data-start=\"732\" data-end=\"776\">Dobbelt s\u00e6t INGEBORG lys violet lilla<\/strong> - en tidl\u00f8s kombination af kasket og halssmykke, der skaber harmoni mellem komfort, bl\u00f8dhed og minimalistisk elegance.<\/p>","protected":false},"featured_media":7378,"comment_status":"open","ping_status":"closed","template":"","meta":[],"product_brand":[],"product_cat":[289,300,148,291,145],"product_tag":[],"class_list":{"0":"post-2103","1":"product","2":"type-product","3":"status-publish","4":"has-post-thumbnail","6":"product_cat-dvojsety","7":"product_cat-damske-oblecenie","8":"product_cat-dvojsety-bledofialove-orgovanove","9":"product_cat-nakrcnik-a-ciapka","10":"product_cat-pleteninove-doplnky-bledofialove-orgovanove","12":"first","13":"instock","14":"taxable","15":"shipping-taxable","16":"purchasable","17":"product-type-simple"},"yoast_head":"<!-- This site is optimized with the Yoast SEO plugin v26.0 - https:\/\/yoast.com\/wordpress\/plugins\/seo\/ -->\n<title>D\u00e1mske oble\u010denie 2-set INGEBORG bledofialov\u00fd orgov\u00e1nov\u00fd - TATTJA<\/title>\n<meta name=\"description\" content=\"Dvojset INGEBORG bledofialov\u00fd orgov\u00e1nov\u00fd \u2013 elegantn\u00fd set \u010diapky a n\u00e1kr\u010dn\u00edka v odtieni jemn\u00e9ho luxusu, ktor\u00fd sp\u00e1ja \u017eenskos\u0165, teplo a \u0161t\u00fdl.\" \/>\n<meta name=\"robots\" content=\"index, follow, max-snippet:-1, max-image-preview:large, max-video-preview:-1\" \/>\n<link rel=\"canonical\" href=\"https:\/\/www.tattja.com\/da\/product\/damske-oblecenie-dvojset-ingeborg-bledofialovy-orgovanovy\/\" \/>\n<meta property=\"og:locale\" content=\"da_DK\" \/>\n<meta property=\"og:type\" content=\"article\" \/>\n<meta property=\"og:title\" content=\"D\u00e1mske oble\u010denie 2-set INGEBORG bledofialov\u00fd orgov\u00e1nov\u00fd - TATTJA\" \/>\n<meta property=\"og:description\" content=\"Dvojset INGEBORG bledofialov\u00fd orgov\u00e1nov\u00fd \u2013 elegantn\u00fd set \u010diapky a n\u00e1kr\u010dn\u00edka v odtieni jemn\u00e9ho luxusu, ktor\u00fd sp\u00e1ja \u017eenskos\u0165, teplo a \u0161t\u00fdl.\" \/>\n<meta property=\"og:url\" content=\"https:\/\/www.tattja.com\/da\/product\/damske-oblecenie-dvojset-ingeborg-bledofialovy-orgovanovy\/\" \/>\n<meta property=\"og:site_name\" content=\"TATTJA\" \/>\n<meta property=\"article:modified_time\" content=\"2026-04-05T17:44:42+00:00\" \/>\n<meta property=\"og:image\" content=\"https:\/\/www.tattja.com\/wp-content\/uploads\/2025\/12\/bledofialovy-orgovanovy-dvojset-nakrcnik-ciapka-spredu-25.webp\" \/>\n\t<meta property=\"og:image:width\" content=\"1365\" \/>\n\t<meta property=\"og:image:height\" content=\"2048\" \/>\n\t<meta property=\"og:image:type\" content=\"image\/webp\" \/>\n<meta name=\"twitter:card\" content=\"summary_large_image\" \/>\n<meta name=\"twitter:label1\" content=\"Estimeret l\u00e6setid\" \/>\n\t<meta name=\"twitter:data1\" content=\"2 minutter\" \/>\n<script type=\"application\/ld+json\" class=\"yoast-schema-graph\">{\"@context\":\"https:\/\/schema.org\",\"@graph\":[{\"@type\":\"WebPage\",\"@id\":\"https:\/\/www.tattja.com\/product\/damske-oblecenie-dvojset-ingeborg-bledofialovy-orgovanovy\/\",\"url\":\"https:\/\/www.tattja.com\/product\/damske-oblecenie-dvojset-ingeborg-bledofialovy-orgovanovy\/\",\"name\":\"D\u00e1mske oble\u010denie 2-set INGEBORG bledofialov\u00fd orgov\u00e1nov\u00fd - TATTJA\",\"isPartOf\":{\"@id\":\"https:\/\/www.tattja.com\/#website\"},\"primaryImageOfPage\":{\"@id\":\"https:\/\/www.tattja.com\/product\/damske-oblecenie-dvojset-ingeborg-bledofialovy-orgovanovy\/#primaryimage\"},\"image\":{\"@id\":\"https:\/\/www.tattja.com\/product\/damske-oblecenie-dvojset-ingeborg-bledofialovy-orgovanovy\/#primaryimage\"},\"thumbnailUrl\":\"https:\/\/www.tattja.com\/wp-content\/uploads\/2025\/12\/bledofialovy-orgovanovy-dvojset-nakrcnik-ciapka-spredu-25.webp\",\"datePublished\":\"2025-08-21T08:41:21+00:00\",\"dateModified\":\"2026-04-05T17:44:42+00:00\",\"description\":\"Dvojset INGEBORG bledofialov\u00fd orgov\u00e1nov\u00fd \u2013 elegantn\u00fd set \u010diapky a n\u00e1kr\u010dn\u00edka v odtieni jemn\u00e9ho luxusu, ktor\u00fd sp\u00e1ja \u017eenskos\u0165, teplo a \u0161t\u00fdl.\",\"breadcrumb\":{\"@id\":\"https:\/\/www.tattja.com\/product\/damske-oblecenie-dvojset-ingeborg-bledofialovy-orgovanovy\/#breadcrumb\"},\"inLanguage\":\"da-DK\",\"potentialAction\":[{\"@type\":\"ReadAction\",\"target\":[\"https:\/\/www.tattja.com\/product\/damske-oblecenie-dvojset-ingeborg-bledofialovy-orgovanovy\/\"]}]},{\"@type\":\"ImageObject\",\"inLanguage\":\"da-DK\",\"@id\":\"https:\/\/www.tattja.com\/product\/damske-oblecenie-dvojset-ingeborg-bledofialovy-orgovanovy\/#primaryimage\",\"url\":\"https:\/\/www.tattja.com\/wp-content\/uploads\/2025\/12\/bledofialovy-orgovanovy-dvojset-nakrcnik-ciapka-spredu-25.webp\",\"contentUrl\":\"https:\/\/www.tattja.com\/wp-content\/uploads\/2025\/12\/bledofialovy-orgovanovy-dvojset-nakrcnik-ciapka-spredu-25.webp\",\"width\":1365,\"height\":2048,\"caption\":\"Bledofialovo-orgov\u00e1nov\u00fd pleten\u00fd dvojset INGEBORG \u2013 n\u00e1kr\u010dn\u00edk a \u010diapka, predn\u00fd poh\u013ead\"},{\"@type\":\"BreadcrumbList\",\"@id\":\"https:\/\/www.tattja.com\/product\/damske-oblecenie-dvojset-ingeborg-bledofialovy-orgovanovy\/#breadcrumb\",\"itemListElement\":[{\"@type\":\"ListItem\",\"position\":1,\"name\":\"Domov\",\"item\":\"https:\/\/www.tattja.com\/\"},{\"@type\":\"ListItem\",\"position\":2,\"name\":\"Produkty\",\"item\":\"https:\/\/www.tattja.com\/damske-oblecenie-produkty\/\"},{\"@type\":\"ListItem\",\"position\":3,\"name\":\"D\u00e1mske oble\u010denie 2-set INGEBORG bledofialov\u00fd orgov\u00e1nov\u00fd\"}]},{\"@type\":\"WebSite\",\"@id\":\"https:\/\/www.tattja.com\/#website\",\"url\":\"https:\/\/www.tattja.com\/\",\"name\":\"TATTJA\",\"description\":\"D\u00e1mske oble\u010denie z extra jemnej merino vlny \u2014 ru\u010dne pleten\u00e9 na Slovensku\",\"potentialAction\":[{\"@type\":\"SearchAction\",\"target\":{\"@type\":\"EntryPoint\",\"urlTemplate\":\"https:\/\/www.tattja.com\/?s={search_term_string}\"},\"query-input\":{\"@type\":\"PropertyValueSpecification\",\"valueRequired\":true,\"valueName\":\"search_term_string\"}}],\"inLanguage\":\"da-DK\"}]}<\/script>\n<!-- \/ Yoast SEO plugin. -->","yoast_head_json":{"title":"D\u00e1mske oble\u010denie 2-set INGEBORG bledofialov\u00fd orgov\u00e1nov\u00fd - TATTJA","description":"Dvojset INGEBORG bledofialov\u00fd orgov\u00e1nov\u00fd \u2013 elegantn\u00fd set \u010diapky a n\u00e1kr\u010dn\u00edka v odtieni jemn\u00e9ho luxusu, ktor\u00fd sp\u00e1ja \u017eenskos\u0165, teplo a \u0161t\u00fdl.","robots":{"index":"index","follow":"follow","max-snippet":"max-snippet:-1","max-image-preview":"max-image-preview:large","max-video-preview":"max-video-preview:-1"},"canonical":"https:\/\/www.tattja.com\/da\/product\/damske-oblecenie-dvojset-ingeborg-bledofialovy-orgovanovy\/","og_locale":"da_DK","og_type":"article","og_title":"D\u00e1mske oble\u010denie 2-set INGEBORG bledofialov\u00fd orgov\u00e1nov\u00fd - TATTJA","og_description":"Dvojset INGEBORG bledofialov\u00fd orgov\u00e1nov\u00fd \u2013 elegantn\u00fd set \u010diapky a n\u00e1kr\u010dn\u00edka v odtieni jemn\u00e9ho luxusu, ktor\u00fd sp\u00e1ja \u017eenskos\u0165, teplo a \u0161t\u00fdl.","og_url":"https:\/\/www.tattja.com\/da\/product\/damske-oblecenie-dvojset-ingeborg-bledofialovy-orgovanovy\/","og_site_name":"TATTJA","article_modified_time":"2026-04-05T17:44:42+00:00","og_image":[{"width":1365,"height":2048,"url":"https:\/\/www.tattja.com\/wp-content\/uploads\/2025\/12\/bledofialovy-orgovanovy-dvojset-nakrcnik-ciapka-spredu-25.webp","type":"image\/webp"}],"twitter_card":"summary_large_image","twitter_misc":{"Estimeret l\u00e6setid":"2 minutter"},"schema":{"@context":"https:\/\/schema.org","@graph":[{"@type":"WebPage","@id":"https:\/\/www.tattja.com\/product\/damske-oblecenie-dvojset-ingeborg-bledofialovy-orgovanovy\/","url":"https:\/\/www.tattja.com\/product\/damske-oblecenie-dvojset-ingeborg-bledofialovy-orgovanovy\/","name":"D\u00e1mske oble\u010denie 2-set INGEBORG bledofialov\u00fd orgov\u00e1nov\u00fd - TATTJA","isPartOf":{"@id":"https:\/\/www.tattja.com\/#website"},"primaryImageOfPage":{"@id":"https:\/\/www.tattja.com\/product\/damske-oblecenie-dvojset-ingeborg-bledofialovy-orgovanovy\/#primaryimage"},"image":{"@id":"https:\/\/www.tattja.com\/product\/damske-oblecenie-dvojset-ingeborg-bledofialovy-orgovanovy\/#primaryimage"},"thumbnailUrl":"https:\/\/www.tattja.com\/wp-content\/uploads\/2025\/12\/bledofialovy-orgovanovy-dvojset-nakrcnik-ciapka-spredu-25.webp","datePublished":"2025-08-21T08:41:21+00:00","dateModified":"2026-04-05T17:44:42+00:00","description":"Dvojset INGEBORG bledofialov\u00fd orgov\u00e1nov\u00fd \u2013 elegantn\u00fd set \u010diapky a n\u00e1kr\u010dn\u00edka v odtieni jemn\u00e9ho luxusu, ktor\u00fd sp\u00e1ja \u017eenskos\u0165, teplo a \u0161t\u00fdl.","breadcrumb":{"@id":"https:\/\/www.tattja.com\/product\/damske-oblecenie-dvojset-ingeborg-bledofialovy-orgovanovy\/#breadcrumb"},"inLanguage":"da-DK","potentialAction":[{"@type":"ReadAction","target":["https:\/\/www.tattja.com\/product\/damske-oblecenie-dvojset-ingeborg-bledofialovy-orgovanovy\/"]}]},{"@type":"ImageObject","inLanguage":"da-DK","@id":"https:\/\/www.tattja.com\/product\/damske-oblecenie-dvojset-ingeborg-bledofialovy-orgovanovy\/#primaryimage","url":"https:\/\/www.tattja.com\/wp-content\/uploads\/2025\/12\/bledofialovy-orgovanovy-dvojset-nakrcnik-ciapka-spredu-25.webp","contentUrl":"https:\/\/www.tattja.com\/wp-content\/uploads\/2025\/12\/bledofialovy-orgovanovy-dvojset-nakrcnik-ciapka-spredu-25.webp","width":1365,"height":2048,"caption":"Bledofialovo-orgov\u00e1nov\u00fd pleten\u00fd dvojset INGEBORG \u2013 n\u00e1kr\u010dn\u00edk a \u010diapka, predn\u00fd poh\u013ead"},{"@type":"BreadcrumbList","@id":"https:\/\/www.tattja.com\/product\/damske-oblecenie-dvojset-ingeborg-bledofialovy-orgovanovy\/#breadcrumb","itemListElement":[{"@type":"ListItem","position":1,"name":"Domov","item":"https:\/\/www.tattja.com\/"},{"@type":"ListItem","position":2,"name":"Produkty","item":"https:\/\/www.tattja.com\/damske-oblecenie-produkty\/"},{"@type":"ListItem","position":3,"name":"D\u00e1mske oble\u010denie 2-set INGEBORG bledofialov\u00fd orgov\u00e1nov\u00fd"}]},{"@type":"WebSite","@id":"https:\/\/www.tattja.com\/#website","url":"https:\/\/www.tattja.com\/","name":"TATTJA","description":"D\u00e1mske oble\u010denie z extra jemnej merino vlny \u2014 ru\u010dne pleten\u00e9 na Slovensku","potentialAction":[{"@type":"SearchAction","target":{"@type":"EntryPoint","urlTemplate":"https:\/\/www.tattja.com\/?s={search_term_string}"},"query-input":{"@type":"PropertyValueSpecification","valueRequired":true,"valueName":"search_term_string"}}],"inLanguage":"da-DK"}]}},"_links":{"self":[{"href":"https:\/\/www.tattja.com\/da\/wp-json\/wp\/v2\/product\/2103","targetHints":{"allow":["GET"]}}],"collection":[{"href":"https:\/\/www.tattja.com\/da\/wp-json\/wp\/v2\/product"}],"about":[{"href":"https:\/\/www.tattja.com\/da\/wp-json\/wp\/v2\/types\/product"}],"replies":[{"embeddable":true,"href":"https:\/\/www.tattja.com\/da\/wp-json\/wp\/v2\/comments?post=2103"}],"version-history":[{"count":6,"href":"https:\/\/www.tattja.com\/da\/wp-json\/wp\/v2\/product\/2103\/revisions"}],"predecessor-version":[{"id":7179,"href":"https:\/\/www.tattja.com\/da\/wp-json\/wp\/v2\/product\/2103\/revisions\/7179"}],"wp:featuredmedia":[{"embeddable":true,"href":"https:\/\/www.tattja.com\/da\/wp-json\/wp\/v2\/media\/7378"}],"wp:attachment":[{"href":"https:\/\/www.tattja.com\/da\/wp-json\/wp\/v2\/media?parent=2103"}],"wp:term":[{"taxonomy":"product_brand","embeddable":true,"href":"https:\/\/www.tattja.com\/da\/wp-json\/wp\/v2\/product_brand?post=2103"},{"taxonomy":"product_cat","embeddable":true,"href":"https:\/\/www.tattja.com\/da\/wp-json\/wp\/v2\/product_cat?post=2103"},{"taxonomy":"product_tag","embeddable":true,"href":"https:\/\/www.tattja.com\/da\/wp-json\/wp\/v2\/product_tag?post=2103"}],"curies":[{"name":"wp","href":"https:\/\/api.w.org\/{rel}","templated":true}]}}