{"id":2107,"date":"2025-08-21T10:43:21","date_gmt":"2025-08-21T08:43:21","guid":{"rendered":"https:\/\/www.tattja.com\/?post_type=product&#038;p=2107"},"modified":"2026-04-05T19:44:42","modified_gmt":"2026-04-05T17:44:42","slug":"damske-oblecenie-trojset-gunvar-bledofialovy-orgovanovy","status":"publish","type":"product","link":"https:\/\/www.tattja.com\/da\/product\/damske-oblecenie-trojset-gunvar-bledofialovy-orgovanovy\/","title":{"rendered":"D\u00e1mske oble\u010denie 3-set GUNVAR bledofialov\u00fd orgov\u00e1nov\u00fd"},"content":{"rendered":"<p data-start=\"1075\" data-end=\"1351\"><strong data-start=\"1075\" data-end=\"1134\">Damet\u00f8j tre-s\u00e6t GUNVAR bleg lilla lilla<\/strong> er en kombination af subtil elegance, funktionalitet og luksuri\u00f8s komfort. Dette f\u00f8rsteklasses s\u00e6t fra m\u00e6rket <strong data-start=\"1236\" data-end=\"1246\">TATTJA<\/strong> Vi har designet til kvinden, der ser sk\u00f8nhed i detaljerne og er p\u00e5 udkig efter et stykke mode, der fremh\u00e6ver hendes personlighed.<\/p>\n<p data-start=\"1353\" data-end=\"1700\">Det tredelte s\u00e6t best\u00e5r af tre dele - tr\u00f8jen, armb\u00e5ndene og h\u00e6tten med skjold. Hagesm\u00e6kken smyger sig om taljen, holder p\u00e5 varmen og giver en f\u00f8lelse af tryghed. \u00c6rmerne forl\u00e6nger armenes silhuet og bl\u00f8dg\u00f8r enhver bev\u00e6gelse, mens huen tilf\u00f8jer et b\u00e5de praktisk og stilfuldt element til outfittet. Alle tre dele danner tilsammen en harmonisk helhed, der ser elegant og feminin ud.<\/p>\n<p data-start=\"1702\" data-end=\"1973\">Den blege lilla-lilla farve bringer friskhed, ro og subtil raffinement til outfittet. Den symboliserer kvindelighed, f\u00f8lsomhed og indre styrke. Denne nuance kombineres smukt med neutrale toner - beige, gr\u00e5 eller hvid, hvilket g\u00f8r den til en alsidig del af din garderobe.<\/p>\n<p data-start=\"1975\" data-end=\"2210\">Strikken er bl\u00f8d, elastisk og varmende, hvilket giver komfort hele dagen og et smart look. Hver detalje er resultatet af omhyggeligt h\u00e5ndarbejde, der afspejler m\u00e6rkets filosofi. <strong data-start=\"2153\" data-end=\"2163\">TATTJA<\/strong> - kombinerer \u00e6stetik, h\u00e5ndv\u00e6rk og tidl\u00f8shed.<\/p>\n<p data-start=\"2212\" data-end=\"2348\">GUNVARs tredobbelte s\u00e6t til kvinder i lys syren er det ideelle valg til kvinder, der \u00f8nsker en kombination af stil, komfort og raffineret elegance.<\/p>\n<p data-start=\"2350\" data-end=\"2455\">Oplev sk\u00f8nheden i delikatesse, sofistikerede detaljer og feminin stil, der vil holde dig varm og... <a href=\"https:\/\/www.tattja.com\/da\/product-category\/damske-oblecenie\/trojsety-3\/driekovnik-a-rukavniky-a-ciapka\/\">i andre farver.<\/a><\/p>\n<p data-start=\"2457\" data-end=\"2606\"><strong data-start=\"2457\" data-end=\"2511\">Se her, <a href=\"https:\/\/shop.bogensberger.co.at\/produkt-schlagwort\/merino-extrafein\/\">fra hvilke materialer<\/a> vi producerer vores v\u00e6rker<\/strong> og bliv inspireret af verden <strong data-start=\"2544\" data-end=\"2554\">TATTJA<\/strong>, hvor sk\u00f8nhed kombineres med komfort og charme.<\/p>","protected":false},"excerpt":{"rendered":"<p data-start=\"705\" data-end=\"1033\"><strong data-start=\"705\" data-end=\"764\">Damet\u00f8j tre-s\u00e6t GUNVAR bleg lilla lilla<\/strong> skaber balance mellem elegance og komfort. Kraven former forsigtigt taljen, \u00e6rmerne giver ynde til bev\u00e6gelserne, og h\u00e6tten med skjorte fuldender outfittet med et moderne touch. Den blege lilla-lilla farve ser sofistikeret, bl\u00f8d og feminin ud - pr\u00e6cis i m\u00e6rkets \u00e5nd. <strong data-start=\"1020\" data-end=\"1030\">TATTJA<\/strong>.<\/p>","protected":false},"featured_media":7363,"comment_status":"open","ping_status":"closed","template":"","meta":[],"product_brand":[],"product_cat":[284,300,288,145,147],"product_tag":[],"class_list":{"0":"post-2107","1":"product","2":"type-product","3":"status-publish","4":"has-post-thumbnail","6":"product_cat-trojsety-3","7":"product_cat-damske-oblecenie","8":"product_cat-driekovnik-a-rukavniky-a-ciapka","9":"product_cat-pleteninove-doplnky-bledofialove-orgovanove","10":"product_cat-trojsety-bledofialove-orgovanove","12":"first","13":"instock","14":"taxable","15":"shipping-taxable","16":"purchasable","17":"product-type-simple"},"yoast_head":"<!-- This site is optimized with the Yoast SEO plugin v26.0 - https:\/\/yoast.com\/wordpress\/plugins\/seo\/ -->\n<title>D\u00e1mske oble\u010denie 3-set GUNVAR bledofialov\u00fd orgov\u00e1nov\u00fd - TATTJA<\/title>\n<meta name=\"description\" content=\"D\u00e1mske oble\u010denie trojset GUNVAR bledofialov\u00fd orgov\u00e1nov\u00fd \u2013 elegantn\u00fd pleten\u00fd set TATTJA v odtieni jemnej noblesy, ktor\u00fd sp\u00e1ja \u017eenskos\u0165, \u0161t\u00fdl a komfort.\" \/>\n<meta name=\"robots\" content=\"index, follow, max-snippet:-1, max-image-preview:large, max-video-preview:-1\" \/>\n<link rel=\"canonical\" href=\"https:\/\/www.tattja.com\/da\/product\/damske-oblecenie-trojset-gunvar-bledofialovy-orgovanovy\/\" \/>\n<meta property=\"og:locale\" content=\"da_DK\" \/>\n<meta property=\"og:type\" content=\"article\" \/>\n<meta property=\"og:title\" content=\"D\u00e1mske oble\u010denie 3-set GUNVAR bledofialov\u00fd orgov\u00e1nov\u00fd - TATTJA\" \/>\n<meta property=\"og:description\" content=\"D\u00e1mske oble\u010denie trojset GUNVAR bledofialov\u00fd orgov\u00e1nov\u00fd \u2013 elegantn\u00fd pleten\u00fd set TATTJA v odtieni jemnej noblesy, ktor\u00fd sp\u00e1ja \u017eenskos\u0165, \u0161t\u00fdl a komfort.\" \/>\n<meta property=\"og:url\" content=\"https:\/\/www.tattja.com\/da\/product\/damske-oblecenie-trojset-gunvar-bledofialovy-orgovanovy\/\" \/>\n<meta property=\"og:site_name\" content=\"TATTJA\" \/>\n<meta property=\"article:modified_time\" content=\"2026-04-05T17:44:42+00:00\" \/>\n<meta property=\"og:image\" content=\"https:\/\/www.tattja.com\/wp-content\/uploads\/2025\/12\/bledofialovy-orgovanovy-trojset-driekovnik-rukavniky-ciapka-spredu-13.webp\" \/>\n\t<meta property=\"og:image:width\" content=\"1365\" \/>\n\t<meta property=\"og:image:height\" content=\"2048\" \/>\n\t<meta property=\"og:image:type\" content=\"image\/webp\" \/>\n<meta name=\"twitter:card\" content=\"summary_large_image\" \/>\n<meta name=\"twitter:label1\" content=\"Estimeret l\u00e6setid\" \/>\n\t<meta name=\"twitter:data1\" content=\"2 minutter\" \/>\n<script type=\"application\/ld+json\" class=\"yoast-schema-graph\">{\"@context\":\"https:\/\/schema.org\",\"@graph\":[{\"@type\":\"WebPage\",\"@id\":\"https:\/\/www.tattja.com\/product\/damske-oblecenie-trojset-gunvar-bledofialovy-orgovanovy\/\",\"url\":\"https:\/\/www.tattja.com\/product\/damske-oblecenie-trojset-gunvar-bledofialovy-orgovanovy\/\",\"name\":\"D\u00e1mske oble\u010denie 3-set GUNVAR bledofialov\u00fd orgov\u00e1nov\u00fd - TATTJA\",\"isPartOf\":{\"@id\":\"https:\/\/www.tattja.com\/#website\"},\"primaryImageOfPage\":{\"@id\":\"https:\/\/www.tattja.com\/product\/damske-oblecenie-trojset-gunvar-bledofialovy-orgovanovy\/#primaryimage\"},\"image\":{\"@id\":\"https:\/\/www.tattja.com\/product\/damske-oblecenie-trojset-gunvar-bledofialovy-orgovanovy\/#primaryimage\"},\"thumbnailUrl\":\"https:\/\/www.tattja.com\/wp-content\/uploads\/2025\/12\/bledofialovy-orgovanovy-trojset-driekovnik-rukavniky-ciapka-spredu-13.webp\",\"datePublished\":\"2025-08-21T08:43:21+00:00\",\"dateModified\":\"2026-04-05T17:44:42+00:00\",\"description\":\"D\u00e1mske oble\u010denie trojset GUNVAR bledofialov\u00fd orgov\u00e1nov\u00fd \u2013 elegantn\u00fd pleten\u00fd set TATTJA v odtieni jemnej noblesy, ktor\u00fd sp\u00e1ja \u017eenskos\u0165, \u0161t\u00fdl a komfort.\",\"breadcrumb\":{\"@id\":\"https:\/\/www.tattja.com\/product\/damske-oblecenie-trojset-gunvar-bledofialovy-orgovanovy\/#breadcrumb\"},\"inLanguage\":\"da-DK\",\"potentialAction\":[{\"@type\":\"ReadAction\",\"target\":[\"https:\/\/www.tattja.com\/product\/damske-oblecenie-trojset-gunvar-bledofialovy-orgovanovy\/\"]}]},{\"@type\":\"ImageObject\",\"inLanguage\":\"da-DK\",\"@id\":\"https:\/\/www.tattja.com\/product\/damske-oblecenie-trojset-gunvar-bledofialovy-orgovanovy\/#primaryimage\",\"url\":\"https:\/\/www.tattja.com\/wp-content\/uploads\/2025\/12\/bledofialovy-orgovanovy-trojset-driekovnik-rukavniky-ciapka-spredu-13.webp\",\"contentUrl\":\"https:\/\/www.tattja.com\/wp-content\/uploads\/2025\/12\/bledofialovy-orgovanovy-trojset-driekovnik-rukavniky-ciapka-spredu-13.webp\",\"width\":1365,\"height\":2048,\"caption\":\"Bledofialovo-orgov\u00e1nov\u00fd pleten\u00fd trojset \u2013 driekovn\u00edk, ruk\u00e1vniky a \u010diapka, predn\u00fd poh\u013ead\"},{\"@type\":\"BreadcrumbList\",\"@id\":\"https:\/\/www.tattja.com\/product\/damske-oblecenie-trojset-gunvar-bledofialovy-orgovanovy\/#breadcrumb\",\"itemListElement\":[{\"@type\":\"ListItem\",\"position\":1,\"name\":\"Domov\",\"item\":\"https:\/\/www.tattja.com\/\"},{\"@type\":\"ListItem\",\"position\":2,\"name\":\"Produkty\",\"item\":\"https:\/\/www.tattja.com\/damske-oblecenie-produkty\/\"},{\"@type\":\"ListItem\",\"position\":3,\"name\":\"D\u00e1mske oble\u010denie 3-set GUNVAR bledofialov\u00fd orgov\u00e1nov\u00fd\"}]},{\"@type\":\"WebSite\",\"@id\":\"https:\/\/www.tattja.com\/#website\",\"url\":\"https:\/\/www.tattja.com\/\",\"name\":\"TATTJA\",\"description\":\"D\u00e1mske oble\u010denie z extra jemnej merino vlny \u2014 ru\u010dne pleten\u00e9 na Slovensku\",\"potentialAction\":[{\"@type\":\"SearchAction\",\"target\":{\"@type\":\"EntryPoint\",\"urlTemplate\":\"https:\/\/www.tattja.com\/?s={search_term_string}\"},\"query-input\":{\"@type\":\"PropertyValueSpecification\",\"valueRequired\":true,\"valueName\":\"search_term_string\"}}],\"inLanguage\":\"da-DK\"}]}<\/script>\n<!-- \/ Yoast SEO plugin. -->","yoast_head_json":{"title":"D\u00e1mske oble\u010denie 3-set GUNVAR bledofialov\u00fd orgov\u00e1nov\u00fd - TATTJA","description":"D\u00e1mske oble\u010denie trojset GUNVAR bledofialov\u00fd orgov\u00e1nov\u00fd \u2013 elegantn\u00fd pleten\u00fd set TATTJA v odtieni jemnej noblesy, ktor\u00fd sp\u00e1ja \u017eenskos\u0165, \u0161t\u00fdl a komfort.","robots":{"index":"index","follow":"follow","max-snippet":"max-snippet:-1","max-image-preview":"max-image-preview:large","max-video-preview":"max-video-preview:-1"},"canonical":"https:\/\/www.tattja.com\/da\/product\/damske-oblecenie-trojset-gunvar-bledofialovy-orgovanovy\/","og_locale":"da_DK","og_type":"article","og_title":"D\u00e1mske oble\u010denie 3-set GUNVAR bledofialov\u00fd orgov\u00e1nov\u00fd - TATTJA","og_description":"D\u00e1mske oble\u010denie trojset GUNVAR bledofialov\u00fd orgov\u00e1nov\u00fd \u2013 elegantn\u00fd pleten\u00fd set TATTJA v odtieni jemnej noblesy, ktor\u00fd sp\u00e1ja \u017eenskos\u0165, \u0161t\u00fdl a komfort.","og_url":"https:\/\/www.tattja.com\/da\/product\/damske-oblecenie-trojset-gunvar-bledofialovy-orgovanovy\/","og_site_name":"TATTJA","article_modified_time":"2026-04-05T17:44:42+00:00","og_image":[{"width":1365,"height":2048,"url":"https:\/\/www.tattja.com\/wp-content\/uploads\/2025\/12\/bledofialovy-orgovanovy-trojset-driekovnik-rukavniky-ciapka-spredu-13.webp","type":"image\/webp"}],"twitter_card":"summary_large_image","twitter_misc":{"Estimeret l\u00e6setid":"2 minutter"},"schema":{"@context":"https:\/\/schema.org","@graph":[{"@type":"WebPage","@id":"https:\/\/www.tattja.com\/product\/damske-oblecenie-trojset-gunvar-bledofialovy-orgovanovy\/","url":"https:\/\/www.tattja.com\/product\/damske-oblecenie-trojset-gunvar-bledofialovy-orgovanovy\/","name":"D\u00e1mske oble\u010denie 3-set GUNVAR bledofialov\u00fd orgov\u00e1nov\u00fd - TATTJA","isPartOf":{"@id":"https:\/\/www.tattja.com\/#website"},"primaryImageOfPage":{"@id":"https:\/\/www.tattja.com\/product\/damske-oblecenie-trojset-gunvar-bledofialovy-orgovanovy\/#primaryimage"},"image":{"@id":"https:\/\/www.tattja.com\/product\/damske-oblecenie-trojset-gunvar-bledofialovy-orgovanovy\/#primaryimage"},"thumbnailUrl":"https:\/\/www.tattja.com\/wp-content\/uploads\/2025\/12\/bledofialovy-orgovanovy-trojset-driekovnik-rukavniky-ciapka-spredu-13.webp","datePublished":"2025-08-21T08:43:21+00:00","dateModified":"2026-04-05T17:44:42+00:00","description":"D\u00e1mske oble\u010denie trojset GUNVAR bledofialov\u00fd orgov\u00e1nov\u00fd \u2013 elegantn\u00fd pleten\u00fd set TATTJA v odtieni jemnej noblesy, ktor\u00fd sp\u00e1ja \u017eenskos\u0165, \u0161t\u00fdl a komfort.","breadcrumb":{"@id":"https:\/\/www.tattja.com\/product\/damske-oblecenie-trojset-gunvar-bledofialovy-orgovanovy\/#breadcrumb"},"inLanguage":"da-DK","potentialAction":[{"@type":"ReadAction","target":["https:\/\/www.tattja.com\/product\/damske-oblecenie-trojset-gunvar-bledofialovy-orgovanovy\/"]}]},{"@type":"ImageObject","inLanguage":"da-DK","@id":"https:\/\/www.tattja.com\/product\/damske-oblecenie-trojset-gunvar-bledofialovy-orgovanovy\/#primaryimage","url":"https:\/\/www.tattja.com\/wp-content\/uploads\/2025\/12\/bledofialovy-orgovanovy-trojset-driekovnik-rukavniky-ciapka-spredu-13.webp","contentUrl":"https:\/\/www.tattja.com\/wp-content\/uploads\/2025\/12\/bledofialovy-orgovanovy-trojset-driekovnik-rukavniky-ciapka-spredu-13.webp","width":1365,"height":2048,"caption":"Bledofialovo-orgov\u00e1nov\u00fd pleten\u00fd trojset \u2013 driekovn\u00edk, ruk\u00e1vniky a \u010diapka, predn\u00fd poh\u013ead"},{"@type":"BreadcrumbList","@id":"https:\/\/www.tattja.com\/product\/damske-oblecenie-trojset-gunvar-bledofialovy-orgovanovy\/#breadcrumb","itemListElement":[{"@type":"ListItem","position":1,"name":"Domov","item":"https:\/\/www.tattja.com\/"},{"@type":"ListItem","position":2,"name":"Produkty","item":"https:\/\/www.tattja.com\/damske-oblecenie-produkty\/"},{"@type":"ListItem","position":3,"name":"D\u00e1mske oble\u010denie 3-set GUNVAR bledofialov\u00fd orgov\u00e1nov\u00fd"}]},{"@type":"WebSite","@id":"https:\/\/www.tattja.com\/#website","url":"https:\/\/www.tattja.com\/","name":"TATTJA","description":"D\u00e1mske oble\u010denie z extra jemnej merino vlny \u2014 ru\u010dne pleten\u00e9 na Slovensku","potentialAction":[{"@type":"SearchAction","target":{"@type":"EntryPoint","urlTemplate":"https:\/\/www.tattja.com\/?s={search_term_string}"},"query-input":{"@type":"PropertyValueSpecification","valueRequired":true,"valueName":"search_term_string"}}],"inLanguage":"da-DK"}]}},"_links":{"self":[{"href":"https:\/\/www.tattja.com\/da\/wp-json\/wp\/v2\/product\/2107","targetHints":{"allow":["GET"]}}],"collection":[{"href":"https:\/\/www.tattja.com\/da\/wp-json\/wp\/v2\/product"}],"about":[{"href":"https:\/\/www.tattja.com\/da\/wp-json\/wp\/v2\/types\/product"}],"replies":[{"embeddable":true,"href":"https:\/\/www.tattja.com\/da\/wp-json\/wp\/v2\/comments?post=2107"}],"version-history":[{"count":6,"href":"https:\/\/www.tattja.com\/da\/wp-json\/wp\/v2\/product\/2107\/revisions"}],"predecessor-version":[{"id":7177,"href":"https:\/\/www.tattja.com\/da\/wp-json\/wp\/v2\/product\/2107\/revisions\/7177"}],"wp:featuredmedia":[{"embeddable":true,"href":"https:\/\/www.tattja.com\/da\/wp-json\/wp\/v2\/media\/7363"}],"wp:attachment":[{"href":"https:\/\/www.tattja.com\/da\/wp-json\/wp\/v2\/media?parent=2107"}],"wp:term":[{"taxonomy":"product_brand","embeddable":true,"href":"https:\/\/www.tattja.com\/da\/wp-json\/wp\/v2\/product_brand?post=2107"},{"taxonomy":"product_cat","embeddable":true,"href":"https:\/\/www.tattja.com\/da\/wp-json\/wp\/v2\/product_cat?post=2107"},{"taxonomy":"product_tag","embeddable":true,"href":"https:\/\/www.tattja.com\/da\/wp-json\/wp\/v2\/product_tag?post=2107"}],"curies":[{"name":"wp","href":"https:\/\/api.w.org\/{rel}","templated":true}]}}