{"id":2109,"date":"2025-08-21T10:44:23","date_gmt":"2025-08-21T08:44:23","guid":{"rendered":"https:\/\/www.tattja.com\/?post_type=product&#038;p=2109"},"modified":"2026-04-05T19:44:42","modified_gmt":"2026-04-05T17:44:42","slug":"damske-oblecenie-trojset-mimir-bledofialovy-orgovanovy","status":"publish","type":"product","link":"https:\/\/www.tattja.com\/da\/product\/damske-oblecenie-trojset-mimir-bledofialovy-orgovanovy\/","title":{"rendered":"D\u00e1mske oble\u010denie 3-set MIMIR bledofialov\u00fd orgov\u00e1nov\u00fd"},"content":{"rendered":"<p data-start=\"1111\" data-end=\"1443\"><strong data-start=\"1111\" data-end=\"1169\">Damet\u00f8j i tre s\u00e6t MIMIR bleglilla-lilla<\/strong> er indbegrebet af raffinement, sofistikering og funktionel sk\u00f8nhed. Dette elegante strikkede s\u00e6t fra m\u00e6rket <strong data-start=\"1259\" data-end=\"1269\">TATTJA<\/strong> Den best\u00e5r af et halssmykke, armb\u00e5nd og en kasket med visir - tre detaljerede dele, som tilsammen skaber en harmonisk helhed med et strejf af luksus og feminin glamour.<\/p>\n<p data-start=\"1445\" data-end=\"1750\">Den lilla nuance symboliserer ro, sensualitet og femininitet. Dens pastelfarvede bl\u00f8dhed er \u00e6terisk, men udstr\u00e5ler alligevel selvtillid og raffineret elegance. Denne tone kl\u00e6der alle hudtyper og er en alsidig f\u00f8lgesvend hele \u00e5ret - den opfrisker sommerkombinationer og giver varme til vinteroutfits.<\/p>\n<p data-start=\"1752\" data-end=\"2105\">Halsvarmeren smyger sig blidt om halsen og skuldrene og giver en f\u00f8lelse af bl\u00f8d varme og komfort. \u00c6rmerne fremh\u00e6ver armenes linje og tilf\u00f8jer en stilfuld detalje til outfittet, mens huen fuldender ensemblet med moderne, feminin energi. Hvert stykke t\u00f8j er designet til at se elegant og praktisk ud - det tilpasser sig bev\u00e6gelse, holder dig varm og efterlader en f\u00f8lelse af ubesv\u00e6ret luksus.<\/p>\n<p data-start=\"2107\" data-end=\"2345\">Det strikkede stof er str\u00e6kbart, \u00e5ndbart og bl\u00f8dt at r\u00f8re ved, hvilket giver enest\u00e5ende komfort hver dag. Den omhyggelige forarbejdning af materialet er et vidnesbyrd om det h\u00e5ndv\u00e6rk og den opm\u00e6rksomhed p\u00e5 detaljer, som m\u00e6rket har. <strong data-start=\"2322\" data-end=\"2332\">TATTJA<\/strong>kendetegnet ved.<\/p>\n<p data-start=\"2347\" data-end=\"2589\"><strong data-start=\"2347\" data-end=\"2405\">Damet\u00f8j i tre s\u00e6t MIMIR bleglilla-lilla<\/strong> er det ideelle tilbeh\u00f8r til kvinder, der s\u00f8ger en kombination af luksus, komfort og originalitet. Denne model l\u00f8fter selv et enkelt outfit til et elegant ensemble, der udstr\u00e5ler ro og feminin power.<\/p>\n<p data-start=\"2347\" data-end=\"2589\">Oplev sk\u00f8nheden i delikatesse, sofistikerede detaljer og feminin stil, der vil holde dig varm og... <a href=\"https:\/\/www.tattja.com\/da\/product-category\/damske-oblecenie\/trojsety-3\/nakrcnik-a-rukavniky-a-ciapka\/\">i andre farver<\/a>.<\/p>\n<p data-start=\"2591\" data-end=\"2761\"><strong data-start=\"2591\" data-end=\"2648\">Se her, <a href=\"https:\/\/shop.bogensberger.co.at\/produkt-schlagwort\/merino-extrafein\/\">fra hvilke materialer<\/a> vi producerer vores v\u00e6rker<\/strong> og oplev sk\u00f8nheden i detaljerne, der kombinerer elegance, funktionalitet og den enest\u00e5ende finesse i hver model. <strong data-start=\"2748\" data-end=\"2758\">TATTJA<\/strong>.<\/p>","protected":false},"excerpt":{"rendered":"<p><strong data-start=\"723\" data-end=\"781\">Damet\u00f8j i tre s\u00e6t MIMIR bleglilla-lilla<\/strong> kombinerer raffinement, elegance og praktisk anvendelighed. Slips, \u00e6rmer og en kasket med skjold skaber en harmonisk helhed, der varmer og forst\u00e6rker den feminine styrke. Den lilla tone ser delikat, frisk og sofistikeret ud. Dette s\u00e6t er ideelt til kvinder, der s\u00e6tter pris p\u00e5 m\u00e6rkets komfort og originale stil. <strong data-start=\"1058\" data-end=\"1068\">TATTJA<\/strong>.<\/p>","protected":false},"featured_media":7352,"comment_status":"open","ping_status":"closed","template":"","meta":[],"product_brand":[],"product_cat":[284,300,287,145,147],"product_tag":[],"class_list":{"0":"post-2109","1":"product","2":"type-product","3":"status-publish","4":"has-post-thumbnail","6":"product_cat-trojsety-3","7":"product_cat-damske-oblecenie","8":"product_cat-nakrcnik-a-rukavniky-a-ciapka","9":"product_cat-pleteninove-doplnky-bledofialove-orgovanove","10":"product_cat-trojsety-bledofialove-orgovanove","12":"first","13":"instock","14":"taxable","15":"shipping-taxable","16":"purchasable","17":"product-type-simple"},"yoast_head":"<!-- This site is optimized with the Yoast SEO plugin v26.0 - https:\/\/yoast.com\/wordpress\/plugins\/seo\/ -->\n<title>D\u00e1mske oble\u010denie 3-set MIMIR bledofialov\u00fd orgov\u00e1nov\u00fd - TATTJA<\/title>\n<meta name=\"description\" content=\"D\u00e1mske oble\u010denie trojset MIMIR bledofialov\u00fd orgov\u00e1nov\u00fd \u2013 elegantn\u00fd pleten\u00fd set TATTJA sp\u00e1ja jemnos\u0165, luxus a pohodlie v t\u00f3ne ne\u017enej \u017eenskosti.\" \/>\n<meta name=\"robots\" content=\"index, follow, max-snippet:-1, max-image-preview:large, max-video-preview:-1\" \/>\n<link rel=\"canonical\" href=\"https:\/\/www.tattja.com\/da\/product\/damske-oblecenie-trojset-mimir-bledofialovy-orgovanovy\/\" \/>\n<meta property=\"og:locale\" content=\"da_DK\" \/>\n<meta property=\"og:type\" content=\"article\" \/>\n<meta property=\"og:title\" content=\"D\u00e1mske oble\u010denie 3-set MIMIR bledofialov\u00fd orgov\u00e1nov\u00fd - TATTJA\" \/>\n<meta property=\"og:description\" content=\"D\u00e1mske oble\u010denie trojset MIMIR bledofialov\u00fd orgov\u00e1nov\u00fd \u2013 elegantn\u00fd pleten\u00fd set TATTJA sp\u00e1ja jemnos\u0165, luxus a pohodlie v t\u00f3ne ne\u017enej \u017eenskosti.\" \/>\n<meta property=\"og:url\" content=\"https:\/\/www.tattja.com\/da\/product\/damske-oblecenie-trojset-mimir-bledofialovy-orgovanovy\/\" \/>\n<meta property=\"og:site_name\" content=\"TATTJA\" \/>\n<meta property=\"article:modified_time\" content=\"2026-04-05T17:44:42+00:00\" \/>\n<meta property=\"og:image\" content=\"https:\/\/www.tattja.com\/wp-content\/uploads\/2025\/12\/bledofialovy-orgovanovy-trojset-nakrcnik-rukavniky-ciapka-spredu-22.webp\" \/>\n\t<meta property=\"og:image:width\" content=\"1365\" \/>\n\t<meta property=\"og:image:height\" content=\"2048\" \/>\n\t<meta property=\"og:image:type\" content=\"image\/webp\" \/>\n<meta name=\"twitter:card\" content=\"summary_large_image\" \/>\n<meta name=\"twitter:label1\" content=\"Estimeret l\u00e6setid\" \/>\n\t<meta name=\"twitter:data1\" content=\"2 minutter\" \/>\n<script type=\"application\/ld+json\" class=\"yoast-schema-graph\">{\"@context\":\"https:\/\/schema.org\",\"@graph\":[{\"@type\":\"WebPage\",\"@id\":\"https:\/\/www.tattja.com\/product\/damske-oblecenie-trojset-mimir-bledofialovy-orgovanovy\/\",\"url\":\"https:\/\/www.tattja.com\/product\/damske-oblecenie-trojset-mimir-bledofialovy-orgovanovy\/\",\"name\":\"D\u00e1mske oble\u010denie 3-set MIMIR bledofialov\u00fd orgov\u00e1nov\u00fd - TATTJA\",\"isPartOf\":{\"@id\":\"https:\/\/www.tattja.com\/#website\"},\"primaryImageOfPage\":{\"@id\":\"https:\/\/www.tattja.com\/product\/damske-oblecenie-trojset-mimir-bledofialovy-orgovanovy\/#primaryimage\"},\"image\":{\"@id\":\"https:\/\/www.tattja.com\/product\/damske-oblecenie-trojset-mimir-bledofialovy-orgovanovy\/#primaryimage\"},\"thumbnailUrl\":\"https:\/\/www.tattja.com\/wp-content\/uploads\/2025\/12\/bledofialovy-orgovanovy-trojset-nakrcnik-rukavniky-ciapka-spredu-22.webp\",\"datePublished\":\"2025-08-21T08:44:23+00:00\",\"dateModified\":\"2026-04-05T17:44:42+00:00\",\"description\":\"D\u00e1mske oble\u010denie trojset MIMIR bledofialov\u00fd orgov\u00e1nov\u00fd \u2013 elegantn\u00fd pleten\u00fd set TATTJA sp\u00e1ja jemnos\u0165, luxus a pohodlie v t\u00f3ne ne\u017enej \u017eenskosti.\",\"breadcrumb\":{\"@id\":\"https:\/\/www.tattja.com\/product\/damske-oblecenie-trojset-mimir-bledofialovy-orgovanovy\/#breadcrumb\"},\"inLanguage\":\"da-DK\",\"potentialAction\":[{\"@type\":\"ReadAction\",\"target\":[\"https:\/\/www.tattja.com\/product\/damske-oblecenie-trojset-mimir-bledofialovy-orgovanovy\/\"]}]},{\"@type\":\"ImageObject\",\"inLanguage\":\"da-DK\",\"@id\":\"https:\/\/www.tattja.com\/product\/damske-oblecenie-trojset-mimir-bledofialovy-orgovanovy\/#primaryimage\",\"url\":\"https:\/\/www.tattja.com\/wp-content\/uploads\/2025\/12\/bledofialovy-orgovanovy-trojset-nakrcnik-rukavniky-ciapka-spredu-22.webp\",\"contentUrl\":\"https:\/\/www.tattja.com\/wp-content\/uploads\/2025\/12\/bledofialovy-orgovanovy-trojset-nakrcnik-rukavniky-ciapka-spredu-22.webp\",\"width\":1365,\"height\":2048,\"caption\":\"Bledofialovo-orgov\u00e1nov\u00fd pleten\u00fd trojset \u2013 n\u00e1kr\u010dn\u00edk, ruk\u00e1vniky a \u010diapka, predn\u00fd poh\u013ead\"},{\"@type\":\"BreadcrumbList\",\"@id\":\"https:\/\/www.tattja.com\/product\/damske-oblecenie-trojset-mimir-bledofialovy-orgovanovy\/#breadcrumb\",\"itemListElement\":[{\"@type\":\"ListItem\",\"position\":1,\"name\":\"Domov\",\"item\":\"https:\/\/www.tattja.com\/\"},{\"@type\":\"ListItem\",\"position\":2,\"name\":\"Produkty\",\"item\":\"https:\/\/www.tattja.com\/damske-oblecenie-produkty\/\"},{\"@type\":\"ListItem\",\"position\":3,\"name\":\"D\u00e1mske oble\u010denie 3-set MIMIR bledofialov\u00fd orgov\u00e1nov\u00fd\"}]},{\"@type\":\"WebSite\",\"@id\":\"https:\/\/www.tattja.com\/#website\",\"url\":\"https:\/\/www.tattja.com\/\",\"name\":\"TATTJA\",\"description\":\"D\u00e1mske oble\u010denie z extra jemnej merino vlny \u2014 ru\u010dne pleten\u00e9 na Slovensku\",\"potentialAction\":[{\"@type\":\"SearchAction\",\"target\":{\"@type\":\"EntryPoint\",\"urlTemplate\":\"https:\/\/www.tattja.com\/?s={search_term_string}\"},\"query-input\":{\"@type\":\"PropertyValueSpecification\",\"valueRequired\":true,\"valueName\":\"search_term_string\"}}],\"inLanguage\":\"da-DK\"}]}<\/script>\n<!-- \/ Yoast SEO plugin. -->","yoast_head_json":{"title":"D\u00e1mske oble\u010denie 3-set MIMIR bledofialov\u00fd orgov\u00e1nov\u00fd - TATTJA","description":"D\u00e1mske oble\u010denie trojset MIMIR bledofialov\u00fd orgov\u00e1nov\u00fd \u2013 elegantn\u00fd pleten\u00fd set TATTJA sp\u00e1ja jemnos\u0165, luxus a pohodlie v t\u00f3ne ne\u017enej \u017eenskosti.","robots":{"index":"index","follow":"follow","max-snippet":"max-snippet:-1","max-image-preview":"max-image-preview:large","max-video-preview":"max-video-preview:-1"},"canonical":"https:\/\/www.tattja.com\/da\/product\/damske-oblecenie-trojset-mimir-bledofialovy-orgovanovy\/","og_locale":"da_DK","og_type":"article","og_title":"D\u00e1mske oble\u010denie 3-set MIMIR bledofialov\u00fd orgov\u00e1nov\u00fd - TATTJA","og_description":"D\u00e1mske oble\u010denie trojset MIMIR bledofialov\u00fd orgov\u00e1nov\u00fd \u2013 elegantn\u00fd pleten\u00fd set TATTJA sp\u00e1ja jemnos\u0165, luxus a pohodlie v t\u00f3ne ne\u017enej \u017eenskosti.","og_url":"https:\/\/www.tattja.com\/da\/product\/damske-oblecenie-trojset-mimir-bledofialovy-orgovanovy\/","og_site_name":"TATTJA","article_modified_time":"2026-04-05T17:44:42+00:00","og_image":[{"width":1365,"height":2048,"url":"https:\/\/www.tattja.com\/wp-content\/uploads\/2025\/12\/bledofialovy-orgovanovy-trojset-nakrcnik-rukavniky-ciapka-spredu-22.webp","type":"image\/webp"}],"twitter_card":"summary_large_image","twitter_misc":{"Estimeret l\u00e6setid":"2 minutter"},"schema":{"@context":"https:\/\/schema.org","@graph":[{"@type":"WebPage","@id":"https:\/\/www.tattja.com\/product\/damske-oblecenie-trojset-mimir-bledofialovy-orgovanovy\/","url":"https:\/\/www.tattja.com\/product\/damske-oblecenie-trojset-mimir-bledofialovy-orgovanovy\/","name":"D\u00e1mske oble\u010denie 3-set MIMIR bledofialov\u00fd orgov\u00e1nov\u00fd - TATTJA","isPartOf":{"@id":"https:\/\/www.tattja.com\/#website"},"primaryImageOfPage":{"@id":"https:\/\/www.tattja.com\/product\/damske-oblecenie-trojset-mimir-bledofialovy-orgovanovy\/#primaryimage"},"image":{"@id":"https:\/\/www.tattja.com\/product\/damske-oblecenie-trojset-mimir-bledofialovy-orgovanovy\/#primaryimage"},"thumbnailUrl":"https:\/\/www.tattja.com\/wp-content\/uploads\/2025\/12\/bledofialovy-orgovanovy-trojset-nakrcnik-rukavniky-ciapka-spredu-22.webp","datePublished":"2025-08-21T08:44:23+00:00","dateModified":"2026-04-05T17:44:42+00:00","description":"D\u00e1mske oble\u010denie trojset MIMIR bledofialov\u00fd orgov\u00e1nov\u00fd \u2013 elegantn\u00fd pleten\u00fd set TATTJA sp\u00e1ja jemnos\u0165, luxus a pohodlie v t\u00f3ne ne\u017enej \u017eenskosti.","breadcrumb":{"@id":"https:\/\/www.tattja.com\/product\/damske-oblecenie-trojset-mimir-bledofialovy-orgovanovy\/#breadcrumb"},"inLanguage":"da-DK","potentialAction":[{"@type":"ReadAction","target":["https:\/\/www.tattja.com\/product\/damske-oblecenie-trojset-mimir-bledofialovy-orgovanovy\/"]}]},{"@type":"ImageObject","inLanguage":"da-DK","@id":"https:\/\/www.tattja.com\/product\/damske-oblecenie-trojset-mimir-bledofialovy-orgovanovy\/#primaryimage","url":"https:\/\/www.tattja.com\/wp-content\/uploads\/2025\/12\/bledofialovy-orgovanovy-trojset-nakrcnik-rukavniky-ciapka-spredu-22.webp","contentUrl":"https:\/\/www.tattja.com\/wp-content\/uploads\/2025\/12\/bledofialovy-orgovanovy-trojset-nakrcnik-rukavniky-ciapka-spredu-22.webp","width":1365,"height":2048,"caption":"Bledofialovo-orgov\u00e1nov\u00fd pleten\u00fd trojset \u2013 n\u00e1kr\u010dn\u00edk, ruk\u00e1vniky a \u010diapka, predn\u00fd poh\u013ead"},{"@type":"BreadcrumbList","@id":"https:\/\/www.tattja.com\/product\/damske-oblecenie-trojset-mimir-bledofialovy-orgovanovy\/#breadcrumb","itemListElement":[{"@type":"ListItem","position":1,"name":"Domov","item":"https:\/\/www.tattja.com\/"},{"@type":"ListItem","position":2,"name":"Produkty","item":"https:\/\/www.tattja.com\/damske-oblecenie-produkty\/"},{"@type":"ListItem","position":3,"name":"D\u00e1mske oble\u010denie 3-set MIMIR bledofialov\u00fd orgov\u00e1nov\u00fd"}]},{"@type":"WebSite","@id":"https:\/\/www.tattja.com\/#website","url":"https:\/\/www.tattja.com\/","name":"TATTJA","description":"D\u00e1mske oble\u010denie z extra jemnej merino vlny \u2014 ru\u010dne pleten\u00e9 na Slovensku","potentialAction":[{"@type":"SearchAction","target":{"@type":"EntryPoint","urlTemplate":"https:\/\/www.tattja.com\/?s={search_term_string}"},"query-input":{"@type":"PropertyValueSpecification","valueRequired":true,"valueName":"search_term_string"}}],"inLanguage":"da-DK"}]}},"_links":{"self":[{"href":"https:\/\/www.tattja.com\/da\/wp-json\/wp\/v2\/product\/2109","targetHints":{"allow":["GET"]}}],"collection":[{"href":"https:\/\/www.tattja.com\/da\/wp-json\/wp\/v2\/product"}],"about":[{"href":"https:\/\/www.tattja.com\/da\/wp-json\/wp\/v2\/types\/product"}],"replies":[{"embeddable":true,"href":"https:\/\/www.tattja.com\/da\/wp-json\/wp\/v2\/comments?post=2109"}],"version-history":[{"count":6,"href":"https:\/\/www.tattja.com\/da\/wp-json\/wp\/v2\/product\/2109\/revisions"}],"predecessor-version":[{"id":7176,"href":"https:\/\/www.tattja.com\/da\/wp-json\/wp\/v2\/product\/2109\/revisions\/7176"}],"wp:featuredmedia":[{"embeddable":true,"href":"https:\/\/www.tattja.com\/da\/wp-json\/wp\/v2\/media\/7352"}],"wp:attachment":[{"href":"https:\/\/www.tattja.com\/da\/wp-json\/wp\/v2\/media?parent=2109"}],"wp:term":[{"taxonomy":"product_brand","embeddable":true,"href":"https:\/\/www.tattja.com\/da\/wp-json\/wp\/v2\/product_brand?post=2109"},{"taxonomy":"product_cat","embeddable":true,"href":"https:\/\/www.tattja.com\/da\/wp-json\/wp\/v2\/product_cat?post=2109"},{"taxonomy":"product_tag","embeddable":true,"href":"https:\/\/www.tattja.com\/da\/wp-json\/wp\/v2\/product_tag?post=2109"}],"curies":[{"name":"wp","href":"https:\/\/api.w.org\/{rel}","templated":true}]}}